{"id":12916,"date":"2021-05-28T14:46:07","date_gmt":"2021-05-28T12:46:07","guid":{"rendered":"https:\/\/unterbaech.ch\/brandalp-circular-hike\/"},"modified":"2026-03-23T11:55:38","modified_gmt":"2026-03-23T10:55:38","slug":"brandalp-circular-hike","status":"publish","type":"page","link":"https:\/\/unterbaech.ch\/en\/discover-experience\/summer\/hiking\/hiking-trails-augstbord-region\/brandalp-circular-hike\/","title":{"rendered":"Brandalp-Strygge-Suspension bridge Circular Hike"},"content":{"rendered":"\n<style type=\"text\/css\" data-created_by=\"avia_inline_auto\" id=\"style-css-av-kbax8y3e-8c0b730d639ddcca70094dd0079a0003\">\n.avia-section.av-kbax8y3e-8c0b730d639ddcca70094dd0079a0003 .av-parallax .av-parallax-inner{\nbackground-repeat:no-repeat;\nbackground-image:url(https:\/\/unterbaech.ch\/wp-content\/uploads\/DSC00326_marcoschnyder.jpg);\nbackground-position:50% 50%;\nbackground-attachment:scroll;\n}\n<\/style>\n<div id='av_section_1'  class='avia-section av-kbax8y3e-8c0b730d639ddcca70094dd0079a0003 main_color avia-section-default avia-no-border-styling  avia-builder-el-0  el_before_av_section  avia-builder-el-first  section-fullwidthimage avia-full-stretch av-parallax-section avia-bg-style-parallax av-minimum-height av-minimum-height-50 av-height-50  container_wrap fullsize'  data-section-bg-repeat='stretch' data-av_minimum_height_pc='50' data-av_min_height_opt='50'><div class='av-parallax' data-avia-parallax-ratio='0.3' ><div class='av-parallax-inner main_color avia-full-stretch'><\/div><\/div><div class='container av-section-cont-open' ><main  role=\"main\" itemprop=\"mainContentOfPage\"  class='template-page content  av-content-full alpha units'><div class='post-entry post-entry-type-page post-entry-12916'><div class='entry-content-wrapper clearfix'>\n<\/div><\/div><\/main><!-- close content main element --><\/div><\/div><div id='av_section_2'  class='avia-section av-1n2h9-eef07d2470a934665895b572bc96122f main_color avia-section-default avia-no-border-styling  avia-builder-el-1  el_after_av_section  el_before_av_codeblock  section-leadtext onecol avia-bg-style-scroll container_wrap fullsize'  ><div class='container av-section-cont-open' ><div class='template-page content  av-content-full alpha units'><div class='post-entry post-entry-type-page post-entry-12916'><div class='entry-content-wrapper clearfix'>\n<section  class='av_textblock_section av-kbawhdx8-d06beca92eb518f06cbc493fe9f758bf '   itemscope=\"itemscope\" itemtype=\"https:\/\/schema.org\/CreativeWork\" ><div class='avia_textblock'  itemprop=\"text\" ><p style=\"text-align: center;\"><strong>HIKING TOUR NO. 2<br \/>\n<\/strong><\/p>\n<h3 style=\"text-align: center;\">BRANDALP-STRYGGE-SUSPENSION BRIDGE CIRCULAR HIKE<\/h3>\n<\/div><\/section>\n\n<style type=\"text\/css\" data-created_by=\"avia_inline_auto\" id=\"style-css-av-kbax4bbr-27f78f1f5574462b1f9eaf8ccb6701aa\">\n#top .hr.hr-invisible.av-kbax4bbr-27f78f1f5574462b1f9eaf8ccb6701aa{\nheight:25px;\n}\n<\/style>\n<div  class='hr av-kbax4bbr-27f78f1f5574462b1f9eaf8ccb6701aa hr-invisible  avia-builder-el-3  el_after_av_textblock  el_before_av_textblock '><span class='hr-inner '><span class=\"hr-inner-style\"><\/span><\/span><\/div>\n<section  class='av_textblock_section av-kb9j7yy8-a841f9424f5c95cb58456311f1f11ce0 '   itemscope=\"itemscope\" itemtype=\"https:\/\/schema.org\/CreativeWork\" ><div class='avia_textblock lead'  itemprop=\"text\" ><p>The circular hike leads via the Hohegga viewpoint, on to Brandalp and Eischoll and back over the Milibach suspension bridge. The trail can be followed in both directions. Shortly after the village of Unterb\u00e4ch is the Hohegga viewpoint, which is well worth a detour. After the relatively steep ascent over the Egga, we recommend taking a short breather at the Alpenr\u00f6sli restaurant on Brandalp. The hiking trail then leads along a short section of the Frauen-Zitaten-Weg. At the Pfammatt bridge, the hiking trail continues to Eischoll Strygge. The newly built Egga restaurant is also worth a visit here. The circular trail continues to Eischoll Dorf. At the eastern entrance to the village is the entrance to the Milibach suspension bridge, which leads back towards Unterb\u00e4ch. Alternatively, the Unterb\u00e4ch-Brandalp or Strygge-Eischoll chairlifts can be used for the ascent and descent.<\/p>\n<\/div><\/section>\n\n<style type=\"text\/css\" data-created_by=\"avia_inline_auto\" id=\"style-css-av-kbax4bbr-1-5a8ac6f69941ae208175a263e4cae52b\">\n#top .hr.hr-invisible.av-kbax4bbr-1-5a8ac6f69941ae208175a263e4cae52b{\nheight:25px;\n}\n<\/style>\n<div  class='hr av-kbax4bbr-1-5a8ac6f69941ae208175a263e4cae52b hr-invisible  avia-builder-el-5  el_after_av_textblock  el_before_av_textblock '><span class='hr-inner '><span class=\"hr-inner-style\"><\/span><\/span><\/div>\n<section  class='av_textblock_section av-kbawhdx8-2-c7ecc8fa30fc15ea08c8fa54700f9030 '   itemscope=\"itemscope\" itemtype=\"https:\/\/schema.org\/CreativeWork\" ><div class='avia_textblock lead'  itemprop=\"text\" ><h5>TOUR DETAILS:<\/h5>\n<ul>\n<li style=\"text-align: left;\"><span data-contrast=\"auto\"><strong>Hike time:<\/strong> 3h 55\u00a0<\/span><span data-contrast=\"auto\"> (\u2191761m \u2193761<\/span><span data-contrast=\"auto\">m<\/span><span data-ccp-props=\"{\">)<\/span><\/li>\n<li style=\"text-align: left;\"><span data-contrast=\"auto\"><strong>Route:<\/strong> Unterb\u00e4ch \u2013 Egga\u00a0\u2013 Brandalp\u00a0\u2013 Holz\u00a0\u2013 Pfammatte \u2013 Breitmatten \u2013 Strygge \u2013 Eischoll \u2013 Suspension bridge Milibach \u2013 Unterb\u00e4ch<\/span><\/li>\n<\/ul>\n<\/div><\/section>\n<\/div><\/div><\/div><!-- close content main div --><\/div><\/div><div id='after_section_2'  class='main_color av_default_container_wrap container_wrap fullsize'  ><div class='container av-section-cont-open' ><div class='template-page content  av-content-full alpha units'><div class='post-entry post-entry-type-page post-entry-12916'><div class='entry-content-wrapper clearfix'>\n\n<div  class='hr av-2wb06i-16d7ec4028013018931f1eb5b85ddddc hr-default  avia-builder-el-8  el_after_av_codeblock  el_before_av_one_full '><span class='hr-inner '><span class=\"hr-inner-style\"><\/span><\/span><\/div>\n\n<style type=\"text\/css\" data-created_by=\"avia_inline_auto\" id=\"style-css-av-kbujysp3-bb5986012cdba25cfd25bc18cd1575b4\">\n.flex_column.av-kbujysp3-bb5986012cdba25cfd25bc18cd1575b4{\nborder-radius:0px 0px 0px 0px;\npadding:0px 0px 0px 0px;\n}\n<\/style>\n<div  class='flex_column av-kbujysp3-bb5986012cdba25cfd25bc18cd1575b4 av_one_full  avia-builder-el-9  el_after_av_hr  avia-builder-el-last  gallery-masonry first flex_column_div av-zero-column-padding  '     ><div id='av-masonry-1' class='av-masonry av-kbrrgn31-80f1ea310cfe8c7edb5db698fe76a7fc noHover av-fixed-size av-large-gap av-hover-overlay-active av-masonry-animation-active av-masonry-col-3 av-caption-always av-caption-style- av-masonry-gallery ' data-post_id=\"12916\"><div class=\"av-masonry-container isotope av-js-disabled\"><div class='av-masonry-entry isotope-item av-masonry-item-no-image '><\/div><a href=\"https:\/\/unterbaech.ch\/wp-content\/uploads\/DSC00436_marcoschnyder-1619x1080.jpg\" data-srcset=\"https:\/\/unterbaech.ch\/wp-content\/uploads\/DSC00436_marcoschnyder-1619x1080.jpg 1619w, https:\/\/unterbaech.ch\/wp-content\/uploads\/DSC00436_marcoschnyder-1024x683.jpg 1024w, https:\/\/unterbaech.ch\/wp-content\/uploads\/DSC00436_marcoschnyder-768x512.jpg 768w, https:\/\/unterbaech.ch\/wp-content\/uploads\/DSC00436_marcoschnyder-1536x1025.jpg 1536w, https:\/\/unterbaech.ch\/wp-content\/uploads\/DSC00436_marcoschnyder-1500x1001.jpg 1500w, https:\/\/unterbaech.ch\/wp-content\/uploads\/DSC00436_marcoschnyder-705x470.jpg 705w, https:\/\/unterbaech.ch\/wp-content\/uploads\/DSC00436_marcoschnyder.jpg 1920w\" data-sizes=\"(max-width: 1500px) 100vw, 1500px\"  aria-label=\"image DSC00436_marcoschnyder\"  id='av-masonry-1-item-5987' data-av-masonry-item='5987' class='av-masonry-entry isotope-item post-5987 attachment type-attachment status-inherit hentry  av-masonry-item-with-image av-grid-img' title=\"DSC00436_marcoschnyder\" alt=\"Suonenwanderung Unterb\u00e4ch\"    itemprop=\"thumbnailUrl\" ><div class='av-inner-masonry-sizer'><\/div><figure class='av-inner-masonry main_color'><div class=\"av-masonry-outerimage-container\"><div class='av-masonry-image-container' style=\"background-image: url(https:\/\/unterbaech.ch\/wp-content\/uploads\/DSC00436_marcoschnyder-705x470.jpg);\"  title=\"DSC00436_marcoschnyder\" ><\/div><\/div><\/figure><\/a><!--end av-masonry entry--><a href=\"https:\/\/unterbaech.ch\/wp-content\/uploads\/DSC00611_marcoschnyder-1619x1080.jpg\" data-srcset=\"https:\/\/unterbaech.ch\/wp-content\/uploads\/DSC00611_marcoschnyder-1619x1080.jpg 1619w, https:\/\/unterbaech.ch\/wp-content\/uploads\/DSC00611_marcoschnyder-1024x683.jpg 1024w, https:\/\/unterbaech.ch\/wp-content\/uploads\/DSC00611_marcoschnyder-768x512.jpg 768w, https:\/\/unterbaech.ch\/wp-content\/uploads\/DSC00611_marcoschnyder-1536x1025.jpg 1536w, https:\/\/unterbaech.ch\/wp-content\/uploads\/DSC00611_marcoschnyder-1500x1001.jpg 1500w, https:\/\/unterbaech.ch\/wp-content\/uploads\/DSC00611_marcoschnyder-705x470.jpg 705w, https:\/\/unterbaech.ch\/wp-content\/uploads\/DSC00611_marcoschnyder.jpg 1920w\" data-sizes=\"(max-width: 1500px) 100vw, 1500px\"  aria-label=\"image DSC00611_marcoschnyder\"  id='av-masonry-1-item-6038' data-av-masonry-item='6038' class='av-masonry-entry isotope-item post-6038 attachment type-attachment status-inherit hentry  av-masonry-item-with-image av-grid-img' title=\"DSC00611_marcoschnyder\" alt=\"Aussichtspunkt Hohegga\"    itemprop=\"thumbnailUrl\" ><div class='av-inner-masonry-sizer'><\/div><figure class='av-inner-masonry main_color'><div class=\"av-masonry-outerimage-container\"><div class='av-masonry-image-container' style=\"background-image: url(https:\/\/unterbaech.ch\/wp-content\/uploads\/DSC00611_marcoschnyder-705x470.jpg);\"  title=\"DSC00611_marcoschnyder\" ><\/div><\/div><\/figure><\/a><!--end av-masonry entry--><a href=\"https:\/\/unterbaech.ch\/wp-content\/uploads\/DSC09591_\u00a9marcoschnyder.jpg\" data-srcset=\"https:\/\/unterbaech.ch\/wp-content\/uploads\/DSC09591_\u00a9marcoschnyder.jpg 1920w, https:\/\/unterbaech.ch\/wp-content\/uploads\/DSC09591_\u00a9marcoschnyder-1024x683.jpg 1024w, https:\/\/unterbaech.ch\/wp-content\/uploads\/DSC09591_\u00a9marcoschnyder-768x512.jpg 768w, https:\/\/unterbaech.ch\/wp-content\/uploads\/DSC09591_\u00a9marcoschnyder-705x470.jpg 705w\" data-sizes=\"(max-width: 1500px) 100vw, 1500px\"  aria-label=\"image DSC09591_\u00a9marcoschnyder\"  id='av-masonry-1-item-16700' data-av-masonry-item='16700' class='av-masonry-entry isotope-item post-16700 attachment type-attachment status-inherit hentry  av-masonry-item-with-image av-grid-img' title=\"DSC09591_\u00a9marcoschnyder\" alt=\"\"    itemprop=\"thumbnailUrl\" ><div class='av-inner-masonry-sizer'><\/div><figure class='av-inner-masonry main_color'><div class=\"av-masonry-outerimage-container\"><div class='av-masonry-image-container' style=\"background-image: url(https:\/\/unterbaech.ch\/wp-content\/uploads\/DSC09591_\u00a9marcoschnyder-705x470.jpg);\"  title=\"DSC09591_\u00a9marcoschnyder\" ><\/div><\/div><\/figure><\/a><!--end av-masonry entry--><\/div><\/div><\/div>\n","protected":false},"excerpt":{"rendered":"","protected":false},"author":8,"featured_media":0,"parent":14249,"menu_order":0,"comment_status":"closed","ping_status":"closed","template":"","meta":{"inline_featured_image":false,"footnotes":""},"class_list":["post-12916","page","type-page","status-publish","hentry"],"yoast_head":"<!-- This site is optimized with the Yoast SEO plugin v27.5 - https:\/\/yoast.com\/product\/yoast-seo-wordpress\/ -->\n<title>Brandalp-Strygge-Suspension bridge Circular Hike - Unterb\u00e4ch<\/title>\n<meta name=\"description\" content=\"The circular hike leads from Unterb\u00e4ch to Brandalp and back, via Egga and Holz. The path can be taken in both directions. Just after the village of Unterb\u00e4ch, you\u2019ll come upon the Hohegga lookout point.\" \/>\n<meta name=\"robots\" content=\"index, follow, max-snippet:-1, max-image-preview:large, max-video-preview:-1\" \/>\n<link rel=\"canonical\" href=\"https:\/\/unterbaech.ch\/en\/discover-experience\/summer\/hiking\/hiking-trails-augstbord-region\/brandalp-circular-hike\/\" \/>\n<meta property=\"og:locale\" content=\"en_US\" \/>\n<meta property=\"og:type\" content=\"article\" \/>\n<meta property=\"og:title\" content=\"Brandalp-Strygge-Suspension bridge Circular Hike - Unterb\u00e4ch\" \/>\n<meta property=\"og:description\" content=\"The circular hike leads from Unterb\u00e4ch to Brandalp and back, via Egga and Holz. The path can be taken in both directions. Just after the village of Unterb\u00e4ch, you\u2019ll come upon the Hohegga lookout point.\" \/>\n<meta property=\"og:url\" content=\"https:\/\/unterbaech.ch\/en\/discover-experience\/summer\/hiking\/hiking-trails-augstbord-region\/brandalp-circular-hike\/\" \/>\n<meta property=\"og:site_name\" content=\"Unterb\u00e4ch\" \/>\n<meta property=\"article:publisher\" content=\"https:\/\/www.facebook.com\/unterbaech\" \/>\n<meta property=\"article:modified_time\" content=\"2026-03-23T10:55:38+00:00\" \/>\n<meta name=\"twitter:card\" content=\"summary_large_image\" \/>\n<meta name=\"twitter:label1\" content=\"Est. reading time\" \/>\n\t<meta name=\"twitter:data1\" content=\"1 minute\" \/>\n<script type=\"application\/ld+json\" class=\"yoast-schema-graph\">{\"@context\":\"https:\\\/\\\/schema.org\",\"@graph\":[{\"@type\":\"WebPage\",\"@id\":\"https:\\\/\\\/unterbaech.ch\\\/en\\\/discover-experience\\\/summer\\\/hiking\\\/hiking-trails-augstbord-region\\\/brandalp-circular-hike\\\/\",\"url\":\"https:\\\/\\\/unterbaech.ch\\\/en\\\/discover-experience\\\/summer\\\/hiking\\\/hiking-trails-augstbord-region\\\/brandalp-circular-hike\\\/\",\"name\":\"Brandalp-Strygge-Suspension bridge Circular Hike - Unterb\u00e4ch\",\"isPartOf\":{\"@id\":\"https:\\\/\\\/unterbaech.ch\\\/en\\\/#website\"},\"datePublished\":\"2021-05-28T12:46:07+00:00\",\"dateModified\":\"2026-03-23T10:55:38+00:00\",\"description\":\"The circular hike leads from Unterb\u00e4ch to Brandalp and back, via Egga and Holz. The path can be taken in both directions. Just after the village of Unterb\u00e4ch, you\u2019ll come upon the Hohegga lookout point.\",\"breadcrumb\":{\"@id\":\"https:\\\/\\\/unterbaech.ch\\\/en\\\/discover-experience\\\/summer\\\/hiking\\\/hiking-trails-augstbord-region\\\/brandalp-circular-hike\\\/#breadcrumb\"},\"inLanguage\":\"en-US\",\"potentialAction\":[{\"@type\":\"ReadAction\",\"target\":[\"https:\\\/\\\/unterbaech.ch\\\/en\\\/discover-experience\\\/summer\\\/hiking\\\/hiking-trails-augstbord-region\\\/brandalp-circular-hike\\\/\"]}]},{\"@type\":\"BreadcrumbList\",\"@id\":\"https:\\\/\\\/unterbaech.ch\\\/en\\\/discover-experience\\\/summer\\\/hiking\\\/hiking-trails-augstbord-region\\\/brandalp-circular-hike\\\/#breadcrumb\",\"itemListElement\":[{\"@type\":\"ListItem\",\"position\":1,\"name\":\"Startseite\",\"item\":\"https:\\\/\\\/unterbaech.ch\\\/en\\\/home\\\/\"},{\"@type\":\"ListItem\",\"position\":2,\"name\":\"Discover &#038; Experience\",\"item\":\"https:\\\/\\\/unterbaech.ch\\\/en\\\/discover-experience\\\/\"},{\"@type\":\"ListItem\",\"position\":3,\"name\":\"Summer\",\"item\":\"https:\\\/\\\/unterbaech.ch\\\/en\\\/unterbaech\\\/sommer\\\/\"},{\"@type\":\"ListItem\",\"position\":4,\"name\":\"Hiking\",\"item\":\"https:\\\/\\\/unterbaech.ch\\\/en\\\/unterbaech\\\/sommer\\\/wandern\\\/\"},{\"@type\":\"ListItem\",\"position\":5,\"name\":\"Hiking trails augstbord region\",\"item\":\"https:\\\/\\\/unterbaech.ch\\\/en\\\/unterbaech\\\/sommer\\\/wandern\\\/wanderwege-augstbordregion\\\/\"},{\"@type\":\"ListItem\",\"position\":6,\"name\":\"Brandalp-Strygge-Suspension bridge Circular Hike\"}]},{\"@type\":\"WebSite\",\"@id\":\"https:\\\/\\\/unterbaech.ch\\\/en\\\/#website\",\"url\":\"https:\\\/\\\/unterbaech.ch\\\/en\\\/\",\"name\":\"Unterb\u00e4ch\",\"description\":\"\",\"publisher\":{\"@id\":\"https:\\\/\\\/unterbaech.ch\\\/en\\\/#organization\"},\"potentialAction\":[{\"@type\":\"SearchAction\",\"target\":{\"@type\":\"EntryPoint\",\"urlTemplate\":\"https:\\\/\\\/unterbaech.ch\\\/en\\\/?s={search_term_string}\"},\"query-input\":{\"@type\":\"PropertyValueSpecification\",\"valueRequired\":true,\"valueName\":\"search_term_string\"}}],\"inLanguage\":\"en-US\"},{\"@type\":\"Organization\",\"@id\":\"https:\\\/\\\/unterbaech.ch\\\/en\\\/#organization\",\"name\":\"Unterb\u00e4ch Tourismus\",\"url\":\"https:\\\/\\\/unterbaech.ch\\\/en\\\/\",\"logo\":{\"@type\":\"ImageObject\",\"inLanguage\":\"en-US\",\"@id\":\"https:\\\/\\\/unterbaech.ch\\\/en\\\/#\\\/schema\\\/logo\\\/image\\\/\",\"url\":\"https:\\\/\\\/unterbaech.ch\\\/wp-content\\\/uploads\\\/Logo-1.png\",\"contentUrl\":\"https:\\\/\\\/unterbaech.ch\\\/wp-content\\\/uploads\\\/Logo-1.png\",\"width\":1125,\"height\":1102,\"caption\":\"Unterb\u00e4ch Tourismus\"},\"image\":{\"@id\":\"https:\\\/\\\/unterbaech.ch\\\/en\\\/#\\\/schema\\\/logo\\\/image\\\/\"},\"sameAs\":[\"https:\\\/\\\/www.facebook.com\\\/unterbaech\",\"https:\\\/\\\/www.instagram.com\\\/visit.unterbaech\\\/\",\"https:\\\/\\\/de.wikipedia.org\\\/wiki\\\/Unterb\u00e4ch\"]}]}<\/script>\n<!-- \/ Yoast SEO plugin. -->","yoast_head_json":{"title":"Brandalp-Strygge-Suspension bridge Circular Hike - Unterb\u00e4ch","description":"The circular hike leads from Unterb\u00e4ch to Brandalp and back, via Egga and Holz. The path can be taken in both directions. Just after the village of Unterb\u00e4ch, you\u2019ll come upon the Hohegga lookout point.","robots":{"index":"index","follow":"follow","max-snippet":"max-snippet:-1","max-image-preview":"max-image-preview:large","max-video-preview":"max-video-preview:-1"},"canonical":"https:\/\/unterbaech.ch\/en\/discover-experience\/summer\/hiking\/hiking-trails-augstbord-region\/brandalp-circular-hike\/","og_locale":"en_US","og_type":"article","og_title":"Brandalp-Strygge-Suspension bridge Circular Hike - Unterb\u00e4ch","og_description":"The circular hike leads from Unterb\u00e4ch to Brandalp and back, via Egga and Holz. The path can be taken in both directions. Just after the village of Unterb\u00e4ch, you\u2019ll come upon the Hohegga lookout point.","og_url":"https:\/\/unterbaech.ch\/en\/discover-experience\/summer\/hiking\/hiking-trails-augstbord-region\/brandalp-circular-hike\/","og_site_name":"Unterb\u00e4ch","article_publisher":"https:\/\/www.facebook.com\/unterbaech","article_modified_time":"2026-03-23T10:55:38+00:00","twitter_card":"summary_large_image","twitter_misc":{"Est. reading time":"1 minute"},"schema":{"@context":"https:\/\/schema.org","@graph":[{"@type":"WebPage","@id":"https:\/\/unterbaech.ch\/en\/discover-experience\/summer\/hiking\/hiking-trails-augstbord-region\/brandalp-circular-hike\/","url":"https:\/\/unterbaech.ch\/en\/discover-experience\/summer\/hiking\/hiking-trails-augstbord-region\/brandalp-circular-hike\/","name":"Brandalp-Strygge-Suspension bridge Circular Hike - Unterb\u00e4ch","isPartOf":{"@id":"https:\/\/unterbaech.ch\/en\/#website"},"datePublished":"2021-05-28T12:46:07+00:00","dateModified":"2026-03-23T10:55:38+00:00","description":"The circular hike leads from Unterb\u00e4ch to Brandalp and back, via Egga and Holz. The path can be taken in both directions. Just after the village of Unterb\u00e4ch, you\u2019ll come upon the Hohegga lookout point.","breadcrumb":{"@id":"https:\/\/unterbaech.ch\/en\/discover-experience\/summer\/hiking\/hiking-trails-augstbord-region\/brandalp-circular-hike\/#breadcrumb"},"inLanguage":"en-US","potentialAction":[{"@type":"ReadAction","target":["https:\/\/unterbaech.ch\/en\/discover-experience\/summer\/hiking\/hiking-trails-augstbord-region\/brandalp-circular-hike\/"]}]},{"@type":"BreadcrumbList","@id":"https:\/\/unterbaech.ch\/en\/discover-experience\/summer\/hiking\/hiking-trails-augstbord-region\/brandalp-circular-hike\/#breadcrumb","itemListElement":[{"@type":"ListItem","position":1,"name":"Startseite","item":"https:\/\/unterbaech.ch\/en\/home\/"},{"@type":"ListItem","position":2,"name":"Discover &#038; Experience","item":"https:\/\/unterbaech.ch\/en\/discover-experience\/"},{"@type":"ListItem","position":3,"name":"Summer","item":"https:\/\/unterbaech.ch\/en\/unterbaech\/sommer\/"},{"@type":"ListItem","position":4,"name":"Hiking","item":"https:\/\/unterbaech.ch\/en\/unterbaech\/sommer\/wandern\/"},{"@type":"ListItem","position":5,"name":"Hiking trails augstbord region","item":"https:\/\/unterbaech.ch\/en\/unterbaech\/sommer\/wandern\/wanderwege-augstbordregion\/"},{"@type":"ListItem","position":6,"name":"Brandalp-Strygge-Suspension bridge Circular Hike"}]},{"@type":"WebSite","@id":"https:\/\/unterbaech.ch\/en\/#website","url":"https:\/\/unterbaech.ch\/en\/","name":"Unterb\u00e4ch","description":"","publisher":{"@id":"https:\/\/unterbaech.ch\/en\/#organization"},"potentialAction":[{"@type":"SearchAction","target":{"@type":"EntryPoint","urlTemplate":"https:\/\/unterbaech.ch\/en\/?s={search_term_string}"},"query-input":{"@type":"PropertyValueSpecification","valueRequired":true,"valueName":"search_term_string"}}],"inLanguage":"en-US"},{"@type":"Organization","@id":"https:\/\/unterbaech.ch\/en\/#organization","name":"Unterb\u00e4ch Tourismus","url":"https:\/\/unterbaech.ch\/en\/","logo":{"@type":"ImageObject","inLanguage":"en-US","@id":"https:\/\/unterbaech.ch\/en\/#\/schema\/logo\/image\/","url":"https:\/\/unterbaech.ch\/wp-content\/uploads\/Logo-1.png","contentUrl":"https:\/\/unterbaech.ch\/wp-content\/uploads\/Logo-1.png","width":1125,"height":1102,"caption":"Unterb\u00e4ch Tourismus"},"image":{"@id":"https:\/\/unterbaech.ch\/en\/#\/schema\/logo\/image\/"},"sameAs":["https:\/\/www.facebook.com\/unterbaech","https:\/\/www.instagram.com\/visit.unterbaech\/","https:\/\/de.wikipedia.org\/wiki\/Unterb\u00e4ch"]}]}},"_links":{"self":[{"href":"https:\/\/unterbaech.ch\/en\/wp-json\/wp\/v2\/pages\/12916","targetHints":{"allow":["GET"]}}],"collection":[{"href":"https:\/\/unterbaech.ch\/en\/wp-json\/wp\/v2\/pages"}],"about":[{"href":"https:\/\/unterbaech.ch\/en\/wp-json\/wp\/v2\/types\/page"}],"author":[{"embeddable":true,"href":"https:\/\/unterbaech.ch\/en\/wp-json\/wp\/v2\/users\/8"}],"replies":[{"embeddable":true,"href":"https:\/\/unterbaech.ch\/en\/wp-json\/wp\/v2\/comments?post=12916"}],"version-history":[{"count":6,"href":"https:\/\/unterbaech.ch\/en\/wp-json\/wp\/v2\/pages\/12916\/revisions"}],"predecessor-version":[{"id":29338,"href":"https:\/\/unterbaech.ch\/en\/wp-json\/wp\/v2\/pages\/12916\/revisions\/29338"}],"up":[{"embeddable":true,"href":"https:\/\/unterbaech.ch\/en\/wp-json\/wp\/v2\/pages\/14249"}],"wp:attachment":[{"href":"https:\/\/unterbaech.ch\/en\/wp-json\/wp\/v2\/media?parent=12916"}],"curies":[{"name":"wp","href":"https:\/\/api.w.org\/{rel}","templated":true}]}}