{"id":12958,"date":"2021-05-28T15:34:52","date_gmt":"2021-05-28T13:34:52","guid":{"rendered":"https:\/\/unterbaech.ch\/ergischhorn\/"},"modified":"2026-03-23T12:25:22","modified_gmt":"2026-03-23T11:25:22","slug":"ergischhorn","status":"publish","type":"page","link":"https:\/\/unterbaech.ch\/en\/discover-experience\/summer\/hiking\/hiking-trails-augstbord-region\/ergischhorn\/","title":{"rendered":"Ergischhorn"},"content":{"rendered":"\n<style type=\"text\/css\" data-created_by=\"avia_inline_auto\" id=\"style-css-av-kbax8y3e-d50adaf139581e9c7709db1ea35a193f\">\n.avia-section.av-kbax8y3e-d50adaf139581e9c7709db1ea35a193f .av-parallax .av-parallax-inner{\nbackground-repeat:no-repeat;\nbackground-image:url(https:\/\/unterbaech.ch\/wp-content\/uploads\/IMG_3980-1024x768.jpg);\nbackground-position:50% 50%;\nbackground-attachment:scroll;\n}\n<\/style>\n<div id='av_section_1'  class='avia-section av-kbax8y3e-d50adaf139581e9c7709db1ea35a193f main_color avia-section-default avia-no-border-styling  avia-builder-el-0  el_before_av_section  avia-builder-el-first  section-fullwidthimage avia-full-stretch av-parallax-section avia-bg-style-parallax av-minimum-height av-minimum-height-50 av-height-50  container_wrap fullsize'  data-section-bg-repeat='stretch' data-av_minimum_height_pc='50' data-av_min_height_opt='50'><div class='av-parallax' data-avia-parallax-ratio='0.3' ><div class='av-parallax-inner main_color avia-full-stretch'><\/div><\/div><div class='container av-section-cont-open' ><main  role=\"main\" itemprop=\"mainContentOfPage\"  class='template-page content  av-content-full alpha units'><div class='post-entry post-entry-type-page post-entry-12958'><div class='entry-content-wrapper clearfix'>\n<\/div><\/div><\/main><!-- close content main element --><\/div><\/div><div id='av_section_2'  class='avia-section av-1n2h9-eef07d2470a934665895b572bc96122f main_color avia-section-default avia-no-border-styling  avia-builder-el-1  el_after_av_section  el_before_av_codeblock  section-leadtext onecol avia-bg-style-scroll container_wrap fullsize'  ><div class='container av-section-cont-open' ><div class='template-page content  av-content-full alpha units'><div class='post-entry post-entry-type-page post-entry-12958'><div class='entry-content-wrapper clearfix'>\n<section  class='av_textblock_section av-kbawhdx8-d06beca92eb518f06cbc493fe9f758bf '   itemscope=\"itemscope\" itemtype=\"https:\/\/schema.org\/CreativeWork\" ><div class='avia_textblock'  itemprop=\"text\" ><p style=\"text-align: center;\"><strong>HIKING TOUR NO. 6<br \/>\n<\/strong><\/p>\n<h3 style=\"text-align: center;\">ERGISCHHORN<\/h3>\n<\/div><\/section>\n\n<style type=\"text\/css\" data-created_by=\"avia_inline_auto\" id=\"style-css-av-kbax4bbr-27f78f1f5574462b1f9eaf8ccb6701aa\">\n#top .hr.hr-invisible.av-kbax4bbr-27f78f1f5574462b1f9eaf8ccb6701aa{\nheight:25px;\n}\n<\/style>\n<div  class='hr av-kbax4bbr-27f78f1f5574462b1f9eaf8ccb6701aa hr-invisible  avia-builder-el-3  el_after_av_textblock  el_before_av_textblock '><span class='hr-inner '><span class=\"hr-inner-style\"><\/span><\/span><\/div>\n<section  class='av_textblock_section av-kb9j7yy8-d401975806725f807740df01e1ec9ba4 '   itemscope=\"itemscope\" itemtype=\"https:\/\/schema.org\/CreativeWork\" ><div class='avia_textblock lead'  itemprop=\"text\" ><p>From Brandalp, after a short but sweet chairlift ride, follow the road towards Breite St\u00e4g with its Milibach stream. The source of this stream is in the Unners S\u00e4nntum (Ginals) and supplies hydroelectric power for the Unterb\u00e4ch municipality power station. Continue along the forest road and cross the Gorpatbach stream. Here the path branches off to the left towards Undri Eischollalp. When you get there, we recommend taking a short break. In the midst of the traditional Alpine huts, a wonderful panoramic view opens up from this little Alp. The ascent continues to Obri Eischollalp, where the trail then continues uphill past the \u2018Erez\u2019 cross to the 2,526-metre-high Ergischhorn. On the Ergischhorn you are rewarded with a magnificent view of endless peaks. A summit book is chained to the foot of the summit cross. The strenuous descent of more than 1,300 metres in altitude takes you via Tschonghubel (lookout point) and Alp Tschorr to Eischoll. From there, it\u2019s another 30 minutes\u2019 walk towards Unterb\u00e4ch. On Wednesdays, you can take the hiking bus back to Unterb\u00e4ch.<\/p>\n<\/div><\/section>\n\n<style type=\"text\/css\" data-created_by=\"avia_inline_auto\" id=\"style-css-av-kbax4bbr-1-5a8ac6f69941ae208175a263e4cae52b\">\n#top .hr.hr-invisible.av-kbax4bbr-1-5a8ac6f69941ae208175a263e4cae52b{\nheight:25px;\n}\n<\/style>\n<div  class='hr av-kbax4bbr-1-5a8ac6f69941ae208175a263e4cae52b hr-invisible  avia-builder-el-5  el_after_av_textblock  el_before_av_textblock '><span class='hr-inner '><span class=\"hr-inner-style\"><\/span><\/span><\/div>\n<section  class='av_textblock_section av-kbawhdx8-2-10cf2510a2901ad423aefa7241747bfd '   itemscope=\"itemscope\" itemtype=\"https:\/\/schema.org\/CreativeWork\" ><div class='avia_textblock lead'  itemprop=\"text\" ><p><strong>TOUR DETAILS:<\/strong><\/p>\n<ul>\n<li style=\"text-align: left;\"><span data-contrast=\"auto\"><strong>Hike time:<\/strong> 7h\u00a0<\/span><span data-contrast=\"auto\"> (\u21911180 m \u21931548<\/span><span data-contrast=\"auto\">\u00a0m<\/span><span data-ccp-props=\"{\">)<\/span><\/li>\n<li style=\"text-align: left;\"><span data-contrast=\"auto\"><strong>Route:<\/strong> Brandalp \u2013 Breite St\u00e4g <\/span><span data-contrast=\"auto\">\u2013 Undri Eischollalp <\/span><span data-contrast=\"auto\">\u2013 Obri Eischollalp <\/span><span data-contrast=\"auto\">\u2013 Ergischhorn \u2013 Tschorr \u2013 Eischoll \u2013 Unterb\u00e4ch<\/span><\/li>\n<\/ul>\n<\/div><\/section>\n<\/div><\/div><\/div><!-- close content main div --><\/div><\/div><div id='after_section_2'  class='main_color av_default_container_wrap container_wrap fullsize'  ><div class='container av-section-cont-open' ><div class='template-page content  av-content-full alpha units'><div class='post-entry post-entry-type-page post-entry-12958'><div class='entry-content-wrapper clearfix'>\n\n<div  class='hr av-2wb06i-16d7ec4028013018931f1eb5b85ddddc hr-default  avia-builder-el-8  el_after_av_codeblock  el_before_av_one_full '><span class='hr-inner '><span class=\"hr-inner-style\"><\/span><\/span><\/div>\n\n<style type=\"text\/css\" data-created_by=\"avia_inline_auto\" id=\"style-css-av-kbujysp3-bb5986012cdba25cfd25bc18cd1575b4\">\n.flex_column.av-kbujysp3-bb5986012cdba25cfd25bc18cd1575b4{\nborder-radius:0px 0px 0px 0px;\npadding:0px 0px 0px 0px;\n}\n<\/style>\n<div  class='flex_column av-kbujysp3-bb5986012cdba25cfd25bc18cd1575b4 av_one_full  avia-builder-el-9  el_after_av_hr  avia-builder-el-last  gallery-masonry first flex_column_div av-zero-column-padding  '     ><div id='av-masonry-1' class='av-masonry av-kbrrgn31-709b3b110e3fe7638730495ce215ef18 noHover av-fixed-size av-large-gap av-hover-overlay-active av-masonry-animation-active av-masonry-col-3 av-caption-always av-caption-style- av-masonry-gallery ' data-post_id=\"12958\"><div class=\"av-masonry-container isotope av-js-disabled\"><div class='av-masonry-entry isotope-item av-masonry-item-no-image '><\/div><a href=\"https:\/\/unterbaech.ch\/wp-content\/uploads\/IMG_3973-1440x1080.jpg\" data-srcset=\"https:\/\/unterbaech.ch\/wp-content\/uploads\/IMG_3973-1440x1080.jpg 1440w, https:\/\/unterbaech.ch\/wp-content\/uploads\/IMG_3973-1024x768.jpg 1024w, https:\/\/unterbaech.ch\/wp-content\/uploads\/IMG_3973-768x576.jpg 768w, https:\/\/unterbaech.ch\/wp-content\/uploads\/IMG_3973-1536x1152.jpg 1536w, https:\/\/unterbaech.ch\/wp-content\/uploads\/IMG_3973-2048x1536.jpg 2048w, https:\/\/unterbaech.ch\/wp-content\/uploads\/IMG_3973-1500x1125.jpg 1500w, https:\/\/unterbaech.ch\/wp-content\/uploads\/IMG_3973-705x529.jpg 705w, https:\/\/unterbaech.ch\/wp-content\/uploads\/IMG_3973-scaled.jpg 1920w\" data-sizes=\"(max-width: 1440px) 100vw, 1440px\"  aria-label=\"image IMG_3973\"  id='av-masonry-1-item-6610' data-av-masonry-item='6610' class='av-masonry-entry isotope-item post-6610 attachment type-attachment status-inherit hentry  av-masonry-item-with-image av-grid-img' title=\"IMG_3973\" alt=\"\"    itemprop=\"thumbnailUrl\" ><div class='av-inner-masonry-sizer'><\/div><figure class='av-inner-masonry main_color'><div class=\"av-masonry-outerimage-container\"><div class='av-masonry-image-container' style=\"background-image: url(https:\/\/unterbaech.ch\/wp-content\/uploads\/IMG_3973-705x529.jpg);\"  title=\"IMG_3973\" ><\/div><\/div><\/figure><\/a><!--end av-masonry entry--><a href=\"https:\/\/unterbaech.ch\/wp-content\/uploads\/IMG_3974-1440x1080.jpg\" data-srcset=\"https:\/\/unterbaech.ch\/wp-content\/uploads\/IMG_3974-1440x1080.jpg 1440w, https:\/\/unterbaech.ch\/wp-content\/uploads\/IMG_3974-1024x768.jpg 1024w, https:\/\/unterbaech.ch\/wp-content\/uploads\/IMG_3974-768x576.jpg 768w, https:\/\/unterbaech.ch\/wp-content\/uploads\/IMG_3974-1536x1152.jpg 1536w, https:\/\/unterbaech.ch\/wp-content\/uploads\/IMG_3974-2048x1536.jpg 2048w, https:\/\/unterbaech.ch\/wp-content\/uploads\/IMG_3974-1500x1125.jpg 1500w, https:\/\/unterbaech.ch\/wp-content\/uploads\/IMG_3974-705x529.jpg 705w, https:\/\/unterbaech.ch\/wp-content\/uploads\/IMG_3974-scaled.jpg 1920w\" data-sizes=\"(max-width: 1440px) 100vw, 1440px\"  aria-label=\"image IMG_3974\"  id='av-masonry-1-item-6613' data-av-masonry-item='6613' class='av-masonry-entry isotope-item post-6613 attachment type-attachment status-inherit hentry  av-masonry-item-with-image av-grid-img' title=\"IMG_3974\" alt=\"\"    itemprop=\"thumbnailUrl\" ><div class='av-inner-masonry-sizer'><\/div><figure class='av-inner-masonry main_color'><div class=\"av-masonry-outerimage-container\"><div class='av-masonry-image-container' style=\"background-image: url(https:\/\/unterbaech.ch\/wp-content\/uploads\/IMG_3974-705x529.jpg);\"  title=\"IMG_3974\" ><\/div><\/div><\/figure><\/a><!--end av-masonry entry--><a href=\"https:\/\/unterbaech.ch\/wp-content\/uploads\/IMG_3975-1440x1080.jpg\" data-srcset=\"https:\/\/unterbaech.ch\/wp-content\/uploads\/IMG_3975-1440x1080.jpg 1440w, https:\/\/unterbaech.ch\/wp-content\/uploads\/IMG_3975-1024x768.jpg 1024w, https:\/\/unterbaech.ch\/wp-content\/uploads\/IMG_3975-768x576.jpg 768w, https:\/\/unterbaech.ch\/wp-content\/uploads\/IMG_3975-1536x1152.jpg 1536w, https:\/\/unterbaech.ch\/wp-content\/uploads\/IMG_3975-2048x1536.jpg 2048w, https:\/\/unterbaech.ch\/wp-content\/uploads\/IMG_3975-1500x1125.jpg 1500w, https:\/\/unterbaech.ch\/wp-content\/uploads\/IMG_3975-705x529.jpg 705w, https:\/\/unterbaech.ch\/wp-content\/uploads\/IMG_3975-scaled.jpg 1920w\" data-sizes=\"(max-width: 1440px) 100vw, 1440px\"  aria-label=\"image IMG_3975\"  id='av-masonry-1-item-6616' data-av-masonry-item='6616' class='av-masonry-entry isotope-item post-6616 attachment type-attachment status-inherit hentry  av-masonry-item-with-image av-grid-img' title=\"IMG_3975\" alt=\"\"    itemprop=\"thumbnailUrl\" ><div class='av-inner-masonry-sizer'><\/div><figure class='av-inner-masonry main_color'><div class=\"av-masonry-outerimage-container\"><div class='av-masonry-image-container' style=\"background-image: url(https:\/\/unterbaech.ch\/wp-content\/uploads\/IMG_3975-705x529.jpg);\"  title=\"IMG_3975\" ><\/div><\/div><\/figure><\/a><!--end av-masonry entry--><a href=\"https:\/\/unterbaech.ch\/wp-content\/uploads\/IMG_3980-1440x1080.jpg\" data-srcset=\"https:\/\/unterbaech.ch\/wp-content\/uploads\/IMG_3980-1440x1080.jpg 1440w, https:\/\/unterbaech.ch\/wp-content\/uploads\/IMG_3980-1024x768.jpg 1024w, https:\/\/unterbaech.ch\/wp-content\/uploads\/IMG_3980-768x576.jpg 768w, https:\/\/unterbaech.ch\/wp-content\/uploads\/IMG_3980-1536x1152.jpg 1536w, https:\/\/unterbaech.ch\/wp-content\/uploads\/IMG_3980-2048x1536.jpg 2048w, https:\/\/unterbaech.ch\/wp-content\/uploads\/IMG_3980-1500x1125.jpg 1500w, https:\/\/unterbaech.ch\/wp-content\/uploads\/IMG_3980-705x529.jpg 705w, https:\/\/unterbaech.ch\/wp-content\/uploads\/IMG_3980-scaled.jpg 1920w\" data-sizes=\"(max-width: 1440px) 100vw, 1440px\"  aria-label=\"image IMG_3980\"  id='av-masonry-1-item-6619' data-av-masonry-item='6619' class='av-masonry-entry isotope-item post-6619 attachment type-attachment status-inherit hentry  av-masonry-item-with-image av-grid-img' title=\"IMG_3980\" alt=\"\"    itemprop=\"thumbnailUrl\" ><div class='av-inner-masonry-sizer'><\/div><figure class='av-inner-masonry main_color'><div class=\"av-masonry-outerimage-container\"><div class='av-masonry-image-container' style=\"background-image: url(https:\/\/unterbaech.ch\/wp-content\/uploads\/IMG_3980-705x529.jpg);\"  title=\"IMG_3980\" ><\/div><\/div><\/figure><\/a><!--end av-masonry entry--><a href=\"https:\/\/unterbaech.ch\/wp-content\/uploads\/2020\/07\/Gipfel-Ergischhorn_Herbst-1440x1080.jpg\" data-srcset=\"https:\/\/unterbaech.ch\/wp-content\/uploads\/2020\/07\/Gipfel-Ergischhorn_Herbst-1440x1080.jpg 1440w, https:\/\/unterbaech.ch\/wp-content\/uploads\/2020\/07\/Gipfel-Ergischhorn_Herbst-1024x768.jpg 1024w, https:\/\/unterbaech.ch\/wp-content\/uploads\/2020\/07\/Gipfel-Ergischhorn_Herbst-768x576.jpg 768w, https:\/\/unterbaech.ch\/wp-content\/uploads\/2020\/07\/Gipfel-Ergischhorn_Herbst-1536x1152.jpg 1536w, https:\/\/unterbaech.ch\/wp-content\/uploads\/2020\/07\/Gipfel-Ergischhorn_Herbst-2048x1536.jpg 2048w, https:\/\/unterbaech.ch\/wp-content\/uploads\/2020\/07\/Gipfel-Ergischhorn_Herbst-1500x1125.jpg 1500w, https:\/\/unterbaech.ch\/wp-content\/uploads\/2020\/07\/Gipfel-Ergischhorn_Herbst-705x529.jpg 705w, https:\/\/unterbaech.ch\/wp-content\/uploads\/2020\/07\/Gipfel-Ergischhorn_Herbst-scaled.jpg 1920w\" data-sizes=\"(max-width: 1440px) 100vw, 1440px\"  aria-label=\"image Gipfel Ergischhorn_Herbst\"  id='av-masonry-1-item-1436' data-av-masonry-item='1436' class='av-masonry-entry isotope-item post-1436 attachment type-attachment status-inherit hentry  av-masonry-item-with-image av-grid-img' title=\"Gipfel Ergischhorn_Herbst\" alt=\"\"    itemprop=\"thumbnailUrl\" ><div class='av-inner-masonry-sizer'><\/div><figure class='av-inner-masonry main_color'><div class=\"av-masonry-outerimage-container\"><div class='av-masonry-image-container' style=\"background-image: url(https:\/\/unterbaech.ch\/wp-content\/uploads\/2020\/07\/Gipfel-Ergischhorn_Herbst-705x529.jpg);\"  title=\"Gipfel Ergischhorn_Herbst\" ><\/div><\/div><\/figure><\/a><!--end av-masonry entry--><a href=\"https:\/\/unterbaech.ch\/wp-content\/uploads\/2020\/07\/Gipfel-Ergischhorn_Herbst-2-1440x1080.jpg\" data-srcset=\"https:\/\/unterbaech.ch\/wp-content\/uploads\/2020\/07\/Gipfel-Ergischhorn_Herbst-2-1440x1080.jpg 1440w, https:\/\/unterbaech.ch\/wp-content\/uploads\/2020\/07\/Gipfel-Ergischhorn_Herbst-2-1024x768.jpg 1024w, https:\/\/unterbaech.ch\/wp-content\/uploads\/2020\/07\/Gipfel-Ergischhorn_Herbst-2-768x576.jpg 768w, https:\/\/unterbaech.ch\/wp-content\/uploads\/2020\/07\/Gipfel-Ergischhorn_Herbst-2-1536x1152.jpg 1536w, https:\/\/unterbaech.ch\/wp-content\/uploads\/2020\/07\/Gipfel-Ergischhorn_Herbst-2-2048x1536.jpg 2048w, https:\/\/unterbaech.ch\/wp-content\/uploads\/2020\/07\/Gipfel-Ergischhorn_Herbst-2-1500x1125.jpg 1500w, https:\/\/unterbaech.ch\/wp-content\/uploads\/2020\/07\/Gipfel-Ergischhorn_Herbst-2-705x529.jpg 705w, https:\/\/unterbaech.ch\/wp-content\/uploads\/2020\/07\/Gipfel-Ergischhorn_Herbst-2-scaled.jpg 1920w\" data-sizes=\"(max-width: 1440px) 100vw, 1440px\"  aria-label=\"image Gipfel Ergischhorn_Herbst (2)\"  id='av-masonry-1-item-1430' data-av-masonry-item='1430' class='av-masonry-entry isotope-item post-1430 attachment type-attachment status-inherit hentry  av-masonry-item-with-image av-grid-img' title=\"Gipfel Ergischhorn_Herbst (2)\" alt=\"\"    itemprop=\"thumbnailUrl\" ><div class='av-inner-masonry-sizer'><\/div><figure class='av-inner-masonry main_color'><div class=\"av-masonry-outerimage-container\"><div class='av-masonry-image-container' style=\"background-image: url(https:\/\/unterbaech.ch\/wp-content\/uploads\/2020\/07\/Gipfel-Ergischhorn_Herbst-2-705x529.jpg);\"  title=\"Gipfel Ergischhorn_Herbst (2)\" ><\/div><\/div><\/figure><\/a><!--end av-masonry entry--><\/div><\/div><\/div>\n","protected":false},"excerpt":{"rendered":"","protected":false},"author":8,"featured_media":0,"parent":14249,"menu_order":0,"comment_status":"closed","ping_status":"closed","template":"","meta":{"inline_featured_image":false,"footnotes":""},"class_list":["post-12958","page","type-page","status-publish","hentry"],"yoast_head":"<!-- This site is optimized with the Yoast SEO plugin v27.4 - https:\/\/yoast.com\/product\/yoast-seo-wordpress\/ -->\n<title>Ergischhorn - Unterb\u00e4ch<\/title>\n<meta name=\"description\" content=\"From Brandalp, after a short but sweet chairlift ride, follow the road towards Breite St\u00e4g with its Milibach stream. The source of this stream is in the Unners S\u00e4nntum (Ginals) and supplies hydroelectric power for the Unterb\u00e4ch municipality power station.\" \/>\n<meta name=\"robots\" content=\"index, follow, max-snippet:-1, max-image-preview:large, max-video-preview:-1\" \/>\n<link rel=\"canonical\" href=\"https:\/\/unterbaech.ch\/en\/discover-experience\/summer\/hiking\/hiking-trails-augstbord-region\/ergischhorn\/\" \/>\n<meta property=\"og:locale\" content=\"en_US\" \/>\n<meta property=\"og:type\" content=\"article\" \/>\n<meta property=\"og:title\" content=\"Ergischhorn - Unterb\u00e4ch\" \/>\n<meta property=\"og:description\" content=\"From Brandalp, after a short but sweet chairlift ride, follow the road towards Breite St\u00e4g with its Milibach stream. The source of this stream is in the Unners S\u00e4nntum (Ginals) and supplies hydroelectric power for the Unterb\u00e4ch municipality power station.\" \/>\n<meta property=\"og:url\" content=\"https:\/\/unterbaech.ch\/en\/discover-experience\/summer\/hiking\/hiking-trails-augstbord-region\/ergischhorn\/\" \/>\n<meta property=\"og:site_name\" content=\"Unterb\u00e4ch\" \/>\n<meta property=\"article:publisher\" content=\"https:\/\/www.facebook.com\/unterbaech\" \/>\n<meta property=\"article:modified_time\" content=\"2026-03-23T11:25:22+00:00\" \/>\n<meta name=\"twitter:card\" content=\"summary_large_image\" \/>\n<meta name=\"twitter:label1\" content=\"Est. reading time\" \/>\n\t<meta name=\"twitter:data1\" content=\"2 minutes\" \/>\n<script type=\"application\/ld+json\" class=\"yoast-schema-graph\">{\"@context\":\"https:\\\/\\\/schema.org\",\"@graph\":[{\"@type\":\"WebPage\",\"@id\":\"https:\\\/\\\/unterbaech.ch\\\/en\\\/discover-experience\\\/summer\\\/hiking\\\/hiking-trails-augstbord-region\\\/ergischhorn\\\/\",\"url\":\"https:\\\/\\\/unterbaech.ch\\\/en\\\/discover-experience\\\/summer\\\/hiking\\\/hiking-trails-augstbord-region\\\/ergischhorn\\\/\",\"name\":\"Ergischhorn - Unterb\u00e4ch\",\"isPartOf\":{\"@id\":\"https:\\\/\\\/unterbaech.ch\\\/en\\\/#website\"},\"datePublished\":\"2021-05-28T13:34:52+00:00\",\"dateModified\":\"2026-03-23T11:25:22+00:00\",\"description\":\"From Brandalp, after a short but sweet chairlift ride, follow the road towards Breite St\u00e4g with its Milibach stream. The source of this stream is in the Unners S\u00e4nntum (Ginals) and supplies hydroelectric power for the Unterb\u00e4ch municipality power station.\",\"breadcrumb\":{\"@id\":\"https:\\\/\\\/unterbaech.ch\\\/en\\\/discover-experience\\\/summer\\\/hiking\\\/hiking-trails-augstbord-region\\\/ergischhorn\\\/#breadcrumb\"},\"inLanguage\":\"en-US\",\"potentialAction\":[{\"@type\":\"ReadAction\",\"target\":[\"https:\\\/\\\/unterbaech.ch\\\/en\\\/discover-experience\\\/summer\\\/hiking\\\/hiking-trails-augstbord-region\\\/ergischhorn\\\/\"]}]},{\"@type\":\"BreadcrumbList\",\"@id\":\"https:\\\/\\\/unterbaech.ch\\\/en\\\/discover-experience\\\/summer\\\/hiking\\\/hiking-trails-augstbord-region\\\/ergischhorn\\\/#breadcrumb\",\"itemListElement\":[{\"@type\":\"ListItem\",\"position\":1,\"name\":\"Startseite\",\"item\":\"https:\\\/\\\/unterbaech.ch\\\/en\\\/home\\\/\"},{\"@type\":\"ListItem\",\"position\":2,\"name\":\"Discover &#038; Experience\",\"item\":\"https:\\\/\\\/unterbaech.ch\\\/en\\\/discover-experience\\\/\"},{\"@type\":\"ListItem\",\"position\":3,\"name\":\"Summer\",\"item\":\"https:\\\/\\\/unterbaech.ch\\\/en\\\/unterbaech\\\/sommer\\\/\"},{\"@type\":\"ListItem\",\"position\":4,\"name\":\"Hiking\",\"item\":\"https:\\\/\\\/unterbaech.ch\\\/en\\\/unterbaech\\\/sommer\\\/wandern\\\/\"},{\"@type\":\"ListItem\",\"position\":5,\"name\":\"Hiking trails augstbord region\",\"item\":\"https:\\\/\\\/unterbaech.ch\\\/en\\\/unterbaech\\\/sommer\\\/wandern\\\/wanderwege-augstbordregion\\\/\"},{\"@type\":\"ListItem\",\"position\":6,\"name\":\"Ergischhorn\"}]},{\"@type\":\"WebSite\",\"@id\":\"https:\\\/\\\/unterbaech.ch\\\/en\\\/#website\",\"url\":\"https:\\\/\\\/unterbaech.ch\\\/en\\\/\",\"name\":\"Unterb\u00e4ch\",\"description\":\"\",\"publisher\":{\"@id\":\"https:\\\/\\\/unterbaech.ch\\\/en\\\/#organization\"},\"potentialAction\":[{\"@type\":\"SearchAction\",\"target\":{\"@type\":\"EntryPoint\",\"urlTemplate\":\"https:\\\/\\\/unterbaech.ch\\\/en\\\/?s={search_term_string}\"},\"query-input\":{\"@type\":\"PropertyValueSpecification\",\"valueRequired\":true,\"valueName\":\"search_term_string\"}}],\"inLanguage\":\"en-US\"},{\"@type\":\"Organization\",\"@id\":\"https:\\\/\\\/unterbaech.ch\\\/en\\\/#organization\",\"name\":\"Unterb\u00e4ch Tourismus\",\"url\":\"https:\\\/\\\/unterbaech.ch\\\/en\\\/\",\"logo\":{\"@type\":\"ImageObject\",\"inLanguage\":\"en-US\",\"@id\":\"https:\\\/\\\/unterbaech.ch\\\/en\\\/#\\\/schema\\\/logo\\\/image\\\/\",\"url\":\"https:\\\/\\\/unterbaech.ch\\\/wp-content\\\/uploads\\\/Logo-1.png\",\"contentUrl\":\"https:\\\/\\\/unterbaech.ch\\\/wp-content\\\/uploads\\\/Logo-1.png\",\"width\":1125,\"height\":1102,\"caption\":\"Unterb\u00e4ch Tourismus\"},\"image\":{\"@id\":\"https:\\\/\\\/unterbaech.ch\\\/en\\\/#\\\/schema\\\/logo\\\/image\\\/\"},\"sameAs\":[\"https:\\\/\\\/www.facebook.com\\\/unterbaech\",\"https:\\\/\\\/www.instagram.com\\\/visit.unterbaech\\\/\",\"https:\\\/\\\/de.wikipedia.org\\\/wiki\\\/Unterb\u00e4ch\"]}]}<\/script>\n<!-- \/ Yoast SEO plugin. -->","yoast_head_json":{"title":"Ergischhorn - Unterb\u00e4ch","description":"From Brandalp, after a short but sweet chairlift ride, follow the road towards Breite St\u00e4g with its Milibach stream. The source of this stream is in the Unners S\u00e4nntum (Ginals) and supplies hydroelectric power for the Unterb\u00e4ch municipality power station.","robots":{"index":"index","follow":"follow","max-snippet":"max-snippet:-1","max-image-preview":"max-image-preview:large","max-video-preview":"max-video-preview:-1"},"canonical":"https:\/\/unterbaech.ch\/en\/discover-experience\/summer\/hiking\/hiking-trails-augstbord-region\/ergischhorn\/","og_locale":"en_US","og_type":"article","og_title":"Ergischhorn - Unterb\u00e4ch","og_description":"From Brandalp, after a short but sweet chairlift ride, follow the road towards Breite St\u00e4g with its Milibach stream. The source of this stream is in the Unners S\u00e4nntum (Ginals) and supplies hydroelectric power for the Unterb\u00e4ch municipality power station.","og_url":"https:\/\/unterbaech.ch\/en\/discover-experience\/summer\/hiking\/hiking-trails-augstbord-region\/ergischhorn\/","og_site_name":"Unterb\u00e4ch","article_publisher":"https:\/\/www.facebook.com\/unterbaech","article_modified_time":"2026-03-23T11:25:22+00:00","twitter_card":"summary_large_image","twitter_misc":{"Est. reading time":"2 minutes"},"schema":{"@context":"https:\/\/schema.org","@graph":[{"@type":"WebPage","@id":"https:\/\/unterbaech.ch\/en\/discover-experience\/summer\/hiking\/hiking-trails-augstbord-region\/ergischhorn\/","url":"https:\/\/unterbaech.ch\/en\/discover-experience\/summer\/hiking\/hiking-trails-augstbord-region\/ergischhorn\/","name":"Ergischhorn - Unterb\u00e4ch","isPartOf":{"@id":"https:\/\/unterbaech.ch\/en\/#website"},"datePublished":"2021-05-28T13:34:52+00:00","dateModified":"2026-03-23T11:25:22+00:00","description":"From Brandalp, after a short but sweet chairlift ride, follow the road towards Breite St\u00e4g with its Milibach stream. The source of this stream is in the Unners S\u00e4nntum (Ginals) and supplies hydroelectric power for the Unterb\u00e4ch municipality power station.","breadcrumb":{"@id":"https:\/\/unterbaech.ch\/en\/discover-experience\/summer\/hiking\/hiking-trails-augstbord-region\/ergischhorn\/#breadcrumb"},"inLanguage":"en-US","potentialAction":[{"@type":"ReadAction","target":["https:\/\/unterbaech.ch\/en\/discover-experience\/summer\/hiking\/hiking-trails-augstbord-region\/ergischhorn\/"]}]},{"@type":"BreadcrumbList","@id":"https:\/\/unterbaech.ch\/en\/discover-experience\/summer\/hiking\/hiking-trails-augstbord-region\/ergischhorn\/#breadcrumb","itemListElement":[{"@type":"ListItem","position":1,"name":"Startseite","item":"https:\/\/unterbaech.ch\/en\/home\/"},{"@type":"ListItem","position":2,"name":"Discover &#038; Experience","item":"https:\/\/unterbaech.ch\/en\/discover-experience\/"},{"@type":"ListItem","position":3,"name":"Summer","item":"https:\/\/unterbaech.ch\/en\/unterbaech\/sommer\/"},{"@type":"ListItem","position":4,"name":"Hiking","item":"https:\/\/unterbaech.ch\/en\/unterbaech\/sommer\/wandern\/"},{"@type":"ListItem","position":5,"name":"Hiking trails augstbord region","item":"https:\/\/unterbaech.ch\/en\/unterbaech\/sommer\/wandern\/wanderwege-augstbordregion\/"},{"@type":"ListItem","position":6,"name":"Ergischhorn"}]},{"@type":"WebSite","@id":"https:\/\/unterbaech.ch\/en\/#website","url":"https:\/\/unterbaech.ch\/en\/","name":"Unterb\u00e4ch","description":"","publisher":{"@id":"https:\/\/unterbaech.ch\/en\/#organization"},"potentialAction":[{"@type":"SearchAction","target":{"@type":"EntryPoint","urlTemplate":"https:\/\/unterbaech.ch\/en\/?s={search_term_string}"},"query-input":{"@type":"PropertyValueSpecification","valueRequired":true,"valueName":"search_term_string"}}],"inLanguage":"en-US"},{"@type":"Organization","@id":"https:\/\/unterbaech.ch\/en\/#organization","name":"Unterb\u00e4ch Tourismus","url":"https:\/\/unterbaech.ch\/en\/","logo":{"@type":"ImageObject","inLanguage":"en-US","@id":"https:\/\/unterbaech.ch\/en\/#\/schema\/logo\/image\/","url":"https:\/\/unterbaech.ch\/wp-content\/uploads\/Logo-1.png","contentUrl":"https:\/\/unterbaech.ch\/wp-content\/uploads\/Logo-1.png","width":1125,"height":1102,"caption":"Unterb\u00e4ch Tourismus"},"image":{"@id":"https:\/\/unterbaech.ch\/en\/#\/schema\/logo\/image\/"},"sameAs":["https:\/\/www.facebook.com\/unterbaech","https:\/\/www.instagram.com\/visit.unterbaech\/","https:\/\/de.wikipedia.org\/wiki\/Unterb\u00e4ch"]}]}},"_links":{"self":[{"href":"https:\/\/unterbaech.ch\/en\/wp-json\/wp\/v2\/pages\/12958","targetHints":{"allow":["GET"]}}],"collection":[{"href":"https:\/\/unterbaech.ch\/en\/wp-json\/wp\/v2\/pages"}],"about":[{"href":"https:\/\/unterbaech.ch\/en\/wp-json\/wp\/v2\/types\/page"}],"author":[{"embeddable":true,"href":"https:\/\/unterbaech.ch\/en\/wp-json\/wp\/v2\/users\/8"}],"replies":[{"embeddable":true,"href":"https:\/\/unterbaech.ch\/en\/wp-json\/wp\/v2\/comments?post=12958"}],"version-history":[{"count":6,"href":"https:\/\/unterbaech.ch\/en\/wp-json\/wp\/v2\/pages\/12958\/revisions"}],"predecessor-version":[{"id":29382,"href":"https:\/\/unterbaech.ch\/en\/wp-json\/wp\/v2\/pages\/12958\/revisions\/29382"}],"up":[{"embeddable":true,"href":"https:\/\/unterbaech.ch\/en\/wp-json\/wp\/v2\/pages\/14249"}],"wp:attachment":[{"href":"https:\/\/unterbaech.ch\/en\/wp-json\/wp\/v2\/media?parent=12958"}],"curies":[{"name":"wp","href":"https:\/\/api.w.org\/{rel}","templated":true}]}}