{"id":12988,"date":"2021-05-28T16:10:43","date_gmt":"2021-05-28T14:10:43","guid":{"rendered":"https:\/\/unterbaech.ch\/valais-bike-unterbaech-graechen\/"},"modified":"2026-03-23T16:41:25","modified_gmt":"2026-03-23T15:41:25","slug":"valais-bike-unterbaech-graechen","status":"publish","type":"page","link":"https:\/\/unterbaech.ch\/en\/discover-experience\/summer\/bike\/valais-bike-unterbaech-graechen\/","title":{"rendered":"Valais Bike: Unterb\u00e4ch &#8211; Gr\u00e4chen"},"content":{"rendered":"\n<style type=\"text\/css\" data-created_by=\"avia_inline_auto\" id=\"style-css-av-kbax8y3e-7459b310527a269e46468d0cf016e352\">\n.avia-section.av-kbax8y3e-7459b310527a269e46468d0cf016e352 .av-parallax .av-parallax-inner{\nbackground-repeat:no-repeat;\nbackground-image:url(https:\/\/unterbaech.ch\/wp-content\/uploads\/2018_VTT_GrachenMoosalp_49_\u00a9Valais-Wallis-Promotion-Pascal-Gertschen.jpg);\nbackground-position:50% 50%;\nbackground-attachment:scroll;\n}\n<\/style>\n<div id='av_section_1'  class='avia-section av-kbax8y3e-7459b310527a269e46468d0cf016e352 main_color avia-section-default avia-no-border-styling  avia-builder-el-0  el_before_av_section  avia-builder-el-first  section-fullwidthimage avia-full-stretch av-parallax-section avia-bg-style-parallax av-minimum-height av-minimum-height-50 av-height-50  container_wrap fullsize'  data-section-bg-repeat='stretch' data-av_minimum_height_pc='50' data-av_min_height_opt='50'><div class='av-parallax' data-avia-parallax-ratio='0.3' ><div class='av-parallax-inner main_color avia-full-stretch'><\/div><\/div><div class='container av-section-cont-open' ><main  role=\"main\" itemprop=\"mainContentOfPage\"  class='template-page content  av-content-full alpha units'><div class='post-entry post-entry-type-page post-entry-12988'><div class='entry-content-wrapper clearfix'>\n<\/div><\/div><\/main><!-- close content main element --><\/div><\/div><div id='av_section_2'  class='avia-section av-1n2h9-eef07d2470a934665895b572bc96122f main_color avia-section-default avia-no-border-styling  avia-builder-el-1  el_after_av_section  el_before_av_hr  section-leadtext onecol avia-bg-style-scroll container_wrap fullsize'  ><div class='container av-section-cont-open' ><div class='template-page content  av-content-full alpha units'><div class='post-entry post-entry-type-page post-entry-12988'><div class='entry-content-wrapper clearfix'>\n<section  class='av_textblock_section av-kbawhdx8-9a55faeefcbf4e8706dea9c49b9010c2 '   itemscope=\"itemscope\" itemtype=\"https:\/\/schema.org\/CreativeWork\" ><div class='avia_textblock'  itemprop=\"text\" ><p style=\"text-align: center;\"><strong>VALAIS BIKE ETAPPE 2<br \/>\n<\/strong><\/p>\n<h3 style=\"text-align: center;\">UNTERB\u00c4CH &#8211; GR\u00c4CHEN<\/h3>\n<\/div><\/section>\n\n<style type=\"text\/css\" data-created_by=\"avia_inline_auto\" id=\"style-css-av-kbax4bbr-27f78f1f5574462b1f9eaf8ccb6701aa\">\n#top .hr.hr-invisible.av-kbax4bbr-27f78f1f5574462b1f9eaf8ccb6701aa{\nheight:25px;\n}\n<\/style>\n<div  class='hr av-kbax4bbr-27f78f1f5574462b1f9eaf8ccb6701aa hr-invisible  avia-builder-el-3  el_after_av_textblock  el_before_av_textblock '><span class='hr-inner '><span class=\"hr-inner-style\"><\/span><\/span><\/div>\n<section  class='av_textblock_section av-kb9j7yy8-cb52267f29ec33a0cbd1cb12b1aeb1b9 '   itemscope=\"itemscope\" itemtype=\"https:\/\/schema.org\/CreativeWork\" ><div class='avia_textblock lead'  itemprop=\"text\" ><p>The Valais Bike is a three-stage regional bike route, which leads from Leukerbad via Unterb\u00e4ch to Gr\u00e4chen and finally to Brig. Stage two, which leads through our beautiful Augstbord region, also makes a great day trip. The start is on Brandalp, which can be reached either by bike or by chairlift. From here this varied bike route starts off heading left towards B\u00fcrchen. With a little extra pedal power, you will then reach the Moosalp pass, which is perfect for a stopover. From here you can enjoy the view of the Rhone valley from the Moosalp restaurant while enjoying a legendary \u2018cream slice\u2019. Once you\u2019re back in the saddle, a pleasant, flat stretch follows on a wide path with panoramic views of the imposing peaks of the Saas valley and from Zermatt to Embd. The rest of the route is mostly downhill. The Kalpetran enduro is a highlight of the Valais single trails and offers a descent of around 1,100 m in altitude to Kalpetran in the Mattertal. The last section leads with a pleasant final ascent to the family destination of Gr\u00e4chen. Post buses leave Gr\u00e4chen for Visp via St. Niklaus every hour. Of course, you can also end your bike trip in St. Niklaus.<\/p>\n<\/div><\/section>\n\n<style type=\"text\/css\" data-created_by=\"avia_inline_auto\" id=\"style-css-av-kbax4bbr-3-e5120370862c79698dc30f1842176803\">\n#top .hr.hr-invisible.av-kbax4bbr-3-e5120370862c79698dc30f1842176803{\nheight:25px;\n}\n<\/style>\n<div  class='hr av-kbax4bbr-3-e5120370862c79698dc30f1842176803 hr-invisible  avia-builder-el-5  el_after_av_textblock  el_before_av_textblock '><span class='hr-inner '><span class=\"hr-inner-style\"><\/span><\/span><\/div>\n<section  class='av_textblock_section av-kbawhdx8-4-dd641b3b9476498f67b92d6edb7733d2 '   itemscope=\"itemscope\" itemtype=\"https:\/\/schema.org\/CreativeWork\" ><div class='avia_textblock lead'  itemprop=\"text\" ><h5>TOUR DETAILS:<\/h5>\n<ul>\n<li><span data-contrast=\"auto\"><strong>Route:<\/strong> Unterb\u00e4ch \u2013 Brandalp <\/span><span data-contrast=\"auto\">\u2013 Moosalp <\/span><span data-contrast=\"auto\">\u2013 Embd <\/span><span data-contrast=\"auto\">\u2013 St. Niklaus \u2013 Gr\u00e4chen<\/span><\/li>\n<li><span data-contrast=\"auto\"><strong>Lenght:<\/strong> 35.9km<\/span><\/li>\n<li><span data-contrast=\"auto\"><strong>Technical difficulty:<\/strong> difficult <\/span><\/li>\n<li><span data-contrast=\"auto\"><strong>Fitness level:<\/strong> difficult <\/span><\/li>\n<\/ul>\n<\/div><\/section>\n\n<style type=\"text\/css\" data-created_by=\"avia_inline_auto\" id=\"style-css-av-kbax4bbr-2-a466211dc8872db6b5ad4fa231078416\">\n#top .hr.hr-invisible.av-kbax4bbr-2-a466211dc8872db6b5ad4fa231078416{\nheight:25px;\n}\n<\/style>\n<div  class='hr av-kbax4bbr-2-a466211dc8872db6b5ad4fa231078416 hr-invisible  avia-builder-el-7  el_after_av_textblock  el_before_av_codeblock '><span class='hr-inner '><span class=\"hr-inner-style\"><\/span><\/span><\/div>\n\n<\/div><\/div><\/div><!-- close content main div --><\/div><\/div><div id='after_section_2'  class='main_color av_default_container_wrap container_wrap fullsize'  ><div class='container av-section-cont-open' ><div class='template-page content  av-content-full alpha units'><div class='post-entry post-entry-type-page post-entry-12988'><div class='entry-content-wrapper clearfix'>\n<style type=\"text\/css\" data-created_by=\"avia_inline_auto\" id=\"style-css-av-kbax4bbr-1-5a8ac6f69941ae208175a263e4cae52b\">\n#top .hr.hr-invisible.av-kbax4bbr-1-5a8ac6f69941ae208175a263e4cae52b{\nheight:25px;\n}\n<\/style>\n<div  class='hr av-kbax4bbr-1-5a8ac6f69941ae208175a263e4cae52b hr-invisible  avia-builder-el-9  el_after_av_section  el_before_av_one_full  avia-builder-el-first '><span class='hr-inner '><span class=\"hr-inner-style\"><\/span><\/span><\/div><\/p>\n\n<style type=\"text\/css\" data-created_by=\"avia_inline_auto\" id=\"style-css-av-kbujysp3-bb5986012cdba25cfd25bc18cd1575b4\">\n.flex_column.av-kbujysp3-bb5986012cdba25cfd25bc18cd1575b4{\nborder-radius:0px 0px 0px 0px;\npadding:0px 0px 0px 0px;\n}\n<\/style>\n<div  class='flex_column av-kbujysp3-bb5986012cdba25cfd25bc18cd1575b4 av_one_full  avia-builder-el-10  el_after_av_hr  avia-builder-el-last  gallery-masonry first flex_column_div av-zero-column-padding  '     ><div id='av-masonry-1' class='av-masonry av-kbrrgn31-4d60ff2b27fb07245e9c97ad3ef9d20a noHover av-fixed-size av-large-gap av-hover-overlay-active av-masonry-animation-active av-masonry-col-3 av-caption-always av-caption-style- av-masonry-gallery ' data-post_id=\"12988\"><div class=\"av-masonry-container isotope av-js-disabled\"><div class='av-masonry-entry isotope-item av-masonry-item-no-image '><\/div><a href=\"https:\/\/unterbaech.ch\/wp-content\/uploads\/2018_VTT_GrachenMoosalp_55_\u00a9Valais-Wallis-Promotion-Pascal-Gertschen.jpg\" data-srcset=\"https:\/\/unterbaech.ch\/wp-content\/uploads\/2018_VTT_GrachenMoosalp_55_\u00a9Valais-Wallis-Promotion-Pascal-Gertschen.jpg 1191w, https:\/\/unterbaech.ch\/wp-content\/uploads\/2018_VTT_GrachenMoosalp_55_\u00a9Valais-Wallis-Promotion-Pascal-Gertschen-1024x768.jpg 1024w, https:\/\/unterbaech.ch\/wp-content\/uploads\/2018_VTT_GrachenMoosalp_55_\u00a9Valais-Wallis-Promotion-Pascal-Gertschen-768x576.jpg 768w, https:\/\/unterbaech.ch\/wp-content\/uploads\/2018_VTT_GrachenMoosalp_55_\u00a9Valais-Wallis-Promotion-Pascal-Gertschen-705x529.jpg 705w\" data-sizes=\"(max-width: 1191px) 100vw, 1191px\"  aria-label=\"image 2018_VTT_GrachenMoosalp_55_\u00a9Valais Wallis Promotion &#8211; Pascal Gertschen\"  id='av-masonry-1-item-8839' data-av-masonry-item='8839' class='av-masonry-entry isotope-item post-8839 attachment type-attachment status-inherit hentry  av-masonry-item-with-image av-grid-img' title=\"2018_VTT_GrachenMoosalp_55_\u00a9Valais Wallis Promotion &#8211; Pascal Gertschen\" alt=\"\"    itemprop=\"thumbnailUrl\" ><div class='av-inner-masonry-sizer'><\/div><figure class='av-inner-masonry main_color'><div class=\"av-masonry-outerimage-container\"><div class='av-masonry-image-container' style=\"background-image: url(https:\/\/unterbaech.ch\/wp-content\/uploads\/2018_VTT_GrachenMoosalp_55_\u00a9Valais-Wallis-Promotion-Pascal-Gertschen-705x529.jpg);\"  title=\"2018_VTT_GrachenMoosalp_55_\u00a9Valais Wallis Promotion &#8211; Pascal Gertschen\" ><\/div><\/div><\/figure><\/a><!--end av-masonry entry--><a href=\"https:\/\/unterbaech.ch\/wp-content\/uploads\/2018_VTT_GrachenMoosalp_49_\u00a9Valais-Wallis-Promotion-Pascal-Gertschen.jpg\" data-srcset=\"https:\/\/unterbaech.ch\/wp-content\/uploads\/2018_VTT_GrachenMoosalp_49_\u00a9Valais-Wallis-Promotion-Pascal-Gertschen.jpg 1191w, https:\/\/unterbaech.ch\/wp-content\/uploads\/2018_VTT_GrachenMoosalp_49_\u00a9Valais-Wallis-Promotion-Pascal-Gertschen-1024x768.jpg 1024w, https:\/\/unterbaech.ch\/wp-content\/uploads\/2018_VTT_GrachenMoosalp_49_\u00a9Valais-Wallis-Promotion-Pascal-Gertschen-768x576.jpg 768w, https:\/\/unterbaech.ch\/wp-content\/uploads\/2018_VTT_GrachenMoosalp_49_\u00a9Valais-Wallis-Promotion-Pascal-Gertschen-705x529.jpg 705w\" data-sizes=\"(max-width: 1191px) 100vw, 1191px\"  aria-label=\"image 2018_VTT_GrachenMoosalp_49_\u00a9Valais Wallis Promotion &#8211; Pascal Gertschen\"  id='av-masonry-1-item-8836' data-av-masonry-item='8836' class='av-masonry-entry isotope-item post-8836 attachment type-attachment status-inherit hentry  av-masonry-item-with-image av-grid-img' title=\"2018_VTT_GrachenMoosalp_49_\u00a9Valais Wallis Promotion &#8211; Pascal Gertschen\" alt=\"\"    itemprop=\"thumbnailUrl\" ><div class='av-inner-masonry-sizer'><\/div><figure class='av-inner-masonry main_color'><div class=\"av-masonry-outerimage-container\"><div class='av-masonry-image-container' style=\"background-image: url(https:\/\/unterbaech.ch\/wp-content\/uploads\/2018_VTT_GrachenMoosalp_49_\u00a9Valais-Wallis-Promotion-Pascal-Gertschen-705x529.jpg);\"  title=\"2018_VTT_GrachenMoosalp_49_\u00a9Valais Wallis Promotion &#8211; Pascal Gertschen\" ><\/div><\/div><\/figure><\/a><!--end av-masonry entry--><a href=\"https:\/\/unterbaech.ch\/wp-content\/uploads\/2018_VTT_GrachenMoosalp_47_\u00a9Valais-Wallis-Promotion-Pascal-Gertschen.jpg\" data-srcset=\"https:\/\/unterbaech.ch\/wp-content\/uploads\/2018_VTT_GrachenMoosalp_47_\u00a9Valais-Wallis-Promotion-Pascal-Gertschen.jpg 1191w, https:\/\/unterbaech.ch\/wp-content\/uploads\/2018_VTT_GrachenMoosalp_47_\u00a9Valais-Wallis-Promotion-Pascal-Gertschen-1024x768.jpg 1024w, https:\/\/unterbaech.ch\/wp-content\/uploads\/2018_VTT_GrachenMoosalp_47_\u00a9Valais-Wallis-Promotion-Pascal-Gertschen-768x576.jpg 768w, https:\/\/unterbaech.ch\/wp-content\/uploads\/2018_VTT_GrachenMoosalp_47_\u00a9Valais-Wallis-Promotion-Pascal-Gertschen-705x529.jpg 705w\" data-sizes=\"(max-width: 1191px) 100vw, 1191px\"  aria-label=\"image 2018_VTT_GrachenMoosalp_47_\u00a9Valais Wallis Promotion &#8211; Pascal Gertschen\"  id='av-masonry-1-item-8833' data-av-masonry-item='8833' class='av-masonry-entry isotope-item post-8833 attachment type-attachment status-inherit hentry  av-masonry-item-with-image av-grid-img' title=\"2018_VTT_GrachenMoosalp_47_\u00a9Valais Wallis Promotion &#8211; Pascal Gertschen\" alt=\"\"    itemprop=\"thumbnailUrl\" ><div class='av-inner-masonry-sizer'><\/div><figure class='av-inner-masonry main_color'><div class=\"av-masonry-outerimage-container\"><div class='av-masonry-image-container' style=\"background-image: url(https:\/\/unterbaech.ch\/wp-content\/uploads\/2018_VTT_GrachenMoosalp_47_\u00a9Valais-Wallis-Promotion-Pascal-Gertschen-705x529.jpg);\"  title=\"2018_VTT_GrachenMoosalp_47_\u00a9Valais Wallis Promotion &#8211; Pascal Gertschen\" ><\/div><\/div><\/figure><\/a><!--end av-masonry entry--><a href=\"https:\/\/unterbaech.ch\/wp-content\/uploads\/2018_VTT_GrachenMoosalp_8_\u00a9Valais-Wallis-Promotion-Pascal-Gertschen.jpg\" data-srcset=\"https:\/\/unterbaech.ch\/wp-content\/uploads\/2018_VTT_GrachenMoosalp_8_\u00a9Valais-Wallis-Promotion-Pascal-Gertschen.jpg 1191w, https:\/\/unterbaech.ch\/wp-content\/uploads\/2018_VTT_GrachenMoosalp_8_\u00a9Valais-Wallis-Promotion-Pascal-Gertschen-1024x768.jpg 1024w, https:\/\/unterbaech.ch\/wp-content\/uploads\/2018_VTT_GrachenMoosalp_8_\u00a9Valais-Wallis-Promotion-Pascal-Gertschen-768x576.jpg 768w, https:\/\/unterbaech.ch\/wp-content\/uploads\/2018_VTT_GrachenMoosalp_8_\u00a9Valais-Wallis-Promotion-Pascal-Gertschen-705x529.jpg 705w\" data-sizes=\"(max-width: 1191px) 100vw, 1191px\"  aria-label=\"image 2018_VTT_GrachenMoosalp_8_\u00a9Valais Wallis Promotion &#8211; Pascal Gertschen\"  id='av-masonry-1-item-8821' data-av-masonry-item='8821' class='av-masonry-entry isotope-item post-8821 attachment type-attachment status-inherit hentry  av-masonry-item-with-image av-grid-img' title=\"2018_VTT_GrachenMoosalp_8_\u00a9Valais Wallis Promotion &#8211; Pascal Gertschen\" alt=\"\"    itemprop=\"thumbnailUrl\" ><div class='av-inner-masonry-sizer'><\/div><figure class='av-inner-masonry main_color'><div class=\"av-masonry-outerimage-container\"><div class='av-masonry-image-container' style=\"background-image: url(https:\/\/unterbaech.ch\/wp-content\/uploads\/2018_VTT_GrachenMoosalp_8_\u00a9Valais-Wallis-Promotion-Pascal-Gertschen-705x529.jpg);\"  title=\"2018_VTT_GrachenMoosalp_8_\u00a9Valais Wallis Promotion &#8211; Pascal Gertschen\" ><\/div><\/div><\/figure><\/a><!--end av-masonry entry--><\/div><\/div><\/div>\n","protected":false},"excerpt":{"rendered":"","protected":false},"author":8,"featured_media":0,"parent":14170,"menu_order":0,"comment_status":"closed","ping_status":"closed","template":"","meta":{"inline_featured_image":false,"footnotes":""},"class_list":["post-12988","page","type-page","status-publish","hentry"],"yoast_head":"<!-- This site is optimized with the Yoast SEO plugin v27.3 - https:\/\/yoast.com\/product\/yoast-seo-wordpress\/ -->\n<title>Valais Bike: Unterb\u00e4ch - Gr\u00e4chen - Unterb\u00e4ch<\/title>\n<meta name=\"description\" content=\"The Valais Bike is a three-stage regional bike route, which leads from Leukerbad via Unterb\u00e4ch to Gr\u00e4chen and finally to Brig. Stage two, which leads through our beautiful Augstbord region, also makes a great day trip.\" \/>\n<meta name=\"robots\" content=\"index, follow, max-snippet:-1, max-image-preview:large, max-video-preview:-1\" \/>\n<link rel=\"canonical\" href=\"https:\/\/unterbaech.ch\/en\/discover-experience\/summer\/bike\/valais-bike-unterbaech-graechen\/\" \/>\n<meta property=\"og:locale\" content=\"en_US\" \/>\n<meta property=\"og:type\" content=\"article\" \/>\n<meta property=\"og:title\" content=\"Valais Bike: Unterb\u00e4ch - Gr\u00e4chen - Unterb\u00e4ch\" \/>\n<meta property=\"og:description\" content=\"The Valais Bike is a three-stage regional bike route, which leads from Leukerbad via Unterb\u00e4ch to Gr\u00e4chen and finally to Brig. Stage two, which leads through our beautiful Augstbord region, also makes a great day trip.\" \/>\n<meta property=\"og:url\" content=\"https:\/\/unterbaech.ch\/en\/discover-experience\/summer\/bike\/valais-bike-unterbaech-graechen\/\" \/>\n<meta property=\"og:site_name\" content=\"Unterb\u00e4ch\" \/>\n<meta property=\"article:publisher\" content=\"https:\/\/www.facebook.com\/unterbaech\" \/>\n<meta property=\"article:modified_time\" content=\"2026-03-23T15:41:25+00:00\" \/>\n<meta name=\"twitter:card\" content=\"summary_large_image\" \/>\n<meta name=\"twitter:label1\" content=\"Est. reading time\" \/>\n\t<meta name=\"twitter:data1\" content=\"2 minutes\" \/>\n<script type=\"application\/ld+json\" class=\"yoast-schema-graph\">{\"@context\":\"https:\\\/\\\/schema.org\",\"@graph\":[{\"@type\":\"WebPage\",\"@id\":\"https:\\\/\\\/unterbaech.ch\\\/en\\\/discover-experience\\\/summer\\\/bike\\\/valais-bike-unterbaech-graechen\\\/\",\"url\":\"https:\\\/\\\/unterbaech.ch\\\/en\\\/discover-experience\\\/summer\\\/bike\\\/valais-bike-unterbaech-graechen\\\/\",\"name\":\"Valais Bike: Unterb\u00e4ch - Gr\u00e4chen - Unterb\u00e4ch\",\"isPartOf\":{\"@id\":\"https:\\\/\\\/unterbaech.ch\\\/en\\\/#website\"},\"datePublished\":\"2021-05-28T14:10:43+00:00\",\"dateModified\":\"2026-03-23T15:41:25+00:00\",\"description\":\"The Valais Bike is a three-stage regional bike route, which leads from Leukerbad via Unterb\u00e4ch to Gr\u00e4chen and finally to Brig. Stage two, which leads through our beautiful Augstbord region, also makes a great day trip.\",\"breadcrumb\":{\"@id\":\"https:\\\/\\\/unterbaech.ch\\\/en\\\/discover-experience\\\/summer\\\/bike\\\/valais-bike-unterbaech-graechen\\\/#breadcrumb\"},\"inLanguage\":\"en-US\",\"potentialAction\":[{\"@type\":\"ReadAction\",\"target\":[\"https:\\\/\\\/unterbaech.ch\\\/en\\\/discover-experience\\\/summer\\\/bike\\\/valais-bike-unterbaech-graechen\\\/\"]}]},{\"@type\":\"BreadcrumbList\",\"@id\":\"https:\\\/\\\/unterbaech.ch\\\/en\\\/discover-experience\\\/summer\\\/bike\\\/valais-bike-unterbaech-graechen\\\/#breadcrumb\",\"itemListElement\":[{\"@type\":\"ListItem\",\"position\":1,\"name\":\"Startseite\",\"item\":\"https:\\\/\\\/unterbaech.ch\\\/en\\\/home\\\/\"},{\"@type\":\"ListItem\",\"position\":2,\"name\":\"Discover &#038; Experience\",\"item\":\"https:\\\/\\\/unterbaech.ch\\\/en\\\/discover-experience\\\/\"},{\"@type\":\"ListItem\",\"position\":3,\"name\":\"Summer\",\"item\":\"https:\\\/\\\/unterbaech.ch\\\/en\\\/unterbaech\\\/sommer\\\/\"},{\"@type\":\"ListItem\",\"position\":4,\"name\":\"Bike\",\"item\":\"https:\\\/\\\/unterbaech.ch\\\/en\\\/unterbaech\\\/sommer\\\/biken\\\/\"},{\"@type\":\"ListItem\",\"position\":5,\"name\":\"Valais Bike: Unterb\u00e4ch &#8211; Gr\u00e4chen\"}]},{\"@type\":\"WebSite\",\"@id\":\"https:\\\/\\\/unterbaech.ch\\\/en\\\/#website\",\"url\":\"https:\\\/\\\/unterbaech.ch\\\/en\\\/\",\"name\":\"Unterb\u00e4ch\",\"description\":\"\",\"publisher\":{\"@id\":\"https:\\\/\\\/unterbaech.ch\\\/en\\\/#organization\"},\"potentialAction\":[{\"@type\":\"SearchAction\",\"target\":{\"@type\":\"EntryPoint\",\"urlTemplate\":\"https:\\\/\\\/unterbaech.ch\\\/en\\\/?s={search_term_string}\"},\"query-input\":{\"@type\":\"PropertyValueSpecification\",\"valueRequired\":true,\"valueName\":\"search_term_string\"}}],\"inLanguage\":\"en-US\"},{\"@type\":\"Organization\",\"@id\":\"https:\\\/\\\/unterbaech.ch\\\/en\\\/#organization\",\"name\":\"Unterb\u00e4ch Tourismus\",\"url\":\"https:\\\/\\\/unterbaech.ch\\\/en\\\/\",\"logo\":{\"@type\":\"ImageObject\",\"inLanguage\":\"en-US\",\"@id\":\"https:\\\/\\\/unterbaech.ch\\\/en\\\/#\\\/schema\\\/logo\\\/image\\\/\",\"url\":\"https:\\\/\\\/unterbaech.ch\\\/wp-content\\\/uploads\\\/Logo-1.png\",\"contentUrl\":\"https:\\\/\\\/unterbaech.ch\\\/wp-content\\\/uploads\\\/Logo-1.png\",\"width\":1125,\"height\":1102,\"caption\":\"Unterb\u00e4ch Tourismus\"},\"image\":{\"@id\":\"https:\\\/\\\/unterbaech.ch\\\/en\\\/#\\\/schema\\\/logo\\\/image\\\/\"},\"sameAs\":[\"https:\\\/\\\/www.facebook.com\\\/unterbaech\",\"https:\\\/\\\/www.instagram.com\\\/visit.unterbaech\\\/\",\"https:\\\/\\\/de.wikipedia.org\\\/wiki\\\/Unterb\u00e4ch\"]}]}<\/script>\n<!-- \/ Yoast SEO plugin. -->","yoast_head_json":{"title":"Valais Bike: Unterb\u00e4ch - Gr\u00e4chen - Unterb\u00e4ch","description":"The Valais Bike is a three-stage regional bike route, which leads from Leukerbad via Unterb\u00e4ch to Gr\u00e4chen and finally to Brig. Stage two, which leads through our beautiful Augstbord region, also makes a great day trip.","robots":{"index":"index","follow":"follow","max-snippet":"max-snippet:-1","max-image-preview":"max-image-preview:large","max-video-preview":"max-video-preview:-1"},"canonical":"https:\/\/unterbaech.ch\/en\/discover-experience\/summer\/bike\/valais-bike-unterbaech-graechen\/","og_locale":"en_US","og_type":"article","og_title":"Valais Bike: Unterb\u00e4ch - Gr\u00e4chen - Unterb\u00e4ch","og_description":"The Valais Bike is a three-stage regional bike route, which leads from Leukerbad via Unterb\u00e4ch to Gr\u00e4chen and finally to Brig. Stage two, which leads through our beautiful Augstbord region, also makes a great day trip.","og_url":"https:\/\/unterbaech.ch\/en\/discover-experience\/summer\/bike\/valais-bike-unterbaech-graechen\/","og_site_name":"Unterb\u00e4ch","article_publisher":"https:\/\/www.facebook.com\/unterbaech","article_modified_time":"2026-03-23T15:41:25+00:00","twitter_card":"summary_large_image","twitter_misc":{"Est. reading time":"2 minutes"},"schema":{"@context":"https:\/\/schema.org","@graph":[{"@type":"WebPage","@id":"https:\/\/unterbaech.ch\/en\/discover-experience\/summer\/bike\/valais-bike-unterbaech-graechen\/","url":"https:\/\/unterbaech.ch\/en\/discover-experience\/summer\/bike\/valais-bike-unterbaech-graechen\/","name":"Valais Bike: Unterb\u00e4ch - Gr\u00e4chen - Unterb\u00e4ch","isPartOf":{"@id":"https:\/\/unterbaech.ch\/en\/#website"},"datePublished":"2021-05-28T14:10:43+00:00","dateModified":"2026-03-23T15:41:25+00:00","description":"The Valais Bike is a three-stage regional bike route, which leads from Leukerbad via Unterb\u00e4ch to Gr\u00e4chen and finally to Brig. Stage two, which leads through our beautiful Augstbord region, also makes a great day trip.","breadcrumb":{"@id":"https:\/\/unterbaech.ch\/en\/discover-experience\/summer\/bike\/valais-bike-unterbaech-graechen\/#breadcrumb"},"inLanguage":"en-US","potentialAction":[{"@type":"ReadAction","target":["https:\/\/unterbaech.ch\/en\/discover-experience\/summer\/bike\/valais-bike-unterbaech-graechen\/"]}]},{"@type":"BreadcrumbList","@id":"https:\/\/unterbaech.ch\/en\/discover-experience\/summer\/bike\/valais-bike-unterbaech-graechen\/#breadcrumb","itemListElement":[{"@type":"ListItem","position":1,"name":"Startseite","item":"https:\/\/unterbaech.ch\/en\/home\/"},{"@type":"ListItem","position":2,"name":"Discover &#038; Experience","item":"https:\/\/unterbaech.ch\/en\/discover-experience\/"},{"@type":"ListItem","position":3,"name":"Summer","item":"https:\/\/unterbaech.ch\/en\/unterbaech\/sommer\/"},{"@type":"ListItem","position":4,"name":"Bike","item":"https:\/\/unterbaech.ch\/en\/unterbaech\/sommer\/biken\/"},{"@type":"ListItem","position":5,"name":"Valais Bike: Unterb\u00e4ch &#8211; Gr\u00e4chen"}]},{"@type":"WebSite","@id":"https:\/\/unterbaech.ch\/en\/#website","url":"https:\/\/unterbaech.ch\/en\/","name":"Unterb\u00e4ch","description":"","publisher":{"@id":"https:\/\/unterbaech.ch\/en\/#organization"},"potentialAction":[{"@type":"SearchAction","target":{"@type":"EntryPoint","urlTemplate":"https:\/\/unterbaech.ch\/en\/?s={search_term_string}"},"query-input":{"@type":"PropertyValueSpecification","valueRequired":true,"valueName":"search_term_string"}}],"inLanguage":"en-US"},{"@type":"Organization","@id":"https:\/\/unterbaech.ch\/en\/#organization","name":"Unterb\u00e4ch Tourismus","url":"https:\/\/unterbaech.ch\/en\/","logo":{"@type":"ImageObject","inLanguage":"en-US","@id":"https:\/\/unterbaech.ch\/en\/#\/schema\/logo\/image\/","url":"https:\/\/unterbaech.ch\/wp-content\/uploads\/Logo-1.png","contentUrl":"https:\/\/unterbaech.ch\/wp-content\/uploads\/Logo-1.png","width":1125,"height":1102,"caption":"Unterb\u00e4ch Tourismus"},"image":{"@id":"https:\/\/unterbaech.ch\/en\/#\/schema\/logo\/image\/"},"sameAs":["https:\/\/www.facebook.com\/unterbaech","https:\/\/www.instagram.com\/visit.unterbaech\/","https:\/\/de.wikipedia.org\/wiki\/Unterb\u00e4ch"]}]}},"_links":{"self":[{"href":"https:\/\/unterbaech.ch\/en\/wp-json\/wp\/v2\/pages\/12988","targetHints":{"allow":["GET"]}}],"collection":[{"href":"https:\/\/unterbaech.ch\/en\/wp-json\/wp\/v2\/pages"}],"about":[{"href":"https:\/\/unterbaech.ch\/en\/wp-json\/wp\/v2\/types\/page"}],"author":[{"embeddable":true,"href":"https:\/\/unterbaech.ch\/en\/wp-json\/wp\/v2\/users\/8"}],"replies":[{"embeddable":true,"href":"https:\/\/unterbaech.ch\/en\/wp-json\/wp\/v2\/comments?post=12988"}],"version-history":[{"count":6,"href":"https:\/\/unterbaech.ch\/en\/wp-json\/wp\/v2\/pages\/12988\/revisions"}],"predecessor-version":[{"id":29559,"href":"https:\/\/unterbaech.ch\/en\/wp-json\/wp\/v2\/pages\/12988\/revisions\/29559"}],"up":[{"embeddable":true,"href":"https:\/\/unterbaech.ch\/en\/wp-json\/wp\/v2\/pages\/14170"}],"wp:attachment":[{"href":"https:\/\/unterbaech.ch\/en\/wp-json\/wp\/v2\/media?parent=12988"}],"curies":[{"name":"wp","href":"https:\/\/api.w.org\/{rel}","templated":true}]}}