{"id":13882,"date":"2021-10-05T12:43:42","date_gmt":"2021-10-05T10:43:42","guid":{"rendered":"https:\/\/unterbaech.ch\/skitouring\/augstbordhorn\/"},"modified":"2026-03-24T14:41:45","modified_gmt":"2026-03-24T13:41:45","slug":"augstbordhorn","status":"publish","type":"page","link":"https:\/\/unterbaech.ch\/en\/discover-experience\/winter\/skitouring\/augstbordhorn\/","title":{"rendered":"Augstbordhorn"},"content":{"rendered":"\n<style type=\"text\/css\" data-created_by=\"avia_inline_auto\" id=\"style-css-av-kbax8y3e-b9bf856e063ffdca6cdf412ef601a865\">\n.avia-section.av-kbax8y3e-b9bf856e063ffdca6cdf412ef601a865 .av-parallax .av-parallax-inner{\nbackground-repeat:no-repeat;\nbackground-image:url(https:\/\/unterbaech.ch\/wp-content\/uploads\/2020\/07\/GOPR0323-scaled.jpg);\nbackground-position:100% 50%;\nbackground-attachment:scroll;\n}\n<\/style>\n<div id='av_section_1'  class='avia-section av-kbax8y3e-b9bf856e063ffdca6cdf412ef601a865 main_color avia-section-default avia-no-border-styling  avia-builder-el-0  el_before_av_section  avia-builder-el-first  section-fullwidthimage avia-full-stretch av-parallax-section avia-bg-style-parallax av-minimum-height av-minimum-height-50 av-height-50  container_wrap fullsize'  data-section-bg-repeat='stretch' data-av_minimum_height_pc='50' data-av_min_height_opt='50'><div class='av-parallax' data-avia-parallax-ratio='0.3' ><div class='av-parallax-inner main_color avia-full-stretch'><\/div><\/div><div class='container av-section-cont-open' ><main  role=\"main\" itemprop=\"mainContentOfPage\"  class='template-page content  av-content-full alpha units'><div class='post-entry post-entry-type-page post-entry-13882'><div class='entry-content-wrapper clearfix'>\n<\/div><\/div><\/main><!-- close content main element --><\/div><\/div><div id='av_section_2'  class='avia-section av-1n2h9-eef07d2470a934665895b572bc96122f main_color avia-section-default avia-no-border-styling  avia-builder-el-1  el_after_av_section  el_before_av_hr  section-leadtext onecol avia-bg-style-scroll container_wrap fullsize'  ><div class='container av-section-cont-open' ><div class='template-page content  av-content-full alpha units'><div class='post-entry post-entry-type-page post-entry-13882'><div class='entry-content-wrapper clearfix'>\n<section  class='av_textblock_section av-kbawhdx8-9a55faeefcbf4e8706dea9c49b9010c2 '   itemscope=\"itemscope\" itemtype=\"https:\/\/schema.org\/CreativeWork\" ><div class='avia_textblock'  itemprop=\"text\" ><p style=\"text-align: center;\"><strong>SKITOUR N\u00b0 190b<br \/>\n<\/strong><\/p>\n<h3 style=\"text-align: center;\">AUGSTBORDHORN<\/h3>\n<\/div><\/section>\n\n<style type=\"text\/css\" data-created_by=\"avia_inline_auto\" id=\"style-css-av-kbax4bbr-27f78f1f5574462b1f9eaf8ccb6701aa\">\n#top .hr.hr-invisible.av-kbax4bbr-27f78f1f5574462b1f9eaf8ccb6701aa{\nheight:25px;\n}\n<\/style>\n<div  class='hr av-kbax4bbr-27f78f1f5574462b1f9eaf8ccb6701aa hr-invisible  avia-builder-el-3  el_after_av_textblock  el_before_av_textblock '><span class='hr-inner '><span class=\"hr-inner-style\"><\/span><\/span><\/div>\n<section  class='av_textblock_section av-kb9j7yy8-cb52267f29ec33a0cbd1cb12b1aeb1b9 '   itemscope=\"itemscope\" itemtype=\"https:\/\/schema.org\/CreativeWork\" ><div class='avia_textblock lead'  itemprop=\"text\" ><p>From the top station of the Seefeld lift (2,415 m a.s.l.), the route leads through beautiful hilly terrain to Grosse See lake (2,546 m a.s.l.). From here you ascend in a south-eastern direction to the \u2018Chumminilicke\u2019. Following the wide ridge, you finally reach the 2,973-metre-high summit of the Augstbordhorn. Here you have an incredible view of the Mischabel group. The Nadelgrat ridge, together with Dirruhorn (4,034 m a.s.l.), Hohb\u00e4rghorn (4,217 m a.s.l.), Stecknadelhorn (4,239 m a.s.l.) and Nadelhorn (4,327 m a.s.l.), as well as the mighty Dom (4,545 m a.s.l.), offers an unforgettable Alpine backdrop. There are several options for the descent. Most of the time you either ski down to the northeast into the \u2018T\u00f6rbelt\u00e4lli\u2019 valley to reach the B\u00fcrchen-T\u00f6rbel ski resort, or follow the route you came up and return to the Unterb\u00e4ch slopes at \u2018Obers S\u00e4nntum\u2019.<\/p>\n<\/div><\/section>\n\n<style type=\"text\/css\" data-created_by=\"avia_inline_auto\" id=\"style-css-av-kbax4bbr-27f78f1f5574462b1f9eaf8ccb6701aa\">\n#top .hr.hr-invisible.av-kbax4bbr-27f78f1f5574462b1f9eaf8ccb6701aa{\nheight:25px;\n}\n<\/style>\n<div  class='hr av-kbax4bbr-27f78f1f5574462b1f9eaf8ccb6701aa hr-invisible  avia-builder-el-5  el_after_av_textblock  el_before_av_textblock '><span class='hr-inner '><span class=\"hr-inner-style\"><\/span><\/span><\/div>\n<section  class='av_textblock_section av-kbawhdx8-4b6b00edbcd58df42bb800e9e9971c00 '   itemscope=\"itemscope\" itemtype=\"https:\/\/schema.org\/CreativeWork\" ><div class='avia_textblock lead'  itemprop=\"text\" ><h5>TOURENDETAILS<\/h5>\n<ul>\n<li style=\"text-align: left;\"><span data-contrast=\"auto\"><strong>Zeitbedarf Aufstieg:<\/strong> 2h<\/span><span data-contrast=\"auto\"> (\u2191550m \u21931750<\/span><span data-contrast=\"auto\">\u00a0m<\/span><span data-ccp-props=\"{\">)<\/span><\/li>\n<li style=\"text-align: left;\"><span data-contrast=\"auto\"><strong>Starth\u00f6he:<\/strong> 2&#8217;431 <\/span><span data-contrast=\"auto\">m \u00fc. M. \/ <strong>Zielh\u00f6he:<\/strong> 2&#8217;973 m \u00fc. M.<\/span><\/li>\n<li style=\"text-align: left;\"><span data-contrast=\"auto\"><strong>Route:<\/strong> Skilift Seefeld \u2013 Grosse See <\/span><span data-contrast=\"auto\">\u2013 Augstbordhorn <strong>\u2013 <\/strong>Ober S\u00e4nntum <strong>\u2013 <\/strong>Unterb\u00e4ch<\/span><\/li>\n<\/ul>\n<\/div><\/section>\n\n<style type=\"text\/css\" data-created_by=\"avia_inline_auto\" id=\"style-css-av-kbax4bbr-27f78f1f5574462b1f9eaf8ccb6701aa\">\n#top .hr.hr-invisible.av-kbax4bbr-27f78f1f5574462b1f9eaf8ccb6701aa{\nheight:25px;\n}\n<\/style>\n<div  class='hr av-kbax4bbr-27f78f1f5574462b1f9eaf8ccb6701aa hr-invisible  avia-builder-el-7  el_after_av_textblock  el_before_av_codeblock '><span class='hr-inner '><span class=\"hr-inner-style\"><\/span><\/span><\/div>\n\n<\/div><\/div><\/div><!-- close content main div --><\/div><\/div><div id='after_section_2'  class='main_color av_default_container_wrap container_wrap fullsize'  ><div class='container av-section-cont-open' ><div class='template-page content  av-content-full alpha units'><div class='post-entry post-entry-type-page post-entry-13882'><div class='entry-content-wrapper clearfix'>\n<style type=\"text\/css\" data-created_by=\"avia_inline_auto\" id=\"style-css-av-kbax4bbr-27f78f1f5574462b1f9eaf8ccb6701aa\">\n#top .hr.hr-invisible.av-kbax4bbr-27f78f1f5574462b1f9eaf8ccb6701aa{\nheight:25px;\n}\n<\/style>\n<div  class='hr av-kbax4bbr-27f78f1f5574462b1f9eaf8ccb6701aa hr-invisible  avia-builder-el-9  el_after_av_section  el_before_av_one_full  avia-builder-el-first '><span class='hr-inner '><span class=\"hr-inner-style\"><\/span><\/span><\/div><\/p>\n\n<style type=\"text\/css\" data-created_by=\"avia_inline_auto\" id=\"style-css-av-kbujysp3-bb5986012cdba25cfd25bc18cd1575b4\">\n.flex_column.av-kbujysp3-bb5986012cdba25cfd25bc18cd1575b4{\nborder-radius:0px 0px 0px 0px;\npadding:0px 0px 0px 0px;\n}\n<\/style>\n<div  class='flex_column av-kbujysp3-bb5986012cdba25cfd25bc18cd1575b4 av_one_full  avia-builder-el-10  el_after_av_hr  avia-builder-el-last  gallery-masonry first flex_column_div av-zero-column-padding  '     ><div id='av-masonry-1' class='av-masonry av-kbrrgn31-d7c10024e7aaca111db65a49568933f0 noHover av-fixed-size av-large-gap av-hover-overlay-active av-masonry-animation-active av-masonry-col-3 av-caption-always av-caption-style- av-masonry-gallery ' data-post_id=\"13882\"><div class=\"av-masonry-container isotope av-js-disabled\"><div class='av-masonry-entry isotope-item av-masonry-item-no-image '><\/div><a href=\"https:\/\/unterbaech.ch\/wp-content\/uploads\/2020\/07\/Skilift-1440x1080.jpg\" data-srcset=\"https:\/\/unterbaech.ch\/wp-content\/uploads\/2020\/07\/Skilift-1440x1080.jpg 1440w, https:\/\/unterbaech.ch\/wp-content\/uploads\/2020\/07\/Skilift-1024x768.jpg 1024w, https:\/\/unterbaech.ch\/wp-content\/uploads\/2020\/07\/Skilift-768x576.jpg 768w, https:\/\/unterbaech.ch\/wp-content\/uploads\/2020\/07\/Skilift-1536x1152.jpg 1536w, https:\/\/unterbaech.ch\/wp-content\/uploads\/2020\/07\/Skilift-2048x1536.jpg 2048w, https:\/\/unterbaech.ch\/wp-content\/uploads\/2020\/07\/Skilift-1500x1125.jpg 1500w, https:\/\/unterbaech.ch\/wp-content\/uploads\/2020\/07\/Skilift-705x529.jpg 705w, https:\/\/unterbaech.ch\/wp-content\/uploads\/2020\/07\/Skilift-scaled.jpg 1920w\" data-sizes=\"(max-width: 1440px) 100vw, 1440px\"  aria-label=\"image DCIM100GOPROGOPR0297.JPG\"  id='av-masonry-1-item-3490' data-av-masonry-item='3490' class='av-masonry-entry isotope-item post-3490 attachment type-attachment status-inherit hentry  av-masonry-item-with-image av-grid-img' title=\"DCIM100GOPROGOPR0297.JPG\" alt=\"\"    itemprop=\"thumbnailUrl\" ><div class='av-inner-masonry-sizer'><\/div><figure class='av-inner-masonry main_color'><div class=\"av-masonry-outerimage-container\"><div class='av-masonry-image-container' style=\"background-image: url(https:\/\/unterbaech.ch\/wp-content\/uploads\/2020\/07\/Skilift-705x529.jpg);\"  title=\"DCIM100GOPROGOPR0297.JPG\" ><\/div><\/div><\/figure><\/a><!--end av-masonry entry--><a href=\"https:\/\/unterbaech.ch\/wp-content\/uploads\/2020\/07\/GOPR0324-1440x1080.jpg\" data-srcset=\"https:\/\/unterbaech.ch\/wp-content\/uploads\/2020\/07\/GOPR0324-1440x1080.jpg 1440w, https:\/\/unterbaech.ch\/wp-content\/uploads\/2020\/07\/GOPR0324-1024x768.jpg 1024w, https:\/\/unterbaech.ch\/wp-content\/uploads\/2020\/07\/GOPR0324-768x576.jpg 768w, https:\/\/unterbaech.ch\/wp-content\/uploads\/2020\/07\/GOPR0324-1536x1152.jpg 1536w, https:\/\/unterbaech.ch\/wp-content\/uploads\/2020\/07\/GOPR0324-2048x1536.jpg 2048w, https:\/\/unterbaech.ch\/wp-content\/uploads\/2020\/07\/GOPR0324-1500x1125.jpg 1500w, https:\/\/unterbaech.ch\/wp-content\/uploads\/2020\/07\/GOPR0324-705x529.jpg 705w, https:\/\/unterbaech.ch\/wp-content\/uploads\/2020\/07\/GOPR0324-scaled.jpg 1920w\" data-sizes=\"(max-width: 1440px) 100vw, 1440px\"  aria-label=\"image DCIM100GOPROGOPR0324.JPG\"  id='av-masonry-1-item-3487' data-av-masonry-item='3487' class='av-masonry-entry isotope-item post-3487 attachment type-attachment status-inherit hentry  av-masonry-item-with-image av-grid-img' title=\"DCIM100GOPROGOPR0324.JPG\" alt=\"\"    itemprop=\"thumbnailUrl\" ><div class='av-inner-masonry-sizer'><\/div><figure class='av-inner-masonry main_color'><div class=\"av-masonry-outerimage-container\"><div class='av-masonry-image-container' style=\"background-image: url(https:\/\/unterbaech.ch\/wp-content\/uploads\/2020\/07\/GOPR0324-705x529.jpg);\"  title=\"DCIM100GOPROGOPR0324.JPG\" ><\/div><\/div><\/figure><\/a><!--end av-masonry entry--><a href=\"https:\/\/unterbaech.ch\/wp-content\/uploads\/2020\/07\/GOPR0322-1440x1080.jpg\" data-srcset=\"https:\/\/unterbaech.ch\/wp-content\/uploads\/2020\/07\/GOPR0322-1440x1080.jpg 1440w, https:\/\/unterbaech.ch\/wp-content\/uploads\/2020\/07\/GOPR0322-1024x768.jpg 1024w, https:\/\/unterbaech.ch\/wp-content\/uploads\/2020\/07\/GOPR0322-768x576.jpg 768w, https:\/\/unterbaech.ch\/wp-content\/uploads\/2020\/07\/GOPR0322-1536x1152.jpg 1536w, https:\/\/unterbaech.ch\/wp-content\/uploads\/2020\/07\/GOPR0322-2048x1536.jpg 2048w, https:\/\/unterbaech.ch\/wp-content\/uploads\/2020\/07\/GOPR0322-1500x1125.jpg 1500w, https:\/\/unterbaech.ch\/wp-content\/uploads\/2020\/07\/GOPR0322-705x529.jpg 705w, https:\/\/unterbaech.ch\/wp-content\/uploads\/2020\/07\/GOPR0322-scaled.jpg 1920w\" data-sizes=\"(max-width: 1440px) 100vw, 1440px\"  aria-label=\"image DCIM100GOPROGOPR0322.JPG\"  id='av-masonry-1-item-3481' data-av-masonry-item='3481' class='av-masonry-entry isotope-item post-3481 attachment type-attachment status-inherit hentry  av-masonry-item-with-image av-grid-img' title=\"DCIM100GOPROGOPR0322.JPG\" alt=\"\"    itemprop=\"thumbnailUrl\" ><div class='av-inner-masonry-sizer'><\/div><figure class='av-inner-masonry main_color'><div class=\"av-masonry-outerimage-container\"><div class='av-masonry-image-container' style=\"background-image: url(https:\/\/unterbaech.ch\/wp-content\/uploads\/2020\/07\/GOPR0322-705x529.jpg);\"  title=\"DCIM100GOPROGOPR0322.JPG\" ><\/div><\/div><\/figure><\/a><!--end av-masonry entry--><a href=\"https:\/\/unterbaech.ch\/wp-content\/uploads\/2020\/07\/Dreizehntenhorn-3-1440x1080.jpg\" data-srcset=\"https:\/\/unterbaech.ch\/wp-content\/uploads\/2020\/07\/Dreizehntenhorn-3-1440x1080.jpg 1440w, https:\/\/unterbaech.ch\/wp-content\/uploads\/2020\/07\/Dreizehntenhorn-3-1024x768.jpg 1024w, https:\/\/unterbaech.ch\/wp-content\/uploads\/2020\/07\/Dreizehntenhorn-3-768x576.jpg 768w, https:\/\/unterbaech.ch\/wp-content\/uploads\/2020\/07\/Dreizehntenhorn-3-1536x1152.jpg 1536w, https:\/\/unterbaech.ch\/wp-content\/uploads\/2020\/07\/Dreizehntenhorn-3-2048x1536.jpg 2048w, https:\/\/unterbaech.ch\/wp-content\/uploads\/2020\/07\/Dreizehntenhorn-3-1500x1125.jpg 1500w, https:\/\/unterbaech.ch\/wp-content\/uploads\/2020\/07\/Dreizehntenhorn-3-705x529.jpg 705w, https:\/\/unterbaech.ch\/wp-content\/uploads\/2020\/07\/Dreizehntenhorn-3-scaled.jpg 1920w\" data-sizes=\"(max-width: 1440px) 100vw, 1440px\"  aria-label=\"image DCIM100GOPROGOPR0315.JPG\"  id='av-masonry-1-item-3442' data-av-masonry-item='3442' class='av-masonry-entry isotope-item post-3442 attachment type-attachment status-inherit hentry  av-masonry-item-with-image av-grid-img' title=\"DCIM100GOPROGOPR0315.JPG\" alt=\"\"    itemprop=\"thumbnailUrl\" ><div class='av-inner-masonry-sizer'><\/div><figure class='av-inner-masonry main_color'><div class=\"av-masonry-outerimage-container\"><div class='av-masonry-image-container' style=\"background-image: url(https:\/\/unterbaech.ch\/wp-content\/uploads\/2020\/07\/Dreizehntenhorn-3-705x529.jpg);\"  title=\"DCIM100GOPROGOPR0315.JPG\" ><\/div><\/div><\/figure><\/a><!--end av-masonry entry--><a href=\"https:\/\/unterbaech.ch\/wp-content\/uploads\/2020\/07\/Auf-dem-Augstbordgrat-1440x1080.jpg\" data-srcset=\"https:\/\/unterbaech.ch\/wp-content\/uploads\/2020\/07\/Auf-dem-Augstbordgrat-1440x1080.jpg 1440w, https:\/\/unterbaech.ch\/wp-content\/uploads\/2020\/07\/Auf-dem-Augstbordgrat-1024x768.jpg 1024w, https:\/\/unterbaech.ch\/wp-content\/uploads\/2020\/07\/Auf-dem-Augstbordgrat-768x576.jpg 768w, https:\/\/unterbaech.ch\/wp-content\/uploads\/2020\/07\/Auf-dem-Augstbordgrat-1536x1152.jpg 1536w, https:\/\/unterbaech.ch\/wp-content\/uploads\/2020\/07\/Auf-dem-Augstbordgrat-2048x1536.jpg 2048w, https:\/\/unterbaech.ch\/wp-content\/uploads\/2020\/07\/Auf-dem-Augstbordgrat-1500x1125.jpg 1500w, https:\/\/unterbaech.ch\/wp-content\/uploads\/2020\/07\/Auf-dem-Augstbordgrat-705x529.jpg 705w, https:\/\/unterbaech.ch\/wp-content\/uploads\/2020\/07\/Auf-dem-Augstbordgrat-scaled.jpg 1920w\" data-sizes=\"(max-width: 1440px) 100vw, 1440px\"  aria-label=\"image DCIM100GOPROGOPR0314.JPG\"  id='av-masonry-1-item-3433' data-av-masonry-item='3433' class='av-masonry-entry isotope-item post-3433 attachment type-attachment status-inherit hentry  av-masonry-item-with-image av-grid-img' title=\"DCIM100GOPROGOPR0314.JPG\" alt=\"\"    itemprop=\"thumbnailUrl\" ><div class='av-inner-masonry-sizer'><\/div><figure class='av-inner-masonry main_color'><div class=\"av-masonry-outerimage-container\"><div class='av-masonry-image-container' style=\"background-image: url(https:\/\/unterbaech.ch\/wp-content\/uploads\/2020\/07\/Auf-dem-Augstbordgrat-705x529.jpg);\"  title=\"DCIM100GOPROGOPR0314.JPG\" ><\/div><\/div><\/figure><\/a><!--end av-masonry entry--><\/div><\/div><\/div>\n","protected":false},"excerpt":{"rendered":"","protected":false},"author":8,"featured_media":0,"parent":13746,"menu_order":0,"comment_status":"closed","ping_status":"closed","template":"","meta":{"inline_featured_image":false,"footnotes":""},"class_list":["post-13882","page","type-page","status-publish","hentry"],"yoast_head":"<!-- This site is optimized with the Yoast SEO plugin v27.3 - https:\/\/yoast.com\/product\/yoast-seo-wordpress\/ -->\n<title>Augstbordhorn - Unterb\u00e4ch<\/title>\n<meta name=\"description\" content=\"From the top station of the Seefeld lift (2,415 m a.s.l.), the route leads through beautiful hilly terrain to Grosse See lake (2,546 m a.s.l.). From here you ascend in a south-eastern direction to the \u2018Chumminilicke\u2019. Following the wide ridge, you finally reach the 2,973-metre-high summit of the Augstbordhorn.\" \/>\n<meta name=\"robots\" content=\"index, follow, max-snippet:-1, max-image-preview:large, max-video-preview:-1\" \/>\n<link rel=\"canonical\" href=\"https:\/\/unterbaech.ch\/en\/discover-experience\/winter\/skitouring\/augstbordhorn\/\" \/>\n<meta property=\"og:locale\" content=\"en_US\" \/>\n<meta property=\"og:type\" content=\"article\" \/>\n<meta property=\"og:title\" content=\"Augstbordhorn - Unterb\u00e4ch\" \/>\n<meta property=\"og:description\" content=\"From the top station of the Seefeld lift (2,415 m a.s.l.), the route leads through beautiful hilly terrain to Grosse See lake (2,546 m a.s.l.). From here you ascend in a south-eastern direction to the \u2018Chumminilicke\u2019. Following the wide ridge, you finally reach the 2,973-metre-high summit of the Augstbordhorn.\" \/>\n<meta property=\"og:url\" content=\"https:\/\/unterbaech.ch\/en\/discover-experience\/winter\/skitouring\/augstbordhorn\/\" \/>\n<meta property=\"og:site_name\" content=\"Unterb\u00e4ch\" \/>\n<meta property=\"article:publisher\" content=\"https:\/\/www.facebook.com\/unterbaech\" \/>\n<meta property=\"article:modified_time\" content=\"2026-03-24T13:41:45+00:00\" \/>\n<meta name=\"twitter:card\" content=\"summary_large_image\" \/>\n<meta name=\"twitter:label1\" content=\"Est. reading time\" \/>\n\t<meta name=\"twitter:data1\" content=\"1 minute\" \/>\n<script type=\"application\/ld+json\" class=\"yoast-schema-graph\">{\"@context\":\"https:\\\/\\\/schema.org\",\"@graph\":[{\"@type\":\"WebPage\",\"@id\":\"https:\\\/\\\/unterbaech.ch\\\/en\\\/discover-experience\\\/winter\\\/skitouring\\\/augstbordhorn\\\/\",\"url\":\"https:\\\/\\\/unterbaech.ch\\\/en\\\/discover-experience\\\/winter\\\/skitouring\\\/augstbordhorn\\\/\",\"name\":\"Augstbordhorn - Unterb\u00e4ch\",\"isPartOf\":{\"@id\":\"https:\\\/\\\/unterbaech.ch\\\/en\\\/#website\"},\"datePublished\":\"2021-10-05T10:43:42+00:00\",\"dateModified\":\"2026-03-24T13:41:45+00:00\",\"description\":\"From the top station of the Seefeld lift (2,415 m a.s.l.), the route leads through beautiful hilly terrain to Grosse See lake (2,546 m a.s.l.). From here you ascend in a south-eastern direction to the \u2018Chumminilicke\u2019. Following the wide ridge, you finally reach the 2,973-metre-high summit of the Augstbordhorn.\",\"breadcrumb\":{\"@id\":\"https:\\\/\\\/unterbaech.ch\\\/en\\\/discover-experience\\\/winter\\\/skitouring\\\/augstbordhorn\\\/#breadcrumb\"},\"inLanguage\":\"en-US\",\"potentialAction\":[{\"@type\":\"ReadAction\",\"target\":[\"https:\\\/\\\/unterbaech.ch\\\/en\\\/discover-experience\\\/winter\\\/skitouring\\\/augstbordhorn\\\/\"]}]},{\"@type\":\"BreadcrumbList\",\"@id\":\"https:\\\/\\\/unterbaech.ch\\\/en\\\/discover-experience\\\/winter\\\/skitouring\\\/augstbordhorn\\\/#breadcrumb\",\"itemListElement\":[{\"@type\":\"ListItem\",\"position\":1,\"name\":\"Startseite\",\"item\":\"https:\\\/\\\/unterbaech.ch\\\/en\\\/home\\\/\"},{\"@type\":\"ListItem\",\"position\":2,\"name\":\"Discover &#038; Experience\",\"item\":\"https:\\\/\\\/unterbaech.ch\\\/en\\\/discover-experience\\\/\"},{\"@type\":\"ListItem\",\"position\":3,\"name\":\"Winter\",\"item\":\"https:\\\/\\\/unterbaech.ch\\\/en\\\/unterbaech\\\/winter\\\/\"},{\"@type\":\"ListItem\",\"position\":4,\"name\":\"Skitouring\",\"item\":\"https:\\\/\\\/unterbaech.ch\\\/en\\\/discover-experience\\\/winter\\\/skitouring\\\/\"},{\"@type\":\"ListItem\",\"position\":5,\"name\":\"Augstbordhorn\"}]},{\"@type\":\"WebSite\",\"@id\":\"https:\\\/\\\/unterbaech.ch\\\/en\\\/#website\",\"url\":\"https:\\\/\\\/unterbaech.ch\\\/en\\\/\",\"name\":\"Unterb\u00e4ch\",\"description\":\"\",\"publisher\":{\"@id\":\"https:\\\/\\\/unterbaech.ch\\\/en\\\/#organization\"},\"potentialAction\":[{\"@type\":\"SearchAction\",\"target\":{\"@type\":\"EntryPoint\",\"urlTemplate\":\"https:\\\/\\\/unterbaech.ch\\\/en\\\/?s={search_term_string}\"},\"query-input\":{\"@type\":\"PropertyValueSpecification\",\"valueRequired\":true,\"valueName\":\"search_term_string\"}}],\"inLanguage\":\"en-US\"},{\"@type\":\"Organization\",\"@id\":\"https:\\\/\\\/unterbaech.ch\\\/en\\\/#organization\",\"name\":\"Unterb\u00e4ch Tourismus\",\"url\":\"https:\\\/\\\/unterbaech.ch\\\/en\\\/\",\"logo\":{\"@type\":\"ImageObject\",\"inLanguage\":\"en-US\",\"@id\":\"https:\\\/\\\/unterbaech.ch\\\/en\\\/#\\\/schema\\\/logo\\\/image\\\/\",\"url\":\"https:\\\/\\\/unterbaech.ch\\\/wp-content\\\/uploads\\\/Logo-1.png\",\"contentUrl\":\"https:\\\/\\\/unterbaech.ch\\\/wp-content\\\/uploads\\\/Logo-1.png\",\"width\":1125,\"height\":1102,\"caption\":\"Unterb\u00e4ch Tourismus\"},\"image\":{\"@id\":\"https:\\\/\\\/unterbaech.ch\\\/en\\\/#\\\/schema\\\/logo\\\/image\\\/\"},\"sameAs\":[\"https:\\\/\\\/www.facebook.com\\\/unterbaech\",\"https:\\\/\\\/www.instagram.com\\\/visit.unterbaech\\\/\",\"https:\\\/\\\/de.wikipedia.org\\\/wiki\\\/Unterb\u00e4ch\"]}]}<\/script>\n<!-- \/ Yoast SEO plugin. -->","yoast_head_json":{"title":"Augstbordhorn - Unterb\u00e4ch","description":"From the top station of the Seefeld lift (2,415 m a.s.l.), the route leads through beautiful hilly terrain to Grosse See lake (2,546 m a.s.l.). From here you ascend in a south-eastern direction to the \u2018Chumminilicke\u2019. Following the wide ridge, you finally reach the 2,973-metre-high summit of the Augstbordhorn.","robots":{"index":"index","follow":"follow","max-snippet":"max-snippet:-1","max-image-preview":"max-image-preview:large","max-video-preview":"max-video-preview:-1"},"canonical":"https:\/\/unterbaech.ch\/en\/discover-experience\/winter\/skitouring\/augstbordhorn\/","og_locale":"en_US","og_type":"article","og_title":"Augstbordhorn - Unterb\u00e4ch","og_description":"From the top station of the Seefeld lift (2,415 m a.s.l.), the route leads through beautiful hilly terrain to Grosse See lake (2,546 m a.s.l.). From here you ascend in a south-eastern direction to the \u2018Chumminilicke\u2019. Following the wide ridge, you finally reach the 2,973-metre-high summit of the Augstbordhorn.","og_url":"https:\/\/unterbaech.ch\/en\/discover-experience\/winter\/skitouring\/augstbordhorn\/","og_site_name":"Unterb\u00e4ch","article_publisher":"https:\/\/www.facebook.com\/unterbaech","article_modified_time":"2026-03-24T13:41:45+00:00","twitter_card":"summary_large_image","twitter_misc":{"Est. reading time":"1 minute"},"schema":{"@context":"https:\/\/schema.org","@graph":[{"@type":"WebPage","@id":"https:\/\/unterbaech.ch\/en\/discover-experience\/winter\/skitouring\/augstbordhorn\/","url":"https:\/\/unterbaech.ch\/en\/discover-experience\/winter\/skitouring\/augstbordhorn\/","name":"Augstbordhorn - Unterb\u00e4ch","isPartOf":{"@id":"https:\/\/unterbaech.ch\/en\/#website"},"datePublished":"2021-10-05T10:43:42+00:00","dateModified":"2026-03-24T13:41:45+00:00","description":"From the top station of the Seefeld lift (2,415 m a.s.l.), the route leads through beautiful hilly terrain to Grosse See lake (2,546 m a.s.l.). From here you ascend in a south-eastern direction to the \u2018Chumminilicke\u2019. Following the wide ridge, you finally reach the 2,973-metre-high summit of the Augstbordhorn.","breadcrumb":{"@id":"https:\/\/unterbaech.ch\/en\/discover-experience\/winter\/skitouring\/augstbordhorn\/#breadcrumb"},"inLanguage":"en-US","potentialAction":[{"@type":"ReadAction","target":["https:\/\/unterbaech.ch\/en\/discover-experience\/winter\/skitouring\/augstbordhorn\/"]}]},{"@type":"BreadcrumbList","@id":"https:\/\/unterbaech.ch\/en\/discover-experience\/winter\/skitouring\/augstbordhorn\/#breadcrumb","itemListElement":[{"@type":"ListItem","position":1,"name":"Startseite","item":"https:\/\/unterbaech.ch\/en\/home\/"},{"@type":"ListItem","position":2,"name":"Discover &#038; Experience","item":"https:\/\/unterbaech.ch\/en\/discover-experience\/"},{"@type":"ListItem","position":3,"name":"Winter","item":"https:\/\/unterbaech.ch\/en\/unterbaech\/winter\/"},{"@type":"ListItem","position":4,"name":"Skitouring","item":"https:\/\/unterbaech.ch\/en\/discover-experience\/winter\/skitouring\/"},{"@type":"ListItem","position":5,"name":"Augstbordhorn"}]},{"@type":"WebSite","@id":"https:\/\/unterbaech.ch\/en\/#website","url":"https:\/\/unterbaech.ch\/en\/","name":"Unterb\u00e4ch","description":"","publisher":{"@id":"https:\/\/unterbaech.ch\/en\/#organization"},"potentialAction":[{"@type":"SearchAction","target":{"@type":"EntryPoint","urlTemplate":"https:\/\/unterbaech.ch\/en\/?s={search_term_string}"},"query-input":{"@type":"PropertyValueSpecification","valueRequired":true,"valueName":"search_term_string"}}],"inLanguage":"en-US"},{"@type":"Organization","@id":"https:\/\/unterbaech.ch\/en\/#organization","name":"Unterb\u00e4ch Tourismus","url":"https:\/\/unterbaech.ch\/en\/","logo":{"@type":"ImageObject","inLanguage":"en-US","@id":"https:\/\/unterbaech.ch\/en\/#\/schema\/logo\/image\/","url":"https:\/\/unterbaech.ch\/wp-content\/uploads\/Logo-1.png","contentUrl":"https:\/\/unterbaech.ch\/wp-content\/uploads\/Logo-1.png","width":1125,"height":1102,"caption":"Unterb\u00e4ch Tourismus"},"image":{"@id":"https:\/\/unterbaech.ch\/en\/#\/schema\/logo\/image\/"},"sameAs":["https:\/\/www.facebook.com\/unterbaech","https:\/\/www.instagram.com\/visit.unterbaech\/","https:\/\/de.wikipedia.org\/wiki\/Unterb\u00e4ch"]}]}},"_links":{"self":[{"href":"https:\/\/unterbaech.ch\/en\/wp-json\/wp\/v2\/pages\/13882","targetHints":{"allow":["GET"]}}],"collection":[{"href":"https:\/\/unterbaech.ch\/en\/wp-json\/wp\/v2\/pages"}],"about":[{"href":"https:\/\/unterbaech.ch\/en\/wp-json\/wp\/v2\/types\/page"}],"author":[{"embeddable":true,"href":"https:\/\/unterbaech.ch\/en\/wp-json\/wp\/v2\/users\/8"}],"replies":[{"embeddable":true,"href":"https:\/\/unterbaech.ch\/en\/wp-json\/wp\/v2\/comments?post=13882"}],"version-history":[{"count":3,"href":"https:\/\/unterbaech.ch\/en\/wp-json\/wp\/v2\/pages\/13882\/revisions"}],"predecessor-version":[{"id":29661,"href":"https:\/\/unterbaech.ch\/en\/wp-json\/wp\/v2\/pages\/13882\/revisions\/29661"}],"up":[{"embeddable":true,"href":"https:\/\/unterbaech.ch\/en\/wp-json\/wp\/v2\/pages\/13746"}],"wp:attachment":[{"href":"https:\/\/unterbaech.ch\/en\/wp-json\/wp\/v2\/media?parent=13882"}],"curies":[{"name":"wp","href":"https:\/\/api.w.org\/{rel}","templated":true}]}}