{"id":13918,"date":"2021-10-05T14:33:36","date_gmt":"2021-10-05T12:33:36","guid":{"rendered":"https:\/\/unterbaech.ch\/snowshoeing\/quotation-trail\/"},"modified":"2026-03-24T14:08:00","modified_gmt":"2026-03-24T13:08:00","slug":"quotation-trail","status":"publish","type":"page","link":"https:\/\/unterbaech.ch\/en\/discover-experience\/winter\/snowshoeing\/quotation-trail\/","title":{"rendered":"Quotation Trail"},"content":{"rendered":"\n<style type=\"text\/css\" data-created_by=\"avia_inline_auto\" id=\"style-css-av-kbax8y3e-49aa006c200d4da5a2083c38b377cc43\">\n.avia-section.av-kbax8y3e-49aa006c200d4da5a2083c38b377cc43 .av-parallax .av-parallax-inner{\nbackground-repeat:no-repeat;\nbackground-image:url(https:\/\/unterbaech.ch\/wp-content\/uploads\/Frauen-Zitatenweg-Schild-scaled.jpg);\nbackground-position:50% 50%;\nbackground-attachment:scroll;\n}\n<\/style>\n<div id='av_section_1'  class='avia-section av-kbax8y3e-49aa006c200d4da5a2083c38b377cc43 main_color avia-section-default avia-no-border-styling  avia-builder-el-0  el_before_av_section  avia-builder-el-first  section-fullwidthimage avia-full-stretch av-parallax-section avia-bg-style-parallax av-minimum-height av-minimum-height-50 av-height-50  container_wrap fullsize'  data-section-bg-repeat='stretch' data-av_minimum_height_pc='50' data-av_min_height_opt='50'><div class='av-parallax' data-avia-parallax-ratio='0.3' ><div class='av-parallax-inner main_color avia-full-stretch'><\/div><\/div><div class='container av-section-cont-open' ><main  role=\"main\" itemprop=\"mainContentOfPage\"  class='template-page content  av-content-full alpha units'><div class='post-entry post-entry-type-page post-entry-13918'><div class='entry-content-wrapper clearfix'>\n<\/div><\/div><\/main><!-- close content main element --><\/div><\/div><div id='av_section_2'  class='avia-section av-1n2h9-eef07d2470a934665895b572bc96122f main_color avia-section-default avia-no-border-styling  avia-builder-el-1  el_after_av_section  avia-builder-el-last  section-leadtext onecol avia-bg-style-scroll container_wrap fullsize'  ><div class='container av-section-cont-open' ><div class='template-page content  av-content-full alpha units'><div class='post-entry post-entry-type-page post-entry-13918'><div class='entry-content-wrapper clearfix'>\n<section  class='av_textblock_section av-kbawhdx8-d06beca92eb518f06cbc493fe9f758bf '   itemscope=\"itemscope\" itemtype=\"https:\/\/schema.org\/CreativeWork\" ><div class='avia_textblock'  itemprop=\"text\" ><p style=\"text-align: center;\"><strong>SCHNEESCHUHTRAIL Nr. 2<br \/>\n<\/strong><\/p>\n<h3 style=\"text-align: center;\">FRAUEN-ZITATEN-TRAIL<\/h3>\n<\/div><\/section>\n\n<style type=\"text\/css\" data-created_by=\"avia_inline_auto\" id=\"style-css-av-3h3hps-b59ca4545b8b9762b1f8c8ebaf2823ef\">\n#top .hr.hr-invisible.av-3h3hps-b59ca4545b8b9762b1f8c8ebaf2823ef{\nheight:25px;\n}\n<\/style>\n<div  class='hr av-3h3hps-b59ca4545b8b9762b1f8c8ebaf2823ef hr-invisible  avia-builder-el-3  el_after_av_textblock  el_before_av_textblock '><span class='hr-inner '><span class=\"hr-inner-style\"><\/span><\/span><\/div>\n<section  class='av_textblock_section av-kb9j7yy8-cb52267f29ec33a0cbd1cb12b1aeb1b9 '   itemscope=\"itemscope\" itemtype=\"https:\/\/schema.org\/CreativeWork\" ><div class='avia_textblock lead'  itemprop=\"text\" ><p>The Zitaten Trail in Unterb\u00e4ch is particularly suitable for a wonderful day out on snowshoes. You start in the village at the valley station of the Unterb\u00e4ch sports lifts. The trail leads up under the chairlift to just below the Wolfsh\u00f6hle apr\u00e8s-ski bar and then leads up over the Brandalpstrasse. The trail continues to the right through a few chalets towards Fromatta. Once in the hamlet of Fromatta, turn left towards Obscha. From here you are on the famous Women&#8217;s Quotations Trail, which ends at Brandalp. If you include the quotations in front of the Burgerstube in the village centre, there are a total of 15 panels with quotations from famous women such as Mother Teresa, Indira Gandhi or Simone de Beauvoir. The words are meant to invite reflection while walking. In addition, the trail is intended to remind us that women in Unterb\u00e4ch, the &#8220;R\u00fctli of Swiss women&#8221;, were allowed to vote 14 years before they had official voting rights. When you arrive at Brandalp, we recommend a visit to the cosy Alpenr\u00f6sli Hotel-Restaurant. Freshly refreshed, you start the return journey from Brandalp via Egga to Unterb\u00e4ch. Shortly before reaching the village, it is worth taking a short break at the Hohegga vantage point, where an adventure telescope brings the fantastic panorama a little closer.<\/p>\n<\/div><\/section>\n\n<style type=\"text\/css\" data-created_by=\"avia_inline_auto\" id=\"style-css-av-3h3hps-2-f9e025672870af59c20c26ae822b8069\">\n#top .hr.hr-invisible.av-3h3hps-2-f9e025672870af59c20c26ae822b8069{\nheight:25px;\n}\n<\/style>\n<div  class='hr av-3h3hps-2-f9e025672870af59c20c26ae822b8069 hr-invisible  avia-builder-el-5  el_after_av_textblock  el_before_av_textblock '><span class='hr-inner '><span class=\"hr-inner-style\"><\/span><\/span><\/div>\n<section  class='av_textblock_section av-kbawhdx8-3-1ba1b56b962c1a77240a9e161d22c61e '   itemscope=\"itemscope\" itemtype=\"https:\/\/schema.org\/CreativeWork\" ><div class='avia_textblock lead'  itemprop=\"text\" ><h5>TOUR DETAILS:<\/h5>\n<ul>\n<li style=\"text-align: left;\"><span data-contrast=\"auto\"><strong>Hike time:<\/strong> 3h<\/span><\/li>\n<li style=\"text-align: left;\"><span data-ccp-props=\"{\"><strong>Length:<\/strong> 7.0 km (\u2191408 m \u2193408 m)<\/span><\/li>\n<li style=\"text-align: left;\"><span data-contrast=\"auto\"><strong>Route:<\/strong> Unterb\u00e4ch \u2013 Women Quotations Way <\/span><span data-contrast=\"auto\">\u2013 Brandalp \u2013 Eggini \u2013 Unterb\u00e4ch<\/span><\/li>\n<\/ul>\n<\/div><\/section>\n\n<section  class='av_textblock_section av-kb9j7yy8-1-d829ebaf41952b33ef3d70963280253f '   itemscope=\"itemscope\" itemtype=\"https:\/\/schema.org\/CreativeWork\" ><div class='avia_textblock lead'  itemprop=\"text\" ><p>Tip: If you prefer a less strenuous version of the Zitaten Trail, take the chairlift to Brandalp and walk the Zitaten Trail in the opposite direction.<\/p>\n<\/div><\/section>\n\n","protected":false},"excerpt":{"rendered":"","protected":false},"author":8,"featured_media":0,"parent":13740,"menu_order":0,"comment_status":"closed","ping_status":"closed","template":"","meta":{"inline_featured_image":false,"footnotes":""},"class_list":["post-13918","page","type-page","status-publish","hentry"],"yoast_head":"<!-- This site is optimized with the Yoast SEO plugin v27.5 - https:\/\/yoast.com\/product\/yoast-seo-wordpress\/ -->\n<title>Quotation Trail - Unterb\u00e4ch<\/title>\n<meta name=\"description\" content=\"The Zitaten Trail in Unterb\u00e4ch is particularly suitable for a wonderful day out on snowshoes. You start in the village at the valley station of the Unterb\u00e4ch sports lifts. The trail leads up under the chairlift to just below the Wolfsh\u00f6hle apr\u00e8s-ski bar and then leads up over the Brandalpstrasse. The trail continues to the right through a few chalets towards Fromatta.\" \/>\n<meta name=\"robots\" content=\"index, follow, max-snippet:-1, max-image-preview:large, max-video-preview:-1\" \/>\n<link rel=\"canonical\" href=\"https:\/\/unterbaech.ch\/en\/discover-experience\/winter\/snowshoeing\/quotation-trail\/\" \/>\n<meta property=\"og:locale\" content=\"en_US\" \/>\n<meta property=\"og:type\" content=\"article\" \/>\n<meta property=\"og:title\" content=\"Quotation Trail - Unterb\u00e4ch\" \/>\n<meta property=\"og:description\" content=\"The Zitaten Trail in Unterb\u00e4ch is particularly suitable for a wonderful day out on snowshoes. You start in the village at the valley station of the Unterb\u00e4ch sports lifts. The trail leads up under the chairlift to just below the Wolfsh\u00f6hle apr\u00e8s-ski bar and then leads up over the Brandalpstrasse. The trail continues to the right through a few chalets towards Fromatta.\" \/>\n<meta property=\"og:url\" content=\"https:\/\/unterbaech.ch\/en\/discover-experience\/winter\/snowshoeing\/quotation-trail\/\" \/>\n<meta property=\"og:site_name\" content=\"Unterb\u00e4ch\" \/>\n<meta property=\"article:publisher\" content=\"https:\/\/www.facebook.com\/unterbaech\" \/>\n<meta property=\"article:modified_time\" content=\"2026-03-24T13:08:00+00:00\" \/>\n<meta name=\"twitter:card\" content=\"summary_large_image\" \/>\n<meta name=\"twitter:label1\" content=\"Est. reading time\" \/>\n\t<meta name=\"twitter:data1\" content=\"2 minutes\" \/>\n<script type=\"application\/ld+json\" class=\"yoast-schema-graph\">{\"@context\":\"https:\\\/\\\/schema.org\",\"@graph\":[{\"@type\":\"WebPage\",\"@id\":\"https:\\\/\\\/unterbaech.ch\\\/en\\\/discover-experience\\\/winter\\\/snowshoeing\\\/quotation-trail\\\/\",\"url\":\"https:\\\/\\\/unterbaech.ch\\\/en\\\/discover-experience\\\/winter\\\/snowshoeing\\\/quotation-trail\\\/\",\"name\":\"Quotation Trail - Unterb\u00e4ch\",\"isPartOf\":{\"@id\":\"https:\\\/\\\/unterbaech.ch\\\/en\\\/#website\"},\"datePublished\":\"2021-10-05T12:33:36+00:00\",\"dateModified\":\"2026-03-24T13:08:00+00:00\",\"description\":\"The Zitaten Trail in Unterb\u00e4ch is particularly suitable for a wonderful day out on snowshoes. You start in the village at the valley station of the Unterb\u00e4ch sports lifts. The trail leads up under the chairlift to just below the Wolfsh\u00f6hle apr\u00e8s-ski bar and then leads up over the Brandalpstrasse. The trail continues to the right through a few chalets towards Fromatta.\",\"breadcrumb\":{\"@id\":\"https:\\\/\\\/unterbaech.ch\\\/en\\\/discover-experience\\\/winter\\\/snowshoeing\\\/quotation-trail\\\/#breadcrumb\"},\"inLanguage\":\"en-US\",\"potentialAction\":[{\"@type\":\"ReadAction\",\"target\":[\"https:\\\/\\\/unterbaech.ch\\\/en\\\/discover-experience\\\/winter\\\/snowshoeing\\\/quotation-trail\\\/\"]}]},{\"@type\":\"BreadcrumbList\",\"@id\":\"https:\\\/\\\/unterbaech.ch\\\/en\\\/discover-experience\\\/winter\\\/snowshoeing\\\/quotation-trail\\\/#breadcrumb\",\"itemListElement\":[{\"@type\":\"ListItem\",\"position\":1,\"name\":\"Startseite\",\"item\":\"https:\\\/\\\/unterbaech.ch\\\/en\\\/home\\\/\"},{\"@type\":\"ListItem\",\"position\":2,\"name\":\"Discover &#038; Experience\",\"item\":\"https:\\\/\\\/unterbaech.ch\\\/en\\\/discover-experience\\\/\"},{\"@type\":\"ListItem\",\"position\":3,\"name\":\"Winter\",\"item\":\"https:\\\/\\\/unterbaech.ch\\\/en\\\/unterbaech\\\/winter\\\/\"},{\"@type\":\"ListItem\",\"position\":4,\"name\":\"Snowshoeing\",\"item\":\"https:\\\/\\\/unterbaech.ch\\\/en\\\/unterbaech\\\/winter\\\/schneeschuhlaufen\\\/\"},{\"@type\":\"ListItem\",\"position\":5,\"name\":\"Quotation Trail\"}]},{\"@type\":\"WebSite\",\"@id\":\"https:\\\/\\\/unterbaech.ch\\\/en\\\/#website\",\"url\":\"https:\\\/\\\/unterbaech.ch\\\/en\\\/\",\"name\":\"Unterb\u00e4ch\",\"description\":\"\",\"publisher\":{\"@id\":\"https:\\\/\\\/unterbaech.ch\\\/en\\\/#organization\"},\"potentialAction\":[{\"@type\":\"SearchAction\",\"target\":{\"@type\":\"EntryPoint\",\"urlTemplate\":\"https:\\\/\\\/unterbaech.ch\\\/en\\\/?s={search_term_string}\"},\"query-input\":{\"@type\":\"PropertyValueSpecification\",\"valueRequired\":true,\"valueName\":\"search_term_string\"}}],\"inLanguage\":\"en-US\"},{\"@type\":\"Organization\",\"@id\":\"https:\\\/\\\/unterbaech.ch\\\/en\\\/#organization\",\"name\":\"Unterb\u00e4ch Tourismus\",\"url\":\"https:\\\/\\\/unterbaech.ch\\\/en\\\/\",\"logo\":{\"@type\":\"ImageObject\",\"inLanguage\":\"en-US\",\"@id\":\"https:\\\/\\\/unterbaech.ch\\\/en\\\/#\\\/schema\\\/logo\\\/image\\\/\",\"url\":\"https:\\\/\\\/unterbaech.ch\\\/wp-content\\\/uploads\\\/Logo-1.png\",\"contentUrl\":\"https:\\\/\\\/unterbaech.ch\\\/wp-content\\\/uploads\\\/Logo-1.png\",\"width\":1125,\"height\":1102,\"caption\":\"Unterb\u00e4ch Tourismus\"},\"image\":{\"@id\":\"https:\\\/\\\/unterbaech.ch\\\/en\\\/#\\\/schema\\\/logo\\\/image\\\/\"},\"sameAs\":[\"https:\\\/\\\/www.facebook.com\\\/unterbaech\",\"https:\\\/\\\/www.instagram.com\\\/visit.unterbaech\\\/\",\"https:\\\/\\\/de.wikipedia.org\\\/wiki\\\/Unterb\u00e4ch\"]}]}<\/script>\n<!-- \/ Yoast SEO plugin. -->","yoast_head_json":{"title":"Quotation Trail - Unterb\u00e4ch","description":"The Zitaten Trail in Unterb\u00e4ch is particularly suitable for a wonderful day out on snowshoes. You start in the village at the valley station of the Unterb\u00e4ch sports lifts. The trail leads up under the chairlift to just below the Wolfsh\u00f6hle apr\u00e8s-ski bar and then leads up over the Brandalpstrasse. The trail continues to the right through a few chalets towards Fromatta.","robots":{"index":"index","follow":"follow","max-snippet":"max-snippet:-1","max-image-preview":"max-image-preview:large","max-video-preview":"max-video-preview:-1"},"canonical":"https:\/\/unterbaech.ch\/en\/discover-experience\/winter\/snowshoeing\/quotation-trail\/","og_locale":"en_US","og_type":"article","og_title":"Quotation Trail - Unterb\u00e4ch","og_description":"The Zitaten Trail in Unterb\u00e4ch is particularly suitable for a wonderful day out on snowshoes. You start in the village at the valley station of the Unterb\u00e4ch sports lifts. The trail leads up under the chairlift to just below the Wolfsh\u00f6hle apr\u00e8s-ski bar and then leads up over the Brandalpstrasse. The trail continues to the right through a few chalets towards Fromatta.","og_url":"https:\/\/unterbaech.ch\/en\/discover-experience\/winter\/snowshoeing\/quotation-trail\/","og_site_name":"Unterb\u00e4ch","article_publisher":"https:\/\/www.facebook.com\/unterbaech","article_modified_time":"2026-03-24T13:08:00+00:00","twitter_card":"summary_large_image","twitter_misc":{"Est. reading time":"2 minutes"},"schema":{"@context":"https:\/\/schema.org","@graph":[{"@type":"WebPage","@id":"https:\/\/unterbaech.ch\/en\/discover-experience\/winter\/snowshoeing\/quotation-trail\/","url":"https:\/\/unterbaech.ch\/en\/discover-experience\/winter\/snowshoeing\/quotation-trail\/","name":"Quotation Trail - Unterb\u00e4ch","isPartOf":{"@id":"https:\/\/unterbaech.ch\/en\/#website"},"datePublished":"2021-10-05T12:33:36+00:00","dateModified":"2026-03-24T13:08:00+00:00","description":"The Zitaten Trail in Unterb\u00e4ch is particularly suitable for a wonderful day out on snowshoes. You start in the village at the valley station of the Unterb\u00e4ch sports lifts. The trail leads up under the chairlift to just below the Wolfsh\u00f6hle apr\u00e8s-ski bar and then leads up over the Brandalpstrasse. The trail continues to the right through a few chalets towards Fromatta.","breadcrumb":{"@id":"https:\/\/unterbaech.ch\/en\/discover-experience\/winter\/snowshoeing\/quotation-trail\/#breadcrumb"},"inLanguage":"en-US","potentialAction":[{"@type":"ReadAction","target":["https:\/\/unterbaech.ch\/en\/discover-experience\/winter\/snowshoeing\/quotation-trail\/"]}]},{"@type":"BreadcrumbList","@id":"https:\/\/unterbaech.ch\/en\/discover-experience\/winter\/snowshoeing\/quotation-trail\/#breadcrumb","itemListElement":[{"@type":"ListItem","position":1,"name":"Startseite","item":"https:\/\/unterbaech.ch\/en\/home\/"},{"@type":"ListItem","position":2,"name":"Discover &#038; Experience","item":"https:\/\/unterbaech.ch\/en\/discover-experience\/"},{"@type":"ListItem","position":3,"name":"Winter","item":"https:\/\/unterbaech.ch\/en\/unterbaech\/winter\/"},{"@type":"ListItem","position":4,"name":"Snowshoeing","item":"https:\/\/unterbaech.ch\/en\/unterbaech\/winter\/schneeschuhlaufen\/"},{"@type":"ListItem","position":5,"name":"Quotation Trail"}]},{"@type":"WebSite","@id":"https:\/\/unterbaech.ch\/en\/#website","url":"https:\/\/unterbaech.ch\/en\/","name":"Unterb\u00e4ch","description":"","publisher":{"@id":"https:\/\/unterbaech.ch\/en\/#organization"},"potentialAction":[{"@type":"SearchAction","target":{"@type":"EntryPoint","urlTemplate":"https:\/\/unterbaech.ch\/en\/?s={search_term_string}"},"query-input":{"@type":"PropertyValueSpecification","valueRequired":true,"valueName":"search_term_string"}}],"inLanguage":"en-US"},{"@type":"Organization","@id":"https:\/\/unterbaech.ch\/en\/#organization","name":"Unterb\u00e4ch Tourismus","url":"https:\/\/unterbaech.ch\/en\/","logo":{"@type":"ImageObject","inLanguage":"en-US","@id":"https:\/\/unterbaech.ch\/en\/#\/schema\/logo\/image\/","url":"https:\/\/unterbaech.ch\/wp-content\/uploads\/Logo-1.png","contentUrl":"https:\/\/unterbaech.ch\/wp-content\/uploads\/Logo-1.png","width":1125,"height":1102,"caption":"Unterb\u00e4ch Tourismus"},"image":{"@id":"https:\/\/unterbaech.ch\/en\/#\/schema\/logo\/image\/"},"sameAs":["https:\/\/www.facebook.com\/unterbaech","https:\/\/www.instagram.com\/visit.unterbaech\/","https:\/\/de.wikipedia.org\/wiki\/Unterb\u00e4ch"]}]}},"_links":{"self":[{"href":"https:\/\/unterbaech.ch\/en\/wp-json\/wp\/v2\/pages\/13918","targetHints":{"allow":["GET"]}}],"collection":[{"href":"https:\/\/unterbaech.ch\/en\/wp-json\/wp\/v2\/pages"}],"about":[{"href":"https:\/\/unterbaech.ch\/en\/wp-json\/wp\/v2\/types\/page"}],"author":[{"embeddable":true,"href":"https:\/\/unterbaech.ch\/en\/wp-json\/wp\/v2\/users\/8"}],"replies":[{"embeddable":true,"href":"https:\/\/unterbaech.ch\/en\/wp-json\/wp\/v2\/comments?post=13918"}],"version-history":[{"count":2,"href":"https:\/\/unterbaech.ch\/en\/wp-json\/wp\/v2\/pages\/13918\/revisions"}],"predecessor-version":[{"id":29637,"href":"https:\/\/unterbaech.ch\/en\/wp-json\/wp\/v2\/pages\/13918\/revisions\/29637"}],"up":[{"embeddable":true,"href":"https:\/\/unterbaech.ch\/en\/wp-json\/wp\/v2\/pages\/13740"}],"wp:attachment":[{"href":"https:\/\/unterbaech.ch\/en\/wp-json\/wp\/v2\/media?parent=13918"}],"curies":[{"name":"wp","href":"https:\/\/api.w.org\/{rel}","templated":true}]}}