{"id":14207,"date":"2021-11-04T14:39:55","date_gmt":"2021-11-04T13:39:55","guid":{"rendered":"https:\/\/unterbaech.ch\/discover-experience\/summer\/leisure-activities\/fishing\/"},"modified":"2023-04-20T16:11:48","modified_gmt":"2023-04-20T14:11:48","slug":"fishing","status":"publish","type":"page","link":"https:\/\/unterbaech.ch\/en\/discover-experience\/summer\/leisure-activities\/fishing\/","title":{"rendered":"Fishing"},"content":{"rendered":"\n<style type=\"text\/css\" data-created_by=\"avia_inline_auto\" id=\"style-css-av-kbax8y3e-955e3f01d93ae88a0cca86d8f0cfe226\">\n.avia-section.av-kbax8y3e-955e3f01d93ae88a0cca86d8f0cfe226 .av-parallax .av-parallax-inner{\nbackground-repeat:no-repeat;\nbackground-image:url(https:\/\/unterbaech.ch\/wp-content\/uploads\/2020\/07\/IMG_0493-scaled.jpg);\nbackground-position:100% 50%;\nbackground-attachment:scroll;\n}\n<\/style>\n<div id='av_section_1'  class='avia-section av-kbax8y3e-955e3f01d93ae88a0cca86d8f0cfe226 main_color avia-section-default avia-no-border-styling  avia-builder-el-0  el_before_av_section  avia-builder-el-first  section-fullwidthimage avia-full-stretch av-parallax-section avia-bg-style-parallax av-minimum-height av-minimum-height-50 av-height-50  container_wrap fullsize'  data-section-bg-repeat='stretch' data-av_minimum_height_pc='50' data-av_min_height_opt='50'><div class='av-parallax' data-avia-parallax-ratio='0.3' ><div class='av-parallax-inner main_color avia-full-stretch'><\/div><\/div><div class='container av-section-cont-open' ><main  role=\"main\" itemprop=\"mainContentOfPage\"  class='template-page content  av-content-full alpha units'><div class='post-entry post-entry-type-page post-entry-14207'><div class='entry-content-wrapper clearfix'>\n<\/div><\/div><\/main><!-- close content main element --><\/div><\/div><div id='av_section_2'  class='avia-section av-1n2h9-eef07d2470a934665895b572bc96122f main_color avia-section-default avia-no-border-styling  avia-builder-el-1  el_after_av_section  el_before_av_textblock  section-leadtext onecol avia-bg-style-scroll container_wrap fullsize'  ><div class='container av-section-cont-open' ><div class='template-page content  av-content-full alpha units'><div class='post-entry post-entry-type-page post-entry-14207'><div class='entry-content-wrapper clearfix'>\n<section  class='av_textblock_section av-kbawhdx8-9a55faeefcbf4e8706dea9c49b9010c2 '   itemscope=\"itemscope\" itemtype=\"https:\/\/schema.org\/CreativeWork\" ><div class='avia_textblock'  itemprop=\"text\" ><p style=\"text-align: center;\"><strong><b class=\"b4\">WISH YOU A GOOD CATCH<\/b><\/strong><\/p>\n<h3 style=\"text-align: center;\">FISHING IN UNTERB\u00c4CH<\/h3>\n<\/div><\/section>\n<section  class='av_textblock_section av-kbawhdx8-7-6bcfa7e37afa2681d97e3c498d4c90b0 '   itemscope=\"itemscope\" itemtype=\"https:\/\/schema.org\/CreativeWork\" ><div class='avia_textblock lead'  itemprop=\"text\" ><p style=\"text-align: center;\">Valais has many beautiful and natural waters where you\u2019ll find keen anglers. In Unterb\u00e4ch, you can fish in the Grosse See lake and L\u00f6\u00fcbbach stream.<\/p>\n<\/div><\/section>\n<\/div><\/div><\/div><!-- close content main div --><\/div><\/div><div id='after_section_2'  class='main_color av_default_container_wrap container_wrap fullsize'  ><div class='container av-section-cont-open' ><div class='template-page content  av-content-full alpha units'><div class='post-entry post-entry-type-page post-entry-14207'><div class='entry-content-wrapper clearfix'>\n<section  class='av_textblock_section av-kbawhdx8-6-bf0db01ebb410bf06ffee1efa2b0e5d6 '   itemscope=\"itemscope\" itemtype=\"https:\/\/schema.org\/CreativeWork\" ><div class='avia_textblock'  itemprop=\"text\" ><p style=\"text-align: center;\"><strong>GROSSE SEE<\/strong><\/p>\n<\/div><\/section>\n<section  class='av_textblock_section av-kbawhdx8-5-f55e9dc725045b4c87162e800e7fcf0e '   itemscope=\"itemscope\" itemtype=\"https:\/\/schema.org\/CreativeWork\" ><div class='avia_textblock lead'  itemprop=\"text\" ><p style=\"text-align: center;\">The Grosse See is one of the most beautiful excursion destinations in the Augstbord region and is considered an insider tip. The mountain lake is situated at 2,546 metres on a high plateau surrounded by mountains such as the Augstbordhorn, Dreizehntenhorn, Ginalshorn and Signalhorn. On the shore of the lake there is a small refuge and a barbecue area with a relaxation chair. Fishing is possible in the Grosse See with a valid patent.<\/p>\n<\/div><\/section>\n<div  id=\"googlemap\"  class='av_gmaps_sc_main_wrap av_gmaps_main_wrap googlemap'><div id='av_gmap_0' class='avia-google-map-container avia-google-map-sc av_gmaps_show_unconditionally av-no-fallback-img ' data-mapid='av_gmap_0'  style='height: 500px;'><a class=\"av_gmaps_browser_disabled av_text_confirm_link av_text_confirm_link_visible\" href=\"https:\/\/www.google.com\/maps\/search\/?api=1&#038;query=Grosse%20See%203930%20Unterb\u00e4ch\" target=\"_blank\">Maps were disabled by the visitor on this site. Click to open the map in a new window.<\/a><\/div><\/div>\n<div id='av_section_3'  class='avia-section av-1n2h9-8-f9f2bd592933dd6f2d0b1062a40602a2 main_color avia-section-default avia-no-border-styling  avia-builder-el-7  el_after_av_google_map  el_before_av_google_map  section-leadtext onecol avia-bg-style-scroll container_wrap fullsize'  ><div class='container av-section-cont-open' ><div class='template-page content  av-content-full alpha units'><div class='post-entry post-entry-type-page post-entry-14207'><div class='entry-content-wrapper clearfix'>\n<section  class='av_textblock_section av-kbawhdx8-4-da241dbc6dd066af7626522c71ab615a '   itemscope=\"itemscope\" itemtype=\"https:\/\/schema.org\/CreativeWork\" ><div class='avia_textblock'  itemprop=\"text\" ><p style=\"text-align: center;\"><strong>L\u00d6\u00dcBBACH<\/strong><\/p>\n<\/div><\/section>\n<section  class='av_textblock_section av-kbawhdx8-2-10cf2510a2901ad423aefa7241747bfd '   itemscope=\"itemscope\" itemtype=\"https:\/\/schema.org\/CreativeWork\" ><div class='avia_textblock lead'  itemprop=\"text\" ><p style=\"text-align: center;\">The rushing L\u00f6\u00fcbbach (stream) forms the border between Unterb\u00e4ch and B\u00fcrchen and is about 1.6km long. With a valid fishing licence, you can also fish in the L\u00f6\u00fcbbach.<\/p>\n<\/div><\/section>\n\n<div  id=\"googlemap\"  class='av_gmaps_sc_main_wrap av_gmaps_main_wrap googlemap'><div id='av_gmap_1' class='avia-google-map-container avia-google-map-sc av_gmaps_show_unconditionally av-no-fallback-img ' data-mapid='av_gmap_1'  style='height: 500px;'><a class=\"av_gmaps_browser_disabled av_text_confirm_link av_text_confirm_link_visible\" href=\"https:\/\/www.google.com\/maps\/search\/?api=1&#038;query=L\u00f6\u00fcbbach%203930%20Unterb\u00e4ch%20%20Switzerland\" target=\"_blank\">Maps were disabled by the visitor on this site. Click to open the map in a new window.<\/a><\/div><\/div>\n<div  class='av_promobox av-kcelab5r-7e18a447bffe5d917289c93b97df7592 avia-button-yes  avia-builder-el-11  el_after_av_google_map  el_before_av_promobox  avia-builder-el-first  promobox'><div class='avia-promocontent'><\/p>\n<h4>Fishing permits<\/h4>\n<p>Anyone wishing to fish in Unterb\u00e4ch needs a valid fishing permits. One-day and two-day permits can be purchased online.<\/p>\n<\/div><div  class='avia-button-wrap av-kcelab5r-073c5966fe56e0313d232ec9fc141626-wrap avia-button-right  promobox'><a href='https:\/\/epeche.apps.vs.ch\/shop'  class='avia-button av-kcelab5r-073c5966fe56e0313d232ec9fc141626 av-link-btn avia-icon_select-no avia-size-large avia-position-right avia-color-theme-color'  target=\"_blank\"  rel=\"noopener noreferrer\"  aria-label=\"Order now online\"><span class='avia_iconbox_title' >Order now online<\/span><\/a><\/div><\/div>\n<div  class='av_promobox av-kcelab5r-1-974dbe26d5b208d140116294ed3b08b7 avia-button-yes  avia-builder-el-12  el_after_av_promobox  el_before_av_section  avia-builder-el-last  promobox'><div class='avia-promocontent'><p>\n&nbsp;<\/p>\n<h4>Fishing in Valais<\/h4>\n<p>There are many other fishing opportunities in the canton of Valais.<\/p>\n<\/div><div  class='avia-button-wrap av-kcelab5r-1-745e95346079add4b89bdcdef2b0705e-wrap avia-button-right  promobox'><a href='https:\/\/sitonline.vs.ch\/tourisme_loisir\/peche\/de\/'  class='avia-button av-kcelab5r-1-745e95346079add4b89bdcdef2b0705e av-link-btn avia-icon_select-no avia-size-large avia-position-right avia-color-theme-color'  target=\"_blank\"  rel=\"noopener noreferrer\"  aria-label=\"Zur Fischereikarte Wallis\"><span class='avia_iconbox_title' >Zur Fischereikarte Wallis<\/span><\/a><\/div><\/div>\n<\/div><\/div><\/div><!-- close content main div --><\/div><\/div>\n<style type=\"text\/css\" data-created_by=\"avia_inline_auto\" id=\"style-css-av-kbax8y3e-9-5a56c59b580f75449477de2beb235fad\">\n.avia-section.av-kbax8y3e-9-5a56c59b580f75449477de2beb235fad .av-parallax .av-parallax-inner{\nbackground-repeat:no-repeat;\nbackground-image:url(https:\/\/unterbaech.ch\/wp-content\/uploads\/IMG_6123-1620x1080.jpeg);\nbackground-position:50% 50%;\nbackground-attachment:scroll;\n}\n.avia-section.av-kbax8y3e-9-5a56c59b580f75449477de2beb235fad .av-section-color-overlay{\nopacity:0.5;\nbackground-color:#000000;\n}\n<\/style>\n<div id='av_section_4'  class='avia-section av-kbax8y3e-9-5a56c59b580f75449477de2beb235fad main_color avia-section-default avia-no-border-styling  avia-builder-el-13  el_after_av_promobox  avia-builder-el-last  section-fullwidthimage testimonial avia-full-stretch av-parallax-section avia-bg-style-parallax av-section-color-overlay-active av-minimum-height av-minimum-height-50 av-height-50  container_wrap fullsize'  data-section-bg-repeat='stretch' data-av_minimum_height_pc='50' data-av_min_height_opt='50'><div class='av-parallax' data-avia-parallax-ratio='0.3' ><div class='av-parallax-inner main_color avia-full-stretch'><\/div><\/div><div class=\"av-section-color-overlay-wrap\"><div class=\"av-section-color-overlay\"><\/div><div class='container av-section-cont-open' ><div class='template-page content  av-content-full alpha units'><div class='post-entry post-entry-type-page post-entry-14207'><div class='entry-content-wrapper clearfix'>\n\n<style type=\"text\/css\" data-created_by=\"avia_inline_auto\" id=\"style-css-av-323kp-097a1b8a944879578e51c1a1db4d8307\">\n.flex_column.av-323kp-097a1b8a944879578e51c1a1db4d8307{\nborder-radius:0px 0px 0px 0px;\npadding:0px 0px 0px 0px;\n}\n<\/style>\n<div  class='flex_column av-323kp-097a1b8a944879578e51c1a1db4d8307 av_one_full  avia-builder-el-14  avia-builder-el-no-sibling  first flex_column_div av-zero-column-padding  '     ><style type=\"text\/css\" data-created_by=\"avia_inline_auto\" id=\"style-css-av-kb9j7yy8-2a7d75a6d47f8e0a7fa885d8f33fbdc2\">\n#top .av_textblock_section.av-kb9j7yy8-2a7d75a6d47f8e0a7fa885d8f33fbdc2 .avia_textblock{\ncolor:#ffffff;\n}\n<\/style>\n<section  class='av_textblock_section av-kb9j7yy8-2a7d75a6d47f8e0a7fa885d8f33fbdc2 '   itemscope=\"itemscope\" itemtype=\"https:\/\/schema.org\/CreativeWork\" ><div class='avia_textblock av_inherit_color'  itemprop=\"text\" ><p style=\"text-align: center;\"><strong>WANT SOME FRESH FISH?<\/strong><\/p>\n<h2 style=\"text-align: center;\">Fish farm Unterb\u00e4ch<\/h2>\n<p style=\"text-align: center;\">Since 2016, there has been a fish farm in Unterb\u00e4ch with four round-flow basins. The product range includes trout fillets, salmon trout fillets, gutted trout and smoked fillets. These products are packed in polystyrene boxes or in airtight packaging in a specially equipped restaurant.<\/p>\n<\/div><\/section><br \/>\n<div  class='avia-button-wrap av-kbajg3mm-b37c7c705bfc3be165441e297cc5d11f-wrap avia-button-center  avia-builder-el-16  el_after_av_textblock  avia-builder-el-last '><a href='http:\/\/www.fischzucht-unterbaech.ch\/bestellung\/'  class='avia-button av-kbajg3mm-b37c7c705bfc3be165441e297cc5d11f av-link-btn avia-icon_select-no avia-size-small avia-position-center avia-color-theme-color'  target=\"_blank\"  rel=\"noopener noreferrer\"  aria-label=\"Order now online\"><span class='avia_iconbox_title' >Order now online<\/span><\/a><\/div><\/p><\/div>\n\n","protected":false},"excerpt":{"rendered":"","protected":false},"author":8,"featured_media":0,"parent":14189,"menu_order":0,"comment_status":"closed","ping_status":"closed","template":"","meta":{"inline_featured_image":false,"footnotes":""},"class_list":["post-14207","page","type-page","status-publish","hentry"],"yoast_head":"<!-- This site is optimized with the Yoast SEO plugin v27.3 - https:\/\/yoast.com\/product\/yoast-seo-wordpress\/ -->\n<title>Fishing - Unterb\u00e4ch<\/title>\n<meta name=\"description\" content=\"Valais has many beautiful and natural waters where you\u2019ll find keen anglers. In Unterb\u00e4ch, you can fish in the Grosse See lake and L\u00f6\u00fcbbach stream.\" \/>\n<meta name=\"robots\" content=\"index, follow, max-snippet:-1, max-image-preview:large, max-video-preview:-1\" \/>\n<link rel=\"canonical\" href=\"https:\/\/unterbaech.ch\/en\/discover-experience\/summer\/leisure-activities\/fishing\/\" \/>\n<meta property=\"og:locale\" content=\"en_US\" \/>\n<meta property=\"og:type\" content=\"article\" \/>\n<meta property=\"og:title\" content=\"Fishing - Unterb\u00e4ch\" \/>\n<meta property=\"og:description\" content=\"Valais has many beautiful and natural waters where you\u2019ll find keen anglers. In Unterb\u00e4ch, you can fish in the Grosse See lake and L\u00f6\u00fcbbach stream.\" \/>\n<meta property=\"og:url\" content=\"https:\/\/unterbaech.ch\/en\/discover-experience\/summer\/leisure-activities\/fishing\/\" \/>\n<meta property=\"og:site_name\" content=\"Unterb\u00e4ch\" \/>\n<meta property=\"article:publisher\" content=\"https:\/\/www.facebook.com\/unterbaech\" \/>\n<meta property=\"article:modified_time\" content=\"2023-04-20T14:11:48+00:00\" \/>\n<meta name=\"twitter:card\" content=\"summary_large_image\" \/>\n<meta name=\"twitter:label1\" content=\"Est. reading time\" \/>\n\t<meta name=\"twitter:data1\" content=\"9 minutes\" \/>\n<script type=\"application\/ld+json\" class=\"yoast-schema-graph\">{\"@context\":\"https:\\\/\\\/schema.org\",\"@graph\":[{\"@type\":\"WebPage\",\"@id\":\"https:\\\/\\\/unterbaech.ch\\\/en\\\/discover-experience\\\/summer\\\/leisure-activities\\\/fishing\\\/\",\"url\":\"https:\\\/\\\/unterbaech.ch\\\/en\\\/discover-experience\\\/summer\\\/leisure-activities\\\/fishing\\\/\",\"name\":\"Fishing - Unterb\u00e4ch\",\"isPartOf\":{\"@id\":\"https:\\\/\\\/unterbaech.ch\\\/en\\\/#website\"},\"datePublished\":\"2021-11-04T13:39:55+00:00\",\"dateModified\":\"2023-04-20T14:11:48+00:00\",\"description\":\"Valais has many beautiful and natural waters where you\u2019ll find keen anglers. In Unterb\u00e4ch, you can fish in the Grosse See lake and L\u00f6\u00fcbbach stream.\",\"breadcrumb\":{\"@id\":\"https:\\\/\\\/unterbaech.ch\\\/en\\\/discover-experience\\\/summer\\\/leisure-activities\\\/fishing\\\/#breadcrumb\"},\"inLanguage\":\"en-US\",\"potentialAction\":[{\"@type\":\"ReadAction\",\"target\":[\"https:\\\/\\\/unterbaech.ch\\\/en\\\/discover-experience\\\/summer\\\/leisure-activities\\\/fishing\\\/\"]}]},{\"@type\":\"BreadcrumbList\",\"@id\":\"https:\\\/\\\/unterbaech.ch\\\/en\\\/discover-experience\\\/summer\\\/leisure-activities\\\/fishing\\\/#breadcrumb\",\"itemListElement\":[{\"@type\":\"ListItem\",\"position\":1,\"name\":\"Startseite\",\"item\":\"https:\\\/\\\/unterbaech.ch\\\/en\\\/home\\\/\"},{\"@type\":\"ListItem\",\"position\":2,\"name\":\"Discover &#038; Experience\",\"item\":\"https:\\\/\\\/unterbaech.ch\\\/en\\\/discover-experience\\\/\"},{\"@type\":\"ListItem\",\"position\":3,\"name\":\"Summer\",\"item\":\"https:\\\/\\\/unterbaech.ch\\\/en\\\/unterbaech\\\/sommer\\\/\"},{\"@type\":\"ListItem\",\"position\":4,\"name\":\"Leisure activities\",\"item\":\"https:\\\/\\\/unterbaech.ch\\\/en\\\/unterbaech\\\/sommer\\\/freizeitaktivitaeten\\\/\"},{\"@type\":\"ListItem\",\"position\":5,\"name\":\"Fishing\"}]},{\"@type\":\"WebSite\",\"@id\":\"https:\\\/\\\/unterbaech.ch\\\/en\\\/#website\",\"url\":\"https:\\\/\\\/unterbaech.ch\\\/en\\\/\",\"name\":\"Unterb\u00e4ch\",\"description\":\"\",\"publisher\":{\"@id\":\"https:\\\/\\\/unterbaech.ch\\\/en\\\/#organization\"},\"potentialAction\":[{\"@type\":\"SearchAction\",\"target\":{\"@type\":\"EntryPoint\",\"urlTemplate\":\"https:\\\/\\\/unterbaech.ch\\\/en\\\/?s={search_term_string}\"},\"query-input\":{\"@type\":\"PropertyValueSpecification\",\"valueRequired\":true,\"valueName\":\"search_term_string\"}}],\"inLanguage\":\"en-US\"},{\"@type\":\"Organization\",\"@id\":\"https:\\\/\\\/unterbaech.ch\\\/en\\\/#organization\",\"name\":\"Unterb\u00e4ch Tourismus\",\"url\":\"https:\\\/\\\/unterbaech.ch\\\/en\\\/\",\"logo\":{\"@type\":\"ImageObject\",\"inLanguage\":\"en-US\",\"@id\":\"https:\\\/\\\/unterbaech.ch\\\/en\\\/#\\\/schema\\\/logo\\\/image\\\/\",\"url\":\"https:\\\/\\\/unterbaech.ch\\\/wp-content\\\/uploads\\\/Logo-1.png\",\"contentUrl\":\"https:\\\/\\\/unterbaech.ch\\\/wp-content\\\/uploads\\\/Logo-1.png\",\"width\":1125,\"height\":1102,\"caption\":\"Unterb\u00e4ch Tourismus\"},\"image\":{\"@id\":\"https:\\\/\\\/unterbaech.ch\\\/en\\\/#\\\/schema\\\/logo\\\/image\\\/\"},\"sameAs\":[\"https:\\\/\\\/www.facebook.com\\\/unterbaech\",\"https:\\\/\\\/www.instagram.com\\\/visit.unterbaech\\\/\",\"https:\\\/\\\/de.wikipedia.org\\\/wiki\\\/Unterb\u00e4ch\"]}]}<\/script>\n<!-- \/ Yoast SEO plugin. -->","yoast_head_json":{"title":"Fishing - Unterb\u00e4ch","description":"Valais has many beautiful and natural waters where you\u2019ll find keen anglers. In Unterb\u00e4ch, you can fish in the Grosse See lake and L\u00f6\u00fcbbach stream.","robots":{"index":"index","follow":"follow","max-snippet":"max-snippet:-1","max-image-preview":"max-image-preview:large","max-video-preview":"max-video-preview:-1"},"canonical":"https:\/\/unterbaech.ch\/en\/discover-experience\/summer\/leisure-activities\/fishing\/","og_locale":"en_US","og_type":"article","og_title":"Fishing - Unterb\u00e4ch","og_description":"Valais has many beautiful and natural waters where you\u2019ll find keen anglers. In Unterb\u00e4ch, you can fish in the Grosse See lake and L\u00f6\u00fcbbach stream.","og_url":"https:\/\/unterbaech.ch\/en\/discover-experience\/summer\/leisure-activities\/fishing\/","og_site_name":"Unterb\u00e4ch","article_publisher":"https:\/\/www.facebook.com\/unterbaech","article_modified_time":"2023-04-20T14:11:48+00:00","twitter_card":"summary_large_image","twitter_misc":{"Est. reading time":"9 minutes"},"schema":{"@context":"https:\/\/schema.org","@graph":[{"@type":"WebPage","@id":"https:\/\/unterbaech.ch\/en\/discover-experience\/summer\/leisure-activities\/fishing\/","url":"https:\/\/unterbaech.ch\/en\/discover-experience\/summer\/leisure-activities\/fishing\/","name":"Fishing - Unterb\u00e4ch","isPartOf":{"@id":"https:\/\/unterbaech.ch\/en\/#website"},"datePublished":"2021-11-04T13:39:55+00:00","dateModified":"2023-04-20T14:11:48+00:00","description":"Valais has many beautiful and natural waters where you\u2019ll find keen anglers. In Unterb\u00e4ch, you can fish in the Grosse See lake and L\u00f6\u00fcbbach stream.","breadcrumb":{"@id":"https:\/\/unterbaech.ch\/en\/discover-experience\/summer\/leisure-activities\/fishing\/#breadcrumb"},"inLanguage":"en-US","potentialAction":[{"@type":"ReadAction","target":["https:\/\/unterbaech.ch\/en\/discover-experience\/summer\/leisure-activities\/fishing\/"]}]},{"@type":"BreadcrumbList","@id":"https:\/\/unterbaech.ch\/en\/discover-experience\/summer\/leisure-activities\/fishing\/#breadcrumb","itemListElement":[{"@type":"ListItem","position":1,"name":"Startseite","item":"https:\/\/unterbaech.ch\/en\/home\/"},{"@type":"ListItem","position":2,"name":"Discover &#038; Experience","item":"https:\/\/unterbaech.ch\/en\/discover-experience\/"},{"@type":"ListItem","position":3,"name":"Summer","item":"https:\/\/unterbaech.ch\/en\/unterbaech\/sommer\/"},{"@type":"ListItem","position":4,"name":"Leisure activities","item":"https:\/\/unterbaech.ch\/en\/unterbaech\/sommer\/freizeitaktivitaeten\/"},{"@type":"ListItem","position":5,"name":"Fishing"}]},{"@type":"WebSite","@id":"https:\/\/unterbaech.ch\/en\/#website","url":"https:\/\/unterbaech.ch\/en\/","name":"Unterb\u00e4ch","description":"","publisher":{"@id":"https:\/\/unterbaech.ch\/en\/#organization"},"potentialAction":[{"@type":"SearchAction","target":{"@type":"EntryPoint","urlTemplate":"https:\/\/unterbaech.ch\/en\/?s={search_term_string}"},"query-input":{"@type":"PropertyValueSpecification","valueRequired":true,"valueName":"search_term_string"}}],"inLanguage":"en-US"},{"@type":"Organization","@id":"https:\/\/unterbaech.ch\/en\/#organization","name":"Unterb\u00e4ch Tourismus","url":"https:\/\/unterbaech.ch\/en\/","logo":{"@type":"ImageObject","inLanguage":"en-US","@id":"https:\/\/unterbaech.ch\/en\/#\/schema\/logo\/image\/","url":"https:\/\/unterbaech.ch\/wp-content\/uploads\/Logo-1.png","contentUrl":"https:\/\/unterbaech.ch\/wp-content\/uploads\/Logo-1.png","width":1125,"height":1102,"caption":"Unterb\u00e4ch Tourismus"},"image":{"@id":"https:\/\/unterbaech.ch\/en\/#\/schema\/logo\/image\/"},"sameAs":["https:\/\/www.facebook.com\/unterbaech","https:\/\/www.instagram.com\/visit.unterbaech\/","https:\/\/de.wikipedia.org\/wiki\/Unterb\u00e4ch"]}]}},"_links":{"self":[{"href":"https:\/\/unterbaech.ch\/en\/wp-json\/wp\/v2\/pages\/14207","targetHints":{"allow":["GET"]}}],"collection":[{"href":"https:\/\/unterbaech.ch\/en\/wp-json\/wp\/v2\/pages"}],"about":[{"href":"https:\/\/unterbaech.ch\/en\/wp-json\/wp\/v2\/types\/page"}],"author":[{"embeddable":true,"href":"https:\/\/unterbaech.ch\/en\/wp-json\/wp\/v2\/users\/8"}],"replies":[{"embeddable":true,"href":"https:\/\/unterbaech.ch\/en\/wp-json\/wp\/v2\/comments?post=14207"}],"version-history":[{"count":3,"href":"https:\/\/unterbaech.ch\/en\/wp-json\/wp\/v2\/pages\/14207\/revisions"}],"predecessor-version":[{"id":19184,"href":"https:\/\/unterbaech.ch\/en\/wp-json\/wp\/v2\/pages\/14207\/revisions\/19184"}],"up":[{"embeddable":true,"href":"https:\/\/unterbaech.ch\/en\/wp-json\/wp\/v2\/pages\/14189"}],"wp:attachment":[{"href":"https:\/\/unterbaech.ch\/en\/wp-json\/wp\/v2\/media?parent=14207"}],"curies":[{"name":"wp","href":"https:\/\/api.w.org\/{rel}","templated":true}]}}