{"id":15742,"date":"2022-04-25T16:59:55","date_gmt":"2022-04-25T14:59:55","guid":{"rendered":"https:\/\/unterbaech.ch\/unterbaech-tourism-association\/regular-guest-honours\/"},"modified":"2022-05-13T13:43:50","modified_gmt":"2022-05-13T11:43:50","slug":"regular-guest-honours","status":"publish","type":"page","link":"https:\/\/unterbaech.ch\/en\/unterbaech-tourism-association\/regular-guest-honours\/","title":{"rendered":"Regular Guest Honours"},"content":{"rendered":"<\/p>\n\n<style type=\"text\/css\" data-created_by=\"avia_inline_auto\" id=\"style-css-av-kbax8y3e-2f8ae8ffd43cdb5426eb262c2a059c1a\">\n.avia-section.av-kbax8y3e-2f8ae8ffd43cdb5426eb262c2a059c1a .av-parallax .av-parallax-inner{\nbackground-repeat:no-repeat;\nbackground-image:url(https:\/\/unterbaech.ch\/wp-content\/uploads\/DSC01420_\u00a9marcoschnyder.jpg);\nbackground-position:50% 50%;\nbackground-attachment:scroll;\n}\n<\/style>\n<div id='av_section_1'  class='avia-section av-kbax8y3e-2f8ae8ffd43cdb5426eb262c2a059c1a main_color avia-section-default avia-no-border-styling  avia-builder-el-0  el_before_av_section  avia-builder-el-first  section-fullwidthimage avia-full-stretch av-parallax-section avia-bg-style-parallax av-minimum-height av-minimum-height-50 av-height-50  container_wrap fullsize'  data-section-bg-repeat='stretch' data-av_minimum_height_pc='50' data-av_min_height_opt='50'><div class='av-parallax' data-avia-parallax-ratio='0.3' ><div class='av-parallax-inner main_color avia-full-stretch'><\/div><\/div><div class='container av-section-cont-open' ><main  role=\"main\" itemprop=\"mainContentOfPage\"  class='template-page content  av-content-full alpha units'><div class='post-entry post-entry-type-page post-entry-15742'><div class='entry-content-wrapper clearfix'>\n<\/div><\/div><\/main><!-- close content main element --><\/div><\/div><div id='av_section_2'  class='avia-section av-1n2h9-eef07d2470a934665895b572bc96122f main_color avia-section-default avia-no-border-styling  avia-builder-el-1  el_after_av_section  el_before_av_textblock  section-leadtext onecol avia-bg-style-scroll container_wrap fullsize'  ><div class='container av-section-cont-open' ><div class='template-page content  av-content-full alpha units'><div class='post-entry post-entry-type-page post-entry-15742'><div class='entry-content-wrapper clearfix'>\n<section  class='av_textblock_section av-kbawhdx8-9a55faeefcbf4e8706dea9c49b9010c2 '   itemscope=\"itemscope\" itemtype=\"https:\/\/schema.org\/CreativeWork\" ><div class='avia_textblock'  itemprop=\"text\" ><p style=\"text-align: center;\"><strong>YOUR LOYALTY WILL BE REWARDED<\/strong><\/p>\n<h3 style=\"text-align: center;\">REGULAR GUEST HONOUR<\/h3>\n<\/div><\/section>\n\n<style type=\"text\/css\" data-created_by=\"avia_inline_auto\" id=\"style-css-av-kbax4bbr-27f78f1f5574462b1f9eaf8ccb6701aa\">\n#top .hr.hr-invisible.av-kbax4bbr-27f78f1f5574462b1f9eaf8ccb6701aa{\nheight:25px;\n}\n<\/style>\n<div  class='hr av-kbax4bbr-27f78f1f5574462b1f9eaf8ccb6701aa hr-invisible  avia-builder-el-3  el_after_av_textblock  el_before_av_textblock '><span class='hr-inner '><span class=\"hr-inner-style\"><\/span><\/span><\/div>\n<section  class='av_textblock_section av-kbawhdx8-4b6b00edbcd58df42bb800e9e9971c00 '   itemscope=\"itemscope\" itemtype=\"https:\/\/schema.org\/CreativeWork\" ><div class='avia_textblock lead'  itemprop=\"text\" ><p style=\"text-align: center;\">Your loyalty to Unterb\u00e4ch is rewarded! Unterb\u00e4ch Tourism would like to thank its loyal guests who have spent their holidays in Unterb\u00e4ch for 10 \/ 20 \/ 30 \/ 40 etc. years. years have spent their holidays in Unterb\u00e4ch. At a small celebration they will be named guests of honour and receive a present. The honouring of regular guests takes place in consultation with the hosts and the guests.<\/p>\n<\/div><\/section>\n<\/div><\/div><\/div><!-- close content main div --><\/div><\/div><div id='after_section_2'  class='main_color av_default_container_wrap container_wrap fullsize'  ><div class='container av-section-cont-open' ><div class='template-page content  av-content-full alpha units'><div class='post-entry post-entry-type-page post-entry-15742'><div class='entry-content-wrapper clearfix'><section  class='av_textblock_section av-kb9j7yy8-c1e2f43c8f7326967ea18064960f61a5 '   itemscope=\"itemscope\" itemtype=\"https:\/\/schema.org\/CreativeWork\" ><div class='avia_textblock'  itemprop=\"text\" ><div class=\"wpforms-container wpforms-container-full\" id=\"wpforms-8926\"><form id=\"wpforms-form-8926\" class=\"wpforms-validate wpforms-form wpforms-ajax-form\" data-formid=\"8926\" method=\"post\" enctype=\"multipart\/form-data\" action=\"\/en\/wp-json\/wp\/v2\/pages\/15742\" data-token=\"b8e9b86ccd2d7eeda8935aa8e939141a\" data-token-time=\"1775413431\"><noscript class=\"wpforms-error-noscript\">Please enable JavaScript in your browser to complete this form.<\/noscript><div class=\"wpforms-field-container\"><div id=\"wpforms-8926-field_26-container\" class=\"wpforms-field wpforms-field-select wpforms-field-select-style-modern\" data-field-id=\"26\"><label class=\"wpforms-field-label wpforms-label-hide\" for=\"wpforms-8926-field_26\">Enquiry filled out by <span class=\"wpforms-required-label\">*<\/span><\/label><select id=\"wpforms-8926-field_26\" class=\"wpforms-field-large wpforms-field-required choicesjs-select\" data-size-class=\"wpforms-field-row wpforms-field-large\" data-search-enabled=\"\" name=\"wpforms[fields][26]\" required=\"required\"><option value=\"\" class=\"placeholder\" disabled  selected='selected'>Enquiry filled out by*<\/option><option value=\"Guest\"  class=\"choice-1 depth-1\"  >Guest<\/option><option value=\"Accommodation provider\"  class=\"choice-2 depth-1\"  >Accommodation provider<\/option><\/select><\/div><div id=\"wpforms-8926-field_12-container\" class=\"wpforms-field wpforms-field-select wpforms-field-select-style-modern\" data-field-id=\"12\"><label class=\"wpforms-field-label wpforms-label-hide\" for=\"wpforms-8926-field_12\">Salutation <span class=\"wpforms-required-label\">*<\/span><\/label><select id=\"wpforms-8926-field_12\" class=\"wpforms-field-large wpforms-field-required choicesjs-select\" data-size-class=\"wpforms-field-row wpforms-field-large\" data-search-enabled=\"\" name=\"wpforms[fields][12]\" required=\"required\"><option value=\"\" class=\"placeholder\" disabled  selected='selected'>Salutation*<\/option><option value=\"Mrs.\"  class=\"choice-1 depth-1\"  >Mrs.<\/option><option value=\"Mr\"  class=\"choice-2 depth-1\"  >Mr<\/option><\/select><\/div><div id=\"wpforms-8926-field_3-container\" class=\"wpforms-field wpforms-field-text wpforms-one-half wpforms-first\" data-field-id=\"3\"><label class=\"wpforms-field-label wpforms-label-hide\" for=\"wpforms-8926-field_3\">First name <span class=\"wpforms-required-label\">*<\/span><\/label><input type=\"text\" id=\"wpforms-8926-field_3\" class=\"wpforms-field-large wpforms-field-required\" name=\"wpforms[fields][3]\" placeholder=\"First name*\" required><\/div><div id=\"wpforms-8926-field_2-container\" class=\"wpforms-field wpforms-field-text wpforms-one-half\" data-field-id=\"2\"><label class=\"wpforms-field-label wpforms-label-hide\" for=\"wpforms-8926-field_2\">Name <span class=\"wpforms-required-label\">*<\/span><\/label><input type=\"text\" id=\"wpforms-8926-field_2\" class=\"wpforms-field-large wpforms-field-required\" name=\"wpforms[fields][2]\" placeholder=\"Name*\" required><\/div><div id=\"wpforms-8926-field_4-container\" class=\"wpforms-field wpforms-field-text\" data-field-id=\"4\"><label class=\"wpforms-field-label wpforms-label-hide\" for=\"wpforms-8926-field_4\">Address <span class=\"wpforms-required-label\">*<\/span><\/label><input type=\"text\" id=\"wpforms-8926-field_4\" class=\"wpforms-field-large wpforms-field-required\" name=\"wpforms[fields][4]\" placeholder=\"Address*\" required><\/div><div id=\"wpforms-8926-field_5-container\" class=\"wpforms-field wpforms-field-text\" data-field-id=\"5\"><label class=\"wpforms-field-label wpforms-label-hide\" for=\"wpforms-8926-field_5\">CP \/ Town <span class=\"wpforms-required-label\">*<\/span><\/label><input type=\"text\" id=\"wpforms-8926-field_5\" class=\"wpforms-field-large wpforms-field-required\" name=\"wpforms[fields][5]\" placeholder=\"CP \/ Town*\" required><\/div><div id=\"wpforms-8926-field_24-container\" class=\"wpforms-field wpforms-field-text\" data-field-id=\"24\"><label class=\"wpforms-field-label wpforms-label-hide\" for=\"wpforms-8926-field_24\">Country <span class=\"wpforms-required-label\">*<\/span><\/label><input type=\"text\" id=\"wpforms-8926-field_24\" class=\"wpforms-field-large wpforms-field-required\" name=\"wpforms[fields][24]\" placeholder=\"Country*\" required><\/div><div id=\"wpforms-8926-field_7-container\" class=\"wpforms-field wpforms-field-email\" data-field-id=\"7\"><label class=\"wpforms-field-label wpforms-label-hide\" for=\"wpforms-8926-field_7\">E-Mail <span class=\"wpforms-required-label\">*<\/span><\/label><input type=\"email\" id=\"wpforms-8926-field_7\" class=\"wpforms-field-large wpforms-field-required\" name=\"wpforms[fields][7]\" placeholder=\"E-Mail*\" spellcheck=\"false\" required><\/div><div id=\"wpforms-8926-field_6-container\" class=\"wpforms-field wpforms-field-phone\" data-field-id=\"6\"><label class=\"wpforms-field-label wpforms-label-hide\" for=\"wpforms-8926-field_6\">Phone number <span class=\"wpforms-required-label\">*<\/span><\/label><input type=\"tel\" id=\"wpforms-8926-field_6\" class=\"wpforms-field-large wpforms-field-required\" data-rule-int-phone-field=\"true\" name=\"wpforms[fields][6]\" placeholder=\"Phone number*\" aria-label=\"Phone number\" required><\/div><div id=\"wpforms-8926-field_27-container\" class=\"wpforms-field wpforms-field-select wpforms-field-select-style-modern\" data-field-id=\"27\"><label class=\"wpforms-field-label wpforms-label-hide\" for=\"wpforms-8926-field_27\">Number of guest years incl. current year <span class=\"wpforms-required-label\">*<\/span><\/label><select id=\"wpforms-8926-field_27\" class=\"wpforms-field-large wpforms-field-required choicesjs-select\" data-size-class=\"wpforms-field-row wpforms-field-large\" data-search-enabled=\"1\" name=\"wpforms[fields][27]\" required=\"required\"><option value=\"\" class=\"placeholder\" disabled  selected='selected'>Number of guest years incl. current year*<\/option><option value=\"10\"  class=\"choice-1 depth-1\"  >10<\/option><option value=\"20\"  class=\"choice-2 depth-1\"  >20<\/option><option value=\"30\"  class=\"choice-3 depth-1\"  >30<\/option><option value=\"40\"  class=\"choice-6 depth-1\"  >40<\/option><option value=\"50\"  class=\"choice-5 depth-1\"  >50<\/option><option value=\"60\"  class=\"choice-4 depth-1\"  >60<\/option><option value=\"70\"  class=\"choice-8 depth-1\"  >70<\/option><option value=\"80\"  class=\"choice-7 depth-1\"  >80<\/option><\/select><\/div><div id=\"wpforms-8926-field_29-container\" class=\"wpforms-field wpforms-field-text\" data-field-id=\"29\"><label class=\"wpforms-field-label wpforms-label-hide\" for=\"wpforms-8926-field_29\">Name of current accommodation \/ landlord <span class=\"wpforms-required-label\">*<\/span><\/label><input type=\"text\" id=\"wpforms-8926-field_29\" class=\"wpforms-field-large wpforms-field-required\" name=\"wpforms[fields][29]\" placeholder=\"Name of current accommodation \/ landlord\" required><\/div><div id=\"wpforms-8926-field_32-container\" class=\"wpforms-field wpforms-field-text\" data-field-id=\"32\"><label class=\"wpforms-field-label wpforms-label-hide\" for=\"wpforms-8926-field_32\">Name of previous landlord<\/label><input type=\"text\" id=\"wpforms-8926-field_32\" class=\"wpforms-field-large\" name=\"wpforms[fields][32]\" placeholder=\"Name of previous landlord\" ><\/div><div id=\"wpforms-8926-field_31-container\" class=\"wpforms-field wpforms-field-date-time wpforms-one-half wpforms-first\" data-field-id=\"31\"><label class=\"wpforms-field-label\" for=\"wpforms-8926-field_31\">Next stay in Unterb\u00e4ch (start date) <span class=\"wpforms-required-label\">*<\/span><\/label><div class=\"wpforms-datepicker-wrap\"><input type=\"text\" id=\"wpforms-8926-field_31\" class=\"wpforms-field-date-time-date wpforms-datepicker wpforms-field-required wpforms-field-medium\" data-date-format=\"m\/d\/Y\" data-disable-past-dates=\"0\" data-input=\"true\" name=\"wpforms[fields][31][date]\" required><a title=\"Clear Date\" data-clear role=\"button\" tabindex=\"0\" class=\"wpforms-datepicker-clear\" aria-label=\"Clear Date\" style=\"display:none;\"><\/a><\/div><\/div><div id=\"wpforms-8926-field_33-container\" class=\"wpforms-field wpforms-field-date-time wpforms-one-half\" data-field-id=\"33\"><label class=\"wpforms-field-label\" for=\"wpforms-8926-field_33\">Next stay in Unterb\u00e4ch (end date) <span class=\"wpforms-required-label\">*<\/span><\/label><div class=\"wpforms-datepicker-wrap\"><input type=\"text\" id=\"wpforms-8926-field_33\" class=\"wpforms-field-date-time-date wpforms-datepicker wpforms-field-required wpforms-field-medium\" data-date-format=\"m\/d\/Y\" data-disable-past-dates=\"0\" data-input=\"true\" name=\"wpforms[fields][33][date]\" required><a title=\"Clear Date\" data-clear role=\"button\" tabindex=\"0\" class=\"wpforms-datepicker-clear\" aria-label=\"Clear Date\" style=\"display:none;\"><\/a><\/div><\/div><div id=\"wpforms-8926-field_8-container\" class=\"wpforms-field wpforms-field-textarea\" data-field-id=\"8\"><label class=\"wpforms-field-label wpforms-label-hide\" for=\"wpforms-8926-field_8\">Comment<\/label><textarea id=\"wpforms-8926-field_8\" class=\"wpforms-field-large\" name=\"wpforms[fields][8]\" placeholder=\"Comment\" ><\/textarea><\/div><div id=\"wpforms-8926-field_9-container\" class=\"wpforms-field wpforms-field-checkbox\" data-field-id=\"9\"><label class=\"wpforms-field-label wpforms-label-hide\">Terms and Conditions read and accepted <span class=\"wpforms-required-label\">*<\/span><\/label><ul id=\"wpforms-8926-field_9\" class=\"wpforms-field-required\"><li class=\"choice-1 depth-1 wpforms-selected\"><input type=\"checkbox\" id=\"wpforms-8926-field_9_1\" name=\"wpforms[fields][9][]\" value=\"I consent to this website storing my submitted information so that my enquiry can be answered. \" required  checked='checked'><label class=\"wpforms-field-label-inline\" for=\"wpforms-8926-field_9_1\">I consent to this website storing my submitted information so that my enquiry can be answered.<\/label><\/li><\/ul><\/div><div id=\"wpforms-8926-field_13-container\" class=\"wpforms-field wpforms-field-checkbox\" data-field-id=\"13\"><label class=\"wpforms-field-label wpforms-label-hide\">Newsletter<\/label><ul id=\"wpforms-8926-field_13\"><li class=\"choice-1 depth-1 wpforms-selected\"><input type=\"checkbox\" id=\"wpforms-8926-field_13_1\" name=\"wpforms[fields][13][]\" value=\"I would like to subscribe to the Unterb\u00e4ch newsletter.\"   checked='checked'><label class=\"wpforms-field-label-inline\" for=\"wpforms-8926-field_13_1\">I would like to subscribe to the Unterb\u00e4ch newsletter.<\/label><\/li><\/ul><\/div><\/div><!-- .wpforms-field-container --><input type=\"hidden\" name=\"nlang\" value=\"en\"><div class=\"wpforms-field wpforms-field-hp\"><label for=\"wpforms-8926-field-hp\" class=\"wpforms-field-label\">Email<\/label><input type=\"text\" name=\"wpforms[hp]\" id=\"wpforms-8926-field-hp\" class=\"wpforms-field-medium\"><\/div><div class=\"wpforms-recaptcha-container wpforms-is-recaptcha wpforms-is-recaptcha-type-v3\" ><input type=\"hidden\" name=\"wpforms[recaptcha]\" value=\"\"><\/div><div class=\"wpforms-submit-container\" ><input type=\"hidden\" name=\"wpforms[id]\" value=\"8926\"><input type=\"hidden\" name=\"page_title\" value=\"\"><input type=\"hidden\" name=\"page_url\" value=\"https:\/\/unterbaech.ch\/en\/wp-json\/wp\/v2\/pages\/15742\"><input type=\"hidden\" name=\"url_referer\" value=\"\"><button type=\"submit\" name=\"wpforms[submit]\" id=\"wpforms-submit-8926\" class=\"wpforms-submit\" data-alt-text=\"Sending...\" data-submit-text=\"Send\" aria-live=\"assertive\" value=\"wpforms-submit\">Send<\/button><img decoding=\"async\" src=\"https:\/\/unterbaech.ch\/wp-content\/plugins\/wpforms\/assets\/images\/submit-spin.svg\" class=\"wpforms-submit-spinner\" style=\"display: none;\" width=\"26\" height=\"26\" alt=\"Loading\"><\/div><\/form><\/div>  <!-- .wpforms-container -->\n<\/div><\/section><\/p>\n\n<style type=\"text\/css\" data-created_by=\"avia_inline_auto\" id=\"style-css-av-kbax4bbr-27f78f1f5574462b1f9eaf8ccb6701aa\">\n#top .hr.hr-invisible.av-kbax4bbr-27f78f1f5574462b1f9eaf8ccb6701aa{\nheight:25px;\n}\n<\/style>\n<div  class='hr av-kbax4bbr-27f78f1f5574462b1f9eaf8ccb6701aa hr-invisible  avia-builder-el-6  el_after_av_textblock  el_before_av_textblock '><span class='hr-inner '><span class=\"hr-inner-style\"><\/span><\/span><\/div>\n<section  class='av_textblock_section av-kbawhdx8-4b6b00edbcd58df42bb800e9e9971c00 '   itemscope=\"itemscope\" itemtype=\"https:\/\/schema.org\/CreativeWork\" ><div class='avia_textblock lead'  itemprop=\"text\" ><p style=\"text-align: center;\">We ask for your understanding that second home owners will not be honoured.<\/p>\n<\/div><\/section>\n","protected":false},"excerpt":{"rendered":"","protected":false},"author":8,"featured_media":0,"parent":14482,"menu_order":0,"comment_status":"closed","ping_status":"closed","template":"","meta":{"inline_featured_image":false,"footnotes":""},"class_list":["post-15742","page","type-page","status-publish","hentry"],"yoast_head":"<!-- This site is optimized with the Yoast SEO plugin v27.3 - https:\/\/yoast.com\/product\/yoast-seo-wordpress\/ -->\n<title>Regular Guest Honours - Unterb\u00e4ch<\/title>\n<meta name=\"description\" content=\"Your loyalty is rewarded! Unterb\u00e4ch Tourism would like to thank its loyal guests who have spent their holidays in Unterb\u00e4ch for more than 10 years.\" \/>\n<meta name=\"robots\" content=\"index, follow, max-snippet:-1, max-image-preview:large, max-video-preview:-1\" \/>\n<link rel=\"canonical\" href=\"https:\/\/unterbaech.ch\/en\/unterbaech-tourism-association\/regular-guest-honours\/\" \/>\n<meta property=\"og:locale\" content=\"en_US\" \/>\n<meta property=\"og:type\" content=\"article\" \/>\n<meta property=\"og:title\" content=\"Regular Guest Honours - Unterb\u00e4ch\" \/>\n<meta property=\"og:description\" content=\"Your loyalty is rewarded! Unterb\u00e4ch Tourism would like to thank its loyal guests who have spent their holidays in Unterb\u00e4ch for more than 10 years.\" \/>\n<meta property=\"og:url\" content=\"https:\/\/unterbaech.ch\/en\/unterbaech-tourism-association\/regular-guest-honours\/\" \/>\n<meta property=\"og:site_name\" content=\"Unterb\u00e4ch\" \/>\n<meta property=\"article:publisher\" content=\"https:\/\/www.facebook.com\/unterbaech\" \/>\n<meta property=\"article:modified_time\" content=\"2022-05-13T11:43:50+00:00\" \/>\n<meta name=\"twitter:card\" content=\"summary_large_image\" \/>\n<meta name=\"twitter:label1\" content=\"Est. reading time\" \/>\n\t<meta name=\"twitter:data1\" content=\"2 minutes\" \/>\n<script type=\"application\/ld+json\" class=\"yoast-schema-graph\">{\"@context\":\"https:\\\/\\\/schema.org\",\"@graph\":[{\"@type\":\"WebPage\",\"@id\":\"https:\\\/\\\/unterbaech.ch\\\/en\\\/unterbaech-tourism-association\\\/regular-guest-honours\\\/\",\"url\":\"https:\\\/\\\/unterbaech.ch\\\/en\\\/unterbaech-tourism-association\\\/regular-guest-honours\\\/\",\"name\":\"Regular Guest Honours - Unterb\u00e4ch\",\"isPartOf\":{\"@id\":\"https:\\\/\\\/unterbaech.ch\\\/en\\\/#website\"},\"datePublished\":\"2022-04-25T14:59:55+00:00\",\"dateModified\":\"2022-05-13T11:43:50+00:00\",\"description\":\"Your loyalty is rewarded! Unterb\u00e4ch Tourism would like to thank its loyal guests who have spent their holidays in Unterb\u00e4ch for more than 10 years.\",\"breadcrumb\":{\"@id\":\"https:\\\/\\\/unterbaech.ch\\\/en\\\/unterbaech-tourism-association\\\/regular-guest-honours\\\/#breadcrumb\"},\"inLanguage\":\"en-US\",\"potentialAction\":[{\"@type\":\"ReadAction\",\"target\":[\"https:\\\/\\\/unterbaech.ch\\\/en\\\/unterbaech-tourism-association\\\/regular-guest-honours\\\/\"]}]},{\"@type\":\"BreadcrumbList\",\"@id\":\"https:\\\/\\\/unterbaech.ch\\\/en\\\/unterbaech-tourism-association\\\/regular-guest-honours\\\/#breadcrumb\",\"itemListElement\":[{\"@type\":\"ListItem\",\"position\":1,\"name\":\"Startseite\",\"item\":\"https:\\\/\\\/unterbaech.ch\\\/en\\\/home\\\/\"},{\"@type\":\"ListItem\",\"position\":2,\"name\":\"Unterb\u00e4ch Tourism Association\",\"item\":\"https:\\\/\\\/unterbaech.ch\\\/en\\\/unterbaech-tourism-association\\\/\"},{\"@type\":\"ListItem\",\"position\":3,\"name\":\"Regular Guest Honours\"}]},{\"@type\":\"WebSite\",\"@id\":\"https:\\\/\\\/unterbaech.ch\\\/en\\\/#website\",\"url\":\"https:\\\/\\\/unterbaech.ch\\\/en\\\/\",\"name\":\"Unterb\u00e4ch\",\"description\":\"\",\"publisher\":{\"@id\":\"https:\\\/\\\/unterbaech.ch\\\/en\\\/#organization\"},\"potentialAction\":[{\"@type\":\"SearchAction\",\"target\":{\"@type\":\"EntryPoint\",\"urlTemplate\":\"https:\\\/\\\/unterbaech.ch\\\/en\\\/?s={search_term_string}\"},\"query-input\":{\"@type\":\"PropertyValueSpecification\",\"valueRequired\":true,\"valueName\":\"search_term_string\"}}],\"inLanguage\":\"en-US\"},{\"@type\":\"Organization\",\"@id\":\"https:\\\/\\\/unterbaech.ch\\\/en\\\/#organization\",\"name\":\"Unterb\u00e4ch Tourismus\",\"url\":\"https:\\\/\\\/unterbaech.ch\\\/en\\\/\",\"logo\":{\"@type\":\"ImageObject\",\"inLanguage\":\"en-US\",\"@id\":\"https:\\\/\\\/unterbaech.ch\\\/en\\\/#\\\/schema\\\/logo\\\/image\\\/\",\"url\":\"https:\\\/\\\/unterbaech.ch\\\/wp-content\\\/uploads\\\/Logo-1.png\",\"contentUrl\":\"https:\\\/\\\/unterbaech.ch\\\/wp-content\\\/uploads\\\/Logo-1.png\",\"width\":1125,\"height\":1102,\"caption\":\"Unterb\u00e4ch Tourismus\"},\"image\":{\"@id\":\"https:\\\/\\\/unterbaech.ch\\\/en\\\/#\\\/schema\\\/logo\\\/image\\\/\"},\"sameAs\":[\"https:\\\/\\\/www.facebook.com\\\/unterbaech\",\"https:\\\/\\\/www.instagram.com\\\/visit.unterbaech\\\/\",\"https:\\\/\\\/de.wikipedia.org\\\/wiki\\\/Unterb\u00e4ch\"]}]}<\/script>\n<!-- \/ Yoast SEO plugin. -->","yoast_head_json":{"title":"Regular Guest Honours - Unterb\u00e4ch","description":"Your loyalty is rewarded! Unterb\u00e4ch Tourism would like to thank its loyal guests who have spent their holidays in Unterb\u00e4ch for more than 10 years.","robots":{"index":"index","follow":"follow","max-snippet":"max-snippet:-1","max-image-preview":"max-image-preview:large","max-video-preview":"max-video-preview:-1"},"canonical":"https:\/\/unterbaech.ch\/en\/unterbaech-tourism-association\/regular-guest-honours\/","og_locale":"en_US","og_type":"article","og_title":"Regular Guest Honours - Unterb\u00e4ch","og_description":"Your loyalty is rewarded! Unterb\u00e4ch Tourism would like to thank its loyal guests who have spent their holidays in Unterb\u00e4ch for more than 10 years.","og_url":"https:\/\/unterbaech.ch\/en\/unterbaech-tourism-association\/regular-guest-honours\/","og_site_name":"Unterb\u00e4ch","article_publisher":"https:\/\/www.facebook.com\/unterbaech","article_modified_time":"2022-05-13T11:43:50+00:00","twitter_card":"summary_large_image","twitter_misc":{"Est. reading time":"2 minutes"},"schema":{"@context":"https:\/\/schema.org","@graph":[{"@type":"WebPage","@id":"https:\/\/unterbaech.ch\/en\/unterbaech-tourism-association\/regular-guest-honours\/","url":"https:\/\/unterbaech.ch\/en\/unterbaech-tourism-association\/regular-guest-honours\/","name":"Regular Guest Honours - Unterb\u00e4ch","isPartOf":{"@id":"https:\/\/unterbaech.ch\/en\/#website"},"datePublished":"2022-04-25T14:59:55+00:00","dateModified":"2022-05-13T11:43:50+00:00","description":"Your loyalty is rewarded! Unterb\u00e4ch Tourism would like to thank its loyal guests who have spent their holidays in Unterb\u00e4ch for more than 10 years.","breadcrumb":{"@id":"https:\/\/unterbaech.ch\/en\/unterbaech-tourism-association\/regular-guest-honours\/#breadcrumb"},"inLanguage":"en-US","potentialAction":[{"@type":"ReadAction","target":["https:\/\/unterbaech.ch\/en\/unterbaech-tourism-association\/regular-guest-honours\/"]}]},{"@type":"BreadcrumbList","@id":"https:\/\/unterbaech.ch\/en\/unterbaech-tourism-association\/regular-guest-honours\/#breadcrumb","itemListElement":[{"@type":"ListItem","position":1,"name":"Startseite","item":"https:\/\/unterbaech.ch\/en\/home\/"},{"@type":"ListItem","position":2,"name":"Unterb\u00e4ch Tourism Association","item":"https:\/\/unterbaech.ch\/en\/unterbaech-tourism-association\/"},{"@type":"ListItem","position":3,"name":"Regular Guest Honours"}]},{"@type":"WebSite","@id":"https:\/\/unterbaech.ch\/en\/#website","url":"https:\/\/unterbaech.ch\/en\/","name":"Unterb\u00e4ch","description":"","publisher":{"@id":"https:\/\/unterbaech.ch\/en\/#organization"},"potentialAction":[{"@type":"SearchAction","target":{"@type":"EntryPoint","urlTemplate":"https:\/\/unterbaech.ch\/en\/?s={search_term_string}"},"query-input":{"@type":"PropertyValueSpecification","valueRequired":true,"valueName":"search_term_string"}}],"inLanguage":"en-US"},{"@type":"Organization","@id":"https:\/\/unterbaech.ch\/en\/#organization","name":"Unterb\u00e4ch Tourismus","url":"https:\/\/unterbaech.ch\/en\/","logo":{"@type":"ImageObject","inLanguage":"en-US","@id":"https:\/\/unterbaech.ch\/en\/#\/schema\/logo\/image\/","url":"https:\/\/unterbaech.ch\/wp-content\/uploads\/Logo-1.png","contentUrl":"https:\/\/unterbaech.ch\/wp-content\/uploads\/Logo-1.png","width":1125,"height":1102,"caption":"Unterb\u00e4ch Tourismus"},"image":{"@id":"https:\/\/unterbaech.ch\/en\/#\/schema\/logo\/image\/"},"sameAs":["https:\/\/www.facebook.com\/unterbaech","https:\/\/www.instagram.com\/visit.unterbaech\/","https:\/\/de.wikipedia.org\/wiki\/Unterb\u00e4ch"]}]}},"_links":{"self":[{"href":"https:\/\/unterbaech.ch\/en\/wp-json\/wp\/v2\/pages\/15742","targetHints":{"allow":["GET"]}}],"collection":[{"href":"https:\/\/unterbaech.ch\/en\/wp-json\/wp\/v2\/pages"}],"about":[{"href":"https:\/\/unterbaech.ch\/en\/wp-json\/wp\/v2\/types\/page"}],"author":[{"embeddable":true,"href":"https:\/\/unterbaech.ch\/en\/wp-json\/wp\/v2\/users\/8"}],"replies":[{"embeddable":true,"href":"https:\/\/unterbaech.ch\/en\/wp-json\/wp\/v2\/comments?post=15742"}],"version-history":[{"count":0,"href":"https:\/\/unterbaech.ch\/en\/wp-json\/wp\/v2\/pages\/15742\/revisions"}],"up":[{"embeddable":true,"href":"https:\/\/unterbaech.ch\/en\/wp-json\/wp\/v2\/pages\/14482"}],"wp:attachment":[{"href":"https:\/\/unterbaech.ch\/en\/wp-json\/wp\/v2\/media?parent=15742"}],"curies":[{"name":"wp","href":"https:\/\/api.w.org\/{rel}","templated":true}]}}