{"id":15853,"date":"2022-05-05T10:53:48","date_gmt":"2022-05-05T08:53:48","guid":{"rendered":"https:\/\/unterbaech.ch\/brochures-information\/brochure-download\/"},"modified":"2022-07-24T13:21:49","modified_gmt":"2022-07-24T11:21:49","slug":"brochure-download","status":"publish","type":"page","link":"https:\/\/unterbaech.ch\/en\/brochures-information\/brochure-download\/","title":{"rendered":"Brochure download"},"content":{"rendered":"<\/p>\n\n<style type=\"text\/css\" data-created_by=\"avia_inline_auto\" id=\"style-css-av-kbax8y3e-8beae2a1f9e82bfc2b9379c9d7965b93\">\n.avia-section.av-kbax8y3e-8beae2a1f9e82bfc2b9379c9d7965b93 .av-parallax .av-parallax-inner{\nbackground-repeat:no-repeat;\nbackground-image:url(https:\/\/unterbaech.ch\/wp-content\/uploads\/DSC01609_\u00a9marcoschnyder.jpg);\nbackground-position:0% 100%;\nbackground-attachment:scroll;\n}\n<\/style>\n<div id='av_section_1'  class='avia-section av-kbax8y3e-8beae2a1f9e82bfc2b9379c9d7965b93 main_color avia-section-default avia-no-border-styling  avia-builder-el-0  el_before_av_section  avia-builder-el-first  section-fullwidthimage avia-full-stretch av-parallax-section avia-bg-style-parallax av-minimum-height av-minimum-height-50 av-height-50  container_wrap fullsize'  data-section-bg-repeat='stretch' data-av_minimum_height_pc='50' data-av_min_height_opt='50'><div class='av-parallax' data-avia-parallax-ratio='0.3' ><div class='av-parallax-inner main_color avia-full-stretch'><\/div><\/div><div class='container av-section-cont-open' ><main  role=\"main\" itemprop=\"mainContentOfPage\"  class='template-page content  av-content-full alpha units'><div class='post-entry post-entry-type-page post-entry-15853'><div class='entry-content-wrapper clearfix'>\n<\/div><\/div><\/main><!-- close content main element --><\/div><\/div><div id='av_section_2'  class='avia-section av-1n2h9-eef07d2470a934665895b572bc96122f main_color avia-section-default avia-no-border-styling  avia-builder-el-1  el_after_av_section  el_before_av_section  section-leadtext onecol avia-bg-style-scroll container_wrap fullsize'  ><div class='container av-section-cont-open' ><div class='template-page content  av-content-full alpha units'><div class='post-entry post-entry-type-page post-entry-15853'><div class='entry-content-wrapper clearfix'>\n<section  class='av_textblock_section av-kbawhdx8-9a55faeefcbf4e8706dea9c49b9010c2 '   itemscope=\"itemscope\" itemtype=\"https:\/\/schema.org\/CreativeWork\" ><div class='avia_textblock'  itemprop=\"text\" ><p style=\"text-align: center;\"><strong>SUMMER AND WINTER BROCHURES OF THE AUGSTBORD REGION<\/strong><\/p>\n<h3 style=\"text-align: center;\">BROCHURE DOWNLOAD<\/h3>\n<\/div><\/section>\n<section  class='av_textblock_section av-kbawhdx8-2-10cf2510a2901ad423aefa7241747bfd '   itemscope=\"itemscope\" itemtype=\"https:\/\/schema.org\/CreativeWork\" ><div class='avia_textblock lead'  itemprop=\"text\" ><p style=\"text-align: center;\">Would you like to find out more about Unterb\u00e4ch and the Augstbord region? No problem: Here you can download our brochures.<\/p>\n<\/div><\/section>\n\n<\/div><\/div><\/div><!-- close content main div --><\/div><\/div><div id='av_section_3'  class='avia-section av-kd0axm47-81029f8dc43f12218ea09a3411c714ff main_color avia-section-no-padding avia-no-border-styling  avia-builder-el-4  el_after_av_section  avia-builder-el-last  section-desklinewebshop deskline avia-bg-style-scroll container_wrap fullsize'  ><div class='container av-section-cont-open' ><div class='template-page content  av-content-full alpha units'><div class='post-entry post-entry-type-page post-entry-15853'><div class='entry-content-wrapper clearfix'>\n<div  class='avia-builder-widget-area clearfix  avia-builder-el-5  avia-builder-el-no-sibling '><div id=\"codewidget-33\" class=\"widget clearfix widget_codewidget\"><div class=\"code-widget\"><!-- Element in das der TOSC5 geladen werden soll -->\r\n<div id=\"tosc5target\"><\/div>\r\n\r\n<!-- TOSC5 Implementation Anfang -->\r\n<script>\r\n\twindow.dw = window.dw || function () { (dw.q = dw.q || []).push(arguments) };\r\n\tdw('settings', '86988086-3173-4cd1-bf6c-c70ffedd7333',\r\n\t\t{\r\n\t\t\t\"context\": {\r\n\r\n\t\t\t\t\"targetRoute\":[\r\n\t\t\t\t\t\"\/brochures\"\r\n\t\t\t\t]\r\n\t\t},\r\n\t\t\t\"lang\": 'en',\r\n\t\t\t\"target\": \"tosc5target\",\r\n\t            \"profileOverrides\":[\r\n\t                        \"general.header.visible=false\",\r\n\t                        \"general.navigation.visible=false\"\r\n\t            ],\r\n           \t\t\"loadingAnimationColor\": {\r\n                  \t      \"main\": '#af1d1f',\r\n                  \t      \"alt\": '#ededed'\r\n          \t\t },\r\n\t\t\t\"styleResources\":[\r\n\t\t\t'https:\/\/unterbaech.ch\/wp-content\/themes\/enfold-child\/style-deskline.css'\r\n\t\t\t]\r\n\t\t});\r\n\t\r\n\tdw('onPageLoad', '86988086-3173-4cd1-bf6c-c70ffedd7333', function (e) {\r\n\t\tconsole.log('onPageLoad', e)\r\n\t});\r\n\r\n\tdw('onUserAction', '86988086-3173-4cd1-bf6c-c70ffedd7333', function (e) {\r\n\t\tconsole.log('onUserAction:', e)\r\n\t});\r\n\t\t\r\n<\/script>\r\n<script async src=\"https:\/\/resc.deskline.net\/DW5\/start\/UNTER\/86988086-3173-4cd1-bf6c-c70ffedd7333\/index.js\"><\/script>\r\n<!-- TOSC5 Implementation Ende --><\/div><\/div><\/div>\n\n","protected":false},"excerpt":{"rendered":"","protected":false},"author":8,"featured_media":0,"parent":14328,"menu_order":0,"comment_status":"closed","ping_status":"closed","template":"","meta":{"inline_featured_image":false,"footnotes":""},"class_list":["post-15853","page","type-page","status-publish","hentry"],"yoast_head":"<!-- This site is optimized with the Yoast SEO plugin v27.4 - https:\/\/yoast.com\/product\/yoast-seo-wordpress\/ -->\n<title>Brochure download - Unterb\u00e4ch<\/title>\n<meta name=\"description\" content=\"Skifahren oder Snowboarden lernen kann jeder. Ob Skianf\u00e4nger oder Wiedereinsteiger. In der Schweizer Schneesportschule Unterb\u00e4ch lernst du in nur wenigen Tagen das Skifahren und Snowboarden oder verbesserst deine Technik.Wir bieten Gruppenunterricht und Privatlektionen f\u00fcr alle Niveaus und Altersstufen.\" \/>\n<meta name=\"robots\" content=\"index, follow, max-snippet:-1, max-image-preview:large, max-video-preview:-1\" \/>\n<link rel=\"canonical\" href=\"https:\/\/unterbaech.ch\/en\/brochures-information\/brochure-download\/\" \/>\n<meta property=\"og:locale\" content=\"en_US\" \/>\n<meta property=\"og:type\" content=\"article\" \/>\n<meta property=\"og:title\" content=\"Brochure download - Unterb\u00e4ch\" \/>\n<meta property=\"og:description\" content=\"Skifahren oder Snowboarden lernen kann jeder. Ob Skianf\u00e4nger oder Wiedereinsteiger. In der Schweizer Schneesportschule Unterb\u00e4ch lernst du in nur wenigen Tagen das Skifahren und Snowboarden oder verbesserst deine Technik.Wir bieten Gruppenunterricht und Privatlektionen f\u00fcr alle Niveaus und Altersstufen.\" \/>\n<meta property=\"og:url\" content=\"https:\/\/unterbaech.ch\/en\/brochures-information\/brochure-download\/\" \/>\n<meta property=\"og:site_name\" content=\"Unterb\u00e4ch\" \/>\n<meta property=\"article:publisher\" content=\"https:\/\/www.facebook.com\/unterbaech\" \/>\n<meta property=\"article:modified_time\" content=\"2022-07-24T11:21:49+00:00\" \/>\n<meta name=\"twitter:card\" content=\"summary_large_image\" \/>\n<meta name=\"twitter:label1\" content=\"Est. reading time\" \/>\n\t<meta name=\"twitter:data1\" content=\"1 minute\" \/>\n<script type=\"application\/ld+json\" class=\"yoast-schema-graph\">{\"@context\":\"https:\\\/\\\/schema.org\",\"@graph\":[{\"@type\":\"WebPage\",\"@id\":\"https:\\\/\\\/unterbaech.ch\\\/en\\\/brochures-information\\\/brochure-download\\\/\",\"url\":\"https:\\\/\\\/unterbaech.ch\\\/en\\\/brochures-information\\\/brochure-download\\\/\",\"name\":\"Brochure download - Unterb\u00e4ch\",\"isPartOf\":{\"@id\":\"https:\\\/\\\/unterbaech.ch\\\/en\\\/#website\"},\"datePublished\":\"2022-05-05T08:53:48+00:00\",\"dateModified\":\"2022-07-24T11:21:49+00:00\",\"description\":\"Skifahren oder Snowboarden lernen kann jeder. Ob Skianf\u00e4nger oder Wiedereinsteiger. In der Schweizer Schneesportschule Unterb\u00e4ch lernst du in nur wenigen Tagen das Skifahren und Snowboarden oder verbesserst deine Technik.Wir bieten Gruppenunterricht und Privatlektionen f\u00fcr alle Niveaus und Altersstufen.\",\"breadcrumb\":{\"@id\":\"https:\\\/\\\/unterbaech.ch\\\/en\\\/brochures-information\\\/brochure-download\\\/#breadcrumb\"},\"inLanguage\":\"en-US\",\"potentialAction\":[{\"@type\":\"ReadAction\",\"target\":[\"https:\\\/\\\/unterbaech.ch\\\/en\\\/brochures-information\\\/brochure-download\\\/\"]}]},{\"@type\":\"BreadcrumbList\",\"@id\":\"https:\\\/\\\/unterbaech.ch\\\/en\\\/brochures-information\\\/brochure-download\\\/#breadcrumb\",\"itemListElement\":[{\"@type\":\"ListItem\",\"position\":1,\"name\":\"Startseite\",\"item\":\"https:\\\/\\\/unterbaech.ch\\\/en\\\/home\\\/\"},{\"@type\":\"ListItem\",\"position\":2,\"name\":\"Brochures &#038; Information\",\"item\":\"https:\\\/\\\/unterbaech.ch\\\/en\\\/brochures-information\\\/\"},{\"@type\":\"ListItem\",\"position\":3,\"name\":\"Brochure download\"}]},{\"@type\":\"WebSite\",\"@id\":\"https:\\\/\\\/unterbaech.ch\\\/en\\\/#website\",\"url\":\"https:\\\/\\\/unterbaech.ch\\\/en\\\/\",\"name\":\"Unterb\u00e4ch\",\"description\":\"\",\"publisher\":{\"@id\":\"https:\\\/\\\/unterbaech.ch\\\/en\\\/#organization\"},\"potentialAction\":[{\"@type\":\"SearchAction\",\"target\":{\"@type\":\"EntryPoint\",\"urlTemplate\":\"https:\\\/\\\/unterbaech.ch\\\/en\\\/?s={search_term_string}\"},\"query-input\":{\"@type\":\"PropertyValueSpecification\",\"valueRequired\":true,\"valueName\":\"search_term_string\"}}],\"inLanguage\":\"en-US\"},{\"@type\":\"Organization\",\"@id\":\"https:\\\/\\\/unterbaech.ch\\\/en\\\/#organization\",\"name\":\"Unterb\u00e4ch Tourismus\",\"url\":\"https:\\\/\\\/unterbaech.ch\\\/en\\\/\",\"logo\":{\"@type\":\"ImageObject\",\"inLanguage\":\"en-US\",\"@id\":\"https:\\\/\\\/unterbaech.ch\\\/en\\\/#\\\/schema\\\/logo\\\/image\\\/\",\"url\":\"https:\\\/\\\/unterbaech.ch\\\/wp-content\\\/uploads\\\/Logo-1.png\",\"contentUrl\":\"https:\\\/\\\/unterbaech.ch\\\/wp-content\\\/uploads\\\/Logo-1.png\",\"width\":1125,\"height\":1102,\"caption\":\"Unterb\u00e4ch Tourismus\"},\"image\":{\"@id\":\"https:\\\/\\\/unterbaech.ch\\\/en\\\/#\\\/schema\\\/logo\\\/image\\\/\"},\"sameAs\":[\"https:\\\/\\\/www.facebook.com\\\/unterbaech\",\"https:\\\/\\\/www.instagram.com\\\/visit.unterbaech\\\/\",\"https:\\\/\\\/de.wikipedia.org\\\/wiki\\\/Unterb\u00e4ch\"]}]}<\/script>\n<!-- \/ Yoast SEO plugin. -->","yoast_head_json":{"title":"Brochure download - Unterb\u00e4ch","description":"Skifahren oder Snowboarden lernen kann jeder. Ob Skianf\u00e4nger oder Wiedereinsteiger. In der Schweizer Schneesportschule Unterb\u00e4ch lernst du in nur wenigen Tagen das Skifahren und Snowboarden oder verbesserst deine Technik.Wir bieten Gruppenunterricht und Privatlektionen f\u00fcr alle Niveaus und Altersstufen.","robots":{"index":"index","follow":"follow","max-snippet":"max-snippet:-1","max-image-preview":"max-image-preview:large","max-video-preview":"max-video-preview:-1"},"canonical":"https:\/\/unterbaech.ch\/en\/brochures-information\/brochure-download\/","og_locale":"en_US","og_type":"article","og_title":"Brochure download - Unterb\u00e4ch","og_description":"Skifahren oder Snowboarden lernen kann jeder. Ob Skianf\u00e4nger oder Wiedereinsteiger. In der Schweizer Schneesportschule Unterb\u00e4ch lernst du in nur wenigen Tagen das Skifahren und Snowboarden oder verbesserst deine Technik.Wir bieten Gruppenunterricht und Privatlektionen f\u00fcr alle Niveaus und Altersstufen.","og_url":"https:\/\/unterbaech.ch\/en\/brochures-information\/brochure-download\/","og_site_name":"Unterb\u00e4ch","article_publisher":"https:\/\/www.facebook.com\/unterbaech","article_modified_time":"2022-07-24T11:21:49+00:00","twitter_card":"summary_large_image","twitter_misc":{"Est. reading time":"1 minute"},"schema":{"@context":"https:\/\/schema.org","@graph":[{"@type":"WebPage","@id":"https:\/\/unterbaech.ch\/en\/brochures-information\/brochure-download\/","url":"https:\/\/unterbaech.ch\/en\/brochures-information\/brochure-download\/","name":"Brochure download - Unterb\u00e4ch","isPartOf":{"@id":"https:\/\/unterbaech.ch\/en\/#website"},"datePublished":"2022-05-05T08:53:48+00:00","dateModified":"2022-07-24T11:21:49+00:00","description":"Skifahren oder Snowboarden lernen kann jeder. Ob Skianf\u00e4nger oder Wiedereinsteiger. In der Schweizer Schneesportschule Unterb\u00e4ch lernst du in nur wenigen Tagen das Skifahren und Snowboarden oder verbesserst deine Technik.Wir bieten Gruppenunterricht und Privatlektionen f\u00fcr alle Niveaus und Altersstufen.","breadcrumb":{"@id":"https:\/\/unterbaech.ch\/en\/brochures-information\/brochure-download\/#breadcrumb"},"inLanguage":"en-US","potentialAction":[{"@type":"ReadAction","target":["https:\/\/unterbaech.ch\/en\/brochures-information\/brochure-download\/"]}]},{"@type":"BreadcrumbList","@id":"https:\/\/unterbaech.ch\/en\/brochures-information\/brochure-download\/#breadcrumb","itemListElement":[{"@type":"ListItem","position":1,"name":"Startseite","item":"https:\/\/unterbaech.ch\/en\/home\/"},{"@type":"ListItem","position":2,"name":"Brochures &#038; Information","item":"https:\/\/unterbaech.ch\/en\/brochures-information\/"},{"@type":"ListItem","position":3,"name":"Brochure download"}]},{"@type":"WebSite","@id":"https:\/\/unterbaech.ch\/en\/#website","url":"https:\/\/unterbaech.ch\/en\/","name":"Unterb\u00e4ch","description":"","publisher":{"@id":"https:\/\/unterbaech.ch\/en\/#organization"},"potentialAction":[{"@type":"SearchAction","target":{"@type":"EntryPoint","urlTemplate":"https:\/\/unterbaech.ch\/en\/?s={search_term_string}"},"query-input":{"@type":"PropertyValueSpecification","valueRequired":true,"valueName":"search_term_string"}}],"inLanguage":"en-US"},{"@type":"Organization","@id":"https:\/\/unterbaech.ch\/en\/#organization","name":"Unterb\u00e4ch Tourismus","url":"https:\/\/unterbaech.ch\/en\/","logo":{"@type":"ImageObject","inLanguage":"en-US","@id":"https:\/\/unterbaech.ch\/en\/#\/schema\/logo\/image\/","url":"https:\/\/unterbaech.ch\/wp-content\/uploads\/Logo-1.png","contentUrl":"https:\/\/unterbaech.ch\/wp-content\/uploads\/Logo-1.png","width":1125,"height":1102,"caption":"Unterb\u00e4ch Tourismus"},"image":{"@id":"https:\/\/unterbaech.ch\/en\/#\/schema\/logo\/image\/"},"sameAs":["https:\/\/www.facebook.com\/unterbaech","https:\/\/www.instagram.com\/visit.unterbaech\/","https:\/\/de.wikipedia.org\/wiki\/Unterb\u00e4ch"]}]}},"_links":{"self":[{"href":"https:\/\/unterbaech.ch\/en\/wp-json\/wp\/v2\/pages\/15853","targetHints":{"allow":["GET"]}}],"collection":[{"href":"https:\/\/unterbaech.ch\/en\/wp-json\/wp\/v2\/pages"}],"about":[{"href":"https:\/\/unterbaech.ch\/en\/wp-json\/wp\/v2\/types\/page"}],"author":[{"embeddable":true,"href":"https:\/\/unterbaech.ch\/en\/wp-json\/wp\/v2\/users\/8"}],"replies":[{"embeddable":true,"href":"https:\/\/unterbaech.ch\/en\/wp-json\/wp\/v2\/comments?post=15853"}],"version-history":[{"count":0,"href":"https:\/\/unterbaech.ch\/en\/wp-json\/wp\/v2\/pages\/15853\/revisions"}],"up":[{"embeddable":true,"href":"https:\/\/unterbaech.ch\/en\/wp-json\/wp\/v2\/pages\/14328"}],"wp:attachment":[{"href":"https:\/\/unterbaech.ch\/en\/wp-json\/wp\/v2\/media?parent=15853"}],"curies":[{"name":"wp","href":"https:\/\/api.w.org\/{rel}","templated":true}]}}