{"id":15916,"date":"2022-05-12T13:32:53","date_gmt":"2022-05-12T11:32:53","guid":{"rendered":"https:\/\/unterbaech.ch\/protection-concept\/"},"modified":"2022-05-12T13:32:54","modified_gmt":"2022-05-12T11:32:54","slug":"protection-concept","status":"publish","type":"page","link":"https:\/\/unterbaech.ch\/en\/sports-lifts\/protection-concept\/","title":{"rendered":"Protection concept"},"content":{"rendered":"\n<style type=\"text\/css\" data-created_by=\"avia_inline_auto\" id=\"style-css-av-kbax8y3e-3d8056a3436899591deda6fd52945e5b\">\n.avia-section.av-kbax8y3e-3d8056a3436899591deda6fd52945e5b .av-parallax .av-parallax-inner{\nbackground-repeat:no-repeat;\nbackground-image:url(https:\/\/unterbaech.ch\/wp-content\/uploads\/DSC00625_marcoschnyder-1024x683.jpg);\nbackground-position:50% 50%;\nbackground-attachment:scroll;\n}\n<\/style>\n<div id='av_section_1'  class='avia-section av-kbax8y3e-3d8056a3436899591deda6fd52945e5b main_color avia-section-default avia-no-border-styling  avia-builder-el-0  el_before_av_section  avia-builder-el-first  section-fullwidthimage avia-full-stretch av-parallax-section avia-bg-style-parallax av-minimum-height av-minimum-height-50 av-height-50  container_wrap fullsize'  data-section-bg-repeat='stretch' data-av_minimum_height_pc='50' data-av_min_height_opt='50'><div class='av-parallax' data-avia-parallax-ratio='0.3' ><div class='av-parallax-inner main_color avia-full-stretch'><\/div><\/div><div class='container av-section-cont-open' ><main  role=\"main\" itemprop=\"mainContentOfPage\"  class='template-page content  av-content-full alpha units'><div class='post-entry post-entry-type-page post-entry-15916'><div class='entry-content-wrapper clearfix'>\n<\/div><\/div><\/main><!-- close content main element --><\/div><\/div><div id='av_section_2'  class='avia-section av-1n2h9-eef07d2470a934665895b572bc96122f main_color avia-section-default avia-no-border-styling  avia-builder-el-1  el_after_av_section  el_before_av_textblock  section-leadtext onecol avia-bg-style-scroll container_wrap fullsize'  ><div class='container av-section-cont-open' ><div class='template-page content  av-content-full alpha units'><div class='post-entry post-entry-type-page post-entry-15916'><div class='entry-content-wrapper clearfix'>\n<section  class='av_textblock_section av-kbawhdx8-9a55faeefcbf4e8706dea9c49b9010c2 '   itemscope=\"itemscope\" itemtype=\"https:\/\/schema.org\/CreativeWork\" ><div class='avia_textblock'  itemprop=\"text\" ><p style=\"text-align: center;\"><strong>Measures for your safe stay<br \/>\n<\/strong><\/p>\n<h3 style=\"text-align: center;\">Protection concept Sportbahnen Unterb\u00e4ch AG<\/h3>\n<\/div><\/section>\n<section  class='av_textblock_section av-kbawhdx8-5c9a91cb4cd9aec824ca2294ed47cb9c '   itemscope=\"itemscope\" itemtype=\"https:\/\/schema.org\/CreativeWork\" ><div class='avia_textblock lead'  itemprop=\"text\" ><p style=\"text-align: center;\">The winter operation of the cableways starts on 18 December 2021. To ensure that nothing stands in the way of the safe use of the cableways, the Swiss Cableways Association has developed a protection concept in consultation with the industry representatives, which has been approved by the Federal Council. Sportbahnen Unterb\u00e4ch AG is adapting its operations to the current regulations and is also appealing to the personal responsibility and solidarity of guests to observe the protective measures for public transport and to follow the hygiene rules of the FOPH.<\/p>\n<\/div><\/section>\n<\/div><\/div><\/div><!-- close content main div --><\/div><\/div><div id='after_section_2'  class='main_color av_default_container_wrap container_wrap fullsize'  ><div class='container av-section-cont-open' ><div class='template-page content  av-content-full alpha units'><div class='post-entry post-entry-type-page post-entry-15916'><div class='entry-content-wrapper clearfix'>\n<section  class='av_textblock_section av-kb9j7yy8-cb52267f29ec33a0cbd1cb12b1aeb1b9 '   itemscope=\"itemscope\" itemtype=\"https:\/\/schema.org\/CreativeWork\" ><div class='avia_textblock lead'  itemprop=\"text\" ><h5>The most important in brief<\/h5>\n<div id=\"gtx-trans\" style=\"position: absolute; left: -6px; top: 40.1719px;\">\n<div class=\"gtx-trans-icon\"><\/div>\n<\/div>\n<\/div><\/section>\n<\/div><\/div><\/div><!-- close content main div --><\/div><\/div><div id='av-layout-grid-1'  class='av-layout-grid-container av-kbanl75v-1f6734351a3e3926052cfd6b5de22b7b entry-content-wrapper alternate_color av-flex-cells av-break-at-tablet  avia-builder-el-5  el_after_av_textblock  el_before_av_layout_row  grid-notfull-transparent team grid-row-not-first  container_wrap fullsize'  >\n\n<style type=\"text\/css\" data-created_by=\"avia_inline_auto\" id=\"style-css-av-1zpsx-0f70ad0adb343a5d528c5784d9a978ad\">\n.flex_cell.av-1zpsx-0f70ad0adb343a5d528c5784d9a978ad{\nvertical-align:top;\n}\n.responsive #top #wrap_all .flex_cell.av-1zpsx-0f70ad0adb343a5d528c5784d9a978ad{\npadding:0px 30px 0px 30px !important;\n}\n<\/style>\n<div class='flex_cell av-1zpsx-0f70ad0adb343a5d528c5784d9a978ad av-gridrow-cell av_one_half no_margin  avia-builder-el-6  el_before_av_cell_one_half  avia-builder-el-first  content-align-top'  ><div class='flex_cell_inner'>\n<style type=\"text\/css\" data-created_by=\"avia_inline_auto\" id=\"style-css-av-kbanicp9-4623a5b95ea540c27c1aa3ea219bce11\">\n.flex_column.av-kbanicp9-4623a5b95ea540c27c1aa3ea219bce11{\nborder-radius:0px 0px 0px 0px;\npadding:0px 0px 0px 0px;\n}\n<\/style>\n<div  class='flex_column av-kbanicp9-4623a5b95ea540c27c1aa3ea219bce11 av_one_full  avia-builder-el-7  avia-builder-el-no-sibling  first flex_column_div av-zero-column-padding avia-full-stretch  '     ><p>\n<style type=\"text\/css\" data-created_by=\"avia_inline_auto\" id=\"style-css-av-kbanwkh0-e5f9e3c090bd1498733f6b746bce7c57\">\n.avia-image-container.av-kbanwkh0-e5f9e3c090bd1498733f6b746bce7c57 img.avia_image{\nbox-shadow:none;\n}\n.avia-image-container.av-kbanwkh0-e5f9e3c090bd1498733f6b746bce7c57 .av-image-caption-overlay-center{\ncolor:#ffffff;\n}\n<\/style>\n<div  class='avia-image-container av-kbanwkh0-e5f9e3c090bd1498733f6b746bce7c57 av-styling- avia-align-center  avia-builder-el-8  el_before_av_textblock  avia-builder-el-first '   itemprop=\"image\" itemscope=\"itemscope\" itemtype=\"https:\/\/schema.org\/ImageObject\" ><div class=\"avia-image-container-inner\"><div class=\"avia-image-overlay-wrap\"><img decoding=\"async\" fetchpriority=\"high\" class='wp-image-14889 avia-img-lazy-loading-not-14889 avia_image ' src=\"https:\/\/unterbaech.ch\/wp-content\/uploads\/20211205_COVID_Eintritt_Gebiet-550x768.jpg\" alt='' title='20211205_COVID_Eintritt_Gebiet'  height=\"768\" width=\"550\"  itemprop=\"thumbnailUrl\" srcset=\"https:\/\/unterbaech.ch\/wp-content\/uploads\/20211205_COVID_Eintritt_Gebiet-550x768.jpg 550w, https:\/\/unterbaech.ch\/wp-content\/uploads\/20211205_COVID_Eintritt_Gebiet-505x705.jpg 505w, https:\/\/unterbaech.ch\/wp-content\/uploads\/20211205_COVID_Eintritt_Gebiet.jpg 450w\" sizes=\"(max-width: 550px) 100vw, 550px\" \/><\/div><\/div><\/div><br \/>\n<section  class='av_textblock_section av-kbanhgxd-c722bd736cdea4ac2ebe2c5058aaf77e '   itemscope=\"itemscope\" itemtype=\"https:\/\/schema.org\/CreativeWork\" ><div class='avia_textblock'  itemprop=\"text\" ><\/div><\/section><\/p><\/div>\n<\/div><\/div>\n<style type=\"text\/css\" data-created_by=\"avia_inline_auto\" id=\"style-css-av-1zpsx-0f70ad0adb343a5d528c5784d9a978ad\">\n.flex_cell.av-1zpsx-0f70ad0adb343a5d528c5784d9a978ad{\nvertical-align:top;\n}\n.responsive #top #wrap_all .flex_cell.av-1zpsx-0f70ad0adb343a5d528c5784d9a978ad{\npadding:0px 30px 0px 30px !important;\n}\n<\/style>\n<div class='flex_cell av-1zpsx-0f70ad0adb343a5d528c5784d9a978ad av-gridrow-cell av_one_half no_margin  avia-builder-el-10  el_after_av_cell_one_half  avia-builder-el-last  content-align-top'  ><div class='flex_cell_inner'>\n<style type=\"text\/css\" data-created_by=\"avia_inline_auto\" id=\"style-css-av-kbanicp9-4623a5b95ea540c27c1aa3ea219bce11\">\n.flex_column.av-kbanicp9-4623a5b95ea540c27c1aa3ea219bce11{\nborder-radius:0px 0px 0px 0px;\npadding:0px 0px 0px 0px;\n}\n<\/style>\n<div  class='flex_column av-kbanicp9-4623a5b95ea540c27c1aa3ea219bce11 av_one_full  avia-builder-el-11  avia-builder-el-no-sibling  first flex_column_div av-zero-column-padding avia-full-stretch  '     ><p>\n<style type=\"text\/css\" data-created_by=\"avia_inline_auto\" id=\"style-css-av-kbanwkh0-ac3a272bc01a7c91d5b78444ad6a7b75\">\n.avia-image-container.av-kbanwkh0-ac3a272bc01a7c91d5b78444ad6a7b75 img.avia_image{\nbox-shadow:none;\n}\n.avia-image-container.av-kbanwkh0-ac3a272bc01a7c91d5b78444ad6a7b75 .av-image-caption-overlay-center{\ncolor:#ffffff;\n}\n<\/style>\n<div  class='avia-image-container av-kbanwkh0-ac3a272bc01a7c91d5b78444ad6a7b75 av-styling- avia-align-center  avia-builder-el-12  el_before_av_textblock  avia-builder-el-first '   itemprop=\"image\" itemscope=\"itemscope\" itemtype=\"https:\/\/schema.org\/ImageObject\" ><div class=\"avia-image-container-inner\"><div class=\"avia-image-overlay-wrap\"><img decoding=\"async\" fetchpriority=\"high\" class='wp-image-14886 avia-img-lazy-loading-not-14886 avia_image ' src=\"https:\/\/unterbaech.ch\/wp-content\/uploads\/20211205_COVID_Regeln-1-554x768.jpg\" alt='' title='20211205_COVID_Regeln'  height=\"768\" width=\"554\"  itemprop=\"thumbnailUrl\" srcset=\"https:\/\/unterbaech.ch\/wp-content\/uploads\/20211205_COVID_Regeln-1-554x768.jpg 554w, https:\/\/unterbaech.ch\/wp-content\/uploads\/20211205_COVID_Regeln-1-508x705.jpg 508w, https:\/\/unterbaech.ch\/wp-content\/uploads\/20211205_COVID_Regeln-1.jpg 450w\" sizes=\"(max-width: 554px) 100vw, 554px\" \/><\/div><\/div><\/div><br \/>\n<section  class='av_textblock_section av-kbanhgxd-c722bd736cdea4ac2ebe2c5058aaf77e '   itemscope=\"itemscope\" itemtype=\"https:\/\/schema.org\/CreativeWork\" ><div class='avia_textblock'  itemprop=\"text\" ><\/div><\/section><\/p><\/div>\n<\/div><\/div>\n<\/div>\n<div id='av-layout-grid-2'  class='av-layout-grid-container av-kbanl75v-1f6734351a3e3926052cfd6b5de22b7b entry-content-wrapper alternate_color av-flex-cells av-break-at-tablet  avia-builder-el-14  el_after_av_layout_row  el_before_av_textblock  grid-notfull-transparent team grid-row-not-first  container_wrap fullsize'  >\n\n<style type=\"text\/css\" data-created_by=\"avia_inline_auto\" id=\"style-css-av-1zpsx-0f70ad0adb343a5d528c5784d9a978ad\">\n.flex_cell.av-1zpsx-0f70ad0adb343a5d528c5784d9a978ad{\nvertical-align:top;\n}\n.responsive #top #wrap_all .flex_cell.av-1zpsx-0f70ad0adb343a5d528c5784d9a978ad{\npadding:0px 30px 0px 30px !important;\n}\n<\/style>\n<div class='flex_cell av-1zpsx-0f70ad0adb343a5d528c5784d9a978ad av-gridrow-cell av_one_half no_margin  avia-builder-el-15  el_before_av_cell_one_half  avia-builder-el-first  content-align-top'  ><div class='flex_cell_inner'>\n<style type=\"text\/css\" data-created_by=\"avia_inline_auto\" id=\"style-css-av-kbanicp9-a07a968e9d22a5623d93d86a72cf868e\">\n.flex_column.av-kbanicp9-a07a968e9d22a5623d93d86a72cf868e{\nborder-radius:0px 0px 0px 0px;\npadding:0px 0px 0px 0px;\n}\n<\/style>\n<div  class='flex_column av-kbanicp9-a07a968e9d22a5623d93d86a72cf868e av_one_full  avia-builder-el-16  avia-builder-el-no-sibling  first flex_column_div av-zero-column-padding avia-full-stretch  '     ><p><section  class='av_textblock_section av-kbanhgxd-cc767b94b964f244d478387d2aec597c '   itemscope=\"itemscope\" itemtype=\"https:\/\/schema.org\/CreativeWork\" ><div class='avia_textblock'  itemprop=\"text\" ><p>.<\/p>\n<\/div><\/section><br \/>\n\n<style type=\"text\/css\" data-created_by=\"avia_inline_auto\" id=\"style-css-av-kbanwkh0-1bd6abb17da91af293918e8d966ff215\">\n.avia-image-container.av-kbanwkh0-1bd6abb17da91af293918e8d966ff215 img.avia_image{\nbox-shadow:none;\n}\n.avia-image-container.av-kbanwkh0-1bd6abb17da91af293918e8d966ff215 .av-image-caption-overlay-center{\ncolor:#ffffff;\n}\n<\/style>\n<div  class='avia-image-container av-kbanwkh0-1bd6abb17da91af293918e8d966ff215 av-styling- avia-align-center  avia-builder-el-18  el_after_av_textblock  el_before_av_textblock '   itemprop=\"image\" itemscope=\"itemscope\" itemtype=\"https:\/\/schema.org\/ImageObject\" ><div class=\"avia-image-container-inner\"><div class=\"avia-image-overlay-wrap\"><img decoding=\"async\" fetchpriority=\"high\" class='wp-image-11440 avia-img-lazy-loading-not-11440 avia_image ' src=\"https:\/\/unterbaech.ch\/wp-content\/uploads\/SolidarityFlag.jpg\" alt='' title='SolidarityFlag'  height=\"397\" width=\"397\"  itemprop=\"thumbnailUrl\" srcset=\"https:\/\/unterbaech.ch\/wp-content\/uploads\/SolidarityFlag.jpg 397w, https:\/\/unterbaech.ch\/wp-content\/uploads\/SolidarityFlag-80x80.jpg 80w, https:\/\/unterbaech.ch\/wp-content\/uploads\/SolidarityFlag-36x36.jpg 36w\" sizes=\"(max-width: 397px) 100vw, 397px\" \/><\/div><\/div><\/div><br \/>\n<section  class='av_textblock_section av-kbanhgxd-cc767b94b964f244d478387d2aec597c '   itemscope=\"itemscope\" itemtype=\"https:\/\/schema.org\/CreativeWork\" ><div class='avia_textblock'  itemprop=\"text\" ><p>.<\/p>\n<\/div><\/section><br \/>\n<section  class='av_textblock_section av-kbanhgxd-c722bd736cdea4ac2ebe2c5058aaf77e '   itemscope=\"itemscope\" itemtype=\"https:\/\/schema.org\/CreativeWork\" ><div class='avia_textblock'  itemprop=\"text\" ><p>To ensure your safety, an internal protection concept has been developed.<\/p>\n<\/div><\/section><\/p><\/div>\n<\/div><\/div>\n<style type=\"text\/css\" data-created_by=\"avia_inline_auto\" id=\"style-css-av-1zpsx-0f70ad0adb343a5d528c5784d9a978ad\">\n.flex_cell.av-1zpsx-0f70ad0adb343a5d528c5784d9a978ad{\nvertical-align:top;\n}\n.responsive #top #wrap_all .flex_cell.av-1zpsx-0f70ad0adb343a5d528c5784d9a978ad{\npadding:0px 30px 0px 30px !important;\n}\n<\/style>\n<div class='flex_cell av-1zpsx-0f70ad0adb343a5d528c5784d9a978ad av-gridrow-cell av_one_half no_margin  avia-builder-el-21  el_after_av_cell_one_half  avia-builder-el-last  content-align-top'  ><div class='flex_cell_inner'>\n<style type=\"text\/css\" data-created_by=\"avia_inline_auto\" id=\"style-css-av-kbanicp9-4623a5b95ea540c27c1aa3ea219bce11\">\n.flex_column.av-kbanicp9-4623a5b95ea540c27c1aa3ea219bce11{\nborder-radius:0px 0px 0px 0px;\npadding:0px 0px 0px 0px;\n}\n<\/style>\n<div  class='flex_column av-kbanicp9-4623a5b95ea540c27c1aa3ea219bce11 av_one_full  avia-builder-el-22  avia-builder-el-no-sibling  first flex_column_div av-zero-column-padding avia-full-stretch  '     ><p><section  class='av_textblock_section av-kbanhgxd-cc767b94b964f244d478387d2aec597c '   itemscope=\"itemscope\" itemtype=\"https:\/\/schema.org\/CreativeWork\" ><div class='avia_textblock'  itemprop=\"text\" ><p>.<\/p>\n<\/div><\/section><br \/>\n\n<style type=\"text\/css\" data-created_by=\"avia_inline_auto\" id=\"style-css-av-kbanwkh0-df5f5ac25d4b9585e798c50701aa63f7\">\n.avia-image-container.av-kbanwkh0-df5f5ac25d4b9585e798c50701aa63f7 img.avia_image{\nbox-shadow:none;\n}\n.avia-image-container.av-kbanwkh0-df5f5ac25d4b9585e798c50701aa63f7 .av-image-caption-overlay-center{\ncolor:#ffffff;\n}\n<\/style>\n<div  class='avia-image-container av-kbanwkh0-df5f5ac25d4b9585e798c50701aa63f7 av-styling- avia-align-center  avia-builder-el-24  el_after_av_textblock  el_before_av_textblock '   itemprop=\"image\" itemscope=\"itemscope\" itemtype=\"https:\/\/schema.org\/ImageObject\" ><div class=\"avia-image-container-inner\"><div class=\"avia-image-overlay-wrap\"><img decoding=\"async\" fetchpriority=\"high\" class='wp-image-11443 avia-img-lazy-loading-not-11443 avia_image ' src=\"https:\/\/unterbaech.ch\/wp-content\/uploads\/st0065298.jpg\" alt='' title='st0065298'  height=\"397\" width=\"397\"  itemprop=\"thumbnailUrl\" srcset=\"https:\/\/unterbaech.ch\/wp-content\/uploads\/st0065298.jpg 397w, https:\/\/unterbaech.ch\/wp-content\/uploads\/st0065298-80x80.jpg 80w, https:\/\/unterbaech.ch\/wp-content\/uploads\/st0065298-36x36.jpg 36w\" sizes=\"(max-width: 397px) 100vw, 397px\" \/><\/div><\/div><\/div><br \/>\n<section  class='av_textblock_section av-kbanhgxd-cc767b94b964f244d478387d2aec597c '   itemscope=\"itemscope\" itemtype=\"https:\/\/schema.org\/CreativeWork\" ><div class='avia_textblock'  itemprop=\"text\" ><p>.<\/p>\n<\/div><\/section><br \/>\n<section  class='av_textblock_section av-kbanhgxd-cc767b94b964f244d478387d2aec597c '   itemscope=\"itemscope\" itemtype=\"https:\/\/schema.org\/CreativeWork\" ><div class='avia_textblock'  itemprop=\"text\" ><p>Our establishment has been awarded the Clean &amp; Safe Label by Switzerland Tourism.<\/p>\n<\/div><\/section><\/p><\/div>\n<\/div><\/div><\/div><div id='after_grid_row_2'  class='main_color av_default_container_wrap container_wrap fullsize'  ><div class='container av-section-cont-open' ><div class='template-page content  av-content-full alpha units'><div class='post-entry post-entry-type-page post-entry-15916'><div class='entry-content-wrapper clearfix'><section  class='av_textblock_section av-kb9j7yy8-cb52267f29ec33a0cbd1cb12b1aeb1b9 '   itemscope=\"itemscope\" itemtype=\"https:\/\/schema.org\/CreativeWork\" ><div class='avia_textblock lead'  itemprop=\"text\" ><\/div><\/section><\/p>\n<div  class='av_promobox av-kcelab5r-f83e81a6474760fd160a742c65f25b40 avia-button-yes  avia-builder-el-28  el_after_av_textblock  avia-builder-el-last  promobox'><div class='avia-promocontent'><p>\n<strong>WE ARE THERE FOR YOU<\/strong><\/p>\n<p>Would you like to learn more about us? Do you have any questions, suggestions or other feedback? We will be happy to answer your questions.<\/p>\n<\/div><div  class='avia-button-wrap av-kcelab5r-bca915f20f7b7480c5206abb331dd057-wrap avia-button-right  promobox'><a href='https:\/\/unterbaech.ch\/en\/contact\/'  class='avia-button av-kcelab5r-bca915f20f7b7480c5206abb331dd057 av-link-btn avia-icon_select-no avia-size-large avia-position-right avia-color-theme-color'   aria-label=\"Contact us\"><span class='avia_iconbox_title' >Contact us<\/span><\/a><\/div><\/div>\n","protected":false},"excerpt":{"rendered":"","protected":false},"author":9,"featured_media":0,"parent":15922,"menu_order":0,"comment_status":"closed","ping_status":"closed","template":"","meta":{"inline_featured_image":false,"footnotes":""},"class_list":["post-15916","page","type-page","status-publish","hentry"],"yoast_head":"<!-- This site is optimized with the Yoast SEO plugin v27.4 - https:\/\/yoast.com\/product\/yoast-seo-wordpress\/ -->\n<title>Protection concept - Unterb\u00e4ch<\/title>\n<meta name=\"description\" content=\"Sportbahnen Unterb\u00e4ch AG operates five lifts in the Unterb\u00e4ch-Ginals area. In summer and winter, we bring our guests safely and comfortably into the Valais mountain world.\" \/>\n<meta name=\"robots\" content=\"index, follow, max-snippet:-1, max-image-preview:large, max-video-preview:-1\" \/>\n<link rel=\"canonical\" href=\"https:\/\/unterbaech.ch\/en\/sports-lifts\/protection-concept\/\" \/>\n<meta property=\"og:locale\" content=\"en_US\" \/>\n<meta property=\"og:type\" content=\"article\" \/>\n<meta property=\"og:title\" content=\"Protection concept - Unterb\u00e4ch\" \/>\n<meta property=\"og:description\" content=\"Sportbahnen Unterb\u00e4ch AG operates five lifts in the Unterb\u00e4ch-Ginals area. In summer and winter, we bring our guests safely and comfortably into the Valais mountain world.\" \/>\n<meta property=\"og:url\" content=\"https:\/\/unterbaech.ch\/en\/sports-lifts\/protection-concept\/\" \/>\n<meta property=\"og:site_name\" content=\"Unterb\u00e4ch\" \/>\n<meta property=\"article:publisher\" content=\"https:\/\/www.facebook.com\/unterbaech\" \/>\n<meta property=\"article:modified_time\" content=\"2022-05-12T11:32:54+00:00\" \/>\n<meta name=\"twitter:card\" content=\"summary_large_image\" \/>\n<meta name=\"twitter:label1\" content=\"Est. reading time\" \/>\n\t<meta name=\"twitter:data1\" content=\"11 minutes\" \/>\n<script type=\"application\/ld+json\" class=\"yoast-schema-graph\">{\"@context\":\"https:\\\/\\\/schema.org\",\"@graph\":[{\"@type\":\"WebPage\",\"@id\":\"https:\\\/\\\/unterbaech.ch\\\/en\\\/sports-lifts\\\/protection-concept\\\/\",\"url\":\"https:\\\/\\\/unterbaech.ch\\\/en\\\/sports-lifts\\\/protection-concept\\\/\",\"name\":\"Protection concept - Unterb\u00e4ch\",\"isPartOf\":{\"@id\":\"https:\\\/\\\/unterbaech.ch\\\/en\\\/#website\"},\"datePublished\":\"2022-05-12T11:32:53+00:00\",\"dateModified\":\"2022-05-12T11:32:54+00:00\",\"description\":\"Sportbahnen Unterb\u00e4ch AG operates five lifts in the Unterb\u00e4ch-Ginals area. In summer and winter, we bring our guests safely and comfortably into the Valais mountain world.\",\"breadcrumb\":{\"@id\":\"https:\\\/\\\/unterbaech.ch\\\/en\\\/sports-lifts\\\/protection-concept\\\/#breadcrumb\"},\"inLanguage\":\"en-US\",\"potentialAction\":[{\"@type\":\"ReadAction\",\"target\":[\"https:\\\/\\\/unterbaech.ch\\\/en\\\/sports-lifts\\\/protection-concept\\\/\"]}]},{\"@type\":\"BreadcrumbList\",\"@id\":\"https:\\\/\\\/unterbaech.ch\\\/en\\\/sports-lifts\\\/protection-concept\\\/#breadcrumb\",\"itemListElement\":[{\"@type\":\"ListItem\",\"position\":1,\"name\":\"Startseite\",\"item\":\"https:\\\/\\\/unterbaech.ch\\\/en\\\/home\\\/\"},{\"@type\":\"ListItem\",\"position\":2,\"name\":\"Protection concept\"}]},{\"@type\":\"WebSite\",\"@id\":\"https:\\\/\\\/unterbaech.ch\\\/en\\\/#website\",\"url\":\"https:\\\/\\\/unterbaech.ch\\\/en\\\/\",\"name\":\"Unterb\u00e4ch\",\"description\":\"\",\"publisher\":{\"@id\":\"https:\\\/\\\/unterbaech.ch\\\/en\\\/#organization\"},\"potentialAction\":[{\"@type\":\"SearchAction\",\"target\":{\"@type\":\"EntryPoint\",\"urlTemplate\":\"https:\\\/\\\/unterbaech.ch\\\/en\\\/?s={search_term_string}\"},\"query-input\":{\"@type\":\"PropertyValueSpecification\",\"valueRequired\":true,\"valueName\":\"search_term_string\"}}],\"inLanguage\":\"en-US\"},{\"@type\":\"Organization\",\"@id\":\"https:\\\/\\\/unterbaech.ch\\\/en\\\/#organization\",\"name\":\"Unterb\u00e4ch Tourismus\",\"url\":\"https:\\\/\\\/unterbaech.ch\\\/en\\\/\",\"logo\":{\"@type\":\"ImageObject\",\"inLanguage\":\"en-US\",\"@id\":\"https:\\\/\\\/unterbaech.ch\\\/en\\\/#\\\/schema\\\/logo\\\/image\\\/\",\"url\":\"https:\\\/\\\/unterbaech.ch\\\/wp-content\\\/uploads\\\/Logo-1.png\",\"contentUrl\":\"https:\\\/\\\/unterbaech.ch\\\/wp-content\\\/uploads\\\/Logo-1.png\",\"width\":1125,\"height\":1102,\"caption\":\"Unterb\u00e4ch Tourismus\"},\"image\":{\"@id\":\"https:\\\/\\\/unterbaech.ch\\\/en\\\/#\\\/schema\\\/logo\\\/image\\\/\"},\"sameAs\":[\"https:\\\/\\\/www.facebook.com\\\/unterbaech\",\"https:\\\/\\\/www.instagram.com\\\/visit.unterbaech\\\/\",\"https:\\\/\\\/de.wikipedia.org\\\/wiki\\\/Unterb\u00e4ch\"]}]}<\/script>\n<!-- \/ Yoast SEO plugin. -->","yoast_head_json":{"title":"Protection concept - Unterb\u00e4ch","description":"Sportbahnen Unterb\u00e4ch AG operates five lifts in the Unterb\u00e4ch-Ginals area. In summer and winter, we bring our guests safely and comfortably into the Valais mountain world.","robots":{"index":"index","follow":"follow","max-snippet":"max-snippet:-1","max-image-preview":"max-image-preview:large","max-video-preview":"max-video-preview:-1"},"canonical":"https:\/\/unterbaech.ch\/en\/sports-lifts\/protection-concept\/","og_locale":"en_US","og_type":"article","og_title":"Protection concept - Unterb\u00e4ch","og_description":"Sportbahnen Unterb\u00e4ch AG operates five lifts in the Unterb\u00e4ch-Ginals area. In summer and winter, we bring our guests safely and comfortably into the Valais mountain world.","og_url":"https:\/\/unterbaech.ch\/en\/sports-lifts\/protection-concept\/","og_site_name":"Unterb\u00e4ch","article_publisher":"https:\/\/www.facebook.com\/unterbaech","article_modified_time":"2022-05-12T11:32:54+00:00","twitter_card":"summary_large_image","twitter_misc":{"Est. reading time":"11 minutes"},"schema":{"@context":"https:\/\/schema.org","@graph":[{"@type":"WebPage","@id":"https:\/\/unterbaech.ch\/en\/sports-lifts\/protection-concept\/","url":"https:\/\/unterbaech.ch\/en\/sports-lifts\/protection-concept\/","name":"Protection concept - Unterb\u00e4ch","isPartOf":{"@id":"https:\/\/unterbaech.ch\/en\/#website"},"datePublished":"2022-05-12T11:32:53+00:00","dateModified":"2022-05-12T11:32:54+00:00","description":"Sportbahnen Unterb\u00e4ch AG operates five lifts in the Unterb\u00e4ch-Ginals area. In summer and winter, we bring our guests safely and comfortably into the Valais mountain world.","breadcrumb":{"@id":"https:\/\/unterbaech.ch\/en\/sports-lifts\/protection-concept\/#breadcrumb"},"inLanguage":"en-US","potentialAction":[{"@type":"ReadAction","target":["https:\/\/unterbaech.ch\/en\/sports-lifts\/protection-concept\/"]}]},{"@type":"BreadcrumbList","@id":"https:\/\/unterbaech.ch\/en\/sports-lifts\/protection-concept\/#breadcrumb","itemListElement":[{"@type":"ListItem","position":1,"name":"Startseite","item":"https:\/\/unterbaech.ch\/en\/home\/"},{"@type":"ListItem","position":2,"name":"Protection concept"}]},{"@type":"WebSite","@id":"https:\/\/unterbaech.ch\/en\/#website","url":"https:\/\/unterbaech.ch\/en\/","name":"Unterb\u00e4ch","description":"","publisher":{"@id":"https:\/\/unterbaech.ch\/en\/#organization"},"potentialAction":[{"@type":"SearchAction","target":{"@type":"EntryPoint","urlTemplate":"https:\/\/unterbaech.ch\/en\/?s={search_term_string}"},"query-input":{"@type":"PropertyValueSpecification","valueRequired":true,"valueName":"search_term_string"}}],"inLanguage":"en-US"},{"@type":"Organization","@id":"https:\/\/unterbaech.ch\/en\/#organization","name":"Unterb\u00e4ch Tourismus","url":"https:\/\/unterbaech.ch\/en\/","logo":{"@type":"ImageObject","inLanguage":"en-US","@id":"https:\/\/unterbaech.ch\/en\/#\/schema\/logo\/image\/","url":"https:\/\/unterbaech.ch\/wp-content\/uploads\/Logo-1.png","contentUrl":"https:\/\/unterbaech.ch\/wp-content\/uploads\/Logo-1.png","width":1125,"height":1102,"caption":"Unterb\u00e4ch Tourismus"},"image":{"@id":"https:\/\/unterbaech.ch\/en\/#\/schema\/logo\/image\/"},"sameAs":["https:\/\/www.facebook.com\/unterbaech","https:\/\/www.instagram.com\/visit.unterbaech\/","https:\/\/de.wikipedia.org\/wiki\/Unterb\u00e4ch"]}]}},"_links":{"self":[{"href":"https:\/\/unterbaech.ch\/en\/wp-json\/wp\/v2\/pages\/15916","targetHints":{"allow":["GET"]}}],"collection":[{"href":"https:\/\/unterbaech.ch\/en\/wp-json\/wp\/v2\/pages"}],"about":[{"href":"https:\/\/unterbaech.ch\/en\/wp-json\/wp\/v2\/types\/page"}],"author":[{"embeddable":true,"href":"https:\/\/unterbaech.ch\/en\/wp-json\/wp\/v2\/users\/9"}],"replies":[{"embeddable":true,"href":"https:\/\/unterbaech.ch\/en\/wp-json\/wp\/v2\/comments?post=15916"}],"version-history":[{"count":0,"href":"https:\/\/unterbaech.ch\/en\/wp-json\/wp\/v2\/pages\/15916\/revisions"}],"up":[{"embeddable":true,"href":"https:\/\/unterbaech.ch\/en\/wp-json\/wp\/v2\/pages\/15922"}],"wp:attachment":[{"href":"https:\/\/unterbaech.ch\/en\/wp-json\/wp\/v2\/media?parent=15916"}],"curies":[{"name":"wp","href":"https:\/\/api.w.org\/{rel}","templated":true}]}}