{"id":15994,"date":"2022-05-13T14:32:25","date_gmt":"2022-05-13T12:32:25","guid":{"rendered":"https:\/\/unterbaech.ch\/unterbaech-tourism-association\/corona-protection-concept\/"},"modified":"2022-05-13T14:32:25","modified_gmt":"2022-05-13T12:32:25","slug":"corona-protection-concept","status":"publish","type":"page","link":"https:\/\/unterbaech.ch\/en\/unterbaech-tourism-association\/corona-protection-concept\/","title":{"rendered":"Corona protection concept"},"content":{"rendered":"\n<style type=\"text\/css\" data-created_by=\"avia_inline_auto\" id=\"style-css-av-kbax8y3e-d2a773b4aa893b423081a89fb1d5d6f7\">\n.avia-section.av-kbax8y3e-d2a773b4aa893b423081a89fb1d5d6f7 .av-parallax .av-parallax-inner{\nbackground-repeat:no-repeat;\nbackground-image:url(https:\/\/unterbaech.ch\/wp-content\/uploads\/2020\/07\/DSC05511-1500x430.jpg);\nbackground-position:50% 50%;\nbackground-attachment:scroll;\n}\n<\/style>\n<div id='av_section_1'  class='avia-section av-kbax8y3e-d2a773b4aa893b423081a89fb1d5d6f7 main_color avia-section-default avia-no-border-styling  avia-builder-el-0  el_before_av_section  avia-builder-el-first  section-fullwidthimage avia-full-stretch av-parallax-section avia-bg-style-parallax av-minimum-height av-minimum-height-50 av-height-50  container_wrap fullsize'  data-section-bg-repeat='stretch' data-av_minimum_height_pc='50' data-av_min_height_opt='50'><div class='av-parallax' data-avia-parallax-ratio='0.3' ><div class='av-parallax-inner main_color avia-full-stretch'><\/div><\/div><div class='container av-section-cont-open' ><main  role=\"main\" itemprop=\"mainContentOfPage\"  class='template-page content  av-content-full alpha units'><div class='post-entry post-entry-type-page post-entry-15994'><div class='entry-content-wrapper clearfix'>\n<\/div><\/div><\/main><!-- close content main element --><\/div><\/div><div id='av_section_2'  class='avia-section av-1n2h9-eef07d2470a934665895b572bc96122f main_color avia-section-default avia-no-border-styling  avia-builder-el-1  el_after_av_section  el_before_av_section  section-leadtext onecol avia-bg-style-scroll container_wrap fullsize'  ><div class='container av-section-cont-open' ><div class='template-page content  av-content-full alpha units'><div class='post-entry post-entry-type-page post-entry-15994'><div class='entry-content-wrapper clearfix'>\n<section  class='av_textblock_section av-kbawhdx8-d06beca92eb518f06cbc493fe9f758bf '   itemscope=\"itemscope\" itemtype=\"https:\/\/schema.org\/CreativeWork\" ><div class='avia_textblock'  itemprop=\"text\" ><p style=\"text-align: center;\"><strong>QUICKLY AND EASILY INFORMED<br \/>\n<\/strong><\/p>\n<h3 style=\"text-align: center;\">ALL MEASURES AT A GLANCE<\/h3>\n<p style=\"text-align: center;\">Since 17 February 2022, all health measures on entry into Switzerland have been lifted.<br \/>\nAt the press conference on 30 March 2022, the Federal Council announced the lifting of the remaining measures as of Friday 1 April 2022.<\/p>\n<\/div><\/section>\n<\/div><\/div><\/div><!-- close content main div --><\/div><\/div>\n<style type=\"text\/css\" data-created_by=\"avia_inline_auto\" id=\"style-css-av-kbax8y3e-6-7a333ec12260e766a2000092ee36997c\">\n.avia-section.av-kbax8y3e-6-7a333ec12260e766a2000092ee36997c .av-parallax .av-parallax-inner{\nbackground-repeat:no-repeat;\nbackground-image:url(https:\/\/unterbaech.ch\/wp-content\/uploads\/2020\/07\/DSC05728-1619x1080.jpg);\nbackground-position:50% 50%;\nbackground-attachment:scroll;\n}\n<\/style>\n<div id='av_section_3'  class='avia-section av-kbax8y3e-6-7a333ec12260e766a2000092ee36997c main_color avia-section-default avia-no-border-styling  avia-builder-el-3  el_after_av_section  el_before_av_section  section-tip avia-full-stretch av-parallax-section avia-bg-style-parallax av-minimum-height av-minimum-height-100 av-height-100  container_wrap fullsize'  data-section-bg-repeat='stretch' data-av_minimum_height_pc='100' data-av_min_height_opt='100'><div class='av-parallax' data-avia-parallax-ratio='0.3' ><div class='av-parallax-inner main_color avia-full-stretch'><\/div><\/div><div class='container av-section-cont-open' ><div class='template-page content  av-content-full alpha units'><div class='post-entry post-entry-type-page post-entry-15994'><div class='entry-content-wrapper clearfix'>\n\n<style type=\"text\/css\" data-created_by=\"avia_inline_auto\" id=\"style-css-av-kbcj4u58-528702b2ac0e8486eaaf9cf9ec2ab7b8\">\n#top .hr.hr-invisible.av-kbcj4u58-528702b2ac0e8486eaaf9cf9ec2ab7b8{\nheight:400px;\n}\n<\/style>\n<div  class='hr av-kbcj4u58-528702b2ac0e8486eaaf9cf9ec2ab7b8 hr-invisible  avia-builder-el-4  el_before_av_one_half  avia-builder-el-first '><span class='hr-inner '><span class=\"hr-inner-style\"><\/span><\/span><\/div>\n<div class='flex_column_table av-kbcj1bss-2a3bc2edaf934878f272e15e690e2c59 sc-av_one_half av-equal-height-column-flextable'>\n<style type=\"text\/css\" data-created_by=\"avia_inline_auto\" id=\"style-css-av-kbcj1bss-2a3bc2edaf934878f272e15e690e2c59\">\n.flex_column.av-kbcj1bss-2a3bc2edaf934878f272e15e690e2c59{\nborder-radius:0px 0px 0px 0px;\npadding:0px 0px 0px 0px;\n}\n<\/style>\n<div  class='flex_column av-kbcj1bss-2a3bc2edaf934878f272e15e690e2c59 av_one_half  avia-builder-el-5  el_after_av_hr  el_before_av_one_half  first no_margin flex_column_table_cell av-equal-height-column av-align-top av-zero-column-padding  '     ><\/div>\n<style type=\"text\/css\" data-created_by=\"avia_inline_auto\" id=\"style-css-av-kbcj1bss-4-c65da7b9c61e9e8d97b0f396297c40a4\">\n.flex_column.av-kbcj1bss-4-c65da7b9c61e9e8d97b0f396297c40a4{\nborder-radius:0px 0px 0px 0px;\npadding:30px 30px 30px 30px;\nbackground-color:#ffffff;\n}\n<\/style>\n<div  class='flex_column av-kbcj1bss-4-c65da7b9c61e9e8d97b0f396297c40a4 av_one_half  avia-builder-el-6  el_after_av_one_half  avia-builder-el-last  no_margin flex_column_table_cell av-equal-height-column av-align-top  '     ><section  class='av_textblock_section av-kbawhdx8-5-653c5d9b3eb56c8015af6015648227bb '   itemscope=\"itemscope\" itemtype=\"https:\/\/schema.org\/CreativeWork\" ><div class='avia_textblock'  itemprop=\"text\" ><p class=\"tabtitle\" style=\"text-align: right;\"><em>Tip<\/em><\/p>\n<h3 style=\"text-align: center;\">WHAT THE FEDERAL GOVERNMENT AND THE CANTON SAY<\/h3>\n<p style=\"text-align: center;\">Find out all the information about Covid-19 from the Federal Office of Public Health (FOPH) and the canton of Valais.<\/p>\n<\/div><\/section><br \/>\n<div  class='avia-button-wrap av-kbawx3il-c3481aef73b0f495dac00e8476efd0ac-wrap avia-button-center  avia-builder-el-8  el_after_av_textblock  el_before_av_button '><a href='https:\/\/www.bag.admin.ch\/bag\/de\/home\/krankheiten\/ausbrueche-epidemien-pandemien\/aktuelle-ausbrueche-epidemien\/novel-cov\/massnahmen-des-bundes.html'  class='avia-button av-kbawx3il-c3481aef73b0f495dac00e8476efd0ac av-link-btn avia-icon_select-no avia-size-small avia-position-center avia-color-theme-color'  target=\"_blank\"  rel=\"noopener noreferrer\"  aria-label=\"Federal Office\"><span class='avia_iconbox_title' >Federal Office<\/span><\/a><\/div><br \/>\n<div  class='avia-button-wrap av-kbawx3il-3-19df1458a6527c5f8455a62393d05e31-wrap avia-button-center  avia-builder-el-9  el_after_av_button  el_before_av_button '><a href='https:\/\/www.vs.ch\/de\/web\/coronavirus'  class='avia-button av-kbawx3il-3-19df1458a6527c5f8455a62393d05e31 av-link-btn avia-icon_select-no avia-size-small avia-position-center avia-color-theme-color'  target=\"_blank\"  rel=\"noopener noreferrer\"  aria-label=\"Canton Valais\"><span class='avia_iconbox_title' >Canton Valais<\/span><\/a><\/div><br \/>\n<div  class='avia-button-wrap av-kwqevzlf-3dc9794395696d291f451c0b6ebfd696-wrap avia-button-center  avia-builder-el-10  el_after_av_button  avia-builder-el-last '><a href='https:\/\/gemeinde.unterbaech.ch\/corona'  class='avia-button av-kwqevzlf-3dc9794395696d291f451c0b6ebfd696 av-link-btn avia-icon_select-no avia-size-small avia-position-center avia-color-theme-color'  target=\"_blank\"  rel=\"noopener noreferrer\"  aria-label=\"Media releases\"><span class='avia_iconbox_title' >Media releases<\/span><\/a><\/div><\/p><\/div><\/div><!--close column table wrapper. Autoclose: 1 -->\n<\/p>\n<\/div><\/div><\/div><!-- close content main div --><\/div><\/div><div id='av_section_4'  class='avia-section av-2ozu1-d0416f96d23280b881dcadfb59c1e2de main_color avia-section-default avia-no-border-styling  avia-builder-el-11  el_after_av_section  avia-builder-el-last  section-leadtext image avia-bg-style-scroll container_wrap fullsize'  ><div class='container av-section-cont-open' ><div class='template-page content  av-content-full alpha units'><div class='post-entry post-entry-type-page post-entry-15994'><div class='entry-content-wrapper clearfix'>\n<div class='flex_column_table av-3z81-f10b1524d109005ce059068763d09583 sc-av_one_half av-break-at-tablet-flextable av-equal-height-column-flextable'>\n<style type=\"text\/css\" data-created_by=\"avia_inline_auto\" id=\"style-css-av-3z81-f10b1524d109005ce059068763d09583\">\n.flex_column.av-3z81-f10b1524d109005ce059068763d09583{\nborder-radius:0px 0px 0px 0px;\npadding:0px 0px 0px 0px;\n}\n<\/style>\n<div  class='flex_column av-3z81-f10b1524d109005ce059068763d09583 av_one_half  avia-builder-el-12  el_before_av_one_half  avia-builder-el-first  first av-break-at-tablet flex_column_table_cell av-equal-height-column av-align-top av-zero-column-padding  '     ><p><section  class='av_textblock_section av-jwhniv6n-d25d6251359a2c3d30db561540a2da0b '   itemscope=\"itemscope\" itemtype=\"https:\/\/schema.org\/CreativeWork\" ><div class='avia_textblock'  itemprop=\"text\" ><p><strong>SYMPTOMS DURING THE HOLIDAYS<\/strong><\/p>\n<h2>TEST CENTRES IN UPPER VALAIS<\/h2>\n<\/div><\/section><br \/>\n<section  class='av_textblock_section av-jwhniv6n-1-6329d12566457230a6e17183746cc513 '   itemscope=\"itemscope\" itemtype=\"https:\/\/schema.org\/CreativeWork\" ><div class='avia_textblock lead'  itemprop=\"text\" ><p>The nearest Covid-19 test centre is located at the hospital (Spitalzentrum Oberwallis) in Visp (approx. 30 minutes by car from Unterb\u00e4ch).<br \/>\nMake an appointment online in advance.<\/p>\n<\/div><\/section><br \/>\n<div  class='avia-button-wrap av-kbamxyjq-77c3de8d3a6b2bd4211ba92fbc072372-wrap avia-button-left  avia-builder-el-15  el_after_av_textblock  el_before_av_button '><a href='https:\/\/www.hopitalduvalais.ch\/de\/coronavirus-covid-19-neuigkeiten-und-informationen\/covid-19-tests.html'  class='avia-button av-kbamxyjq-77c3de8d3a6b2bd4211ba92fbc072372 av-link-btn avia-icon_select-no avia-size-small avia-position-left avia-color-theme-color'  target=\"_blank\"  rel=\"noopener noreferrer\"  aria-label=\"Appointment test centre in hospital\"><span class='avia_iconbox_title' >Appointment test centre in hospital<\/span><\/a><\/div><br \/>\n<div  class='avia-button-wrap av-kwqey6wc-67d0097e9da3f171ff18dffc8bee6022-wrap avia-button-left  avia-builder-el-16  el_after_av_button  avia-builder-el-last '><a href='https:\/\/www.vs.ch\/de\/web\/coronavirus\/#ancre_test'  class='avia-button av-kwqey6wc-67d0097e9da3f171ff18dffc8bee6022 av-link-btn avia-icon_select-no avia-size-small avia-position-left avia-color-theme-color'  target=\"_blank\"  rel=\"noopener noreferrer\"  aria-label=\"More test centre\"><span class='avia_iconbox_title' >More test centre<\/span><\/a><\/div><\/p><\/div><div class='av-flex-placeholder'><\/div>\n<style type=\"text\/css\" data-created_by=\"avia_inline_auto\" id=\"style-css-av-3z81-2-a294acc65335c06ac874f4d49e1e1b55\">\n.flex_column.av-3z81-2-a294acc65335c06ac874f4d49e1e1b55{\nborder-radius:0px 0px 0px 0px;\npadding:0px 0px 0px 0px;\n}\n<\/style>\n<div  class='flex_column av-3z81-2-a294acc65335c06ac874f4d49e1e1b55 av_one_half  avia-builder-el-17  el_after_av_one_half  avia-builder-el-last  image av-break-at-tablet flex_column_table_cell av-equal-height-column av-align-top av-zero-column-padding avia-full-stretch  '     ><style type=\"text\/css\" data-created_by=\"avia_inline_auto\" id=\"style-css-av-kbccxasc-2fa50bd3a3bbbebcef5a32db596d527b\">\n.avia-image-container.av-kbccxasc-2fa50bd3a3bbbebcef5a32db596d527b img.avia_image{\nbox-shadow:none;\n}\n.avia-image-container.av-kbccxasc-2fa50bd3a3bbbebcef5a32db596d527b .av-image-caption-overlay-center{\ncolor:#ffffff;\n}\n<\/style>\n<div  class='avia-image-container av-kbccxasc-2fa50bd3a3bbbebcef5a32db596d527b av-styling- avia-align-center  avia-builder-el-18  avia-builder-el-no-sibling '   itemprop=\"image\" itemscope=\"itemscope\" itemtype=\"https:\/\/schema.org\/ImageObject\" ><div class=\"avia-image-container-inner\"><div class=\"avia-image-overlay-wrap\"><img decoding=\"async\" loading=\"lazy\" class='wp-image-11717 avia-img-lazy-loading-11717 avia_image ' src=\"https:\/\/unterbaech.ch\/wp-content\/uploads\/SymptomeCovid-475x475.jpg\" alt='' title='SymptomeCovid'  height=\"475\" width=\"475\"  itemprop=\"thumbnailUrl\" srcset=\"https:\/\/unterbaech.ch\/wp-content\/uploads\/SymptomeCovid-475x475.jpg 475w, https:\/\/unterbaech.ch\/wp-content\/uploads\/SymptomeCovid-80x80.jpg 80w, https:\/\/unterbaech.ch\/wp-content\/uploads\/SymptomeCovid-36x36.jpg 36w\" sizes=\"auto, (max-width: 475px) 100vw, 475px\" \/><\/div><\/div><\/div><\/div><\/div><!--close column table wrapper. Autoclose: 1 -->\n\n","protected":false},"excerpt":{"rendered":"","protected":false},"author":8,"featured_media":0,"parent":14482,"menu_order":0,"comment_status":"closed","ping_status":"closed","template":"","meta":{"inline_featured_image":false,"footnotes":""},"class_list":["post-15994","page","type-page","status-publish","hentry"],"yoast_head":"<!-- This site is optimized with the Yoast SEO plugin v27.4 - https:\/\/yoast.com\/product\/yoast-seo-wordpress\/ -->\n<title>Corona protection concept - Unterb\u00e4ch<\/title>\n<meta name=\"description\" content=\"Sportbahnen Unterb\u00e4ch AG operates five lifts in the Unterb\u00e4ch-Ginals area. In summer and winter, we bring our guests safely and comfortably into the Valais mountain world.\" \/>\n<meta name=\"robots\" content=\"index, follow, max-snippet:-1, max-image-preview:large, max-video-preview:-1\" \/>\n<link rel=\"canonical\" href=\"https:\/\/unterbaech.ch\/en\/unterbaech-tourism-association\/corona-protection-concept\/\" \/>\n<meta property=\"og:locale\" content=\"en_US\" \/>\n<meta property=\"og:type\" content=\"article\" \/>\n<meta property=\"og:title\" content=\"Corona protection concept - Unterb\u00e4ch\" \/>\n<meta property=\"og:description\" content=\"Sportbahnen Unterb\u00e4ch AG operates five lifts in the Unterb\u00e4ch-Ginals area. In summer and winter, we bring our guests safely and comfortably into the Valais mountain world.\" \/>\n<meta property=\"og:url\" content=\"https:\/\/unterbaech.ch\/en\/unterbaech-tourism-association\/corona-protection-concept\/\" \/>\n<meta property=\"og:site_name\" content=\"Unterb\u00e4ch\" \/>\n<meta property=\"article:publisher\" content=\"https:\/\/www.facebook.com\/unterbaech\" \/>\n<meta name=\"twitter:card\" content=\"summary_large_image\" \/>\n<meta name=\"twitter:label1\" content=\"Est. reading time\" \/>\n\t<meta name=\"twitter:data1\" content=\"12 minutes\" \/>\n<script type=\"application\/ld+json\" class=\"yoast-schema-graph\">{\"@context\":\"https:\\\/\\\/schema.org\",\"@graph\":[{\"@type\":\"WebPage\",\"@id\":\"https:\\\/\\\/unterbaech.ch\\\/en\\\/unterbaech-tourism-association\\\/corona-protection-concept\\\/\",\"url\":\"https:\\\/\\\/unterbaech.ch\\\/en\\\/unterbaech-tourism-association\\\/corona-protection-concept\\\/\",\"name\":\"Corona protection concept - Unterb\u00e4ch\",\"isPartOf\":{\"@id\":\"https:\\\/\\\/unterbaech.ch\\\/en\\\/#website\"},\"datePublished\":\"2022-05-13T12:32:25+00:00\",\"description\":\"Sportbahnen Unterb\u00e4ch AG operates five lifts in the Unterb\u00e4ch-Ginals area. In summer and winter, we bring our guests safely and comfortably into the Valais mountain world.\",\"breadcrumb\":{\"@id\":\"https:\\\/\\\/unterbaech.ch\\\/en\\\/unterbaech-tourism-association\\\/corona-protection-concept\\\/#breadcrumb\"},\"inLanguage\":\"en-US\",\"potentialAction\":[{\"@type\":\"ReadAction\",\"target\":[\"https:\\\/\\\/unterbaech.ch\\\/en\\\/unterbaech-tourism-association\\\/corona-protection-concept\\\/\"]}]},{\"@type\":\"BreadcrumbList\",\"@id\":\"https:\\\/\\\/unterbaech.ch\\\/en\\\/unterbaech-tourism-association\\\/corona-protection-concept\\\/#breadcrumb\",\"itemListElement\":[{\"@type\":\"ListItem\",\"position\":1,\"name\":\"Startseite\",\"item\":\"https:\\\/\\\/unterbaech.ch\\\/en\\\/home\\\/\"},{\"@type\":\"ListItem\",\"position\":2,\"name\":\"Unterb\u00e4ch Tourism Association\",\"item\":\"https:\\\/\\\/unterbaech.ch\\\/en\\\/unterbaech-tourism-association\\\/\"},{\"@type\":\"ListItem\",\"position\":3,\"name\":\"Corona protection concept\"}]},{\"@type\":\"WebSite\",\"@id\":\"https:\\\/\\\/unterbaech.ch\\\/en\\\/#website\",\"url\":\"https:\\\/\\\/unterbaech.ch\\\/en\\\/\",\"name\":\"Unterb\u00e4ch\",\"description\":\"\",\"publisher\":{\"@id\":\"https:\\\/\\\/unterbaech.ch\\\/en\\\/#organization\"},\"potentialAction\":[{\"@type\":\"SearchAction\",\"target\":{\"@type\":\"EntryPoint\",\"urlTemplate\":\"https:\\\/\\\/unterbaech.ch\\\/en\\\/?s={search_term_string}\"},\"query-input\":{\"@type\":\"PropertyValueSpecification\",\"valueRequired\":true,\"valueName\":\"search_term_string\"}}],\"inLanguage\":\"en-US\"},{\"@type\":\"Organization\",\"@id\":\"https:\\\/\\\/unterbaech.ch\\\/en\\\/#organization\",\"name\":\"Unterb\u00e4ch Tourismus\",\"url\":\"https:\\\/\\\/unterbaech.ch\\\/en\\\/\",\"logo\":{\"@type\":\"ImageObject\",\"inLanguage\":\"en-US\",\"@id\":\"https:\\\/\\\/unterbaech.ch\\\/en\\\/#\\\/schema\\\/logo\\\/image\\\/\",\"url\":\"https:\\\/\\\/unterbaech.ch\\\/wp-content\\\/uploads\\\/Logo-1.png\",\"contentUrl\":\"https:\\\/\\\/unterbaech.ch\\\/wp-content\\\/uploads\\\/Logo-1.png\",\"width\":1125,\"height\":1102,\"caption\":\"Unterb\u00e4ch Tourismus\"},\"image\":{\"@id\":\"https:\\\/\\\/unterbaech.ch\\\/en\\\/#\\\/schema\\\/logo\\\/image\\\/\"},\"sameAs\":[\"https:\\\/\\\/www.facebook.com\\\/unterbaech\",\"https:\\\/\\\/www.instagram.com\\\/visit.unterbaech\\\/\",\"https:\\\/\\\/de.wikipedia.org\\\/wiki\\\/Unterb\u00e4ch\"]}]}<\/script>\n<!-- \/ Yoast SEO plugin. -->","yoast_head_json":{"title":"Corona protection concept - Unterb\u00e4ch","description":"Sportbahnen Unterb\u00e4ch AG operates five lifts in the Unterb\u00e4ch-Ginals area. In summer and winter, we bring our guests safely and comfortably into the Valais mountain world.","robots":{"index":"index","follow":"follow","max-snippet":"max-snippet:-1","max-image-preview":"max-image-preview:large","max-video-preview":"max-video-preview:-1"},"canonical":"https:\/\/unterbaech.ch\/en\/unterbaech-tourism-association\/corona-protection-concept\/","og_locale":"en_US","og_type":"article","og_title":"Corona protection concept - Unterb\u00e4ch","og_description":"Sportbahnen Unterb\u00e4ch AG operates five lifts in the Unterb\u00e4ch-Ginals area. In summer and winter, we bring our guests safely and comfortably into the Valais mountain world.","og_url":"https:\/\/unterbaech.ch\/en\/unterbaech-tourism-association\/corona-protection-concept\/","og_site_name":"Unterb\u00e4ch","article_publisher":"https:\/\/www.facebook.com\/unterbaech","twitter_card":"summary_large_image","twitter_misc":{"Est. reading time":"12 minutes"},"schema":{"@context":"https:\/\/schema.org","@graph":[{"@type":"WebPage","@id":"https:\/\/unterbaech.ch\/en\/unterbaech-tourism-association\/corona-protection-concept\/","url":"https:\/\/unterbaech.ch\/en\/unterbaech-tourism-association\/corona-protection-concept\/","name":"Corona protection concept - Unterb\u00e4ch","isPartOf":{"@id":"https:\/\/unterbaech.ch\/en\/#website"},"datePublished":"2022-05-13T12:32:25+00:00","description":"Sportbahnen Unterb\u00e4ch AG operates five lifts in the Unterb\u00e4ch-Ginals area. In summer and winter, we bring our guests safely and comfortably into the Valais mountain world.","breadcrumb":{"@id":"https:\/\/unterbaech.ch\/en\/unterbaech-tourism-association\/corona-protection-concept\/#breadcrumb"},"inLanguage":"en-US","potentialAction":[{"@type":"ReadAction","target":["https:\/\/unterbaech.ch\/en\/unterbaech-tourism-association\/corona-protection-concept\/"]}]},{"@type":"BreadcrumbList","@id":"https:\/\/unterbaech.ch\/en\/unterbaech-tourism-association\/corona-protection-concept\/#breadcrumb","itemListElement":[{"@type":"ListItem","position":1,"name":"Startseite","item":"https:\/\/unterbaech.ch\/en\/home\/"},{"@type":"ListItem","position":2,"name":"Unterb\u00e4ch Tourism Association","item":"https:\/\/unterbaech.ch\/en\/unterbaech-tourism-association\/"},{"@type":"ListItem","position":3,"name":"Corona protection concept"}]},{"@type":"WebSite","@id":"https:\/\/unterbaech.ch\/en\/#website","url":"https:\/\/unterbaech.ch\/en\/","name":"Unterb\u00e4ch","description":"","publisher":{"@id":"https:\/\/unterbaech.ch\/en\/#organization"},"potentialAction":[{"@type":"SearchAction","target":{"@type":"EntryPoint","urlTemplate":"https:\/\/unterbaech.ch\/en\/?s={search_term_string}"},"query-input":{"@type":"PropertyValueSpecification","valueRequired":true,"valueName":"search_term_string"}}],"inLanguage":"en-US"},{"@type":"Organization","@id":"https:\/\/unterbaech.ch\/en\/#organization","name":"Unterb\u00e4ch Tourismus","url":"https:\/\/unterbaech.ch\/en\/","logo":{"@type":"ImageObject","inLanguage":"en-US","@id":"https:\/\/unterbaech.ch\/en\/#\/schema\/logo\/image\/","url":"https:\/\/unterbaech.ch\/wp-content\/uploads\/Logo-1.png","contentUrl":"https:\/\/unterbaech.ch\/wp-content\/uploads\/Logo-1.png","width":1125,"height":1102,"caption":"Unterb\u00e4ch Tourismus"},"image":{"@id":"https:\/\/unterbaech.ch\/en\/#\/schema\/logo\/image\/"},"sameAs":["https:\/\/www.facebook.com\/unterbaech","https:\/\/www.instagram.com\/visit.unterbaech\/","https:\/\/de.wikipedia.org\/wiki\/Unterb\u00e4ch"]}]}},"_links":{"self":[{"href":"https:\/\/unterbaech.ch\/en\/wp-json\/wp\/v2\/pages\/15994","targetHints":{"allow":["GET"]}}],"collection":[{"href":"https:\/\/unterbaech.ch\/en\/wp-json\/wp\/v2\/pages"}],"about":[{"href":"https:\/\/unterbaech.ch\/en\/wp-json\/wp\/v2\/types\/page"}],"author":[{"embeddable":true,"href":"https:\/\/unterbaech.ch\/en\/wp-json\/wp\/v2\/users\/8"}],"replies":[{"embeddable":true,"href":"https:\/\/unterbaech.ch\/en\/wp-json\/wp\/v2\/comments?post=15994"}],"version-history":[{"count":0,"href":"https:\/\/unterbaech.ch\/en\/wp-json\/wp\/v2\/pages\/15994\/revisions"}],"up":[{"embeddable":true,"href":"https:\/\/unterbaech.ch\/en\/wp-json\/wp\/v2\/pages\/14482"}],"wp:attachment":[{"href":"https:\/\/unterbaech.ch\/en\/wp-json\/wp\/v2\/media?parent=15994"}],"curies":[{"name":"wp","href":"https:\/\/api.w.org\/{rel}","templated":true}]}}