{"id":12605,"date":"2021-04-22T12:21:05","date_gmt":"2021-04-22T10:21:05","guid":{"rendered":"https:\/\/unterbaech.ch\/circuit-de-randonnee-dhaltsuon\/"},"modified":"2026-03-20T11:54:38","modified_gmt":"2026-03-20T10:54:38","slug":"circuit-de-randonnee-dhaltsuon","status":"publish","type":"page","link":"https:\/\/unterbaech.ch\/fr\/decouvertes-et-experiences\/lete\/randonnees\/chemins-de-randonnee-de-la-region-daugstbord\/circuit-de-randonnee-dhaltsuon\/","title":{"rendered":"Circuit de randonn\u00e9e pont suspendu &#8211; Haltsuon"},"content":{"rendered":"\n<style type=\"text\/css\" data-created_by=\"avia_inline_auto\" id=\"style-css-av-kbax8y3e-dd7abb78b0bec2552eaaa840aac12581\">\n.avia-section.av-kbax8y3e-dd7abb78b0bec2552eaaa840aac12581 .av-parallax .av-parallax-inner{\nbackground-repeat:no-repeat;\nbackground-image:url(https:\/\/unterbaech.ch\/wp-content\/uploads\/Halt-Suon-scaled.jpg);\nbackground-position:50% 50%;\nbackground-attachment:scroll;\n}\n<\/style>\n<div id='av_section_1'  class='avia-section av-kbax8y3e-dd7abb78b0bec2552eaaa840aac12581 main_color avia-section-default avia-no-border-styling  avia-builder-el-0  el_before_av_section  avia-builder-el-first  section-fullwidthimage avia-full-stretch av-parallax-section avia-bg-style-parallax av-minimum-height av-minimum-height-50 av-height-50  container_wrap fullsize'  data-section-bg-repeat='stretch' data-av_minimum_height_pc='50' data-av_min_height_opt='50'><div class='av-parallax' data-avia-parallax-ratio='0.3' ><div class='av-parallax-inner main_color avia-full-stretch'><\/div><\/div><div class='container av-section-cont-open' ><main  role=\"main\" itemprop=\"mainContentOfPage\"  class='template-page content  av-content-full alpha units'><div class='post-entry post-entry-type-page post-entry-12605'><div class='entry-content-wrapper clearfix'>\n<\/div><\/div><\/main><!-- close content main element --><\/div><\/div><div id='av_section_2'  class='avia-section av-1n2h9-eef07d2470a934665895b572bc96122f main_color avia-section-default avia-no-border-styling  avia-builder-el-1  el_after_av_section  el_before_av_codeblock  section-leadtext onecol avia-bg-style-scroll container_wrap fullsize'  ><div class='container av-section-cont-open' ><div class='template-page content  av-content-full alpha units'><div class='post-entry post-entry-type-page post-entry-12605'><div class='entry-content-wrapper clearfix'>\n<section  class='av_textblock_section av-kbawhdx8-d06beca92eb518f06cbc493fe9f758bf '   itemscope=\"itemscope\" itemtype=\"https:\/\/schema.org\/CreativeWork\" ><div class='avia_textblock'  itemprop=\"text\" ><p style=\"text-align: center;\"><strong>RANDONNEES NUMERO 1<\/strong><\/p>\n<h3 style=\"text-align: center;\">CIRCUIT DE RANDONEE\u00a0PONT SUSPENDU &#8211; HALTSUON<\/h3>\n<\/div><\/section>\n\n<style type=\"text\/css\" data-created_by=\"avia_inline_auto\" id=\"style-css-av-kbax4bbr-27f78f1f5574462b1f9eaf8ccb6701aa\">\n#top .hr.hr-invisible.av-kbax4bbr-27f78f1f5574462b1f9eaf8ccb6701aa{\nheight:25px;\n}\n<\/style>\n<div  class='hr av-kbax4bbr-27f78f1f5574462b1f9eaf8ccb6701aa hr-invisible  avia-builder-el-3  el_after_av_textblock  el_before_av_textblock '><span class='hr-inner '><span class=\"hr-inner-style\"><\/span><\/span><\/div>\n<section  class='av_textblock_section av-kb9j7yy8-6b2ba6bab2002e4d8894e8c2112a3f72 '   itemscope=\"itemscope\" itemtype=\"https:\/\/schema.org\/CreativeWork\" ><div class='avia_textblock lead'  itemprop=\"text\" ><p>Le circuit de randonn\u00e9e Haltsuon emm\u00e8ne le long de canaux d&rsquo;irrigation ouverts typiques du canton du Valais, qu\u2019on appelle des bisses, et franchit le pont suspendu Milibach.<\/p>\n<p>Le circuit de randonn\u00e9e commence au t\u00e9l\u00e9ph\u00e9rique d&rsquo;Unterb\u00e4ch et traverse le village jusqu&rsquo;au pont suspendu Milibach. Sur cet itin\u00e9raire, vous rencontrerez certaines des \u0153uvres d\u2019art du sentier de sculptures. Ensuite, on continue sur l\u2019ancien chemin en direction d\u2019Eischoll. Au point le plus \u00e0 l\u2019ouest de la randonn\u00e9e, on marche un peu le long de la route en direction d\u2019Unterb\u00e4ch puis on revient sur le chemin de randonn\u00e9e \u00e0 droite. Pendant un court moment, le clapotis de l&rsquo;Haltsuon accompagne les randonneurs sur le chemin et traverse bois et prairies pour revenir \u00e0 Unterb\u00e4ch. Bien s\u00fbr, le chemin peut aussi \u00eatre emprunt\u00e9 dans le sens inverse.<\/p>\n<\/div><\/section>\n\n<style type=\"text\/css\" data-created_by=\"avia_inline_auto\" id=\"style-css-av-kbax4bbr-2-a466211dc8872db6b5ad4fa231078416\">\n#top .hr.hr-invisible.av-kbax4bbr-2-a466211dc8872db6b5ad4fa231078416{\nheight:25px;\n}\n<\/style>\n<div  class='hr av-kbax4bbr-2-a466211dc8872db6b5ad4fa231078416 hr-invisible  avia-builder-el-5  el_after_av_textblock  el_before_av_textblock '><span class='hr-inner '><span class=\"hr-inner-style\"><\/span><\/span><\/div>\n<section  class='av_textblock_section av-kbawhdx8-3-5a86337bc564a889fc505e6cfcc94ffc '   itemscope=\"itemscope\" itemtype=\"https:\/\/schema.org\/CreativeWork\" ><div class='avia_textblock lead'  itemprop=\"text\" ><h5>DETAIL DU TOUR:<\/h5>\n<ul>\n<li style=\"text-align: left;\"><span data-contrast=\"auto\"><strong>Dur\u00e9e de la randonn\u00e9e:<\/strong> 1h10\u00a0<\/span><span data-contrast=\"auto\"> (\u2191214 m \u2193214<\/span><span data-contrast=\"auto\">\u00a0m<\/span><span data-ccp-props=\"{\">\u00a0)<\/span><\/li>\n<li style=\"text-align: left;\"><span data-contrast=\"auto\"><strong>Itin\u00e9raire:<\/strong> <\/span><span data-ccp-props=\"{\">Unterb\u00e4ch \u2013 pont suspendu Milibach \u2013 Eischoll \u2013 Haltsuon \u2013 Unterb\u00e4ch\u00a0<\/span><\/li>\n<\/ul>\n<\/div><\/section>\n\n<style type=\"text\/css\" data-created_by=\"avia_inline_auto\" id=\"style-css-av-kbax4bbr-1-5a8ac6f69941ae208175a263e4cae52b\">\n#top .hr.hr-invisible.av-kbax4bbr-1-5a8ac6f69941ae208175a263e4cae52b{\nheight:25px;\n}\n<\/style>\n<div  class='hr av-kbax4bbr-1-5a8ac6f69941ae208175a263e4cae52b hr-invisible  avia-builder-el-7  el_after_av_textblock  avia-builder-el-last '><span class='hr-inner '><span class=\"hr-inner-style\"><\/span><\/span><\/div>\n<\/div><\/div><\/div><!-- close content main div --><\/div><\/div><div id='after_section_2'  class='main_color av_default_container_wrap container_wrap fullsize'  ><div class='container av-section-cont-open' ><div class='template-page content  av-content-full alpha units'><div class='post-entry post-entry-type-page post-entry-12605'><div class='entry-content-wrapper clearfix'>\n\n<div  class='hr av-2wb06i-16d7ec4028013018931f1eb5b85ddddc hr-default  avia-builder-el-9  el_after_av_codeblock  el_before_av_one_full '><span class='hr-inner '><span class=\"hr-inner-style\"><\/span><\/span><\/div>\n\n<style type=\"text\/css\" data-created_by=\"avia_inline_auto\" id=\"style-css-av-kbujysp3-bb5986012cdba25cfd25bc18cd1575b4\">\n.flex_column.av-kbujysp3-bb5986012cdba25cfd25bc18cd1575b4{\nborder-radius:0px 0px 0px 0px;\npadding:0px 0px 0px 0px;\n}\n<\/style>\n<div  class='flex_column av-kbujysp3-bb5986012cdba25cfd25bc18cd1575b4 av_one_full  avia-builder-el-10  el_after_av_hr  avia-builder-el-last  gallery-masonry first flex_column_div av-zero-column-padding  '     ><div id='av-masonry-1' class='av-masonry av-kbrrgn31-8c40739707205680f7ebd105ebc12f5a noHover av-fixed-size av-large-gap av-hover-overlay-active av-masonry-animation-active av-masonry-col-3 av-caption-always av-caption-style- av-masonry-gallery ' data-post_id=\"12605\"><div class=\"av-masonry-container isotope av-js-disabled\"><div class='av-masonry-entry isotope-item av-masonry-item-no-image '><\/div><a href=\"https:\/\/unterbaech.ch\/wp-content\/uploads\/DSC09976_\u00a9marcoschnyder.jpg\" data-srcset=\"https:\/\/unterbaech.ch\/wp-content\/uploads\/DSC09976_\u00a9marcoschnyder.jpg 1920w, https:\/\/unterbaech.ch\/wp-content\/uploads\/DSC09976_\u00a9marcoschnyder-1024x683.jpg 1024w, https:\/\/unterbaech.ch\/wp-content\/uploads\/DSC09976_\u00a9marcoschnyder-768x512.jpg 768w, https:\/\/unterbaech.ch\/wp-content\/uploads\/DSC09976_\u00a9marcoschnyder-705x470.jpg 705w\" data-sizes=\"(max-width: 1500px) 100vw, 1500px\"  aria-label=\"image DSC09976_\u00a9marcoschnyder\"  id='av-masonry-1-item-16707' data-av-masonry-item='16707' class='av-masonry-entry isotope-item post-16707 attachment type-attachment status-inherit hentry  av-masonry-item-with-image av-grid-img' title=\"DSC09976_\u00a9marcoschnyder\" alt=\"\"    itemprop=\"thumbnailUrl\" ><div class='av-inner-masonry-sizer'><\/div><figure class='av-inner-masonry main_color'><div class=\"av-masonry-outerimage-container\"><div class='av-masonry-image-container' style=\"background-image: url(https:\/\/unterbaech.ch\/wp-content\/uploads\/DSC09976_\u00a9marcoschnyder-705x470.jpg);\"  title=\"DSC09976_\u00a9marcoschnyder\" ><\/div><\/div><\/figure><\/a><!--end av-masonry entry--><a href=\"https:\/\/unterbaech.ch\/wp-content\/uploads\/DSC09591_\u00a9marcoschnyder.jpg\" data-srcset=\"https:\/\/unterbaech.ch\/wp-content\/uploads\/DSC09591_\u00a9marcoschnyder.jpg 1920w, https:\/\/unterbaech.ch\/wp-content\/uploads\/DSC09591_\u00a9marcoschnyder-1024x683.jpg 1024w, https:\/\/unterbaech.ch\/wp-content\/uploads\/DSC09591_\u00a9marcoschnyder-768x512.jpg 768w, https:\/\/unterbaech.ch\/wp-content\/uploads\/DSC09591_\u00a9marcoschnyder-705x470.jpg 705w\" data-sizes=\"(max-width: 1500px) 100vw, 1500px\"  aria-label=\"image DSC09591_\u00a9marcoschnyder\"  id='av-masonry-1-item-16701' data-av-masonry-item='16701' class='av-masonry-entry isotope-item post-16701 attachment type-attachment status-inherit hentry  av-masonry-item-with-image av-grid-img' title=\"DSC09591_\u00a9marcoschnyder\" alt=\"\"    itemprop=\"thumbnailUrl\" ><div class='av-inner-masonry-sizer'><\/div><figure class='av-inner-masonry main_color'><div class=\"av-masonry-outerimage-container\"><div class='av-masonry-image-container' style=\"background-image: url(https:\/\/unterbaech.ch\/wp-content\/uploads\/DSC09591_\u00a9marcoschnyder-705x470.jpg);\"  title=\"DSC09591_\u00a9marcoschnyder\" ><\/div><\/div><\/figure><\/a><!--end av-masonry entry--><a href=\"https:\/\/unterbaech.ch\/wp-content\/uploads\/DSC08838_\u00a9marcoschnyder.jpg\" data-srcset=\"https:\/\/unterbaech.ch\/wp-content\/uploads\/DSC08838_\u00a9marcoschnyder.jpg 1920w, https:\/\/unterbaech.ch\/wp-content\/uploads\/DSC08838_\u00a9marcoschnyder-1024x683.jpg 1024w, https:\/\/unterbaech.ch\/wp-content\/uploads\/DSC08838_\u00a9marcoschnyder-768x512.jpg 768w, https:\/\/unterbaech.ch\/wp-content\/uploads\/DSC08838_\u00a9marcoschnyder-705x470.jpg 705w\" data-sizes=\"(max-width: 1500px) 100vw, 1500px\"  aria-label=\"image DSC08838_\u00a9marcoschnyder\"  id='av-masonry-1-item-16689' data-av-masonry-item='16689' class='av-masonry-entry isotope-item post-16689 attachment type-attachment status-inherit hentry  av-masonry-item-with-image av-grid-img' title=\"DSC08838_\u00a9marcoschnyder\" alt=\"\"    itemprop=\"thumbnailUrl\" ><div class='av-inner-masonry-sizer'><\/div><figure class='av-inner-masonry main_color'><div class=\"av-masonry-outerimage-container\"><div class='av-masonry-image-container' style=\"background-image: url(https:\/\/unterbaech.ch\/wp-content\/uploads\/DSC08838_\u00a9marcoschnyder-705x470.jpg);\"  title=\"DSC08838_\u00a9marcoschnyder\" ><\/div><\/div><\/figure><\/a><!--end av-masonry entry--><a href=\"https:\/\/unterbaech.ch\/wp-content\/uploads\/Halsuon_4-810x1080.jpg\" data-srcset=\"https:\/\/unterbaech.ch\/wp-content\/uploads\/Halsuon_4-810x1080.jpg 810w, https:\/\/unterbaech.ch\/wp-content\/uploads\/Halsuon_4-576x768.jpg 576w, https:\/\/unterbaech.ch\/wp-content\/uploads\/Halsuon_4-768x1024.jpg 768w, https:\/\/unterbaech.ch\/wp-content\/uploads\/Halsuon_4-1152x1536.jpg 1152w, https:\/\/unterbaech.ch\/wp-content\/uploads\/Halsuon_4-1536x2048.jpg 1536w, https:\/\/unterbaech.ch\/wp-content\/uploads\/Halsuon_4-1125x1500.jpg 1125w, https:\/\/unterbaech.ch\/wp-content\/uploads\/Halsuon_4-529x705.jpg 529w, https:\/\/unterbaech.ch\/wp-content\/uploads\/Halsuon_4.jpg 1920w\" data-sizes=\"(max-width: 810px) 100vw, 810px\"  aria-label=\"image Halsuon_4\"  id='av-masonry-1-item-5607' data-av-masonry-item='5607' class='av-masonry-entry isotope-item post-5607 attachment type-attachment status-inherit hentry  av-masonry-item-with-image av-grid-img' title=\"Halsuon_4\" alt=\"\"    itemprop=\"thumbnailUrl\" ><div class='av-inner-masonry-sizer'><\/div><figure class='av-inner-masonry main_color'><div class=\"av-masonry-outerimage-container\"><div class='av-masonry-image-container' style=\"background-image: url(https:\/\/unterbaech.ch\/wp-content\/uploads\/Halsuon_4-529x705.jpg);\"  title=\"Halsuon_4\" ><\/div><\/div><\/figure><\/a><!--end av-masonry entry--><a href=\"https:\/\/unterbaech.ch\/wp-content\/uploads\/IMG_3681-1-1440x1080.jpg\" data-srcset=\"https:\/\/unterbaech.ch\/wp-content\/uploads\/IMG_3681-1-1440x1080.jpg 1440w, https:\/\/unterbaech.ch\/wp-content\/uploads\/IMG_3681-1-1024x768.jpg 1024w, https:\/\/unterbaech.ch\/wp-content\/uploads\/IMG_3681-1-768x576.jpg 768w, https:\/\/unterbaech.ch\/wp-content\/uploads\/IMG_3681-1-1536x1152.jpg 1536w, https:\/\/unterbaech.ch\/wp-content\/uploads\/IMG_3681-1-2048x1536.jpg 2048w, https:\/\/unterbaech.ch\/wp-content\/uploads\/IMG_3681-1-1500x1125.jpg 1500w, https:\/\/unterbaech.ch\/wp-content\/uploads\/IMG_3681-1-705x529.jpg 705w, https:\/\/unterbaech.ch\/wp-content\/uploads\/IMG_3681-1-scaled.jpg 1920w\" data-sizes=\"(max-width: 1440px) 100vw, 1440px\"  aria-label=\"image IMG_3681 (1)\"  id='av-masonry-1-item-5592' data-av-masonry-item='5592' class='av-masonry-entry isotope-item post-5592 attachment type-attachment status-inherit hentry  av-masonry-item-with-image av-grid-img' title=\"IMG_3681 (1)\" alt=\"Kind an Suone Unterb\u00e4ch\"    itemprop=\"thumbnailUrl\" ><div class='av-inner-masonry-sizer'><\/div><figure class='av-inner-masonry main_color'><div class=\"av-masonry-outerimage-container\"><div class='av-masonry-image-container' style=\"background-image: url(https:\/\/unterbaech.ch\/wp-content\/uploads\/IMG_3681-1-705x529.jpg);\"  title=\"IMG_3681 (1)\" ><\/div><\/div><\/figure><\/a><!--end av-masonry entry--><a href=\"https:\/\/unterbaech.ch\/wp-content\/uploads\/Halt-Suon-715x1080.jpg\" data-srcset=\"https:\/\/unterbaech.ch\/wp-content\/uploads\/Halt-Suon-715x1080.jpg 715w, https:\/\/unterbaech.ch\/wp-content\/uploads\/Halt-Suon-509x768.jpg 509w, https:\/\/unterbaech.ch\/wp-content\/uploads\/Halt-Suon-768x1160.jpg 768w, https:\/\/unterbaech.ch\/wp-content\/uploads\/Halt-Suon-1017x1536.jpg 1017w, https:\/\/unterbaech.ch\/wp-content\/uploads\/Halt-Suon-1356x2048.jpg 1356w, https:\/\/unterbaech.ch\/wp-content\/uploads\/Halt-Suon-994x1500.jpg 994w, https:\/\/unterbaech.ch\/wp-content\/uploads\/Halt-Suon-467x705.jpg 467w, https:\/\/unterbaech.ch\/wp-content\/uploads\/Halt-Suon-scaled.jpg 1696w\" data-sizes=\"(max-width: 715px) 100vw, 715px\"  aria-label=\"image Halt Suon\"  id='av-masonry-1-item-5610' data-av-masonry-item='5610' class='av-masonry-entry isotope-item post-5610 attachment type-attachment status-inherit hentry  av-masonry-item-with-image av-grid-img' title=\"Halt Suon\" alt=\"Haltsuon Unterb\u00e4ch\"    itemprop=\"thumbnailUrl\" ><div class='av-inner-masonry-sizer'><\/div><figure class='av-inner-masonry main_color'><div class=\"av-masonry-outerimage-container\"><div class='av-masonry-image-container' style=\"background-image: url(https:\/\/unterbaech.ch\/wp-content\/uploads\/Halt-Suon-467x705.jpg);\"  title=\"Halt Suon\" ><\/div><\/div><\/figure><\/a><!--end av-masonry entry--><\/div><\/div><\/div>\n","protected":false},"excerpt":{"rendered":"","protected":false},"author":8,"featured_media":0,"parent":14246,"menu_order":0,"comment_status":"closed","ping_status":"closed","template":"","meta":{"inline_featured_image":false,"footnotes":""},"class_list":["post-12605","page","type-page","status-publish","hentry"],"yoast_head":"<!-- This site is optimized with the Yoast SEO plugin v27.3 - https:\/\/yoast.com\/product\/yoast-seo-wordpress\/ -->\n<title>Circuit de randonn\u00e9e pont suspendu - Haltsuon - Unterb\u00e4ch<\/title>\n<meta name=\"description\" content=\"Le circuit de randonn\u00e9e Haltsuon emm\u00e8ne le long de canaux d&#039;irrigation ouverts typiques du canton du Valais, qu\u2019on appelle desbisses, et franchitl e pont suspendu Milibach.\" \/>\n<meta name=\"robots\" content=\"index, follow, max-snippet:-1, max-image-preview:large, max-video-preview:-1\" \/>\n<link rel=\"canonical\" href=\"https:\/\/unterbaech.ch\/fr\/decouvertes-et-experiences\/lete\/randonnees\/chemins-de-randonnee-de-la-region-daugstbord\/circuit-de-randonnee-dhaltsuon\/\" \/>\n<meta property=\"og:locale\" content=\"fr_FR\" \/>\n<meta property=\"og:type\" content=\"article\" \/>\n<meta property=\"og:title\" content=\"Randonn\u00e9e circulaire facile avec des points forts \u00e0 Unterb\u00e4ch\" \/>\n<meta property=\"og:description\" content=\"La randonn\u00e9e en boucle &quot;Unterb\u00e4ch - Haltsuon - Pont suspendu Milibach&quot; dure environ une heure et convient parfaitement aux petits amateurs de randonn\u00e9e.\" \/>\n<meta property=\"og:url\" content=\"https:\/\/unterbaech.ch\/fr\/decouvertes-et-experiences\/lete\/randonnees\/chemins-de-randonnee-de-la-region-daugstbord\/circuit-de-randonnee-dhaltsuon\/\" \/>\n<meta property=\"og:site_name\" content=\"Unterb\u00e4ch\" \/>\n<meta property=\"article:publisher\" content=\"https:\/\/www.facebook.com\/unterbaech\" \/>\n<meta property=\"article:modified_time\" content=\"2026-03-20T10:54:38+00:00\" \/>\n<meta property=\"og:image\" content=\"https:\/\/unterbaech.ch\/wp-content\/uploads\/DSC08665_\u00a9marcoschnyder-1024x683.jpg\" \/>\n<meta name=\"twitter:card\" content=\"summary_large_image\" \/>\n<meta name=\"twitter:label1\" content=\"Dur\u00e9e de lecture estim\u00e9e\" \/>\n\t<meta name=\"twitter:data1\" content=\"1 minute\" \/>\n<script type=\"application\/ld+json\" class=\"yoast-schema-graph\">{\"@context\":\"https:\\\/\\\/schema.org\",\"@graph\":[{\"@type\":\"WebPage\",\"@id\":\"https:\\\/\\\/unterbaech.ch\\\/fr\\\/decouvertes-et-experiences\\\/lete\\\/randonnees\\\/chemins-de-randonnee-de-la-region-daugstbord\\\/circuit-de-randonnee-dhaltsuon\\\/\",\"url\":\"https:\\\/\\\/unterbaech.ch\\\/fr\\\/decouvertes-et-experiences\\\/lete\\\/randonnees\\\/chemins-de-randonnee-de-la-region-daugstbord\\\/circuit-de-randonnee-dhaltsuon\\\/\",\"name\":\"Circuit de randonn\u00e9e pont suspendu - Haltsuon - Unterb\u00e4ch\",\"isPartOf\":{\"@id\":\"https:\\\/\\\/unterbaech.ch\\\/fr\\\/#website\"},\"datePublished\":\"2021-04-22T10:21:05+00:00\",\"dateModified\":\"2026-03-20T10:54:38+00:00\",\"description\":\"Le circuit de randonn\u00e9e Haltsuon emm\u00e8ne le long de canaux d'irrigation ouverts typiques du canton du Valais, qu\u2019on appelle desbisses, et franchitl e pont suspendu Milibach.\",\"breadcrumb\":{\"@id\":\"https:\\\/\\\/unterbaech.ch\\\/fr\\\/decouvertes-et-experiences\\\/lete\\\/randonnees\\\/chemins-de-randonnee-de-la-region-daugstbord\\\/circuit-de-randonnee-dhaltsuon\\\/#breadcrumb\"},\"inLanguage\":\"fr-FR\",\"potentialAction\":[{\"@type\":\"ReadAction\",\"target\":[\"https:\\\/\\\/unterbaech.ch\\\/fr\\\/decouvertes-et-experiences\\\/lete\\\/randonnees\\\/chemins-de-randonnee-de-la-region-daugstbord\\\/circuit-de-randonnee-dhaltsuon\\\/\"]}]},{\"@type\":\"BreadcrumbList\",\"@id\":\"https:\\\/\\\/unterbaech.ch\\\/fr\\\/decouvertes-et-experiences\\\/lete\\\/randonnees\\\/chemins-de-randonnee-de-la-region-daugstbord\\\/circuit-de-randonnee-dhaltsuon\\\/#breadcrumb\",\"itemListElement\":[{\"@type\":\"ListItem\",\"position\":1,\"name\":\"Startseite\",\"item\":\"https:\\\/\\\/unterbaech.ch\\\/fr\\\/accueil\\\/\"},{\"@type\":\"ListItem\",\"position\":2,\"name\":\"D\u00e9couvertes et exp\u00e9riences\",\"item\":\"https:\\\/\\\/unterbaech.ch\\\/fr\\\/decouvertes-et-experiences\\\/\"},{\"@type\":\"ListItem\",\"position\":3,\"name\":\"L&#8217;\u00e9te\",\"item\":\"https:\\\/\\\/unterbaech.ch\\\/fr\\\/unterbaech\\\/sommer\\\/\"},{\"@type\":\"ListItem\",\"position\":4,\"name\":\"Randonn\u00e9es\",\"item\":\"https:\\\/\\\/unterbaech.ch\\\/fr\\\/unterbaech\\\/sommer\\\/wandern\\\/\"},{\"@type\":\"ListItem\",\"position\":5,\"name\":\"Chemins de randonn\u00e9e de la r\u00e9gion d&#8217;Augstbord\",\"item\":\"https:\\\/\\\/unterbaech.ch\\\/fr\\\/unterbaech\\\/sommer\\\/wandern\\\/wanderwege-augstbordregion\\\/\"},{\"@type\":\"ListItem\",\"position\":6,\"name\":\"Circuit de randonn\u00e9e pont suspendu &#8211; Haltsuon\"}]},{\"@type\":\"WebSite\",\"@id\":\"https:\\\/\\\/unterbaech.ch\\\/fr\\\/#website\",\"url\":\"https:\\\/\\\/unterbaech.ch\\\/fr\\\/\",\"name\":\"Unterb\u00e4ch\",\"description\":\"\",\"publisher\":{\"@id\":\"https:\\\/\\\/unterbaech.ch\\\/fr\\\/#organization\"},\"potentialAction\":[{\"@type\":\"SearchAction\",\"target\":{\"@type\":\"EntryPoint\",\"urlTemplate\":\"https:\\\/\\\/unterbaech.ch\\\/fr\\\/?s={search_term_string}\"},\"query-input\":{\"@type\":\"PropertyValueSpecification\",\"valueRequired\":true,\"valueName\":\"search_term_string\"}}],\"inLanguage\":\"fr-FR\"},{\"@type\":\"Organization\",\"@id\":\"https:\\\/\\\/unterbaech.ch\\\/fr\\\/#organization\",\"name\":\"Unterb\u00e4ch Tourismus\",\"url\":\"https:\\\/\\\/unterbaech.ch\\\/fr\\\/\",\"logo\":{\"@type\":\"ImageObject\",\"inLanguage\":\"fr-FR\",\"@id\":\"https:\\\/\\\/unterbaech.ch\\\/fr\\\/#\\\/schema\\\/logo\\\/image\\\/\",\"url\":\"https:\\\/\\\/unterbaech.ch\\\/wp-content\\\/uploads\\\/Logo-1.png\",\"contentUrl\":\"https:\\\/\\\/unterbaech.ch\\\/wp-content\\\/uploads\\\/Logo-1.png\",\"width\":1125,\"height\":1102,\"caption\":\"Unterb\u00e4ch Tourismus\"},\"image\":{\"@id\":\"https:\\\/\\\/unterbaech.ch\\\/fr\\\/#\\\/schema\\\/logo\\\/image\\\/\"},\"sameAs\":[\"https:\\\/\\\/www.facebook.com\\\/unterbaech\",\"https:\\\/\\\/www.instagram.com\\\/visit.unterbaech\\\/\",\"https:\\\/\\\/de.wikipedia.org\\\/wiki\\\/Unterb\u00e4ch\"]}]}<\/script>\n<!-- \/ Yoast SEO plugin. -->","yoast_head_json":{"title":"Circuit de randonn\u00e9e pont suspendu - Haltsuon - Unterb\u00e4ch","description":"Le circuit de randonn\u00e9e Haltsuon emm\u00e8ne le long de canaux d'irrigation ouverts typiques du canton du Valais, qu\u2019on appelle desbisses, et franchitl e pont suspendu Milibach.","robots":{"index":"index","follow":"follow","max-snippet":"max-snippet:-1","max-image-preview":"max-image-preview:large","max-video-preview":"max-video-preview:-1"},"canonical":"https:\/\/unterbaech.ch\/fr\/decouvertes-et-experiences\/lete\/randonnees\/chemins-de-randonnee-de-la-region-daugstbord\/circuit-de-randonnee-dhaltsuon\/","og_locale":"fr_FR","og_type":"article","og_title":"Randonn\u00e9e circulaire facile avec des points forts \u00e0 Unterb\u00e4ch","og_description":"La randonn\u00e9e en boucle \"Unterb\u00e4ch - Haltsuon - Pont suspendu Milibach\" dure environ une heure et convient parfaitement aux petits amateurs de randonn\u00e9e.","og_url":"https:\/\/unterbaech.ch\/fr\/decouvertes-et-experiences\/lete\/randonnees\/chemins-de-randonnee-de-la-region-daugstbord\/circuit-de-randonnee-dhaltsuon\/","og_site_name":"Unterb\u00e4ch","article_publisher":"https:\/\/www.facebook.com\/unterbaech","article_modified_time":"2026-03-20T10:54:38+00:00","og_image":[{"url":"https:\/\/unterbaech.ch\/wp-content\/uploads\/DSC08665_\u00a9marcoschnyder-1024x683.jpg","type":"","width":"","height":""}],"twitter_card":"summary_large_image","twitter_misc":{"Dur\u00e9e de lecture estim\u00e9e":"1 minute"},"schema":{"@context":"https:\/\/schema.org","@graph":[{"@type":"WebPage","@id":"https:\/\/unterbaech.ch\/fr\/decouvertes-et-experiences\/lete\/randonnees\/chemins-de-randonnee-de-la-region-daugstbord\/circuit-de-randonnee-dhaltsuon\/","url":"https:\/\/unterbaech.ch\/fr\/decouvertes-et-experiences\/lete\/randonnees\/chemins-de-randonnee-de-la-region-daugstbord\/circuit-de-randonnee-dhaltsuon\/","name":"Circuit de randonn\u00e9e pont suspendu - Haltsuon - Unterb\u00e4ch","isPartOf":{"@id":"https:\/\/unterbaech.ch\/fr\/#website"},"datePublished":"2021-04-22T10:21:05+00:00","dateModified":"2026-03-20T10:54:38+00:00","description":"Le circuit de randonn\u00e9e Haltsuon emm\u00e8ne le long de canaux d'irrigation ouverts typiques du canton du Valais, qu\u2019on appelle desbisses, et franchitl e pont suspendu Milibach.","breadcrumb":{"@id":"https:\/\/unterbaech.ch\/fr\/decouvertes-et-experiences\/lete\/randonnees\/chemins-de-randonnee-de-la-region-daugstbord\/circuit-de-randonnee-dhaltsuon\/#breadcrumb"},"inLanguage":"fr-FR","potentialAction":[{"@type":"ReadAction","target":["https:\/\/unterbaech.ch\/fr\/decouvertes-et-experiences\/lete\/randonnees\/chemins-de-randonnee-de-la-region-daugstbord\/circuit-de-randonnee-dhaltsuon\/"]}]},{"@type":"BreadcrumbList","@id":"https:\/\/unterbaech.ch\/fr\/decouvertes-et-experiences\/lete\/randonnees\/chemins-de-randonnee-de-la-region-daugstbord\/circuit-de-randonnee-dhaltsuon\/#breadcrumb","itemListElement":[{"@type":"ListItem","position":1,"name":"Startseite","item":"https:\/\/unterbaech.ch\/fr\/accueil\/"},{"@type":"ListItem","position":2,"name":"D\u00e9couvertes et exp\u00e9riences","item":"https:\/\/unterbaech.ch\/fr\/decouvertes-et-experiences\/"},{"@type":"ListItem","position":3,"name":"L&#8217;\u00e9te","item":"https:\/\/unterbaech.ch\/fr\/unterbaech\/sommer\/"},{"@type":"ListItem","position":4,"name":"Randonn\u00e9es","item":"https:\/\/unterbaech.ch\/fr\/unterbaech\/sommer\/wandern\/"},{"@type":"ListItem","position":5,"name":"Chemins de randonn\u00e9e de la r\u00e9gion d&#8217;Augstbord","item":"https:\/\/unterbaech.ch\/fr\/unterbaech\/sommer\/wandern\/wanderwege-augstbordregion\/"},{"@type":"ListItem","position":6,"name":"Circuit de randonn\u00e9e pont suspendu &#8211; Haltsuon"}]},{"@type":"WebSite","@id":"https:\/\/unterbaech.ch\/fr\/#website","url":"https:\/\/unterbaech.ch\/fr\/","name":"Unterb\u00e4ch","description":"","publisher":{"@id":"https:\/\/unterbaech.ch\/fr\/#organization"},"potentialAction":[{"@type":"SearchAction","target":{"@type":"EntryPoint","urlTemplate":"https:\/\/unterbaech.ch\/fr\/?s={search_term_string}"},"query-input":{"@type":"PropertyValueSpecification","valueRequired":true,"valueName":"search_term_string"}}],"inLanguage":"fr-FR"},{"@type":"Organization","@id":"https:\/\/unterbaech.ch\/fr\/#organization","name":"Unterb\u00e4ch Tourismus","url":"https:\/\/unterbaech.ch\/fr\/","logo":{"@type":"ImageObject","inLanguage":"fr-FR","@id":"https:\/\/unterbaech.ch\/fr\/#\/schema\/logo\/image\/","url":"https:\/\/unterbaech.ch\/wp-content\/uploads\/Logo-1.png","contentUrl":"https:\/\/unterbaech.ch\/wp-content\/uploads\/Logo-1.png","width":1125,"height":1102,"caption":"Unterb\u00e4ch Tourismus"},"image":{"@id":"https:\/\/unterbaech.ch\/fr\/#\/schema\/logo\/image\/"},"sameAs":["https:\/\/www.facebook.com\/unterbaech","https:\/\/www.instagram.com\/visit.unterbaech\/","https:\/\/de.wikipedia.org\/wiki\/Unterb\u00e4ch"]}]}},"_links":{"self":[{"href":"https:\/\/unterbaech.ch\/fr\/wp-json\/wp\/v2\/pages\/12605","targetHints":{"allow":["GET"]}}],"collection":[{"href":"https:\/\/unterbaech.ch\/fr\/wp-json\/wp\/v2\/pages"}],"about":[{"href":"https:\/\/unterbaech.ch\/fr\/wp-json\/wp\/v2\/types\/page"}],"author":[{"embeddable":true,"href":"https:\/\/unterbaech.ch\/fr\/wp-json\/wp\/v2\/users\/8"}],"replies":[{"embeddable":true,"href":"https:\/\/unterbaech.ch\/fr\/wp-json\/wp\/v2\/comments?post=12605"}],"version-history":[{"count":6,"href":"https:\/\/unterbaech.ch\/fr\/wp-json\/wp\/v2\/pages\/12605\/revisions"}],"predecessor-version":[{"id":29321,"href":"https:\/\/unterbaech.ch\/fr\/wp-json\/wp\/v2\/pages\/12605\/revisions\/29321"}],"up":[{"embeddable":true,"href":"https:\/\/unterbaech.ch\/fr\/wp-json\/wp\/v2\/pages\/14246"}],"wp:attachment":[{"href":"https:\/\/unterbaech.ch\/fr\/wp-json\/wp\/v2\/media?parent=12605"}],"curies":[{"name":"wp","href":"https:\/\/api.w.org\/{rel}","templated":true}]}}