{"id":12608,"date":"2021-04-22T12:27:27","date_gmt":"2021-04-22T10:27:27","guid":{"rendered":"https:\/\/unterbaech.ch\/circuit-de-randonnee-de-brandalp\/"},"modified":"2026-03-23T11:54:32","modified_gmt":"2026-03-23T10:54:32","slug":"circuit-de-randonnee-de-brandalp","status":"publish","type":"page","link":"https:\/\/unterbaech.ch\/fr\/decouvertes-et-experiences\/lete\/randonnees\/chemins-de-randonnee-de-la-region-daugstbord\/circuit-de-randonnee-de-brandalp\/","title":{"rendered":"Circuit de randonn\u00e9e de Brandalp-Strygge-Pont suspendu"},"content":{"rendered":"\n<style type=\"text\/css\" data-created_by=\"avia_inline_auto\" id=\"style-css-av-kbax8y3e-8c0b730d639ddcca70094dd0079a0003\">\n.avia-section.av-kbax8y3e-8c0b730d639ddcca70094dd0079a0003 .av-parallax .av-parallax-inner{\nbackground-repeat:no-repeat;\nbackground-image:url(https:\/\/unterbaech.ch\/wp-content\/uploads\/DSC00326_marcoschnyder.jpg);\nbackground-position:50% 50%;\nbackground-attachment:scroll;\n}\n<\/style>\n<div id='av_section_1'  class='avia-section av-kbax8y3e-8c0b730d639ddcca70094dd0079a0003 main_color avia-section-default avia-no-border-styling  avia-builder-el-0  el_before_av_section  avia-builder-el-first  section-fullwidthimage avia-full-stretch av-parallax-section avia-bg-style-parallax av-minimum-height av-minimum-height-50 av-height-50  container_wrap fullsize'  data-section-bg-repeat='stretch' data-av_minimum_height_pc='50' data-av_min_height_opt='50'><div class='av-parallax' data-avia-parallax-ratio='0.3' ><div class='av-parallax-inner main_color avia-full-stretch'><\/div><\/div><div class='container av-section-cont-open' ><main  role=\"main\" itemprop=\"mainContentOfPage\"  class='template-page content  av-content-full alpha units'><div class='post-entry post-entry-type-page post-entry-12608'><div class='entry-content-wrapper clearfix'>\n<\/div><\/div><\/main><!-- close content main element --><\/div><\/div><div id='av_section_2'  class='avia-section av-1n2h9-eef07d2470a934665895b572bc96122f main_color avia-section-default avia-no-border-styling  avia-builder-el-1  el_after_av_section  el_before_av_codeblock  section-leadtext onecol avia-bg-style-scroll container_wrap fullsize'  ><div class='container av-section-cont-open' ><div class='template-page content  av-content-full alpha units'><div class='post-entry post-entry-type-page post-entry-12608'><div class='entry-content-wrapper clearfix'>\n<section  class='av_textblock_section av-kbawhdx8-d06beca92eb518f06cbc493fe9f758bf '   itemscope=\"itemscope\" itemtype=\"https:\/\/schema.org\/CreativeWork\" ><div class='avia_textblock'  itemprop=\"text\" ><p style=\"text-align: center;\"><strong>RANDONNEE NUMERO 2<br \/>\n<\/strong><\/p>\n<h3 style=\"text-align: center;\">CIRCUIT DE RANDONNEE DE BRANDALP-STRYGGE-PONT SUSPENDU<\/h3>\n<\/div><\/section>\n\n<style type=\"text\/css\" data-created_by=\"avia_inline_auto\" id=\"style-css-av-kbax4bbr-27f78f1f5574462b1f9eaf8ccb6701aa\">\n#top .hr.hr-invisible.av-kbax4bbr-27f78f1f5574462b1f9eaf8ccb6701aa{\nheight:25px;\n}\n<\/style>\n<div  class='hr av-kbax4bbr-27f78f1f5574462b1f9eaf8ccb6701aa hr-invisible  avia-builder-el-3  el_after_av_textblock  el_before_av_textblock '><span class='hr-inner '><span class=\"hr-inner-style\"><\/span><\/span><\/div>\n<section  class='av_textblock_section av-kb9j7yy8-a841f9424f5c95cb58456311f1f11ce0 '   itemscope=\"itemscope\" itemtype=\"https:\/\/schema.org\/CreativeWork\" ><div class='avia_textblock lead'  itemprop=\"text\" ><p>La randonn\u00e9e circulaire passe par le point de vue de Hohegga, se poursuit vers Brandalp jusqu&rsquo;\u00e0 Eischoll et revient par le pont suspendu de Milibach. Le chemin peut \u00eatre emprunt\u00e9 dans les deux sens. Peu apr\u00e8s le village d&rsquo;Unterb\u00e4ch se trouve le point de vue Hohegga, un d\u00e9tour par celui-ci vaut la peine. Apr\u00e8s la mont\u00e9e relativement raide par l&rsquo;Egga, il est recommand\u00e9 de faire une petite pause pour reprendre son souffle au restaurant Alpenr\u00f6sli sur la Brandalp. Ensuite, le sentier de randonn\u00e9e longe le Frauen-Zitaten-Weg sur un court tron\u00e7on. Au niveau du pont de Pfammatt, le chemin de randonn\u00e9e continue jusqu&rsquo;\u00e0 Eischoll Strygge. L\u00e0 aussi, le restaurant Egga, r\u00e9cemment construit, vaut la peine d&rsquo;\u00eatre visit\u00e9. Le circuit se poursuit jusqu&rsquo;\u00e0 Eischoll Dorf. \u00c0 l&rsquo;entr\u00e9e est du village se trouve l&rsquo;acc\u00e8s au pont suspendu de Milibach, qui permet de revenir en direction d&rsquo;Unterb\u00e4ch. Il est \u00e9galement possible d&rsquo;utiliser les t\u00e9l\u00e9si\u00e8ges Unterb\u00e4ch-Brandalp ou Strygge-Eischoll pour la mont\u00e9e et la descente.<\/p>\n<\/div><\/section>\n\n<style type=\"text\/css\" data-created_by=\"avia_inline_auto\" id=\"style-css-av-kbax4bbr-1-5a8ac6f69941ae208175a263e4cae52b\">\n#top .hr.hr-invisible.av-kbax4bbr-1-5a8ac6f69941ae208175a263e4cae52b{\nheight:25px;\n}\n<\/style>\n<div  class='hr av-kbax4bbr-1-5a8ac6f69941ae208175a263e4cae52b hr-invisible  avia-builder-el-5  el_after_av_textblock  el_before_av_textblock '><span class='hr-inner '><span class=\"hr-inner-style\"><\/span><\/span><\/div>\n<section  class='av_textblock_section av-kbawhdx8-2-c7ecc8fa30fc15ea08c8fa54700f9030 '   itemscope=\"itemscope\" itemtype=\"https:\/\/schema.org\/CreativeWork\" ><div class='avia_textblock lead'  itemprop=\"text\" ><h5><strong>DETAIL DU TOUR:<\/strong><\/h5>\n<ul>\n<li style=\"text-align: left;\"><span data-contrast=\"auto\"><strong>Dur\u00e9e de la randonn\u00e9e:<\/strong> 3h 55\u00a0<\/span><span data-contrast=\"auto\"> (\u2191761m \u2193761<\/span><span data-contrast=\"auto\">\u00a0m<\/span><span data-ccp-props=\"{\">)<\/span><\/li>\n<li style=\"text-align: left;\"><span data-contrast=\"auto\"><strong>Itin\u00e9raire:<\/strong> Unterb\u00e4ch \u2013 Egga\u00a0\u2013 Brandalp\u00a0\u2013 Holz\u00a0\u2013 Pfammatte \u2013 Breitmatten \u2013 Strygge \u2013 Eischoll \u2013 Pont suspendu Milibach \u2013 Unterb\u00e4ch \u00a0<\/span><\/li>\n<\/ul>\n<\/div><\/section>\n<\/div><\/div><\/div><!-- close content main div --><\/div><\/div><div id='after_section_2'  class='main_color av_default_container_wrap container_wrap fullsize'  ><div class='container av-section-cont-open' ><div class='template-page content  av-content-full alpha units'><div class='post-entry post-entry-type-page post-entry-12608'><div class='entry-content-wrapper clearfix'>\n\n<div  class='hr av-2wb06i-16d7ec4028013018931f1eb5b85ddddc hr-default  avia-builder-el-8  el_after_av_codeblock  el_before_av_one_full '><span class='hr-inner '><span class=\"hr-inner-style\"><\/span><\/span><\/div>\n\n<style type=\"text\/css\" data-created_by=\"avia_inline_auto\" id=\"style-css-av-kbujysp3-bb5986012cdba25cfd25bc18cd1575b4\">\n.flex_column.av-kbujysp3-bb5986012cdba25cfd25bc18cd1575b4{\nborder-radius:0px 0px 0px 0px;\npadding:0px 0px 0px 0px;\n}\n<\/style>\n<div  class='flex_column av-kbujysp3-bb5986012cdba25cfd25bc18cd1575b4 av_one_full  avia-builder-el-9  el_after_av_hr  avia-builder-el-last  gallery-masonry first flex_column_div av-zero-column-padding  '     ><div id='av-masonry-1' class='av-masonry av-kbrrgn31-a848793cde58fbc404be591de0e3734e noHover av-fixed-size av-large-gap av-hover-overlay-active av-masonry-animation-active av-masonry-col-3 av-caption-always av-caption-style- av-masonry-gallery ' data-post_id=\"12608\"><div class=\"av-masonry-container isotope av-js-disabled\"><div class='av-masonry-entry isotope-item av-masonry-item-no-image '><\/div><a href=\"https:\/\/unterbaech.ch\/wp-content\/uploads\/DSC00436_marcoschnyder-1619x1080.jpg\" data-srcset=\"https:\/\/unterbaech.ch\/wp-content\/uploads\/DSC00436_marcoschnyder-1619x1080.jpg 1619w, https:\/\/unterbaech.ch\/wp-content\/uploads\/DSC00436_marcoschnyder-1024x683.jpg 1024w, https:\/\/unterbaech.ch\/wp-content\/uploads\/DSC00436_marcoschnyder-768x512.jpg 768w, https:\/\/unterbaech.ch\/wp-content\/uploads\/DSC00436_marcoschnyder-1536x1025.jpg 1536w, https:\/\/unterbaech.ch\/wp-content\/uploads\/DSC00436_marcoschnyder-1500x1001.jpg 1500w, https:\/\/unterbaech.ch\/wp-content\/uploads\/DSC00436_marcoschnyder-705x470.jpg 705w, https:\/\/unterbaech.ch\/wp-content\/uploads\/DSC00436_marcoschnyder.jpg 1920w\" data-sizes=\"(max-width: 1500px) 100vw, 1500px\"  aria-label=\"image DSC00436_marcoschnyder\"  id='av-masonry-1-item-5988' data-av-masonry-item='5988' class='av-masonry-entry isotope-item post-5988 attachment type-attachment status-inherit hentry  av-masonry-item-with-image av-grid-img' title=\"DSC00436_marcoschnyder\" alt=\"Suonenwanderung Unterb\u00e4ch\"    itemprop=\"thumbnailUrl\" ><div class='av-inner-masonry-sizer'><\/div><figure class='av-inner-masonry main_color'><div class=\"av-masonry-outerimage-container\"><div class='av-masonry-image-container' style=\"background-image: url(https:\/\/unterbaech.ch\/wp-content\/uploads\/DSC00436_marcoschnyder-705x470.jpg);\"  title=\"DSC00436_marcoschnyder\" ><\/div><\/div><\/figure><\/a><!--end av-masonry entry--><a href=\"https:\/\/unterbaech.ch\/wp-content\/uploads\/DSC00611_marcoschnyder-1619x1080.jpg\" data-srcset=\"https:\/\/unterbaech.ch\/wp-content\/uploads\/DSC00611_marcoschnyder-1619x1080.jpg 1619w, https:\/\/unterbaech.ch\/wp-content\/uploads\/DSC00611_marcoschnyder-1024x683.jpg 1024w, https:\/\/unterbaech.ch\/wp-content\/uploads\/DSC00611_marcoschnyder-768x512.jpg 768w, https:\/\/unterbaech.ch\/wp-content\/uploads\/DSC00611_marcoschnyder-1536x1025.jpg 1536w, https:\/\/unterbaech.ch\/wp-content\/uploads\/DSC00611_marcoschnyder-1500x1001.jpg 1500w, https:\/\/unterbaech.ch\/wp-content\/uploads\/DSC00611_marcoschnyder-705x470.jpg 705w, https:\/\/unterbaech.ch\/wp-content\/uploads\/DSC00611_marcoschnyder.jpg 1920w\" data-sizes=\"(max-width: 1500px) 100vw, 1500px\"  aria-label=\"image DSC00611_marcoschnyder\"  id='av-masonry-1-item-6039' data-av-masonry-item='6039' class='av-masonry-entry isotope-item post-6039 attachment type-attachment status-inherit hentry  av-masonry-item-with-image av-grid-img' title=\"DSC00611_marcoschnyder\" alt=\"Aussichtspunkt Hohegga\"    itemprop=\"thumbnailUrl\" ><div class='av-inner-masonry-sizer'><\/div><figure class='av-inner-masonry main_color'><div class=\"av-masonry-outerimage-container\"><div class='av-masonry-image-container' style=\"background-image: url(https:\/\/unterbaech.ch\/wp-content\/uploads\/DSC00611_marcoschnyder-705x470.jpg);\"  title=\"DSC00611_marcoschnyder\" ><\/div><\/div><\/figure><\/a><!--end av-masonry entry--><a href=\"https:\/\/unterbaech.ch\/wp-content\/uploads\/DSC09591_\u00a9marcoschnyder.jpg\" data-srcset=\"https:\/\/unterbaech.ch\/wp-content\/uploads\/DSC09591_\u00a9marcoschnyder.jpg 1920w, https:\/\/unterbaech.ch\/wp-content\/uploads\/DSC09591_\u00a9marcoschnyder-1024x683.jpg 1024w, https:\/\/unterbaech.ch\/wp-content\/uploads\/DSC09591_\u00a9marcoschnyder-768x512.jpg 768w, https:\/\/unterbaech.ch\/wp-content\/uploads\/DSC09591_\u00a9marcoschnyder-705x470.jpg 705w\" data-sizes=\"(max-width: 1500px) 100vw, 1500px\"  aria-label=\"image DSC09591_\u00a9marcoschnyder\"  id='av-masonry-1-item-16701' data-av-masonry-item='16701' class='av-masonry-entry isotope-item post-16701 attachment type-attachment status-inherit hentry  av-masonry-item-with-image av-grid-img' title=\"DSC09591_\u00a9marcoschnyder\" alt=\"\"    itemprop=\"thumbnailUrl\" ><div class='av-inner-masonry-sizer'><\/div><figure class='av-inner-masonry main_color'><div class=\"av-masonry-outerimage-container\"><div class='av-masonry-image-container' style=\"background-image: url(https:\/\/unterbaech.ch\/wp-content\/uploads\/DSC09591_\u00a9marcoschnyder-705x470.jpg);\"  title=\"DSC09591_\u00a9marcoschnyder\" ><\/div><\/div><\/figure><\/a><!--end av-masonry entry--><\/div><\/div><\/div>\n","protected":false},"excerpt":{"rendered":"","protected":false},"author":8,"featured_media":0,"parent":14246,"menu_order":0,"comment_status":"closed","ping_status":"closed","template":"","meta":{"inline_featured_image":false,"footnotes":""},"class_list":["post-12608","page","type-page","status-publish","hentry"],"yoast_head":"<!-- This site is optimized with the Yoast SEO plugin v27.3 - https:\/\/yoast.com\/product\/yoast-seo-wordpress\/ -->\n<title>Circuit de randonn\u00e9e de Brandalp-Strygge-Pont suspendu - Unterb\u00e4ch<\/title>\n<meta name=\"description\" content=\"Le circuit de randonn\u00e9e m\u00e8ne, via Egga et Holz, d\u2019Unterb\u00e4ch \u00e0 Brandalp pour revenir \u00e0 Unterb\u00e4ch. Le chemin peut \u00eatre emprunt\u00e9 dans les deux sens. Peu apr\u00e8s le village d\u2019Unterb\u00e4ch se trouve le point de vue d\u2019Hohegga; un petit d\u00e9tour vaut la peine.\" \/>\n<meta name=\"robots\" content=\"index, follow, max-snippet:-1, max-image-preview:large, max-video-preview:-1\" \/>\n<link rel=\"canonical\" href=\"https:\/\/unterbaech.ch\/fr\/decouvertes-et-experiences\/lete\/randonnees\/chemins-de-randonnee-de-la-region-daugstbord\/circuit-de-randonnee-de-brandalp\/\" \/>\n<meta property=\"og:locale\" content=\"fr_FR\" \/>\n<meta property=\"og:type\" content=\"article\" \/>\n<meta property=\"og:title\" content=\"Circuit de randonn\u00e9e de Brandalp-Strygge-Pont suspendu - Unterb\u00e4ch\" \/>\n<meta property=\"og:description\" content=\"Le circuit de randonn\u00e9e m\u00e8ne, via Egga et Holz, d\u2019Unterb\u00e4ch \u00e0 Brandalp pour revenir \u00e0 Unterb\u00e4ch. Le chemin peut \u00eatre emprunt\u00e9 dans les deux sens. Peu apr\u00e8s le village d\u2019Unterb\u00e4ch se trouve le point de vue d\u2019Hohegga; un petit d\u00e9tour vaut la peine.\" \/>\n<meta property=\"og:url\" content=\"https:\/\/unterbaech.ch\/fr\/decouvertes-et-experiences\/lete\/randonnees\/chemins-de-randonnee-de-la-region-daugstbord\/circuit-de-randonnee-de-brandalp\/\" \/>\n<meta property=\"og:site_name\" content=\"Unterb\u00e4ch\" \/>\n<meta property=\"article:publisher\" content=\"https:\/\/www.facebook.com\/unterbaech\" \/>\n<meta property=\"article:modified_time\" content=\"2026-03-23T10:54:32+00:00\" \/>\n<meta name=\"twitter:card\" content=\"summary_large_image\" \/>\n<meta name=\"twitter:label1\" content=\"Dur\u00e9e de lecture estim\u00e9e\" \/>\n\t<meta name=\"twitter:data1\" content=\"2 minutes\" \/>\n<script type=\"application\/ld+json\" class=\"yoast-schema-graph\">{\"@context\":\"https:\\\/\\\/schema.org\",\"@graph\":[{\"@type\":\"WebPage\",\"@id\":\"https:\\\/\\\/unterbaech.ch\\\/fr\\\/decouvertes-et-experiences\\\/lete\\\/randonnees\\\/chemins-de-randonnee-de-la-region-daugstbord\\\/circuit-de-randonnee-de-brandalp\\\/\",\"url\":\"https:\\\/\\\/unterbaech.ch\\\/fr\\\/decouvertes-et-experiences\\\/lete\\\/randonnees\\\/chemins-de-randonnee-de-la-region-daugstbord\\\/circuit-de-randonnee-de-brandalp\\\/\",\"name\":\"Circuit de randonn\u00e9e de Brandalp-Strygge-Pont suspendu - Unterb\u00e4ch\",\"isPartOf\":{\"@id\":\"https:\\\/\\\/unterbaech.ch\\\/fr\\\/#website\"},\"datePublished\":\"2021-04-22T10:27:27+00:00\",\"dateModified\":\"2026-03-23T10:54:32+00:00\",\"description\":\"Le circuit de randonn\u00e9e m\u00e8ne, via Egga et Holz, d\u2019Unterb\u00e4ch \u00e0 Brandalp pour revenir \u00e0 Unterb\u00e4ch. Le chemin peut \u00eatre emprunt\u00e9 dans les deux sens. Peu apr\u00e8s le village d\u2019Unterb\u00e4ch se trouve le point de vue d\u2019Hohegga; un petit d\u00e9tour vaut la peine.\",\"breadcrumb\":{\"@id\":\"https:\\\/\\\/unterbaech.ch\\\/fr\\\/decouvertes-et-experiences\\\/lete\\\/randonnees\\\/chemins-de-randonnee-de-la-region-daugstbord\\\/circuit-de-randonnee-de-brandalp\\\/#breadcrumb\"},\"inLanguage\":\"fr-FR\",\"potentialAction\":[{\"@type\":\"ReadAction\",\"target\":[\"https:\\\/\\\/unterbaech.ch\\\/fr\\\/decouvertes-et-experiences\\\/lete\\\/randonnees\\\/chemins-de-randonnee-de-la-region-daugstbord\\\/circuit-de-randonnee-de-brandalp\\\/\"]}]},{\"@type\":\"BreadcrumbList\",\"@id\":\"https:\\\/\\\/unterbaech.ch\\\/fr\\\/decouvertes-et-experiences\\\/lete\\\/randonnees\\\/chemins-de-randonnee-de-la-region-daugstbord\\\/circuit-de-randonnee-de-brandalp\\\/#breadcrumb\",\"itemListElement\":[{\"@type\":\"ListItem\",\"position\":1,\"name\":\"Startseite\",\"item\":\"https:\\\/\\\/unterbaech.ch\\\/fr\\\/accueil\\\/\"},{\"@type\":\"ListItem\",\"position\":2,\"name\":\"D\u00e9couvertes et exp\u00e9riences\",\"item\":\"https:\\\/\\\/unterbaech.ch\\\/fr\\\/decouvertes-et-experiences\\\/\"},{\"@type\":\"ListItem\",\"position\":3,\"name\":\"L&#8217;\u00e9te\",\"item\":\"https:\\\/\\\/unterbaech.ch\\\/fr\\\/unterbaech\\\/sommer\\\/\"},{\"@type\":\"ListItem\",\"position\":4,\"name\":\"Randonn\u00e9es\",\"item\":\"https:\\\/\\\/unterbaech.ch\\\/fr\\\/unterbaech\\\/sommer\\\/wandern\\\/\"},{\"@type\":\"ListItem\",\"position\":5,\"name\":\"Chemins de randonn\u00e9e de la r\u00e9gion d&#8217;Augstbord\",\"item\":\"https:\\\/\\\/unterbaech.ch\\\/fr\\\/unterbaech\\\/sommer\\\/wandern\\\/wanderwege-augstbordregion\\\/\"},{\"@type\":\"ListItem\",\"position\":6,\"name\":\"Circuit de randonn\u00e9e de Brandalp-Strygge-Pont suspendu\"}]},{\"@type\":\"WebSite\",\"@id\":\"https:\\\/\\\/unterbaech.ch\\\/fr\\\/#website\",\"url\":\"https:\\\/\\\/unterbaech.ch\\\/fr\\\/\",\"name\":\"Unterb\u00e4ch\",\"description\":\"\",\"publisher\":{\"@id\":\"https:\\\/\\\/unterbaech.ch\\\/fr\\\/#organization\"},\"potentialAction\":[{\"@type\":\"SearchAction\",\"target\":{\"@type\":\"EntryPoint\",\"urlTemplate\":\"https:\\\/\\\/unterbaech.ch\\\/fr\\\/?s={search_term_string}\"},\"query-input\":{\"@type\":\"PropertyValueSpecification\",\"valueRequired\":true,\"valueName\":\"search_term_string\"}}],\"inLanguage\":\"fr-FR\"},{\"@type\":\"Organization\",\"@id\":\"https:\\\/\\\/unterbaech.ch\\\/fr\\\/#organization\",\"name\":\"Unterb\u00e4ch Tourismus\",\"url\":\"https:\\\/\\\/unterbaech.ch\\\/fr\\\/\",\"logo\":{\"@type\":\"ImageObject\",\"inLanguage\":\"fr-FR\",\"@id\":\"https:\\\/\\\/unterbaech.ch\\\/fr\\\/#\\\/schema\\\/logo\\\/image\\\/\",\"url\":\"https:\\\/\\\/unterbaech.ch\\\/wp-content\\\/uploads\\\/Logo-1.png\",\"contentUrl\":\"https:\\\/\\\/unterbaech.ch\\\/wp-content\\\/uploads\\\/Logo-1.png\",\"width\":1125,\"height\":1102,\"caption\":\"Unterb\u00e4ch Tourismus\"},\"image\":{\"@id\":\"https:\\\/\\\/unterbaech.ch\\\/fr\\\/#\\\/schema\\\/logo\\\/image\\\/\"},\"sameAs\":[\"https:\\\/\\\/www.facebook.com\\\/unterbaech\",\"https:\\\/\\\/www.instagram.com\\\/visit.unterbaech\\\/\",\"https:\\\/\\\/de.wikipedia.org\\\/wiki\\\/Unterb\u00e4ch\"]}]}<\/script>\n<!-- \/ Yoast SEO plugin. -->","yoast_head_json":{"title":"Circuit de randonn\u00e9e de Brandalp-Strygge-Pont suspendu - Unterb\u00e4ch","description":"Le circuit de randonn\u00e9e m\u00e8ne, via Egga et Holz, d\u2019Unterb\u00e4ch \u00e0 Brandalp pour revenir \u00e0 Unterb\u00e4ch. Le chemin peut \u00eatre emprunt\u00e9 dans les deux sens. Peu apr\u00e8s le village d\u2019Unterb\u00e4ch se trouve le point de vue d\u2019Hohegga; un petit d\u00e9tour vaut la peine.","robots":{"index":"index","follow":"follow","max-snippet":"max-snippet:-1","max-image-preview":"max-image-preview:large","max-video-preview":"max-video-preview:-1"},"canonical":"https:\/\/unterbaech.ch\/fr\/decouvertes-et-experiences\/lete\/randonnees\/chemins-de-randonnee-de-la-region-daugstbord\/circuit-de-randonnee-de-brandalp\/","og_locale":"fr_FR","og_type":"article","og_title":"Circuit de randonn\u00e9e de Brandalp-Strygge-Pont suspendu - Unterb\u00e4ch","og_description":"Le circuit de randonn\u00e9e m\u00e8ne, via Egga et Holz, d\u2019Unterb\u00e4ch \u00e0 Brandalp pour revenir \u00e0 Unterb\u00e4ch. Le chemin peut \u00eatre emprunt\u00e9 dans les deux sens. Peu apr\u00e8s le village d\u2019Unterb\u00e4ch se trouve le point de vue d\u2019Hohegga; un petit d\u00e9tour vaut la peine.","og_url":"https:\/\/unterbaech.ch\/fr\/decouvertes-et-experiences\/lete\/randonnees\/chemins-de-randonnee-de-la-region-daugstbord\/circuit-de-randonnee-de-brandalp\/","og_site_name":"Unterb\u00e4ch","article_publisher":"https:\/\/www.facebook.com\/unterbaech","article_modified_time":"2026-03-23T10:54:32+00:00","twitter_card":"summary_large_image","twitter_misc":{"Dur\u00e9e de lecture estim\u00e9e":"2 minutes"},"schema":{"@context":"https:\/\/schema.org","@graph":[{"@type":"WebPage","@id":"https:\/\/unterbaech.ch\/fr\/decouvertes-et-experiences\/lete\/randonnees\/chemins-de-randonnee-de-la-region-daugstbord\/circuit-de-randonnee-de-brandalp\/","url":"https:\/\/unterbaech.ch\/fr\/decouvertes-et-experiences\/lete\/randonnees\/chemins-de-randonnee-de-la-region-daugstbord\/circuit-de-randonnee-de-brandalp\/","name":"Circuit de randonn\u00e9e de Brandalp-Strygge-Pont suspendu - Unterb\u00e4ch","isPartOf":{"@id":"https:\/\/unterbaech.ch\/fr\/#website"},"datePublished":"2021-04-22T10:27:27+00:00","dateModified":"2026-03-23T10:54:32+00:00","description":"Le circuit de randonn\u00e9e m\u00e8ne, via Egga et Holz, d\u2019Unterb\u00e4ch \u00e0 Brandalp pour revenir \u00e0 Unterb\u00e4ch. Le chemin peut \u00eatre emprunt\u00e9 dans les deux sens. Peu apr\u00e8s le village d\u2019Unterb\u00e4ch se trouve le point de vue d\u2019Hohegga; un petit d\u00e9tour vaut la peine.","breadcrumb":{"@id":"https:\/\/unterbaech.ch\/fr\/decouvertes-et-experiences\/lete\/randonnees\/chemins-de-randonnee-de-la-region-daugstbord\/circuit-de-randonnee-de-brandalp\/#breadcrumb"},"inLanguage":"fr-FR","potentialAction":[{"@type":"ReadAction","target":["https:\/\/unterbaech.ch\/fr\/decouvertes-et-experiences\/lete\/randonnees\/chemins-de-randonnee-de-la-region-daugstbord\/circuit-de-randonnee-de-brandalp\/"]}]},{"@type":"BreadcrumbList","@id":"https:\/\/unterbaech.ch\/fr\/decouvertes-et-experiences\/lete\/randonnees\/chemins-de-randonnee-de-la-region-daugstbord\/circuit-de-randonnee-de-brandalp\/#breadcrumb","itemListElement":[{"@type":"ListItem","position":1,"name":"Startseite","item":"https:\/\/unterbaech.ch\/fr\/accueil\/"},{"@type":"ListItem","position":2,"name":"D\u00e9couvertes et exp\u00e9riences","item":"https:\/\/unterbaech.ch\/fr\/decouvertes-et-experiences\/"},{"@type":"ListItem","position":3,"name":"L&#8217;\u00e9te","item":"https:\/\/unterbaech.ch\/fr\/unterbaech\/sommer\/"},{"@type":"ListItem","position":4,"name":"Randonn\u00e9es","item":"https:\/\/unterbaech.ch\/fr\/unterbaech\/sommer\/wandern\/"},{"@type":"ListItem","position":5,"name":"Chemins de randonn\u00e9e de la r\u00e9gion d&#8217;Augstbord","item":"https:\/\/unterbaech.ch\/fr\/unterbaech\/sommer\/wandern\/wanderwege-augstbordregion\/"},{"@type":"ListItem","position":6,"name":"Circuit de randonn\u00e9e de Brandalp-Strygge-Pont suspendu"}]},{"@type":"WebSite","@id":"https:\/\/unterbaech.ch\/fr\/#website","url":"https:\/\/unterbaech.ch\/fr\/","name":"Unterb\u00e4ch","description":"","publisher":{"@id":"https:\/\/unterbaech.ch\/fr\/#organization"},"potentialAction":[{"@type":"SearchAction","target":{"@type":"EntryPoint","urlTemplate":"https:\/\/unterbaech.ch\/fr\/?s={search_term_string}"},"query-input":{"@type":"PropertyValueSpecification","valueRequired":true,"valueName":"search_term_string"}}],"inLanguage":"fr-FR"},{"@type":"Organization","@id":"https:\/\/unterbaech.ch\/fr\/#organization","name":"Unterb\u00e4ch Tourismus","url":"https:\/\/unterbaech.ch\/fr\/","logo":{"@type":"ImageObject","inLanguage":"fr-FR","@id":"https:\/\/unterbaech.ch\/fr\/#\/schema\/logo\/image\/","url":"https:\/\/unterbaech.ch\/wp-content\/uploads\/Logo-1.png","contentUrl":"https:\/\/unterbaech.ch\/wp-content\/uploads\/Logo-1.png","width":1125,"height":1102,"caption":"Unterb\u00e4ch Tourismus"},"image":{"@id":"https:\/\/unterbaech.ch\/fr\/#\/schema\/logo\/image\/"},"sameAs":["https:\/\/www.facebook.com\/unterbaech","https:\/\/www.instagram.com\/visit.unterbaech\/","https:\/\/de.wikipedia.org\/wiki\/Unterb\u00e4ch"]}]}},"_links":{"self":[{"href":"https:\/\/unterbaech.ch\/fr\/wp-json\/wp\/v2\/pages\/12608","targetHints":{"allow":["GET"]}}],"collection":[{"href":"https:\/\/unterbaech.ch\/fr\/wp-json\/wp\/v2\/pages"}],"about":[{"href":"https:\/\/unterbaech.ch\/fr\/wp-json\/wp\/v2\/types\/page"}],"author":[{"embeddable":true,"href":"https:\/\/unterbaech.ch\/fr\/wp-json\/wp\/v2\/users\/8"}],"replies":[{"embeddable":true,"href":"https:\/\/unterbaech.ch\/fr\/wp-json\/wp\/v2\/comments?post=12608"}],"version-history":[{"count":6,"href":"https:\/\/unterbaech.ch\/fr\/wp-json\/wp\/v2\/pages\/12608\/revisions"}],"predecessor-version":[{"id":29335,"href":"https:\/\/unterbaech.ch\/fr\/wp-json\/wp\/v2\/pages\/12608\/revisions\/29335"}],"up":[{"embeddable":true,"href":"https:\/\/unterbaech.ch\/fr\/wp-json\/wp\/v2\/pages\/14246"}],"wp:attachment":[{"href":"https:\/\/unterbaech.ch\/fr\/wp-json\/wp\/v2\/media?parent=12608"}],"curies":[{"name":"wp","href":"https:\/\/api.w.org\/{rel}","templated":true}]}}