{"id":12620,"date":"2021-04-22T12:35:34","date_gmt":"2021-04-22T10:35:34","guid":{"rendered":"https:\/\/unterbaech.ch\/le-sentier-du-loup\/"},"modified":"2026-03-23T14:48:22","modified_gmt":"2026-03-23T13:48:22","slug":"le-sentier-du-loup","status":"publish","type":"page","link":"https:\/\/unterbaech.ch\/fr\/decouvertes-et-experiences\/lete\/randonnees\/sentiers-educatifs-et-thematiques\/le-sentier-du-loup\/","title":{"rendered":"Le sentier du loup"},"content":{"rendered":"\n<style type=\"text\/css\" data-created_by=\"avia_inline_auto\" id=\"style-css-av-kbax8y3e-e151b920d7e29d380d98286e3229ac64\">\n.avia-section.av-kbax8y3e-e151b920d7e29d380d98286e3229ac64 .av-parallax .av-parallax-inner{\nbackground-repeat:no-repeat;\nbackground-image:url(https:\/\/unterbaech.ch\/wp-content\/uploads\/DSC_0724-scaled.jpg);\nbackground-position:50% 50%;\nbackground-attachment:scroll;\n}\n<\/style>\n<div id='av_section_1'  class='avia-section av-kbax8y3e-e151b920d7e29d380d98286e3229ac64 main_color avia-section-default avia-no-border-styling  avia-builder-el-0  el_before_av_section  avia-builder-el-first  section-fullwidthimage avia-full-stretch av-parallax-section avia-bg-style-parallax av-minimum-height av-minimum-height-50 av-height-50  container_wrap fullsize'  data-section-bg-repeat='stretch' data-av_minimum_height_pc='50' data-av_min_height_opt='50'><div class='av-parallax' data-avia-parallax-ratio='0.3' ><div class='av-parallax-inner main_color avia-full-stretch'><\/div><\/div><div class='container av-section-cont-open' ><main  role=\"main\" itemprop=\"mainContentOfPage\"  class='template-page content  av-content-full alpha units'><div class='post-entry post-entry-type-page post-entry-12620'><div class='entry-content-wrapper clearfix'>\n<\/div><\/div><\/main><!-- close content main element --><\/div><\/div><div id='av_section_2'  class='avia-section av-1n2h9-eef07d2470a934665895b572bc96122f main_color avia-section-default avia-no-border-styling  avia-builder-el-1  el_after_av_section  el_before_av_codeblock  section-leadtext onecol avia-bg-style-scroll container_wrap fullsize'  ><div class='container av-section-cont-open' ><div class='template-page content  av-content-full alpha units'><div class='post-entry post-entry-type-page post-entry-12620'><div class='entry-content-wrapper clearfix'>\n<section  class='av_textblock_section av-kbawhdx8-9a55faeefcbf4e8706dea9c49b9010c2 '   itemscope=\"itemscope\" itemtype=\"https:\/\/schema.org\/CreativeWork\" ><div class='avia_textblock'  itemprop=\"text\" ><p style=\"text-align: center;\"><strong>RANDONNEE NUMERO 4<br \/>\n<\/strong><\/p>\n<h3 style=\"text-align: center;\">LE SENTIER DU LOUP<\/h3>\n<\/div><\/section>\n\n<style type=\"text\/css\" data-created_by=\"avia_inline_auto\" id=\"style-css-av-kbax4bbr-27f78f1f5574462b1f9eaf8ccb6701aa\">\n#top .hr.hr-invisible.av-kbax4bbr-27f78f1f5574462b1f9eaf8ccb6701aa{\nheight:25px;\n}\n<\/style>\n<div  class='hr av-kbax4bbr-27f78f1f5574462b1f9eaf8ccb6701aa hr-invisible  avia-builder-el-3  el_after_av_textblock  el_before_av_textblock '><span class='hr-inner '><span class=\"hr-inner-style\"><\/span><\/span><\/div>\n<section  class='av_textblock_section av-kb9j7yy8-cb52267f29ec33a0cbd1cb12b1aeb1b9 '   itemscope=\"itemscope\" itemtype=\"https:\/\/schema.org\/CreativeWork\" ><div class='avia_textblock lead'  itemprop=\"text\" ><p>Le sentier du loup relie les deux villages d\u2019Eischoll et d\u2019Ergisch et doit son nom \u00e0 un \u00e9v\u00e9nement particulier: en 1946, le dernier loup du Valais a \u00e9t\u00e9 abattu entre ces deux villages. La randonn\u00e9e commence \u00e0 l\u2019\u00e9glise d\u2019Unterb\u00e4ch et m\u00e8ne, via la partie du village nomm\u00e9e Niwwi Stuba, de B\u00e4chi jusqu\u2019\u00e0 la place du village d\u2019Eischoll. Le chemin balis\u00e9 m\u00e8ne vers l\u2019ouest entre maisons et jardins, passe devant des granges typiquement valaisannes, enjambe un ruisseau idyllique et traverse une riche flore alpine. Apr\u00e8s avoir pass\u00e9 Habere et Ried, on atteint T\u00e4nnholz. \u00c0 cet endroit, pr\u00e8s de la petite chapelle, se trouve un panneau d\u2019information sur le sentier du Loup ainsi qu\u2019une aire de repos confortable. On continue le long d\u2019un large chemin forestier jusqu\u2019\u00e0 l\u2019alpage fleuri d\u2019Ifil, o\u00f9 le chemin devient progressivement plus \u00e9troit. A travers une for\u00eat intacte, il monte vers l\u2019aire de repos de Wolfsl\u00e4ger. Le long d\u2019un ancien bisse qui n\u2019est plus utilis\u00e9, en passant par des zones rocheuses sauvages et romantiques, on traverse le T\u00e4nnbach. \u00c0 Golantschu, on traverse la route d\u2019Obermatten puis l\u2019on atteint le village d\u2019Ergisch par un beau chemin forestier. Depuis Ergisch, vous pouvez prendre le bus de randonn\u00e9e pour retourner \u00e0 Unterb\u00e4ch.<\/p>\n<\/div><\/section>\n\n<style type=\"text\/css\" data-created_by=\"avia_inline_auto\" id=\"style-css-av-kbax4bbr-27f78f1f5574462b1f9eaf8ccb6701aa\">\n#top .hr.hr-invisible.av-kbax4bbr-27f78f1f5574462b1f9eaf8ccb6701aa{\nheight:25px;\n}\n<\/style>\n<div  class='hr av-kbax4bbr-27f78f1f5574462b1f9eaf8ccb6701aa hr-invisible  avia-builder-el-5  el_after_av_textblock  el_before_av_textblock '><span class='hr-inner '><span class=\"hr-inner-style\"><\/span><\/span><\/div>\n<section  class='av_textblock_section av-kbawhdx8-4b6b00edbcd58df42bb800e9e9971c00 '   itemscope=\"itemscope\" itemtype=\"https:\/\/schema.org\/CreativeWork\" ><div class='avia_textblock lead'  itemprop=\"text\" ><h5>TOURENDETAILS<\/h5>\n<ul>\n<li style=\"text-align: left;\"><span data-contrast=\"auto\"><strong>Wanderzeit:<\/strong> 2h 45\u00a0<\/span><span data-contrast=\"auto\"> (\u2191360 m \u2193<\/span><span data-contrast=\"auto\">459 m<\/span><span data-ccp-props=\"{\">)<\/span><\/li>\n<li style=\"text-align: left;\"><span data-contrast=\"auto\"><strong>Strecke:<\/strong> Unterb\u00e4ch \u2013 Eischoll <\/span><span data-contrast=\"auto\">\u2013 Ried <\/span><span data-contrast=\"auto\">\u2013 Ifil <\/span><span data-contrast=\"auto\">\u2013 Ergisch<\/span><\/li>\n<\/ul>\n<\/div><\/section>\n\n<style type=\"text\/css\" data-created_by=\"avia_inline_auto\" id=\"style-css-av-kbax4bbr-27f78f1f5574462b1f9eaf8ccb6701aa\">\n#top .hr.hr-invisible.av-kbax4bbr-27f78f1f5574462b1f9eaf8ccb6701aa{\nheight:25px;\n}\n<\/style>\n<div  class='hr av-kbax4bbr-27f78f1f5574462b1f9eaf8ccb6701aa hr-invisible  avia-builder-el-7  el_after_av_textblock  avia-builder-el-last '><span class='hr-inner '><span class=\"hr-inner-style\"><\/span><\/span><\/div>\n<\/div><\/div><\/div><!-- close content main div --><\/div><\/div><div id='after_section_2'  class='main_color av_default_container_wrap container_wrap fullsize'  ><div class='container av-section-cont-open' ><div class='template-page content  av-content-full alpha units'><div class='post-entry post-entry-type-page post-entry-12620'><div class='entry-content-wrapper clearfix'>\n\n<div  class='hr av-2wb06i-16d7ec4028013018931f1eb5b85ddddc hr-default  avia-builder-el-9  el_after_av_codeblock  el_before_av_one_full '><span class='hr-inner '><span class=\"hr-inner-style\"><\/span><\/span><\/div>\n\n<style type=\"text\/css\" data-created_by=\"avia_inline_auto\" id=\"style-css-av-kbujysp3-bb5986012cdba25cfd25bc18cd1575b4\">\n.flex_column.av-kbujysp3-bb5986012cdba25cfd25bc18cd1575b4{\nborder-radius:0px 0px 0px 0px;\npadding:0px 0px 0px 0px;\n}\n<\/style>\n<div  class='flex_column av-kbujysp3-bb5986012cdba25cfd25bc18cd1575b4 av_one_full  avia-builder-el-10  el_after_av_hr  avia-builder-el-last  gallery-masonry first flex_column_div av-zero-column-padding  '     ><div id='av-masonry-1' class='av-masonry av-kbrrgn31-45fada3199d5e66b436a7947becc3abe noHover av-fixed-size av-large-gap av-hover-overlay-active av-masonry-animation-active av-masonry-col-3 av-caption-always av-caption-style- av-masonry-gallery ' data-post_id=\"12620\"><div class=\"av-masonry-container isotope av-js-disabled\"><div class='av-masonry-entry isotope-item av-masonry-item-no-image '><\/div><a href=\"https:\/\/unterbaech.ch\/wp-content\/uploads\/DSC_0724-1626x1080.jpg\" data-srcset=\"https:\/\/unterbaech.ch\/wp-content\/uploads\/DSC_0724-1626x1080.jpg 1626w, https:\/\/unterbaech.ch\/wp-content\/uploads\/DSC_0724-1024x680.jpg 1024w, https:\/\/unterbaech.ch\/wp-content\/uploads\/DSC_0724-768x510.jpg 768w, https:\/\/unterbaech.ch\/wp-content\/uploads\/DSC_0724-1536x1020.jpg 1536w, https:\/\/unterbaech.ch\/wp-content\/uploads\/DSC_0724-2048x1360.jpg 2048w, https:\/\/unterbaech.ch\/wp-content\/uploads\/DSC_0724-1500x996.jpg 1500w, https:\/\/unterbaech.ch\/wp-content\/uploads\/DSC_0724-705x468.jpg 705w, https:\/\/unterbaech.ch\/wp-content\/uploads\/DSC_0724-scaled.jpg 1920w\" data-sizes=\"(max-width: 1500px) 100vw, 1500px\"  aria-label=\"image DSC_0724\"  id='av-masonry-1-item-9120' data-av-masonry-item='9120' class='av-masonry-entry isotope-item post-9120 attachment type-attachment status-inherit hentry  av-masonry-item-with-image' title=\"DSC_0724\" alt=\"\"    itemprop=\"thumbnailUrl\" ><div class='av-inner-masonry-sizer'><\/div><figure class='av-inner-masonry main_color'><div class=\"av-masonry-outerimage-container\"><div class='av-masonry-image-container' style=\"background-image: url(https:\/\/unterbaech.ch\/wp-content\/uploads\/DSC_0724-705x468.jpg);\"  title=\"DSC_0724\" ><\/div><\/div><\/figure><\/a><!--end av-masonry entry--><a href=\"https:\/\/unterbaech.ch\/wp-content\/uploads\/DSC_0747-1626x1080.jpg\" data-srcset=\"https:\/\/unterbaech.ch\/wp-content\/uploads\/DSC_0747-1626x1080.jpg 1626w, https:\/\/unterbaech.ch\/wp-content\/uploads\/DSC_0747-1024x680.jpg 1024w, https:\/\/unterbaech.ch\/wp-content\/uploads\/DSC_0747-768x510.jpg 768w, https:\/\/unterbaech.ch\/wp-content\/uploads\/DSC_0747-1536x1020.jpg 1536w, https:\/\/unterbaech.ch\/wp-content\/uploads\/DSC_0747-2048x1360.jpg 2048w, https:\/\/unterbaech.ch\/wp-content\/uploads\/DSC_0747-1500x996.jpg 1500w, https:\/\/unterbaech.ch\/wp-content\/uploads\/DSC_0747-705x468.jpg 705w, https:\/\/unterbaech.ch\/wp-content\/uploads\/DSC_0747-scaled.jpg 1920w\" data-sizes=\"(max-width: 1500px) 100vw, 1500px\"  aria-label=\"image DSC_0747\"  id='av-masonry-1-item-9117' data-av-masonry-item='9117' class='av-masonry-entry isotope-item post-9117 attachment type-attachment status-inherit hentry  av-masonry-item-with-image' title=\"DSC_0747\" alt=\"\"    itemprop=\"thumbnailUrl\" ><div class='av-inner-masonry-sizer'><\/div><figure class='av-inner-masonry main_color'><div class=\"av-masonry-outerimage-container\"><div class='av-masonry-image-container' style=\"background-image: url(https:\/\/unterbaech.ch\/wp-content\/uploads\/DSC_0747-705x468.jpg);\"  title=\"DSC_0747\" ><\/div><\/div><\/figure><\/a><!--end av-masonry entry--><a href=\"https:\/\/unterbaech.ch\/wp-content\/uploads\/Wolfspfad-1626x1080.jpg\" data-srcset=\"https:\/\/unterbaech.ch\/wp-content\/uploads\/Wolfspfad-1626x1080.jpg 1626w, https:\/\/unterbaech.ch\/wp-content\/uploads\/Wolfspfad-1024x680.jpg 1024w, https:\/\/unterbaech.ch\/wp-content\/uploads\/Wolfspfad-768x510.jpg 768w, https:\/\/unterbaech.ch\/wp-content\/uploads\/Wolfspfad-1536x1020.jpg 1536w, https:\/\/unterbaech.ch\/wp-content\/uploads\/Wolfspfad-2048x1360.jpg 2048w, https:\/\/unterbaech.ch\/wp-content\/uploads\/Wolfspfad-1500x996.jpg 1500w, https:\/\/unterbaech.ch\/wp-content\/uploads\/Wolfspfad-705x468.jpg 705w, https:\/\/unterbaech.ch\/wp-content\/uploads\/Wolfspfad-scaled.jpg 1920w\" data-sizes=\"(max-width: 1500px) 100vw, 1500px\"  aria-label=\"image Wolfspfad\"  id='av-masonry-1-item-9114' data-av-masonry-item='9114' class='av-masonry-entry isotope-item post-9114 attachment type-attachment status-inherit hentry  av-masonry-item-with-image' title=\"Wolfspfad\" alt=\"\"    itemprop=\"thumbnailUrl\" ><div class='av-inner-masonry-sizer'><\/div><figure class='av-inner-masonry main_color'><div class=\"av-masonry-outerimage-container\"><div class='av-masonry-image-container' style=\"background-image: url(https:\/\/unterbaech.ch\/wp-content\/uploads\/Wolfspfad-705x468.jpg);\"  title=\"Wolfspfad\" ><\/div><\/div><\/figure><\/a><!--end av-masonry entry--><a href=\"https:\/\/unterbaech.ch\/wp-content\/uploads\/Wegweiser-Wolfspfad-1626x1080.jpg\" data-srcset=\"https:\/\/unterbaech.ch\/wp-content\/uploads\/Wegweiser-Wolfspfad-1626x1080.jpg 1626w, https:\/\/unterbaech.ch\/wp-content\/uploads\/Wegweiser-Wolfspfad-1024x680.jpg 1024w, https:\/\/unterbaech.ch\/wp-content\/uploads\/Wegweiser-Wolfspfad-768x510.jpg 768w, https:\/\/unterbaech.ch\/wp-content\/uploads\/Wegweiser-Wolfspfad-1536x1020.jpg 1536w, https:\/\/unterbaech.ch\/wp-content\/uploads\/Wegweiser-Wolfspfad-2048x1360.jpg 2048w, https:\/\/unterbaech.ch\/wp-content\/uploads\/Wegweiser-Wolfspfad-1500x996.jpg 1500w, https:\/\/unterbaech.ch\/wp-content\/uploads\/Wegweiser-Wolfspfad-705x468.jpg 705w, https:\/\/unterbaech.ch\/wp-content\/uploads\/Wegweiser-Wolfspfad-scaled.jpg 1920w\" data-sizes=\"(max-width: 1500px) 100vw, 1500px\"  aria-label=\"image Wegweiser Wolfspfad\"  id='av-masonry-1-item-9105' data-av-masonry-item='9105' class='av-masonry-entry isotope-item post-9105 attachment type-attachment status-inherit hentry  av-masonry-item-with-image' title=\"Wegweiser Wolfspfad\" alt=\"\"    itemprop=\"thumbnailUrl\" ><div class='av-inner-masonry-sizer'><\/div><figure class='av-inner-masonry main_color'><div class=\"av-masonry-outerimage-container\"><div class='av-masonry-image-container' style=\"background-image: url(https:\/\/unterbaech.ch\/wp-content\/uploads\/Wegweiser-Wolfspfad-705x468.jpg);\"  title=\"Wegweiser Wolfspfad\" ><\/div><\/div><\/figure><\/a><!--end av-masonry entry--><\/div><\/div><\/div>\n","protected":false},"excerpt":{"rendered":"","protected":false},"author":8,"featured_media":0,"parent":14234,"menu_order":0,"comment_status":"closed","ping_status":"closed","template":"","meta":{"inline_featured_image":false,"footnotes":""},"class_list":["post-12620","page","type-page","status-publish","hentry"],"yoast_head":"<!-- This site is optimized with the Yoast SEO plugin v27.4 - https:\/\/yoast.com\/product\/yoast-seo-wordpress\/ -->\n<title>Le sentier du loup - Unterb\u00e4ch<\/title>\n<meta name=\"description\" content=\"Le sentier du loup relie les deux villages d\u2019Eischoll et d\u2019Ergisch et doit son nom \u00e0 un \u00e9v\u00e9nement particulier: en 1946, le dernier loup du Valais a \u00e9t\u00e9 abattu entre ces deux villages.\" \/>\n<meta name=\"robots\" content=\"index, follow, max-snippet:-1, max-image-preview:large, max-video-preview:-1\" \/>\n<link rel=\"canonical\" href=\"https:\/\/unterbaech.ch\/fr\/decouvertes-et-experiences\/lete\/randonnees\/sentiers-educatifs-et-thematiques\/le-sentier-du-loup\/\" \/>\n<meta property=\"og:locale\" content=\"fr_FR\" \/>\n<meta property=\"og:type\" content=\"article\" \/>\n<meta property=\"og:title\" content=\"Le sentier du loup - Unterb\u00e4ch\" \/>\n<meta property=\"og:description\" content=\"Le sentier du loup relie les deux villages d\u2019Eischoll et d\u2019Ergisch et doit son nom \u00e0 un \u00e9v\u00e9nement particulier: en 1946, le dernier loup du Valais a \u00e9t\u00e9 abattu entre ces deux villages.\" \/>\n<meta property=\"og:url\" content=\"https:\/\/unterbaech.ch\/fr\/decouvertes-et-experiences\/lete\/randonnees\/sentiers-educatifs-et-thematiques\/le-sentier-du-loup\/\" \/>\n<meta property=\"og:site_name\" content=\"Unterb\u00e4ch\" \/>\n<meta property=\"article:publisher\" content=\"https:\/\/www.facebook.com\/unterbaech\" \/>\n<meta property=\"article:modified_time\" content=\"2026-03-23T13:48:22+00:00\" \/>\n<meta name=\"twitter:card\" content=\"summary_large_image\" \/>\n<meta name=\"twitter:label1\" content=\"Dur\u00e9e de lecture estim\u00e9e\" \/>\n\t<meta name=\"twitter:data1\" content=\"2 minutes\" \/>\n<script type=\"application\/ld+json\" class=\"yoast-schema-graph\">{\"@context\":\"https:\\\/\\\/schema.org\",\"@graph\":[{\"@type\":\"WebPage\",\"@id\":\"https:\\\/\\\/unterbaech.ch\\\/fr\\\/decouvertes-et-experiences\\\/lete\\\/randonnees\\\/sentiers-educatifs-et-thematiques\\\/le-sentier-du-loup\\\/\",\"url\":\"https:\\\/\\\/unterbaech.ch\\\/fr\\\/decouvertes-et-experiences\\\/lete\\\/randonnees\\\/sentiers-educatifs-et-thematiques\\\/le-sentier-du-loup\\\/\",\"name\":\"Le sentier du loup - Unterb\u00e4ch\",\"isPartOf\":{\"@id\":\"https:\\\/\\\/unterbaech.ch\\\/fr\\\/#website\"},\"datePublished\":\"2021-04-22T10:35:34+00:00\",\"dateModified\":\"2026-03-23T13:48:22+00:00\",\"description\":\"Le sentier du loup relie les deux villages d\u2019Eischoll et d\u2019Ergisch et doit son nom \u00e0 un \u00e9v\u00e9nement particulier: en 1946, le dernier loup du Valais a \u00e9t\u00e9 abattu entre ces deux villages.\",\"breadcrumb\":{\"@id\":\"https:\\\/\\\/unterbaech.ch\\\/fr\\\/decouvertes-et-experiences\\\/lete\\\/randonnees\\\/sentiers-educatifs-et-thematiques\\\/le-sentier-du-loup\\\/#breadcrumb\"},\"inLanguage\":\"fr-FR\",\"potentialAction\":[{\"@type\":\"ReadAction\",\"target\":[\"https:\\\/\\\/unterbaech.ch\\\/fr\\\/decouvertes-et-experiences\\\/lete\\\/randonnees\\\/sentiers-educatifs-et-thematiques\\\/le-sentier-du-loup\\\/\"]}]},{\"@type\":\"BreadcrumbList\",\"@id\":\"https:\\\/\\\/unterbaech.ch\\\/fr\\\/decouvertes-et-experiences\\\/lete\\\/randonnees\\\/sentiers-educatifs-et-thematiques\\\/le-sentier-du-loup\\\/#breadcrumb\",\"itemListElement\":[{\"@type\":\"ListItem\",\"position\":1,\"name\":\"Startseite\",\"item\":\"https:\\\/\\\/unterbaech.ch\\\/fr\\\/accueil\\\/\"},{\"@type\":\"ListItem\",\"position\":2,\"name\":\"D\u00e9couvertes et exp\u00e9riences\",\"item\":\"https:\\\/\\\/unterbaech.ch\\\/fr\\\/decouvertes-et-experiences\\\/\"},{\"@type\":\"ListItem\",\"position\":3,\"name\":\"L&#8217;\u00e9te\",\"item\":\"https:\\\/\\\/unterbaech.ch\\\/fr\\\/unterbaech\\\/sommer\\\/\"},{\"@type\":\"ListItem\",\"position\":4,\"name\":\"Randonn\u00e9es\",\"item\":\"https:\\\/\\\/unterbaech.ch\\\/fr\\\/unterbaech\\\/sommer\\\/wandern\\\/\"},{\"@type\":\"ListItem\",\"position\":5,\"name\":\"Sentiers \u00e9ducatifs et th\u00e9matiques\",\"item\":\"https:\\\/\\\/unterbaech.ch\\\/fr\\\/unterbaech\\\/sommer\\\/wandern\\\/lehr-und-themenpfade\\\/\"},{\"@type\":\"ListItem\",\"position\":6,\"name\":\"Le sentier du loup\"}]},{\"@type\":\"WebSite\",\"@id\":\"https:\\\/\\\/unterbaech.ch\\\/fr\\\/#website\",\"url\":\"https:\\\/\\\/unterbaech.ch\\\/fr\\\/\",\"name\":\"Unterb\u00e4ch\",\"description\":\"\",\"publisher\":{\"@id\":\"https:\\\/\\\/unterbaech.ch\\\/fr\\\/#organization\"},\"potentialAction\":[{\"@type\":\"SearchAction\",\"target\":{\"@type\":\"EntryPoint\",\"urlTemplate\":\"https:\\\/\\\/unterbaech.ch\\\/fr\\\/?s={search_term_string}\"},\"query-input\":{\"@type\":\"PropertyValueSpecification\",\"valueRequired\":true,\"valueName\":\"search_term_string\"}}],\"inLanguage\":\"fr-FR\"},{\"@type\":\"Organization\",\"@id\":\"https:\\\/\\\/unterbaech.ch\\\/fr\\\/#organization\",\"name\":\"Unterb\u00e4ch Tourismus\",\"url\":\"https:\\\/\\\/unterbaech.ch\\\/fr\\\/\",\"logo\":{\"@type\":\"ImageObject\",\"inLanguage\":\"fr-FR\",\"@id\":\"https:\\\/\\\/unterbaech.ch\\\/fr\\\/#\\\/schema\\\/logo\\\/image\\\/\",\"url\":\"https:\\\/\\\/unterbaech.ch\\\/wp-content\\\/uploads\\\/Logo-1.png\",\"contentUrl\":\"https:\\\/\\\/unterbaech.ch\\\/wp-content\\\/uploads\\\/Logo-1.png\",\"width\":1125,\"height\":1102,\"caption\":\"Unterb\u00e4ch Tourismus\"},\"image\":{\"@id\":\"https:\\\/\\\/unterbaech.ch\\\/fr\\\/#\\\/schema\\\/logo\\\/image\\\/\"},\"sameAs\":[\"https:\\\/\\\/www.facebook.com\\\/unterbaech\",\"https:\\\/\\\/www.instagram.com\\\/visit.unterbaech\\\/\",\"https:\\\/\\\/de.wikipedia.org\\\/wiki\\\/Unterb\u00e4ch\"]}]}<\/script>\n<!-- \/ Yoast SEO plugin. -->","yoast_head_json":{"title":"Le sentier du loup - Unterb\u00e4ch","description":"Le sentier du loup relie les deux villages d\u2019Eischoll et d\u2019Ergisch et doit son nom \u00e0 un \u00e9v\u00e9nement particulier: en 1946, le dernier loup du Valais a \u00e9t\u00e9 abattu entre ces deux villages.","robots":{"index":"index","follow":"follow","max-snippet":"max-snippet:-1","max-image-preview":"max-image-preview:large","max-video-preview":"max-video-preview:-1"},"canonical":"https:\/\/unterbaech.ch\/fr\/decouvertes-et-experiences\/lete\/randonnees\/sentiers-educatifs-et-thematiques\/le-sentier-du-loup\/","og_locale":"fr_FR","og_type":"article","og_title":"Le sentier du loup - Unterb\u00e4ch","og_description":"Le sentier du loup relie les deux villages d\u2019Eischoll et d\u2019Ergisch et doit son nom \u00e0 un \u00e9v\u00e9nement particulier: en 1946, le dernier loup du Valais a \u00e9t\u00e9 abattu entre ces deux villages.","og_url":"https:\/\/unterbaech.ch\/fr\/decouvertes-et-experiences\/lete\/randonnees\/sentiers-educatifs-et-thematiques\/le-sentier-du-loup\/","og_site_name":"Unterb\u00e4ch","article_publisher":"https:\/\/www.facebook.com\/unterbaech","article_modified_time":"2026-03-23T13:48:22+00:00","twitter_card":"summary_large_image","twitter_misc":{"Dur\u00e9e de lecture estim\u00e9e":"2 minutes"},"schema":{"@context":"https:\/\/schema.org","@graph":[{"@type":"WebPage","@id":"https:\/\/unterbaech.ch\/fr\/decouvertes-et-experiences\/lete\/randonnees\/sentiers-educatifs-et-thematiques\/le-sentier-du-loup\/","url":"https:\/\/unterbaech.ch\/fr\/decouvertes-et-experiences\/lete\/randonnees\/sentiers-educatifs-et-thematiques\/le-sentier-du-loup\/","name":"Le sentier du loup - Unterb\u00e4ch","isPartOf":{"@id":"https:\/\/unterbaech.ch\/fr\/#website"},"datePublished":"2021-04-22T10:35:34+00:00","dateModified":"2026-03-23T13:48:22+00:00","description":"Le sentier du loup relie les deux villages d\u2019Eischoll et d\u2019Ergisch et doit son nom \u00e0 un \u00e9v\u00e9nement particulier: en 1946, le dernier loup du Valais a \u00e9t\u00e9 abattu entre ces deux villages.","breadcrumb":{"@id":"https:\/\/unterbaech.ch\/fr\/decouvertes-et-experiences\/lete\/randonnees\/sentiers-educatifs-et-thematiques\/le-sentier-du-loup\/#breadcrumb"},"inLanguage":"fr-FR","potentialAction":[{"@type":"ReadAction","target":["https:\/\/unterbaech.ch\/fr\/decouvertes-et-experiences\/lete\/randonnees\/sentiers-educatifs-et-thematiques\/le-sentier-du-loup\/"]}]},{"@type":"BreadcrumbList","@id":"https:\/\/unterbaech.ch\/fr\/decouvertes-et-experiences\/lete\/randonnees\/sentiers-educatifs-et-thematiques\/le-sentier-du-loup\/#breadcrumb","itemListElement":[{"@type":"ListItem","position":1,"name":"Startseite","item":"https:\/\/unterbaech.ch\/fr\/accueil\/"},{"@type":"ListItem","position":2,"name":"D\u00e9couvertes et exp\u00e9riences","item":"https:\/\/unterbaech.ch\/fr\/decouvertes-et-experiences\/"},{"@type":"ListItem","position":3,"name":"L&#8217;\u00e9te","item":"https:\/\/unterbaech.ch\/fr\/unterbaech\/sommer\/"},{"@type":"ListItem","position":4,"name":"Randonn\u00e9es","item":"https:\/\/unterbaech.ch\/fr\/unterbaech\/sommer\/wandern\/"},{"@type":"ListItem","position":5,"name":"Sentiers \u00e9ducatifs et th\u00e9matiques","item":"https:\/\/unterbaech.ch\/fr\/unterbaech\/sommer\/wandern\/lehr-und-themenpfade\/"},{"@type":"ListItem","position":6,"name":"Le sentier du loup"}]},{"@type":"WebSite","@id":"https:\/\/unterbaech.ch\/fr\/#website","url":"https:\/\/unterbaech.ch\/fr\/","name":"Unterb\u00e4ch","description":"","publisher":{"@id":"https:\/\/unterbaech.ch\/fr\/#organization"},"potentialAction":[{"@type":"SearchAction","target":{"@type":"EntryPoint","urlTemplate":"https:\/\/unterbaech.ch\/fr\/?s={search_term_string}"},"query-input":{"@type":"PropertyValueSpecification","valueRequired":true,"valueName":"search_term_string"}}],"inLanguage":"fr-FR"},{"@type":"Organization","@id":"https:\/\/unterbaech.ch\/fr\/#organization","name":"Unterb\u00e4ch Tourismus","url":"https:\/\/unterbaech.ch\/fr\/","logo":{"@type":"ImageObject","inLanguage":"fr-FR","@id":"https:\/\/unterbaech.ch\/fr\/#\/schema\/logo\/image\/","url":"https:\/\/unterbaech.ch\/wp-content\/uploads\/Logo-1.png","contentUrl":"https:\/\/unterbaech.ch\/wp-content\/uploads\/Logo-1.png","width":1125,"height":1102,"caption":"Unterb\u00e4ch Tourismus"},"image":{"@id":"https:\/\/unterbaech.ch\/fr\/#\/schema\/logo\/image\/"},"sameAs":["https:\/\/www.facebook.com\/unterbaech","https:\/\/www.instagram.com\/visit.unterbaech\/","https:\/\/de.wikipedia.org\/wiki\/Unterb\u00e4ch"]}]}},"_links":{"self":[{"href":"https:\/\/unterbaech.ch\/fr\/wp-json\/wp\/v2\/pages\/12620","targetHints":{"allow":["GET"]}}],"collection":[{"href":"https:\/\/unterbaech.ch\/fr\/wp-json\/wp\/v2\/pages"}],"about":[{"href":"https:\/\/unterbaech.ch\/fr\/wp-json\/wp\/v2\/types\/page"}],"author":[{"embeddable":true,"href":"https:\/\/unterbaech.ch\/fr\/wp-json\/wp\/v2\/users\/8"}],"replies":[{"embeddable":true,"href":"https:\/\/unterbaech.ch\/fr\/wp-json\/wp\/v2\/comments?post=12620"}],"version-history":[{"count":3,"href":"https:\/\/unterbaech.ch\/fr\/wp-json\/wp\/v2\/pages\/12620\/revisions"}],"predecessor-version":[{"id":29467,"href":"https:\/\/unterbaech.ch\/fr\/wp-json\/wp\/v2\/pages\/12620\/revisions\/29467"}],"up":[{"embeddable":true,"href":"https:\/\/unterbaech.ch\/fr\/wp-json\/wp\/v2\/pages\/14234"}],"wp:attachment":[{"href":"https:\/\/unterbaech.ch\/fr\/wp-json\/wp\/v2\/media?parent=12620"}],"curies":[{"name":"wp","href":"https:\/\/api.w.org\/{rel}","templated":true}]}}