{"id":12786,"date":"2021-05-14T14:37:14","date_gmt":"2021-05-14T12:37:14","guid":{"rendered":"https:\/\/unterbaech.ch\/circuit-de-randonnee-de-moosalp-long\/"},"modified":"2026-03-23T13:46:49","modified_gmt":"2026-03-23T12:46:49","slug":"circuit-de-randonnee-de-moosalp-long","status":"publish","type":"page","link":"https:\/\/unterbaech.ch\/fr\/decouvertes-et-experiences\/lete\/randonnees\/chemins-de-randonnee-de-la-region-daugstbord\/circuit-de-randonnee-de-moosalp-long\/","title":{"rendered":"Circuit de randonn\u00e9e de Moosalp"},"content":{"rendered":"\n<style type=\"text\/css\" data-created_by=\"avia_inline_auto\" id=\"style-css-av-kbax8y3e-1daa49a0bfa138f9a350cf10c3fd27e8\">\n.avia-section.av-kbax8y3e-1daa49a0bfa138f9a350cf10c3fd27e8 .av-parallax .av-parallax-inner{\nbackground-repeat:no-repeat;\nbackground-image:url(https:\/\/unterbaech.ch\/wp-content\/uploads\/2020\/07\/Foto-3.jpg);\nbackground-position:50% 50%;\nbackground-attachment:scroll;\n}\n<\/style>\n<div id='av_section_1'  class='avia-section av-kbax8y3e-1daa49a0bfa138f9a350cf10c3fd27e8 main_color avia-section-default avia-no-border-styling  avia-builder-el-0  el_before_av_section  avia-builder-el-first  section-fullwidthimage avia-full-stretch av-parallax-section avia-bg-style-parallax av-minimum-height av-minimum-height-50 av-height-50  container_wrap fullsize'  data-section-bg-repeat='stretch' data-av_minimum_height_pc='50' data-av_min_height_opt='50'><div class='av-parallax' data-avia-parallax-ratio='0.3' ><div class='av-parallax-inner main_color avia-full-stretch'><\/div><\/div><div class='container av-section-cont-open' ><main  role=\"main\" itemprop=\"mainContentOfPage\"  class='template-page content  av-content-full alpha units'><div class='post-entry post-entry-type-page post-entry-12786'><div class='entry-content-wrapper clearfix'>\n<\/div><\/div><\/main><!-- close content main element --><\/div><\/div><div id='av_section_2'  class='avia-section av-1n2h9-eef07d2470a934665895b572bc96122f main_color avia-section-default avia-no-border-styling  avia-builder-el-1  el_after_av_section  el_before_av_codeblock  section-leadtext onecol avia-bg-style-scroll container_wrap fullsize'  ><div class='container av-section-cont-open' ><div class='template-page content  av-content-full alpha units'><div class='post-entry post-entry-type-page post-entry-12786'><div class='entry-content-wrapper clearfix'>\n<section  class='av_textblock_section av-kbawhdx8-aafd6986f60364d4af7d68b05c94543c '   itemscope=\"itemscope\" itemtype=\"https:\/\/schema.org\/CreativeWork\" ><div class='avia_textblock'  itemprop=\"text\" ><p style=\"text-align: center;\" data-mce-style=\"text-align: center;\"><strong>RANDONNEES NUMERO 10<br \/><\/strong><\/p>\n<h3 style=\"text-align: center;\" data-mce-style=\"text-align: center;\">CIRCUIT DE RANDONNEE DE MOOSALP<\/h3>\n<\/div><\/section>\n\n<style type=\"text\/css\" data-created_by=\"avia_inline_auto\" id=\"style-css-av-kbax4bbr-27f78f1f5574462b1f9eaf8ccb6701aa\">\n#top .hr.hr-invisible.av-kbax4bbr-27f78f1f5574462b1f9eaf8ccb6701aa{\nheight:25px;\n}\n<\/style>\n<div  class='hr av-kbax4bbr-27f78f1f5574462b1f9eaf8ccb6701aa hr-invisible  avia-builder-el-3  el_after_av_textblock  el_before_av_textblock '><span class='hr-inner '><span class=\"hr-inner-style\"><\/span><\/span><\/div>\n<section  class='av_textblock_section av-kb9j7yy8-cb52267f29ec33a0cbd1cb12b1aeb1b9 '   itemscope=\"itemscope\" itemtype=\"https:\/\/schema.org\/CreativeWork\" ><div class='avia_textblock lead'  itemprop=\"text\" ><p>L\u2019un des circuits de randonn\u00e9e les plus populaires de la r\u00e9gion d\u2019Augstbord est celui de Brandalp \u2013 Moosalp. Une fois confortablement arriv\u00e9(e) \u00e0 Brandalp par t\u00e9l\u00e9si\u00e8ge, suivez d\u2019abord bri\u00e8vement la route foresti\u00e8re \u00e0 gauche de la station sup\u00e9rieure en direction de B\u00fcrchen. Au niveau du d\u00e9p\u00f4t de bois, le chemin bifurque vers la droite en direction de l\u2019\u00abAlte Suon\u00bb. Apr\u00e8s avoir travers\u00e9 le L\u00f6\u00fcbbach, le chemin continue \u00e0 monter en serpentins et passe \u00e0 travers la for\u00eat fra\u00eeche par ltschuggustafel (1898\u00a0m d\u2019altitude) pour rejoindre l\u2019alpage de B\u00fcrchen. De l\u00e0, il n\u2019y a qu\u2019une courte mont\u00e9e jusqu\u00a0\u2019\u00e0 Chalte Brunne, le centre de Moosalp (2048m d\u2019altitude). Puis l\u2019on s&rsquo;arr\u00eate dans l\u2019un des deux restaurants populaires.<\/p>\n<p>Fra\u00eechement ragaillardi, on continue vers le magnifique point de vue du \u00abStand\u00bb (2121\u00a0m au-dessus de la mer). Ici, on peut profiter d\u2019une vue panoramique ph\u00e9nom\u00e9nale sur le Valais et les Alpes bernoises. La visite continue par les deux lacs de montagne idylliques Bonigersee et Breitmattusee. En passant par Eischmatte, le chemin serpente \u00e0 travers la for\u00eat fra\u00eeche et au-dessus de la zone de chalets de B\u00fcrchen jusqu\u2019au Ronbach. Apr\u00e8s avoir travers\u00e9 ce dernier, le chemin longe l\u2019\u00abAlte Suon\u00bb avant de revenir \u00e0 Brandalp.\u00a0 De Brandalp, vous pouvez soit prendre le t\u00e9l\u00e9si\u00e8ge jusqu\u2019\u00e0 Unterb\u00e4ch, soit louer une trottinette, soit faire la descente \u00e0 pied.<\/p>\n<\/div><\/section>\n\n<style type=\"text\/css\" data-created_by=\"avia_inline_auto\" id=\"style-css-av-kbax4bbr-1-5a8ac6f69941ae208175a263e4cae52b\">\n#top .hr.hr-invisible.av-kbax4bbr-1-5a8ac6f69941ae208175a263e4cae52b{\nheight:25px;\n}\n<\/style>\n<div  class='hr av-kbax4bbr-1-5a8ac6f69941ae208175a263e4cae52b hr-invisible  avia-builder-el-5  el_after_av_textblock  el_before_av_textblock '><span class='hr-inner '><span class=\"hr-inner-style\"><\/span><\/span><\/div>\n<section  class='av_textblock_section av-kbawhdx8-2-c3aaa1f96d560bfd9e44117b9617de7b '   itemscope=\"itemscope\" itemtype=\"https:\/\/schema.org\/CreativeWork\" ><div class='avia_textblock lead'  itemprop=\"text\" ><h5>DETAIL DU TOUR:<\/h5>\n<ul>\n<li style=\"text-align: left;\" data-mce-style=\"text-align: left;\"><span data-contrast=\"auto\"><strong>Dur\u00e9e de la randonn\u00e9e:<\/strong> 4h 58\u00a0<\/span><span data-contrast=\"auto\"> (\u2191766 m \u2193766<\/span><span data-contrast=\"auto\">\u00a0m<\/span><span data-ccp-props=\"{\">)<\/span><\/li>\n<li style=\"text-align: left;\" data-mce-style=\"text-align: left;\"><span data-contrast=\"auto\"><strong>Itin\u00e9raire:<\/strong> Brandalp \u2013 L\u00f6\u00fcbbach <\/span><span data-contrast=\"auto\">\u2013 Moosalp <\/span><span data-contrast=\"auto\">\u2013 <\/span><span data-contrast=\"auto\">Stand<\/span><span data-contrast=\"auto\"> \u2013 Bonigersee <\/span><span data-ccp-props=\"{\"><span data-contrast=\"auto\">\u2013 Breitmattusee \u2013 Breitmatte \u2013 Eischmatte \u2013 zone chalet de B\u00fcrchen \u2013 Waldstafel \u2013 L\u00f6\u00fcbbach \u2013 Brandalp<\/span><\/span><\/li>\n<\/ul>\n<\/div><\/section>\n<\/div><\/div><\/div><!-- close content main div --><\/div><\/div><div id='after_section_2'  class='main_color av_default_container_wrap container_wrap fullsize'  ><div class='container av-section-cont-open' ><div class='template-page content  av-content-full alpha units'><div class='post-entry post-entry-type-page post-entry-12786'><div class='entry-content-wrapper clearfix'>\n\n<div  class='hr av-2wb06i-16d7ec4028013018931f1eb5b85ddddc hr-default  avia-builder-el-8  el_after_av_codeblock  el_before_av_one_full '><span class='hr-inner '><span class=\"hr-inner-style\"><\/span><\/span><\/div>\n\n<style type=\"text\/css\" data-created_by=\"avia_inline_auto\" id=\"style-css-av-kbujysp3-bb5986012cdba25cfd25bc18cd1575b4\">\n.flex_column.av-kbujysp3-bb5986012cdba25cfd25bc18cd1575b4{\nborder-radius:0px 0px 0px 0px;\npadding:0px 0px 0px 0px;\n}\n<\/style>\n<div  class='flex_column av-kbujysp3-bb5986012cdba25cfd25bc18cd1575b4 av_one_full  avia-builder-el-9  el_after_av_hr  avia-builder-el-last  gallery-masonry first flex_column_div av-zero-column-padding  '     ><div id='av-masonry-1' class='av-masonry av-kbrrgn31-8efb432d3704f04bebf2fc849c347667 noHover av-fixed-size av-large-gap av-hover-overlay-active av-masonry-animation-active av-masonry-col-3 av-caption-always av-caption-style- av-masonry-gallery ' data-post_id=\"12786\"><div class=\"av-masonry-container isotope av-js-disabled\"><div class='av-masonry-entry isotope-item av-masonry-item-no-image '><\/div><a href=\"https:\/\/unterbaech.ch\/wp-content\/uploads\/2020\/07\/Foto-4-1618x1080.jpg\" data-srcset=\"https:\/\/unterbaech.ch\/wp-content\/uploads\/2020\/07\/Foto-4-1618x1080.jpg 1618w, https:\/\/unterbaech.ch\/wp-content\/uploads\/2020\/07\/Foto-4-1024x684.jpg 1024w, https:\/\/unterbaech.ch\/wp-content\/uploads\/2020\/07\/Foto-4-768x513.jpg 768w, https:\/\/unterbaech.ch\/wp-content\/uploads\/2020\/07\/Foto-4-1536x1025.jpg 1536w, https:\/\/unterbaech.ch\/wp-content\/uploads\/2020\/07\/Foto-4-2048x1367.jpg 2048w, https:\/\/unterbaech.ch\/wp-content\/uploads\/2020\/07\/Foto-4-1500x1001.jpg 1500w, https:\/\/unterbaech.ch\/wp-content\/uploads\/2020\/07\/Foto-4-705x471.jpg 705w, https:\/\/unterbaech.ch\/wp-content\/uploads\/2020\/07\/Foto-4.jpg 1920w\" data-sizes=\"(max-width: 1500px) 100vw, 1500px\"  aria-label=\"image Foto (4)\"  id='av-masonry-1-item-4651' data-av-masonry-item='4651' class='av-masonry-entry isotope-item post-4651 attachment type-attachment status-inherit hentry  av-masonry-item-with-image av-grid-img' title=\"Foto (4)\" alt=\"\"    itemprop=\"thumbnailUrl\" ><div class='av-inner-masonry-sizer'><\/div><figure class='av-inner-masonry main_color'><div class=\"av-masonry-outerimage-container\"><div class='av-masonry-image-container' style=\"background-image: url(https:\/\/unterbaech.ch\/wp-content\/uploads\/2020\/07\/Foto-4-705x471.jpg);\"  title=\"Foto (4)\" ><\/div><\/div><\/figure><\/a><!--end av-masonry entry--><a href=\"https:\/\/unterbaech.ch\/wp-content\/uploads\/2020\/07\/Foto-3-1618x1080.jpg\" data-srcset=\"https:\/\/unterbaech.ch\/wp-content\/uploads\/2020\/07\/Foto-3-1618x1080.jpg 1618w, https:\/\/unterbaech.ch\/wp-content\/uploads\/2020\/07\/Foto-3-1024x684.jpg 1024w, https:\/\/unterbaech.ch\/wp-content\/uploads\/2020\/07\/Foto-3-768x513.jpg 768w, https:\/\/unterbaech.ch\/wp-content\/uploads\/2020\/07\/Foto-3-1536x1025.jpg 1536w, https:\/\/unterbaech.ch\/wp-content\/uploads\/2020\/07\/Foto-3-2048x1367.jpg 2048w, https:\/\/unterbaech.ch\/wp-content\/uploads\/2020\/07\/Foto-3-1500x1001.jpg 1500w, https:\/\/unterbaech.ch\/wp-content\/uploads\/2020\/07\/Foto-3-705x471.jpg 705w, https:\/\/unterbaech.ch\/wp-content\/uploads\/2020\/07\/Foto-3.jpg 1920w\" data-sizes=\"(max-width: 1500px) 100vw, 1500px\"  aria-label=\"image Foto (3)\"  id='av-masonry-1-item-4648' data-av-masonry-item='4648' class='av-masonry-entry isotope-item post-4648 attachment type-attachment status-inherit hentry  av-masonry-item-with-image av-grid-img' title=\"Foto (3)\" alt=\"\"    itemprop=\"thumbnailUrl\" ><div class='av-inner-masonry-sizer'><\/div><figure class='av-inner-masonry main_color'><div class=\"av-masonry-outerimage-container\"><div class='av-masonry-image-container' style=\"background-image: url(https:\/\/unterbaech.ch\/wp-content\/uploads\/2020\/07\/Foto-3-705x471.jpg);\"  title=\"Foto (3)\" ><\/div><\/div><\/figure><\/a><!--end av-masonry entry--><a href=\"https:\/\/unterbaech.ch\/wp-content\/uploads\/Kuh_moosalp-1620x1080.jpg\" data-srcset=\"https:\/\/unterbaech.ch\/wp-content\/uploads\/Kuh_moosalp-1620x1080.jpg 1620w, https:\/\/unterbaech.ch\/wp-content\/uploads\/Kuh_moosalp-1024x683.jpg 1024w, https:\/\/unterbaech.ch\/wp-content\/uploads\/Kuh_moosalp-768x512.jpg 768w, https:\/\/unterbaech.ch\/wp-content\/uploads\/Kuh_moosalp-1536x1024.jpg 1536w, https:\/\/unterbaech.ch\/wp-content\/uploads\/Kuh_moosalp-2048x1365.jpg 2048w, https:\/\/unterbaech.ch\/wp-content\/uploads\/Kuh_moosalp-1500x1000.jpg 1500w, https:\/\/unterbaech.ch\/wp-content\/uploads\/Kuh_moosalp-705x470.jpg 705w, https:\/\/unterbaech.ch\/wp-content\/uploads\/Kuh_moosalp-scaled.jpg 1920w\" data-sizes=\"(max-width: 1500px) 100vw, 1500px\"  aria-label=\"image Kuh_moosalp\"  id='av-masonry-1-item-6526' data-av-masonry-item='6526' class='av-masonry-entry isotope-item post-6526 attachment type-attachment status-inherit hentry  av-masonry-item-with-image av-grid-img' title=\"Kuh_moosalp\" alt=\"\"    itemprop=\"thumbnailUrl\" ><div class='av-inner-masonry-sizer'><\/div><figure class='av-inner-masonry main_color'><div class=\"av-masonry-outerimage-container\"><div class='av-masonry-image-container' style=\"background-image: url(https:\/\/unterbaech.ch\/wp-content\/uploads\/Kuh_moosalp-705x470.jpg);\"  title=\"Kuh_moosalp\" ><\/div><\/div><\/figure><\/a><!--end av-masonry entry--><a href=\"https:\/\/unterbaech.ch\/wp-content\/uploads\/Moosalp_Breitmattsee.jpg\" data-srcset=\"https:\/\/unterbaech.ch\/wp-content\/uploads\/Moosalp_Breitmattsee.jpg 1280w, https:\/\/unterbaech.ch\/wp-content\/uploads\/Moosalp_Breitmattsee-1024x768.jpg 1024w, https:\/\/unterbaech.ch\/wp-content\/uploads\/Moosalp_Breitmattsee-768x576.jpg 768w, https:\/\/unterbaech.ch\/wp-content\/uploads\/Moosalp_Breitmattsee-705x529.jpg 705w\" data-sizes=\"(max-width: 1280px) 100vw, 1280px\"  aria-label=\"image Moosalp_Breitmattsee\"  id='av-masonry-1-item-6529' data-av-masonry-item='6529' class='av-masonry-entry isotope-item post-6529 attachment type-attachment status-inherit hentry  av-masonry-item-with-image av-grid-img' title=\"Moosalp_Breitmattsee\" alt=\"\"    itemprop=\"thumbnailUrl\" ><div class='av-inner-masonry-sizer'><\/div><figure class='av-inner-masonry main_color'><div class=\"av-masonry-outerimage-container\"><div class='av-masonry-image-container' style=\"background-image: url(https:\/\/unterbaech.ch\/wp-content\/uploads\/Moosalp_Breitmattsee-705x529.jpg);\"  title=\"Moosalp_Breitmattsee\" ><\/div><\/div><\/figure><\/a><!--end av-masonry entry--><\/div><\/div><\/div>\n","protected":false},"excerpt":{"rendered":"","protected":false},"author":8,"featured_media":0,"parent":14246,"menu_order":0,"comment_status":"closed","ping_status":"closed","template":"","meta":{"inline_featured_image":false,"footnotes":""},"class_list":["post-12786","page","type-page","status-publish","hentry"],"yoast_head":"<!-- This site is optimized with the Yoast SEO plugin v27.3 - https:\/\/yoast.com\/product\/yoast-seo-wordpress\/ -->\n<title>Circuit de randonn\u00e9e de Moosalp - Unterb\u00e4ch<\/title>\n<meta name=\"description\" content=\"L\u2019un des circuits de randonn\u00e9e les plus populaires de la r\u00e9gion d\u2019Augstbord est celui de Brandalp \u2013 Moosalp. Une fois confortablement arriv\u00e9(e) \u00e0 Brandalp par t\u00e9l\u00e9si\u00e8ge, suivez d\u2019abord bri\u00e8vement la route foresti\u00e8re \u00e0 gauche de la station sup\u00e9rieure en direction de B\u00fcrchen.\" \/>\n<meta name=\"robots\" content=\"index, follow, max-snippet:-1, max-image-preview:large, max-video-preview:-1\" \/>\n<link rel=\"canonical\" href=\"https:\/\/unterbaech.ch\/fr\/decouvertes-et-experiences\/lete\/randonnees\/chemins-de-randonnee-de-la-region-daugstbord\/circuit-de-randonnee-de-moosalp-long\/\" \/>\n<meta property=\"og:locale\" content=\"fr_FR\" \/>\n<meta property=\"og:type\" content=\"article\" \/>\n<meta property=\"og:title\" content=\"Circuit de randonn\u00e9e de Moosalp - Unterb\u00e4ch\" \/>\n<meta property=\"og:description\" content=\"L\u2019un des circuits de randonn\u00e9e les plus populaires de la r\u00e9gion d\u2019Augstbord est celui de Brandalp \u2013 Moosalp. Une fois confortablement arriv\u00e9(e) \u00e0 Brandalp par t\u00e9l\u00e9si\u00e8ge, suivez d\u2019abord bri\u00e8vement la route foresti\u00e8re \u00e0 gauche de la station sup\u00e9rieure en direction de B\u00fcrchen.\" \/>\n<meta property=\"og:url\" content=\"https:\/\/unterbaech.ch\/fr\/decouvertes-et-experiences\/lete\/randonnees\/chemins-de-randonnee-de-la-region-daugstbord\/circuit-de-randonnee-de-moosalp-long\/\" \/>\n<meta property=\"og:site_name\" content=\"Unterb\u00e4ch\" \/>\n<meta property=\"article:publisher\" content=\"https:\/\/www.facebook.com\/unterbaech\" \/>\n<meta property=\"article:modified_time\" content=\"2026-03-23T12:46:49+00:00\" \/>\n<meta name=\"twitter:card\" content=\"summary_large_image\" \/>\n<meta name=\"twitter:label1\" content=\"Dur\u00e9e de lecture estim\u00e9e\" \/>\n\t<meta name=\"twitter:data1\" content=\"2 minutes\" \/>\n<script type=\"application\/ld+json\" class=\"yoast-schema-graph\">{\"@context\":\"https:\\\/\\\/schema.org\",\"@graph\":[{\"@type\":\"WebPage\",\"@id\":\"https:\\\/\\\/unterbaech.ch\\\/fr\\\/decouvertes-et-experiences\\\/lete\\\/randonnees\\\/chemins-de-randonnee-de-la-region-daugstbord\\\/circuit-de-randonnee-de-moosalp-long\\\/\",\"url\":\"https:\\\/\\\/unterbaech.ch\\\/fr\\\/decouvertes-et-experiences\\\/lete\\\/randonnees\\\/chemins-de-randonnee-de-la-region-daugstbord\\\/circuit-de-randonnee-de-moosalp-long\\\/\",\"name\":\"Circuit de randonn\u00e9e de Moosalp - Unterb\u00e4ch\",\"isPartOf\":{\"@id\":\"https:\\\/\\\/unterbaech.ch\\\/fr\\\/#website\"},\"datePublished\":\"2021-05-14T12:37:14+00:00\",\"dateModified\":\"2026-03-23T12:46:49+00:00\",\"description\":\"L\u2019un des circuits de randonn\u00e9e les plus populaires de la r\u00e9gion d\u2019Augstbord est celui de Brandalp \u2013 Moosalp. Une fois confortablement arriv\u00e9(e) \u00e0 Brandalp par t\u00e9l\u00e9si\u00e8ge, suivez d\u2019abord bri\u00e8vement la route foresti\u00e8re \u00e0 gauche de la station sup\u00e9rieure en direction de B\u00fcrchen.\",\"breadcrumb\":{\"@id\":\"https:\\\/\\\/unterbaech.ch\\\/fr\\\/decouvertes-et-experiences\\\/lete\\\/randonnees\\\/chemins-de-randonnee-de-la-region-daugstbord\\\/circuit-de-randonnee-de-moosalp-long\\\/#breadcrumb\"},\"inLanguage\":\"fr-FR\",\"potentialAction\":[{\"@type\":\"ReadAction\",\"target\":[\"https:\\\/\\\/unterbaech.ch\\\/fr\\\/decouvertes-et-experiences\\\/lete\\\/randonnees\\\/chemins-de-randonnee-de-la-region-daugstbord\\\/circuit-de-randonnee-de-moosalp-long\\\/\"]}]},{\"@type\":\"BreadcrumbList\",\"@id\":\"https:\\\/\\\/unterbaech.ch\\\/fr\\\/decouvertes-et-experiences\\\/lete\\\/randonnees\\\/chemins-de-randonnee-de-la-region-daugstbord\\\/circuit-de-randonnee-de-moosalp-long\\\/#breadcrumb\",\"itemListElement\":[{\"@type\":\"ListItem\",\"position\":1,\"name\":\"Startseite\",\"item\":\"https:\\\/\\\/unterbaech.ch\\\/fr\\\/accueil\\\/\"},{\"@type\":\"ListItem\",\"position\":2,\"name\":\"D\u00e9couvertes et exp\u00e9riences\",\"item\":\"https:\\\/\\\/unterbaech.ch\\\/fr\\\/decouvertes-et-experiences\\\/\"},{\"@type\":\"ListItem\",\"position\":3,\"name\":\"L&#8217;\u00e9te\",\"item\":\"https:\\\/\\\/unterbaech.ch\\\/fr\\\/unterbaech\\\/sommer\\\/\"},{\"@type\":\"ListItem\",\"position\":4,\"name\":\"Randonn\u00e9es\",\"item\":\"https:\\\/\\\/unterbaech.ch\\\/fr\\\/unterbaech\\\/sommer\\\/wandern\\\/\"},{\"@type\":\"ListItem\",\"position\":5,\"name\":\"Chemins de randonn\u00e9e de la r\u00e9gion d&#8217;Augstbord\",\"item\":\"https:\\\/\\\/unterbaech.ch\\\/fr\\\/unterbaech\\\/sommer\\\/wandern\\\/wanderwege-augstbordregion\\\/\"},{\"@type\":\"ListItem\",\"position\":6,\"name\":\"Circuit de randonn\u00e9e de Moosalp\"}]},{\"@type\":\"WebSite\",\"@id\":\"https:\\\/\\\/unterbaech.ch\\\/fr\\\/#website\",\"url\":\"https:\\\/\\\/unterbaech.ch\\\/fr\\\/\",\"name\":\"Unterb\u00e4ch\",\"description\":\"\",\"publisher\":{\"@id\":\"https:\\\/\\\/unterbaech.ch\\\/fr\\\/#organization\"},\"potentialAction\":[{\"@type\":\"SearchAction\",\"target\":{\"@type\":\"EntryPoint\",\"urlTemplate\":\"https:\\\/\\\/unterbaech.ch\\\/fr\\\/?s={search_term_string}\"},\"query-input\":{\"@type\":\"PropertyValueSpecification\",\"valueRequired\":true,\"valueName\":\"search_term_string\"}}],\"inLanguage\":\"fr-FR\"},{\"@type\":\"Organization\",\"@id\":\"https:\\\/\\\/unterbaech.ch\\\/fr\\\/#organization\",\"name\":\"Unterb\u00e4ch Tourismus\",\"url\":\"https:\\\/\\\/unterbaech.ch\\\/fr\\\/\",\"logo\":{\"@type\":\"ImageObject\",\"inLanguage\":\"fr-FR\",\"@id\":\"https:\\\/\\\/unterbaech.ch\\\/fr\\\/#\\\/schema\\\/logo\\\/image\\\/\",\"url\":\"https:\\\/\\\/unterbaech.ch\\\/wp-content\\\/uploads\\\/Logo-1.png\",\"contentUrl\":\"https:\\\/\\\/unterbaech.ch\\\/wp-content\\\/uploads\\\/Logo-1.png\",\"width\":1125,\"height\":1102,\"caption\":\"Unterb\u00e4ch Tourismus\"},\"image\":{\"@id\":\"https:\\\/\\\/unterbaech.ch\\\/fr\\\/#\\\/schema\\\/logo\\\/image\\\/\"},\"sameAs\":[\"https:\\\/\\\/www.facebook.com\\\/unterbaech\",\"https:\\\/\\\/www.instagram.com\\\/visit.unterbaech\\\/\",\"https:\\\/\\\/de.wikipedia.org\\\/wiki\\\/Unterb\u00e4ch\"]}]}<\/script>\n<!-- \/ Yoast SEO plugin. -->","yoast_head_json":{"title":"Circuit de randonn\u00e9e de Moosalp - Unterb\u00e4ch","description":"L\u2019un des circuits de randonn\u00e9e les plus populaires de la r\u00e9gion d\u2019Augstbord est celui de Brandalp \u2013 Moosalp. Une fois confortablement arriv\u00e9(e) \u00e0 Brandalp par t\u00e9l\u00e9si\u00e8ge, suivez d\u2019abord bri\u00e8vement la route foresti\u00e8re \u00e0 gauche de la station sup\u00e9rieure en direction de B\u00fcrchen.","robots":{"index":"index","follow":"follow","max-snippet":"max-snippet:-1","max-image-preview":"max-image-preview:large","max-video-preview":"max-video-preview:-1"},"canonical":"https:\/\/unterbaech.ch\/fr\/decouvertes-et-experiences\/lete\/randonnees\/chemins-de-randonnee-de-la-region-daugstbord\/circuit-de-randonnee-de-moosalp-long\/","og_locale":"fr_FR","og_type":"article","og_title":"Circuit de randonn\u00e9e de Moosalp - Unterb\u00e4ch","og_description":"L\u2019un des circuits de randonn\u00e9e les plus populaires de la r\u00e9gion d\u2019Augstbord est celui de Brandalp \u2013 Moosalp. Une fois confortablement arriv\u00e9(e) \u00e0 Brandalp par t\u00e9l\u00e9si\u00e8ge, suivez d\u2019abord bri\u00e8vement la route foresti\u00e8re \u00e0 gauche de la station sup\u00e9rieure en direction de B\u00fcrchen.","og_url":"https:\/\/unterbaech.ch\/fr\/decouvertes-et-experiences\/lete\/randonnees\/chemins-de-randonnee-de-la-region-daugstbord\/circuit-de-randonnee-de-moosalp-long\/","og_site_name":"Unterb\u00e4ch","article_publisher":"https:\/\/www.facebook.com\/unterbaech","article_modified_time":"2026-03-23T12:46:49+00:00","twitter_card":"summary_large_image","twitter_misc":{"Dur\u00e9e de lecture estim\u00e9e":"2 minutes"},"schema":{"@context":"https:\/\/schema.org","@graph":[{"@type":"WebPage","@id":"https:\/\/unterbaech.ch\/fr\/decouvertes-et-experiences\/lete\/randonnees\/chemins-de-randonnee-de-la-region-daugstbord\/circuit-de-randonnee-de-moosalp-long\/","url":"https:\/\/unterbaech.ch\/fr\/decouvertes-et-experiences\/lete\/randonnees\/chemins-de-randonnee-de-la-region-daugstbord\/circuit-de-randonnee-de-moosalp-long\/","name":"Circuit de randonn\u00e9e de Moosalp - Unterb\u00e4ch","isPartOf":{"@id":"https:\/\/unterbaech.ch\/fr\/#website"},"datePublished":"2021-05-14T12:37:14+00:00","dateModified":"2026-03-23T12:46:49+00:00","description":"L\u2019un des circuits de randonn\u00e9e les plus populaires de la r\u00e9gion d\u2019Augstbord est celui de Brandalp \u2013 Moosalp. Une fois confortablement arriv\u00e9(e) \u00e0 Brandalp par t\u00e9l\u00e9si\u00e8ge, suivez d\u2019abord bri\u00e8vement la route foresti\u00e8re \u00e0 gauche de la station sup\u00e9rieure en direction de B\u00fcrchen.","breadcrumb":{"@id":"https:\/\/unterbaech.ch\/fr\/decouvertes-et-experiences\/lete\/randonnees\/chemins-de-randonnee-de-la-region-daugstbord\/circuit-de-randonnee-de-moosalp-long\/#breadcrumb"},"inLanguage":"fr-FR","potentialAction":[{"@type":"ReadAction","target":["https:\/\/unterbaech.ch\/fr\/decouvertes-et-experiences\/lete\/randonnees\/chemins-de-randonnee-de-la-region-daugstbord\/circuit-de-randonnee-de-moosalp-long\/"]}]},{"@type":"BreadcrumbList","@id":"https:\/\/unterbaech.ch\/fr\/decouvertes-et-experiences\/lete\/randonnees\/chemins-de-randonnee-de-la-region-daugstbord\/circuit-de-randonnee-de-moosalp-long\/#breadcrumb","itemListElement":[{"@type":"ListItem","position":1,"name":"Startseite","item":"https:\/\/unterbaech.ch\/fr\/accueil\/"},{"@type":"ListItem","position":2,"name":"D\u00e9couvertes et exp\u00e9riences","item":"https:\/\/unterbaech.ch\/fr\/decouvertes-et-experiences\/"},{"@type":"ListItem","position":3,"name":"L&#8217;\u00e9te","item":"https:\/\/unterbaech.ch\/fr\/unterbaech\/sommer\/"},{"@type":"ListItem","position":4,"name":"Randonn\u00e9es","item":"https:\/\/unterbaech.ch\/fr\/unterbaech\/sommer\/wandern\/"},{"@type":"ListItem","position":5,"name":"Chemins de randonn\u00e9e de la r\u00e9gion d&#8217;Augstbord","item":"https:\/\/unterbaech.ch\/fr\/unterbaech\/sommer\/wandern\/wanderwege-augstbordregion\/"},{"@type":"ListItem","position":6,"name":"Circuit de randonn\u00e9e de Moosalp"}]},{"@type":"WebSite","@id":"https:\/\/unterbaech.ch\/fr\/#website","url":"https:\/\/unterbaech.ch\/fr\/","name":"Unterb\u00e4ch","description":"","publisher":{"@id":"https:\/\/unterbaech.ch\/fr\/#organization"},"potentialAction":[{"@type":"SearchAction","target":{"@type":"EntryPoint","urlTemplate":"https:\/\/unterbaech.ch\/fr\/?s={search_term_string}"},"query-input":{"@type":"PropertyValueSpecification","valueRequired":true,"valueName":"search_term_string"}}],"inLanguage":"fr-FR"},{"@type":"Organization","@id":"https:\/\/unterbaech.ch\/fr\/#organization","name":"Unterb\u00e4ch Tourismus","url":"https:\/\/unterbaech.ch\/fr\/","logo":{"@type":"ImageObject","inLanguage":"fr-FR","@id":"https:\/\/unterbaech.ch\/fr\/#\/schema\/logo\/image\/","url":"https:\/\/unterbaech.ch\/wp-content\/uploads\/Logo-1.png","contentUrl":"https:\/\/unterbaech.ch\/wp-content\/uploads\/Logo-1.png","width":1125,"height":1102,"caption":"Unterb\u00e4ch Tourismus"},"image":{"@id":"https:\/\/unterbaech.ch\/fr\/#\/schema\/logo\/image\/"},"sameAs":["https:\/\/www.facebook.com\/unterbaech","https:\/\/www.instagram.com\/visit.unterbaech\/","https:\/\/de.wikipedia.org\/wiki\/Unterb\u00e4ch"]}]}},"_links":{"self":[{"href":"https:\/\/unterbaech.ch\/fr\/wp-json\/wp\/v2\/pages\/12786","targetHints":{"allow":["GET"]}}],"collection":[{"href":"https:\/\/unterbaech.ch\/fr\/wp-json\/wp\/v2\/pages"}],"about":[{"href":"https:\/\/unterbaech.ch\/fr\/wp-json\/wp\/v2\/types\/page"}],"author":[{"embeddable":true,"href":"https:\/\/unterbaech.ch\/fr\/wp-json\/wp\/v2\/users\/8"}],"replies":[{"embeddable":true,"href":"https:\/\/unterbaech.ch\/fr\/wp-json\/wp\/v2\/comments?post=12786"}],"version-history":[{"count":11,"href":"https:\/\/unterbaech.ch\/fr\/wp-json\/wp\/v2\/pages\/12786\/revisions"}],"predecessor-version":[{"id":29418,"href":"https:\/\/unterbaech.ch\/fr\/wp-json\/wp\/v2\/pages\/12786\/revisions\/29418"}],"up":[{"embeddable":true,"href":"https:\/\/unterbaech.ch\/fr\/wp-json\/wp\/v2\/pages\/14246"}],"wp:attachment":[{"href":"https:\/\/unterbaech.ch\/fr\/wp-json\/wp\/v2\/media?parent=12786"}],"curies":[{"name":"wp","href":"https:\/\/api.w.org\/{rel}","templated":true}]}}