{"id":12795,"date":"2021-05-14T15:56:53","date_gmt":"2021-05-14T13:56:53","guid":{"rendered":"https:\/\/unterbaech.ch\/sentier-des-sculptures\/"},"modified":"2026-03-23T14:00:50","modified_gmt":"2026-03-23T13:00:50","slug":"sentier-des-sculptures","status":"publish","type":"page","link":"https:\/\/unterbaech.ch\/fr\/decouvertes-et-experiences\/lete\/randonnees\/sentiers-educatifs-et-thematiques\/sentier-des-sculptures\/","title":{"rendered":"Sentier des sculptures"},"content":{"rendered":"\n<style type=\"text\/css\" data-created_by=\"avia_inline_auto\" id=\"style-css-av-kbax8y3e-53f83998f1ad35a9707043d8ceca491f\">\n.avia-section.av-kbax8y3e-53f83998f1ad35a9707043d8ceca491f .av-parallax .av-parallax-inner{\nbackground-repeat:no-repeat;\nbackground-image:url(https:\/\/unterbaech.ch\/wp-content\/uploads\/DSC07595_\u00a9marcoschnyder.jpg);\nbackground-position:50% 50%;\nbackground-attachment:scroll;\n}\n<\/style>\n<div id='av_section_1'  class='avia-section av-kbax8y3e-53f83998f1ad35a9707043d8ceca491f main_color avia-section-default avia-no-border-styling  avia-builder-el-0  el_before_av_section  avia-builder-el-first  section-fullwidthimage avia-full-stretch av-parallax-section avia-bg-style-parallax av-minimum-height av-minimum-height-50 av-height-50  container_wrap fullsize'  data-section-bg-repeat='stretch' data-av_minimum_height_pc='50' data-av_min_height_opt='50'><div class='av-parallax' data-avia-parallax-ratio='0.3' ><div class='av-parallax-inner main_color avia-full-stretch'><\/div><\/div><div class='container av-section-cont-open' ><main  role=\"main\" itemprop=\"mainContentOfPage\"  class='template-page content  av-content-full alpha units'><div class='post-entry post-entry-type-page post-entry-12795'><div class='entry-content-wrapper clearfix'>\n<\/div><\/div><\/main><!-- close content main element --><\/div><\/div><div id='av_section_2'  class='avia-section av-1n2h9-eef07d2470a934665895b572bc96122f main_color avia-section-default avia-no-border-styling  avia-builder-el-1  el_after_av_section  el_before_av_codeblock  section-leadtext onecol avia-bg-style-scroll container_wrap fullsize'  ><div class='container av-section-cont-open' ><div class='template-page content  av-content-full alpha units'><div class='post-entry post-entry-type-page post-entry-12795'><div class='entry-content-wrapper clearfix'>\n<section  class='av_textblock_section av-kbawhdx8-9a55faeefcbf4e8706dea9c49b9010c2 '   itemscope=\"itemscope\" itemtype=\"https:\/\/schema.org\/CreativeWork\" ><div class='avia_textblock'  itemprop=\"text\" ><p style=\"text-align: center;\"><strong>SENTIER TH\u00c9MATIQUE<br \/>\n<\/strong><\/p>\n<h3 style=\"text-align: center;\">SENTIER DES SCULPTURES<\/h3>\n<\/div><\/section>\n<section  class='av_textblock_section av-kb9j7yy8-cb52267f29ec33a0cbd1cb12b1aeb1b9 '   itemscope=\"itemscope\" itemtype=\"https:\/\/schema.org\/CreativeWork\" ><div class='avia_textblock lead'  itemprop=\"text\" ><p>23\u00a0sculptures ouvrent une fen\u00eatre sur le monde. L\u2019un des plus petits symposiums de sculpture au monde a eu lieu \u00e0 Unterb\u00e4ch en 2016 et 2018. Les sculptures cr\u00e9\u00e9es pour l\u2019occasion se laissent d\u00e9couvrir sur un circuit de randonn\u00e9e. Les codes QR sur les sculptures donnent des informations sur les id\u00e9es des artistes et les th\u00e8mes trait\u00e9s. Une brochure d\u2019information est \u00e9galement disponible \u00e0 l\u2019office du tourisme. Le circuit de randonn\u00e9e commence par la 1<sup>ere<\/sup> sculpture, sur le parking \u00e0 l\u2019entr\u00e9e du village, puis il traverse la place de l\u2019\u00e9glise, monte sur la gauche \u00e0 travers le Parc des bisses puis redescend sur la route \u00e9troite derri\u00e8re celui-ci pour rejoindre la Dorfstrasse. En direction de l\u2019ouest, il faut suivre la route jusqu\u2019au croisement de la centrale \u00e9lectrique, o\u00f9 l\u2019on tourne \u00e0 droite. Apr\u00e8s un virage \u00e0 180 degr\u00e9s dans Niwwe Stube, la route est d\u2019abord plate avant de remonter l\u00e9g\u00e8rement vers le centre du village. A la maison d&rsquo;\u00e9cole on descend \u00e0 gauche et on suit la route jusqu\u2019\u00e0 la route cantonale. Peu apr\u00e8s le Sporthotel Walliserhof, vous trouverez la sculpture n<sup>o<\/sup>\u00a021. Les sculptures 22 et 23 se trouvent dans la Fromattastrasse (n\u00b0 22) et sur le Brandalp (n<sup>o<\/sup>\u00a023), \u00e0 l\u2019ext\u00e9rieur de ce circuit de randonn\u00e9e. La plupart des sculptures sont \u00e0 vendre, si vous \u00eates int\u00e9ress\u00e9(e).<\/p>\n<\/div><\/section>\n\n<style type=\"text\/css\" data-created_by=\"avia_inline_auto\" id=\"style-css-av-kfljen96-4ec58d9caf46d5aa43d9301b595e9755\">\n#top .hr.hr-invisible.av-kfljen96-4ec58d9caf46d5aa43d9301b595e9755{\nheight:25px;\n}\n<\/style>\n<div  class='hr av-kfljen96-4ec58d9caf46d5aa43d9301b595e9755 hr-invisible  avia-builder-el-4  el_after_av_textblock  el_before_av_textblock '><span class='hr-inner '><span class=\"hr-inner-style\"><\/span><\/span><\/div>\n<section  class='av_textblock_section av-kbawhdx8-1-7f120ecd892d91d6d833ed1e4a1c73d9 '   itemscope=\"itemscope\" itemtype=\"https:\/\/schema.org\/CreativeWork\" ><div class='avia_textblock lead'  itemprop=\"text\" ><h5>DETAIL DU TOUR:<\/h5>\n<ul>\n<li><span data-contrast=\"auto\"><strong>Dur\u00e9e de la randonn\u00e9e:<\/strong> 1h<\/span><\/li>\n<li><span data-contrast=\"auto\"><strong>Itin\u00e9raire: <\/strong>Randonn\u00e9e de boucle <\/span><\/li>\n<\/ul>\n<\/div><\/section>\n<\/div><\/div><\/div><!-- close content main div --><\/div><\/div><div id='after_section_2'  class='main_color av_default_container_wrap container_wrap fullsize'  ><div class='container av-section-cont-open' ><div class='template-page content  av-content-full alpha units'><div class='post-entry post-entry-type-page post-entry-12795'><div class='entry-content-wrapper clearfix'>\n\n\n<style type=\"text\/css\" data-created_by=\"avia_inline_auto\" id=\"style-css-av-kbax4bbr-27f78f1f5574462b1f9eaf8ccb6701aa\">\n#top .hr.hr-invisible.av-kbax4bbr-27f78f1f5574462b1f9eaf8ccb6701aa{\nheight:25px;\n}\n<\/style>\n<div  class='hr av-kbax4bbr-27f78f1f5574462b1f9eaf8ccb6701aa hr-invisible  avia-builder-el-7  el_after_av_codeblock  el_before_av_one_full '><span class='hr-inner '><span class=\"hr-inner-style\"><\/span><\/span><\/div>\n\n<style type=\"text\/css\" data-created_by=\"avia_inline_auto\" id=\"style-css-av-kbujysp3-bb5986012cdba25cfd25bc18cd1575b4\">\n.flex_column.av-kbujysp3-bb5986012cdba25cfd25bc18cd1575b4{\nborder-radius:0px 0px 0px 0px;\npadding:0px 0px 0px 0px;\n}\n<\/style>\n<div  class='flex_column av-kbujysp3-bb5986012cdba25cfd25bc18cd1575b4 av_one_full  avia-builder-el-8  el_after_av_hr  avia-builder-el-last  gallery-masonry first flex_column_div av-zero-column-padding  '     ><div id='av-masonry-1' class='av-masonry av-kbrrgn31-777d67fca51813afb6416b8555dd03b2 noHover av-fixed-size av-large-gap av-hover-overlay-active av-masonry-animation-active av-masonry-col-3 av-caption-always av-caption-style- av-masonry-gallery ' data-post_id=\"12795\"><div class=\"av-masonry-container isotope av-js-disabled\"><div class='av-masonry-entry isotope-item av-masonry-item-no-image '><\/div><a href=\"https:\/\/unterbaech.ch\/wp-content\/uploads\/2020\/06\/e.-Skulptur-1.jpg\" data-srcset=\"https:\/\/unterbaech.ch\/wp-content\/uploads\/2020\/06\/e.-Skulptur-1.jpg 1200w, https:\/\/unterbaech.ch\/wp-content\/uploads\/2020\/06\/e.-Skulptur-1-1024x683.jpg 1024w, https:\/\/unterbaech.ch\/wp-content\/uploads\/2020\/06\/e.-Skulptur-1-768x512.jpg 768w, https:\/\/unterbaech.ch\/wp-content\/uploads\/2020\/06\/e.-Skulptur-1-705x470.jpg 705w\" data-sizes=\"(max-width: 1200px) 100vw, 1200px\"  aria-label=\"image e. Skulptur\"  id='av-masonry-1-item-1310' data-av-masonry-item='1310' class='av-masonry-entry isotope-item post-1310 attachment type-attachment status-inherit hentry  av-masonry-item-with-image av-grid-img' title=\"e. Skulptur\" alt=\"Skulpturen Unterb\u00e4ch\"    itemprop=\"thumbnailUrl\" ><div class='av-inner-masonry-sizer'><\/div><figure class='av-inner-masonry main_color'><div class=\"av-masonry-outerimage-container\"><div class='av-masonry-image-container' style=\"background-image: url(https:\/\/unterbaech.ch\/wp-content\/uploads\/2020\/06\/e.-Skulptur-1-705x470.jpg);\"  title=\"e. Skulptur\" ><\/div><\/div><\/figure><\/a><!--end av-masonry entry--><a href=\"https:\/\/unterbaech.ch\/wp-content\/uploads\/DSC07606_\u00a9marcoschnyder-1619x1080.jpg\" data-srcset=\"https:\/\/unterbaech.ch\/wp-content\/uploads\/DSC07606_\u00a9marcoschnyder-1619x1080.jpg 1619w, https:\/\/unterbaech.ch\/wp-content\/uploads\/DSC07606_\u00a9marcoschnyder-1024x683.jpg 1024w, https:\/\/unterbaech.ch\/wp-content\/uploads\/DSC07606_\u00a9marcoschnyder-768x512.jpg 768w, https:\/\/unterbaech.ch\/wp-content\/uploads\/DSC07606_\u00a9marcoschnyder-1536x1025.jpg 1536w, https:\/\/unterbaech.ch\/wp-content\/uploads\/DSC07606_\u00a9marcoschnyder-1500x1001.jpg 1500w, https:\/\/unterbaech.ch\/wp-content\/uploads\/DSC07606_\u00a9marcoschnyder-705x470.jpg 705w, https:\/\/unterbaech.ch\/wp-content\/uploads\/DSC07606_\u00a9marcoschnyder.jpg 1920w\" data-sizes=\"(max-width: 1500px) 100vw, 1500px\"  aria-label=\"image DSC07606_\u00a9marcoschnyder\"  id='av-masonry-1-item-6075' data-av-masonry-item='6075' class='av-masonry-entry isotope-item post-6075 attachment type-attachment status-inherit hentry  av-masonry-item-with-image av-grid-img' title=\"DSC07606_\u00a9marcoschnyder\" alt=\"Skulpturenweg Unterb\u00e4ch\"    itemprop=\"thumbnailUrl\" ><div class='av-inner-masonry-sizer'><\/div><figure class='av-inner-masonry main_color'><div class=\"av-masonry-outerimage-container\"><div class='av-masonry-image-container' style=\"background-image: url(https:\/\/unterbaech.ch\/wp-content\/uploads\/DSC07606_\u00a9marcoschnyder-705x470.jpg);\"  title=\"DSC07606_\u00a9marcoschnyder\" ><\/div><\/div><\/figure><\/a><!--end av-masonry entry--><a href=\"https:\/\/unterbaech.ch\/wp-content\/uploads\/2020\/06\/c.-Der-Kirche-1.jpg\" data-srcset=\"https:\/\/unterbaech.ch\/wp-content\/uploads\/2020\/06\/c.-Der-Kirche-1.jpg 1200w, https:\/\/unterbaech.ch\/wp-content\/uploads\/2020\/06\/c.-Der-Kirche-1-1024x683.jpg 1024w, https:\/\/unterbaech.ch\/wp-content\/uploads\/2020\/06\/c.-Der-Kirche-1-768x512.jpg 768w, https:\/\/unterbaech.ch\/wp-content\/uploads\/2020\/06\/c.-Der-Kirche-1-705x470.jpg 705w\" data-sizes=\"(max-width: 1200px) 100vw, 1200px\"  aria-label=\"image c. Der Kirche\"  id='av-masonry-1-item-1304' data-av-masonry-item='1304' class='av-masonry-entry isotope-item post-1304 attachment type-attachment status-inherit hentry  av-masonry-item-with-image av-grid-img' title=\"c. Der Kirche\" alt=\"Kirche Unterb\u00e4ch\"    itemprop=\"thumbnailUrl\" ><div class='av-inner-masonry-sizer'><\/div><figure class='av-inner-masonry main_color'><div class=\"av-masonry-outerimage-container\"><div class='av-masonry-image-container' style=\"background-image: url(https:\/\/unterbaech.ch\/wp-content\/uploads\/2020\/06\/c.-Der-Kirche-1-705x470.jpg);\"  title=\"c. Der Kirche\" ><\/div><\/div><\/figure><\/a><!--end av-masonry entry--><\/div><\/div><\/div>\n","protected":false},"excerpt":{"rendered":"<p>Sentier des sculptures in Unterb\u00e4ch<\/p>\n","protected":false},"author":8,"featured_media":8857,"parent":14234,"menu_order":0,"comment_status":"closed","ping_status":"closed","template":"","meta":{"inline_featured_image":false,"footnotes":""},"class_list":["post-12795","page","type-page","status-publish","has-post-thumbnail","hentry"],"yoast_head":"<!-- This site is optimized with the Yoast SEO plugin v27.4 - https:\/\/yoast.com\/product\/yoast-seo-wordpress\/ -->\n<title>Sentier des sculptures<\/title>\n<meta name=\"description\" content=\"23\u00a0sculptures ouvrent une fen\u00eatre sur le monde. L\u2019un des plus petits symposiums de sculpture au monde a eu lieu \u00e0 Unterb\u00e4ch en 2016 et 2018.\" \/>\n<meta name=\"robots\" content=\"index, follow, max-snippet:-1, max-image-preview:large, max-video-preview:-1\" \/>\n<link rel=\"canonical\" href=\"https:\/\/unterbaech.ch\/fr\/decouvertes-et-experiences\/lete\/randonnees\/sentiers-educatifs-et-thematiques\/sentier-des-sculptures\/\" \/>\n<meta property=\"og:locale\" content=\"fr_FR\" \/>\n<meta property=\"og:type\" content=\"article\" \/>\n<meta property=\"og:title\" content=\"Sentier des sculptures\" \/>\n<meta property=\"og:description\" content=\"23\u00a0sculptures ouvrent une fen\u00eatre sur le monde. L\u2019un des plus petits symposiums de sculpture au monde a eu lieu \u00e0 Unterb\u00e4ch en 2016 et 2018.\" \/>\n<meta property=\"og:url\" content=\"https:\/\/unterbaech.ch\/fr\/decouvertes-et-experiences\/lete\/randonnees\/sentiers-educatifs-et-thematiques\/sentier-des-sculptures\/\" \/>\n<meta property=\"og:site_name\" content=\"Unterb\u00e4ch\" \/>\n<meta property=\"article:publisher\" content=\"https:\/\/www.facebook.com\/unterbaech\" \/>\n<meta property=\"article:modified_time\" content=\"2026-03-23T13:00:50+00:00\" \/>\n<meta property=\"og:image\" content=\"https:\/\/unterbaech.ch\/wp-content\/uploads\/DSC01937_marcoschnyder.jpg\" \/>\n\t<meta property=\"og:image:width\" content=\"1920\" \/>\n\t<meta property=\"og:image:height\" content=\"2879\" \/>\n\t<meta property=\"og:image:type\" content=\"image\/jpeg\" \/>\n<meta name=\"twitter:card\" content=\"summary_large_image\" \/>\n<meta name=\"twitter:label1\" content=\"Dur\u00e9e de lecture estim\u00e9e\" \/>\n\t<meta name=\"twitter:data1\" content=\"2 minutes\" \/>\n<script type=\"application\/ld+json\" class=\"yoast-schema-graph\">{\"@context\":\"https:\\\/\\\/schema.org\",\"@graph\":[{\"@type\":\"WebPage\",\"@id\":\"https:\\\/\\\/unterbaech.ch\\\/fr\\\/decouvertes-et-experiences\\\/lete\\\/randonnees\\\/sentiers-educatifs-et-thematiques\\\/sentier-des-sculptures\\\/\",\"url\":\"https:\\\/\\\/unterbaech.ch\\\/fr\\\/decouvertes-et-experiences\\\/lete\\\/randonnees\\\/sentiers-educatifs-et-thematiques\\\/sentier-des-sculptures\\\/\",\"name\":\"Sentier des sculptures\",\"isPartOf\":{\"@id\":\"https:\\\/\\\/unterbaech.ch\\\/fr\\\/#website\"},\"primaryImageOfPage\":{\"@id\":\"https:\\\/\\\/unterbaech.ch\\\/fr\\\/decouvertes-et-experiences\\\/lete\\\/randonnees\\\/sentiers-educatifs-et-thematiques\\\/sentier-des-sculptures\\\/#primaryimage\"},\"image\":{\"@id\":\"https:\\\/\\\/unterbaech.ch\\\/fr\\\/decouvertes-et-experiences\\\/lete\\\/randonnees\\\/sentiers-educatifs-et-thematiques\\\/sentier-des-sculptures\\\/#primaryimage\"},\"thumbnailUrl\":\"https:\\\/\\\/unterbaech.ch\\\/wp-content\\\/uploads\\\/DSC01937_marcoschnyder.jpg\",\"datePublished\":\"2021-05-14T13:56:53+00:00\",\"dateModified\":\"2026-03-23T13:00:50+00:00\",\"description\":\"23\u00a0sculptures ouvrent une fen\u00eatre sur le monde. L\u2019un des plus petits symposiums de sculpture au monde a eu lieu \u00e0 Unterb\u00e4ch en 2016 et 2018.\",\"breadcrumb\":{\"@id\":\"https:\\\/\\\/unterbaech.ch\\\/fr\\\/decouvertes-et-experiences\\\/lete\\\/randonnees\\\/sentiers-educatifs-et-thematiques\\\/sentier-des-sculptures\\\/#breadcrumb\"},\"inLanguage\":\"fr-FR\",\"potentialAction\":[{\"@type\":\"ReadAction\",\"target\":[\"https:\\\/\\\/unterbaech.ch\\\/fr\\\/decouvertes-et-experiences\\\/lete\\\/randonnees\\\/sentiers-educatifs-et-thematiques\\\/sentier-des-sculptures\\\/\"]}]},{\"@type\":\"ImageObject\",\"inLanguage\":\"fr-FR\",\"@id\":\"https:\\\/\\\/unterbaech.ch\\\/fr\\\/decouvertes-et-experiences\\\/lete\\\/randonnees\\\/sentiers-educatifs-et-thematiques\\\/sentier-des-sculptures\\\/#primaryimage\",\"url\":\"https:\\\/\\\/unterbaech.ch\\\/wp-content\\\/uploads\\\/DSC01937_marcoschnyder.jpg\",\"contentUrl\":\"https:\\\/\\\/unterbaech.ch\\\/wp-content\\\/uploads\\\/DSC01937_marcoschnyder.jpg\",\"width\":1920,\"height\":2879},{\"@type\":\"BreadcrumbList\",\"@id\":\"https:\\\/\\\/unterbaech.ch\\\/fr\\\/decouvertes-et-experiences\\\/lete\\\/randonnees\\\/sentiers-educatifs-et-thematiques\\\/sentier-des-sculptures\\\/#breadcrumb\",\"itemListElement\":[{\"@type\":\"ListItem\",\"position\":1,\"name\":\"Startseite\",\"item\":\"https:\\\/\\\/unterbaech.ch\\\/fr\\\/accueil\\\/\"},{\"@type\":\"ListItem\",\"position\":2,\"name\":\"D\u00e9couvertes et exp\u00e9riences\",\"item\":\"https:\\\/\\\/unterbaech.ch\\\/fr\\\/decouvertes-et-experiences\\\/\"},{\"@type\":\"ListItem\",\"position\":3,\"name\":\"L&#8217;\u00e9te\",\"item\":\"https:\\\/\\\/unterbaech.ch\\\/fr\\\/unterbaech\\\/sommer\\\/\"},{\"@type\":\"ListItem\",\"position\":4,\"name\":\"Randonn\u00e9es\",\"item\":\"https:\\\/\\\/unterbaech.ch\\\/fr\\\/unterbaech\\\/sommer\\\/wandern\\\/\"},{\"@type\":\"ListItem\",\"position\":5,\"name\":\"Sentiers \u00e9ducatifs et th\u00e9matiques\",\"item\":\"https:\\\/\\\/unterbaech.ch\\\/fr\\\/unterbaech\\\/sommer\\\/wandern\\\/lehr-und-themenpfade\\\/\"},{\"@type\":\"ListItem\",\"position\":6,\"name\":\"Sentier des sculptures\"}]},{\"@type\":\"WebSite\",\"@id\":\"https:\\\/\\\/unterbaech.ch\\\/fr\\\/#website\",\"url\":\"https:\\\/\\\/unterbaech.ch\\\/fr\\\/\",\"name\":\"Unterb\u00e4ch\",\"description\":\"\",\"publisher\":{\"@id\":\"https:\\\/\\\/unterbaech.ch\\\/fr\\\/#organization\"},\"potentialAction\":[{\"@type\":\"SearchAction\",\"target\":{\"@type\":\"EntryPoint\",\"urlTemplate\":\"https:\\\/\\\/unterbaech.ch\\\/fr\\\/?s={search_term_string}\"},\"query-input\":{\"@type\":\"PropertyValueSpecification\",\"valueRequired\":true,\"valueName\":\"search_term_string\"}}],\"inLanguage\":\"fr-FR\"},{\"@type\":\"Organization\",\"@id\":\"https:\\\/\\\/unterbaech.ch\\\/fr\\\/#organization\",\"name\":\"Unterb\u00e4ch Tourismus\",\"url\":\"https:\\\/\\\/unterbaech.ch\\\/fr\\\/\",\"logo\":{\"@type\":\"ImageObject\",\"inLanguage\":\"fr-FR\",\"@id\":\"https:\\\/\\\/unterbaech.ch\\\/fr\\\/#\\\/schema\\\/logo\\\/image\\\/\",\"url\":\"https:\\\/\\\/unterbaech.ch\\\/wp-content\\\/uploads\\\/Logo-1.png\",\"contentUrl\":\"https:\\\/\\\/unterbaech.ch\\\/wp-content\\\/uploads\\\/Logo-1.png\",\"width\":1125,\"height\":1102,\"caption\":\"Unterb\u00e4ch Tourismus\"},\"image\":{\"@id\":\"https:\\\/\\\/unterbaech.ch\\\/fr\\\/#\\\/schema\\\/logo\\\/image\\\/\"},\"sameAs\":[\"https:\\\/\\\/www.facebook.com\\\/unterbaech\",\"https:\\\/\\\/www.instagram.com\\\/visit.unterbaech\\\/\",\"https:\\\/\\\/de.wikipedia.org\\\/wiki\\\/Unterb\u00e4ch\"]}]}<\/script>\n<!-- \/ Yoast SEO plugin. -->","yoast_head_json":{"title":"Sentier des sculptures","description":"23\u00a0sculptures ouvrent une fen\u00eatre sur le monde. L\u2019un des plus petits symposiums de sculpture au monde a eu lieu \u00e0 Unterb\u00e4ch en 2016 et 2018.","robots":{"index":"index","follow":"follow","max-snippet":"max-snippet:-1","max-image-preview":"max-image-preview:large","max-video-preview":"max-video-preview:-1"},"canonical":"https:\/\/unterbaech.ch\/fr\/decouvertes-et-experiences\/lete\/randonnees\/sentiers-educatifs-et-thematiques\/sentier-des-sculptures\/","og_locale":"fr_FR","og_type":"article","og_title":"Sentier des sculptures","og_description":"23\u00a0sculptures ouvrent une fen\u00eatre sur le monde. L\u2019un des plus petits symposiums de sculpture au monde a eu lieu \u00e0 Unterb\u00e4ch en 2016 et 2018.","og_url":"https:\/\/unterbaech.ch\/fr\/decouvertes-et-experiences\/lete\/randonnees\/sentiers-educatifs-et-thematiques\/sentier-des-sculptures\/","og_site_name":"Unterb\u00e4ch","article_publisher":"https:\/\/www.facebook.com\/unterbaech","article_modified_time":"2026-03-23T13:00:50+00:00","og_image":[{"width":1920,"height":2879,"url":"https:\/\/unterbaech.ch\/wp-content\/uploads\/DSC01937_marcoschnyder.jpg","type":"image\/jpeg"}],"twitter_card":"summary_large_image","twitter_misc":{"Dur\u00e9e de lecture estim\u00e9e":"2 minutes"},"schema":{"@context":"https:\/\/schema.org","@graph":[{"@type":"WebPage","@id":"https:\/\/unterbaech.ch\/fr\/decouvertes-et-experiences\/lete\/randonnees\/sentiers-educatifs-et-thematiques\/sentier-des-sculptures\/","url":"https:\/\/unterbaech.ch\/fr\/decouvertes-et-experiences\/lete\/randonnees\/sentiers-educatifs-et-thematiques\/sentier-des-sculptures\/","name":"Sentier des sculptures","isPartOf":{"@id":"https:\/\/unterbaech.ch\/fr\/#website"},"primaryImageOfPage":{"@id":"https:\/\/unterbaech.ch\/fr\/decouvertes-et-experiences\/lete\/randonnees\/sentiers-educatifs-et-thematiques\/sentier-des-sculptures\/#primaryimage"},"image":{"@id":"https:\/\/unterbaech.ch\/fr\/decouvertes-et-experiences\/lete\/randonnees\/sentiers-educatifs-et-thematiques\/sentier-des-sculptures\/#primaryimage"},"thumbnailUrl":"https:\/\/unterbaech.ch\/wp-content\/uploads\/DSC01937_marcoschnyder.jpg","datePublished":"2021-05-14T13:56:53+00:00","dateModified":"2026-03-23T13:00:50+00:00","description":"23\u00a0sculptures ouvrent une fen\u00eatre sur le monde. L\u2019un des plus petits symposiums de sculpture au monde a eu lieu \u00e0 Unterb\u00e4ch en 2016 et 2018.","breadcrumb":{"@id":"https:\/\/unterbaech.ch\/fr\/decouvertes-et-experiences\/lete\/randonnees\/sentiers-educatifs-et-thematiques\/sentier-des-sculptures\/#breadcrumb"},"inLanguage":"fr-FR","potentialAction":[{"@type":"ReadAction","target":["https:\/\/unterbaech.ch\/fr\/decouvertes-et-experiences\/lete\/randonnees\/sentiers-educatifs-et-thematiques\/sentier-des-sculptures\/"]}]},{"@type":"ImageObject","inLanguage":"fr-FR","@id":"https:\/\/unterbaech.ch\/fr\/decouvertes-et-experiences\/lete\/randonnees\/sentiers-educatifs-et-thematiques\/sentier-des-sculptures\/#primaryimage","url":"https:\/\/unterbaech.ch\/wp-content\/uploads\/DSC01937_marcoschnyder.jpg","contentUrl":"https:\/\/unterbaech.ch\/wp-content\/uploads\/DSC01937_marcoschnyder.jpg","width":1920,"height":2879},{"@type":"BreadcrumbList","@id":"https:\/\/unterbaech.ch\/fr\/decouvertes-et-experiences\/lete\/randonnees\/sentiers-educatifs-et-thematiques\/sentier-des-sculptures\/#breadcrumb","itemListElement":[{"@type":"ListItem","position":1,"name":"Startseite","item":"https:\/\/unterbaech.ch\/fr\/accueil\/"},{"@type":"ListItem","position":2,"name":"D\u00e9couvertes et exp\u00e9riences","item":"https:\/\/unterbaech.ch\/fr\/decouvertes-et-experiences\/"},{"@type":"ListItem","position":3,"name":"L&#8217;\u00e9te","item":"https:\/\/unterbaech.ch\/fr\/unterbaech\/sommer\/"},{"@type":"ListItem","position":4,"name":"Randonn\u00e9es","item":"https:\/\/unterbaech.ch\/fr\/unterbaech\/sommer\/wandern\/"},{"@type":"ListItem","position":5,"name":"Sentiers \u00e9ducatifs et th\u00e9matiques","item":"https:\/\/unterbaech.ch\/fr\/unterbaech\/sommer\/wandern\/lehr-und-themenpfade\/"},{"@type":"ListItem","position":6,"name":"Sentier des sculptures"}]},{"@type":"WebSite","@id":"https:\/\/unterbaech.ch\/fr\/#website","url":"https:\/\/unterbaech.ch\/fr\/","name":"Unterb\u00e4ch","description":"","publisher":{"@id":"https:\/\/unterbaech.ch\/fr\/#organization"},"potentialAction":[{"@type":"SearchAction","target":{"@type":"EntryPoint","urlTemplate":"https:\/\/unterbaech.ch\/fr\/?s={search_term_string}"},"query-input":{"@type":"PropertyValueSpecification","valueRequired":true,"valueName":"search_term_string"}}],"inLanguage":"fr-FR"},{"@type":"Organization","@id":"https:\/\/unterbaech.ch\/fr\/#organization","name":"Unterb\u00e4ch Tourismus","url":"https:\/\/unterbaech.ch\/fr\/","logo":{"@type":"ImageObject","inLanguage":"fr-FR","@id":"https:\/\/unterbaech.ch\/fr\/#\/schema\/logo\/image\/","url":"https:\/\/unterbaech.ch\/wp-content\/uploads\/Logo-1.png","contentUrl":"https:\/\/unterbaech.ch\/wp-content\/uploads\/Logo-1.png","width":1125,"height":1102,"caption":"Unterb\u00e4ch Tourismus"},"image":{"@id":"https:\/\/unterbaech.ch\/fr\/#\/schema\/logo\/image\/"},"sameAs":["https:\/\/www.facebook.com\/unterbaech","https:\/\/www.instagram.com\/visit.unterbaech\/","https:\/\/de.wikipedia.org\/wiki\/Unterb\u00e4ch"]}]}},"_links":{"self":[{"href":"https:\/\/unterbaech.ch\/fr\/wp-json\/wp\/v2\/pages\/12795","targetHints":{"allow":["GET"]}}],"collection":[{"href":"https:\/\/unterbaech.ch\/fr\/wp-json\/wp\/v2\/pages"}],"about":[{"href":"https:\/\/unterbaech.ch\/fr\/wp-json\/wp\/v2\/types\/page"}],"author":[{"embeddable":true,"href":"https:\/\/unterbaech.ch\/fr\/wp-json\/wp\/v2\/users\/8"}],"replies":[{"embeddable":true,"href":"https:\/\/unterbaech.ch\/fr\/wp-json\/wp\/v2\/comments?post=12795"}],"version-history":[{"count":9,"href":"https:\/\/unterbaech.ch\/fr\/wp-json\/wp\/v2\/pages\/12795\/revisions"}],"predecessor-version":[{"id":29434,"href":"https:\/\/unterbaech.ch\/fr\/wp-json\/wp\/v2\/pages\/12795\/revisions\/29434"}],"up":[{"embeddable":true,"href":"https:\/\/unterbaech.ch\/fr\/wp-json\/wp\/v2\/pages\/14234"}],"wp:featuredmedia":[{"embeddable":true,"href":"https:\/\/unterbaech.ch\/fr\/wp-json\/wp\/v2\/media\/8857"}],"wp:attachment":[{"href":"https:\/\/unterbaech.ch\/fr\/wp-json\/wp\/v2\/media?parent=12795"}],"curies":[{"name":"wp","href":"https:\/\/api.w.org\/{rel}","templated":true}]}}