{"id":12804,"date":"2021-05-14T16:15:37","date_gmt":"2021-05-14T14:15:37","guid":{"rendered":"https:\/\/unterbaech.ch\/le-sentier-des-ecureuils\/"},"modified":"2026-03-23T15:41:14","modified_gmt":"2026-03-23T14:41:14","slug":"le-sentier-des-ecureuils","status":"publish","type":"page","link":"https:\/\/unterbaech.ch\/fr\/decouvertes-et-experiences\/lete\/randonnees\/sentiers-educatifs-et-thematiques\/le-sentier-des-ecureuils\/","title":{"rendered":"Le sentier des \u00e9cureuils"},"content":{"rendered":"\n<style type=\"text\/css\" data-created_by=\"avia_inline_auto\" id=\"style-css-av-kbax8y3e-64d9eee2e8afb03e009ee0bdd1317f5a\">\n.avia-section.av-kbax8y3e-64d9eee2e8afb03e009ee0bdd1317f5a .av-parallax .av-parallax-inner{\nbackground-repeat:no-repeat;\nbackground-image:url(https:\/\/unterbaech.ch\/wp-content\/uploads\/Hellela-Wallis-Tourismus-36-scaled.jpg);\nbackground-position:50% 50%;\nbackground-attachment:scroll;\n}\n<\/style>\n<div id='av_section_1'  class='avia-section av-kbax8y3e-64d9eee2e8afb03e009ee0bdd1317f5a main_color avia-section-default avia-no-border-styling  avia-builder-el-0  el_before_av_section  avia-builder-el-first  section-fullwidthimage avia-full-stretch av-parallax-section avia-bg-style-parallax av-minimum-height av-minimum-height-50 av-height-50  container_wrap fullsize'  data-section-bg-repeat='stretch' data-av_minimum_height_pc='50' data-av_min_height_opt='50'><div class='av-parallax' data-avia-parallax-ratio='0.3' ><div class='av-parallax-inner main_color avia-full-stretch'><\/div><\/div><div class='container av-section-cont-open' ><main  role=\"main\" itemprop=\"mainContentOfPage\"  class='template-page content  av-content-full alpha units'><div class='post-entry post-entry-type-page post-entry-12804'><div class='entry-content-wrapper clearfix'>\n<\/div><\/div><\/main><!-- close content main element --><\/div><\/div><div id='av_section_2'  class='avia-section av-1n2h9-eef07d2470a934665895b572bc96122f main_color avia-section-default avia-no-border-styling  avia-builder-el-1  el_after_av_section  el_before_av_codeblock  section-leadtext onecol avia-bg-style-scroll container_wrap fullsize'  ><div class='container av-section-cont-open' ><div class='template-page content  av-content-full alpha units'><div class='post-entry post-entry-type-page post-entry-12804'><div class='entry-content-wrapper clearfix'>\n<section  class='av_textblock_section av-kbawhdx8-9a55faeefcbf4e8706dea9c49b9010c2 '   itemscope=\"itemscope\" itemtype=\"https:\/\/schema.org\/CreativeWork\" ><div class='avia_textblock'  itemprop=\"text\" ><p style=\"text-align: center;\"><strong>SENTIER THEMATIQUE<br \/>\n<\/strong><\/p>\n<h3 style=\"text-align: center;\">LE SENTIER DES ECUREUILS<\/h3>\n<\/div><\/section>\n\n<style type=\"text\/css\" data-created_by=\"avia_inline_auto\" id=\"style-css-av-kbax4bbr-27f78f1f5574462b1f9eaf8ccb6701aa\">\n#top .hr.hr-invisible.av-kbax4bbr-27f78f1f5574462b1f9eaf8ccb6701aa{\nheight:25px;\n}\n<\/style>\n<div  class='hr av-kbax4bbr-27f78f1f5574462b1f9eaf8ccb6701aa hr-invisible  avia-builder-el-3  el_after_av_textblock  el_before_av_textblock '><span class='hr-inner '><span class=\"hr-inner-style\"><\/span><\/span><\/div>\n<section  class='av_textblock_section av-kb9j7yy8-cb52267f29ec33a0cbd1cb12b1aeb1b9 '   itemscope=\"itemscope\" itemtype=\"https:\/\/schema.org\/CreativeWork\" ><div class='avia_textblock lead'  itemprop=\"text\" ><p>Sur le sentier de l\u2019\u00e9cureuil, \u00e0 B\u00fcrchen, vous pouvez apprendre beaucoup de choses int\u00e9ressantes sur l\u2019esp\u00e8ce et le mode de vie du mignon \u00e9cureuil, ainsi que sur les autres animaux de la for\u00eat que l\u2019on trouve dans notre r\u00e9gion. Le sentier des \u00e9cureuils commence \u00e0 l\u2019arr\u00eat de bus Ronalp \u00e0 B\u00fcrchen Zenh\u00e4usern, qui offre \u00e9galement des places de parking public \u00e0 proximit\u00e9. Le sentier des \u00e9cureuils est praticable avec une poussette sur les deux\u00a0premiers kilom\u00e8tres. Ensuite, le chemin devient plus \u00e9troit et n\u2019est plus que partiellement adapt\u00e9 aux poussettes.<\/p>\n<\/div><\/section>\n\n<style type=\"text\/css\" data-created_by=\"avia_inline_auto\" id=\"style-css-av-kbax4bbr-27f78f1f5574462b1f9eaf8ccb6701aa\">\n#top .hr.hr-invisible.av-kbax4bbr-27f78f1f5574462b1f9eaf8ccb6701aa{\nheight:25px;\n}\n<\/style>\n<div  class='hr av-kbax4bbr-27f78f1f5574462b1f9eaf8ccb6701aa hr-invisible  avia-builder-el-5  el_after_av_textblock  el_before_av_textblock '><span class='hr-inner '><span class=\"hr-inner-style\"><\/span><\/span><\/div>\n<section  class='av_textblock_section av-kbawhdx8-4b6b00edbcd58df42bb800e9e9971c00 '   itemscope=\"itemscope\" itemtype=\"https:\/\/schema.org\/CreativeWork\" ><div class='avia_textblock lead'  itemprop=\"text\" ><h5>TOURENDETAILS:<\/h5>\n<ul>\n<li style=\"text-align: left;\"><span data-contrast=\"auto\"><strong>Wanderzeit:<\/strong> 2h<\/span><\/li>\n<li style=\"text-align: left;\"><span data-contrast=\"auto\"><strong>Strecke:<\/strong> B\u00fcrchen (Zenh\u00e4usern) \u2013 Zentriegen <\/span><span data-contrast=\"auto\">\u2013 mittlere Hellela <\/span><span data-contrast=\"auto\">\u2013 obere Hellela <\/span><span data-contrast=\"auto\">\u2013 Blatt \u2013 B\u00fcrchen (Zenh\u00e4usern)<\/span><\/li>\n<\/ul>\n<\/div><\/section>\n<\/div><\/div><\/div><!-- close content main div --><\/div><\/div><div id='after_section_2'  class='main_color av_default_container_wrap container_wrap fullsize'  ><div class='container av-section-cont-open' ><div class='template-page content  av-content-full alpha units'><div class='post-entry post-entry-type-page post-entry-12804'><div class='entry-content-wrapper clearfix'>\n\n\n<style type=\"text\/css\" data-created_by=\"avia_inline_auto\" id=\"style-css-av-kbax4bbr-27f78f1f5574462b1f9eaf8ccb6701aa\">\n#top .hr.hr-invisible.av-kbax4bbr-27f78f1f5574462b1f9eaf8ccb6701aa{\nheight:25px;\n}\n<\/style>\n<div  class='hr av-kbax4bbr-27f78f1f5574462b1f9eaf8ccb6701aa hr-invisible  avia-builder-el-8  el_after_av_codeblock  el_before_av_one_full '><span class='hr-inner '><span class=\"hr-inner-style\"><\/span><\/span><\/div>\n\n<style type=\"text\/css\" data-created_by=\"avia_inline_auto\" id=\"style-css-av-kbujysp3-bb5986012cdba25cfd25bc18cd1575b4\">\n.flex_column.av-kbujysp3-bb5986012cdba25cfd25bc18cd1575b4{\nborder-radius:0px 0px 0px 0px;\npadding:0px 0px 0px 0px;\n}\n<\/style>\n<div  class='flex_column av-kbujysp3-bb5986012cdba25cfd25bc18cd1575b4 av_one_full  avia-builder-el-9  el_after_av_hr  avia-builder-el-last  gallery-masonry first flex_column_div av-zero-column-padding  '     ><div id='av-masonry-1' class='av-masonry av-kbrrgn31-199c4bd78ad49bd82a08f95ff8f8d9f5 noHover av-fixed-size av-large-gap av-hover-overlay-active av-masonry-animation-active av-masonry-col-3 av-caption-always av-caption-style- av-masonry-gallery ' data-post_id=\"12804\"><div class=\"av-masonry-container isotope av-js-disabled\"><div class='av-masonry-entry isotope-item av-masonry-item-no-image '><\/div><a href=\"https:\/\/unterbaech.ch\/wp-content\/uploads\/Eichhoernchenweg-Bild-1-608x1080.jpg\" data-srcset=\"https:\/\/unterbaech.ch\/wp-content\/uploads\/Eichhoernchenweg-Bild-1-608x1080.jpg 608w, https:\/\/unterbaech.ch\/wp-content\/uploads\/Eichhoernchenweg-Bild-1-432x768.jpg 432w, https:\/\/unterbaech.ch\/wp-content\/uploads\/Eichhoernchenweg-Bild-1-768x1365.jpg 768w, https:\/\/unterbaech.ch\/wp-content\/uploads\/Eichhoernchenweg-Bild-1-864x1536.jpg 864w, https:\/\/unterbaech.ch\/wp-content\/uploads\/Eichhoernchenweg-Bild-1-844x1500.jpg 844w, https:\/\/unterbaech.ch\/wp-content\/uploads\/Eichhoernchenweg-Bild-1-397x705.jpg 397w, https:\/\/unterbaech.ch\/wp-content\/uploads\/Eichhoernchenweg-Bild-1.jpg 900w\" data-sizes=\"(max-width: 608px) 100vw, 608px\"  aria-label=\"image Eichh\u00f6rnchenweg Bild 1\"  id='av-masonry-1-item-7550' data-av-masonry-item='7550' class='av-masonry-entry isotope-item post-7550 attachment type-attachment status-inherit hentry  av-masonry-item-with-image av-portrait-img' title=\"Eichh\u00f6rnchenweg Bild 1\" alt=\"Eichh\u00f6rnchenweg\"    itemprop=\"thumbnailUrl\" ><div class='av-inner-masonry-sizer'><\/div><figure class='av-inner-masonry main_color'><div class=\"av-masonry-outerimage-container\"><div class='av-masonry-image-container' style=\"background-image: url(https:\/\/unterbaech.ch\/wp-content\/uploads\/Eichhoernchenweg-Bild-1-397x705.jpg);\"  title=\"Eichh\u00f6rnchenweg Bild 1\" ><\/div><\/div><\/figure><\/a><!--end av-masonry entry--><a href=\"https:\/\/unterbaech.ch\/wp-content\/uploads\/Hellela-Wallis-Tourismus-36-1620x1080.jpg\" data-srcset=\"https:\/\/unterbaech.ch\/wp-content\/uploads\/Hellela-Wallis-Tourismus-36-1620x1080.jpg 1620w, https:\/\/unterbaech.ch\/wp-content\/uploads\/Hellela-Wallis-Tourismus-36-1024x683.jpg 1024w, https:\/\/unterbaech.ch\/wp-content\/uploads\/Hellela-Wallis-Tourismus-36-768x512.jpg 768w, https:\/\/unterbaech.ch\/wp-content\/uploads\/Hellela-Wallis-Tourismus-36-1536x1024.jpg 1536w, https:\/\/unterbaech.ch\/wp-content\/uploads\/Hellela-Wallis-Tourismus-36-2048x1365.jpg 2048w, https:\/\/unterbaech.ch\/wp-content\/uploads\/Hellela-Wallis-Tourismus-36-1500x1000.jpg 1500w, https:\/\/unterbaech.ch\/wp-content\/uploads\/Hellela-Wallis-Tourismus-36-705x470.jpg 705w, https:\/\/unterbaech.ch\/wp-content\/uploads\/Hellela-Wallis-Tourismus-36-scaled.jpg 1920w\" data-sizes=\"(max-width: 1500px) 100vw, 1500px\"  aria-label=\"image Hellela Wallis Tourismus 36\"  id='av-masonry-1-item-7553' data-av-masonry-item='7553' class='av-masonry-entry isotope-item post-7553 attachment type-attachment status-inherit hentry  av-masonry-item-with-image av-grid-img' title=\"Hellela Wallis Tourismus 36\" alt=\"Hellela B\u00fcrchen\"    itemprop=\"thumbnailUrl\" ><div class='av-inner-masonry-sizer'><\/div><figure class='av-inner-masonry main_color'><div class=\"av-masonry-outerimage-container\"><div class='av-masonry-image-container' style=\"background-image: url(https:\/\/unterbaech.ch\/wp-content\/uploads\/Hellela-Wallis-Tourismus-36-705x470.jpg);\"  title=\"Hellela Wallis Tourismus 36\" ><\/div><\/div><\/figure><\/a><!--end av-masonry entry--><a href=\"https:\/\/unterbaech.ch\/wp-content\/uploads\/Eichhoernchenweg-5-810x1080.jpg\" data-srcset=\"https:\/\/unterbaech.ch\/wp-content\/uploads\/Eichhoernchenweg-5-810x1080.jpg 810w, https:\/\/unterbaech.ch\/wp-content\/uploads\/Eichhoernchenweg-5-576x768.jpg 576w, https:\/\/unterbaech.ch\/wp-content\/uploads\/Eichhoernchenweg-5-768x1024.jpg 768w, https:\/\/unterbaech.ch\/wp-content\/uploads\/Eichhoernchenweg-5-1152x1536.jpg 1152w, https:\/\/unterbaech.ch\/wp-content\/uploads\/Eichhoernchenweg-5-1125x1500.jpg 1125w, https:\/\/unterbaech.ch\/wp-content\/uploads\/Eichhoernchenweg-5-529x705.jpg 529w, https:\/\/unterbaech.ch\/wp-content\/uploads\/Eichhoernchenweg-5.jpg 1536w\" data-sizes=\"(max-width: 810px) 100vw, 810px\"  aria-label=\"image OLYMPUS DIGITAL CAMERA\"  id='av-masonry-1-item-7547' data-av-masonry-item='7547' class='av-masonry-entry isotope-item post-7547 attachment type-attachment status-inherit hentry  av-masonry-item-with-image av-grid-img' title=\"OLYMPUS DIGITAL CAMERA\" alt=\"Eichh\u00f6rnchenweg\"    itemprop=\"thumbnailUrl\" ><div class='av-inner-masonry-sizer'><\/div><figure class='av-inner-masonry main_color'><div class=\"av-masonry-outerimage-container\"><div class='av-masonry-image-container' style=\"background-image: url(https:\/\/unterbaech.ch\/wp-content\/uploads\/Eichhoernchenweg-5-529x705.jpg);\"  title=\"OLYMPUS DIGITAL CAMERA\" ><\/div><\/div><\/figure><\/a><!--end av-masonry entry--><a href=\"https:\/\/unterbaech.ch\/wp-content\/uploads\/Eichhoernchenweg-2-810x1080.jpg\" data-srcset=\"https:\/\/unterbaech.ch\/wp-content\/uploads\/Eichhoernchenweg-2-810x1080.jpg 810w, https:\/\/unterbaech.ch\/wp-content\/uploads\/Eichhoernchenweg-2-576x768.jpg 576w, https:\/\/unterbaech.ch\/wp-content\/uploads\/Eichhoernchenweg-2-768x1024.jpg 768w, https:\/\/unterbaech.ch\/wp-content\/uploads\/Eichhoernchenweg-2-1152x1536.jpg 1152w, https:\/\/unterbaech.ch\/wp-content\/uploads\/Eichhoernchenweg-2-1125x1500.jpg 1125w, https:\/\/unterbaech.ch\/wp-content\/uploads\/Eichhoernchenweg-2-529x705.jpg 529w, https:\/\/unterbaech.ch\/wp-content\/uploads\/Eichhoernchenweg-2.jpg 1536w\" data-sizes=\"(max-width: 810px) 100vw, 810px\"  aria-label=\"image OLYMPUS DIGITAL CAMERA\"  id='av-masonry-1-item-7538' data-av-masonry-item='7538' class='av-masonry-entry isotope-item post-7538 attachment type-attachment status-inherit hentry  av-masonry-item-with-image av-grid-img' title=\"OLYMPUS DIGITAL CAMERA\" alt=\"Eichh\u00f6rnchenweg\"    itemprop=\"thumbnailUrl\" ><div class='av-inner-masonry-sizer'><\/div><figure class='av-inner-masonry main_color'><div class=\"av-masonry-outerimage-container\"><div class='av-masonry-image-container' style=\"background-image: url(https:\/\/unterbaech.ch\/wp-content\/uploads\/Eichhoernchenweg-2-529x705.jpg);\"  title=\"OLYMPUS DIGITAL CAMERA\" ><\/div><\/div><\/figure><\/a><!--end av-masonry entry--><a href=\"https:\/\/unterbaech.ch\/wp-content\/uploads\/Eichhoernchenweg-3-810x1080.jpg\" data-srcset=\"https:\/\/unterbaech.ch\/wp-content\/uploads\/Eichhoernchenweg-3-810x1080.jpg 810w, https:\/\/unterbaech.ch\/wp-content\/uploads\/Eichhoernchenweg-3-576x768.jpg 576w, https:\/\/unterbaech.ch\/wp-content\/uploads\/Eichhoernchenweg-3-768x1024.jpg 768w, https:\/\/unterbaech.ch\/wp-content\/uploads\/Eichhoernchenweg-3-1152x1536.jpg 1152w, https:\/\/unterbaech.ch\/wp-content\/uploads\/Eichhoernchenweg-3-1125x1500.jpg 1125w, https:\/\/unterbaech.ch\/wp-content\/uploads\/Eichhoernchenweg-3-529x705.jpg 529w, https:\/\/unterbaech.ch\/wp-content\/uploads\/Eichhoernchenweg-3.jpg 1536w\" data-sizes=\"(max-width: 810px) 100vw, 810px\"  aria-label=\"image OLYMPUS DIGITAL CAMERA\"  id='av-masonry-1-item-7541' data-av-masonry-item='7541' class='av-masonry-entry isotope-item post-7541 attachment type-attachment status-inherit hentry  av-masonry-item-with-image av-grid-img' title=\"OLYMPUS DIGITAL CAMERA\" alt=\"Eichh\u00f6rnchenweg\"    itemprop=\"thumbnailUrl\" ><div class='av-inner-masonry-sizer'><\/div><figure class='av-inner-masonry main_color'><div class=\"av-masonry-outerimage-container\"><div class='av-masonry-image-container' style=\"background-image: url(https:\/\/unterbaech.ch\/wp-content\/uploads\/Eichhoernchenweg-3-529x705.jpg);\"  title=\"OLYMPUS DIGITAL CAMERA\" ><\/div><\/div><\/figure><\/a><!--end av-masonry entry--><\/div><\/div><\/div>\n","protected":false},"excerpt":{"rendered":"","protected":false},"author":8,"featured_media":0,"parent":14234,"menu_order":0,"comment_status":"closed","ping_status":"closed","template":"","meta":{"inline_featured_image":false,"footnotes":""},"class_list":["post-12804","page","type-page","status-publish","hentry"],"yoast_head":"<!-- This site is optimized with the Yoast SEO plugin v27.3 - https:\/\/yoast.com\/product\/yoast-seo-wordpress\/ -->\n<title>Le sentier des \u00e9cureuils - Unterb\u00e4ch<\/title>\n<meta name=\"description\" content=\"Sur le sentier de l\u2019\u00e9cureuil, \u00e0 B\u00fcrchen, vous pouvez apprendre beaucoup de choses int\u00e9ressantes sur l\u2019esp\u00e8ce et le mode de vie du mignon \u00e9cureuil, ainsi que sur les autres animaux de la for\u00eat que l\u2019on trouve dans notre r\u00e9gion.\" \/>\n<meta name=\"robots\" content=\"index, follow, max-snippet:-1, max-image-preview:large, max-video-preview:-1\" \/>\n<link rel=\"canonical\" href=\"https:\/\/unterbaech.ch\/fr\/decouvertes-et-experiences\/lete\/randonnees\/sentiers-educatifs-et-thematiques\/le-sentier-des-ecureuils\/\" \/>\n<meta property=\"og:locale\" content=\"fr_FR\" \/>\n<meta property=\"og:type\" content=\"article\" \/>\n<meta property=\"og:title\" content=\"Le sentier des \u00e9cureuils - Unterb\u00e4ch\" \/>\n<meta property=\"og:description\" content=\"Sur le sentier de l\u2019\u00e9cureuil, \u00e0 B\u00fcrchen, vous pouvez apprendre beaucoup de choses int\u00e9ressantes sur l\u2019esp\u00e8ce et le mode de vie du mignon \u00e9cureuil, ainsi que sur les autres animaux de la for\u00eat que l\u2019on trouve dans notre r\u00e9gion.\" \/>\n<meta property=\"og:url\" content=\"https:\/\/unterbaech.ch\/fr\/decouvertes-et-experiences\/lete\/randonnees\/sentiers-educatifs-et-thematiques\/le-sentier-des-ecureuils\/\" \/>\n<meta property=\"og:site_name\" content=\"Unterb\u00e4ch\" \/>\n<meta property=\"article:publisher\" content=\"https:\/\/www.facebook.com\/unterbaech\" \/>\n<meta property=\"article:modified_time\" content=\"2026-03-23T14:41:14+00:00\" \/>\n<meta name=\"twitter:card\" content=\"summary_large_image\" \/>\n<meta name=\"twitter:label1\" content=\"Dur\u00e9e de lecture estim\u00e9e\" \/>\n\t<meta name=\"twitter:data1\" content=\"1 minute\" \/>\n<script type=\"application\/ld+json\" class=\"yoast-schema-graph\">{\"@context\":\"https:\\\/\\\/schema.org\",\"@graph\":[{\"@type\":\"WebPage\",\"@id\":\"https:\\\/\\\/unterbaech.ch\\\/fr\\\/decouvertes-et-experiences\\\/lete\\\/randonnees\\\/sentiers-educatifs-et-thematiques\\\/le-sentier-des-ecureuils\\\/\",\"url\":\"https:\\\/\\\/unterbaech.ch\\\/fr\\\/decouvertes-et-experiences\\\/lete\\\/randonnees\\\/sentiers-educatifs-et-thematiques\\\/le-sentier-des-ecureuils\\\/\",\"name\":\"Le sentier des \u00e9cureuils - Unterb\u00e4ch\",\"isPartOf\":{\"@id\":\"https:\\\/\\\/unterbaech.ch\\\/fr\\\/#website\"},\"datePublished\":\"2021-05-14T14:15:37+00:00\",\"dateModified\":\"2026-03-23T14:41:14+00:00\",\"description\":\"Sur le sentier de l\u2019\u00e9cureuil, \u00e0 B\u00fcrchen, vous pouvez apprendre beaucoup de choses int\u00e9ressantes sur l\u2019esp\u00e8ce et le mode de vie du mignon \u00e9cureuil, ainsi que sur les autres animaux de la for\u00eat que l\u2019on trouve dans notre r\u00e9gion.\",\"breadcrumb\":{\"@id\":\"https:\\\/\\\/unterbaech.ch\\\/fr\\\/decouvertes-et-experiences\\\/lete\\\/randonnees\\\/sentiers-educatifs-et-thematiques\\\/le-sentier-des-ecureuils\\\/#breadcrumb\"},\"inLanguage\":\"fr-FR\",\"potentialAction\":[{\"@type\":\"ReadAction\",\"target\":[\"https:\\\/\\\/unterbaech.ch\\\/fr\\\/decouvertes-et-experiences\\\/lete\\\/randonnees\\\/sentiers-educatifs-et-thematiques\\\/le-sentier-des-ecureuils\\\/\"]}]},{\"@type\":\"BreadcrumbList\",\"@id\":\"https:\\\/\\\/unterbaech.ch\\\/fr\\\/decouvertes-et-experiences\\\/lete\\\/randonnees\\\/sentiers-educatifs-et-thematiques\\\/le-sentier-des-ecureuils\\\/#breadcrumb\",\"itemListElement\":[{\"@type\":\"ListItem\",\"position\":1,\"name\":\"Startseite\",\"item\":\"https:\\\/\\\/unterbaech.ch\\\/fr\\\/accueil\\\/\"},{\"@type\":\"ListItem\",\"position\":2,\"name\":\"D\u00e9couvertes et exp\u00e9riences\",\"item\":\"https:\\\/\\\/unterbaech.ch\\\/fr\\\/decouvertes-et-experiences\\\/\"},{\"@type\":\"ListItem\",\"position\":3,\"name\":\"L&#8217;\u00e9te\",\"item\":\"https:\\\/\\\/unterbaech.ch\\\/fr\\\/unterbaech\\\/sommer\\\/\"},{\"@type\":\"ListItem\",\"position\":4,\"name\":\"Randonn\u00e9es\",\"item\":\"https:\\\/\\\/unterbaech.ch\\\/fr\\\/unterbaech\\\/sommer\\\/wandern\\\/\"},{\"@type\":\"ListItem\",\"position\":5,\"name\":\"Sentiers \u00e9ducatifs et th\u00e9matiques\",\"item\":\"https:\\\/\\\/unterbaech.ch\\\/fr\\\/unterbaech\\\/sommer\\\/wandern\\\/lehr-und-themenpfade\\\/\"},{\"@type\":\"ListItem\",\"position\":6,\"name\":\"Le sentier des \u00e9cureuils\"}]},{\"@type\":\"WebSite\",\"@id\":\"https:\\\/\\\/unterbaech.ch\\\/fr\\\/#website\",\"url\":\"https:\\\/\\\/unterbaech.ch\\\/fr\\\/\",\"name\":\"Unterb\u00e4ch\",\"description\":\"\",\"publisher\":{\"@id\":\"https:\\\/\\\/unterbaech.ch\\\/fr\\\/#organization\"},\"potentialAction\":[{\"@type\":\"SearchAction\",\"target\":{\"@type\":\"EntryPoint\",\"urlTemplate\":\"https:\\\/\\\/unterbaech.ch\\\/fr\\\/?s={search_term_string}\"},\"query-input\":{\"@type\":\"PropertyValueSpecification\",\"valueRequired\":true,\"valueName\":\"search_term_string\"}}],\"inLanguage\":\"fr-FR\"},{\"@type\":\"Organization\",\"@id\":\"https:\\\/\\\/unterbaech.ch\\\/fr\\\/#organization\",\"name\":\"Unterb\u00e4ch Tourismus\",\"url\":\"https:\\\/\\\/unterbaech.ch\\\/fr\\\/\",\"logo\":{\"@type\":\"ImageObject\",\"inLanguage\":\"fr-FR\",\"@id\":\"https:\\\/\\\/unterbaech.ch\\\/fr\\\/#\\\/schema\\\/logo\\\/image\\\/\",\"url\":\"https:\\\/\\\/unterbaech.ch\\\/wp-content\\\/uploads\\\/Logo-1.png\",\"contentUrl\":\"https:\\\/\\\/unterbaech.ch\\\/wp-content\\\/uploads\\\/Logo-1.png\",\"width\":1125,\"height\":1102,\"caption\":\"Unterb\u00e4ch Tourismus\"},\"image\":{\"@id\":\"https:\\\/\\\/unterbaech.ch\\\/fr\\\/#\\\/schema\\\/logo\\\/image\\\/\"},\"sameAs\":[\"https:\\\/\\\/www.facebook.com\\\/unterbaech\",\"https:\\\/\\\/www.instagram.com\\\/visit.unterbaech\\\/\",\"https:\\\/\\\/de.wikipedia.org\\\/wiki\\\/Unterb\u00e4ch\"]}]}<\/script>\n<!-- \/ Yoast SEO plugin. -->","yoast_head_json":{"title":"Le sentier des \u00e9cureuils - Unterb\u00e4ch","description":"Sur le sentier de l\u2019\u00e9cureuil, \u00e0 B\u00fcrchen, vous pouvez apprendre beaucoup de choses int\u00e9ressantes sur l\u2019esp\u00e8ce et le mode de vie du mignon \u00e9cureuil, ainsi que sur les autres animaux de la for\u00eat que l\u2019on trouve dans notre r\u00e9gion.","robots":{"index":"index","follow":"follow","max-snippet":"max-snippet:-1","max-image-preview":"max-image-preview:large","max-video-preview":"max-video-preview:-1"},"canonical":"https:\/\/unterbaech.ch\/fr\/decouvertes-et-experiences\/lete\/randonnees\/sentiers-educatifs-et-thematiques\/le-sentier-des-ecureuils\/","og_locale":"fr_FR","og_type":"article","og_title":"Le sentier des \u00e9cureuils - Unterb\u00e4ch","og_description":"Sur le sentier de l\u2019\u00e9cureuil, \u00e0 B\u00fcrchen, vous pouvez apprendre beaucoup de choses int\u00e9ressantes sur l\u2019esp\u00e8ce et le mode de vie du mignon \u00e9cureuil, ainsi que sur les autres animaux de la for\u00eat que l\u2019on trouve dans notre r\u00e9gion.","og_url":"https:\/\/unterbaech.ch\/fr\/decouvertes-et-experiences\/lete\/randonnees\/sentiers-educatifs-et-thematiques\/le-sentier-des-ecureuils\/","og_site_name":"Unterb\u00e4ch","article_publisher":"https:\/\/www.facebook.com\/unterbaech","article_modified_time":"2026-03-23T14:41:14+00:00","twitter_card":"summary_large_image","twitter_misc":{"Dur\u00e9e de lecture estim\u00e9e":"1 minute"},"schema":{"@context":"https:\/\/schema.org","@graph":[{"@type":"WebPage","@id":"https:\/\/unterbaech.ch\/fr\/decouvertes-et-experiences\/lete\/randonnees\/sentiers-educatifs-et-thematiques\/le-sentier-des-ecureuils\/","url":"https:\/\/unterbaech.ch\/fr\/decouvertes-et-experiences\/lete\/randonnees\/sentiers-educatifs-et-thematiques\/le-sentier-des-ecureuils\/","name":"Le sentier des \u00e9cureuils - Unterb\u00e4ch","isPartOf":{"@id":"https:\/\/unterbaech.ch\/fr\/#website"},"datePublished":"2021-05-14T14:15:37+00:00","dateModified":"2026-03-23T14:41:14+00:00","description":"Sur le sentier de l\u2019\u00e9cureuil, \u00e0 B\u00fcrchen, vous pouvez apprendre beaucoup de choses int\u00e9ressantes sur l\u2019esp\u00e8ce et le mode de vie du mignon \u00e9cureuil, ainsi que sur les autres animaux de la for\u00eat que l\u2019on trouve dans notre r\u00e9gion.","breadcrumb":{"@id":"https:\/\/unterbaech.ch\/fr\/decouvertes-et-experiences\/lete\/randonnees\/sentiers-educatifs-et-thematiques\/le-sentier-des-ecureuils\/#breadcrumb"},"inLanguage":"fr-FR","potentialAction":[{"@type":"ReadAction","target":["https:\/\/unterbaech.ch\/fr\/decouvertes-et-experiences\/lete\/randonnees\/sentiers-educatifs-et-thematiques\/le-sentier-des-ecureuils\/"]}]},{"@type":"BreadcrumbList","@id":"https:\/\/unterbaech.ch\/fr\/decouvertes-et-experiences\/lete\/randonnees\/sentiers-educatifs-et-thematiques\/le-sentier-des-ecureuils\/#breadcrumb","itemListElement":[{"@type":"ListItem","position":1,"name":"Startseite","item":"https:\/\/unterbaech.ch\/fr\/accueil\/"},{"@type":"ListItem","position":2,"name":"D\u00e9couvertes et exp\u00e9riences","item":"https:\/\/unterbaech.ch\/fr\/decouvertes-et-experiences\/"},{"@type":"ListItem","position":3,"name":"L&#8217;\u00e9te","item":"https:\/\/unterbaech.ch\/fr\/unterbaech\/sommer\/"},{"@type":"ListItem","position":4,"name":"Randonn\u00e9es","item":"https:\/\/unterbaech.ch\/fr\/unterbaech\/sommer\/wandern\/"},{"@type":"ListItem","position":5,"name":"Sentiers \u00e9ducatifs et th\u00e9matiques","item":"https:\/\/unterbaech.ch\/fr\/unterbaech\/sommer\/wandern\/lehr-und-themenpfade\/"},{"@type":"ListItem","position":6,"name":"Le sentier des \u00e9cureuils"}]},{"@type":"WebSite","@id":"https:\/\/unterbaech.ch\/fr\/#website","url":"https:\/\/unterbaech.ch\/fr\/","name":"Unterb\u00e4ch","description":"","publisher":{"@id":"https:\/\/unterbaech.ch\/fr\/#organization"},"potentialAction":[{"@type":"SearchAction","target":{"@type":"EntryPoint","urlTemplate":"https:\/\/unterbaech.ch\/fr\/?s={search_term_string}"},"query-input":{"@type":"PropertyValueSpecification","valueRequired":true,"valueName":"search_term_string"}}],"inLanguage":"fr-FR"},{"@type":"Organization","@id":"https:\/\/unterbaech.ch\/fr\/#organization","name":"Unterb\u00e4ch Tourismus","url":"https:\/\/unterbaech.ch\/fr\/","logo":{"@type":"ImageObject","inLanguage":"fr-FR","@id":"https:\/\/unterbaech.ch\/fr\/#\/schema\/logo\/image\/","url":"https:\/\/unterbaech.ch\/wp-content\/uploads\/Logo-1.png","contentUrl":"https:\/\/unterbaech.ch\/wp-content\/uploads\/Logo-1.png","width":1125,"height":1102,"caption":"Unterb\u00e4ch Tourismus"},"image":{"@id":"https:\/\/unterbaech.ch\/fr\/#\/schema\/logo\/image\/"},"sameAs":["https:\/\/www.facebook.com\/unterbaech","https:\/\/www.instagram.com\/visit.unterbaech\/","https:\/\/de.wikipedia.org\/wiki\/Unterb\u00e4ch"]}]}},"_links":{"self":[{"href":"https:\/\/unterbaech.ch\/fr\/wp-json\/wp\/v2\/pages\/12804","targetHints":{"allow":["GET"]}}],"collection":[{"href":"https:\/\/unterbaech.ch\/fr\/wp-json\/wp\/v2\/pages"}],"about":[{"href":"https:\/\/unterbaech.ch\/fr\/wp-json\/wp\/v2\/types\/page"}],"author":[{"embeddable":true,"href":"https:\/\/unterbaech.ch\/fr\/wp-json\/wp\/v2\/users\/8"}],"replies":[{"embeddable":true,"href":"https:\/\/unterbaech.ch\/fr\/wp-json\/wp\/v2\/comments?post=12804"}],"version-history":[{"count":3,"href":"https:\/\/unterbaech.ch\/fr\/wp-json\/wp\/v2\/pages\/12804\/revisions"}],"predecessor-version":[{"id":29486,"href":"https:\/\/unterbaech.ch\/fr\/wp-json\/wp\/v2\/pages\/12804\/revisions\/29486"}],"up":[{"embeddable":true,"href":"https:\/\/unterbaech.ch\/fr\/wp-json\/wp\/v2\/pages\/14234"}],"wp:attachment":[{"href":"https:\/\/unterbaech.ch\/fr\/wp-json\/wp\/v2\/media?parent=12804"}],"curies":[{"name":"wp","href":"https:\/\/api.w.org\/{rel}","templated":true}]}}