{"id":12807,"date":"2021-05-14T16:24:05","date_gmt":"2021-05-14T14:24:05","guid":{"rendered":"https:\/\/unterbaech.ch\/circuit-de-randonnee-de-jolischlucht\/"},"modified":"2026-03-23T13:55:26","modified_gmt":"2026-03-23T12:55:26","slug":"circuit-de-randonnee-de-jolischlucht","status":"publish","type":"page","link":"https:\/\/unterbaech.ch\/fr\/decouvertes-et-experiences\/lete\/randonnees\/chemins-de-randonnee-de-la-region-daugstbord\/circuit-de-randonnee-de-jolischlucht\/","title":{"rendered":"Circuit de randonn\u00e9e de Jolischlucht"},"content":{"rendered":"\n<style type=\"text\/css\" data-created_by=\"avia_inline_auto\" id=\"style-css-av-kbax8y3e-de1fe09a0c37b1463800b8cc52dc64a1\">\n.avia-section.av-kbax8y3e-de1fe09a0c37b1463800b8cc52dc64a1 .av-parallax .av-parallax-inner{\nbackground-repeat:no-repeat;\nbackground-image:url(https:\/\/unterbaech.ch\/wp-content\/uploads\/Ponte_pencil_sobre_Jolischlucht_-_panoramio-scaled.jpg);\nbackground-position:50% 0%;\nbackground-attachment:scroll;\n}\n<\/style>\n<div id='av_section_1'  class='avia-section av-kbax8y3e-de1fe09a0c37b1463800b8cc52dc64a1 main_color avia-section-default avia-no-border-styling  avia-builder-el-0  el_before_av_section  avia-builder-el-first  section-fullwidthimage avia-full-stretch av-parallax-section avia-bg-style-parallax av-minimum-height av-minimum-height-50 av-height-50  container_wrap fullsize'  data-section-bg-repeat='stretch' data-av_minimum_height_pc='50' data-av_min_height_opt='50'><div class='av-parallax' data-avia-parallax-ratio='0.3' ><div class='av-parallax-inner main_color avia-full-stretch'><\/div><\/div><div class='container av-section-cont-open' ><main  role=\"main\" itemprop=\"mainContentOfPage\"  class='template-page content  av-content-full alpha units'><div class='post-entry post-entry-type-page post-entry-12807'><div class='entry-content-wrapper clearfix'>\n<\/div><\/div><\/main><!-- close content main element --><\/div><\/div><div id='av_section_2'  class='avia-section av-1n2h9-eef07d2470a934665895b572bc96122f main_color avia-section-default avia-no-border-styling  avia-builder-el-1  el_after_av_section  el_before_av_codeblock  section-leadtext onecol avia-bg-style-scroll container_wrap fullsize'  ><div class='container av-section-cont-open' ><div class='template-page content  av-content-full alpha units'><div class='post-entry post-entry-type-page post-entry-12807'><div class='entry-content-wrapper clearfix'>\n<section  class='av_textblock_section av-kbawhdx8-aafd6986f60364d4af7d68b05c94543c '   itemscope=\"itemscope\" itemtype=\"https:\/\/schema.org\/CreativeWork\" ><div class='avia_textblock'  itemprop=\"text\" ><p style=\"text-align: center;\"><strong>RANDONNEES<br \/>\n<\/strong><\/p>\n<h3 style=\"text-align: center;\">CIRCUIT DE RANDONNEE DE JOLISCHLUCHT<\/h3>\n<\/div><\/section>\n\n<style type=\"text\/css\" data-created_by=\"avia_inline_auto\" id=\"style-css-av-kbax4bbr-27f78f1f5574462b1f9eaf8ccb6701aa\">\n#top .hr.hr-invisible.av-kbax4bbr-27f78f1f5574462b1f9eaf8ccb6701aa{\nheight:25px;\n}\n<\/style>\n<div  class='hr av-kbax4bbr-27f78f1f5574462b1f9eaf8ccb6701aa hr-invisible  avia-builder-el-3  el_after_av_textblock  el_before_av_textblock '><span class='hr-inner '><span class=\"hr-inner-style\"><\/span><\/span><\/div>\n<section  class='av_textblock_section av-kb9j7yy8-a841f9424f5c95cb58456311f1f11ce0 '   itemscope=\"itemscope\" itemtype=\"https:\/\/schema.org\/CreativeWork\" ><div class='avia_textblock lead'  itemprop=\"text\" ><p>Afin de relier la rampe sud du L\u00f6tschberg au village de Niedergesteln, un chemin a \u00e9t\u00e9 am\u00e9nag\u00e9 \u00e0 travers les gorges sauvages de Jolischlucht, traversant les gorges au sommet \u00e0 l\u2019aide d\u2019un pont suspendu de 20 m\u00e8tres de haut. Un vrai moment fort pour tous les aventuriers et accros \u00e0 l\u2019adr\u00e9naline! Le point de d\u00e9part de ce circuit de randonn\u00e9e est la station inf\u00e9rieure du t\u00e9l\u00e9ph\u00e9rique Rarogne-Unterb\u00e4ch. De l\u00e0, le sentier m\u00e8ne d\u2019abord au centre du village de Rarogne puis, en continuant de monter, \u00e0 Rarnerkumme, o\u00f9 le \u00ab\u00a0B\u00e4rgbeizli Rarnerchumma\u00a0\u00bb vous invite \u00e0 une halte agr\u00e9able. L\u2019itin\u00e9raire se poursuit le long de la rampe sud du L\u00f6tschberg jusqu\u2019au moment fort de la randonn\u00e9e: le franchissement du pont suspendu. Apr\u00e8s \u00eatre arriv\u00e9 en toute s\u00e9curit\u00e9 de l\u2019autre c\u00f4t\u00e9, on poursuit l\u2019itin\u00e9raire par les gorges de Jolischlucht, \u00e0 travers un tunnel \u00e9clair\u00e9, jusqu\u2019au bisse de St\u00e4geru. Apr\u00e8s un court tron\u00e7on le long de ce canal d\u2019un romantisme sauvage, le sentier descend vers le village de Niedergesteln et son ch\u00e2teau, puis revient \u00e0 Rarogne. L\u2019\u00e9glise du ch\u00e2teau de Rarogne, avec la tombe du c\u00e9l\u00e8bre po\u00e8te Rainer Maria Rilke, et l\u2019\u00e9glise monolithe moderne de Rarogne constituent toutes deux des incontournables culturels. Le t\u00e9l\u00e9ph\u00e9rique circule toutes les demi-heures entre Unterb\u00e4ch et Rarogne.<\/p>\n<\/div><\/section>\n\n<style type=\"text\/css\" data-created_by=\"avia_inline_auto\" id=\"style-css-av-kbax4bbr-1-5a8ac6f69941ae208175a263e4cae52b\">\n#top .hr.hr-invisible.av-kbax4bbr-1-5a8ac6f69941ae208175a263e4cae52b{\nheight:25px;\n}\n<\/style>\n<div  class='hr av-kbax4bbr-1-5a8ac6f69941ae208175a263e4cae52b hr-invisible  avia-builder-el-5  el_after_av_textblock  el_before_av_textblock '><span class='hr-inner '><span class=\"hr-inner-style\"><\/span><\/span><\/div>\n<section  class='av_textblock_section av-kbawhdx8-2-10cf2510a2901ad423aefa7241747bfd '   itemscope=\"itemscope\" itemtype=\"https:\/\/schema.org\/CreativeWork\" ><div class='avia_textblock lead'  itemprop=\"text\" ><h5>DETAIL DU TOUR:<\/h5>\n<ul>\n<li style=\"text-align: left;\"><span data-contrast=\"auto\"><strong>Dur\u00e9e de la randonn\u00e9e:<\/strong> 3h 20\u00a0<\/span><span data-contrast=\"auto\"> (\u2191429 m \u2193429<\/span><span data-contrast=\"auto\">\u00a0m<\/span><span data-ccp-props=\"{\">)<\/span><\/li>\n<li style=\"text-align: left;\"><span data-contrast=\"auto\"><strong>Itin\u00e9raire:<\/strong> Raron (Turtig) \u2013 Raron (village) <\/span><span data-contrast=\"auto\">\u2013 Rarnerkumme <\/span><span data-contrast=\"auto\">\u2013 pont suspendu <\/span><span data-contrast=\"auto\">\u2013 Jolischlucht \u2013 bisse de St\u00e4geru \u2013 Niedergesteln \u2013 Raron (village) \u2013 Raron (Turtig)<\/span><\/li>\n<\/ul>\n<\/div><\/section>\n<\/div><\/div><\/div><!-- close content main div --><\/div><\/div><div id='after_section_2'  class='main_color av_default_container_wrap container_wrap fullsize'  ><div class='container av-section-cont-open' ><div class='template-page content  av-content-full alpha units'><div class='post-entry post-entry-type-page post-entry-12807'><div class='entry-content-wrapper clearfix'>\n\n","protected":false},"excerpt":{"rendered":"","protected":false},"author":8,"featured_media":0,"parent":14246,"menu_order":0,"comment_status":"closed","ping_status":"closed","template":"","meta":{"inline_featured_image":false,"footnotes":""},"class_list":["post-12807","page","type-page","status-publish","hentry"],"yoast_head":"<!-- This site is optimized with the Yoast SEO plugin v27.3 - https:\/\/yoast.com\/product\/yoast-seo-wordpress\/ -->\n<title>Circuit de randonn\u00e9e de Jolischlucht - Unterb\u00e4ch<\/title>\n<meta name=\"description\" content=\"Afin de relier la rampe sud du L\u00f6tschberg au village de Niedergesteln, un chemin a \u00e9t\u00e9 am\u00e9nag\u00e9 \u00e0 travers les gorges sauvages de Jolischlucht, traversant les gorges au sommet \u00e0 l\u2019aide d\u2019un pont suspendu de 20 m\u00e8tres de haut. Un vrai moment fort pour tous les aventuriers et accros \u00e0 l\u2019adr\u00e9naline!\" \/>\n<meta name=\"robots\" content=\"index, follow, max-snippet:-1, max-image-preview:large, max-video-preview:-1\" \/>\n<link rel=\"canonical\" href=\"https:\/\/unterbaech.ch\/fr\/decouvertes-et-experiences\/lete\/randonnees\/chemins-de-randonnee-de-la-region-daugstbord\/circuit-de-randonnee-de-jolischlucht\/\" \/>\n<meta property=\"og:locale\" content=\"fr_FR\" \/>\n<meta property=\"og:type\" content=\"article\" \/>\n<meta property=\"og:title\" content=\"Circuit de randonn\u00e9e de Jolischlucht - Unterb\u00e4ch\" \/>\n<meta property=\"og:description\" content=\"Afin de relier la rampe sud du L\u00f6tschberg au village de Niedergesteln, un chemin a \u00e9t\u00e9 am\u00e9nag\u00e9 \u00e0 travers les gorges sauvages de Jolischlucht, traversant les gorges au sommet \u00e0 l\u2019aide d\u2019un pont suspendu de 20 m\u00e8tres de haut. Un vrai moment fort pour tous les aventuriers et accros \u00e0 l\u2019adr\u00e9naline!\" \/>\n<meta property=\"og:url\" content=\"https:\/\/unterbaech.ch\/fr\/decouvertes-et-experiences\/lete\/randonnees\/chemins-de-randonnee-de-la-region-daugstbord\/circuit-de-randonnee-de-jolischlucht\/\" \/>\n<meta property=\"og:site_name\" content=\"Unterb\u00e4ch\" \/>\n<meta property=\"article:publisher\" content=\"https:\/\/www.facebook.com\/unterbaech\" \/>\n<meta property=\"article:modified_time\" content=\"2026-03-23T12:55:26+00:00\" \/>\n<meta name=\"twitter:card\" content=\"summary_large_image\" \/>\n<meta name=\"twitter:label1\" content=\"Dur\u00e9e de lecture estim\u00e9e\" \/>\n\t<meta name=\"twitter:data1\" content=\"2 minutes\" \/>\n<script type=\"application\/ld+json\" class=\"yoast-schema-graph\">{\"@context\":\"https:\\\/\\\/schema.org\",\"@graph\":[{\"@type\":\"WebPage\",\"@id\":\"https:\\\/\\\/unterbaech.ch\\\/fr\\\/decouvertes-et-experiences\\\/lete\\\/randonnees\\\/chemins-de-randonnee-de-la-region-daugstbord\\\/circuit-de-randonnee-de-jolischlucht\\\/\",\"url\":\"https:\\\/\\\/unterbaech.ch\\\/fr\\\/decouvertes-et-experiences\\\/lete\\\/randonnees\\\/chemins-de-randonnee-de-la-region-daugstbord\\\/circuit-de-randonnee-de-jolischlucht\\\/\",\"name\":\"Circuit de randonn\u00e9e de Jolischlucht - Unterb\u00e4ch\",\"isPartOf\":{\"@id\":\"https:\\\/\\\/unterbaech.ch\\\/fr\\\/#website\"},\"datePublished\":\"2021-05-14T14:24:05+00:00\",\"dateModified\":\"2026-03-23T12:55:26+00:00\",\"description\":\"Afin de relier la rampe sud du L\u00f6tschberg au village de Niedergesteln, un chemin a \u00e9t\u00e9 am\u00e9nag\u00e9 \u00e0 travers les gorges sauvages de Jolischlucht, traversant les gorges au sommet \u00e0 l\u2019aide d\u2019un pont suspendu de 20 m\u00e8tres de haut. Un vrai moment fort pour tous les aventuriers et accros \u00e0 l\u2019adr\u00e9naline!\",\"breadcrumb\":{\"@id\":\"https:\\\/\\\/unterbaech.ch\\\/fr\\\/decouvertes-et-experiences\\\/lete\\\/randonnees\\\/chemins-de-randonnee-de-la-region-daugstbord\\\/circuit-de-randonnee-de-jolischlucht\\\/#breadcrumb\"},\"inLanguage\":\"fr-FR\",\"potentialAction\":[{\"@type\":\"ReadAction\",\"target\":[\"https:\\\/\\\/unterbaech.ch\\\/fr\\\/decouvertes-et-experiences\\\/lete\\\/randonnees\\\/chemins-de-randonnee-de-la-region-daugstbord\\\/circuit-de-randonnee-de-jolischlucht\\\/\"]}]},{\"@type\":\"BreadcrumbList\",\"@id\":\"https:\\\/\\\/unterbaech.ch\\\/fr\\\/decouvertes-et-experiences\\\/lete\\\/randonnees\\\/chemins-de-randonnee-de-la-region-daugstbord\\\/circuit-de-randonnee-de-jolischlucht\\\/#breadcrumb\",\"itemListElement\":[{\"@type\":\"ListItem\",\"position\":1,\"name\":\"Startseite\",\"item\":\"https:\\\/\\\/unterbaech.ch\\\/fr\\\/accueil\\\/\"},{\"@type\":\"ListItem\",\"position\":2,\"name\":\"D\u00e9couvertes et exp\u00e9riences\",\"item\":\"https:\\\/\\\/unterbaech.ch\\\/fr\\\/decouvertes-et-experiences\\\/\"},{\"@type\":\"ListItem\",\"position\":3,\"name\":\"L&#8217;\u00e9te\",\"item\":\"https:\\\/\\\/unterbaech.ch\\\/fr\\\/unterbaech\\\/sommer\\\/\"},{\"@type\":\"ListItem\",\"position\":4,\"name\":\"Randonn\u00e9es\",\"item\":\"https:\\\/\\\/unterbaech.ch\\\/fr\\\/unterbaech\\\/sommer\\\/wandern\\\/\"},{\"@type\":\"ListItem\",\"position\":5,\"name\":\"Chemins de randonn\u00e9e de la r\u00e9gion d&#8217;Augstbord\",\"item\":\"https:\\\/\\\/unterbaech.ch\\\/fr\\\/unterbaech\\\/sommer\\\/wandern\\\/wanderwege-augstbordregion\\\/\"},{\"@type\":\"ListItem\",\"position\":6,\"name\":\"Circuit de randonn\u00e9e de Jolischlucht\"}]},{\"@type\":\"WebSite\",\"@id\":\"https:\\\/\\\/unterbaech.ch\\\/fr\\\/#website\",\"url\":\"https:\\\/\\\/unterbaech.ch\\\/fr\\\/\",\"name\":\"Unterb\u00e4ch\",\"description\":\"\",\"publisher\":{\"@id\":\"https:\\\/\\\/unterbaech.ch\\\/fr\\\/#organization\"},\"potentialAction\":[{\"@type\":\"SearchAction\",\"target\":{\"@type\":\"EntryPoint\",\"urlTemplate\":\"https:\\\/\\\/unterbaech.ch\\\/fr\\\/?s={search_term_string}\"},\"query-input\":{\"@type\":\"PropertyValueSpecification\",\"valueRequired\":true,\"valueName\":\"search_term_string\"}}],\"inLanguage\":\"fr-FR\"},{\"@type\":\"Organization\",\"@id\":\"https:\\\/\\\/unterbaech.ch\\\/fr\\\/#organization\",\"name\":\"Unterb\u00e4ch Tourismus\",\"url\":\"https:\\\/\\\/unterbaech.ch\\\/fr\\\/\",\"logo\":{\"@type\":\"ImageObject\",\"inLanguage\":\"fr-FR\",\"@id\":\"https:\\\/\\\/unterbaech.ch\\\/fr\\\/#\\\/schema\\\/logo\\\/image\\\/\",\"url\":\"https:\\\/\\\/unterbaech.ch\\\/wp-content\\\/uploads\\\/Logo-1.png\",\"contentUrl\":\"https:\\\/\\\/unterbaech.ch\\\/wp-content\\\/uploads\\\/Logo-1.png\",\"width\":1125,\"height\":1102,\"caption\":\"Unterb\u00e4ch Tourismus\"},\"image\":{\"@id\":\"https:\\\/\\\/unterbaech.ch\\\/fr\\\/#\\\/schema\\\/logo\\\/image\\\/\"},\"sameAs\":[\"https:\\\/\\\/www.facebook.com\\\/unterbaech\",\"https:\\\/\\\/www.instagram.com\\\/visit.unterbaech\\\/\",\"https:\\\/\\\/de.wikipedia.org\\\/wiki\\\/Unterb\u00e4ch\"]}]}<\/script>\n<!-- \/ Yoast SEO plugin. -->","yoast_head_json":{"title":"Circuit de randonn\u00e9e de Jolischlucht - Unterb\u00e4ch","description":"Afin de relier la rampe sud du L\u00f6tschberg au village de Niedergesteln, un chemin a \u00e9t\u00e9 am\u00e9nag\u00e9 \u00e0 travers les gorges sauvages de Jolischlucht, traversant les gorges au sommet \u00e0 l\u2019aide d\u2019un pont suspendu de 20 m\u00e8tres de haut. Un vrai moment fort pour tous les aventuriers et accros \u00e0 l\u2019adr\u00e9naline!","robots":{"index":"index","follow":"follow","max-snippet":"max-snippet:-1","max-image-preview":"max-image-preview:large","max-video-preview":"max-video-preview:-1"},"canonical":"https:\/\/unterbaech.ch\/fr\/decouvertes-et-experiences\/lete\/randonnees\/chemins-de-randonnee-de-la-region-daugstbord\/circuit-de-randonnee-de-jolischlucht\/","og_locale":"fr_FR","og_type":"article","og_title":"Circuit de randonn\u00e9e de Jolischlucht - Unterb\u00e4ch","og_description":"Afin de relier la rampe sud du L\u00f6tschberg au village de Niedergesteln, un chemin a \u00e9t\u00e9 am\u00e9nag\u00e9 \u00e0 travers les gorges sauvages de Jolischlucht, traversant les gorges au sommet \u00e0 l\u2019aide d\u2019un pont suspendu de 20 m\u00e8tres de haut. Un vrai moment fort pour tous les aventuriers et accros \u00e0 l\u2019adr\u00e9naline!","og_url":"https:\/\/unterbaech.ch\/fr\/decouvertes-et-experiences\/lete\/randonnees\/chemins-de-randonnee-de-la-region-daugstbord\/circuit-de-randonnee-de-jolischlucht\/","og_site_name":"Unterb\u00e4ch","article_publisher":"https:\/\/www.facebook.com\/unterbaech","article_modified_time":"2026-03-23T12:55:26+00:00","twitter_card":"summary_large_image","twitter_misc":{"Dur\u00e9e de lecture estim\u00e9e":"2 minutes"},"schema":{"@context":"https:\/\/schema.org","@graph":[{"@type":"WebPage","@id":"https:\/\/unterbaech.ch\/fr\/decouvertes-et-experiences\/lete\/randonnees\/chemins-de-randonnee-de-la-region-daugstbord\/circuit-de-randonnee-de-jolischlucht\/","url":"https:\/\/unterbaech.ch\/fr\/decouvertes-et-experiences\/lete\/randonnees\/chemins-de-randonnee-de-la-region-daugstbord\/circuit-de-randonnee-de-jolischlucht\/","name":"Circuit de randonn\u00e9e de Jolischlucht - Unterb\u00e4ch","isPartOf":{"@id":"https:\/\/unterbaech.ch\/fr\/#website"},"datePublished":"2021-05-14T14:24:05+00:00","dateModified":"2026-03-23T12:55:26+00:00","description":"Afin de relier la rampe sud du L\u00f6tschberg au village de Niedergesteln, un chemin a \u00e9t\u00e9 am\u00e9nag\u00e9 \u00e0 travers les gorges sauvages de Jolischlucht, traversant les gorges au sommet \u00e0 l\u2019aide d\u2019un pont suspendu de 20 m\u00e8tres de haut. Un vrai moment fort pour tous les aventuriers et accros \u00e0 l\u2019adr\u00e9naline!","breadcrumb":{"@id":"https:\/\/unterbaech.ch\/fr\/decouvertes-et-experiences\/lete\/randonnees\/chemins-de-randonnee-de-la-region-daugstbord\/circuit-de-randonnee-de-jolischlucht\/#breadcrumb"},"inLanguage":"fr-FR","potentialAction":[{"@type":"ReadAction","target":["https:\/\/unterbaech.ch\/fr\/decouvertes-et-experiences\/lete\/randonnees\/chemins-de-randonnee-de-la-region-daugstbord\/circuit-de-randonnee-de-jolischlucht\/"]}]},{"@type":"BreadcrumbList","@id":"https:\/\/unterbaech.ch\/fr\/decouvertes-et-experiences\/lete\/randonnees\/chemins-de-randonnee-de-la-region-daugstbord\/circuit-de-randonnee-de-jolischlucht\/#breadcrumb","itemListElement":[{"@type":"ListItem","position":1,"name":"Startseite","item":"https:\/\/unterbaech.ch\/fr\/accueil\/"},{"@type":"ListItem","position":2,"name":"D\u00e9couvertes et exp\u00e9riences","item":"https:\/\/unterbaech.ch\/fr\/decouvertes-et-experiences\/"},{"@type":"ListItem","position":3,"name":"L&#8217;\u00e9te","item":"https:\/\/unterbaech.ch\/fr\/unterbaech\/sommer\/"},{"@type":"ListItem","position":4,"name":"Randonn\u00e9es","item":"https:\/\/unterbaech.ch\/fr\/unterbaech\/sommer\/wandern\/"},{"@type":"ListItem","position":5,"name":"Chemins de randonn\u00e9e de la r\u00e9gion d&#8217;Augstbord","item":"https:\/\/unterbaech.ch\/fr\/unterbaech\/sommer\/wandern\/wanderwege-augstbordregion\/"},{"@type":"ListItem","position":6,"name":"Circuit de randonn\u00e9e de Jolischlucht"}]},{"@type":"WebSite","@id":"https:\/\/unterbaech.ch\/fr\/#website","url":"https:\/\/unterbaech.ch\/fr\/","name":"Unterb\u00e4ch","description":"","publisher":{"@id":"https:\/\/unterbaech.ch\/fr\/#organization"},"potentialAction":[{"@type":"SearchAction","target":{"@type":"EntryPoint","urlTemplate":"https:\/\/unterbaech.ch\/fr\/?s={search_term_string}"},"query-input":{"@type":"PropertyValueSpecification","valueRequired":true,"valueName":"search_term_string"}}],"inLanguage":"fr-FR"},{"@type":"Organization","@id":"https:\/\/unterbaech.ch\/fr\/#organization","name":"Unterb\u00e4ch Tourismus","url":"https:\/\/unterbaech.ch\/fr\/","logo":{"@type":"ImageObject","inLanguage":"fr-FR","@id":"https:\/\/unterbaech.ch\/fr\/#\/schema\/logo\/image\/","url":"https:\/\/unterbaech.ch\/wp-content\/uploads\/Logo-1.png","contentUrl":"https:\/\/unterbaech.ch\/wp-content\/uploads\/Logo-1.png","width":1125,"height":1102,"caption":"Unterb\u00e4ch Tourismus"},"image":{"@id":"https:\/\/unterbaech.ch\/fr\/#\/schema\/logo\/image\/"},"sameAs":["https:\/\/www.facebook.com\/unterbaech","https:\/\/www.instagram.com\/visit.unterbaech\/","https:\/\/de.wikipedia.org\/wiki\/Unterb\u00e4ch"]}]}},"_links":{"self":[{"href":"https:\/\/unterbaech.ch\/fr\/wp-json\/wp\/v2\/pages\/12807","targetHints":{"allow":["GET"]}}],"collection":[{"href":"https:\/\/unterbaech.ch\/fr\/wp-json\/wp\/v2\/pages"}],"about":[{"href":"https:\/\/unterbaech.ch\/fr\/wp-json\/wp\/v2\/types\/page"}],"author":[{"embeddable":true,"href":"https:\/\/unterbaech.ch\/fr\/wp-json\/wp\/v2\/users\/8"}],"replies":[{"embeddable":true,"href":"https:\/\/unterbaech.ch\/fr\/wp-json\/wp\/v2\/comments?post=12807"}],"version-history":[{"count":7,"href":"https:\/\/unterbaech.ch\/fr\/wp-json\/wp\/v2\/pages\/12807\/revisions"}],"predecessor-version":[{"id":29427,"href":"https:\/\/unterbaech.ch\/fr\/wp-json\/wp\/v2\/pages\/12807\/revisions\/29427"}],"up":[{"embeddable":true,"href":"https:\/\/unterbaech.ch\/fr\/wp-json\/wp\/v2\/pages\/14246"}],"wp:attachment":[{"href":"https:\/\/unterbaech.ch\/fr\/wp-json\/wp\/v2\/media?parent=12807"}],"curies":[{"name":"wp","href":"https:\/\/api.w.org\/{rel}","templated":true}]}}