{"id":12810,"date":"2021-05-14T16:41:58","date_gmt":"2021-05-14T14:41:58","guid":{"rendered":"https:\/\/unterbaech.ch\/le-trail-des-detectives\/"},"modified":"2021-05-14T16:42:03","modified_gmt":"2021-05-14T14:42:03","slug":"le-trail-des-detectives","status":"publish","type":"page","link":"https:\/\/unterbaech.ch\/fr\/decouvertes-et-experiences\/lete\/randonnees\/randonnee-avec-des-enfants\/le-trail-des-detectives\/","title":{"rendered":"Le trail des d\u00e9tectives"},"content":{"rendered":"\n<style type=\"text\/css\" data-created_by=\"avia_inline_auto\" id=\"style-css-av-kbax8y3e-ba0f192a9b017194fb76a036d981380f\">\n.avia-section.av-kbax8y3e-ba0f192a9b017194fb76a036d981380f .av-parallax .av-parallax-inner{\nbackground-repeat:no-repeat;\nbackground-image:url(https:\/\/unterbaech.ch\/wp-content\/uploads\/2020\/07\/Raron_Fr\u00fchling-scaled.jpg);\nbackground-position:50% 100%;\nbackground-attachment:scroll;\n}\n<\/style>\n<div id='av_section_1'  class='avia-section av-kbax8y3e-ba0f192a9b017194fb76a036d981380f main_color avia-section-default avia-no-border-styling  avia-builder-el-0  el_before_av_section  avia-builder-el-first  section-fullwidthimage avia-full-stretch av-parallax-section avia-bg-style-parallax av-minimum-height av-minimum-height-50 av-height-50  container_wrap fullsize'  data-section-bg-repeat='stretch' data-av_minimum_height_pc='50' data-av_min_height_opt='50'><div class='av-parallax' data-avia-parallax-ratio='0.3' ><div class='av-parallax-inner main_color avia-full-stretch'><\/div><\/div><div class='container av-section-cont-open' ><main  role=\"main\" itemprop=\"mainContentOfPage\"  class='template-page content  av-content-full alpha units'><div class='post-entry post-entry-type-page post-entry-12810'><div class='entry-content-wrapper clearfix'>\n<\/div><\/div><\/main><!-- close content main element --><\/div><\/div><div id='av_section_2'  class='avia-section av-1n2h9-eef07d2470a934665895b572bc96122f main_color avia-section-default avia-no-border-styling  avia-builder-el-1  el_after_av_section  el_before_av_one_full  section-leadtext onecol avia-bg-style-scroll container_wrap fullsize'  ><div class='container av-section-cont-open' ><div class='template-page content  av-content-full alpha units'><div class='post-entry post-entry-type-page post-entry-12810'><div class='entry-content-wrapper clearfix'>\n<section  class='av_textblock_section av-kbawhdx8-9a55faeefcbf4e8706dea9c49b9010c2 '   itemscope=\"itemscope\" itemtype=\"https:\/\/schema.org\/CreativeWork\" ><div class='avia_textblock'  itemprop=\"text\" ><p style=\"text-align: center;\"><strong>DECOUVRE LE VILLAGE DE RILKE ET DES CHAVALIERS<\/strong><\/p>\n<p>&#13;<br \/>\n&#13;<\/p>\n<h3 style=\"text-align: center;\">LE TRAIL DES DETEVTIVES<\/h3>\n<\/div><\/section>\n\n<style type=\"text\/css\" data-created_by=\"avia_inline_auto\" id=\"style-css-av-kbax4bbr-27f78f1f5574462b1f9eaf8ccb6701aa\">\n#top .hr.hr-invisible.av-kbax4bbr-27f78f1f5574462b1f9eaf8ccb6701aa{\nheight:25px;\n}\n<\/style>\n<div  class='hr av-kbax4bbr-27f78f1f5574462b1f9eaf8ccb6701aa hr-invisible  avia-builder-el-3  el_after_av_textblock  el_before_av_textblock '><span class='hr-inner '><span class=\"hr-inner-style\"><\/span><\/span><\/div>\n<section  class='av_textblock_section av-kb9j7yy8-cb52267f29ec33a0cbd1cb12b1aeb1b9 '   itemscope=\"itemscope\" itemtype=\"https:\/\/schema.org\/CreativeWork\" ><div class='avia_textblock lead'  itemprop=\"text\" ><p>A la chasse au tr\u00e9sor! Le trail des d\u00e9tectives de Rarogne est une exp\u00e9rience pleine d\u2019\u00e9nigmes pour les familles, les associations, les couples, les \u00e9coles et les entreprises. Le principe est simple: t\u00e9l\u00e9chargez la carte au tr\u00e9sor, r\u00e9solvez des \u00e9nigmes, calculez un code et obtenez un prix imm\u00e9diatement. Les chasseurs de tr\u00e9sors y apprennent beaucoup de choses int\u00e9ressantes sur la r\u00e9gion.&#13;<br \/>\n&#13;<br \/>\nLa chasse au tr\u00e9sor commence \u00e0 la gare de Rarogne, o\u00f9 les participants doivent r\u00e9soudre la premi\u00e8re \u00e9nigme. Ensuite, il faut suivre les pistes et les directions d\u00e9crites. Au cours de l\u2019enqu\u00eate, les d\u00e9tectives passent \u00e0 plusieurs reprises devant des \u00e9tapes de devinette o\u00f9 d\u2019autres \u00e9nigmes les attendent, que des indices environnants permettent de r\u00e9soudre. A la fin du parcours, les d\u00e9tectives calculent un code, qui se compose des solutions des diff\u00e9rentes \u00e9nigmes. Si le code est correct, les participants peuvent utiliser ce coupon pour recevoir leur prix imm\u00e9diatement.<\/p>\n<\/div><\/section>\n<div  class='avia-button-wrap av-kbajg3mm-330e7b458adba3463173c1565ee1b117-wrap avia-button-center  avia-builder-el-5  el_after_av_textblock  avia-builder-el-last '><a href='http:\/\/www.loetschberg-region.ch\/angebote\/detektiv-trail\/'  class='avia-button av-kbajg3mm-330e7b458adba3463173c1565ee1b117 av-link-btn avia-icon_select-no avia-size-small avia-position-center avia-color-theme-color'  target=\"_blank\"  rel=\"noopener noreferrer\"  aria-label=\"plus des informations\"><span class='avia_iconbox_title' >plus des informations<\/span><\/a><\/div>\n<\/div><\/div><\/div><!-- close content main div --><\/div><\/div><div id='after_section_2'  class='main_color av_default_container_wrap container_wrap fullsize'  ><div class='container av-section-cont-open' ><div class='template-page content  av-content-full alpha units'><div class='post-entry post-entry-type-page post-entry-12810'><div class='entry-content-wrapper clearfix'>\n<style type=\"text\/css\" data-created_by=\"avia_inline_auto\" id=\"style-css-av-kbujysp3-bb5986012cdba25cfd25bc18cd1575b4\">\n.flex_column.av-kbujysp3-bb5986012cdba25cfd25bc18cd1575b4{\nborder-radius:0px 0px 0px 0px;\npadding:0px 0px 0px 0px;\n}\n<\/style>\n<div  class='flex_column av-kbujysp3-bb5986012cdba25cfd25bc18cd1575b4 av_one_full  avia-builder-el-6  el_after_av_section  avia-builder-el-no-sibling  gallery-masonry first flex_column_div av-zero-column-padding  '     ><div id='av-masonry-1' class='av-masonry av-kbrrgn31-c82566c9190b426d0ca7bf1e3e2716b6 noHover av-fixed-size av-large-gap av-hover-overlay-active av-masonry-animation-active av-masonry-col-3 av-caption-always av-caption-style- av-masonry-gallery ' data-post_id=\"12810\"><div class=\"av-masonry-container isotope av-js-disabled\"><div class='av-masonry-entry isotope-item av-masonry-item-no-image '><\/div><a href=\"https:\/\/unterbaech.ch\/wp-content\/uploads\/2020\/07\/Detektiv-Trail1.jpg\"  aria-label=\"image Detektiv-Trail1\"  id='av-masonry-1-item-4371' data-av-masonry-item='4371' class='av-masonry-entry isotope-item post-4371 attachment type-attachment status-inherit hentry  av-masonry-item-with-image av-grid-img' title=\"Detektiv-Trail1\" alt=\"\"    itemprop=\"thumbnailUrl\" ><div class='av-inner-masonry-sizer'><\/div><figure class='av-inner-masonry main_color'><div class=\"av-masonry-outerimage-container\"><div class='av-masonry-image-container' style=\"background-image: url(https:\/\/unterbaech.ch\/wp-content\/uploads\/2020\/07\/Detektiv-Trail1.jpg);\"  title=\"Detektiv-Trail1\" ><\/div><\/div><\/figure><\/a><!--end av-masonry entry--><a href=\"https:\/\/unterbaech.ch\/wp-content\/uploads\/2020\/07\/Bld-Detektiv-Trail.jpg\" data-srcset=\"https:\/\/unterbaech.ch\/wp-content\/uploads\/2020\/07\/Bld-Detektiv-Trail.jpg 1152w, https:\/\/unterbaech.ch\/wp-content\/uploads\/2020\/07\/Bld-Detektiv-Trail-1024x704.jpg 1024w, https:\/\/unterbaech.ch\/wp-content\/uploads\/2020\/07\/Bld-Detektiv-Trail-768x528.jpg 768w, https:\/\/unterbaech.ch\/wp-content\/uploads\/2020\/07\/Bld-Detektiv-Trail-705x485.jpg 705w\" data-sizes=\"(max-width: 1152px) 100vw, 1152px\"  aria-label=\"image Bld Detektiv-Trail\"  id='av-masonry-1-item-4359' data-av-masonry-item='4359' class='av-masonry-entry isotope-item post-4359 attachment type-attachment status-inherit hentry  av-masonry-item-with-image av-grid-img' title=\"Bld Detektiv-Trail\" alt=\"\"    itemprop=\"thumbnailUrl\" ><div class='av-inner-masonry-sizer'><\/div><figure class='av-inner-masonry main_color'><div class=\"av-masonry-outerimage-container\"><div class='av-masonry-image-container' style=\"background-image: url(https:\/\/unterbaech.ch\/wp-content\/uploads\/2020\/07\/Bld-Detektiv-Trail-705x485.jpg);\"  title=\"Bld Detektiv-Trail\" ><\/div><\/div><\/figure><\/a><!--end av-masonry entry--><a href=\"https:\/\/unterbaech.ch\/wp-content\/uploads\/2020\/07\/Bild-mit-Detektiv-Dachs.jpg\" data-srcset=\"https:\/\/unterbaech.ch\/wp-content\/uploads\/2020\/07\/Bild-mit-Detektiv-Dachs.jpg 1119w, https:\/\/unterbaech.ch\/wp-content\/uploads\/2020\/07\/Bild-mit-Detektiv-Dachs-1024x723.jpg 1024w, https:\/\/unterbaech.ch\/wp-content\/uploads\/2020\/07\/Bild-mit-Detektiv-Dachs-768x542.jpg 768w, https:\/\/unterbaech.ch\/wp-content\/uploads\/2020\/07\/Bild-mit-Detektiv-Dachs-260x185.jpg 260w, https:\/\/unterbaech.ch\/wp-content\/uploads\/2020\/07\/Bild-mit-Detektiv-Dachs-705x498.jpg 705w\" data-sizes=\"(max-width: 1119px) 100vw, 1119px\"  aria-label=\"image Bild mit Detektiv-Dachs\"  id='av-masonry-1-item-4356' data-av-masonry-item='4356' class='av-masonry-entry isotope-item post-4356 attachment type-attachment status-inherit hentry  av-masonry-item-with-image av-grid-img' title=\"Bild mit Detektiv-Dachs\" alt=\"\"    itemprop=\"thumbnailUrl\" ><div class='av-inner-masonry-sizer'><\/div><figure class='av-inner-masonry main_color'><div class=\"av-masonry-outerimage-container\"><div class='av-masonry-image-container' style=\"background-image: url(https:\/\/unterbaech.ch\/wp-content\/uploads\/2020\/07\/Bild-mit-Detektiv-Dachs-705x498.jpg);\"  title=\"Bild mit Detektiv-Dachs\" ><\/div><\/div><\/figure><\/a><!--end av-masonry entry--><a href=\"https:\/\/unterbaech.ch\/wp-content\/uploads\/2020\/07\/Bild-Detektiv-Trail.jpg\" data-srcset=\"https:\/\/unterbaech.ch\/wp-content\/uploads\/2020\/07\/Bild-Detektiv-Trail.jpg 1152w, https:\/\/unterbaech.ch\/wp-content\/uploads\/2020\/07\/Bild-Detektiv-Trail-1024x705.jpg 1024w, https:\/\/unterbaech.ch\/wp-content\/uploads\/2020\/07\/Bild-Detektiv-Trail-768x529.jpg 768w, https:\/\/unterbaech.ch\/wp-content\/uploads\/2020\/07\/Bild-Detektiv-Trail-705x485.jpg 705w\" data-sizes=\"(max-width: 1152px) 100vw, 1152px\"  aria-label=\"image Bild Detektiv Trail\"  id='av-masonry-1-item-4353' data-av-masonry-item='4353' class='av-masonry-entry isotope-item post-4353 attachment type-attachment status-inherit hentry  av-masonry-item-with-image av-grid-img' title=\"Bild Detektiv Trail\" alt=\"\"    itemprop=\"thumbnailUrl\" ><div class='av-inner-masonry-sizer'><\/div><figure class='av-inner-masonry main_color'><div class=\"av-masonry-outerimage-container\"><div class='av-masonry-image-container' style=\"background-image: url(https:\/\/unterbaech.ch\/wp-content\/uploads\/2020\/07\/Bild-Detektiv-Trail-705x485.jpg);\"  title=\"Bild Detektiv Trail\" ><\/div><\/div><\/figure><\/a><!--end av-masonry entry--><\/div><\/div><\/div><\/p>\n","protected":false},"excerpt":{"rendered":"","protected":false},"author":8,"featured_media":0,"parent":14243,"menu_order":0,"comment_status":"closed","ping_status":"closed","template":"","meta":{"inline_featured_image":false,"footnotes":""},"class_list":["post-12810","page","type-page","status-publish","hentry"],"yoast_head":"<!-- This site is optimized with the Yoast SEO plugin v27.5 - https:\/\/yoast.com\/product\/yoast-seo-wordpress\/ -->\n<title>Le trail des d\u00e9tectives - Unterb\u00e4ch<\/title>\n<meta name=\"description\" content=\"A la chasse au tr\u00e9sor! Le trail des d\u00e9tectives de Rarogne est une exp\u00e9rience pleine d\u2019\u00e9nigmes pour les familles, les associations, les couples, les \u00e9coles et les entreprises.\" \/>\n<meta name=\"robots\" content=\"index, follow, max-snippet:-1, max-image-preview:large, max-video-preview:-1\" \/>\n<link rel=\"canonical\" href=\"https:\/\/unterbaech.ch\/fr\/decouvertes-et-experiences\/lete\/randonnees\/randonnee-avec-des-enfants\/le-trail-des-detectives\/\" \/>\n<meta property=\"og:locale\" content=\"fr_FR\" \/>\n<meta property=\"og:type\" content=\"article\" \/>\n<meta property=\"og:title\" content=\"Le trail des d\u00e9tectives - Unterb\u00e4ch\" \/>\n<meta property=\"og:description\" content=\"A la chasse au tr\u00e9sor! Le trail des d\u00e9tectives de Rarogne est une exp\u00e9rience pleine d\u2019\u00e9nigmes pour les familles, les associations, les couples, les \u00e9coles et les entreprises.\" \/>\n<meta property=\"og:url\" content=\"https:\/\/unterbaech.ch\/fr\/decouvertes-et-experiences\/lete\/randonnees\/randonnee-avec-des-enfants\/le-trail-des-detectives\/\" \/>\n<meta property=\"og:site_name\" content=\"Unterb\u00e4ch\" \/>\n<meta property=\"article:publisher\" content=\"https:\/\/www.facebook.com\/unterbaech\" \/>\n<meta property=\"article:modified_time\" content=\"2021-05-14T14:42:03+00:00\" \/>\n<meta name=\"twitter:card\" content=\"summary_large_image\" \/>\n<meta name=\"twitter:label1\" content=\"Dur\u00e9e de lecture estim\u00e9e\" \/>\n\t<meta name=\"twitter:data1\" content=\"4 minutes\" \/>\n<script type=\"application\/ld+json\" class=\"yoast-schema-graph\">{\"@context\":\"https:\\\/\\\/schema.org\",\"@graph\":[{\"@type\":\"WebPage\",\"@id\":\"https:\\\/\\\/unterbaech.ch\\\/fr\\\/decouvertes-et-experiences\\\/lete\\\/randonnees\\\/randonnee-avec-des-enfants\\\/le-trail-des-detectives\\\/\",\"url\":\"https:\\\/\\\/unterbaech.ch\\\/fr\\\/decouvertes-et-experiences\\\/lete\\\/randonnees\\\/randonnee-avec-des-enfants\\\/le-trail-des-detectives\\\/\",\"name\":\"Le trail des d\u00e9tectives - Unterb\u00e4ch\",\"isPartOf\":{\"@id\":\"https:\\\/\\\/unterbaech.ch\\\/fr\\\/#website\"},\"datePublished\":\"2021-05-14T14:41:58+00:00\",\"dateModified\":\"2021-05-14T14:42:03+00:00\",\"description\":\"A la chasse au tr\u00e9sor! Le trail des d\u00e9tectives de Rarogne est une exp\u00e9rience pleine d\u2019\u00e9nigmes pour les familles, les associations, les couples, les \u00e9coles et les entreprises.\",\"breadcrumb\":{\"@id\":\"https:\\\/\\\/unterbaech.ch\\\/fr\\\/decouvertes-et-experiences\\\/lete\\\/randonnees\\\/randonnee-avec-des-enfants\\\/le-trail-des-detectives\\\/#breadcrumb\"},\"inLanguage\":\"fr-FR\",\"potentialAction\":[{\"@type\":\"ReadAction\",\"target\":[\"https:\\\/\\\/unterbaech.ch\\\/fr\\\/decouvertes-et-experiences\\\/lete\\\/randonnees\\\/randonnee-avec-des-enfants\\\/le-trail-des-detectives\\\/\"]}]},{\"@type\":\"BreadcrumbList\",\"@id\":\"https:\\\/\\\/unterbaech.ch\\\/fr\\\/decouvertes-et-experiences\\\/lete\\\/randonnees\\\/randonnee-avec-des-enfants\\\/le-trail-des-detectives\\\/#breadcrumb\",\"itemListElement\":[{\"@type\":\"ListItem\",\"position\":1,\"name\":\"Startseite\",\"item\":\"https:\\\/\\\/unterbaech.ch\\\/fr\\\/accueil\\\/\"},{\"@type\":\"ListItem\",\"position\":2,\"name\":\"D\u00e9couvertes et exp\u00e9riences\",\"item\":\"https:\\\/\\\/unterbaech.ch\\\/fr\\\/decouvertes-et-experiences\\\/\"},{\"@type\":\"ListItem\",\"position\":3,\"name\":\"L&#8217;\u00e9te\",\"item\":\"https:\\\/\\\/unterbaech.ch\\\/fr\\\/unterbaech\\\/sommer\\\/\"},{\"@type\":\"ListItem\",\"position\":4,\"name\":\"Randonn\u00e9es\",\"item\":\"https:\\\/\\\/unterbaech.ch\\\/fr\\\/unterbaech\\\/sommer\\\/wandern\\\/\"},{\"@type\":\"ListItem\",\"position\":5,\"name\":\"Randonn\u00e9es avec enfants\",\"item\":\"https:\\\/\\\/unterbaech.ch\\\/fr\\\/unterbaech\\\/sommer\\\/wandern\\\/wandern-mit-kindern\\\/\"},{\"@type\":\"ListItem\",\"position\":6,\"name\":\"Le trail des d\u00e9tectives\"}]},{\"@type\":\"WebSite\",\"@id\":\"https:\\\/\\\/unterbaech.ch\\\/fr\\\/#website\",\"url\":\"https:\\\/\\\/unterbaech.ch\\\/fr\\\/\",\"name\":\"Unterb\u00e4ch\",\"description\":\"\",\"publisher\":{\"@id\":\"https:\\\/\\\/unterbaech.ch\\\/fr\\\/#organization\"},\"potentialAction\":[{\"@type\":\"SearchAction\",\"target\":{\"@type\":\"EntryPoint\",\"urlTemplate\":\"https:\\\/\\\/unterbaech.ch\\\/fr\\\/?s={search_term_string}\"},\"query-input\":{\"@type\":\"PropertyValueSpecification\",\"valueRequired\":true,\"valueName\":\"search_term_string\"}}],\"inLanguage\":\"fr-FR\"},{\"@type\":\"Organization\",\"@id\":\"https:\\\/\\\/unterbaech.ch\\\/fr\\\/#organization\",\"name\":\"Unterb\u00e4ch Tourismus\",\"url\":\"https:\\\/\\\/unterbaech.ch\\\/fr\\\/\",\"logo\":{\"@type\":\"ImageObject\",\"inLanguage\":\"fr-FR\",\"@id\":\"https:\\\/\\\/unterbaech.ch\\\/fr\\\/#\\\/schema\\\/logo\\\/image\\\/\",\"url\":\"https:\\\/\\\/unterbaech.ch\\\/wp-content\\\/uploads\\\/Logo-1.png\",\"contentUrl\":\"https:\\\/\\\/unterbaech.ch\\\/wp-content\\\/uploads\\\/Logo-1.png\",\"width\":1125,\"height\":1102,\"caption\":\"Unterb\u00e4ch Tourismus\"},\"image\":{\"@id\":\"https:\\\/\\\/unterbaech.ch\\\/fr\\\/#\\\/schema\\\/logo\\\/image\\\/\"},\"sameAs\":[\"https:\\\/\\\/www.facebook.com\\\/unterbaech\",\"https:\\\/\\\/www.instagram.com\\\/visit.unterbaech\\\/\",\"https:\\\/\\\/de.wikipedia.org\\\/wiki\\\/Unterb\u00e4ch\"]}]}<\/script>\n<!-- \/ Yoast SEO plugin. -->","yoast_head_json":{"title":"Le trail des d\u00e9tectives - Unterb\u00e4ch","description":"A la chasse au tr\u00e9sor! Le trail des d\u00e9tectives de Rarogne est une exp\u00e9rience pleine d\u2019\u00e9nigmes pour les familles, les associations, les couples, les \u00e9coles et les entreprises.","robots":{"index":"index","follow":"follow","max-snippet":"max-snippet:-1","max-image-preview":"max-image-preview:large","max-video-preview":"max-video-preview:-1"},"canonical":"https:\/\/unterbaech.ch\/fr\/decouvertes-et-experiences\/lete\/randonnees\/randonnee-avec-des-enfants\/le-trail-des-detectives\/","og_locale":"fr_FR","og_type":"article","og_title":"Le trail des d\u00e9tectives - Unterb\u00e4ch","og_description":"A la chasse au tr\u00e9sor! Le trail des d\u00e9tectives de Rarogne est une exp\u00e9rience pleine d\u2019\u00e9nigmes pour les familles, les associations, les couples, les \u00e9coles et les entreprises.","og_url":"https:\/\/unterbaech.ch\/fr\/decouvertes-et-experiences\/lete\/randonnees\/randonnee-avec-des-enfants\/le-trail-des-detectives\/","og_site_name":"Unterb\u00e4ch","article_publisher":"https:\/\/www.facebook.com\/unterbaech","article_modified_time":"2021-05-14T14:42:03+00:00","twitter_card":"summary_large_image","twitter_misc":{"Dur\u00e9e de lecture estim\u00e9e":"4 minutes"},"schema":{"@context":"https:\/\/schema.org","@graph":[{"@type":"WebPage","@id":"https:\/\/unterbaech.ch\/fr\/decouvertes-et-experiences\/lete\/randonnees\/randonnee-avec-des-enfants\/le-trail-des-detectives\/","url":"https:\/\/unterbaech.ch\/fr\/decouvertes-et-experiences\/lete\/randonnees\/randonnee-avec-des-enfants\/le-trail-des-detectives\/","name":"Le trail des d\u00e9tectives - Unterb\u00e4ch","isPartOf":{"@id":"https:\/\/unterbaech.ch\/fr\/#website"},"datePublished":"2021-05-14T14:41:58+00:00","dateModified":"2021-05-14T14:42:03+00:00","description":"A la chasse au tr\u00e9sor! Le trail des d\u00e9tectives de Rarogne est une exp\u00e9rience pleine d\u2019\u00e9nigmes pour les familles, les associations, les couples, les \u00e9coles et les entreprises.","breadcrumb":{"@id":"https:\/\/unterbaech.ch\/fr\/decouvertes-et-experiences\/lete\/randonnees\/randonnee-avec-des-enfants\/le-trail-des-detectives\/#breadcrumb"},"inLanguage":"fr-FR","potentialAction":[{"@type":"ReadAction","target":["https:\/\/unterbaech.ch\/fr\/decouvertes-et-experiences\/lete\/randonnees\/randonnee-avec-des-enfants\/le-trail-des-detectives\/"]}]},{"@type":"BreadcrumbList","@id":"https:\/\/unterbaech.ch\/fr\/decouvertes-et-experiences\/lete\/randonnees\/randonnee-avec-des-enfants\/le-trail-des-detectives\/#breadcrumb","itemListElement":[{"@type":"ListItem","position":1,"name":"Startseite","item":"https:\/\/unterbaech.ch\/fr\/accueil\/"},{"@type":"ListItem","position":2,"name":"D\u00e9couvertes et exp\u00e9riences","item":"https:\/\/unterbaech.ch\/fr\/decouvertes-et-experiences\/"},{"@type":"ListItem","position":3,"name":"L&#8217;\u00e9te","item":"https:\/\/unterbaech.ch\/fr\/unterbaech\/sommer\/"},{"@type":"ListItem","position":4,"name":"Randonn\u00e9es","item":"https:\/\/unterbaech.ch\/fr\/unterbaech\/sommer\/wandern\/"},{"@type":"ListItem","position":5,"name":"Randonn\u00e9es avec enfants","item":"https:\/\/unterbaech.ch\/fr\/unterbaech\/sommer\/wandern\/wandern-mit-kindern\/"},{"@type":"ListItem","position":6,"name":"Le trail des d\u00e9tectives"}]},{"@type":"WebSite","@id":"https:\/\/unterbaech.ch\/fr\/#website","url":"https:\/\/unterbaech.ch\/fr\/","name":"Unterb\u00e4ch","description":"","publisher":{"@id":"https:\/\/unterbaech.ch\/fr\/#organization"},"potentialAction":[{"@type":"SearchAction","target":{"@type":"EntryPoint","urlTemplate":"https:\/\/unterbaech.ch\/fr\/?s={search_term_string}"},"query-input":{"@type":"PropertyValueSpecification","valueRequired":true,"valueName":"search_term_string"}}],"inLanguage":"fr-FR"},{"@type":"Organization","@id":"https:\/\/unterbaech.ch\/fr\/#organization","name":"Unterb\u00e4ch Tourismus","url":"https:\/\/unterbaech.ch\/fr\/","logo":{"@type":"ImageObject","inLanguage":"fr-FR","@id":"https:\/\/unterbaech.ch\/fr\/#\/schema\/logo\/image\/","url":"https:\/\/unterbaech.ch\/wp-content\/uploads\/Logo-1.png","contentUrl":"https:\/\/unterbaech.ch\/wp-content\/uploads\/Logo-1.png","width":1125,"height":1102,"caption":"Unterb\u00e4ch Tourismus"},"image":{"@id":"https:\/\/unterbaech.ch\/fr\/#\/schema\/logo\/image\/"},"sameAs":["https:\/\/www.facebook.com\/unterbaech","https:\/\/www.instagram.com\/visit.unterbaech\/","https:\/\/de.wikipedia.org\/wiki\/Unterb\u00e4ch"]}]}},"_links":{"self":[{"href":"https:\/\/unterbaech.ch\/fr\/wp-json\/wp\/v2\/pages\/12810","targetHints":{"allow":["GET"]}}],"collection":[{"href":"https:\/\/unterbaech.ch\/fr\/wp-json\/wp\/v2\/pages"}],"about":[{"href":"https:\/\/unterbaech.ch\/fr\/wp-json\/wp\/v2\/types\/page"}],"author":[{"embeddable":true,"href":"https:\/\/unterbaech.ch\/fr\/wp-json\/wp\/v2\/users\/8"}],"replies":[{"embeddable":true,"href":"https:\/\/unterbaech.ch\/fr\/wp-json\/wp\/v2\/comments?post=12810"}],"version-history":[{"count":0,"href":"https:\/\/unterbaech.ch\/fr\/wp-json\/wp\/v2\/pages\/12810\/revisions"}],"up":[{"embeddable":true,"href":"https:\/\/unterbaech.ch\/fr\/wp-json\/wp\/v2\/pages\/14243"}],"wp:attachment":[{"href":"https:\/\/unterbaech.ch\/fr\/wp-json\/wp\/v2\/media?parent=12810"}],"curies":[{"name":"wp","href":"https:\/\/api.w.org\/{rel}","templated":true}]}}