{"id":12813,"date":"2021-05-14T16:48:18","date_gmt":"2021-05-14T14:48:18","guid":{"rendered":"https:\/\/unterbaech.ch\/le-sentier-des-oiseaux-mesanges-deischler\/"},"modified":"2026-03-23T15:58:25","modified_gmt":"2026-03-23T14:58:25","slug":"le-sentier-des-oiseaux-mesanges-deischler","status":"publish","type":"page","link":"https:\/\/unterbaech.ch\/fr\/decouvertes-et-experiences\/lete\/randonnees\/sentiers-educatifs-et-thematiques\/le-sentier-des-oiseaux-mesanges-deischler\/","title":{"rendered":"Le sentier des oiseaux m\u00e9sanges d\u2019Eischler"},"content":{"rendered":"\n<style type=\"text\/css\" data-created_by=\"avia_inline_auto\" id=\"style-css-av-kbax8y3e-f219f8a931ce14cfbf826054decd6eb4\">\n.avia-section.av-kbax8y3e-f219f8a931ce14cfbf826054decd6eb4 .av-parallax .av-parallax-inner{\nbackground-repeat:no-repeat;\nbackground-image:url(https:\/\/unterbaech.ch\/wp-content\/uploads\/IMG_5355.jpg);\nbackground-position:50% 50%;\nbackground-attachment:scroll;\n}\n<\/style>\n<div id='av_section_1'  class='avia-section av-kbax8y3e-f219f8a931ce14cfbf826054decd6eb4 main_color avia-section-default avia-no-border-styling  avia-builder-el-0  el_before_av_section  avia-builder-el-first  section-fullwidthimage avia-full-stretch av-parallax-section avia-bg-style-parallax av-minimum-height av-minimum-height-50 av-height-50  container_wrap fullsize'  data-section-bg-repeat='stretch' data-av_minimum_height_pc='50' data-av_min_height_opt='50'><div class='av-parallax' data-avia-parallax-ratio='0.3' ><div class='av-parallax-inner main_color avia-full-stretch'><\/div><\/div><div class='container av-section-cont-open' ><main  role=\"main\" itemprop=\"mainContentOfPage\"  class='template-page content  av-content-full alpha units'><div class='post-entry post-entry-type-page post-entry-12813'><div class='entry-content-wrapper clearfix'>\n<\/div><\/div><\/main><!-- close content main element --><\/div><\/div><div id='av_section_2'  class='avia-section av-1n2h9-eef07d2470a934665895b572bc96122f main_color avia-section-default avia-no-border-styling  avia-builder-el-1  el_after_av_section  el_before_av_codeblock  section-leadtext onecol avia-bg-style-scroll container_wrap fullsize'  ><div class='container av-section-cont-open' ><div class='template-page content  av-content-full alpha units'><div class='post-entry post-entry-type-page post-entry-12813'><div class='entry-content-wrapper clearfix'>\n<section  class='av_textblock_section av-kbawhdx8-9a55faeefcbf4e8706dea9c49b9010c2 '   itemscope=\"itemscope\" itemtype=\"https:\/\/schema.org\/CreativeWork\" ><div class='avia_textblock'  itemprop=\"text\" ><p style=\"text-align: center;\"><strong>SENTIER THEMATIQUE<br \/>\n<\/strong><\/p>\n<h3 style=\"text-align: center;\">LE SENTIER DES OISEAUX MESANGES D&rsquo;EISCHLER<\/h3>\n<\/div><\/section>\n\n<style type=\"text\/css\" data-created_by=\"avia_inline_auto\" id=\"style-css-av-kbax4bbr-27f78f1f5574462b1f9eaf8ccb6701aa\">\n#top .hr.hr-invisible.av-kbax4bbr-27f78f1f5574462b1f9eaf8ccb6701aa{\nheight:25px;\n}\n<\/style>\n<div  class='hr av-kbax4bbr-27f78f1f5574462b1f9eaf8ccb6701aa hr-invisible  avia-builder-el-3  el_after_av_textblock  el_before_av_textblock '><span class='hr-inner '><span class=\"hr-inner-style\"><\/span><\/span><\/div>\n<section  class='av_textblock_section av-kb9j7yy8-cb52267f29ec33a0cbd1cb12b1aeb1b9 '   itemscope=\"itemscope\" itemtype=\"https:\/\/schema.org\/CreativeWork\" ><div class='avia_textblock lead'  itemprop=\"text\" ><p>Le sentier des m\u00e9sanges est une randonn\u00e9e familiale d\u2019un genre particulier. Ceux qui le terminent sont r\u00e9compens\u00e9s par une petite surprise.<br \/>\nA la station sup\u00e9rieure du t\u00e9l\u00e9ph\u00e9rique Rarogne \u2013 Eischoll, on remet aux participants une carte de randonn\u00e9e avec photos. A l&rsquo;aide de cette carte, les enfants auront enfin l&rsquo;occasion de guider. Sur la base des photos, il est facile de trouver le bon chemin.<br \/>\nLe long du chemin des \u00abpoin\u00e7onneuses\u00bb se cachent dans une dizaine d\u2019endroits, avec lesquelles on tamponne la carte de visite. Ceux qui trouvent toutes les tamponneuses re\u00e7oivent un petit cadeau en \u00e9change de la carte compl\u00e9t\u00e9e.<\/p>\n<p>La randonn\u00e9e commence au niveau du t\u00e9l\u00e9ph\u00e9rique et m\u00e8ne vers l\u2019est jusqu&rsquo;\u00e0 Habere. Distraction et suspense sont garantis dans le merveilleux monde de la montagne, et le plaisir n&rsquo;est pas r\u00e9serv\u00e9 qu\u2019aux enfants.<\/p>\n<\/div><\/section>\n\n<style type=\"text\/css\" data-created_by=\"avia_inline_auto\" id=\"style-css-av-kbax4bbr-27f78f1f5574462b1f9eaf8ccb6701aa\">\n#top .hr.hr-invisible.av-kbax4bbr-27f78f1f5574462b1f9eaf8ccb6701aa{\nheight:25px;\n}\n<\/style>\n<div  class='hr av-kbax4bbr-27f78f1f5574462b1f9eaf8ccb6701aa hr-invisible  avia-builder-el-5  el_after_av_textblock  el_before_av_textblock '><span class='hr-inner '><span class=\"hr-inner-style\"><\/span><\/span><\/div>\n<section  class='av_textblock_section av-kbawhdx8-4b6b00edbcd58df42bb800e9e9971c00 '   itemscope=\"itemscope\" itemtype=\"https:\/\/schema.org\/CreativeWork\" ><div class='avia_textblock lead'  itemprop=\"text\" ><h5>TOURENDETAILS:<\/h5>\n<ul>\n<li style=\"text-align: left;\"><span data-contrast=\"auto\"><strong>Wanderzeit:<\/strong> 1h 15\u00a0<\/span><span data-ccp-props=\"{\">\u00a0<\/span><\/li>\n<\/ul>\n<\/div><\/section>\n<\/div><\/div><\/div><!-- close content main div --><\/div><\/div><div id='after_section_2'  class='main_color av_default_container_wrap container_wrap fullsize'  ><div class='container av-section-cont-open' ><div class='template-page content  av-content-full alpha units'><div class='post-entry post-entry-type-page post-entry-12813'><div class='entry-content-wrapper clearfix'>\n\n\n<style type=\"text\/css\" data-created_by=\"avia_inline_auto\" id=\"style-css-av-kbax4bbr-27f78f1f5574462b1f9eaf8ccb6701aa\">\n#top .hr.hr-invisible.av-kbax4bbr-27f78f1f5574462b1f9eaf8ccb6701aa{\nheight:25px;\n}\n<\/style>\n<div  class='hr av-kbax4bbr-27f78f1f5574462b1f9eaf8ccb6701aa hr-invisible  avia-builder-el-8  el_after_av_codeblock  el_before_av_one_full '><span class='hr-inner '><span class=\"hr-inner-style\"><\/span><\/span><\/div>\n\n<style type=\"text\/css\" data-created_by=\"avia_inline_auto\" id=\"style-css-av-kbujysp3-bb5986012cdba25cfd25bc18cd1575b4\">\n.flex_column.av-kbujysp3-bb5986012cdba25cfd25bc18cd1575b4{\nborder-radius:0px 0px 0px 0px;\npadding:0px 0px 0px 0px;\n}\n<\/style>\n<div  class='flex_column av-kbujysp3-bb5986012cdba25cfd25bc18cd1575b4 av_one_full  avia-builder-el-9  el_after_av_hr  avia-builder-el-last  gallery-masonry first flex_column_div av-zero-column-padding  '     ><div id='av-masonry-1' class='av-masonry av-kbrrgn31-2594c328b2f46f1060c93bd35735c315 noHover av-fixed-size av-large-gap av-hover-overlay-active av-masonry-animation-active av-masonry-col-3 av-caption-always av-caption-style- av-masonry-gallery ' data-post_id=\"12813\"><div class=\"av-masonry-container isotope av-js-disabled\"><div class='av-masonry-entry isotope-item av-masonry-item-no-image '><\/div><a href=\"https:\/\/unterbaech.ch\/wp-content\/uploads\/IMG_5542.jpg\" data-srcset=\"https:\/\/unterbaech.ch\/wp-content\/uploads\/IMG_5542.jpg 1200w, https:\/\/unterbaech.ch\/wp-content\/uploads\/IMG_5542-1024x683.jpg 1024w, https:\/\/unterbaech.ch\/wp-content\/uploads\/IMG_5542-768x512.jpg 768w, https:\/\/unterbaech.ch\/wp-content\/uploads\/IMG_5542-705x470.jpg 705w\" data-sizes=\"(max-width: 1200px) 100vw, 1200px\"  aria-label=\"image IMG_5542\"  id='av-masonry-1-item-8971' data-av-masonry-item='8971' class='av-masonry-entry isotope-item post-8971 attachment type-attachment status-inherit hentry  av-masonry-item-with-image av-grid-img' title=\"IMG_5542\" alt=\"\"    itemprop=\"thumbnailUrl\" ><div class='av-inner-masonry-sizer'><\/div><figure class='av-inner-masonry main_color'><div class=\"av-masonry-outerimage-container\"><div class='av-masonry-image-container' style=\"background-image: url(https:\/\/unterbaech.ch\/wp-content\/uploads\/IMG_5542-705x470.jpg);\"  title=\"IMG_5542\" ><\/div><\/div><\/figure><\/a><!--end av-masonry entry--><a href=\"https:\/\/unterbaech.ch\/wp-content\/uploads\/IMG_5355.jpg\" data-srcset=\"https:\/\/unterbaech.ch\/wp-content\/uploads\/IMG_5355.jpg 1200w, https:\/\/unterbaech.ch\/wp-content\/uploads\/IMG_5355-1024x576.jpg 1024w, https:\/\/unterbaech.ch\/wp-content\/uploads\/IMG_5355-768x432.jpg 768w, https:\/\/unterbaech.ch\/wp-content\/uploads\/IMG_5355-705x397.jpg 705w\" data-sizes=\"(max-width: 1200px) 100vw, 1200px\"  aria-label=\"image IMG_5355\"  id='av-masonry-1-item-8968' data-av-masonry-item='8968' class='av-masonry-entry isotope-item post-8968 attachment type-attachment status-inherit hentry  av-masonry-item-with-image av-landscape-img' title=\"IMG_5355\" alt=\"\"    itemprop=\"thumbnailUrl\" ><div class='av-inner-masonry-sizer'><\/div><figure class='av-inner-masonry main_color'><div class=\"av-masonry-outerimage-container\"><div class='av-masonry-image-container' style=\"background-image: url(https:\/\/unterbaech.ch\/wp-content\/uploads\/IMG_5355-705x397.jpg);\"  title=\"IMG_5355\" ><\/div><\/div><\/figure><\/a><!--end av-masonry entry--><a href=\"https:\/\/unterbaech.ch\/wp-content\/uploads\/IMG_5563.jpg\" data-srcset=\"https:\/\/unterbaech.ch\/wp-content\/uploads\/IMG_5563.jpg 1200w, https:\/\/unterbaech.ch\/wp-content\/uploads\/IMG_5563-1024x576.jpg 1024w, https:\/\/unterbaech.ch\/wp-content\/uploads\/IMG_5563-768x432.jpg 768w, https:\/\/unterbaech.ch\/wp-content\/uploads\/IMG_5563-705x397.jpg 705w\" data-sizes=\"(max-width: 1200px) 100vw, 1200px\"  aria-label=\"image IMG_5563\"  id='av-masonry-1-item-8974' data-av-masonry-item='8974' class='av-masonry-entry isotope-item post-8974 attachment type-attachment status-inherit hentry  av-masonry-item-with-image av-landscape-img' title=\"IMG_5563\" alt=\"\"    itemprop=\"thumbnailUrl\" ><div class='av-inner-masonry-sizer'><\/div><figure class='av-inner-masonry main_color'><div class=\"av-masonry-outerimage-container\"><div class='av-masonry-image-container' style=\"background-image: url(https:\/\/unterbaech.ch\/wp-content\/uploads\/IMG_5563-705x397.jpg);\"  title=\"IMG_5563\" ><\/div><\/div><\/figure><\/a><!--end av-masonry entry--><a href=\"https:\/\/unterbaech.ch\/wp-content\/uploads\/IMG_5265.jpg\" data-srcset=\"https:\/\/unterbaech.ch\/wp-content\/uploads\/IMG_5265.jpg 1200w, https:\/\/unterbaech.ch\/wp-content\/uploads\/IMG_5265-1024x683.jpg 1024w, https:\/\/unterbaech.ch\/wp-content\/uploads\/IMG_5265-768x512.jpg 768w, https:\/\/unterbaech.ch\/wp-content\/uploads\/IMG_5265-705x470.jpg 705w\" data-sizes=\"(max-width: 1200px) 100vw, 1200px\"  aria-label=\"image IMG_5265\"  id='av-masonry-1-item-8965' data-av-masonry-item='8965' class='av-masonry-entry isotope-item post-8965 attachment type-attachment status-inherit hentry  av-masonry-item-with-image av-grid-img' title=\"IMG_5265\" alt=\"\"    itemprop=\"thumbnailUrl\" ><div class='av-inner-masonry-sizer'><\/div><figure class='av-inner-masonry main_color'><div class=\"av-masonry-outerimage-container\"><div class='av-masonry-image-container' style=\"background-image: url(https:\/\/unterbaech.ch\/wp-content\/uploads\/IMG_5265-705x470.jpg);\"  title=\"IMG_5265\" ><\/div><\/div><\/figure><\/a><!--end av-masonry entry--><\/div><\/div><\/div>\n","protected":false},"excerpt":{"rendered":"","protected":false},"author":8,"featured_media":0,"parent":14234,"menu_order":0,"comment_status":"closed","ping_status":"closed","template":"","meta":{"inline_featured_image":false,"footnotes":""},"class_list":["post-12813","page","type-page","status-publish","hentry"],"yoast_head":"<!-- This site is optimized with the Yoast SEO plugin v27.3 - https:\/\/yoast.com\/product\/yoast-seo-wordpress\/ -->\n<title>Le sentier des oiseaux m\u00e9sanges d\u2019Eischler - Unterb\u00e4ch<\/title>\n<meta name=\"description\" content=\"Le sentier des m\u00e9sanges est une randonn\u00e9e familiale d\u2019un genre particulier. Ceux qui le terminent sont r\u00e9compens\u00e9s par une petite surprise. A la station sup\u00e9rieure du t\u00e9l\u00e9ph\u00e9rique Rarogne \u2013 Eischoll, on remet aux participants une carte de randonn\u00e9e avec photos.\" \/>\n<meta name=\"robots\" content=\"index, follow, max-snippet:-1, max-image-preview:large, max-video-preview:-1\" \/>\n<link rel=\"canonical\" href=\"https:\/\/unterbaech.ch\/fr\/decouvertes-et-experiences\/lete\/randonnees\/sentiers-educatifs-et-thematiques\/le-sentier-des-oiseaux-mesanges-deischler\/\" \/>\n<meta property=\"og:locale\" content=\"fr_FR\" \/>\n<meta property=\"og:type\" content=\"article\" \/>\n<meta property=\"og:title\" content=\"Le sentier des oiseaux m\u00e9sanges d\u2019Eischler - Unterb\u00e4ch\" \/>\n<meta property=\"og:description\" content=\"Le sentier des m\u00e9sanges est une randonn\u00e9e familiale d\u2019un genre particulier. Ceux qui le terminent sont r\u00e9compens\u00e9s par une petite surprise. A la station sup\u00e9rieure du t\u00e9l\u00e9ph\u00e9rique Rarogne \u2013 Eischoll, on remet aux participants une carte de randonn\u00e9e avec photos.\" \/>\n<meta property=\"og:url\" content=\"https:\/\/unterbaech.ch\/fr\/decouvertes-et-experiences\/lete\/randonnees\/sentiers-educatifs-et-thematiques\/le-sentier-des-oiseaux-mesanges-deischler\/\" \/>\n<meta property=\"og:site_name\" content=\"Unterb\u00e4ch\" \/>\n<meta property=\"article:publisher\" content=\"https:\/\/www.facebook.com\/unterbaech\" \/>\n<meta property=\"article:modified_time\" content=\"2026-03-23T14:58:25+00:00\" \/>\n<meta name=\"twitter:card\" content=\"summary_large_image\" \/>\n<meta name=\"twitter:label1\" content=\"Dur\u00e9e de lecture estim\u00e9e\" \/>\n\t<meta name=\"twitter:data1\" content=\"1 minute\" \/>\n<script type=\"application\/ld+json\" class=\"yoast-schema-graph\">{\"@context\":\"https:\\\/\\\/schema.org\",\"@graph\":[{\"@type\":\"WebPage\",\"@id\":\"https:\\\/\\\/unterbaech.ch\\\/fr\\\/decouvertes-et-experiences\\\/lete\\\/randonnees\\\/sentiers-educatifs-et-thematiques\\\/le-sentier-des-oiseaux-mesanges-deischler\\\/\",\"url\":\"https:\\\/\\\/unterbaech.ch\\\/fr\\\/decouvertes-et-experiences\\\/lete\\\/randonnees\\\/sentiers-educatifs-et-thematiques\\\/le-sentier-des-oiseaux-mesanges-deischler\\\/\",\"name\":\"Le sentier des oiseaux m\u00e9sanges d\u2019Eischler - Unterb\u00e4ch\",\"isPartOf\":{\"@id\":\"https:\\\/\\\/unterbaech.ch\\\/fr\\\/#website\"},\"datePublished\":\"2021-05-14T14:48:18+00:00\",\"dateModified\":\"2026-03-23T14:58:25+00:00\",\"description\":\"Le sentier des m\u00e9sanges est une randonn\u00e9e familiale d\u2019un genre particulier. Ceux qui le terminent sont r\u00e9compens\u00e9s par une petite surprise. A la station sup\u00e9rieure du t\u00e9l\u00e9ph\u00e9rique Rarogne \u2013 Eischoll, on remet aux participants une carte de randonn\u00e9e avec photos.\",\"breadcrumb\":{\"@id\":\"https:\\\/\\\/unterbaech.ch\\\/fr\\\/decouvertes-et-experiences\\\/lete\\\/randonnees\\\/sentiers-educatifs-et-thematiques\\\/le-sentier-des-oiseaux-mesanges-deischler\\\/#breadcrumb\"},\"inLanguage\":\"fr-FR\",\"potentialAction\":[{\"@type\":\"ReadAction\",\"target\":[\"https:\\\/\\\/unterbaech.ch\\\/fr\\\/decouvertes-et-experiences\\\/lete\\\/randonnees\\\/sentiers-educatifs-et-thematiques\\\/le-sentier-des-oiseaux-mesanges-deischler\\\/\"]}]},{\"@type\":\"BreadcrumbList\",\"@id\":\"https:\\\/\\\/unterbaech.ch\\\/fr\\\/decouvertes-et-experiences\\\/lete\\\/randonnees\\\/sentiers-educatifs-et-thematiques\\\/le-sentier-des-oiseaux-mesanges-deischler\\\/#breadcrumb\",\"itemListElement\":[{\"@type\":\"ListItem\",\"position\":1,\"name\":\"Startseite\",\"item\":\"https:\\\/\\\/unterbaech.ch\\\/fr\\\/accueil\\\/\"},{\"@type\":\"ListItem\",\"position\":2,\"name\":\"D\u00e9couvertes et exp\u00e9riences\",\"item\":\"https:\\\/\\\/unterbaech.ch\\\/fr\\\/decouvertes-et-experiences\\\/\"},{\"@type\":\"ListItem\",\"position\":3,\"name\":\"L&#8217;\u00e9te\",\"item\":\"https:\\\/\\\/unterbaech.ch\\\/fr\\\/unterbaech\\\/sommer\\\/\"},{\"@type\":\"ListItem\",\"position\":4,\"name\":\"Randonn\u00e9es\",\"item\":\"https:\\\/\\\/unterbaech.ch\\\/fr\\\/unterbaech\\\/sommer\\\/wandern\\\/\"},{\"@type\":\"ListItem\",\"position\":5,\"name\":\"Sentiers \u00e9ducatifs et th\u00e9matiques\",\"item\":\"https:\\\/\\\/unterbaech.ch\\\/fr\\\/unterbaech\\\/sommer\\\/wandern\\\/lehr-und-themenpfade\\\/\"},{\"@type\":\"ListItem\",\"position\":6,\"name\":\"Le sentier des oiseaux m\u00e9sanges d\u2019Eischler\"}]},{\"@type\":\"WebSite\",\"@id\":\"https:\\\/\\\/unterbaech.ch\\\/fr\\\/#website\",\"url\":\"https:\\\/\\\/unterbaech.ch\\\/fr\\\/\",\"name\":\"Unterb\u00e4ch\",\"description\":\"\",\"publisher\":{\"@id\":\"https:\\\/\\\/unterbaech.ch\\\/fr\\\/#organization\"},\"potentialAction\":[{\"@type\":\"SearchAction\",\"target\":{\"@type\":\"EntryPoint\",\"urlTemplate\":\"https:\\\/\\\/unterbaech.ch\\\/fr\\\/?s={search_term_string}\"},\"query-input\":{\"@type\":\"PropertyValueSpecification\",\"valueRequired\":true,\"valueName\":\"search_term_string\"}}],\"inLanguage\":\"fr-FR\"},{\"@type\":\"Organization\",\"@id\":\"https:\\\/\\\/unterbaech.ch\\\/fr\\\/#organization\",\"name\":\"Unterb\u00e4ch Tourismus\",\"url\":\"https:\\\/\\\/unterbaech.ch\\\/fr\\\/\",\"logo\":{\"@type\":\"ImageObject\",\"inLanguage\":\"fr-FR\",\"@id\":\"https:\\\/\\\/unterbaech.ch\\\/fr\\\/#\\\/schema\\\/logo\\\/image\\\/\",\"url\":\"https:\\\/\\\/unterbaech.ch\\\/wp-content\\\/uploads\\\/Logo-1.png\",\"contentUrl\":\"https:\\\/\\\/unterbaech.ch\\\/wp-content\\\/uploads\\\/Logo-1.png\",\"width\":1125,\"height\":1102,\"caption\":\"Unterb\u00e4ch Tourismus\"},\"image\":{\"@id\":\"https:\\\/\\\/unterbaech.ch\\\/fr\\\/#\\\/schema\\\/logo\\\/image\\\/\"},\"sameAs\":[\"https:\\\/\\\/www.facebook.com\\\/unterbaech\",\"https:\\\/\\\/www.instagram.com\\\/visit.unterbaech\\\/\",\"https:\\\/\\\/de.wikipedia.org\\\/wiki\\\/Unterb\u00e4ch\"]}]}<\/script>\n<!-- \/ Yoast SEO plugin. -->","yoast_head_json":{"title":"Le sentier des oiseaux m\u00e9sanges d\u2019Eischler - Unterb\u00e4ch","description":"Le sentier des m\u00e9sanges est une randonn\u00e9e familiale d\u2019un genre particulier. Ceux qui le terminent sont r\u00e9compens\u00e9s par une petite surprise. A la station sup\u00e9rieure du t\u00e9l\u00e9ph\u00e9rique Rarogne \u2013 Eischoll, on remet aux participants une carte de randonn\u00e9e avec photos.","robots":{"index":"index","follow":"follow","max-snippet":"max-snippet:-1","max-image-preview":"max-image-preview:large","max-video-preview":"max-video-preview:-1"},"canonical":"https:\/\/unterbaech.ch\/fr\/decouvertes-et-experiences\/lete\/randonnees\/sentiers-educatifs-et-thematiques\/le-sentier-des-oiseaux-mesanges-deischler\/","og_locale":"fr_FR","og_type":"article","og_title":"Le sentier des oiseaux m\u00e9sanges d\u2019Eischler - Unterb\u00e4ch","og_description":"Le sentier des m\u00e9sanges est une randonn\u00e9e familiale d\u2019un genre particulier. Ceux qui le terminent sont r\u00e9compens\u00e9s par une petite surprise. A la station sup\u00e9rieure du t\u00e9l\u00e9ph\u00e9rique Rarogne \u2013 Eischoll, on remet aux participants une carte de randonn\u00e9e avec photos.","og_url":"https:\/\/unterbaech.ch\/fr\/decouvertes-et-experiences\/lete\/randonnees\/sentiers-educatifs-et-thematiques\/le-sentier-des-oiseaux-mesanges-deischler\/","og_site_name":"Unterb\u00e4ch","article_publisher":"https:\/\/www.facebook.com\/unterbaech","article_modified_time":"2026-03-23T14:58:25+00:00","twitter_card":"summary_large_image","twitter_misc":{"Dur\u00e9e de lecture estim\u00e9e":"1 minute"},"schema":{"@context":"https:\/\/schema.org","@graph":[{"@type":"WebPage","@id":"https:\/\/unterbaech.ch\/fr\/decouvertes-et-experiences\/lete\/randonnees\/sentiers-educatifs-et-thematiques\/le-sentier-des-oiseaux-mesanges-deischler\/","url":"https:\/\/unterbaech.ch\/fr\/decouvertes-et-experiences\/lete\/randonnees\/sentiers-educatifs-et-thematiques\/le-sentier-des-oiseaux-mesanges-deischler\/","name":"Le sentier des oiseaux m\u00e9sanges d\u2019Eischler - Unterb\u00e4ch","isPartOf":{"@id":"https:\/\/unterbaech.ch\/fr\/#website"},"datePublished":"2021-05-14T14:48:18+00:00","dateModified":"2026-03-23T14:58:25+00:00","description":"Le sentier des m\u00e9sanges est une randonn\u00e9e familiale d\u2019un genre particulier. Ceux qui le terminent sont r\u00e9compens\u00e9s par une petite surprise. A la station sup\u00e9rieure du t\u00e9l\u00e9ph\u00e9rique Rarogne \u2013 Eischoll, on remet aux participants une carte de randonn\u00e9e avec photos.","breadcrumb":{"@id":"https:\/\/unterbaech.ch\/fr\/decouvertes-et-experiences\/lete\/randonnees\/sentiers-educatifs-et-thematiques\/le-sentier-des-oiseaux-mesanges-deischler\/#breadcrumb"},"inLanguage":"fr-FR","potentialAction":[{"@type":"ReadAction","target":["https:\/\/unterbaech.ch\/fr\/decouvertes-et-experiences\/lete\/randonnees\/sentiers-educatifs-et-thematiques\/le-sentier-des-oiseaux-mesanges-deischler\/"]}]},{"@type":"BreadcrumbList","@id":"https:\/\/unterbaech.ch\/fr\/decouvertes-et-experiences\/lete\/randonnees\/sentiers-educatifs-et-thematiques\/le-sentier-des-oiseaux-mesanges-deischler\/#breadcrumb","itemListElement":[{"@type":"ListItem","position":1,"name":"Startseite","item":"https:\/\/unterbaech.ch\/fr\/accueil\/"},{"@type":"ListItem","position":2,"name":"D\u00e9couvertes et exp\u00e9riences","item":"https:\/\/unterbaech.ch\/fr\/decouvertes-et-experiences\/"},{"@type":"ListItem","position":3,"name":"L&#8217;\u00e9te","item":"https:\/\/unterbaech.ch\/fr\/unterbaech\/sommer\/"},{"@type":"ListItem","position":4,"name":"Randonn\u00e9es","item":"https:\/\/unterbaech.ch\/fr\/unterbaech\/sommer\/wandern\/"},{"@type":"ListItem","position":5,"name":"Sentiers \u00e9ducatifs et th\u00e9matiques","item":"https:\/\/unterbaech.ch\/fr\/unterbaech\/sommer\/wandern\/lehr-und-themenpfade\/"},{"@type":"ListItem","position":6,"name":"Le sentier des oiseaux m\u00e9sanges d\u2019Eischler"}]},{"@type":"WebSite","@id":"https:\/\/unterbaech.ch\/fr\/#website","url":"https:\/\/unterbaech.ch\/fr\/","name":"Unterb\u00e4ch","description":"","publisher":{"@id":"https:\/\/unterbaech.ch\/fr\/#organization"},"potentialAction":[{"@type":"SearchAction","target":{"@type":"EntryPoint","urlTemplate":"https:\/\/unterbaech.ch\/fr\/?s={search_term_string}"},"query-input":{"@type":"PropertyValueSpecification","valueRequired":true,"valueName":"search_term_string"}}],"inLanguage":"fr-FR"},{"@type":"Organization","@id":"https:\/\/unterbaech.ch\/fr\/#organization","name":"Unterb\u00e4ch Tourismus","url":"https:\/\/unterbaech.ch\/fr\/","logo":{"@type":"ImageObject","inLanguage":"fr-FR","@id":"https:\/\/unterbaech.ch\/fr\/#\/schema\/logo\/image\/","url":"https:\/\/unterbaech.ch\/wp-content\/uploads\/Logo-1.png","contentUrl":"https:\/\/unterbaech.ch\/wp-content\/uploads\/Logo-1.png","width":1125,"height":1102,"caption":"Unterb\u00e4ch Tourismus"},"image":{"@id":"https:\/\/unterbaech.ch\/fr\/#\/schema\/logo\/image\/"},"sameAs":["https:\/\/www.facebook.com\/unterbaech","https:\/\/www.instagram.com\/visit.unterbaech\/","https:\/\/de.wikipedia.org\/wiki\/Unterb\u00e4ch"]}]}},"_links":{"self":[{"href":"https:\/\/unterbaech.ch\/fr\/wp-json\/wp\/v2\/pages\/12813","targetHints":{"allow":["GET"]}}],"collection":[{"href":"https:\/\/unterbaech.ch\/fr\/wp-json\/wp\/v2\/pages"}],"about":[{"href":"https:\/\/unterbaech.ch\/fr\/wp-json\/wp\/v2\/types\/page"}],"author":[{"embeddable":true,"href":"https:\/\/unterbaech.ch\/fr\/wp-json\/wp\/v2\/users\/8"}],"replies":[{"embeddable":true,"href":"https:\/\/unterbaech.ch\/fr\/wp-json\/wp\/v2\/comments?post=12813"}],"version-history":[{"count":3,"href":"https:\/\/unterbaech.ch\/fr\/wp-json\/wp\/v2\/pages\/12813\/revisions"}],"predecessor-version":[{"id":29500,"href":"https:\/\/unterbaech.ch\/fr\/wp-json\/wp\/v2\/pages\/12813\/revisions\/29500"}],"up":[{"embeddable":true,"href":"https:\/\/unterbaech.ch\/fr\/wp-json\/wp\/v2\/pages\/14234"}],"wp:attachment":[{"href":"https:\/\/unterbaech.ch\/fr\/wp-json\/wp\/v2\/media?parent=12813"}],"curies":[{"name":"wp","href":"https:\/\/api.w.org\/{rel}","templated":true}]}}