{"id":12822,"date":"2021-05-14T17:03:19","date_gmt":"2021-05-14T15:03:19","guid":{"rendered":"https:\/\/unterbaech.ch\/valais-bike-unterbaech-graechen\/"},"modified":"2026-03-23T16:37:51","modified_gmt":"2026-03-23T15:37:51","slug":"valais-bike-unterbaech-graechen","status":"publish","type":"page","link":"https:\/\/unterbaech.ch\/fr\/decouvertes-et-experiences\/lete\/velo\/valais-bike-unterbaech-graechen\/","title":{"rendered":"Valais Bike: Unterb\u00e4ch \u2013 Gr\u00e4chen"},"content":{"rendered":"\n<style type=\"text\/css\" data-created_by=\"avia_inline_auto\" id=\"style-css-av-kbax8y3e-7459b310527a269e46468d0cf016e352\">\n.avia-section.av-kbax8y3e-7459b310527a269e46468d0cf016e352 .av-parallax .av-parallax-inner{\nbackground-repeat:no-repeat;\nbackground-image:url(https:\/\/unterbaech.ch\/wp-content\/uploads\/2018_VTT_GrachenMoosalp_49_\u00a9Valais-Wallis-Promotion-Pascal-Gertschen.jpg);\nbackground-position:50% 50%;\nbackground-attachment:scroll;\n}\n<\/style>\n<div id='av_section_1'  class='avia-section av-kbax8y3e-7459b310527a269e46468d0cf016e352 main_color avia-section-default avia-no-border-styling  avia-builder-el-0  el_before_av_section  avia-builder-el-first  section-fullwidthimage avia-full-stretch av-parallax-section avia-bg-style-parallax av-minimum-height av-minimum-height-50 av-height-50  container_wrap fullsize'  data-section-bg-repeat='stretch' data-av_minimum_height_pc='50' data-av_min_height_opt='50'><div class='av-parallax' data-avia-parallax-ratio='0.3' ><div class='av-parallax-inner main_color avia-full-stretch'><\/div><\/div><div class='container av-section-cont-open' ><main  role=\"main\" itemprop=\"mainContentOfPage\"  class='template-page content  av-content-full alpha units'><div class='post-entry post-entry-type-page post-entry-12822'><div class='entry-content-wrapper clearfix'>\n<\/div><\/div><\/main><!-- close content main element --><\/div><\/div><div id='av_section_2'  class='avia-section av-1n2h9-eef07d2470a934665895b572bc96122f main_color avia-section-default avia-no-border-styling  avia-builder-el-1  el_after_av_section  el_before_av_hr  section-leadtext onecol avia-bg-style-scroll container_wrap fullsize'  ><div class='container av-section-cont-open' ><div class='template-page content  av-content-full alpha units'><div class='post-entry post-entry-type-page post-entry-12822'><div class='entry-content-wrapper clearfix'>\n<section  class='av_textblock_section av-kbawhdx8-9a55faeefcbf4e8706dea9c49b9010c2 '   itemscope=\"itemscope\" itemtype=\"https:\/\/schema.org\/CreativeWork\" ><div class='avia_textblock'  itemprop=\"text\" ><p style=\"text-align: center;\"><strong>VALAIS BIKE ETAPPE 2<br \/>\n<\/strong><\/p>\n<h3 style=\"text-align: center;\">UNTERB\u00c4CH &#8211; GR\u00c4CHEN<\/h3>\n<\/div><\/section>\n\n<style type=\"text\/css\" data-created_by=\"avia_inline_auto\" id=\"style-css-av-kbax4bbr-27f78f1f5574462b1f9eaf8ccb6701aa\">\n#top .hr.hr-invisible.av-kbax4bbr-27f78f1f5574462b1f9eaf8ccb6701aa{\nheight:25px;\n}\n<\/style>\n<div  class='hr av-kbax4bbr-27f78f1f5574462b1f9eaf8ccb6701aa hr-invisible  avia-builder-el-3  el_after_av_textblock  el_before_av_textblock '><span class='hr-inner '><span class=\"hr-inner-style\"><\/span><\/span><\/div>\n<section  class='av_textblock_section av-kb9j7yy8-cb52267f29ec33a0cbd1cb12b1aeb1b9 '   itemscope=\"itemscope\" itemtype=\"https:\/\/schema.org\/CreativeWork\" ><div class='avia_textblock lead'  itemprop=\"text\" ><p>Le Valais Bike est une route cyclable r\u00e9gionale en trois \u00e9tapes qui m\u00e8ne de Lo\u00e8che-les-Bains \u00e0 Gr\u00e4chen et se termine \u00e0 Brigue en passant par Unterb\u00e4ch. L\u2019\u00e9tape\u00a02, qui traverse notre belle r\u00e9gion d\u2019Augstbord, se pr\u00eate \u00e9galement \u00e0 une excursion d\u2019une journ\u00e9e. Le d\u00e9part est donn\u00e9 \u00e0 Brandalp, que l\u2019on peut atteindre soit \u00e0 v\u00e9lo, soit en t\u00e9l\u00e9si\u00e8ge. De l\u00e0, ce circuit de v\u00e9lo vari\u00e9 s\u2019\u00e9lance \u00e0 gauche en direction de B\u00fcrchen. Avec un peu de force dans les mollets, vous atteindrez alors le col du Moosalp, l\u2019endroit parfait pour une escale. Depuis le restaurant Moosalp, vous pouvez profiter de la vue sur la vall\u00e9e du Rh\u00f4ne tout en d\u00e9gustant un l\u00e9gendaire mille-feuille. De retour en selle, un agr\u00e9able tron\u00e7on plat succ\u00e8de \u00e0 un large chemin avec vue panoramique sur les imposants sommets des vall\u00e9es de Saas et de Zermatt jusqu\u2019\u00e0 Embd. Le reste du parcours est essentiellement en descente. L\u2019enduro de Kalpetran est un must parmi les sentiers monotraces du Valais et offre une descente d\u2019environ 1100\u00a0m de d\u00e9nivel\u00e9 vers Kalpetran dans la vall\u00e9e de Zermatt. La derni\u00e8re section m\u00e8ne, avec une agr\u00e9able mont\u00e9e finale, \u00e0 la destination familiale de Gr\u00e4chen. De Gr\u00e4chen, des busCarPostal partent toutes les heures pour Vi\u00e8ge via Saint-Nicolas. Bien s\u00fbr, le voyage \u00e0 v\u00e9lo peut se terminer d\u00e8s Saint-Nicolas.<\/p>\n<\/div><\/section>\n\n<style type=\"text\/css\" data-created_by=\"avia_inline_auto\" id=\"style-css-av-kbax4bbr-3-e5120370862c79698dc30f1842176803\">\n#top .hr.hr-invisible.av-kbax4bbr-3-e5120370862c79698dc30f1842176803{\nheight:25px;\n}\n<\/style>\n<div  class='hr av-kbax4bbr-3-e5120370862c79698dc30f1842176803 hr-invisible  avia-builder-el-5  el_after_av_textblock  el_before_av_textblock '><span class='hr-inner '><span class=\"hr-inner-style\"><\/span><\/span><\/div>\n<section  class='av_textblock_section av-kbawhdx8-4-dd641b3b9476498f67b92d6edb7733d2 '   itemscope=\"itemscope\" itemtype=\"https:\/\/schema.org\/CreativeWork\" ><div class='avia_textblock lead'  itemprop=\"text\" ><h5>DETAIL DU TOUR:<\/h5>\n<ul>\n<li><span data-contrast=\"auto\"><strong>Itin\u00e9raire:<\/strong> Unterb\u00e4ch \u2013 Brandalp <\/span><span data-contrast=\"auto\">\u2013 Moosalp <\/span><span data-contrast=\"auto\">\u2013 Embd <\/span><span data-contrast=\"auto\">\u2013 St. Niklaus \u2013 Gr\u00e4chen<\/span><\/li>\n<li><span data-contrast=\"auto\"><strong>Distance:<\/strong> 35.9km<\/span><\/li>\n<li><span data-contrast=\"auto\"><strong>Difficult\u00e9 technique:<\/strong> difficile<\/span><\/li>\n<li><span data-contrast=\"auto\"><strong>Exigence physique:<\/strong> difficile<\/span><\/li>\n<\/ul>\n<\/div><\/section>\n\n<style type=\"text\/css\" data-created_by=\"avia_inline_auto\" id=\"style-css-av-kbax4bbr-2-a466211dc8872db6b5ad4fa231078416\">\n#top .hr.hr-invisible.av-kbax4bbr-2-a466211dc8872db6b5ad4fa231078416{\nheight:25px;\n}\n<\/style>\n<div  class='hr av-kbax4bbr-2-a466211dc8872db6b5ad4fa231078416 hr-invisible  avia-builder-el-7  el_after_av_textblock  el_before_av_codeblock '><span class='hr-inner '><span class=\"hr-inner-style\"><\/span><\/span><\/div>\n\n<\/div><\/div><\/div><!-- close content main div --><\/div><\/div><div id='after_section_2'  class='main_color av_default_container_wrap container_wrap fullsize'  ><div class='container av-section-cont-open' ><div class='template-page content  av-content-full alpha units'><div class='post-entry post-entry-type-page post-entry-12822'><div class='entry-content-wrapper clearfix'>\n<style type=\"text\/css\" data-created_by=\"avia_inline_auto\" id=\"style-css-av-kbax4bbr-1-5a8ac6f69941ae208175a263e4cae52b\">\n#top .hr.hr-invisible.av-kbax4bbr-1-5a8ac6f69941ae208175a263e4cae52b{\nheight:25px;\n}\n<\/style>\n<div  class='hr av-kbax4bbr-1-5a8ac6f69941ae208175a263e4cae52b hr-invisible  avia-builder-el-9  el_after_av_section  el_before_av_one_full  avia-builder-el-first '><span class='hr-inner '><span class=\"hr-inner-style\"><\/span><\/span><\/div><\/p>\n\n<style type=\"text\/css\" data-created_by=\"avia_inline_auto\" id=\"style-css-av-kbujysp3-bb5986012cdba25cfd25bc18cd1575b4\">\n.flex_column.av-kbujysp3-bb5986012cdba25cfd25bc18cd1575b4{\nborder-radius:0px 0px 0px 0px;\npadding:0px 0px 0px 0px;\n}\n<\/style>\n<div  class='flex_column av-kbujysp3-bb5986012cdba25cfd25bc18cd1575b4 av_one_full  avia-builder-el-10  el_after_av_hr  avia-builder-el-last  gallery-masonry first flex_column_div av-zero-column-padding  '     ><div id='av-masonry-1' class='av-masonry av-kbrrgn31-bfb93eec5d4fdaa3c4ce377e534646bc noHover av-fixed-size av-large-gap av-hover-overlay-active av-masonry-animation-active av-masonry-col-3 av-caption-always av-caption-style- av-masonry-gallery ' data-post_id=\"12822\"><div class=\"av-masonry-container isotope av-js-disabled\"><div class='av-masonry-entry isotope-item av-masonry-item-no-image '><\/div><a href=\"https:\/\/unterbaech.ch\/wp-content\/uploads\/2018_VTT_GrachenMoosalp_55_\u00a9Valais-Wallis-Promotion-Pascal-Gertschen.jpg\" data-srcset=\"https:\/\/unterbaech.ch\/wp-content\/uploads\/2018_VTT_GrachenMoosalp_55_\u00a9Valais-Wallis-Promotion-Pascal-Gertschen.jpg 1191w, https:\/\/unterbaech.ch\/wp-content\/uploads\/2018_VTT_GrachenMoosalp_55_\u00a9Valais-Wallis-Promotion-Pascal-Gertschen-1024x768.jpg 1024w, https:\/\/unterbaech.ch\/wp-content\/uploads\/2018_VTT_GrachenMoosalp_55_\u00a9Valais-Wallis-Promotion-Pascal-Gertschen-768x576.jpg 768w, https:\/\/unterbaech.ch\/wp-content\/uploads\/2018_VTT_GrachenMoosalp_55_\u00a9Valais-Wallis-Promotion-Pascal-Gertschen-705x529.jpg 705w\" data-sizes=\"(max-width: 1191px) 100vw, 1191px\"  aria-label=\"image 2018_VTT_GrachenMoosalp_55_\u00a9Valais Wallis Promotion &#8211; Pascal Gertschen\"  id='av-masonry-1-item-8840' data-av-masonry-item='8840' class='av-masonry-entry isotope-item post-8840 attachment type-attachment status-inherit hentry  av-masonry-item-with-image av-grid-img' title=\"2018_VTT_GrachenMoosalp_55_\u00a9Valais Wallis Promotion &#8211; Pascal Gertschen\" alt=\"\"    itemprop=\"thumbnailUrl\" ><div class='av-inner-masonry-sizer'><\/div><figure class='av-inner-masonry main_color'><div class=\"av-masonry-outerimage-container\"><div class='av-masonry-image-container' style=\"background-image: url(https:\/\/unterbaech.ch\/wp-content\/uploads\/2018_VTT_GrachenMoosalp_55_\u00a9Valais-Wallis-Promotion-Pascal-Gertschen-705x529.jpg);\"  title=\"2018_VTT_GrachenMoosalp_55_\u00a9Valais Wallis Promotion &#8211; Pascal Gertschen\" ><\/div><\/div><\/figure><\/a><!--end av-masonry entry--><a href=\"https:\/\/unterbaech.ch\/wp-content\/uploads\/2018_VTT_GrachenMoosalp_49_\u00a9Valais-Wallis-Promotion-Pascal-Gertschen.jpg\" data-srcset=\"https:\/\/unterbaech.ch\/wp-content\/uploads\/2018_VTT_GrachenMoosalp_49_\u00a9Valais-Wallis-Promotion-Pascal-Gertschen.jpg 1191w, https:\/\/unterbaech.ch\/wp-content\/uploads\/2018_VTT_GrachenMoosalp_49_\u00a9Valais-Wallis-Promotion-Pascal-Gertschen-1024x768.jpg 1024w, https:\/\/unterbaech.ch\/wp-content\/uploads\/2018_VTT_GrachenMoosalp_49_\u00a9Valais-Wallis-Promotion-Pascal-Gertschen-768x576.jpg 768w, https:\/\/unterbaech.ch\/wp-content\/uploads\/2018_VTT_GrachenMoosalp_49_\u00a9Valais-Wallis-Promotion-Pascal-Gertschen-705x529.jpg 705w\" data-sizes=\"(max-width: 1191px) 100vw, 1191px\"  aria-label=\"image 2018_VTT_GrachenMoosalp_49_\u00a9Valais Wallis Promotion &#8211; Pascal Gertschen\"  id='av-masonry-1-item-8837' data-av-masonry-item='8837' class='av-masonry-entry isotope-item post-8837 attachment type-attachment status-inherit hentry  av-masonry-item-with-image av-grid-img' title=\"2018_VTT_GrachenMoosalp_49_\u00a9Valais Wallis Promotion &#8211; Pascal Gertschen\" alt=\"\"    itemprop=\"thumbnailUrl\" ><div class='av-inner-masonry-sizer'><\/div><figure class='av-inner-masonry main_color'><div class=\"av-masonry-outerimage-container\"><div class='av-masonry-image-container' style=\"background-image: url(https:\/\/unterbaech.ch\/wp-content\/uploads\/2018_VTT_GrachenMoosalp_49_\u00a9Valais-Wallis-Promotion-Pascal-Gertschen-705x529.jpg);\"  title=\"2018_VTT_GrachenMoosalp_49_\u00a9Valais Wallis Promotion &#8211; Pascal Gertschen\" ><\/div><\/div><\/figure><\/a><!--end av-masonry entry--><a href=\"https:\/\/unterbaech.ch\/wp-content\/uploads\/2018_VTT_GrachenMoosalp_47_\u00a9Valais-Wallis-Promotion-Pascal-Gertschen.jpg\" data-srcset=\"https:\/\/unterbaech.ch\/wp-content\/uploads\/2018_VTT_GrachenMoosalp_47_\u00a9Valais-Wallis-Promotion-Pascal-Gertschen.jpg 1191w, https:\/\/unterbaech.ch\/wp-content\/uploads\/2018_VTT_GrachenMoosalp_47_\u00a9Valais-Wallis-Promotion-Pascal-Gertschen-1024x768.jpg 1024w, https:\/\/unterbaech.ch\/wp-content\/uploads\/2018_VTT_GrachenMoosalp_47_\u00a9Valais-Wallis-Promotion-Pascal-Gertschen-768x576.jpg 768w, https:\/\/unterbaech.ch\/wp-content\/uploads\/2018_VTT_GrachenMoosalp_47_\u00a9Valais-Wallis-Promotion-Pascal-Gertschen-705x529.jpg 705w\" data-sizes=\"(max-width: 1191px) 100vw, 1191px\"  aria-label=\"image 2018_VTT_GrachenMoosalp_47_\u00a9Valais Wallis Promotion &#8211; Pascal Gertschen\"  id='av-masonry-1-item-8834' data-av-masonry-item='8834' class='av-masonry-entry isotope-item post-8834 attachment type-attachment status-inherit hentry  av-masonry-item-with-image av-grid-img' title=\"2018_VTT_GrachenMoosalp_47_\u00a9Valais Wallis Promotion &#8211; Pascal Gertschen\" alt=\"\"    itemprop=\"thumbnailUrl\" ><div class='av-inner-masonry-sizer'><\/div><figure class='av-inner-masonry main_color'><div class=\"av-masonry-outerimage-container\"><div class='av-masonry-image-container' style=\"background-image: url(https:\/\/unterbaech.ch\/wp-content\/uploads\/2018_VTT_GrachenMoosalp_47_\u00a9Valais-Wallis-Promotion-Pascal-Gertschen-705x529.jpg);\"  title=\"2018_VTT_GrachenMoosalp_47_\u00a9Valais Wallis Promotion &#8211; Pascal Gertschen\" ><\/div><\/div><\/figure><\/a><!--end av-masonry entry--><a href=\"https:\/\/unterbaech.ch\/wp-content\/uploads\/2018_VTT_GrachenMoosalp_8_\u00a9Valais-Wallis-Promotion-Pascal-Gertschen.jpg\" data-srcset=\"https:\/\/unterbaech.ch\/wp-content\/uploads\/2018_VTT_GrachenMoosalp_8_\u00a9Valais-Wallis-Promotion-Pascal-Gertschen.jpg 1191w, https:\/\/unterbaech.ch\/wp-content\/uploads\/2018_VTT_GrachenMoosalp_8_\u00a9Valais-Wallis-Promotion-Pascal-Gertschen-1024x768.jpg 1024w, https:\/\/unterbaech.ch\/wp-content\/uploads\/2018_VTT_GrachenMoosalp_8_\u00a9Valais-Wallis-Promotion-Pascal-Gertschen-768x576.jpg 768w, https:\/\/unterbaech.ch\/wp-content\/uploads\/2018_VTT_GrachenMoosalp_8_\u00a9Valais-Wallis-Promotion-Pascal-Gertschen-705x529.jpg 705w\" data-sizes=\"(max-width: 1191px) 100vw, 1191px\"  aria-label=\"image 2018_VTT_GrachenMoosalp_8_\u00a9Valais Wallis Promotion &#8211; Pascal Gertschen\"  id='av-masonry-1-item-8822' data-av-masonry-item='8822' class='av-masonry-entry isotope-item post-8822 attachment type-attachment status-inherit hentry  av-masonry-item-with-image av-grid-img' title=\"2018_VTT_GrachenMoosalp_8_\u00a9Valais Wallis Promotion &#8211; Pascal Gertschen\" alt=\"\"    itemprop=\"thumbnailUrl\" ><div class='av-inner-masonry-sizer'><\/div><figure class='av-inner-masonry main_color'><div class=\"av-masonry-outerimage-container\"><div class='av-masonry-image-container' style=\"background-image: url(https:\/\/unterbaech.ch\/wp-content\/uploads\/2018_VTT_GrachenMoosalp_8_\u00a9Valais-Wallis-Promotion-Pascal-Gertschen-705x529.jpg);\"  title=\"2018_VTT_GrachenMoosalp_8_\u00a9Valais Wallis Promotion &#8211; Pascal Gertschen\" ><\/div><\/div><\/figure><\/a><!--end av-masonry entry--><\/div><\/div><\/div>\n","protected":false},"excerpt":{"rendered":"","protected":false},"author":8,"featured_media":0,"parent":14173,"menu_order":0,"comment_status":"closed","ping_status":"closed","template":"","meta":{"inline_featured_image":false,"footnotes":""},"class_list":["post-12822","page","type-page","status-publish","hentry"],"yoast_head":"<!-- This site is optimized with the Yoast SEO plugin v27.4 - https:\/\/yoast.com\/product\/yoast-seo-wordpress\/ -->\n<title>Valais Bike: Unterb\u00e4ch \u2013 Gr\u00e4chen - Unterb\u00e4ch<\/title>\n<meta name=\"description\" content=\"Le Valais Bike est une route cyclable r\u00e9gionale en trois \u00e9tapes qui m\u00e8ne de Lo\u00e8che-les-Bains \u00e0 Gr\u00e4chen et se termine \u00e0 Brigue en passant par Unterb\u00e4ch. L\u2019\u00e9tape 2, qui traverse notre belle r\u00e9gion d\u2019Augstbord, se pr\u00eate \u00e9galement \u00e0 une excursion d\u2019une journ\u00e9e.\" \/>\n<meta name=\"robots\" content=\"index, follow, max-snippet:-1, max-image-preview:large, max-video-preview:-1\" \/>\n<link rel=\"canonical\" href=\"https:\/\/unterbaech.ch\/fr\/decouvertes-et-experiences\/lete\/velo\/valais-bike-unterbaech-graechen\/\" \/>\n<meta property=\"og:locale\" content=\"fr_FR\" \/>\n<meta property=\"og:type\" content=\"article\" \/>\n<meta property=\"og:title\" content=\"Valais Bike: Unterb\u00e4ch \u2013 Gr\u00e4chen - Unterb\u00e4ch\" \/>\n<meta property=\"og:description\" content=\"Le Valais Bike est une route cyclable r\u00e9gionale en trois \u00e9tapes qui m\u00e8ne de Lo\u00e8che-les-Bains \u00e0 Gr\u00e4chen et se termine \u00e0 Brigue en passant par Unterb\u00e4ch. L\u2019\u00e9tape 2, qui traverse notre belle r\u00e9gion d\u2019Augstbord, se pr\u00eate \u00e9galement \u00e0 une excursion d\u2019une journ\u00e9e.\" \/>\n<meta property=\"og:url\" content=\"https:\/\/unterbaech.ch\/fr\/decouvertes-et-experiences\/lete\/velo\/valais-bike-unterbaech-graechen\/\" \/>\n<meta property=\"og:site_name\" content=\"Unterb\u00e4ch\" \/>\n<meta property=\"article:publisher\" content=\"https:\/\/www.facebook.com\/unterbaech\" \/>\n<meta property=\"article:modified_time\" content=\"2026-03-23T15:37:51+00:00\" \/>\n<meta name=\"twitter:card\" content=\"summary_large_image\" \/>\n<meta name=\"twitter:label1\" content=\"Dur\u00e9e de lecture estim\u00e9e\" \/>\n\t<meta name=\"twitter:data1\" content=\"2 minutes\" \/>\n<script type=\"application\/ld+json\" class=\"yoast-schema-graph\">{\"@context\":\"https:\\\/\\\/schema.org\",\"@graph\":[{\"@type\":\"WebPage\",\"@id\":\"https:\\\/\\\/unterbaech.ch\\\/fr\\\/decouvertes-et-experiences\\\/lete\\\/velo\\\/valais-bike-unterbaech-graechen\\\/\",\"url\":\"https:\\\/\\\/unterbaech.ch\\\/fr\\\/decouvertes-et-experiences\\\/lete\\\/velo\\\/valais-bike-unterbaech-graechen\\\/\",\"name\":\"Valais Bike: Unterb\u00e4ch \u2013 Gr\u00e4chen - Unterb\u00e4ch\",\"isPartOf\":{\"@id\":\"https:\\\/\\\/unterbaech.ch\\\/fr\\\/#website\"},\"datePublished\":\"2021-05-14T15:03:19+00:00\",\"dateModified\":\"2026-03-23T15:37:51+00:00\",\"description\":\"Le Valais Bike est une route cyclable r\u00e9gionale en trois \u00e9tapes qui m\u00e8ne de Lo\u00e8che-les-Bains \u00e0 Gr\u00e4chen et se termine \u00e0 Brigue en passant par Unterb\u00e4ch. L\u2019\u00e9tape 2, qui traverse notre belle r\u00e9gion d\u2019Augstbord, se pr\u00eate \u00e9galement \u00e0 une excursion d\u2019une journ\u00e9e.\",\"breadcrumb\":{\"@id\":\"https:\\\/\\\/unterbaech.ch\\\/fr\\\/decouvertes-et-experiences\\\/lete\\\/velo\\\/valais-bike-unterbaech-graechen\\\/#breadcrumb\"},\"inLanguage\":\"fr-FR\",\"potentialAction\":[{\"@type\":\"ReadAction\",\"target\":[\"https:\\\/\\\/unterbaech.ch\\\/fr\\\/decouvertes-et-experiences\\\/lete\\\/velo\\\/valais-bike-unterbaech-graechen\\\/\"]}]},{\"@type\":\"BreadcrumbList\",\"@id\":\"https:\\\/\\\/unterbaech.ch\\\/fr\\\/decouvertes-et-experiences\\\/lete\\\/velo\\\/valais-bike-unterbaech-graechen\\\/#breadcrumb\",\"itemListElement\":[{\"@type\":\"ListItem\",\"position\":1,\"name\":\"Startseite\",\"item\":\"https:\\\/\\\/unterbaech.ch\\\/fr\\\/accueil\\\/\"},{\"@type\":\"ListItem\",\"position\":2,\"name\":\"D\u00e9couvertes et exp\u00e9riences\",\"item\":\"https:\\\/\\\/unterbaech.ch\\\/fr\\\/decouvertes-et-experiences\\\/\"},{\"@type\":\"ListItem\",\"position\":3,\"name\":\"L&#8217;\u00e9te\",\"item\":\"https:\\\/\\\/unterbaech.ch\\\/fr\\\/unterbaech\\\/sommer\\\/\"},{\"@type\":\"ListItem\",\"position\":4,\"name\":\"V\u00e9lo\",\"item\":\"https:\\\/\\\/unterbaech.ch\\\/fr\\\/unterbaech\\\/sommer\\\/biken\\\/\"},{\"@type\":\"ListItem\",\"position\":5,\"name\":\"Valais Bike: Unterb\u00e4ch \u2013 Gr\u00e4chen\"}]},{\"@type\":\"WebSite\",\"@id\":\"https:\\\/\\\/unterbaech.ch\\\/fr\\\/#website\",\"url\":\"https:\\\/\\\/unterbaech.ch\\\/fr\\\/\",\"name\":\"Unterb\u00e4ch\",\"description\":\"\",\"publisher\":{\"@id\":\"https:\\\/\\\/unterbaech.ch\\\/fr\\\/#organization\"},\"potentialAction\":[{\"@type\":\"SearchAction\",\"target\":{\"@type\":\"EntryPoint\",\"urlTemplate\":\"https:\\\/\\\/unterbaech.ch\\\/fr\\\/?s={search_term_string}\"},\"query-input\":{\"@type\":\"PropertyValueSpecification\",\"valueRequired\":true,\"valueName\":\"search_term_string\"}}],\"inLanguage\":\"fr-FR\"},{\"@type\":\"Organization\",\"@id\":\"https:\\\/\\\/unterbaech.ch\\\/fr\\\/#organization\",\"name\":\"Unterb\u00e4ch Tourismus\",\"url\":\"https:\\\/\\\/unterbaech.ch\\\/fr\\\/\",\"logo\":{\"@type\":\"ImageObject\",\"inLanguage\":\"fr-FR\",\"@id\":\"https:\\\/\\\/unterbaech.ch\\\/fr\\\/#\\\/schema\\\/logo\\\/image\\\/\",\"url\":\"https:\\\/\\\/unterbaech.ch\\\/wp-content\\\/uploads\\\/Logo-1.png\",\"contentUrl\":\"https:\\\/\\\/unterbaech.ch\\\/wp-content\\\/uploads\\\/Logo-1.png\",\"width\":1125,\"height\":1102,\"caption\":\"Unterb\u00e4ch Tourismus\"},\"image\":{\"@id\":\"https:\\\/\\\/unterbaech.ch\\\/fr\\\/#\\\/schema\\\/logo\\\/image\\\/\"},\"sameAs\":[\"https:\\\/\\\/www.facebook.com\\\/unterbaech\",\"https:\\\/\\\/www.instagram.com\\\/visit.unterbaech\\\/\",\"https:\\\/\\\/de.wikipedia.org\\\/wiki\\\/Unterb\u00e4ch\"]}]}<\/script>\n<!-- \/ Yoast SEO plugin. -->","yoast_head_json":{"title":"Valais Bike: Unterb\u00e4ch \u2013 Gr\u00e4chen - Unterb\u00e4ch","description":"Le Valais Bike est une route cyclable r\u00e9gionale en trois \u00e9tapes qui m\u00e8ne de Lo\u00e8che-les-Bains \u00e0 Gr\u00e4chen et se termine \u00e0 Brigue en passant par Unterb\u00e4ch. L\u2019\u00e9tape 2, qui traverse notre belle r\u00e9gion d\u2019Augstbord, se pr\u00eate \u00e9galement \u00e0 une excursion d\u2019une journ\u00e9e.","robots":{"index":"index","follow":"follow","max-snippet":"max-snippet:-1","max-image-preview":"max-image-preview:large","max-video-preview":"max-video-preview:-1"},"canonical":"https:\/\/unterbaech.ch\/fr\/decouvertes-et-experiences\/lete\/velo\/valais-bike-unterbaech-graechen\/","og_locale":"fr_FR","og_type":"article","og_title":"Valais Bike: Unterb\u00e4ch \u2013 Gr\u00e4chen - Unterb\u00e4ch","og_description":"Le Valais Bike est une route cyclable r\u00e9gionale en trois \u00e9tapes qui m\u00e8ne de Lo\u00e8che-les-Bains \u00e0 Gr\u00e4chen et se termine \u00e0 Brigue en passant par Unterb\u00e4ch. L\u2019\u00e9tape 2, qui traverse notre belle r\u00e9gion d\u2019Augstbord, se pr\u00eate \u00e9galement \u00e0 une excursion d\u2019une journ\u00e9e.","og_url":"https:\/\/unterbaech.ch\/fr\/decouvertes-et-experiences\/lete\/velo\/valais-bike-unterbaech-graechen\/","og_site_name":"Unterb\u00e4ch","article_publisher":"https:\/\/www.facebook.com\/unterbaech","article_modified_time":"2026-03-23T15:37:51+00:00","twitter_card":"summary_large_image","twitter_misc":{"Dur\u00e9e de lecture estim\u00e9e":"2 minutes"},"schema":{"@context":"https:\/\/schema.org","@graph":[{"@type":"WebPage","@id":"https:\/\/unterbaech.ch\/fr\/decouvertes-et-experiences\/lete\/velo\/valais-bike-unterbaech-graechen\/","url":"https:\/\/unterbaech.ch\/fr\/decouvertes-et-experiences\/lete\/velo\/valais-bike-unterbaech-graechen\/","name":"Valais Bike: Unterb\u00e4ch \u2013 Gr\u00e4chen - Unterb\u00e4ch","isPartOf":{"@id":"https:\/\/unterbaech.ch\/fr\/#website"},"datePublished":"2021-05-14T15:03:19+00:00","dateModified":"2026-03-23T15:37:51+00:00","description":"Le Valais Bike est une route cyclable r\u00e9gionale en trois \u00e9tapes qui m\u00e8ne de Lo\u00e8che-les-Bains \u00e0 Gr\u00e4chen et se termine \u00e0 Brigue en passant par Unterb\u00e4ch. L\u2019\u00e9tape 2, qui traverse notre belle r\u00e9gion d\u2019Augstbord, se pr\u00eate \u00e9galement \u00e0 une excursion d\u2019une journ\u00e9e.","breadcrumb":{"@id":"https:\/\/unterbaech.ch\/fr\/decouvertes-et-experiences\/lete\/velo\/valais-bike-unterbaech-graechen\/#breadcrumb"},"inLanguage":"fr-FR","potentialAction":[{"@type":"ReadAction","target":["https:\/\/unterbaech.ch\/fr\/decouvertes-et-experiences\/lete\/velo\/valais-bike-unterbaech-graechen\/"]}]},{"@type":"BreadcrumbList","@id":"https:\/\/unterbaech.ch\/fr\/decouvertes-et-experiences\/lete\/velo\/valais-bike-unterbaech-graechen\/#breadcrumb","itemListElement":[{"@type":"ListItem","position":1,"name":"Startseite","item":"https:\/\/unterbaech.ch\/fr\/accueil\/"},{"@type":"ListItem","position":2,"name":"D\u00e9couvertes et exp\u00e9riences","item":"https:\/\/unterbaech.ch\/fr\/decouvertes-et-experiences\/"},{"@type":"ListItem","position":3,"name":"L&#8217;\u00e9te","item":"https:\/\/unterbaech.ch\/fr\/unterbaech\/sommer\/"},{"@type":"ListItem","position":4,"name":"V\u00e9lo","item":"https:\/\/unterbaech.ch\/fr\/unterbaech\/sommer\/biken\/"},{"@type":"ListItem","position":5,"name":"Valais Bike: Unterb\u00e4ch \u2013 Gr\u00e4chen"}]},{"@type":"WebSite","@id":"https:\/\/unterbaech.ch\/fr\/#website","url":"https:\/\/unterbaech.ch\/fr\/","name":"Unterb\u00e4ch","description":"","publisher":{"@id":"https:\/\/unterbaech.ch\/fr\/#organization"},"potentialAction":[{"@type":"SearchAction","target":{"@type":"EntryPoint","urlTemplate":"https:\/\/unterbaech.ch\/fr\/?s={search_term_string}"},"query-input":{"@type":"PropertyValueSpecification","valueRequired":true,"valueName":"search_term_string"}}],"inLanguage":"fr-FR"},{"@type":"Organization","@id":"https:\/\/unterbaech.ch\/fr\/#organization","name":"Unterb\u00e4ch Tourismus","url":"https:\/\/unterbaech.ch\/fr\/","logo":{"@type":"ImageObject","inLanguage":"fr-FR","@id":"https:\/\/unterbaech.ch\/fr\/#\/schema\/logo\/image\/","url":"https:\/\/unterbaech.ch\/wp-content\/uploads\/Logo-1.png","contentUrl":"https:\/\/unterbaech.ch\/wp-content\/uploads\/Logo-1.png","width":1125,"height":1102,"caption":"Unterb\u00e4ch Tourismus"},"image":{"@id":"https:\/\/unterbaech.ch\/fr\/#\/schema\/logo\/image\/"},"sameAs":["https:\/\/www.facebook.com\/unterbaech","https:\/\/www.instagram.com\/visit.unterbaech\/","https:\/\/de.wikipedia.org\/wiki\/Unterb\u00e4ch"]}]}},"_links":{"self":[{"href":"https:\/\/unterbaech.ch\/fr\/wp-json\/wp\/v2\/pages\/12822","targetHints":{"allow":["GET"]}}],"collection":[{"href":"https:\/\/unterbaech.ch\/fr\/wp-json\/wp\/v2\/pages"}],"about":[{"href":"https:\/\/unterbaech.ch\/fr\/wp-json\/wp\/v2\/types\/page"}],"author":[{"embeddable":true,"href":"https:\/\/unterbaech.ch\/fr\/wp-json\/wp\/v2\/users\/8"}],"replies":[{"embeddable":true,"href":"https:\/\/unterbaech.ch\/fr\/wp-json\/wp\/v2\/comments?post=12822"}],"version-history":[{"count":6,"href":"https:\/\/unterbaech.ch\/fr\/wp-json\/wp\/v2\/pages\/12822\/revisions"}],"predecessor-version":[{"id":29556,"href":"https:\/\/unterbaech.ch\/fr\/wp-json\/wp\/v2\/pages\/12822\/revisions\/29556"}],"up":[{"embeddable":true,"href":"https:\/\/unterbaech.ch\/fr\/wp-json\/wp\/v2\/pages\/14173"}],"wp:attachment":[{"href":"https:\/\/unterbaech.ch\/fr\/wp-json\/wp\/v2\/media?parent=12822"}],"curies":[{"name":"wp","href":"https:\/\/api.w.org\/{rel}","templated":true}]}}