{"id":12825,"date":"2021-05-14T17:05:45","date_gmt":"2021-05-14T15:05:45","guid":{"rendered":"https:\/\/unterbaech.ch\/moosalp-plateau-bike\/"},"modified":"2026-03-23T16:20:32","modified_gmt":"2026-03-23T15:20:32","slug":"moosalp-plateau-bike","status":"publish","type":"page","link":"https:\/\/unterbaech.ch\/fr\/decouvertes-et-experiences\/lete\/velo\/moosalp-plateau-bike\/","title":{"rendered":"Moosalp Plateau Bike"},"content":{"rendered":"\n<style type=\"text\/css\" data-created_by=\"avia_inline_auto\" id=\"style-css-av-kbax8y3e-92f4dd89906509c762b7e4a5c0e6c92b\">\n.avia-section.av-kbax8y3e-92f4dd89906509c762b7e4a5c0e6c92b .av-parallax .av-parallax-inner{\nbackground-repeat:no-repeat;\nbackground-image:url(https:\/\/unterbaech.ch\/wp-content\/uploads\/2018_VTT_Grachen_39_\u00a9Valais-Wallis-Promotion-Pascal-Gertschen.jpg);\nbackground-position:50% 50%;\nbackground-attachment:scroll;\n}\n<\/style>\n<div id='av_section_1'  class='avia-section av-kbax8y3e-92f4dd89906509c762b7e4a5c0e6c92b main_color avia-section-default avia-no-border-styling  avia-builder-el-0  el_before_av_section  avia-builder-el-first  section-fullwidthimage avia-full-stretch av-parallax-section avia-bg-style-parallax av-minimum-height av-minimum-height-50 av-height-50  container_wrap fullsize'  data-section-bg-repeat='stretch' data-av_minimum_height_pc='50' data-av_min_height_opt='50'><div class='av-parallax' data-avia-parallax-ratio='0.3' ><div class='av-parallax-inner main_color avia-full-stretch'><\/div><\/div><div class='container av-section-cont-open' ><main  role=\"main\" itemprop=\"mainContentOfPage\"  class='template-page content  av-content-full alpha units'><div class='post-entry post-entry-type-page post-entry-12825'><div class='entry-content-wrapper clearfix'>\n<\/div><\/div><\/main><!-- close content main element --><\/div><\/div><div id='av_section_2'  class='avia-section av-1n2h9-eef07d2470a934665895b572bc96122f main_color avia-section-default avia-no-border-styling  avia-builder-el-1  el_after_av_section  el_before_av_one_full  section-leadtext onecol avia-bg-style-scroll container_wrap fullsize'  ><div class='container av-section-cont-open' ><div class='template-page content  av-content-full alpha units'><div class='post-entry post-entry-type-page post-entry-12825'><div class='entry-content-wrapper clearfix'>\n<section  class='av_textblock_section av-kbawhdx8-9a55faeefcbf4e8706dea9c49b9010c2 '   itemscope=\"itemscope\" itemtype=\"https:\/\/schema.org\/CreativeWork\" ><div class='avia_textblock'  itemprop=\"text\" ><p style=\"text-align: center;\"><strong>\u00a0<\/strong><\/p>\n<h3 style=\"text-align: center;\">MOOSALP PLATEAU BIKE<\/h3>\n<\/div><\/section>\n\n<style type=\"text\/css\" data-created_by=\"avia_inline_auto\" id=\"style-css-av-kbax4bbr-27f78f1f5574462b1f9eaf8ccb6701aa\">\n#top .hr.hr-invisible.av-kbax4bbr-27f78f1f5574462b1f9eaf8ccb6701aa{\nheight:25px;\n}\n<\/style>\n<div  class='hr av-kbax4bbr-27f78f1f5574462b1f9eaf8ccb6701aa hr-invisible  avia-builder-el-3  el_after_av_textblock  el_before_av_textblock '><span class='hr-inner '><span class=\"hr-inner-style\"><\/span><\/span><\/div>\n<section  class='av_textblock_section av-kb9j7yy8-cb52267f29ec33a0cbd1cb12b1aeb1b9 '   itemscope=\"itemscope\" itemtype=\"https:\/\/schema.org\/CreativeWork\" ><div class='avia_textblock lead'  itemprop=\"text\" ><p>Faire le tour de Moosalp \u00e0 v\u00e9lo et d\u00e9couvrir les plus beaux coins de la r\u00e9gion d\u2019Augstbord: voici la promesse de cette boucle de v\u00e9lo de pr\u00e8s de 48\u00a0km. Une chose est s\u00fbre, les efforts en valent la peine! On p\u00e9dale \u00e0 travers des alpages idylliques, des for\u00eats de m\u00e9l\u00e8zes noueuses et on passe devant des villages de montagne ensoleill\u00e9s, le tout avec vue sur les impressionnantes montagnes du Valais et de Berne.<\/p>\n<p>Ce tour \u00e0 v\u00e9lo ambitieux part d\u2019Unterb\u00e4ch vers Eischoll et traverse le vieux centre du village jusqu\u2019\u00e0 la station sup\u00e9rieure du t\u00e9l\u00e9si\u00e8ge de Striggen. La route monte l\u00e9g\u00e8rement jusqu\u2019\u00e0 l\u2019Undri Eischollalp, avec une vue magnifique sur Undri et Obri Senggalp. Il y a une courte descente sur la route foresti\u00e8re, suivie d\u2019une mont\u00e9e et d\u2019un joli sentier jusqu\u2019au \u00abGebidem\u00bb. Pendant le trajet, on a toujours sous les yeux le point culminant de la visite: le majestueux Bietschhorn.<\/p>\n<p>Apr\u00e8s s\u2019\u00eatre approvisionn\u00e9 en eau de source fra\u00eeche au puits, on peut commencer la descente connue dans le monde du VTT sous le nom de \u00abMagic Trail\u00bb: un flowtrail naturel qui descend en serpentant jusque Brandalp. La deuxi\u00e8me partie suit un ancien chemin \u00e0 travers la for\u00eat. De Brandalp, la visite m\u00e8ne le long de la route de gravier jusqu\u2019\u00e0 la commune ensoleill\u00e9e de B\u00fcrchen. Si vous avez encore assez de force dans les jambes, attaquez-vous aux 500\u00a0m\u00e8tres de d\u00e9nivel\u00e9 qui m\u00e8nent \u00e0 Moosalp sur une route de montagne idyllique. Sinon, le CarPostal vous y emm\u00e8nera. Le plaisir de la randonn\u00e9e reprend directement \u00e0 Moosalp, avec vue sur la vall\u00e9e de Saas et celle de Zermatt, avec ses nombreux sommets de 4000\u00a0m. Tr\u00e8s doux, facile et d\u00e9gag\u00e9, le sentier monotrace conduit au point de vue du Stand. Du point le plus \u00e9lev\u00e9 du haut plateau de Moosalp, on a une vue panoramique sur douze sommets de 4000\u00a0m\u00e8tres. On fait demi-tour peu apr\u00e8s Breitmatte. La longue route \u00e0 travers une belle for\u00eat de m\u00e9l\u00e8zes jusqu\u2019\u00e0 T\u00f6rbel est un peu plus exigeante dans sa partie centrale.<\/p>\n<p>Une fois arriv\u00e9 dans le village, il vaut la peine de visiter le mus\u00e9e en plein air \u00abUrchigs Terbil\u00bb. Diff\u00e9rents b\u00e2timents, tels qu\u2019une grange typiquement valaisanne, un moulin ou un fournil, montrent les diff\u00e9rents aspects de la vie quotidienne d\u2019un village de montagne valaisan. De retour sur la selle, on prend quelques virages, avant de partir et sur un merveilleux sentier avec deux fortes mont\u00e9es jusqu\u2019\u00e0 Zeneggen. La route continue vers B\u00fcrchen via la r\u00e9serve naturelle de Mittlere Hellela, puis revient \u00e0 Unterb\u00e4ch via le hameau de Zengerbern.<\/p>\n<\/div><\/section>\n\n<style type=\"text\/css\" data-created_by=\"avia_inline_auto\" id=\"style-css-av-kbax4bbr-27f78f1f5574462b1f9eaf8ccb6701aa\">\n#top .hr.hr-invisible.av-kbax4bbr-27f78f1f5574462b1f9eaf8ccb6701aa{\nheight:25px;\n}\n<\/style>\n<div  class='hr av-kbax4bbr-27f78f1f5574462b1f9eaf8ccb6701aa hr-invisible  avia-builder-el-5  el_after_av_textblock  el_before_av_textblock '><span class='hr-inner '><span class=\"hr-inner-style\"><\/span><\/span><\/div>\n<section  class='av_textblock_section av-kbawhdx8-4b6b00edbcd58df42bb800e9e9971c00 '   itemscope=\"itemscope\" itemtype=\"https:\/\/schema.org\/CreativeWork\" ><div class='avia_textblock lead'  itemprop=\"text\" ><h5>TOURENDETAILS:<\/h5>\n<ul>\n<li style=\"text-align: left;\"><span data-contrast=\"auto\"><strong>Route:<\/strong> Unterb\u00e4ch \u2013 Eischoll <\/span><span data-contrast=\"auto\">\u2013 Ginals <\/span><span data-contrast=\"auto\">\u2013 Brandalp <\/span><span data-contrast=\"auto\">\u2013 Moosalp \u2013 T\u00f6rbel \u2013 Zeneggen \u2013 B\u00fcrchen \u2013 Unterb\u00e4ch<\/span><\/li>\n<li style=\"text-align: left;\"><span data-contrast=\"auto\"><strong>L\u00e4nge:<\/strong> 47.9km<\/span><\/li>\n<li style=\"text-align: left;\"><span data-contrast=\"auto\"><strong>Technische Schwierigkeit:<\/strong> schwer<\/span><\/li>\n<li style=\"text-align: left;\"><span data-contrast=\"auto\"><strong>Konditionelle Anforderung:<\/strong> schwer<\/span><\/li>\n<\/ul>\n<\/div><\/section>\n\n<style type=\"text\/css\" data-created_by=\"avia_inline_auto\" id=\"style-css-av-kbax4bbr-27f78f1f5574462b1f9eaf8ccb6701aa\">\n#top .hr.hr-invisible.av-kbax4bbr-27f78f1f5574462b1f9eaf8ccb6701aa{\nheight:25px;\n}\n<\/style>\n<div  class='hr av-kbax4bbr-27f78f1f5574462b1f9eaf8ccb6701aa hr-invisible  avia-builder-el-7  el_after_av_textblock  el_before_av_codeblock '><span class='hr-inner '><span class=\"hr-inner-style\"><\/span><\/span><\/div>\n\n<\/div><\/div><\/div><!-- close content main div --><\/div><\/div><div id='after_section_2'  class='main_color av_default_container_wrap container_wrap fullsize'  ><div class='container av-section-cont-open' ><div class='template-page content  av-content-full alpha units'><div class='post-entry post-entry-type-page post-entry-12825'><div class='entry-content-wrapper clearfix'>\n<style type=\"text\/css\" data-created_by=\"avia_inline_auto\" id=\"style-css-av-kbujysp3-bb5986012cdba25cfd25bc18cd1575b4\">\n.flex_column.av-kbujysp3-bb5986012cdba25cfd25bc18cd1575b4{\nborder-radius:0px 0px 0px 0px;\npadding:0px 0px 0px 0px;\n}\n<\/style>\n<div  class='flex_column av-kbujysp3-bb5986012cdba25cfd25bc18cd1575b4 av_one_full  avia-builder-el-9  el_after_av_section  avia-builder-el-no-sibling  gallery-masonry first flex_column_div av-zero-column-padding  '     ><div id='av-masonry-1' class='av-masonry av-kbrrgn31-62d695e8a43797a64c01d5aede56e5dd noHover av-fixed-size av-large-gap av-hover-overlay-active av-masonry-animation-active av-masonry-col-3 av-caption-always av-caption-style- av-masonry-gallery ' data-post_id=\"12825\"><div class=\"av-masonry-container isotope av-js-disabled\"><div class='av-masonry-entry isotope-item av-masonry-item-no-image '><\/div><a href=\"https:\/\/unterbaech.ch\/wp-content\/uploads\/2018_VTT_GrachenMoosalp_9_\u00a9Valais-Wallis-Promotion-Pascal-Gertschen.jpg\" data-srcset=\"https:\/\/unterbaech.ch\/wp-content\/uploads\/2018_VTT_GrachenMoosalp_9_\u00a9Valais-Wallis-Promotion-Pascal-Gertschen.jpg 1191w, https:\/\/unterbaech.ch\/wp-content\/uploads\/2018_VTT_GrachenMoosalp_9_\u00a9Valais-Wallis-Promotion-Pascal-Gertschen-1024x768.jpg 1024w, https:\/\/unterbaech.ch\/wp-content\/uploads\/2018_VTT_GrachenMoosalp_9_\u00a9Valais-Wallis-Promotion-Pascal-Gertschen-768x576.jpg 768w, https:\/\/unterbaech.ch\/wp-content\/uploads\/2018_VTT_GrachenMoosalp_9_\u00a9Valais-Wallis-Promotion-Pascal-Gertschen-705x529.jpg 705w\" data-sizes=\"(max-width: 1191px) 100vw, 1191px\"  aria-label=\"image 2018_VTT_GrachenMoosalp_9_\u00a9Valais Wallis Promotion &#8211; Pascal Gertschen\"  id='av-masonry-1-item-8825' data-av-masonry-item='8825' class='av-masonry-entry isotope-item post-8825 attachment type-attachment status-inherit hentry  av-masonry-item-with-image av-grid-img' title=\"2018_VTT_GrachenMoosalp_9_\u00a9Valais Wallis Promotion &#8211; Pascal Gertschen\" alt=\"\"    itemprop=\"thumbnailUrl\" ><div class='av-inner-masonry-sizer'><\/div><figure class='av-inner-masonry main_color'><div class=\"av-masonry-outerimage-container\"><div class='av-masonry-image-container' style=\"background-image: url(https:\/\/unterbaech.ch\/wp-content\/uploads\/2018_VTT_GrachenMoosalp_9_\u00a9Valais-Wallis-Promotion-Pascal-Gertschen-705x529.jpg);\"  title=\"2018_VTT_GrachenMoosalp_9_\u00a9Valais Wallis Promotion &#8211; Pascal Gertschen\" ><\/div><\/div><\/figure><\/a><!--end av-masonry entry--><a href=\"https:\/\/unterbaech.ch\/wp-content\/uploads\/2018_VTT_GrachenMoosalp_3_\u00a9Valais-Wallis-Promotion-Pascal-Gertschen.jpg\" data-srcset=\"https:\/\/unterbaech.ch\/wp-content\/uploads\/2018_VTT_GrachenMoosalp_3_\u00a9Valais-Wallis-Promotion-Pascal-Gertschen.jpg 1191w, https:\/\/unterbaech.ch\/wp-content\/uploads\/2018_VTT_GrachenMoosalp_3_\u00a9Valais-Wallis-Promotion-Pascal-Gertschen-1024x768.jpg 1024w, https:\/\/unterbaech.ch\/wp-content\/uploads\/2018_VTT_GrachenMoosalp_3_\u00a9Valais-Wallis-Promotion-Pascal-Gertschen-768x576.jpg 768w, https:\/\/unterbaech.ch\/wp-content\/uploads\/2018_VTT_GrachenMoosalp_3_\u00a9Valais-Wallis-Promotion-Pascal-Gertschen-705x529.jpg 705w\" data-sizes=\"(max-width: 1191px) 100vw, 1191px\"  aria-label=\"image 2018_VTT_GrachenMoosalp_3_\u00a9Valais Wallis Promotion &#8211; Pascal Gertschen\"  id='av-masonry-1-item-8819' data-av-masonry-item='8819' class='av-masonry-entry isotope-item post-8819 attachment type-attachment status-inherit hentry  av-masonry-item-with-image av-grid-img' title=\"2018_VTT_GrachenMoosalp_3_\u00a9Valais Wallis Promotion &#8211; Pascal Gertschen\" alt=\"\"    itemprop=\"thumbnailUrl\" ><div class='av-inner-masonry-sizer'><\/div><figure class='av-inner-masonry main_color'><div class=\"av-masonry-outerimage-container\"><div class='av-masonry-image-container' style=\"background-image: url(https:\/\/unterbaech.ch\/wp-content\/uploads\/2018_VTT_GrachenMoosalp_3_\u00a9Valais-Wallis-Promotion-Pascal-Gertschen-705x529.jpg);\"  title=\"2018_VTT_GrachenMoosalp_3_\u00a9Valais Wallis Promotion &#8211; Pascal Gertschen\" ><\/div><\/div><\/figure><\/a><!--end av-masonry entry--><a href=\"https:\/\/unterbaech.ch\/wp-content\/uploads\/2018_VTT_Grachen_39_\u00a9Valais-Wallis-Promotion-Pascal-Gertschen.jpg\" data-srcset=\"https:\/\/unterbaech.ch\/wp-content\/uploads\/2018_VTT_Grachen_39_\u00a9Valais-Wallis-Promotion-Pascal-Gertschen.jpg 1191w, https:\/\/unterbaech.ch\/wp-content\/uploads\/2018_VTT_Grachen_39_\u00a9Valais-Wallis-Promotion-Pascal-Gertschen-1024x768.jpg 1024w, https:\/\/unterbaech.ch\/wp-content\/uploads\/2018_VTT_Grachen_39_\u00a9Valais-Wallis-Promotion-Pascal-Gertschen-768x576.jpg 768w, https:\/\/unterbaech.ch\/wp-content\/uploads\/2018_VTT_Grachen_39_\u00a9Valais-Wallis-Promotion-Pascal-Gertschen-705x529.jpg 705w\" data-sizes=\"(max-width: 1191px) 100vw, 1191px\"  aria-label=\"image 2018_VTT_Grachen_39_\u00a9Valais Wallis Promotion &#8211; Pascal Gertschen\"  id='av-masonry-1-item-8816' data-av-masonry-item='8816' class='av-masonry-entry isotope-item post-8816 attachment type-attachment status-inherit hentry  av-masonry-item-with-image av-grid-img' title=\"2018_VTT_Grachen_39_\u00a9Valais Wallis Promotion &#8211; Pascal Gertschen\" alt=\"\"    itemprop=\"thumbnailUrl\" ><div class='av-inner-masonry-sizer'><\/div><figure class='av-inner-masonry main_color'><div class=\"av-masonry-outerimage-container\"><div class='av-masonry-image-container' style=\"background-image: url(https:\/\/unterbaech.ch\/wp-content\/uploads\/2018_VTT_Grachen_39_\u00a9Valais-Wallis-Promotion-Pascal-Gertschen-705x529.jpg);\"  title=\"2018_VTT_Grachen_39_\u00a9Valais Wallis Promotion &#8211; Pascal Gertschen\" ><\/div><\/div><\/figure><\/a><!--end av-masonry entry--><\/div><\/div><\/div><\/p>\n","protected":false},"excerpt":{"rendered":"","protected":false},"author":8,"featured_media":0,"parent":14173,"menu_order":0,"comment_status":"closed","ping_status":"closed","template":"","meta":{"inline_featured_image":false,"footnotes":""},"class_list":["post-12825","page","type-page","status-publish","hentry"],"yoast_head":"<!-- This site is optimized with the Yoast SEO plugin v27.3 - https:\/\/yoast.com\/product\/yoast-seo-wordpress\/ -->\n<title>Moosalp Plateau Bike - Unterb\u00e4ch<\/title>\n<meta name=\"description\" content=\"Faire le tour de Moosalp \u00e0 v\u00e9lo et d\u00e9couvrir les plus beaux coins de la r\u00e9gion d\u2019Augstbord: voici la promesse de cette boucle de v\u00e9lo de pr\u00e8s de 48 km. Une chose est s\u00fbre, les efforts en valent la peine! On p\u00e9dale \u00e0 travers des alpages idylliques, des for\u00eats de m\u00e9l\u00e8zes noueuses et on passe devant des villages de montagne ensoleill\u00e9s, le tout avec vue sur les impressionnantes montagnes du Valais et de Berne.\" \/>\n<meta name=\"robots\" content=\"index, follow, max-snippet:-1, max-image-preview:large, max-video-preview:-1\" \/>\n<link rel=\"canonical\" href=\"https:\/\/unterbaech.ch\/fr\/decouvertes-et-experiences\/lete\/velo\/moosalp-plateau-bike\/\" \/>\n<meta property=\"og:locale\" content=\"fr_FR\" \/>\n<meta property=\"og:type\" content=\"article\" \/>\n<meta property=\"og:title\" content=\"Moosalp Plateau Bike - Unterb\u00e4ch\" \/>\n<meta property=\"og:description\" content=\"Faire le tour de Moosalp \u00e0 v\u00e9lo et d\u00e9couvrir les plus beaux coins de la r\u00e9gion d\u2019Augstbord: voici la promesse de cette boucle de v\u00e9lo de pr\u00e8s de 48 km. Une chose est s\u00fbre, les efforts en valent la peine! On p\u00e9dale \u00e0 travers des alpages idylliques, des for\u00eats de m\u00e9l\u00e8zes noueuses et on passe devant des villages de montagne ensoleill\u00e9s, le tout avec vue sur les impressionnantes montagnes du Valais et de Berne.\" \/>\n<meta property=\"og:url\" content=\"https:\/\/unterbaech.ch\/fr\/decouvertes-et-experiences\/lete\/velo\/moosalp-plateau-bike\/\" \/>\n<meta property=\"og:site_name\" content=\"Unterb\u00e4ch\" \/>\n<meta property=\"article:publisher\" content=\"https:\/\/www.facebook.com\/unterbaech\" \/>\n<meta property=\"article:modified_time\" content=\"2026-03-23T15:20:32+00:00\" \/>\n<meta name=\"twitter:card\" content=\"summary_large_image\" \/>\n<meta name=\"twitter:label1\" content=\"Dur\u00e9e de lecture estim\u00e9e\" \/>\n\t<meta name=\"twitter:data1\" content=\"3 minutes\" \/>\n<script type=\"application\/ld+json\" class=\"yoast-schema-graph\">{\"@context\":\"https:\\\/\\\/schema.org\",\"@graph\":[{\"@type\":\"WebPage\",\"@id\":\"https:\\\/\\\/unterbaech.ch\\\/fr\\\/decouvertes-et-experiences\\\/lete\\\/velo\\\/moosalp-plateau-bike\\\/\",\"url\":\"https:\\\/\\\/unterbaech.ch\\\/fr\\\/decouvertes-et-experiences\\\/lete\\\/velo\\\/moosalp-plateau-bike\\\/\",\"name\":\"Moosalp Plateau Bike - Unterb\u00e4ch\",\"isPartOf\":{\"@id\":\"https:\\\/\\\/unterbaech.ch\\\/fr\\\/#website\"},\"datePublished\":\"2021-05-14T15:05:45+00:00\",\"dateModified\":\"2026-03-23T15:20:32+00:00\",\"description\":\"Faire le tour de Moosalp \u00e0 v\u00e9lo et d\u00e9couvrir les plus beaux coins de la r\u00e9gion d\u2019Augstbord: voici la promesse de cette boucle de v\u00e9lo de pr\u00e8s de 48 km. Une chose est s\u00fbre, les efforts en valent la peine! On p\u00e9dale \u00e0 travers des alpages idylliques, des for\u00eats de m\u00e9l\u00e8zes noueuses et on passe devant des villages de montagne ensoleill\u00e9s, le tout avec vue sur les impressionnantes montagnes du Valais et de Berne.\",\"breadcrumb\":{\"@id\":\"https:\\\/\\\/unterbaech.ch\\\/fr\\\/decouvertes-et-experiences\\\/lete\\\/velo\\\/moosalp-plateau-bike\\\/#breadcrumb\"},\"inLanguage\":\"fr-FR\",\"potentialAction\":[{\"@type\":\"ReadAction\",\"target\":[\"https:\\\/\\\/unterbaech.ch\\\/fr\\\/decouvertes-et-experiences\\\/lete\\\/velo\\\/moosalp-plateau-bike\\\/\"]}]},{\"@type\":\"BreadcrumbList\",\"@id\":\"https:\\\/\\\/unterbaech.ch\\\/fr\\\/decouvertes-et-experiences\\\/lete\\\/velo\\\/moosalp-plateau-bike\\\/#breadcrumb\",\"itemListElement\":[{\"@type\":\"ListItem\",\"position\":1,\"name\":\"Startseite\",\"item\":\"https:\\\/\\\/unterbaech.ch\\\/fr\\\/accueil\\\/\"},{\"@type\":\"ListItem\",\"position\":2,\"name\":\"D\u00e9couvertes et exp\u00e9riences\",\"item\":\"https:\\\/\\\/unterbaech.ch\\\/fr\\\/decouvertes-et-experiences\\\/\"},{\"@type\":\"ListItem\",\"position\":3,\"name\":\"L&#8217;\u00e9te\",\"item\":\"https:\\\/\\\/unterbaech.ch\\\/fr\\\/unterbaech\\\/sommer\\\/\"},{\"@type\":\"ListItem\",\"position\":4,\"name\":\"V\u00e9lo\",\"item\":\"https:\\\/\\\/unterbaech.ch\\\/fr\\\/unterbaech\\\/sommer\\\/biken\\\/\"},{\"@type\":\"ListItem\",\"position\":5,\"name\":\"Moosalp Plateau Bike\"}]},{\"@type\":\"WebSite\",\"@id\":\"https:\\\/\\\/unterbaech.ch\\\/fr\\\/#website\",\"url\":\"https:\\\/\\\/unterbaech.ch\\\/fr\\\/\",\"name\":\"Unterb\u00e4ch\",\"description\":\"\",\"publisher\":{\"@id\":\"https:\\\/\\\/unterbaech.ch\\\/fr\\\/#organization\"},\"potentialAction\":[{\"@type\":\"SearchAction\",\"target\":{\"@type\":\"EntryPoint\",\"urlTemplate\":\"https:\\\/\\\/unterbaech.ch\\\/fr\\\/?s={search_term_string}\"},\"query-input\":{\"@type\":\"PropertyValueSpecification\",\"valueRequired\":true,\"valueName\":\"search_term_string\"}}],\"inLanguage\":\"fr-FR\"},{\"@type\":\"Organization\",\"@id\":\"https:\\\/\\\/unterbaech.ch\\\/fr\\\/#organization\",\"name\":\"Unterb\u00e4ch Tourismus\",\"url\":\"https:\\\/\\\/unterbaech.ch\\\/fr\\\/\",\"logo\":{\"@type\":\"ImageObject\",\"inLanguage\":\"fr-FR\",\"@id\":\"https:\\\/\\\/unterbaech.ch\\\/fr\\\/#\\\/schema\\\/logo\\\/image\\\/\",\"url\":\"https:\\\/\\\/unterbaech.ch\\\/wp-content\\\/uploads\\\/Logo-1.png\",\"contentUrl\":\"https:\\\/\\\/unterbaech.ch\\\/wp-content\\\/uploads\\\/Logo-1.png\",\"width\":1125,\"height\":1102,\"caption\":\"Unterb\u00e4ch Tourismus\"},\"image\":{\"@id\":\"https:\\\/\\\/unterbaech.ch\\\/fr\\\/#\\\/schema\\\/logo\\\/image\\\/\"},\"sameAs\":[\"https:\\\/\\\/www.facebook.com\\\/unterbaech\",\"https:\\\/\\\/www.instagram.com\\\/visit.unterbaech\\\/\",\"https:\\\/\\\/de.wikipedia.org\\\/wiki\\\/Unterb\u00e4ch\"]}]}<\/script>\n<!-- \/ Yoast SEO plugin. -->","yoast_head_json":{"title":"Moosalp Plateau Bike - Unterb\u00e4ch","description":"Faire le tour de Moosalp \u00e0 v\u00e9lo et d\u00e9couvrir les plus beaux coins de la r\u00e9gion d\u2019Augstbord: voici la promesse de cette boucle de v\u00e9lo de pr\u00e8s de 48 km. Une chose est s\u00fbre, les efforts en valent la peine! On p\u00e9dale \u00e0 travers des alpages idylliques, des for\u00eats de m\u00e9l\u00e8zes noueuses et on passe devant des villages de montagne ensoleill\u00e9s, le tout avec vue sur les impressionnantes montagnes du Valais et de Berne.","robots":{"index":"index","follow":"follow","max-snippet":"max-snippet:-1","max-image-preview":"max-image-preview:large","max-video-preview":"max-video-preview:-1"},"canonical":"https:\/\/unterbaech.ch\/fr\/decouvertes-et-experiences\/lete\/velo\/moosalp-plateau-bike\/","og_locale":"fr_FR","og_type":"article","og_title":"Moosalp Plateau Bike - Unterb\u00e4ch","og_description":"Faire le tour de Moosalp \u00e0 v\u00e9lo et d\u00e9couvrir les plus beaux coins de la r\u00e9gion d\u2019Augstbord: voici la promesse de cette boucle de v\u00e9lo de pr\u00e8s de 48 km. Une chose est s\u00fbre, les efforts en valent la peine! On p\u00e9dale \u00e0 travers des alpages idylliques, des for\u00eats de m\u00e9l\u00e8zes noueuses et on passe devant des villages de montagne ensoleill\u00e9s, le tout avec vue sur les impressionnantes montagnes du Valais et de Berne.","og_url":"https:\/\/unterbaech.ch\/fr\/decouvertes-et-experiences\/lete\/velo\/moosalp-plateau-bike\/","og_site_name":"Unterb\u00e4ch","article_publisher":"https:\/\/www.facebook.com\/unterbaech","article_modified_time":"2026-03-23T15:20:32+00:00","twitter_card":"summary_large_image","twitter_misc":{"Dur\u00e9e de lecture estim\u00e9e":"3 minutes"},"schema":{"@context":"https:\/\/schema.org","@graph":[{"@type":"WebPage","@id":"https:\/\/unterbaech.ch\/fr\/decouvertes-et-experiences\/lete\/velo\/moosalp-plateau-bike\/","url":"https:\/\/unterbaech.ch\/fr\/decouvertes-et-experiences\/lete\/velo\/moosalp-plateau-bike\/","name":"Moosalp Plateau Bike - Unterb\u00e4ch","isPartOf":{"@id":"https:\/\/unterbaech.ch\/fr\/#website"},"datePublished":"2021-05-14T15:05:45+00:00","dateModified":"2026-03-23T15:20:32+00:00","description":"Faire le tour de Moosalp \u00e0 v\u00e9lo et d\u00e9couvrir les plus beaux coins de la r\u00e9gion d\u2019Augstbord: voici la promesse de cette boucle de v\u00e9lo de pr\u00e8s de 48 km. Une chose est s\u00fbre, les efforts en valent la peine! On p\u00e9dale \u00e0 travers des alpages idylliques, des for\u00eats de m\u00e9l\u00e8zes noueuses et on passe devant des villages de montagne ensoleill\u00e9s, le tout avec vue sur les impressionnantes montagnes du Valais et de Berne.","breadcrumb":{"@id":"https:\/\/unterbaech.ch\/fr\/decouvertes-et-experiences\/lete\/velo\/moosalp-plateau-bike\/#breadcrumb"},"inLanguage":"fr-FR","potentialAction":[{"@type":"ReadAction","target":["https:\/\/unterbaech.ch\/fr\/decouvertes-et-experiences\/lete\/velo\/moosalp-plateau-bike\/"]}]},{"@type":"BreadcrumbList","@id":"https:\/\/unterbaech.ch\/fr\/decouvertes-et-experiences\/lete\/velo\/moosalp-plateau-bike\/#breadcrumb","itemListElement":[{"@type":"ListItem","position":1,"name":"Startseite","item":"https:\/\/unterbaech.ch\/fr\/accueil\/"},{"@type":"ListItem","position":2,"name":"D\u00e9couvertes et exp\u00e9riences","item":"https:\/\/unterbaech.ch\/fr\/decouvertes-et-experiences\/"},{"@type":"ListItem","position":3,"name":"L&#8217;\u00e9te","item":"https:\/\/unterbaech.ch\/fr\/unterbaech\/sommer\/"},{"@type":"ListItem","position":4,"name":"V\u00e9lo","item":"https:\/\/unterbaech.ch\/fr\/unterbaech\/sommer\/biken\/"},{"@type":"ListItem","position":5,"name":"Moosalp Plateau Bike"}]},{"@type":"WebSite","@id":"https:\/\/unterbaech.ch\/fr\/#website","url":"https:\/\/unterbaech.ch\/fr\/","name":"Unterb\u00e4ch","description":"","publisher":{"@id":"https:\/\/unterbaech.ch\/fr\/#organization"},"potentialAction":[{"@type":"SearchAction","target":{"@type":"EntryPoint","urlTemplate":"https:\/\/unterbaech.ch\/fr\/?s={search_term_string}"},"query-input":{"@type":"PropertyValueSpecification","valueRequired":true,"valueName":"search_term_string"}}],"inLanguage":"fr-FR"},{"@type":"Organization","@id":"https:\/\/unterbaech.ch\/fr\/#organization","name":"Unterb\u00e4ch Tourismus","url":"https:\/\/unterbaech.ch\/fr\/","logo":{"@type":"ImageObject","inLanguage":"fr-FR","@id":"https:\/\/unterbaech.ch\/fr\/#\/schema\/logo\/image\/","url":"https:\/\/unterbaech.ch\/wp-content\/uploads\/Logo-1.png","contentUrl":"https:\/\/unterbaech.ch\/wp-content\/uploads\/Logo-1.png","width":1125,"height":1102,"caption":"Unterb\u00e4ch Tourismus"},"image":{"@id":"https:\/\/unterbaech.ch\/fr\/#\/schema\/logo\/image\/"},"sameAs":["https:\/\/www.facebook.com\/unterbaech","https:\/\/www.instagram.com\/visit.unterbaech\/","https:\/\/de.wikipedia.org\/wiki\/Unterb\u00e4ch"]}]}},"_links":{"self":[{"href":"https:\/\/unterbaech.ch\/fr\/wp-json\/wp\/v2\/pages\/12825","targetHints":{"allow":["GET"]}}],"collection":[{"href":"https:\/\/unterbaech.ch\/fr\/wp-json\/wp\/v2\/pages"}],"about":[{"href":"https:\/\/unterbaech.ch\/fr\/wp-json\/wp\/v2\/types\/page"}],"author":[{"embeddable":true,"href":"https:\/\/unterbaech.ch\/fr\/wp-json\/wp\/v2\/users\/8"}],"replies":[{"embeddable":true,"href":"https:\/\/unterbaech.ch\/fr\/wp-json\/wp\/v2\/comments?post=12825"}],"version-history":[{"count":3,"href":"https:\/\/unterbaech.ch\/fr\/wp-json\/wp\/v2\/pages\/12825\/revisions"}],"predecessor-version":[{"id":29531,"href":"https:\/\/unterbaech.ch\/fr\/wp-json\/wp\/v2\/pages\/12825\/revisions\/29531"}],"up":[{"embeddable":true,"href":"https:\/\/unterbaech.ch\/fr\/wp-json\/wp\/v2\/pages\/14173"}],"wp:attachment":[{"href":"https:\/\/unterbaech.ch\/fr\/wp-json\/wp\/v2\/media?parent=12825"}],"curies":[{"name":"wp","href":"https:\/\/api.w.org\/{rel}","templated":true}]}}