{"id":12828,"date":"2021-05-14T17:08:45","date_gmt":"2021-05-14T15:08:45","guid":{"rendered":"https:\/\/unterbaech.ch\/trail-de-lunggi\/"},"modified":"2026-03-23T16:25:45","modified_gmt":"2026-03-23T15:25:45","slug":"trail-de-lunggi","status":"publish","type":"page","link":"https:\/\/unterbaech.ch\/fr\/decouvertes-et-experiences\/lete\/velo\/trail-de-lunggi\/","title":{"rendered":"Trail de Lunggi"},"content":{"rendered":"\n<style type=\"text\/css\" data-created_by=\"avia_inline_auto\" id=\"style-css-av-kbax8y3e-4ec43e84c152c0788b692ad0d207e106\">\n.avia-section.av-kbax8y3e-4ec43e84c152c0788b692ad0d207e106 .av-parallax .av-parallax-inner{\nbackground-repeat:no-repeat;\nbackground-image:url(https:\/\/unterbaech.ch\/wp-content\/uploads\/2018_VTT_GrachenMoosalp_42_\u00a9Valais-Wallis-Promotion-Pascal-Gertschen.jpg);\nbackground-position:50% 100%;\nbackground-attachment:scroll;\n}\n<\/style>\n<div id='av_section_1'  class='avia-section av-kbax8y3e-4ec43e84c152c0788b692ad0d207e106 main_color avia-section-default avia-no-border-styling  avia-builder-el-0  el_before_av_section  avia-builder-el-first  section-fullwidthimage avia-full-stretch av-parallax-section avia-bg-style-parallax av-minimum-height av-minimum-height-50 av-height-50  container_wrap fullsize'  data-section-bg-repeat='stretch' data-av_minimum_height_pc='50' data-av_min_height_opt='50'><div class='av-parallax' data-avia-parallax-ratio='0.3' ><div class='av-parallax-inner main_color avia-full-stretch'><\/div><\/div><div class='container av-section-cont-open' ><main  role=\"main\" itemprop=\"mainContentOfPage\"  class='template-page content  av-content-full alpha units'><div class='post-entry post-entry-type-page post-entry-12828'><div class='entry-content-wrapper clearfix'>\n<\/div><\/div><\/main><!-- close content main element --><\/div><\/div><div id='av_section_2'  class='avia-section av-1n2h9-eef07d2470a934665895b572bc96122f main_color avia-section-default avia-no-border-styling  avia-builder-el-1  el_after_av_section  el_before_av_one_full  section-leadtext onecol avia-bg-style-scroll container_wrap fullsize'  ><div class='container av-section-cont-open' ><div class='template-page content  av-content-full alpha units'><div class='post-entry post-entry-type-page post-entry-12828'><div class='entry-content-wrapper clearfix'>\n<section  class='av_textblock_section av-kbawhdx8-9a55faeefcbf4e8706dea9c49b9010c2 '   itemscope=\"itemscope\" itemtype=\"https:\/\/schema.org\/CreativeWork\" ><div class='avia_textblock'  itemprop=\"text\" ><p style=\"text-align: center;\"><strong>CIRCUIT A VELO<\/strong><\/p>\n<h3 style=\"text-align: center;\">LUNGGI TRAIL<\/h3>\n<\/div><\/section>\n\n<style type=\"text\/css\" data-created_by=\"avia_inline_auto\" id=\"style-css-av-kbax4bbr-27f78f1f5574462b1f9eaf8ccb6701aa\">\n#top .hr.hr-invisible.av-kbax4bbr-27f78f1f5574462b1f9eaf8ccb6701aa{\nheight:25px;\n}\n<\/style>\n<div  class='hr av-kbax4bbr-27f78f1f5574462b1f9eaf8ccb6701aa hr-invisible  avia-builder-el-3  el_after_av_textblock  el_before_av_textblock '><span class='hr-inner '><span class=\"hr-inner-style\"><\/span><\/span><\/div>\n<section  class='av_textblock_section av-kb9j7yy8-cb52267f29ec33a0cbd1cb12b1aeb1b9 '   itemscope=\"itemscope\" itemtype=\"https:\/\/schema.org\/CreativeWork\" ><div class='avia_textblock lead'  itemprop=\"text\" ><p>Traversez toute la r\u00e9gion d\u2019Augstbord d\u2019une traite! Ce sentier de v\u00e9lo de difficult\u00e9 moyenne, qui traverse les villages de montagne ensoleill\u00e9s d\u2019Unterb\u00e4ch, Eischoll, Ergisch et B\u00fcrchen, comble tous les sens. Nous commen\u00e7ons \u00e0 Unterb\u00e4ch par un court trajet le long de la route principale d\u2019Eischoll. Ici, il vaut la peine de faire un petit d\u00e9tour par le magnifique centre du vieux village avant d\u2019effectuer la descente d\u2019environ 5\u00a0km jusqu\u2019\u00e0 la d\u00e9viation en direction d\u2019Ergisch. Sur les 16\u00a0km qui suivent, les choses s\u00e9rieuses commencent pour le cycliste. Mais ne vous inqui\u00e9tez pas, le long de la route, de nombreux et beaux endroits m\u00e9ritent un arr\u00eat et une courte pause pour souffler. Le village d\u2019Ergisch est bient\u00f4t atteint. Ce village pittoresque tr\u00f4ne tel un gardien au-dessus de la sortie du val de Tourtemagne au romantisme sauvage. Plus haut, le sentier m\u00e8ne au magnifique haut plateau d\u2019Obermatte (1550\u00a0m d\u2019altitude), o\u00f9 l\u2019on a pour la premi\u00e8re fois l\u2019occasion de profiter du magnifique panorama. D\u00e9tendu, on peut continuer jusque l\u2019alpage de Tschorr (1777\u00a0m d\u2019altitude). A partir d\u2019ici, les mont\u00e9es les plus difficiles sont d\u00e9j\u00e0 derri\u00e8re vous. A travers des for\u00eats aux parfums \u00e9pic\u00e9s, au-dessus d\u2019Undri Eischollalp, on atteint le Gorpart.\u00a0 Apr\u00e8s le Gorpatbach, suivez le chemin en direction d\u2019Unners S\u00e4nntum (1993\u00a0m au-dessus de la mer). A ce stade, une visite au restaurant de montagne Ginals est recommand\u00e9e. La derni\u00e8re mont\u00e9e qui suit m\u00e8ne au magnifique point de vue du Gebidem (2100\u00a0m d\u2019altitude). La descente bien m\u00e9rit\u00e9e commence au nord, sur le chemin forestier qui descend jusqu\u2019\u00e0 Breite St\u00e4g. Plus bas, le chemin m\u00e8ne \u00e0 Brandalp. Ici, l\u2019h\u00f4tel-restaurant Alpenr\u00f6sli invite le cycliste fatigu\u00e9 \u00e0 s\u2019attarder et offre la possibilit\u00e9 de satisfaire la faim et la soif pour la deuxi\u00e8me \u00e9tape du circuit.<\/p>\n<p>Depuis Brandalp, le chemin continue d\u2019abord en descente, traverse le L\u00f6\u00fcbbach et m\u00e8ne \u00e0 la for\u00eat de Ronalp via Wisalpji. Ici, vous devriez \u00e0 nouveau profiter du silence de la for\u00eat avant d\u2019atteindre l\u2019agitation du hameau de G\u00e4rlich \u00e0 B\u00fcrchen, qui se compose principalement de maisons de vacances. Sur la route, on descend \u00e0 travers la for\u00eat de Lochwald jusqu\u2019\u00e0 Loch (1540\u00a0m au-dessus de la mer). Ici, un panneau indique \u00e0 gauche la direction de Mittleri Hellela. Une fois de plus, on traverse un court tron\u00e7on de for\u00eat avant d\u2019atteindre Zenh\u00e4usern, un autre quartier de B\u00fcrchen. Le chemin se poursuit jusqu\u2019\u00e0 la route principale, o\u00f9 l\u2019on rejoid bient\u00f4t le point de d\u00e9part, Unterb\u00e4ch.<\/p>\n<\/div><\/section>\n\n<style type=\"text\/css\" data-created_by=\"avia_inline_auto\" id=\"style-css-av-kbax4bbr-27f78f1f5574462b1f9eaf8ccb6701aa\">\n#top .hr.hr-invisible.av-kbax4bbr-27f78f1f5574462b1f9eaf8ccb6701aa{\nheight:25px;\n}\n<\/style>\n<div  class='hr av-kbax4bbr-27f78f1f5574462b1f9eaf8ccb6701aa hr-invisible  avia-builder-el-5  el_after_av_textblock  el_before_av_textblock '><span class='hr-inner '><span class=\"hr-inner-style\"><\/span><\/span><\/div>\n<section  class='av_textblock_section av-kbawhdx8-4b6b00edbcd58df42bb800e9e9971c00 '   itemscope=\"itemscope\" itemtype=\"https:\/\/schema.org\/CreativeWork\" ><div class='avia_textblock lead'  itemprop=\"text\" ><h5>TOURENDETAILS:<\/h5>\n<ul>\n<li style=\"text-align: left;\"><span data-contrast=\"auto\"><strong>Route:<\/strong> Unterb\u00e4ch \u2013 Eischoll <\/span><span data-contrast=\"auto\">\u2013 Striigge <\/span><span data-contrast=\"auto\">\u2013 Tschorr <\/span><span data-contrast=\"auto\">\u2013 Habere \u2013 Ried \u2013 Lunggi \u2013 Gampel-Steg<\/span><\/li>\n<li style=\"text-align: left;\"><span data-contrast=\"auto\"><strong>L\u00e4nge:<\/strong> 14.8km<\/span><\/li>\n<li style=\"text-align: left;\"><span data-contrast=\"auto\"><strong>Technische Schwierigkeit:<\/strong> mittel<\/span><\/li>\n<li style=\"text-align: left;\"><span data-contrast=\"auto\"><strong>Konditionelle Anforderung:<\/strong> mittel<\/span><\/li>\n<\/ul>\n<\/div><\/section>\n\n<style type=\"text\/css\" data-created_by=\"avia_inline_auto\" id=\"style-css-av-kbax4bbr-27f78f1f5574462b1f9eaf8ccb6701aa\">\n#top .hr.hr-invisible.av-kbax4bbr-27f78f1f5574462b1f9eaf8ccb6701aa{\nheight:25px;\n}\n<\/style>\n<div  class='hr av-kbax4bbr-27f78f1f5574462b1f9eaf8ccb6701aa hr-invisible  avia-builder-el-7  el_after_av_textblock  el_before_av_codeblock '><span class='hr-inner '><span class=\"hr-inner-style\"><\/span><\/span><\/div>\n\n<\/div><\/div><\/div><!-- close content main div --><\/div><\/div><div id='after_section_2'  class='main_color av_default_container_wrap container_wrap fullsize'  ><div class='container av-section-cont-open' ><div class='template-page content  av-content-full alpha units'><div class='post-entry post-entry-type-page post-entry-12828'><div class='entry-content-wrapper clearfix'>\n<style type=\"text\/css\" data-created_by=\"avia_inline_auto\" id=\"style-css-av-kbujysp3-bb5986012cdba25cfd25bc18cd1575b4\">\n.flex_column.av-kbujysp3-bb5986012cdba25cfd25bc18cd1575b4{\nborder-radius:0px 0px 0px 0px;\npadding:0px 0px 0px 0px;\n}\n<\/style>\n<div  class='flex_column av-kbujysp3-bb5986012cdba25cfd25bc18cd1575b4 av_one_full  avia-builder-el-9  el_after_av_section  avia-builder-el-no-sibling  gallery-masonry first flex_column_div av-zero-column-padding  '     ><div id='av-masonry-1' class='av-masonry av-kbrrgn31-6872746fdcaa3d1fe2197b0e198f93e9 noHover av-fixed-size av-large-gap av-hover-overlay-active av-masonry-animation-active av-masonry-col-3 av-caption-always av-caption-style- av-masonry-gallery ' data-post_id=\"12828\"><div class=\"av-masonry-container isotope av-js-disabled\"><div class='av-masonry-entry isotope-item av-masonry-item-no-image '><\/div><a href=\"https:\/\/unterbaech.ch\/wp-content\/uploads\/2018_VTT_GrachenMoosalp_42_\u00a9Valais-Wallis-Promotion-Pascal-Gertschen.jpg\" data-srcset=\"https:\/\/unterbaech.ch\/wp-content\/uploads\/2018_VTT_GrachenMoosalp_42_\u00a9Valais-Wallis-Promotion-Pascal-Gertschen.jpg 1191w, https:\/\/unterbaech.ch\/wp-content\/uploads\/2018_VTT_GrachenMoosalp_42_\u00a9Valais-Wallis-Promotion-Pascal-Gertschen-1024x768.jpg 1024w, https:\/\/unterbaech.ch\/wp-content\/uploads\/2018_VTT_GrachenMoosalp_42_\u00a9Valais-Wallis-Promotion-Pascal-Gertschen-768x576.jpg 768w, https:\/\/unterbaech.ch\/wp-content\/uploads\/2018_VTT_GrachenMoosalp_42_\u00a9Valais-Wallis-Promotion-Pascal-Gertschen-705x529.jpg 705w\" data-sizes=\"(max-width: 1191px) 100vw, 1191px\"  aria-label=\"image 2018_VTT_GrachenMoosalp_42_\u00a9Valais Wallis Promotion &#8211; Pascal Gertschen\"  id='av-masonry-1-item-8831' data-av-masonry-item='8831' class='av-masonry-entry isotope-item post-8831 attachment type-attachment status-inherit hentry  av-masonry-item-with-image av-grid-img' title=\"2018_VTT_GrachenMoosalp_42_\u00a9Valais Wallis Promotion &#8211; Pascal Gertschen\" alt=\"\"    itemprop=\"thumbnailUrl\" ><div class='av-inner-masonry-sizer'><\/div><figure class='av-inner-masonry main_color'><div class=\"av-masonry-outerimage-container\"><div class='av-masonry-image-container' style=\"background-image: url(https:\/\/unterbaech.ch\/wp-content\/uploads\/2018_VTT_GrachenMoosalp_42_\u00a9Valais-Wallis-Promotion-Pascal-Gertschen-705x529.jpg);\"  title=\"2018_VTT_GrachenMoosalp_42_\u00a9Valais Wallis Promotion &#8211; Pascal Gertschen\" ><\/div><\/div><\/figure><\/a><!--end av-masonry entry--><a href=\"https:\/\/unterbaech.ch\/wp-content\/uploads\/2018_VTT_GrachenMoosalp_18_\u00a9Valais-Wallis-Promotion-Pascal-Gertschen.jpg\" data-srcset=\"https:\/\/unterbaech.ch\/wp-content\/uploads\/2018_VTT_GrachenMoosalp_18_\u00a9Valais-Wallis-Promotion-Pascal-Gertschen.jpg 1191w, https:\/\/unterbaech.ch\/wp-content\/uploads\/2018_VTT_GrachenMoosalp_18_\u00a9Valais-Wallis-Promotion-Pascal-Gertschen-1024x768.jpg 1024w, https:\/\/unterbaech.ch\/wp-content\/uploads\/2018_VTT_GrachenMoosalp_18_\u00a9Valais-Wallis-Promotion-Pascal-Gertschen-768x576.jpg 768w, https:\/\/unterbaech.ch\/wp-content\/uploads\/2018_VTT_GrachenMoosalp_18_\u00a9Valais-Wallis-Promotion-Pascal-Gertschen-705x529.jpg 705w\" data-sizes=\"(max-width: 1191px) 100vw, 1191px\"  aria-label=\"image 2018_VTT_GrachenMoosalp_18_\u00a9Valais Wallis Promotion &#8211; Pascal Gertschen\"  id='av-masonry-1-item-8828' data-av-masonry-item='8828' class='av-masonry-entry isotope-item post-8828 attachment type-attachment status-inherit hentry  av-masonry-item-with-image av-grid-img' title=\"2018_VTT_GrachenMoosalp_18_\u00a9Valais Wallis Promotion &#8211; Pascal Gertschen\" alt=\"\"    itemprop=\"thumbnailUrl\" ><div class='av-inner-masonry-sizer'><\/div><figure class='av-inner-masonry main_color'><div class=\"av-masonry-outerimage-container\"><div class='av-masonry-image-container' style=\"background-image: url(https:\/\/unterbaech.ch\/wp-content\/uploads\/2018_VTT_GrachenMoosalp_18_\u00a9Valais-Wallis-Promotion-Pascal-Gertschen-705x529.jpg);\"  title=\"2018_VTT_GrachenMoosalp_18_\u00a9Valais Wallis Promotion &#8211; Pascal Gertschen\" ><\/div><\/div><\/figure><\/a><!--end av-masonry entry--><a href=\"https:\/\/unterbaech.ch\/wp-content\/uploads\/2018_VTT_GrachenMoosalp_8_\u00a9Valais-Wallis-Promotion-Pascal-Gertschen.jpg\" data-srcset=\"https:\/\/unterbaech.ch\/wp-content\/uploads\/2018_VTT_GrachenMoosalp_8_\u00a9Valais-Wallis-Promotion-Pascal-Gertschen.jpg 1191w, https:\/\/unterbaech.ch\/wp-content\/uploads\/2018_VTT_GrachenMoosalp_8_\u00a9Valais-Wallis-Promotion-Pascal-Gertschen-1024x768.jpg 1024w, https:\/\/unterbaech.ch\/wp-content\/uploads\/2018_VTT_GrachenMoosalp_8_\u00a9Valais-Wallis-Promotion-Pascal-Gertschen-768x576.jpg 768w, https:\/\/unterbaech.ch\/wp-content\/uploads\/2018_VTT_GrachenMoosalp_8_\u00a9Valais-Wallis-Promotion-Pascal-Gertschen-705x529.jpg 705w\" data-sizes=\"(max-width: 1191px) 100vw, 1191px\"  aria-label=\"image 2018_VTT_GrachenMoosalp_8_\u00a9Valais Wallis Promotion &#8211; Pascal Gertschen\"  id='av-masonry-1-item-8822' data-av-masonry-item='8822' class='av-masonry-entry isotope-item post-8822 attachment type-attachment status-inherit hentry  av-masonry-item-with-image av-grid-img' title=\"2018_VTT_GrachenMoosalp_8_\u00a9Valais Wallis Promotion &#8211; Pascal Gertschen\" alt=\"\"    itemprop=\"thumbnailUrl\" ><div class='av-inner-masonry-sizer'><\/div><figure class='av-inner-masonry main_color'><div class=\"av-masonry-outerimage-container\"><div class='av-masonry-image-container' style=\"background-image: url(https:\/\/unterbaech.ch\/wp-content\/uploads\/2018_VTT_GrachenMoosalp_8_\u00a9Valais-Wallis-Promotion-Pascal-Gertschen-705x529.jpg);\"  title=\"2018_VTT_GrachenMoosalp_8_\u00a9Valais Wallis Promotion &#8211; Pascal Gertschen\" ><\/div><\/div><\/figure><\/a><!--end av-masonry entry--><\/div><\/div><\/div><\/p>\n","protected":false},"excerpt":{"rendered":"","protected":false},"author":8,"featured_media":0,"parent":14173,"menu_order":0,"comment_status":"closed","ping_status":"closed","template":"","meta":{"inline_featured_image":false,"footnotes":""},"class_list":["post-12828","page","type-page","status-publish","hentry"],"yoast_head":"<!-- This site is optimized with the Yoast SEO plugin v27.3 - https:\/\/yoast.com\/product\/yoast-seo-wordpress\/ -->\n<title>Trail de Lunggi - Unterb\u00e4ch<\/title>\n<meta name=\"description\" content=\"Un moment fort de l\u2019enduro \u00e0 plus de 1200 m\u00e8tres d\u2019altitude, d\u2019Eischoll \u00e0 Gampel-Steg, avec vue imprenable sur les montagnes environnantes. Le trail de Lunggi commence apr\u00e8s le court trajet depuis Unterb\u00e4ch Eischoll par une mont\u00e9e raide vers la station sup\u00e9rieure de Striigge. De l\u00e0, l\u2019itin\u00e9raire se poursuit sur le haut plateau en direction de Senggalp avec une vue panoramique magnifique.\" \/>\n<meta name=\"robots\" content=\"index, follow, max-snippet:-1, max-image-preview:large, max-video-preview:-1\" \/>\n<link rel=\"canonical\" href=\"https:\/\/unterbaech.ch\/fr\/decouvertes-et-experiences\/lete\/velo\/trail-de-lunggi\/\" \/>\n<meta property=\"og:locale\" content=\"fr_FR\" \/>\n<meta property=\"og:type\" content=\"article\" \/>\n<meta property=\"og:title\" content=\"Trail de Lunggi - Unterb\u00e4ch\" \/>\n<meta property=\"og:description\" content=\"Un moment fort de l\u2019enduro \u00e0 plus de 1200 m\u00e8tres d\u2019altitude, d\u2019Eischoll \u00e0 Gampel-Steg, avec vue imprenable sur les montagnes environnantes. Le trail de Lunggi commence apr\u00e8s le court trajet depuis Unterb\u00e4ch Eischoll par une mont\u00e9e raide vers la station sup\u00e9rieure de Striigge. De l\u00e0, l\u2019itin\u00e9raire se poursuit sur le haut plateau en direction de Senggalp avec une vue panoramique magnifique.\" \/>\n<meta property=\"og:url\" content=\"https:\/\/unterbaech.ch\/fr\/decouvertes-et-experiences\/lete\/velo\/trail-de-lunggi\/\" \/>\n<meta property=\"og:site_name\" content=\"Unterb\u00e4ch\" \/>\n<meta property=\"article:publisher\" content=\"https:\/\/www.facebook.com\/unterbaech\" \/>\n<meta property=\"article:modified_time\" content=\"2026-03-23T15:25:45+00:00\" \/>\n<meta name=\"twitter:card\" content=\"summary_large_image\" \/>\n<meta name=\"twitter:label1\" content=\"Dur\u00e9e de lecture estim\u00e9e\" \/>\n\t<meta name=\"twitter:data1\" content=\"3 minutes\" \/>\n<script type=\"application\/ld+json\" class=\"yoast-schema-graph\">{\"@context\":\"https:\\\/\\\/schema.org\",\"@graph\":[{\"@type\":\"WebPage\",\"@id\":\"https:\\\/\\\/unterbaech.ch\\\/fr\\\/decouvertes-et-experiences\\\/lete\\\/velo\\\/trail-de-lunggi\\\/\",\"url\":\"https:\\\/\\\/unterbaech.ch\\\/fr\\\/decouvertes-et-experiences\\\/lete\\\/velo\\\/trail-de-lunggi\\\/\",\"name\":\"Trail de Lunggi - Unterb\u00e4ch\",\"isPartOf\":{\"@id\":\"https:\\\/\\\/unterbaech.ch\\\/fr\\\/#website\"},\"datePublished\":\"2021-05-14T15:08:45+00:00\",\"dateModified\":\"2026-03-23T15:25:45+00:00\",\"description\":\"Un moment fort de l\u2019enduro \u00e0 plus de 1200 m\u00e8tres d\u2019altitude, d\u2019Eischoll \u00e0 Gampel-Steg, avec vue imprenable sur les montagnes environnantes. Le trail de Lunggi commence apr\u00e8s le court trajet depuis Unterb\u00e4ch Eischoll par une mont\u00e9e raide vers la station sup\u00e9rieure de Striigge. De l\u00e0, l\u2019itin\u00e9raire se poursuit sur le haut plateau en direction de Senggalp avec une vue panoramique magnifique.\",\"breadcrumb\":{\"@id\":\"https:\\\/\\\/unterbaech.ch\\\/fr\\\/decouvertes-et-experiences\\\/lete\\\/velo\\\/trail-de-lunggi\\\/#breadcrumb\"},\"inLanguage\":\"fr-FR\",\"potentialAction\":[{\"@type\":\"ReadAction\",\"target\":[\"https:\\\/\\\/unterbaech.ch\\\/fr\\\/decouvertes-et-experiences\\\/lete\\\/velo\\\/trail-de-lunggi\\\/\"]}]},{\"@type\":\"BreadcrumbList\",\"@id\":\"https:\\\/\\\/unterbaech.ch\\\/fr\\\/decouvertes-et-experiences\\\/lete\\\/velo\\\/trail-de-lunggi\\\/#breadcrumb\",\"itemListElement\":[{\"@type\":\"ListItem\",\"position\":1,\"name\":\"Startseite\",\"item\":\"https:\\\/\\\/unterbaech.ch\\\/fr\\\/accueil\\\/\"},{\"@type\":\"ListItem\",\"position\":2,\"name\":\"D\u00e9couvertes et exp\u00e9riences\",\"item\":\"https:\\\/\\\/unterbaech.ch\\\/fr\\\/decouvertes-et-experiences\\\/\"},{\"@type\":\"ListItem\",\"position\":3,\"name\":\"L&#8217;\u00e9te\",\"item\":\"https:\\\/\\\/unterbaech.ch\\\/fr\\\/unterbaech\\\/sommer\\\/\"},{\"@type\":\"ListItem\",\"position\":4,\"name\":\"V\u00e9lo\",\"item\":\"https:\\\/\\\/unterbaech.ch\\\/fr\\\/unterbaech\\\/sommer\\\/biken\\\/\"},{\"@type\":\"ListItem\",\"position\":5,\"name\":\"Trail de Lunggi\"}]},{\"@type\":\"WebSite\",\"@id\":\"https:\\\/\\\/unterbaech.ch\\\/fr\\\/#website\",\"url\":\"https:\\\/\\\/unterbaech.ch\\\/fr\\\/\",\"name\":\"Unterb\u00e4ch\",\"description\":\"\",\"publisher\":{\"@id\":\"https:\\\/\\\/unterbaech.ch\\\/fr\\\/#organization\"},\"potentialAction\":[{\"@type\":\"SearchAction\",\"target\":{\"@type\":\"EntryPoint\",\"urlTemplate\":\"https:\\\/\\\/unterbaech.ch\\\/fr\\\/?s={search_term_string}\"},\"query-input\":{\"@type\":\"PropertyValueSpecification\",\"valueRequired\":true,\"valueName\":\"search_term_string\"}}],\"inLanguage\":\"fr-FR\"},{\"@type\":\"Organization\",\"@id\":\"https:\\\/\\\/unterbaech.ch\\\/fr\\\/#organization\",\"name\":\"Unterb\u00e4ch Tourismus\",\"url\":\"https:\\\/\\\/unterbaech.ch\\\/fr\\\/\",\"logo\":{\"@type\":\"ImageObject\",\"inLanguage\":\"fr-FR\",\"@id\":\"https:\\\/\\\/unterbaech.ch\\\/fr\\\/#\\\/schema\\\/logo\\\/image\\\/\",\"url\":\"https:\\\/\\\/unterbaech.ch\\\/wp-content\\\/uploads\\\/Logo-1.png\",\"contentUrl\":\"https:\\\/\\\/unterbaech.ch\\\/wp-content\\\/uploads\\\/Logo-1.png\",\"width\":1125,\"height\":1102,\"caption\":\"Unterb\u00e4ch Tourismus\"},\"image\":{\"@id\":\"https:\\\/\\\/unterbaech.ch\\\/fr\\\/#\\\/schema\\\/logo\\\/image\\\/\"},\"sameAs\":[\"https:\\\/\\\/www.facebook.com\\\/unterbaech\",\"https:\\\/\\\/www.instagram.com\\\/visit.unterbaech\\\/\",\"https:\\\/\\\/de.wikipedia.org\\\/wiki\\\/Unterb\u00e4ch\"]}]}<\/script>\n<!-- \/ Yoast SEO plugin. -->","yoast_head_json":{"title":"Trail de Lunggi - Unterb\u00e4ch","description":"Un moment fort de l\u2019enduro \u00e0 plus de 1200 m\u00e8tres d\u2019altitude, d\u2019Eischoll \u00e0 Gampel-Steg, avec vue imprenable sur les montagnes environnantes. Le trail de Lunggi commence apr\u00e8s le court trajet depuis Unterb\u00e4ch Eischoll par une mont\u00e9e raide vers la station sup\u00e9rieure de Striigge. De l\u00e0, l\u2019itin\u00e9raire se poursuit sur le haut plateau en direction de Senggalp avec une vue panoramique magnifique.","robots":{"index":"index","follow":"follow","max-snippet":"max-snippet:-1","max-image-preview":"max-image-preview:large","max-video-preview":"max-video-preview:-1"},"canonical":"https:\/\/unterbaech.ch\/fr\/decouvertes-et-experiences\/lete\/velo\/trail-de-lunggi\/","og_locale":"fr_FR","og_type":"article","og_title":"Trail de Lunggi - Unterb\u00e4ch","og_description":"Un moment fort de l\u2019enduro \u00e0 plus de 1200 m\u00e8tres d\u2019altitude, d\u2019Eischoll \u00e0 Gampel-Steg, avec vue imprenable sur les montagnes environnantes. Le trail de Lunggi commence apr\u00e8s le court trajet depuis Unterb\u00e4ch Eischoll par une mont\u00e9e raide vers la station sup\u00e9rieure de Striigge. De l\u00e0, l\u2019itin\u00e9raire se poursuit sur le haut plateau en direction de Senggalp avec une vue panoramique magnifique.","og_url":"https:\/\/unterbaech.ch\/fr\/decouvertes-et-experiences\/lete\/velo\/trail-de-lunggi\/","og_site_name":"Unterb\u00e4ch","article_publisher":"https:\/\/www.facebook.com\/unterbaech","article_modified_time":"2026-03-23T15:25:45+00:00","twitter_card":"summary_large_image","twitter_misc":{"Dur\u00e9e de lecture estim\u00e9e":"3 minutes"},"schema":{"@context":"https:\/\/schema.org","@graph":[{"@type":"WebPage","@id":"https:\/\/unterbaech.ch\/fr\/decouvertes-et-experiences\/lete\/velo\/trail-de-lunggi\/","url":"https:\/\/unterbaech.ch\/fr\/decouvertes-et-experiences\/lete\/velo\/trail-de-lunggi\/","name":"Trail de Lunggi - Unterb\u00e4ch","isPartOf":{"@id":"https:\/\/unterbaech.ch\/fr\/#website"},"datePublished":"2021-05-14T15:08:45+00:00","dateModified":"2026-03-23T15:25:45+00:00","description":"Un moment fort de l\u2019enduro \u00e0 plus de 1200 m\u00e8tres d\u2019altitude, d\u2019Eischoll \u00e0 Gampel-Steg, avec vue imprenable sur les montagnes environnantes. Le trail de Lunggi commence apr\u00e8s le court trajet depuis Unterb\u00e4ch Eischoll par une mont\u00e9e raide vers la station sup\u00e9rieure de Striigge. De l\u00e0, l\u2019itin\u00e9raire se poursuit sur le haut plateau en direction de Senggalp avec une vue panoramique magnifique.","breadcrumb":{"@id":"https:\/\/unterbaech.ch\/fr\/decouvertes-et-experiences\/lete\/velo\/trail-de-lunggi\/#breadcrumb"},"inLanguage":"fr-FR","potentialAction":[{"@type":"ReadAction","target":["https:\/\/unterbaech.ch\/fr\/decouvertes-et-experiences\/lete\/velo\/trail-de-lunggi\/"]}]},{"@type":"BreadcrumbList","@id":"https:\/\/unterbaech.ch\/fr\/decouvertes-et-experiences\/lete\/velo\/trail-de-lunggi\/#breadcrumb","itemListElement":[{"@type":"ListItem","position":1,"name":"Startseite","item":"https:\/\/unterbaech.ch\/fr\/accueil\/"},{"@type":"ListItem","position":2,"name":"D\u00e9couvertes et exp\u00e9riences","item":"https:\/\/unterbaech.ch\/fr\/decouvertes-et-experiences\/"},{"@type":"ListItem","position":3,"name":"L&#8217;\u00e9te","item":"https:\/\/unterbaech.ch\/fr\/unterbaech\/sommer\/"},{"@type":"ListItem","position":4,"name":"V\u00e9lo","item":"https:\/\/unterbaech.ch\/fr\/unterbaech\/sommer\/biken\/"},{"@type":"ListItem","position":5,"name":"Trail de Lunggi"}]},{"@type":"WebSite","@id":"https:\/\/unterbaech.ch\/fr\/#website","url":"https:\/\/unterbaech.ch\/fr\/","name":"Unterb\u00e4ch","description":"","publisher":{"@id":"https:\/\/unterbaech.ch\/fr\/#organization"},"potentialAction":[{"@type":"SearchAction","target":{"@type":"EntryPoint","urlTemplate":"https:\/\/unterbaech.ch\/fr\/?s={search_term_string}"},"query-input":{"@type":"PropertyValueSpecification","valueRequired":true,"valueName":"search_term_string"}}],"inLanguage":"fr-FR"},{"@type":"Organization","@id":"https:\/\/unterbaech.ch\/fr\/#organization","name":"Unterb\u00e4ch Tourismus","url":"https:\/\/unterbaech.ch\/fr\/","logo":{"@type":"ImageObject","inLanguage":"fr-FR","@id":"https:\/\/unterbaech.ch\/fr\/#\/schema\/logo\/image\/","url":"https:\/\/unterbaech.ch\/wp-content\/uploads\/Logo-1.png","contentUrl":"https:\/\/unterbaech.ch\/wp-content\/uploads\/Logo-1.png","width":1125,"height":1102,"caption":"Unterb\u00e4ch Tourismus"},"image":{"@id":"https:\/\/unterbaech.ch\/fr\/#\/schema\/logo\/image\/"},"sameAs":["https:\/\/www.facebook.com\/unterbaech","https:\/\/www.instagram.com\/visit.unterbaech\/","https:\/\/de.wikipedia.org\/wiki\/Unterb\u00e4ch"]}]}},"_links":{"self":[{"href":"https:\/\/unterbaech.ch\/fr\/wp-json\/wp\/v2\/pages\/12828","targetHints":{"allow":["GET"]}}],"collection":[{"href":"https:\/\/unterbaech.ch\/fr\/wp-json\/wp\/v2\/pages"}],"about":[{"href":"https:\/\/unterbaech.ch\/fr\/wp-json\/wp\/v2\/types\/page"}],"author":[{"embeddable":true,"href":"https:\/\/unterbaech.ch\/fr\/wp-json\/wp\/v2\/users\/8"}],"replies":[{"embeddable":true,"href":"https:\/\/unterbaech.ch\/fr\/wp-json\/wp\/v2\/comments?post=12828"}],"version-history":[{"count":3,"href":"https:\/\/unterbaech.ch\/fr\/wp-json\/wp\/v2\/pages\/12828\/revisions"}],"predecessor-version":[{"id":29539,"href":"https:\/\/unterbaech.ch\/fr\/wp-json\/wp\/v2\/pages\/12828\/revisions\/29539"}],"up":[{"embeddable":true,"href":"https:\/\/unterbaech.ch\/fr\/wp-json\/wp\/v2\/pages\/14173"}],"wp:attachment":[{"href":"https:\/\/unterbaech.ch\/fr\/wp-json\/wp\/v2\/media?parent=12828"}],"curies":[{"name":"wp","href":"https:\/\/api.w.org\/{rel}","templated":true}]}}