{"id":12831,"date":"2021-05-14T17:17:56","date_gmt":"2021-05-14T15:17:56","guid":{"rendered":"https:\/\/unterbaech.ch\/dreizehntenhorn\/"},"modified":"2026-03-24T14:23:39","modified_gmt":"2026-03-24T13:23:39","slug":"dreizehntenhorn","status":"publish","type":"page","link":"https:\/\/unterbaech.ch\/fr\/decouvertes-et-experiences\/winter\/ski-de-randonnee\/dreizehntenhorn\/","title":{"rendered":"Dreizehntenhorn"},"content":{"rendered":"\n<style type=\"text\/css\" data-created_by=\"avia_inline_auto\" id=\"style-css-av-kbax8y3e-fcfa8609305247b4bdd912274d0ce8db\">\n.avia-section.av-kbax8y3e-fcfa8609305247b4bdd912274d0ce8db .av-parallax .av-parallax-inner{\nbackground-repeat:no-repeat;\nbackground-image:url(https:\/\/unterbaech.ch\/wp-content\/uploads\/dreizehntenhorn_sac-cas.ch_.jpg);\nbackground-position:50% 50%;\nbackground-attachment:scroll;\n}\n<\/style>\n<div id='av_section_1'  class='avia-section av-kbax8y3e-fcfa8609305247b4bdd912274d0ce8db main_color avia-section-default avia-no-border-styling  avia-builder-el-0  el_before_av_section  avia-builder-el-first  section-fullwidthimage avia-full-stretch av-parallax-section avia-bg-style-parallax av-minimum-height av-minimum-height-50 av-height-50  container_wrap fullsize'  data-section-bg-repeat='stretch' data-av_minimum_height_pc='50' data-av_min_height_opt='50'><div class='av-parallax' data-avia-parallax-ratio='0.3' ><div class='av-parallax-inner main_color avia-full-stretch'><\/div><\/div><div class='container av-section-cont-open' ><main  role=\"main\" itemprop=\"mainContentOfPage\"  class='template-page content  av-content-full alpha units'><div class='post-entry post-entry-type-page post-entry-12831'><div class='entry-content-wrapper clearfix'>\n<\/div><\/div><\/main><!-- close content main element --><\/div><\/div><div id='av_section_2'  class='avia-section av-1n2h9-eef07d2470a934665895b572bc96122f main_color avia-section-default avia-no-border-styling  avia-builder-el-1  el_after_av_section  el_before_av_hr  section-leadtext onecol avia-bg-style-scroll container_wrap fullsize'  ><div class='container av-section-cont-open' ><div class='template-page content  av-content-full alpha units'><div class='post-entry post-entry-type-page post-entry-12831'><div class='entry-content-wrapper clearfix'>\n<section  class='av_textblock_section av-kbawhdx8-9a55faeefcbf4e8706dea9c49b9010c2 '   itemscope=\"itemscope\" itemtype=\"https:\/\/schema.org\/CreativeWork\" ><div class='avia_textblock'  itemprop=\"text\" ><p style=\"text-align: center;\"><strong>\u00a0RANDONEE A SKI Nr. 180a<br \/>\n<\/strong><\/p>\n<h3 style=\"text-align: center;\">\u00a0DREIZEHNTENHORN<\/h3>\n<\/div><\/section>\n\n<style type=\"text\/css\" data-created_by=\"avia_inline_auto\" id=\"style-css-av-kbax4bbr-27f78f1f5574462b1f9eaf8ccb6701aa\">\n#top .hr.hr-invisible.av-kbax4bbr-27f78f1f5574462b1f9eaf8ccb6701aa{\nheight:25px;\n}\n<\/style>\n<div  class='hr av-kbax4bbr-27f78f1f5574462b1f9eaf8ccb6701aa hr-invisible  avia-builder-el-3  el_after_av_textblock  el_before_av_textblock '><span class='hr-inner '><span class=\"hr-inner-style\"><\/span><\/span><\/div>\n<section  class='av_textblock_section av-kb9j7yy8-cb52267f29ec33a0cbd1cb12b1aeb1b9 '   itemscope=\"itemscope\" itemtype=\"https:\/\/schema.org\/CreativeWork\" ><div class='avia_textblock lead'  itemprop=\"text\" ><p>La visite commence \u00e0 la station sup\u00e9rieure de t\u00e9l\u00e9si\u00e8ge de Seefeld. Les premiers m\u00e8tres d\u2019altitude sont couverts par un terrain vallonn\u00e9 jusqu\u2019au \u00abGrossu See\u00bb. On peut admirer comme il se doit les sommets environnants, comme le Dreizehntenhorn (3052\u00a0m d\u2019altitude), le Ginalshorn (3027\u00a0m d&rsquo;altitude) et le Signalhorn (2911\u00a0m d&rsquo;altitude). Depuis le \u00abGrossu See\u00bb, on continue de monter en direction du sud jusqu\u2019\u00e0 traverser la rampe qui enjambe les rochers. En suivant cette rampe, vous atteindrez la cr\u00eate de l\u2019Augstbord. Une situation avalancheuse favorable est indispensable pour cette section du sentier. Maintenant, on suit la cr\u00eate sur une petite distance en direction du nord-ouest, jusqu\u2019\u00e0 ce qu\u2019elle devienne plus raide. Un d\u00e9p\u00f4t de ski y est g\u00e9n\u00e9ralement install\u00e9 pour escalader les derniers m\u00e8tres \u00e0 pied jusqu\u2019au sommet du Dreizehntenhorn. Ici, un gigantesque panorama montagnard s\u2019\u00e9tend sous vos yeux. Certaines des plus belles et des plus hautes montagnes de Suisse semblent \u00e0 port\u00e9e de main. Parmi les points culminants, on trouve certainement le Dom (4545\u00a0m d\u2019altitude), le plus haut sommet uniquement situ\u00e9 en Suisse, et l\u2019imposant et sauvage Weisshorn (4506\u00a0m d\u2019altitude). Au fait : au sommet du Dreizehntenhorn se rencontrent les fronti\u00e8res des \u00abdrei Zehnten\u00bb (trois districts) de Vi\u00e8ge, Lo\u00e8che et Rarogne, d\u2019o\u00f9 son nom. Par le flanc nord-est, une descente bien m\u00e9rit\u00e9e vous ram\u00e8ne au \u00abGrossu See\u00bb et, pour finir, \u00e0 la station sup\u00e9rieure de t\u00e9l\u00e9si\u00e8ge de Seefeld. De l\u00e0, vous pouvez descendre \u00e0 ski jusqu\u2019\u00e0 Unterb\u00e4ch sur la piste de ski dam\u00e9e.<\/p>\n<\/div><\/section>\n<\/div><\/div><\/div><!-- close content main div --><\/div><\/div><div id='after_section_2'  class='main_color av_default_container_wrap container_wrap fullsize'  ><div class='container av-section-cont-open' ><div class='template-page content  av-content-full alpha units'><div class='post-entry post-entry-type-page post-entry-12831'><div class='entry-content-wrapper clearfix'>\n\n<style type=\"text\/css\" data-created_by=\"avia_inline_auto\" id=\"style-css-av-kbax4bbr-27f78f1f5574462b1f9eaf8ccb6701aa\">\n#top .hr.hr-invisible.av-kbax4bbr-27f78f1f5574462b1f9eaf8ccb6701aa{\nheight:25px;\n}\n<\/style>\n<div  class='hr av-kbax4bbr-27f78f1f5574462b1f9eaf8ccb6701aa hr-invisible  avia-builder-el-5  el_after_av_section  el_before_av_textblock  avia-builder-el-first '><span class='hr-inner '><span class=\"hr-inner-style\"><\/span><\/span><\/div>\n<section  class='av_textblock_section av-kbawhdx8-4b6b00edbcd58df42bb800e9e9971c00 '   itemscope=\"itemscope\" itemtype=\"https:\/\/schema.org\/CreativeWork\" ><div class='avia_textblock lead'  itemprop=\"text\" ><h5>TOURENDETAILS:<\/h5>\n<ul>\n<li style=\"text-align: left;\"><span data-contrast=\"auto\"><strong>Zeitbedarf Aufstieg:<\/strong> 2h 30\u00a0<\/span><span data-contrast=\"auto\"> (\u2191620m \u21931830<\/span><span data-contrast=\"auto\"> m)<\/span><span data-ccp-props=\"{\"><br \/>\n<\/span><\/li>\n<li style=\"text-align: left;\"><span data-contrast=\"auto\"><strong>Starth\u00f6he:<\/strong> 2&rsquo;431 <\/span><span data-contrast=\"auto\">m \u00fc. M. \/ <strong>Zielh\u00f6he: <\/strong>3&rsquo;052 m \u00fc. M.<\/span><\/li>\n<li style=\"text-align: left;\"><span data-contrast=\"auto\"><strong>Route:<\/strong> Skilift Seefeld \u2013 Grosse See <\/span><span data-contrast=\"auto\">\u2013 Dreizehntenhorn \u2013 Ober S\u00e4nntum \u2013 Unterb\u00e4ch<\/span><\/li>\n<\/ul>\n<\/div><\/section>\n\n<style type=\"text\/css\" data-created_by=\"avia_inline_auto\" id=\"style-css-av-kbax4bbr-27f78f1f5574462b1f9eaf8ccb6701aa\">\n#top .hr.hr-invisible.av-kbax4bbr-27f78f1f5574462b1f9eaf8ccb6701aa{\nheight:25px;\n}\n<\/style>\n<div  class='hr av-kbax4bbr-27f78f1f5574462b1f9eaf8ccb6701aa hr-invisible  avia-builder-el-7  el_after_av_textblock  el_before_av_codeblock '><span class='hr-inner '><span class=\"hr-inner-style\"><\/span><\/span><\/div>\n\n\n<style type=\"text\/css\" data-created_by=\"avia_inline_auto\" id=\"style-css-av-kbax4bbr-27f78f1f5574462b1f9eaf8ccb6701aa\">\n#top .hr.hr-invisible.av-kbax4bbr-27f78f1f5574462b1f9eaf8ccb6701aa{\nheight:25px;\n}\n<\/style>\n<div  class='hr av-kbax4bbr-27f78f1f5574462b1f9eaf8ccb6701aa hr-invisible  avia-builder-el-9  el_after_av_codeblock  avia-builder-el-last '><span class='hr-inner '><span class=\"hr-inner-style\"><\/span><\/span><\/div>\n","protected":false},"excerpt":{"rendered":"","protected":false},"author":8,"featured_media":0,"parent":13825,"menu_order":0,"comment_status":"closed","ping_status":"closed","template":"","meta":{"inline_featured_image":false,"footnotes":""},"class_list":["post-12831","page","type-page","status-publish","hentry"],"yoast_head":"<!-- This site is optimized with the Yoast SEO plugin v27.4 - https:\/\/yoast.com\/product\/yoast-seo-wordpress\/ -->\n<title>Dreizehntenhorn - Unterb\u00e4ch<\/title>\n<meta name=\"description\" content=\"La visite commence \u00e0 la station sup\u00e9rieure de t\u00e9l\u00e9si\u00e8ge de Seefeld. Les premiers m\u00e8tres d\u2019altitude sont couverts par un terrain vallonn\u00e9 jusqu\u2019au \u00abGrossu See\u00bb. On peut admirer comme il se doit les sommets environnants, comme le Dreizehntenhorn (3052 m d\u2019altitude), le Ginalshorn (3027 m d&#039;altitude) et le Signalhorn (2911 m d&#039;altitude).\" \/>\n<meta name=\"robots\" content=\"index, follow, max-snippet:-1, max-image-preview:large, max-video-preview:-1\" \/>\n<link rel=\"canonical\" href=\"https:\/\/unterbaech.ch\/fr\/decouvertes-et-experiences\/winter\/ski-de-randonnee\/dreizehntenhorn\/\" \/>\n<meta property=\"og:locale\" content=\"fr_FR\" \/>\n<meta property=\"og:type\" content=\"article\" \/>\n<meta property=\"og:title\" content=\"Dreizehntenhorn - Unterb\u00e4ch\" \/>\n<meta property=\"og:description\" content=\"La visite commence \u00e0 la station sup\u00e9rieure de t\u00e9l\u00e9si\u00e8ge de Seefeld. Les premiers m\u00e8tres d\u2019altitude sont couverts par un terrain vallonn\u00e9 jusqu\u2019au \u00abGrossu See\u00bb. On peut admirer comme il se doit les sommets environnants, comme le Dreizehntenhorn (3052 m d\u2019altitude), le Ginalshorn (3027 m d&#039;altitude) et le Signalhorn (2911 m d&#039;altitude).\" \/>\n<meta property=\"og:url\" content=\"https:\/\/unterbaech.ch\/fr\/decouvertes-et-experiences\/winter\/ski-de-randonnee\/dreizehntenhorn\/\" \/>\n<meta property=\"og:site_name\" content=\"Unterb\u00e4ch\" \/>\n<meta property=\"article:publisher\" content=\"https:\/\/www.facebook.com\/unterbaech\" \/>\n<meta property=\"article:modified_time\" content=\"2026-03-24T13:23:39+00:00\" \/>\n<meta name=\"twitter:card\" content=\"summary_large_image\" \/>\n<meta name=\"twitter:label1\" content=\"Dur\u00e9e de lecture estim\u00e9e\" \/>\n\t<meta name=\"twitter:data1\" content=\"2 minutes\" \/>\n<script type=\"application\/ld+json\" class=\"yoast-schema-graph\">{\"@context\":\"https:\\\/\\\/schema.org\",\"@graph\":[{\"@type\":\"WebPage\",\"@id\":\"https:\\\/\\\/unterbaech.ch\\\/fr\\\/decouvertes-et-experiences\\\/winter\\\/ski-de-randonnee\\\/dreizehntenhorn\\\/\",\"url\":\"https:\\\/\\\/unterbaech.ch\\\/fr\\\/decouvertes-et-experiences\\\/winter\\\/ski-de-randonnee\\\/dreizehntenhorn\\\/\",\"name\":\"Dreizehntenhorn - Unterb\u00e4ch\",\"isPartOf\":{\"@id\":\"https:\\\/\\\/unterbaech.ch\\\/fr\\\/#website\"},\"datePublished\":\"2021-05-14T15:17:56+00:00\",\"dateModified\":\"2026-03-24T13:23:39+00:00\",\"description\":\"La visite commence \u00e0 la station sup\u00e9rieure de t\u00e9l\u00e9si\u00e8ge de Seefeld. Les premiers m\u00e8tres d\u2019altitude sont couverts par un terrain vallonn\u00e9 jusqu\u2019au \u00abGrossu See\u00bb. On peut admirer comme il se doit les sommets environnants, comme le Dreizehntenhorn (3052 m d\u2019altitude), le Ginalshorn (3027 m d'altitude) et le Signalhorn (2911 m d'altitude).\",\"breadcrumb\":{\"@id\":\"https:\\\/\\\/unterbaech.ch\\\/fr\\\/decouvertes-et-experiences\\\/winter\\\/ski-de-randonnee\\\/dreizehntenhorn\\\/#breadcrumb\"},\"inLanguage\":\"fr-FR\",\"potentialAction\":[{\"@type\":\"ReadAction\",\"target\":[\"https:\\\/\\\/unterbaech.ch\\\/fr\\\/decouvertes-et-experiences\\\/winter\\\/ski-de-randonnee\\\/dreizehntenhorn\\\/\"]}]},{\"@type\":\"BreadcrumbList\",\"@id\":\"https:\\\/\\\/unterbaech.ch\\\/fr\\\/decouvertes-et-experiences\\\/winter\\\/ski-de-randonnee\\\/dreizehntenhorn\\\/#breadcrumb\",\"itemListElement\":[{\"@type\":\"ListItem\",\"position\":1,\"name\":\"Startseite\",\"item\":\"https:\\\/\\\/unterbaech.ch\\\/fr\\\/accueil\\\/\"},{\"@type\":\"ListItem\",\"position\":2,\"name\":\"D\u00e9couvertes et exp\u00e9riences\",\"item\":\"https:\\\/\\\/unterbaech.ch\\\/fr\\\/decouvertes-et-experiences\\\/\"},{\"@type\":\"ListItem\",\"position\":3,\"name\":\"L&#8217;hiver\",\"item\":\"https:\\\/\\\/unterbaech.ch\\\/fr\\\/unterbaech\\\/winter\\\/\"},{\"@type\":\"ListItem\",\"position\":4,\"name\":\"Ski de randonn\u00e9e\",\"item\":\"https:\\\/\\\/unterbaech.ch\\\/fr\\\/decouvertes-et-experiences\\\/winter\\\/ski-de-randonnee\\\/\"},{\"@type\":\"ListItem\",\"position\":5,\"name\":\"Dreizehntenhorn\"}]},{\"@type\":\"WebSite\",\"@id\":\"https:\\\/\\\/unterbaech.ch\\\/fr\\\/#website\",\"url\":\"https:\\\/\\\/unterbaech.ch\\\/fr\\\/\",\"name\":\"Unterb\u00e4ch\",\"description\":\"\",\"publisher\":{\"@id\":\"https:\\\/\\\/unterbaech.ch\\\/fr\\\/#organization\"},\"potentialAction\":[{\"@type\":\"SearchAction\",\"target\":{\"@type\":\"EntryPoint\",\"urlTemplate\":\"https:\\\/\\\/unterbaech.ch\\\/fr\\\/?s={search_term_string}\"},\"query-input\":{\"@type\":\"PropertyValueSpecification\",\"valueRequired\":true,\"valueName\":\"search_term_string\"}}],\"inLanguage\":\"fr-FR\"},{\"@type\":\"Organization\",\"@id\":\"https:\\\/\\\/unterbaech.ch\\\/fr\\\/#organization\",\"name\":\"Unterb\u00e4ch Tourismus\",\"url\":\"https:\\\/\\\/unterbaech.ch\\\/fr\\\/\",\"logo\":{\"@type\":\"ImageObject\",\"inLanguage\":\"fr-FR\",\"@id\":\"https:\\\/\\\/unterbaech.ch\\\/fr\\\/#\\\/schema\\\/logo\\\/image\\\/\",\"url\":\"https:\\\/\\\/unterbaech.ch\\\/wp-content\\\/uploads\\\/Logo-1.png\",\"contentUrl\":\"https:\\\/\\\/unterbaech.ch\\\/wp-content\\\/uploads\\\/Logo-1.png\",\"width\":1125,\"height\":1102,\"caption\":\"Unterb\u00e4ch Tourismus\"},\"image\":{\"@id\":\"https:\\\/\\\/unterbaech.ch\\\/fr\\\/#\\\/schema\\\/logo\\\/image\\\/\"},\"sameAs\":[\"https:\\\/\\\/www.facebook.com\\\/unterbaech\",\"https:\\\/\\\/www.instagram.com\\\/visit.unterbaech\\\/\",\"https:\\\/\\\/de.wikipedia.org\\\/wiki\\\/Unterb\u00e4ch\"]}]}<\/script>\n<!-- \/ Yoast SEO plugin. -->","yoast_head_json":{"title":"Dreizehntenhorn - Unterb\u00e4ch","description":"La visite commence \u00e0 la station sup\u00e9rieure de t\u00e9l\u00e9si\u00e8ge de Seefeld. Les premiers m\u00e8tres d\u2019altitude sont couverts par un terrain vallonn\u00e9 jusqu\u2019au \u00abGrossu See\u00bb. On peut admirer comme il se doit les sommets environnants, comme le Dreizehntenhorn (3052 m d\u2019altitude), le Ginalshorn (3027 m d'altitude) et le Signalhorn (2911 m d'altitude).","robots":{"index":"index","follow":"follow","max-snippet":"max-snippet:-1","max-image-preview":"max-image-preview:large","max-video-preview":"max-video-preview:-1"},"canonical":"https:\/\/unterbaech.ch\/fr\/decouvertes-et-experiences\/winter\/ski-de-randonnee\/dreizehntenhorn\/","og_locale":"fr_FR","og_type":"article","og_title":"Dreizehntenhorn - Unterb\u00e4ch","og_description":"La visite commence \u00e0 la station sup\u00e9rieure de t\u00e9l\u00e9si\u00e8ge de Seefeld. Les premiers m\u00e8tres d\u2019altitude sont couverts par un terrain vallonn\u00e9 jusqu\u2019au \u00abGrossu See\u00bb. On peut admirer comme il se doit les sommets environnants, comme le Dreizehntenhorn (3052 m d\u2019altitude), le Ginalshorn (3027 m d'altitude) et le Signalhorn (2911 m d'altitude).","og_url":"https:\/\/unterbaech.ch\/fr\/decouvertes-et-experiences\/winter\/ski-de-randonnee\/dreizehntenhorn\/","og_site_name":"Unterb\u00e4ch","article_publisher":"https:\/\/www.facebook.com\/unterbaech","article_modified_time":"2026-03-24T13:23:39+00:00","twitter_card":"summary_large_image","twitter_misc":{"Dur\u00e9e de lecture estim\u00e9e":"2 minutes"},"schema":{"@context":"https:\/\/schema.org","@graph":[{"@type":"WebPage","@id":"https:\/\/unterbaech.ch\/fr\/decouvertes-et-experiences\/winter\/ski-de-randonnee\/dreizehntenhorn\/","url":"https:\/\/unterbaech.ch\/fr\/decouvertes-et-experiences\/winter\/ski-de-randonnee\/dreizehntenhorn\/","name":"Dreizehntenhorn - Unterb\u00e4ch","isPartOf":{"@id":"https:\/\/unterbaech.ch\/fr\/#website"},"datePublished":"2021-05-14T15:17:56+00:00","dateModified":"2026-03-24T13:23:39+00:00","description":"La visite commence \u00e0 la station sup\u00e9rieure de t\u00e9l\u00e9si\u00e8ge de Seefeld. Les premiers m\u00e8tres d\u2019altitude sont couverts par un terrain vallonn\u00e9 jusqu\u2019au \u00abGrossu See\u00bb. On peut admirer comme il se doit les sommets environnants, comme le Dreizehntenhorn (3052 m d\u2019altitude), le Ginalshorn (3027 m d'altitude) et le Signalhorn (2911 m d'altitude).","breadcrumb":{"@id":"https:\/\/unterbaech.ch\/fr\/decouvertes-et-experiences\/winter\/ski-de-randonnee\/dreizehntenhorn\/#breadcrumb"},"inLanguage":"fr-FR","potentialAction":[{"@type":"ReadAction","target":["https:\/\/unterbaech.ch\/fr\/decouvertes-et-experiences\/winter\/ski-de-randonnee\/dreizehntenhorn\/"]}]},{"@type":"BreadcrumbList","@id":"https:\/\/unterbaech.ch\/fr\/decouvertes-et-experiences\/winter\/ski-de-randonnee\/dreizehntenhorn\/#breadcrumb","itemListElement":[{"@type":"ListItem","position":1,"name":"Startseite","item":"https:\/\/unterbaech.ch\/fr\/accueil\/"},{"@type":"ListItem","position":2,"name":"D\u00e9couvertes et exp\u00e9riences","item":"https:\/\/unterbaech.ch\/fr\/decouvertes-et-experiences\/"},{"@type":"ListItem","position":3,"name":"L&#8217;hiver","item":"https:\/\/unterbaech.ch\/fr\/unterbaech\/winter\/"},{"@type":"ListItem","position":4,"name":"Ski de randonn\u00e9e","item":"https:\/\/unterbaech.ch\/fr\/decouvertes-et-experiences\/winter\/ski-de-randonnee\/"},{"@type":"ListItem","position":5,"name":"Dreizehntenhorn"}]},{"@type":"WebSite","@id":"https:\/\/unterbaech.ch\/fr\/#website","url":"https:\/\/unterbaech.ch\/fr\/","name":"Unterb\u00e4ch","description":"","publisher":{"@id":"https:\/\/unterbaech.ch\/fr\/#organization"},"potentialAction":[{"@type":"SearchAction","target":{"@type":"EntryPoint","urlTemplate":"https:\/\/unterbaech.ch\/fr\/?s={search_term_string}"},"query-input":{"@type":"PropertyValueSpecification","valueRequired":true,"valueName":"search_term_string"}}],"inLanguage":"fr-FR"},{"@type":"Organization","@id":"https:\/\/unterbaech.ch\/fr\/#organization","name":"Unterb\u00e4ch Tourismus","url":"https:\/\/unterbaech.ch\/fr\/","logo":{"@type":"ImageObject","inLanguage":"fr-FR","@id":"https:\/\/unterbaech.ch\/fr\/#\/schema\/logo\/image\/","url":"https:\/\/unterbaech.ch\/wp-content\/uploads\/Logo-1.png","contentUrl":"https:\/\/unterbaech.ch\/wp-content\/uploads\/Logo-1.png","width":1125,"height":1102,"caption":"Unterb\u00e4ch Tourismus"},"image":{"@id":"https:\/\/unterbaech.ch\/fr\/#\/schema\/logo\/image\/"},"sameAs":["https:\/\/www.facebook.com\/unterbaech","https:\/\/www.instagram.com\/visit.unterbaech\/","https:\/\/de.wikipedia.org\/wiki\/Unterb\u00e4ch"]}]}},"_links":{"self":[{"href":"https:\/\/unterbaech.ch\/fr\/wp-json\/wp\/v2\/pages\/12831","targetHints":{"allow":["GET"]}}],"collection":[{"href":"https:\/\/unterbaech.ch\/fr\/wp-json\/wp\/v2\/pages"}],"about":[{"href":"https:\/\/unterbaech.ch\/fr\/wp-json\/wp\/v2\/types\/page"}],"author":[{"embeddable":true,"href":"https:\/\/unterbaech.ch\/fr\/wp-json\/wp\/v2\/users\/8"}],"replies":[{"embeddable":true,"href":"https:\/\/unterbaech.ch\/fr\/wp-json\/wp\/v2\/comments?post=12831"}],"version-history":[{"count":2,"href":"https:\/\/unterbaech.ch\/fr\/wp-json\/wp\/v2\/pages\/12831\/revisions"}],"predecessor-version":[{"id":29643,"href":"https:\/\/unterbaech.ch\/fr\/wp-json\/wp\/v2\/pages\/12831\/revisions\/29643"}],"up":[{"embeddable":true,"href":"https:\/\/unterbaech.ch\/fr\/wp-json\/wp\/v2\/pages\/13825"}],"wp:attachment":[{"href":"https:\/\/unterbaech.ch\/fr\/wp-json\/wp\/v2\/media?parent=12831"}],"curies":[{"name":"wp","href":"https:\/\/api.w.org\/{rel}","templated":true}]}}