{"id":12840,"date":"2021-05-14T17:24:23","date_gmt":"2021-05-14T15:24:23","guid":{"rendered":"https:\/\/unterbaech.ch\/signalhorn\/"},"modified":"2026-03-24T14:50:49","modified_gmt":"2026-03-24T13:50:49","slug":"signalhorn","status":"publish","type":"page","link":"https:\/\/unterbaech.ch\/fr\/decouvertes-et-experiences\/winter\/ski-de-randonnee\/signalhorn\/","title":{"rendered":"Signalhorn"},"content":{"rendered":"\n<style type=\"text\/css\" data-created_by=\"avia_inline_auto\" id=\"style-css-av-kbax8y3e-a66a10b09d982f3a17dca08e25d62b4e\">\n.avia-section.av-kbax8y3e-a66a10b09d982f3a17dca08e25d62b4e .av-parallax .av-parallax-inner{\nbackground-repeat:no-repeat;\nbackground-image:url(https:\/\/unterbaech.ch\/wp-content\/uploads\/signalhorn_gipfelbuch.ch_.jpg);\nbackground-position:50% 50%;\nbackground-attachment:scroll;\n}\n<\/style>\n<div id='av_section_1'  class='avia-section av-kbax8y3e-a66a10b09d982f3a17dca08e25d62b4e main_color avia-section-default avia-no-border-styling  avia-builder-el-0  el_before_av_section  avia-builder-el-first  section-fullwidthimage avia-full-stretch av-parallax-section avia-bg-style-parallax av-minimum-height av-minimum-height-50 av-height-50  container_wrap fullsize'  data-section-bg-repeat='stretch' data-av_minimum_height_pc='50' data-av_min_height_opt='50'><div class='av-parallax' data-avia-parallax-ratio='0.3' ><div class='av-parallax-inner main_color avia-full-stretch'><\/div><\/div><div class='container av-section-cont-open' ><main  role=\"main\" itemprop=\"mainContentOfPage\"  class='template-page content  av-content-full alpha units'><div class='post-entry post-entry-type-page post-entry-12840'><div class='entry-content-wrapper clearfix'>\n<\/div><\/div><\/main><!-- close content main element --><\/div><\/div><div id='av_section_2'  class='avia-section av-1n2h9-eef07d2470a934665895b572bc96122f main_color avia-section-default avia-no-border-styling  avia-builder-el-1  el_after_av_section  el_before_av_hr  section-leadtext onecol avia-bg-style-scroll container_wrap fullsize'  ><div class='container av-section-cont-open' ><div class='template-page content  av-content-full alpha units'><div class='post-entry post-entry-type-page post-entry-12840'><div class='entry-content-wrapper clearfix'>\n<section  class='av_textblock_section av-kbawhdx8-9a55faeefcbf4e8706dea9c49b9010c2 '   itemscope=\"itemscope\" itemtype=\"https:\/\/schema.org\/CreativeWork\" ><div class='avia_textblock'  itemprop=\"text\" ><p style=\"text-align: center;\"><strong>RANDONNEE A SKI NR. 183<br \/>\n<\/strong><\/p>\n<h3 style=\"text-align: center;\">SIGNALHORN<\/h3>\n<\/div><\/section>\n\n<style type=\"text\/css\" data-created_by=\"avia_inline_auto\" id=\"style-css-av-kbax4bbr-27f78f1f5574462b1f9eaf8ccb6701aa\">\n#top .hr.hr-invisible.av-kbax4bbr-27f78f1f5574462b1f9eaf8ccb6701aa{\nheight:25px;\n}\n<\/style>\n<div  class='hr av-kbax4bbr-27f78f1f5574462b1f9eaf8ccb6701aa hr-invisible  avia-builder-el-3  el_after_av_textblock  el_before_av_textblock '><span class='hr-inner '><span class=\"hr-inner-style\"><\/span><\/span><\/div>\n<section  class='av_textblock_section av-kb9j7yy8-cb52267f29ec33a0cbd1cb12b1aeb1b9 '   itemscope=\"itemscope\" itemtype=\"https:\/\/schema.org\/CreativeWork\" ><div class='avia_textblock lead'  itemprop=\"text\" ><p>Le point de d\u00e9part de cette randonn\u00e9e est \u00e0 nouveau la station sup\u00e9rieure de t\u00e9l\u00e9si\u00e8ge de Seefeld. La randonn\u00e9e \u00e0 ski m\u00e8ne d\u2019abord \u00e0 l\u2019ouest, puis au nord-ouest jusqu\u2019\u00e0 l\u2019Altstafelhorn (voir itin\u00e9raire n<sup>o<\/sup>\u00a0182). Depuis le sommet de l\u2019Altstafelhorn suit une courte descente dans une petite br\u00e8che (\u00e0 2781\u00a0m) qui passe directement des rochers du \u00abChummetjigr\u00e4tji\u00bb au beau sommet du Signalhorn (2911\u00a0m d\u2019altitude). Si les conditions d\u2019enneigement sont bonnes, la quasi-totalit\u00e9 de la cr\u00eate peut \u00eatre parcourue \u00e0 ski; seuls les derniers m\u00e8tres bien raides sont \u00e0 effectuer \u00e0 pied. Depuis le Signalhorn s\u2019ouvre une vue fantastique sur la vall\u00e9e du Rh\u00f4ne et le Bietschhorn, qui prend la forme d\u2019une pyramide parfaite (3934\u00a0m d\u2019altitude).<br \/>\nLa partie la plus haute de la descente longe d\u2019abord l\u2019ar\u00eate nord-ouest. Selon les conditions d\u2019enneigement, on s\u2019attaque un peu plus t\u00f4t ou un peu plus tard au beau versant nord-est du Signalhorn. Ici, on se d\u00e9place en courts et longs \u00e9lans dans le bassin du \u00abGorpat\u00bb. A l\u2019ouest du point d\u2019altitude 2284, on atteint finalement l\u2019\u00abObru Eischollalp\u00bb, o\u00f9 l\u2019on rejoint le domaine skiable d\u2019Eischoll. De l\u00e0, vous pouvez skier sur des pistes dam\u00e9es jusqu\u2019\u00e0 Eischoll ou Unterb\u00e4ch.<\/p>\n<\/div><\/section>\n\n<style type=\"text\/css\" data-created_by=\"avia_inline_auto\" id=\"style-css-av-kbax4bbr-27f78f1f5574462b1f9eaf8ccb6701aa\">\n#top .hr.hr-invisible.av-kbax4bbr-27f78f1f5574462b1f9eaf8ccb6701aa{\nheight:25px;\n}\n<\/style>\n<div  class='hr av-kbax4bbr-27f78f1f5574462b1f9eaf8ccb6701aa hr-invisible  avia-builder-el-5  el_after_av_textblock  el_before_av_textblock '><span class='hr-inner '><span class=\"hr-inner-style\"><\/span><\/span><\/div>\n<section  class='av_textblock_section av-kbawhdx8-4b6b00edbcd58df42bb800e9e9971c00 '   itemscope=\"itemscope\" itemtype=\"https:\/\/schema.org\/CreativeWork\" ><div class='avia_textblock lead'  itemprop=\"text\" ><h5>TOURENDETAILS:<\/h5>\n<ul>\n<li style=\"text-align: left;\"><span data-contrast=\"auto\"><strong>Zeitbedarf Aufstieg:<\/strong> 2h 30<\/span><span data-contrast=\"auto\"> (\u2191570m \u21931700<\/span><span data-contrast=\"auto\">\u00a0m<\/span><span data-ccp-props=\"{\">)<\/span><\/li>\n<li style=\"text-align: left;\"><span data-contrast=\"auto\"><strong>Starth\u00f6he:<\/strong> 2&rsquo;431 <\/span><span data-contrast=\"auto\">m \u00fc. M. \/ <strong>Zielh\u00f6he:<\/strong> 2&rsquo;911 m \u00fc. M.<\/span><\/li>\n<li style=\"text-align: left;\"><span data-contrast=\"auto\"><strong>Route:<\/strong> Skilift Seefeld \u2013 Altstafelhorn <\/span><span data-contrast=\"auto\">\u2013 Signalhorn <strong>\u2013 <\/strong>Eischollalp <strong>\u2013 <\/strong>Eischoll<\/span><\/li>\n<\/ul>\n<\/div><\/section>\n\n<style type=\"text\/css\" data-created_by=\"avia_inline_auto\" id=\"style-css-av-kbax4bbr-27f78f1f5574462b1f9eaf8ccb6701aa\">\n#top .hr.hr-invisible.av-kbax4bbr-27f78f1f5574462b1f9eaf8ccb6701aa{\nheight:25px;\n}\n<\/style>\n<div  class='hr av-kbax4bbr-27f78f1f5574462b1f9eaf8ccb6701aa hr-invisible  avia-builder-el-7  el_after_av_textblock  el_before_av_codeblock '><span class='hr-inner '><span class=\"hr-inner-style\"><\/span><\/span><\/div>\n\n<\/div><\/div><\/div><!-- close content main div --><\/div><\/div><div id='after_section_2'  class='main_color av_default_container_wrap container_wrap fullsize'  ><div class='container av-section-cont-open' ><div class='template-page content  av-content-full alpha units'><div class='post-entry post-entry-type-page post-entry-12840'><div class='entry-content-wrapper clearfix'>\n<style type=\"text\/css\" data-created_by=\"avia_inline_auto\" id=\"style-css-av-kbax4bbr-27f78f1f5574462b1f9eaf8ccb6701aa\">\n#top .hr.hr-invisible.av-kbax4bbr-27f78f1f5574462b1f9eaf8ccb6701aa{\nheight:25px;\n}\n<\/style>\n<div  class='hr av-kbax4bbr-27f78f1f5574462b1f9eaf8ccb6701aa hr-invisible  avia-builder-el-9  el_after_av_section  avia-builder-el-no-sibling '><span class='hr-inner '><span class=\"hr-inner-style\"><\/span><\/span><\/div><\/p>\n","protected":false},"excerpt":{"rendered":"","protected":false},"author":8,"featured_media":0,"parent":13825,"menu_order":0,"comment_status":"closed","ping_status":"closed","template":"","meta":{"inline_featured_image":false,"footnotes":""},"class_list":["post-12840","page","type-page","status-publish","hentry"],"yoast_head":"<!-- This site is optimized with the Yoast SEO plugin v27.4 - https:\/\/yoast.com\/product\/yoast-seo-wordpress\/ -->\n<title>Signalhorn - Unterb\u00e4ch<\/title>\n<meta name=\"description\" content=\"Le point de d\u00e9part de cette randonn\u00e9e est \u00e0 nouveau la station sup\u00e9rieure de t\u00e9l\u00e9si\u00e8ge de Seefeld. La randonn\u00e9e \u00e0 ski m\u00e8ne d\u2019abord \u00e0 l\u2019ouest, puis au nord-ouest jusqu\u2019\u00e0 l\u2019Altstafelhorn (voir itin\u00e9raire no 182).\" \/>\n<meta name=\"robots\" content=\"index, follow, max-snippet:-1, max-image-preview:large, max-video-preview:-1\" \/>\n<link rel=\"canonical\" href=\"https:\/\/unterbaech.ch\/fr\/decouvertes-et-experiences\/winter\/ski-de-randonnee\/signalhorn\/\" \/>\n<meta property=\"og:locale\" content=\"fr_FR\" \/>\n<meta property=\"og:type\" content=\"article\" \/>\n<meta property=\"og:title\" content=\"Signalhorn - Unterb\u00e4ch\" \/>\n<meta property=\"og:description\" content=\"Le point de d\u00e9part de cette randonn\u00e9e est \u00e0 nouveau la station sup\u00e9rieure de t\u00e9l\u00e9si\u00e8ge de Seefeld. La randonn\u00e9e \u00e0 ski m\u00e8ne d\u2019abord \u00e0 l\u2019ouest, puis au nord-ouest jusqu\u2019\u00e0 l\u2019Altstafelhorn (voir itin\u00e9raire no 182).\" \/>\n<meta property=\"og:url\" content=\"https:\/\/unterbaech.ch\/fr\/decouvertes-et-experiences\/winter\/ski-de-randonnee\/signalhorn\/\" \/>\n<meta property=\"og:site_name\" content=\"Unterb\u00e4ch\" \/>\n<meta property=\"article:publisher\" content=\"https:\/\/www.facebook.com\/unterbaech\" \/>\n<meta property=\"article:modified_time\" content=\"2026-03-24T13:50:49+00:00\" \/>\n<meta name=\"twitter:card\" content=\"summary_large_image\" \/>\n<meta name=\"twitter:label1\" content=\"Dur\u00e9e de lecture estim\u00e9e\" \/>\n\t<meta name=\"twitter:data1\" content=\"2 minutes\" \/>\n<script type=\"application\/ld+json\" class=\"yoast-schema-graph\">{\"@context\":\"https:\\\/\\\/schema.org\",\"@graph\":[{\"@type\":\"WebPage\",\"@id\":\"https:\\\/\\\/unterbaech.ch\\\/fr\\\/decouvertes-et-experiences\\\/winter\\\/ski-de-randonnee\\\/signalhorn\\\/\",\"url\":\"https:\\\/\\\/unterbaech.ch\\\/fr\\\/decouvertes-et-experiences\\\/winter\\\/ski-de-randonnee\\\/signalhorn\\\/\",\"name\":\"Signalhorn - Unterb\u00e4ch\",\"isPartOf\":{\"@id\":\"https:\\\/\\\/unterbaech.ch\\\/fr\\\/#website\"},\"datePublished\":\"2021-05-14T15:24:23+00:00\",\"dateModified\":\"2026-03-24T13:50:49+00:00\",\"description\":\"Le point de d\u00e9part de cette randonn\u00e9e est \u00e0 nouveau la station sup\u00e9rieure de t\u00e9l\u00e9si\u00e8ge de Seefeld. La randonn\u00e9e \u00e0 ski m\u00e8ne d\u2019abord \u00e0 l\u2019ouest, puis au nord-ouest jusqu\u2019\u00e0 l\u2019Altstafelhorn (voir itin\u00e9raire no 182).\",\"breadcrumb\":{\"@id\":\"https:\\\/\\\/unterbaech.ch\\\/fr\\\/decouvertes-et-experiences\\\/winter\\\/ski-de-randonnee\\\/signalhorn\\\/#breadcrumb\"},\"inLanguage\":\"fr-FR\",\"potentialAction\":[{\"@type\":\"ReadAction\",\"target\":[\"https:\\\/\\\/unterbaech.ch\\\/fr\\\/decouvertes-et-experiences\\\/winter\\\/ski-de-randonnee\\\/signalhorn\\\/\"]}]},{\"@type\":\"BreadcrumbList\",\"@id\":\"https:\\\/\\\/unterbaech.ch\\\/fr\\\/decouvertes-et-experiences\\\/winter\\\/ski-de-randonnee\\\/signalhorn\\\/#breadcrumb\",\"itemListElement\":[{\"@type\":\"ListItem\",\"position\":1,\"name\":\"Startseite\",\"item\":\"https:\\\/\\\/unterbaech.ch\\\/fr\\\/accueil\\\/\"},{\"@type\":\"ListItem\",\"position\":2,\"name\":\"D\u00e9couvertes et exp\u00e9riences\",\"item\":\"https:\\\/\\\/unterbaech.ch\\\/fr\\\/decouvertes-et-experiences\\\/\"},{\"@type\":\"ListItem\",\"position\":3,\"name\":\"L&#8217;hiver\",\"item\":\"https:\\\/\\\/unterbaech.ch\\\/fr\\\/unterbaech\\\/winter\\\/\"},{\"@type\":\"ListItem\",\"position\":4,\"name\":\"Ski de randonn\u00e9e\",\"item\":\"https:\\\/\\\/unterbaech.ch\\\/fr\\\/decouvertes-et-experiences\\\/winter\\\/ski-de-randonnee\\\/\"},{\"@type\":\"ListItem\",\"position\":5,\"name\":\"Signalhorn\"}]},{\"@type\":\"WebSite\",\"@id\":\"https:\\\/\\\/unterbaech.ch\\\/fr\\\/#website\",\"url\":\"https:\\\/\\\/unterbaech.ch\\\/fr\\\/\",\"name\":\"Unterb\u00e4ch\",\"description\":\"\",\"publisher\":{\"@id\":\"https:\\\/\\\/unterbaech.ch\\\/fr\\\/#organization\"},\"potentialAction\":[{\"@type\":\"SearchAction\",\"target\":{\"@type\":\"EntryPoint\",\"urlTemplate\":\"https:\\\/\\\/unterbaech.ch\\\/fr\\\/?s={search_term_string}\"},\"query-input\":{\"@type\":\"PropertyValueSpecification\",\"valueRequired\":true,\"valueName\":\"search_term_string\"}}],\"inLanguage\":\"fr-FR\"},{\"@type\":\"Organization\",\"@id\":\"https:\\\/\\\/unterbaech.ch\\\/fr\\\/#organization\",\"name\":\"Unterb\u00e4ch Tourismus\",\"url\":\"https:\\\/\\\/unterbaech.ch\\\/fr\\\/\",\"logo\":{\"@type\":\"ImageObject\",\"inLanguage\":\"fr-FR\",\"@id\":\"https:\\\/\\\/unterbaech.ch\\\/fr\\\/#\\\/schema\\\/logo\\\/image\\\/\",\"url\":\"https:\\\/\\\/unterbaech.ch\\\/wp-content\\\/uploads\\\/Logo-1.png\",\"contentUrl\":\"https:\\\/\\\/unterbaech.ch\\\/wp-content\\\/uploads\\\/Logo-1.png\",\"width\":1125,\"height\":1102,\"caption\":\"Unterb\u00e4ch Tourismus\"},\"image\":{\"@id\":\"https:\\\/\\\/unterbaech.ch\\\/fr\\\/#\\\/schema\\\/logo\\\/image\\\/\"},\"sameAs\":[\"https:\\\/\\\/www.facebook.com\\\/unterbaech\",\"https:\\\/\\\/www.instagram.com\\\/visit.unterbaech\\\/\",\"https:\\\/\\\/de.wikipedia.org\\\/wiki\\\/Unterb\u00e4ch\"]}]}<\/script>\n<!-- \/ Yoast SEO plugin. -->","yoast_head_json":{"title":"Signalhorn - Unterb\u00e4ch","description":"Le point de d\u00e9part de cette randonn\u00e9e est \u00e0 nouveau la station sup\u00e9rieure de t\u00e9l\u00e9si\u00e8ge de Seefeld. La randonn\u00e9e \u00e0 ski m\u00e8ne d\u2019abord \u00e0 l\u2019ouest, puis au nord-ouest jusqu\u2019\u00e0 l\u2019Altstafelhorn (voir itin\u00e9raire no 182).","robots":{"index":"index","follow":"follow","max-snippet":"max-snippet:-1","max-image-preview":"max-image-preview:large","max-video-preview":"max-video-preview:-1"},"canonical":"https:\/\/unterbaech.ch\/fr\/decouvertes-et-experiences\/winter\/ski-de-randonnee\/signalhorn\/","og_locale":"fr_FR","og_type":"article","og_title":"Signalhorn - Unterb\u00e4ch","og_description":"Le point de d\u00e9part de cette randonn\u00e9e est \u00e0 nouveau la station sup\u00e9rieure de t\u00e9l\u00e9si\u00e8ge de Seefeld. La randonn\u00e9e \u00e0 ski m\u00e8ne d\u2019abord \u00e0 l\u2019ouest, puis au nord-ouest jusqu\u2019\u00e0 l\u2019Altstafelhorn (voir itin\u00e9raire no 182).","og_url":"https:\/\/unterbaech.ch\/fr\/decouvertes-et-experiences\/winter\/ski-de-randonnee\/signalhorn\/","og_site_name":"Unterb\u00e4ch","article_publisher":"https:\/\/www.facebook.com\/unterbaech","article_modified_time":"2026-03-24T13:50:49+00:00","twitter_card":"summary_large_image","twitter_misc":{"Dur\u00e9e de lecture estim\u00e9e":"2 minutes"},"schema":{"@context":"https:\/\/schema.org","@graph":[{"@type":"WebPage","@id":"https:\/\/unterbaech.ch\/fr\/decouvertes-et-experiences\/winter\/ski-de-randonnee\/signalhorn\/","url":"https:\/\/unterbaech.ch\/fr\/decouvertes-et-experiences\/winter\/ski-de-randonnee\/signalhorn\/","name":"Signalhorn - Unterb\u00e4ch","isPartOf":{"@id":"https:\/\/unterbaech.ch\/fr\/#website"},"datePublished":"2021-05-14T15:24:23+00:00","dateModified":"2026-03-24T13:50:49+00:00","description":"Le point de d\u00e9part de cette randonn\u00e9e est \u00e0 nouveau la station sup\u00e9rieure de t\u00e9l\u00e9si\u00e8ge de Seefeld. La randonn\u00e9e \u00e0 ski m\u00e8ne d\u2019abord \u00e0 l\u2019ouest, puis au nord-ouest jusqu\u2019\u00e0 l\u2019Altstafelhorn (voir itin\u00e9raire no 182).","breadcrumb":{"@id":"https:\/\/unterbaech.ch\/fr\/decouvertes-et-experiences\/winter\/ski-de-randonnee\/signalhorn\/#breadcrumb"},"inLanguage":"fr-FR","potentialAction":[{"@type":"ReadAction","target":["https:\/\/unterbaech.ch\/fr\/decouvertes-et-experiences\/winter\/ski-de-randonnee\/signalhorn\/"]}]},{"@type":"BreadcrumbList","@id":"https:\/\/unterbaech.ch\/fr\/decouvertes-et-experiences\/winter\/ski-de-randonnee\/signalhorn\/#breadcrumb","itemListElement":[{"@type":"ListItem","position":1,"name":"Startseite","item":"https:\/\/unterbaech.ch\/fr\/accueil\/"},{"@type":"ListItem","position":2,"name":"D\u00e9couvertes et exp\u00e9riences","item":"https:\/\/unterbaech.ch\/fr\/decouvertes-et-experiences\/"},{"@type":"ListItem","position":3,"name":"L&#8217;hiver","item":"https:\/\/unterbaech.ch\/fr\/unterbaech\/winter\/"},{"@type":"ListItem","position":4,"name":"Ski de randonn\u00e9e","item":"https:\/\/unterbaech.ch\/fr\/decouvertes-et-experiences\/winter\/ski-de-randonnee\/"},{"@type":"ListItem","position":5,"name":"Signalhorn"}]},{"@type":"WebSite","@id":"https:\/\/unterbaech.ch\/fr\/#website","url":"https:\/\/unterbaech.ch\/fr\/","name":"Unterb\u00e4ch","description":"","publisher":{"@id":"https:\/\/unterbaech.ch\/fr\/#organization"},"potentialAction":[{"@type":"SearchAction","target":{"@type":"EntryPoint","urlTemplate":"https:\/\/unterbaech.ch\/fr\/?s={search_term_string}"},"query-input":{"@type":"PropertyValueSpecification","valueRequired":true,"valueName":"search_term_string"}}],"inLanguage":"fr-FR"},{"@type":"Organization","@id":"https:\/\/unterbaech.ch\/fr\/#organization","name":"Unterb\u00e4ch Tourismus","url":"https:\/\/unterbaech.ch\/fr\/","logo":{"@type":"ImageObject","inLanguage":"fr-FR","@id":"https:\/\/unterbaech.ch\/fr\/#\/schema\/logo\/image\/","url":"https:\/\/unterbaech.ch\/wp-content\/uploads\/Logo-1.png","contentUrl":"https:\/\/unterbaech.ch\/wp-content\/uploads\/Logo-1.png","width":1125,"height":1102,"caption":"Unterb\u00e4ch Tourismus"},"image":{"@id":"https:\/\/unterbaech.ch\/fr\/#\/schema\/logo\/image\/"},"sameAs":["https:\/\/www.facebook.com\/unterbaech","https:\/\/www.instagram.com\/visit.unterbaech\/","https:\/\/de.wikipedia.org\/wiki\/Unterb\u00e4ch"]}]}},"_links":{"self":[{"href":"https:\/\/unterbaech.ch\/fr\/wp-json\/wp\/v2\/pages\/12840","targetHints":{"allow":["GET"]}}],"collection":[{"href":"https:\/\/unterbaech.ch\/fr\/wp-json\/wp\/v2\/pages"}],"about":[{"href":"https:\/\/unterbaech.ch\/fr\/wp-json\/wp\/v2\/types\/page"}],"author":[{"embeddable":true,"href":"https:\/\/unterbaech.ch\/fr\/wp-json\/wp\/v2\/users\/8"}],"replies":[{"embeddable":true,"href":"https:\/\/unterbaech.ch\/fr\/wp-json\/wp\/v2\/comments?post=12840"}],"version-history":[{"count":2,"href":"https:\/\/unterbaech.ch\/fr\/wp-json\/wp\/v2\/pages\/12840\/revisions"}],"predecessor-version":[{"id":29673,"href":"https:\/\/unterbaech.ch\/fr\/wp-json\/wp\/v2\/pages\/12840\/revisions\/29673"}],"up":[{"embeddable":true,"href":"https:\/\/unterbaech.ch\/fr\/wp-json\/wp\/v2\/pages\/13825"}],"wp:attachment":[{"href":"https:\/\/unterbaech.ch\/fr\/wp-json\/wp\/v2\/media?parent=12840"}],"curies":[{"name":"wp","href":"https:\/\/api.w.org\/{rel}","templated":true}]}}