{"id":12843,"date":"2021-05-14T17:26:20","date_gmt":"2021-05-14T15:26:20","guid":{"rendered":"https:\/\/unterbaech.ch\/ergischalphorn\/"},"modified":"2026-03-24T15:07:00","modified_gmt":"2026-03-24T14:07:00","slug":"ergischalphorn","status":"publish","type":"page","link":"https:\/\/unterbaech.ch\/fr\/decouvertes-et-experiences\/winter\/ski-de-randonnee\/ergischalphorn\/","title":{"rendered":"Ergischalphorn"},"content":{"rendered":"\n<style type=\"text\/css\" data-created_by=\"avia_inline_auto\" id=\"style-css-av-kbax8y3e-c8bdaa7aaa075d0a6d364e08ae4cd1a0\">\n.avia-section.av-kbax8y3e-c8bdaa7aaa075d0a6d364e08ae4cd1a0 .av-parallax .av-parallax-inner{\nbackground-repeat:no-repeat;\nbackground-image:url(https:\/\/unterbaech.ch\/wp-content\/uploads\/ergischalphorn_bildergalerien.ch_.jpg);\nbackground-position:50% 50%;\nbackground-attachment:scroll;\n}\n<\/style>\n<div id='av_section_1'  class='avia-section av-kbax8y3e-c8bdaa7aaa075d0a6d364e08ae4cd1a0 main_color avia-section-default avia-no-border-styling  avia-builder-el-0  el_before_av_section  avia-builder-el-first  section-fullwidthimage avia-full-stretch av-parallax-section avia-bg-style-parallax av-minimum-height av-minimum-height-50 av-height-50  container_wrap fullsize'  data-section-bg-repeat='stretch' data-av_minimum_height_pc='50' data-av_min_height_opt='50'><div class='av-parallax' data-avia-parallax-ratio='0.3' ><div class='av-parallax-inner main_color avia-full-stretch'><\/div><\/div><div class='container av-section-cont-open' ><main  role=\"main\" itemprop=\"mainContentOfPage\"  class='template-page content  av-content-full alpha units'><div class='post-entry post-entry-type-page post-entry-12843'><div class='entry-content-wrapper clearfix'>\n<\/div><\/div><\/main><!-- close content main element --><\/div><\/div><div id='av_section_2'  class='avia-section av-1n2h9-eef07d2470a934665895b572bc96122f main_color avia-section-default avia-no-border-styling  avia-builder-el-1  el_after_av_section  avia-builder-el-last  section-leadtext onecol avia-bg-style-scroll container_wrap fullsize'  ><div class='container av-section-cont-open' ><div class='template-page content  av-content-full alpha units'><div class='post-entry post-entry-type-page post-entry-12843'><div class='entry-content-wrapper clearfix'>\n<section  class='av_textblock_section av-kbawhdx8-9a55faeefcbf4e8706dea9c49b9010c2 '   itemscope=\"itemscope\" itemtype=\"https:\/\/schema.org\/CreativeWork\" ><div class='avia_textblock'  itemprop=\"text\" ><p style=\"text-align: center;\"><strong>RANDONNEE A SKI NR. 184<br \/>\n<\/strong><\/p>\n<h3 style=\"text-align: center;\">\u00a0ERGISCHALPHORN<\/h3>\n<\/div><\/section>\n\n<style type=\"text\/css\" data-created_by=\"avia_inline_auto\" id=\"style-css-av-kbax4bbr-27f78f1f5574462b1f9eaf8ccb6701aa\">\n#top .hr.hr-invisible.av-kbax4bbr-27f78f1f5574462b1f9eaf8ccb6701aa{\nheight:25px;\n}\n<\/style>\n<div  class='hr av-kbax4bbr-27f78f1f5574462b1f9eaf8ccb6701aa hr-invisible  avia-builder-el-3  el_after_av_textblock  el_before_av_textblock '><span class='hr-inner '><span class=\"hr-inner-style\"><\/span><\/span><\/div>\n<section  class='av_textblock_section av-kb9j7yy8-cb52267f29ec33a0cbd1cb12b1aeb1b9 '   itemscope=\"itemscope\" itemtype=\"https:\/\/schema.org\/CreativeWork\" ><div class='avia_textblock lead'  itemprop=\"text\" ><p>Depuis la station sup\u00e9rieure du t\u00e9l\u00e9si\u00e8ge de Striggen-Erez, le circuit commence \u00e0 travers une for\u00eat de m\u00e9l\u00e8zes lumineuse en direction du sud-est. Une fois l\u2019or\u00e9e du bois derri\u00e8re vous, vous grimpez sur les pentes orientales de l\u2019Erez et atteignez la large cr\u00eate nord-est de l\u2019Ergischalphorn. En suivant cette cr\u00eate, vous finissez par atteindre l\u2019Ergischalphorn (2849\u00a0m d\u2019altitude). Avant d\u2019entamer la descente, il vaut la peine de profiter de la fantastique vue panoramique.<\/p>\n<p>Depuis le sommet, on effectue une courte descente en direction du sud-est pour atteindre les magnifiques pentes du nord-est. Dans le meilleur des cas, on ne laisse que des traces solitaires sur ce terrain de freeride exceptionnel. Pour ce faire, la connaissance de la situation avalancheuse et le choix d\u2019un itin\u00e9raire appropri\u00e9 sont des conditions indispensables. Comme pour la route 183, il faut rester \u00e0 gauche \u00e0 l\u2019or\u00e9e du bois pour atteindre \u00abObru Eischollalp\u00bb. L\u00e0, on retrouve les pentes dam\u00e9es. Vous pouvez maintenant les suivre jusqu\u2019\u00e0 Eischoll ou vous pouvez \u00e9galement changer pour le domaine skiable d\u2019Unterb\u00e4ch via la route de raccordement.<\/p>\n<\/div><\/section>\n\n<style type=\"text\/css\" data-created_by=\"avia_inline_auto\" id=\"style-css-av-kbax4bbr-27f78f1f5574462b1f9eaf8ccb6701aa\">\n#top .hr.hr-invisible.av-kbax4bbr-27f78f1f5574462b1f9eaf8ccb6701aa{\nheight:25px;\n}\n<\/style>\n<div  class='hr av-kbax4bbr-27f78f1f5574462b1f9eaf8ccb6701aa hr-invisible  avia-builder-el-5  el_after_av_textblock  el_before_av_textblock '><span class='hr-inner '><span class=\"hr-inner-style\"><\/span><\/span><\/div>\n<section  class='av_textblock_section av-kbawhdx8-4b6b00edbcd58df42bb800e9e9971c00 '   itemscope=\"itemscope\" itemtype=\"https:\/\/schema.org\/CreativeWork\" ><div class='avia_textblock lead'  itemprop=\"text\" ><h5>TOURENDETAILS:<\/h5>\n<ul>\n<li style=\"text-align: left;\"><span data-contrast=\"auto\"><strong>Zeitbedarf Aufstieg:<\/strong> 2h 30<\/span><span data-contrast=\"auto\"> (\u2191700m \u21931700<\/span><span data-contrast=\"auto\">\u00a0m<\/span><span data-ccp-props=\"{\">)<\/span><\/li>\n<li style=\"text-align: left;\"><span data-contrast=\"auto\"><strong>Starth\u00f6he:<\/strong> 2135 <\/span><span data-contrast=\"auto\">m \u00fc. M. \/ <strong>Zielh\u00f6he:<\/strong> 2850 m \u00fc. M.<\/span><\/li>\n<li style=\"text-align: left;\"><span data-contrast=\"auto\"><strong>Route:<\/strong> Skilift Striggen-Erez\u2013 Ergischalphorn <\/span><span data-contrast=\"auto\">\u2013 Oberi Eischollalp <strong>\u2013 <\/strong>Eischoll<\/span><\/li>\n<\/ul>\n<\/div><\/section>\n\n<style type=\"text\/css\" data-created_by=\"avia_inline_auto\" id=\"style-css-av-kbax4bbr-27f78f1f5574462b1f9eaf8ccb6701aa\">\n#top .hr.hr-invisible.av-kbax4bbr-27f78f1f5574462b1f9eaf8ccb6701aa{\nheight:25px;\n}\n<\/style>\n<div  class='hr av-kbax4bbr-27f78f1f5574462b1f9eaf8ccb6701aa hr-invisible  avia-builder-el-7  el_after_av_textblock  el_before_av_codeblock '><span class='hr-inner '><span class=\"hr-inner-style\"><\/span><\/span><\/div>\n\n\n","protected":false},"excerpt":{"rendered":"","protected":false},"author":8,"featured_media":0,"parent":13825,"menu_order":0,"comment_status":"closed","ping_status":"closed","template":"","meta":{"inline_featured_image":false,"footnotes":""},"class_list":["post-12843","page","type-page","status-publish","hentry"],"yoast_head":"<!-- This site is optimized with the Yoast SEO plugin v27.4 - https:\/\/yoast.com\/product\/yoast-seo-wordpress\/ -->\n<title>Ergischalphorn - Unterb\u00e4ch<\/title>\n<meta name=\"description\" content=\"Depuis la station sup\u00e9rieure du t\u00e9l\u00e9si\u00e8ge de Striggen-Erez, le circuit commence \u00e0 travers une for\u00eat de m\u00e9l\u00e8zes lumineuse en direction du sud-est. Une fois l\u2019or\u00e9e du bois derri\u00e8re vous, vous grimpez sur les pentes orientales de l\u2019Erez et atteignez la large cr\u00eate nord-est de l\u2019Ergischalphorn. En suivant cette cr\u00eate, vous finissez par atteindre l\u2019Ergischalphorn (2849 m d\u2019altitude).\" \/>\n<meta name=\"robots\" content=\"index, follow, max-snippet:-1, max-image-preview:large, max-video-preview:-1\" \/>\n<link rel=\"canonical\" href=\"https:\/\/unterbaech.ch\/fr\/decouvertes-et-experiences\/winter\/ski-de-randonnee\/ergischalphorn\/\" \/>\n<meta property=\"og:locale\" content=\"fr_FR\" \/>\n<meta property=\"og:type\" content=\"article\" \/>\n<meta property=\"og:title\" content=\"Ergischalphorn - Unterb\u00e4ch\" \/>\n<meta property=\"og:description\" content=\"Depuis la station sup\u00e9rieure du t\u00e9l\u00e9si\u00e8ge de Striggen-Erez, le circuit commence \u00e0 travers une for\u00eat de m\u00e9l\u00e8zes lumineuse en direction du sud-est. Une fois l\u2019or\u00e9e du bois derri\u00e8re vous, vous grimpez sur les pentes orientales de l\u2019Erez et atteignez la large cr\u00eate nord-est de l\u2019Ergischalphorn. En suivant cette cr\u00eate, vous finissez par atteindre l\u2019Ergischalphorn (2849 m d\u2019altitude).\" \/>\n<meta property=\"og:url\" content=\"https:\/\/unterbaech.ch\/fr\/decouvertes-et-experiences\/winter\/ski-de-randonnee\/ergischalphorn\/\" \/>\n<meta property=\"og:site_name\" content=\"Unterb\u00e4ch\" \/>\n<meta property=\"article:publisher\" content=\"https:\/\/www.facebook.com\/unterbaech\" \/>\n<meta property=\"article:modified_time\" content=\"2026-03-24T14:07:00+00:00\" \/>\n<meta name=\"twitter:card\" content=\"summary_large_image\" \/>\n<meta name=\"twitter:label1\" content=\"Dur\u00e9e de lecture estim\u00e9e\" \/>\n\t<meta name=\"twitter:data1\" content=\"2 minutes\" \/>\n<script type=\"application\/ld+json\" class=\"yoast-schema-graph\">{\"@context\":\"https:\\\/\\\/schema.org\",\"@graph\":[{\"@type\":\"WebPage\",\"@id\":\"https:\\\/\\\/unterbaech.ch\\\/fr\\\/decouvertes-et-experiences\\\/winter\\\/ski-de-randonnee\\\/ergischalphorn\\\/\",\"url\":\"https:\\\/\\\/unterbaech.ch\\\/fr\\\/decouvertes-et-experiences\\\/winter\\\/ski-de-randonnee\\\/ergischalphorn\\\/\",\"name\":\"Ergischalphorn - Unterb\u00e4ch\",\"isPartOf\":{\"@id\":\"https:\\\/\\\/unterbaech.ch\\\/fr\\\/#website\"},\"datePublished\":\"2021-05-14T15:26:20+00:00\",\"dateModified\":\"2026-03-24T14:07:00+00:00\",\"description\":\"Depuis la station sup\u00e9rieure du t\u00e9l\u00e9si\u00e8ge de Striggen-Erez, le circuit commence \u00e0 travers une for\u00eat de m\u00e9l\u00e8zes lumineuse en direction du sud-est. Une fois l\u2019or\u00e9e du bois derri\u00e8re vous, vous grimpez sur les pentes orientales de l\u2019Erez et atteignez la large cr\u00eate nord-est de l\u2019Ergischalphorn. En suivant cette cr\u00eate, vous finissez par atteindre l\u2019Ergischalphorn (2849 m d\u2019altitude).\",\"breadcrumb\":{\"@id\":\"https:\\\/\\\/unterbaech.ch\\\/fr\\\/decouvertes-et-experiences\\\/winter\\\/ski-de-randonnee\\\/ergischalphorn\\\/#breadcrumb\"},\"inLanguage\":\"fr-FR\",\"potentialAction\":[{\"@type\":\"ReadAction\",\"target\":[\"https:\\\/\\\/unterbaech.ch\\\/fr\\\/decouvertes-et-experiences\\\/winter\\\/ski-de-randonnee\\\/ergischalphorn\\\/\"]}]},{\"@type\":\"BreadcrumbList\",\"@id\":\"https:\\\/\\\/unterbaech.ch\\\/fr\\\/decouvertes-et-experiences\\\/winter\\\/ski-de-randonnee\\\/ergischalphorn\\\/#breadcrumb\",\"itemListElement\":[{\"@type\":\"ListItem\",\"position\":1,\"name\":\"Startseite\",\"item\":\"https:\\\/\\\/unterbaech.ch\\\/fr\\\/accueil\\\/\"},{\"@type\":\"ListItem\",\"position\":2,\"name\":\"D\u00e9couvertes et exp\u00e9riences\",\"item\":\"https:\\\/\\\/unterbaech.ch\\\/fr\\\/decouvertes-et-experiences\\\/\"},{\"@type\":\"ListItem\",\"position\":3,\"name\":\"L&#8217;hiver\",\"item\":\"https:\\\/\\\/unterbaech.ch\\\/fr\\\/unterbaech\\\/winter\\\/\"},{\"@type\":\"ListItem\",\"position\":4,\"name\":\"Ski de randonn\u00e9e\",\"item\":\"https:\\\/\\\/unterbaech.ch\\\/fr\\\/decouvertes-et-experiences\\\/winter\\\/ski-de-randonnee\\\/\"},{\"@type\":\"ListItem\",\"position\":5,\"name\":\"Ergischalphorn\"}]},{\"@type\":\"WebSite\",\"@id\":\"https:\\\/\\\/unterbaech.ch\\\/fr\\\/#website\",\"url\":\"https:\\\/\\\/unterbaech.ch\\\/fr\\\/\",\"name\":\"Unterb\u00e4ch\",\"description\":\"\",\"publisher\":{\"@id\":\"https:\\\/\\\/unterbaech.ch\\\/fr\\\/#organization\"},\"potentialAction\":[{\"@type\":\"SearchAction\",\"target\":{\"@type\":\"EntryPoint\",\"urlTemplate\":\"https:\\\/\\\/unterbaech.ch\\\/fr\\\/?s={search_term_string}\"},\"query-input\":{\"@type\":\"PropertyValueSpecification\",\"valueRequired\":true,\"valueName\":\"search_term_string\"}}],\"inLanguage\":\"fr-FR\"},{\"@type\":\"Organization\",\"@id\":\"https:\\\/\\\/unterbaech.ch\\\/fr\\\/#organization\",\"name\":\"Unterb\u00e4ch Tourismus\",\"url\":\"https:\\\/\\\/unterbaech.ch\\\/fr\\\/\",\"logo\":{\"@type\":\"ImageObject\",\"inLanguage\":\"fr-FR\",\"@id\":\"https:\\\/\\\/unterbaech.ch\\\/fr\\\/#\\\/schema\\\/logo\\\/image\\\/\",\"url\":\"https:\\\/\\\/unterbaech.ch\\\/wp-content\\\/uploads\\\/Logo-1.png\",\"contentUrl\":\"https:\\\/\\\/unterbaech.ch\\\/wp-content\\\/uploads\\\/Logo-1.png\",\"width\":1125,\"height\":1102,\"caption\":\"Unterb\u00e4ch Tourismus\"},\"image\":{\"@id\":\"https:\\\/\\\/unterbaech.ch\\\/fr\\\/#\\\/schema\\\/logo\\\/image\\\/\"},\"sameAs\":[\"https:\\\/\\\/www.facebook.com\\\/unterbaech\",\"https:\\\/\\\/www.instagram.com\\\/visit.unterbaech\\\/\",\"https:\\\/\\\/de.wikipedia.org\\\/wiki\\\/Unterb\u00e4ch\"]}]}<\/script>\n<!-- \/ Yoast SEO plugin. -->","yoast_head_json":{"title":"Ergischalphorn - Unterb\u00e4ch","description":"Depuis la station sup\u00e9rieure du t\u00e9l\u00e9si\u00e8ge de Striggen-Erez, le circuit commence \u00e0 travers une for\u00eat de m\u00e9l\u00e8zes lumineuse en direction du sud-est. Une fois l\u2019or\u00e9e du bois derri\u00e8re vous, vous grimpez sur les pentes orientales de l\u2019Erez et atteignez la large cr\u00eate nord-est de l\u2019Ergischalphorn. En suivant cette cr\u00eate, vous finissez par atteindre l\u2019Ergischalphorn (2849 m d\u2019altitude).","robots":{"index":"index","follow":"follow","max-snippet":"max-snippet:-1","max-image-preview":"max-image-preview:large","max-video-preview":"max-video-preview:-1"},"canonical":"https:\/\/unterbaech.ch\/fr\/decouvertes-et-experiences\/winter\/ski-de-randonnee\/ergischalphorn\/","og_locale":"fr_FR","og_type":"article","og_title":"Ergischalphorn - Unterb\u00e4ch","og_description":"Depuis la station sup\u00e9rieure du t\u00e9l\u00e9si\u00e8ge de Striggen-Erez, le circuit commence \u00e0 travers une for\u00eat de m\u00e9l\u00e8zes lumineuse en direction du sud-est. Une fois l\u2019or\u00e9e du bois derri\u00e8re vous, vous grimpez sur les pentes orientales de l\u2019Erez et atteignez la large cr\u00eate nord-est de l\u2019Ergischalphorn. En suivant cette cr\u00eate, vous finissez par atteindre l\u2019Ergischalphorn (2849 m d\u2019altitude).","og_url":"https:\/\/unterbaech.ch\/fr\/decouvertes-et-experiences\/winter\/ski-de-randonnee\/ergischalphorn\/","og_site_name":"Unterb\u00e4ch","article_publisher":"https:\/\/www.facebook.com\/unterbaech","article_modified_time":"2026-03-24T14:07:00+00:00","twitter_card":"summary_large_image","twitter_misc":{"Dur\u00e9e de lecture estim\u00e9e":"2 minutes"},"schema":{"@context":"https:\/\/schema.org","@graph":[{"@type":"WebPage","@id":"https:\/\/unterbaech.ch\/fr\/decouvertes-et-experiences\/winter\/ski-de-randonnee\/ergischalphorn\/","url":"https:\/\/unterbaech.ch\/fr\/decouvertes-et-experiences\/winter\/ski-de-randonnee\/ergischalphorn\/","name":"Ergischalphorn - Unterb\u00e4ch","isPartOf":{"@id":"https:\/\/unterbaech.ch\/fr\/#website"},"datePublished":"2021-05-14T15:26:20+00:00","dateModified":"2026-03-24T14:07:00+00:00","description":"Depuis la station sup\u00e9rieure du t\u00e9l\u00e9si\u00e8ge de Striggen-Erez, le circuit commence \u00e0 travers une for\u00eat de m\u00e9l\u00e8zes lumineuse en direction du sud-est. Une fois l\u2019or\u00e9e du bois derri\u00e8re vous, vous grimpez sur les pentes orientales de l\u2019Erez et atteignez la large cr\u00eate nord-est de l\u2019Ergischalphorn. En suivant cette cr\u00eate, vous finissez par atteindre l\u2019Ergischalphorn (2849 m d\u2019altitude).","breadcrumb":{"@id":"https:\/\/unterbaech.ch\/fr\/decouvertes-et-experiences\/winter\/ski-de-randonnee\/ergischalphorn\/#breadcrumb"},"inLanguage":"fr-FR","potentialAction":[{"@type":"ReadAction","target":["https:\/\/unterbaech.ch\/fr\/decouvertes-et-experiences\/winter\/ski-de-randonnee\/ergischalphorn\/"]}]},{"@type":"BreadcrumbList","@id":"https:\/\/unterbaech.ch\/fr\/decouvertes-et-experiences\/winter\/ski-de-randonnee\/ergischalphorn\/#breadcrumb","itemListElement":[{"@type":"ListItem","position":1,"name":"Startseite","item":"https:\/\/unterbaech.ch\/fr\/accueil\/"},{"@type":"ListItem","position":2,"name":"D\u00e9couvertes et exp\u00e9riences","item":"https:\/\/unterbaech.ch\/fr\/decouvertes-et-experiences\/"},{"@type":"ListItem","position":3,"name":"L&#8217;hiver","item":"https:\/\/unterbaech.ch\/fr\/unterbaech\/winter\/"},{"@type":"ListItem","position":4,"name":"Ski de randonn\u00e9e","item":"https:\/\/unterbaech.ch\/fr\/decouvertes-et-experiences\/winter\/ski-de-randonnee\/"},{"@type":"ListItem","position":5,"name":"Ergischalphorn"}]},{"@type":"WebSite","@id":"https:\/\/unterbaech.ch\/fr\/#website","url":"https:\/\/unterbaech.ch\/fr\/","name":"Unterb\u00e4ch","description":"","publisher":{"@id":"https:\/\/unterbaech.ch\/fr\/#organization"},"potentialAction":[{"@type":"SearchAction","target":{"@type":"EntryPoint","urlTemplate":"https:\/\/unterbaech.ch\/fr\/?s={search_term_string}"},"query-input":{"@type":"PropertyValueSpecification","valueRequired":true,"valueName":"search_term_string"}}],"inLanguage":"fr-FR"},{"@type":"Organization","@id":"https:\/\/unterbaech.ch\/fr\/#organization","name":"Unterb\u00e4ch Tourismus","url":"https:\/\/unterbaech.ch\/fr\/","logo":{"@type":"ImageObject","inLanguage":"fr-FR","@id":"https:\/\/unterbaech.ch\/fr\/#\/schema\/logo\/image\/","url":"https:\/\/unterbaech.ch\/wp-content\/uploads\/Logo-1.png","contentUrl":"https:\/\/unterbaech.ch\/wp-content\/uploads\/Logo-1.png","width":1125,"height":1102,"caption":"Unterb\u00e4ch Tourismus"},"image":{"@id":"https:\/\/unterbaech.ch\/fr\/#\/schema\/logo\/image\/"},"sameAs":["https:\/\/www.facebook.com\/unterbaech","https:\/\/www.instagram.com\/visit.unterbaech\/","https:\/\/de.wikipedia.org\/wiki\/Unterb\u00e4ch"]}]}},"_links":{"self":[{"href":"https:\/\/unterbaech.ch\/fr\/wp-json\/wp\/v2\/pages\/12843","targetHints":{"allow":["GET"]}}],"collection":[{"href":"https:\/\/unterbaech.ch\/fr\/wp-json\/wp\/v2\/pages"}],"about":[{"href":"https:\/\/unterbaech.ch\/fr\/wp-json\/wp\/v2\/types\/page"}],"author":[{"embeddable":true,"href":"https:\/\/unterbaech.ch\/fr\/wp-json\/wp\/v2\/users\/8"}],"replies":[{"embeddable":true,"href":"https:\/\/unterbaech.ch\/fr\/wp-json\/wp\/v2\/comments?post=12843"}],"version-history":[{"count":4,"href":"https:\/\/unterbaech.ch\/fr\/wp-json\/wp\/v2\/pages\/12843\/revisions"}],"predecessor-version":[{"id":29689,"href":"https:\/\/unterbaech.ch\/fr\/wp-json\/wp\/v2\/pages\/12843\/revisions\/29689"}],"up":[{"embeddable":true,"href":"https:\/\/unterbaech.ch\/fr\/wp-json\/wp\/v2\/pages\/13825"}],"wp:attachment":[{"href":"https:\/\/unterbaech.ch\/fr\/wp-json\/wp\/v2\/media?parent=12843"}],"curies":[{"name":"wp","href":"https:\/\/api.w.org\/{rel}","templated":true}]}}