{"id":12849,"date":"2021-05-14T17:32:01","date_gmt":"2021-05-14T15:32:01","guid":{"rendered":"https:\/\/unterbaech.ch\/violenhorn\/"},"modified":"2026-03-24T14:56:46","modified_gmt":"2026-03-24T13:56:46","slug":"violenhorn","status":"publish","type":"page","link":"https:\/\/unterbaech.ch\/fr\/decouvertes-et-experiences\/winter\/ski-de-randonnee\/violenhorn\/","title":{"rendered":"Violenhorn"},"content":{"rendered":"\n<style type=\"text\/css\" data-created_by=\"avia_inline_auto\" id=\"style-css-av-kbax8y3e-a4cf1bfdd89b38253bafb129fd590d9f\">\n.avia-section.av-kbax8y3e-a4cf1bfdd89b38253bafb129fd590d9f .av-parallax .av-parallax-inner{\nbackground-repeat:no-repeat;\nbackground-image:url(https:\/\/unterbaech.ch\/wp-content\/uploads\/violenhorn_hikr.org_.jpg);\nbackground-position:50% 50%;\nbackground-attachment:scroll;\n}\n<\/style>\n<div id='av_section_1'  class='avia-section av-kbax8y3e-a4cf1bfdd89b38253bafb129fd590d9f main_color avia-section-default avia-no-border-styling  avia-builder-el-0  el_before_av_section  avia-builder-el-first  section-fullwidthimage avia-full-stretch av-parallax-section avia-bg-style-parallax av-minimum-height av-minimum-height-50 av-height-50  container_wrap fullsize'  data-section-bg-repeat='stretch' data-av_minimum_height_pc='50' data-av_min_height_opt='50'><div class='av-parallax' data-avia-parallax-ratio='0.3' ><div class='av-parallax-inner main_color avia-full-stretch'><\/div><\/div><div class='container av-section-cont-open' ><main  role=\"main\" itemprop=\"mainContentOfPage\"  class='template-page content  av-content-full alpha units'><div class='post-entry post-entry-type-page post-entry-12849'><div class='entry-content-wrapper clearfix'>\n<\/div><\/div><\/main><!-- close content main element --><\/div><\/div><div id='av_section_2'  class='avia-section av-1n2h9-eef07d2470a934665895b572bc96122f main_color avia-section-default avia-no-border-styling  avia-builder-el-1  el_after_av_section  avia-builder-el-last  section-leadtext onecol avia-bg-style-scroll container_wrap fullsize'  ><div class='container av-section-cont-open' ><div class='template-page content  av-content-full alpha units'><div class='post-entry post-entry-type-page post-entry-12849'><div class='entry-content-wrapper clearfix'>\n<section  class='av_textblock_section av-kbawhdx8-9a55faeefcbf4e8706dea9c49b9010c2 '   itemscope=\"itemscope\" itemtype=\"https:\/\/schema.org\/CreativeWork\" ><div class='avia_textblock'  itemprop=\"text\" ><p style=\"text-align: center;\"><strong>RANDONNEE A SKI NR. 191b<br \/>\n<\/strong><\/p>\n<h3 style=\"text-align: center;\">VIOLENHORN<\/h3>\n<\/div><\/section>\n\n<style type=\"text\/css\" data-created_by=\"avia_inline_auto\" id=\"style-css-av-kbax4bbr-27f78f1f5574462b1f9eaf8ccb6701aa\">\n#top .hr.hr-invisible.av-kbax4bbr-27f78f1f5574462b1f9eaf8ccb6701aa{\nheight:25px;\n}\n<\/style>\n<div  class='hr av-kbax4bbr-27f78f1f5574462b1f9eaf8ccb6701aa hr-invisible  avia-builder-el-3  el_after_av_textblock  el_before_av_textblock '><span class='hr-inner '><span class=\"hr-inner-style\"><\/span><\/span><\/div>\n<section  class='av_textblock_section av-kb9j7yy8-cb52267f29ec33a0cbd1cb12b1aeb1b9 '   itemscope=\"itemscope\" itemtype=\"https:\/\/schema.org\/CreativeWork\" ><div class='avia_textblock lead'  itemprop=\"text\" ><p>Le Violenhorn, \u00e9galement connu sous le nom de March, offre une randonn\u00e9e \u00e0 ski facile et assez rarement fr\u00e9quent\u00e9e. La randonn\u00e9e aux altitudes \u00e9lev\u00e9es commence \u00e0 Brandalp et traverse d\u2019abord la for\u00eat de Bawald jusqu\u2019\u00e0 Gibidum (2089 m d\u2019altitude), puis se poursuit par une mont\u00e9e relativement raide jusqu\u2019\u00e0 l\u2019Obers Gibidum. C\u2019est l\u00e0 que commence la cr\u00eate appel\u00e9e \u00abHienergr\u00e4tji\u00bb, qui va jusqu\u2019au Violenhorn (2876 m au-dessus de la mer). Malheureusement, il y a g\u00e9n\u00e9ralement trop peu de neige sur la cr\u00eate pour monter avec les skis jusqu\u2019au Mars. S\u2019il y a peu de neige, il est donc recommand\u00e9 de terminer la randonn\u00e9e au \u00abSteimandlini\u00bb, au-dessus de l\u2019\u00abObers Gibidum\u00bb, et de revenir par le m\u00eame itin\u00e9raire.<\/p>\n<\/div><\/section>\n\n<style type=\"text\/css\" data-created_by=\"avia_inline_auto\" id=\"style-css-av-kbax4bbr-27f78f1f5574462b1f9eaf8ccb6701aa\">\n#top .hr.hr-invisible.av-kbax4bbr-27f78f1f5574462b1f9eaf8ccb6701aa{\nheight:25px;\n}\n<\/style>\n<div  class='hr av-kbax4bbr-27f78f1f5574462b1f9eaf8ccb6701aa hr-invisible  avia-builder-el-5  el_after_av_textblock  el_before_av_textblock '><span class='hr-inner '><span class=\"hr-inner-style\"><\/span><\/span><\/div>\n<section  class='av_textblock_section av-kbawhdx8-4b6b00edbcd58df42bb800e9e9971c00 '   itemscope=\"itemscope\" itemtype=\"https:\/\/schema.org\/CreativeWork\" ><div class='avia_textblock lead'  itemprop=\"text\" ><h5>TOURENDETAILS<\/h5>\n<ul>\n<li style=\"text-align: left;\"><span data-contrast=\"auto\"><strong>Zeitbedar<\/strong><\/span><span data-contrast=\"auto\"><strong>f Aufstieg:<\/strong> 4h<\/span><span data-contrast=\"auto\"> 30 (\u21911280m \u21931650<\/span><span data-contrast=\"auto\">\u00a0m<\/span><span data-ccp-props=\"{\">)<\/span><\/li>\n<li style=\"text-align: left;\"><span data-contrast=\"auto\"><strong>Starth\u00f6he:<\/strong> 1&rsquo;595 <\/span><span data-contrast=\"auto\">m \u00fc. M. \/ <strong>Zielh\u00f6he:<\/strong> 2&rsquo;876 m \u00fc. M.<\/span><\/li>\n<li style=\"text-align: left;\"><span data-contrast=\"auto\"><strong>Route:<\/strong> Brandalp \u2013 Gibidum <\/span><span data-contrast=\"auto\">\u2013 Obers Gibidum <strong>\u2013 <\/strong>Violenhorn \/ March <strong>\u2013 <\/strong>Gibidum <strong>\u2013 <\/strong>Unterb\u00e4ch<\/span><\/li>\n<\/ul>\n<\/div><\/section>\n\n<style type=\"text\/css\" data-created_by=\"avia_inline_auto\" id=\"style-css-av-kbax4bbr-27f78f1f5574462b1f9eaf8ccb6701aa\">\n#top .hr.hr-invisible.av-kbax4bbr-27f78f1f5574462b1f9eaf8ccb6701aa{\nheight:25px;\n}\n<\/style>\n<div  class='hr av-kbax4bbr-27f78f1f5574462b1f9eaf8ccb6701aa hr-invisible  avia-builder-el-7  el_after_av_textblock  el_before_av_codeblock '><span class='hr-inner '><span class=\"hr-inner-style\"><\/span><\/span><\/div>\n\n\n","protected":false},"excerpt":{"rendered":"","protected":false},"author":8,"featured_media":0,"parent":13825,"menu_order":0,"comment_status":"closed","ping_status":"closed","template":"","meta":{"inline_featured_image":false,"footnotes":""},"class_list":["post-12849","page","type-page","status-publish","hentry"],"yoast_head":"<!-- This site is optimized with the Yoast SEO plugin v27.4 - https:\/\/yoast.com\/product\/yoast-seo-wordpress\/ -->\n<title>Violenhorn - Unterb\u00e4ch<\/title>\n<meta name=\"description\" content=\"Le Violenhorn, \u00e9galement connu sous le nom de March, offre une randonn\u00e9e \u00e0 ski facile et assez rarement fr\u00e9quent\u00e9e. La randonn\u00e9e aux altitudes \u00e9lev\u00e9es commence \u00e0 Brandalp et traverse d\u2019abord la for\u00eat de Bawald jusqu\u2019\u00e0 Gebidem (2089 m d\u2019altitude), puis se poursuit par une mont\u00e9e relativement raide jusqu\u2019\u00e0 l\u2019Obers Gibidum.\" \/>\n<meta name=\"robots\" content=\"index, follow, max-snippet:-1, max-image-preview:large, max-video-preview:-1\" \/>\n<link rel=\"canonical\" href=\"https:\/\/unterbaech.ch\/fr\/decouvertes-et-experiences\/winter\/ski-de-randonnee\/violenhorn\/\" \/>\n<meta property=\"og:locale\" content=\"fr_FR\" \/>\n<meta property=\"og:type\" content=\"article\" \/>\n<meta property=\"og:title\" content=\"Violenhorn - Unterb\u00e4ch\" \/>\n<meta property=\"og:description\" content=\"Le Violenhorn, \u00e9galement connu sous le nom de March, offre une randonn\u00e9e \u00e0 ski facile et assez rarement fr\u00e9quent\u00e9e. La randonn\u00e9e aux altitudes \u00e9lev\u00e9es commence \u00e0 Brandalp et traverse d\u2019abord la for\u00eat de Bawald jusqu\u2019\u00e0 Gebidem (2089 m d\u2019altitude), puis se poursuit par une mont\u00e9e relativement raide jusqu\u2019\u00e0 l\u2019Obers Gibidum.\" \/>\n<meta property=\"og:url\" content=\"https:\/\/unterbaech.ch\/fr\/decouvertes-et-experiences\/winter\/ski-de-randonnee\/violenhorn\/\" \/>\n<meta property=\"og:site_name\" content=\"Unterb\u00e4ch\" \/>\n<meta property=\"article:publisher\" content=\"https:\/\/www.facebook.com\/unterbaech\" \/>\n<meta property=\"article:modified_time\" content=\"2026-03-24T13:56:46+00:00\" \/>\n<meta name=\"twitter:card\" content=\"summary_large_image\" \/>\n<meta name=\"twitter:label1\" content=\"Dur\u00e9e de lecture estim\u00e9e\" \/>\n\t<meta name=\"twitter:data1\" content=\"1 minute\" \/>\n<script type=\"application\/ld+json\" class=\"yoast-schema-graph\">{\"@context\":\"https:\\\/\\\/schema.org\",\"@graph\":[{\"@type\":\"WebPage\",\"@id\":\"https:\\\/\\\/unterbaech.ch\\\/fr\\\/decouvertes-et-experiences\\\/winter\\\/ski-de-randonnee\\\/violenhorn\\\/\",\"url\":\"https:\\\/\\\/unterbaech.ch\\\/fr\\\/decouvertes-et-experiences\\\/winter\\\/ski-de-randonnee\\\/violenhorn\\\/\",\"name\":\"Violenhorn - Unterb\u00e4ch\",\"isPartOf\":{\"@id\":\"https:\\\/\\\/unterbaech.ch\\\/fr\\\/#website\"},\"datePublished\":\"2021-05-14T15:32:01+00:00\",\"dateModified\":\"2026-03-24T13:56:46+00:00\",\"description\":\"Le Violenhorn, \u00e9galement connu sous le nom de March, offre une randonn\u00e9e \u00e0 ski facile et assez rarement fr\u00e9quent\u00e9e. La randonn\u00e9e aux altitudes \u00e9lev\u00e9es commence \u00e0 Brandalp et traverse d\u2019abord la for\u00eat de Bawald jusqu\u2019\u00e0 Gebidem (2089 m d\u2019altitude), puis se poursuit par une mont\u00e9e relativement raide jusqu\u2019\u00e0 l\u2019Obers Gibidum.\",\"breadcrumb\":{\"@id\":\"https:\\\/\\\/unterbaech.ch\\\/fr\\\/decouvertes-et-experiences\\\/winter\\\/ski-de-randonnee\\\/violenhorn\\\/#breadcrumb\"},\"inLanguage\":\"fr-FR\",\"potentialAction\":[{\"@type\":\"ReadAction\",\"target\":[\"https:\\\/\\\/unterbaech.ch\\\/fr\\\/decouvertes-et-experiences\\\/winter\\\/ski-de-randonnee\\\/violenhorn\\\/\"]}]},{\"@type\":\"BreadcrumbList\",\"@id\":\"https:\\\/\\\/unterbaech.ch\\\/fr\\\/decouvertes-et-experiences\\\/winter\\\/ski-de-randonnee\\\/violenhorn\\\/#breadcrumb\",\"itemListElement\":[{\"@type\":\"ListItem\",\"position\":1,\"name\":\"Startseite\",\"item\":\"https:\\\/\\\/unterbaech.ch\\\/fr\\\/accueil\\\/\"},{\"@type\":\"ListItem\",\"position\":2,\"name\":\"D\u00e9couvertes et exp\u00e9riences\",\"item\":\"https:\\\/\\\/unterbaech.ch\\\/fr\\\/decouvertes-et-experiences\\\/\"},{\"@type\":\"ListItem\",\"position\":3,\"name\":\"L&#8217;hiver\",\"item\":\"https:\\\/\\\/unterbaech.ch\\\/fr\\\/unterbaech\\\/winter\\\/\"},{\"@type\":\"ListItem\",\"position\":4,\"name\":\"Ski de randonn\u00e9e\",\"item\":\"https:\\\/\\\/unterbaech.ch\\\/fr\\\/decouvertes-et-experiences\\\/winter\\\/ski-de-randonnee\\\/\"},{\"@type\":\"ListItem\",\"position\":5,\"name\":\"Violenhorn\"}]},{\"@type\":\"WebSite\",\"@id\":\"https:\\\/\\\/unterbaech.ch\\\/fr\\\/#website\",\"url\":\"https:\\\/\\\/unterbaech.ch\\\/fr\\\/\",\"name\":\"Unterb\u00e4ch\",\"description\":\"\",\"publisher\":{\"@id\":\"https:\\\/\\\/unterbaech.ch\\\/fr\\\/#organization\"},\"potentialAction\":[{\"@type\":\"SearchAction\",\"target\":{\"@type\":\"EntryPoint\",\"urlTemplate\":\"https:\\\/\\\/unterbaech.ch\\\/fr\\\/?s={search_term_string}\"},\"query-input\":{\"@type\":\"PropertyValueSpecification\",\"valueRequired\":true,\"valueName\":\"search_term_string\"}}],\"inLanguage\":\"fr-FR\"},{\"@type\":\"Organization\",\"@id\":\"https:\\\/\\\/unterbaech.ch\\\/fr\\\/#organization\",\"name\":\"Unterb\u00e4ch Tourismus\",\"url\":\"https:\\\/\\\/unterbaech.ch\\\/fr\\\/\",\"logo\":{\"@type\":\"ImageObject\",\"inLanguage\":\"fr-FR\",\"@id\":\"https:\\\/\\\/unterbaech.ch\\\/fr\\\/#\\\/schema\\\/logo\\\/image\\\/\",\"url\":\"https:\\\/\\\/unterbaech.ch\\\/wp-content\\\/uploads\\\/Logo-1.png\",\"contentUrl\":\"https:\\\/\\\/unterbaech.ch\\\/wp-content\\\/uploads\\\/Logo-1.png\",\"width\":1125,\"height\":1102,\"caption\":\"Unterb\u00e4ch Tourismus\"},\"image\":{\"@id\":\"https:\\\/\\\/unterbaech.ch\\\/fr\\\/#\\\/schema\\\/logo\\\/image\\\/\"},\"sameAs\":[\"https:\\\/\\\/www.facebook.com\\\/unterbaech\",\"https:\\\/\\\/www.instagram.com\\\/visit.unterbaech\\\/\",\"https:\\\/\\\/de.wikipedia.org\\\/wiki\\\/Unterb\u00e4ch\"]}]}<\/script>\n<!-- \/ Yoast SEO plugin. -->","yoast_head_json":{"title":"Violenhorn - Unterb\u00e4ch","description":"Le Violenhorn, \u00e9galement connu sous le nom de March, offre une randonn\u00e9e \u00e0 ski facile et assez rarement fr\u00e9quent\u00e9e. La randonn\u00e9e aux altitudes \u00e9lev\u00e9es commence \u00e0 Brandalp et traverse d\u2019abord la for\u00eat de Bawald jusqu\u2019\u00e0 Gebidem (2089 m d\u2019altitude), puis se poursuit par une mont\u00e9e relativement raide jusqu\u2019\u00e0 l\u2019Obers Gibidum.","robots":{"index":"index","follow":"follow","max-snippet":"max-snippet:-1","max-image-preview":"max-image-preview:large","max-video-preview":"max-video-preview:-1"},"canonical":"https:\/\/unterbaech.ch\/fr\/decouvertes-et-experiences\/winter\/ski-de-randonnee\/violenhorn\/","og_locale":"fr_FR","og_type":"article","og_title":"Violenhorn - Unterb\u00e4ch","og_description":"Le Violenhorn, \u00e9galement connu sous le nom de March, offre une randonn\u00e9e \u00e0 ski facile et assez rarement fr\u00e9quent\u00e9e. La randonn\u00e9e aux altitudes \u00e9lev\u00e9es commence \u00e0 Brandalp et traverse d\u2019abord la for\u00eat de Bawald jusqu\u2019\u00e0 Gebidem (2089 m d\u2019altitude), puis se poursuit par une mont\u00e9e relativement raide jusqu\u2019\u00e0 l\u2019Obers Gibidum.","og_url":"https:\/\/unterbaech.ch\/fr\/decouvertes-et-experiences\/winter\/ski-de-randonnee\/violenhorn\/","og_site_name":"Unterb\u00e4ch","article_publisher":"https:\/\/www.facebook.com\/unterbaech","article_modified_time":"2026-03-24T13:56:46+00:00","twitter_card":"summary_large_image","twitter_misc":{"Dur\u00e9e de lecture estim\u00e9e":"1 minute"},"schema":{"@context":"https:\/\/schema.org","@graph":[{"@type":"WebPage","@id":"https:\/\/unterbaech.ch\/fr\/decouvertes-et-experiences\/winter\/ski-de-randonnee\/violenhorn\/","url":"https:\/\/unterbaech.ch\/fr\/decouvertes-et-experiences\/winter\/ski-de-randonnee\/violenhorn\/","name":"Violenhorn - Unterb\u00e4ch","isPartOf":{"@id":"https:\/\/unterbaech.ch\/fr\/#website"},"datePublished":"2021-05-14T15:32:01+00:00","dateModified":"2026-03-24T13:56:46+00:00","description":"Le Violenhorn, \u00e9galement connu sous le nom de March, offre une randonn\u00e9e \u00e0 ski facile et assez rarement fr\u00e9quent\u00e9e. La randonn\u00e9e aux altitudes \u00e9lev\u00e9es commence \u00e0 Brandalp et traverse d\u2019abord la for\u00eat de Bawald jusqu\u2019\u00e0 Gebidem (2089 m d\u2019altitude), puis se poursuit par une mont\u00e9e relativement raide jusqu\u2019\u00e0 l\u2019Obers Gibidum.","breadcrumb":{"@id":"https:\/\/unterbaech.ch\/fr\/decouvertes-et-experiences\/winter\/ski-de-randonnee\/violenhorn\/#breadcrumb"},"inLanguage":"fr-FR","potentialAction":[{"@type":"ReadAction","target":["https:\/\/unterbaech.ch\/fr\/decouvertes-et-experiences\/winter\/ski-de-randonnee\/violenhorn\/"]}]},{"@type":"BreadcrumbList","@id":"https:\/\/unterbaech.ch\/fr\/decouvertes-et-experiences\/winter\/ski-de-randonnee\/violenhorn\/#breadcrumb","itemListElement":[{"@type":"ListItem","position":1,"name":"Startseite","item":"https:\/\/unterbaech.ch\/fr\/accueil\/"},{"@type":"ListItem","position":2,"name":"D\u00e9couvertes et exp\u00e9riences","item":"https:\/\/unterbaech.ch\/fr\/decouvertes-et-experiences\/"},{"@type":"ListItem","position":3,"name":"L&#8217;hiver","item":"https:\/\/unterbaech.ch\/fr\/unterbaech\/winter\/"},{"@type":"ListItem","position":4,"name":"Ski de randonn\u00e9e","item":"https:\/\/unterbaech.ch\/fr\/decouvertes-et-experiences\/winter\/ski-de-randonnee\/"},{"@type":"ListItem","position":5,"name":"Violenhorn"}]},{"@type":"WebSite","@id":"https:\/\/unterbaech.ch\/fr\/#website","url":"https:\/\/unterbaech.ch\/fr\/","name":"Unterb\u00e4ch","description":"","publisher":{"@id":"https:\/\/unterbaech.ch\/fr\/#organization"},"potentialAction":[{"@type":"SearchAction","target":{"@type":"EntryPoint","urlTemplate":"https:\/\/unterbaech.ch\/fr\/?s={search_term_string}"},"query-input":{"@type":"PropertyValueSpecification","valueRequired":true,"valueName":"search_term_string"}}],"inLanguage":"fr-FR"},{"@type":"Organization","@id":"https:\/\/unterbaech.ch\/fr\/#organization","name":"Unterb\u00e4ch Tourismus","url":"https:\/\/unterbaech.ch\/fr\/","logo":{"@type":"ImageObject","inLanguage":"fr-FR","@id":"https:\/\/unterbaech.ch\/fr\/#\/schema\/logo\/image\/","url":"https:\/\/unterbaech.ch\/wp-content\/uploads\/Logo-1.png","contentUrl":"https:\/\/unterbaech.ch\/wp-content\/uploads\/Logo-1.png","width":1125,"height":1102,"caption":"Unterb\u00e4ch Tourismus"},"image":{"@id":"https:\/\/unterbaech.ch\/fr\/#\/schema\/logo\/image\/"},"sameAs":["https:\/\/www.facebook.com\/unterbaech","https:\/\/www.instagram.com\/visit.unterbaech\/","https:\/\/de.wikipedia.org\/wiki\/Unterb\u00e4ch"]}]}},"_links":{"self":[{"href":"https:\/\/unterbaech.ch\/fr\/wp-json\/wp\/v2\/pages\/12849","targetHints":{"allow":["GET"]}}],"collection":[{"href":"https:\/\/unterbaech.ch\/fr\/wp-json\/wp\/v2\/pages"}],"about":[{"href":"https:\/\/unterbaech.ch\/fr\/wp-json\/wp\/v2\/types\/page"}],"author":[{"embeddable":true,"href":"https:\/\/unterbaech.ch\/fr\/wp-json\/wp\/v2\/users\/8"}],"replies":[{"embeddable":true,"href":"https:\/\/unterbaech.ch\/fr\/wp-json\/wp\/v2\/comments?post=12849"}],"version-history":[{"count":2,"href":"https:\/\/unterbaech.ch\/fr\/wp-json\/wp\/v2\/pages\/12849\/revisions"}],"predecessor-version":[{"id":29679,"href":"https:\/\/unterbaech.ch\/fr\/wp-json\/wp\/v2\/pages\/12849\/revisions\/29679"}],"up":[{"embeddable":true,"href":"https:\/\/unterbaech.ch\/fr\/wp-json\/wp\/v2\/pages\/13825"}],"wp:attachment":[{"href":"https:\/\/unterbaech.ch\/fr\/wp-json\/wp\/v2\/media?parent=12849"}],"curies":[{"name":"wp","href":"https:\/\/api.w.org\/{rel}","templated":true}]}}