{"id":13822,"date":"2021-09-28T10:23:55","date_gmt":"2021-09-28T08:23:55","guid":{"rendered":"https:\/\/unterbaech.ch\/luge\/"},"modified":"2024-12-21T17:52:18","modified_gmt":"2024-12-21T16:52:18","slug":"luge","status":"publish","type":"page","link":"https:\/\/unterbaech.ch\/fr\/decouvertes-et-experiences\/winter\/luge\/","title":{"rendered":"Luge"},"content":{"rendered":"\n<style type=\"text\/css\" data-created_by=\"avia_inline_auto\" id=\"style-css-av-kbax8y3e-ee4f746f2db139fab55ed2f50c1ab94d\">\n.avia-section.av-kbax8y3e-ee4f746f2db139fab55ed2f50c1ab94d .av-parallax .av-parallax-inner{\nbackground-repeat:no-repeat;\nbackground-image:url(https:\/\/unterbaech.ch\/wp-content\/uploads\/2020\/07\/DSC09570.jpg);\nbackground-position:50% 50%;\nbackground-attachment:scroll;\n}\n<\/style>\n<div id='av_section_1'  class='avia-section av-kbax8y3e-ee4f746f2db139fab55ed2f50c1ab94d main_color avia-section-default avia-no-border-styling  avia-builder-el-0  el_before_av_section  avia-builder-el-first  section-fullwidthimage avia-full-stretch av-parallax-section avia-bg-style-parallax av-minimum-height av-minimum-height-50 av-height-50  container_wrap fullsize'  data-section-bg-repeat='stretch' data-av_minimum_height_pc='50' data-av_min_height_opt='50'><div class='av-parallax' data-avia-parallax-ratio='0.3' ><div class='av-parallax-inner main_color avia-full-stretch'><\/div><\/div><div class='container av-section-cont-open' ><main  role=\"main\" itemprop=\"mainContentOfPage\"  class='template-page content  av-content-full alpha units'><div class='post-entry post-entry-type-page post-entry-13822'><div class='entry-content-wrapper clearfix'>\n<\/div><\/div><\/main><!-- close content main element --><\/div><\/div><div id='av_section_2'  class='avia-section av-1n2h9-eef07d2470a934665895b572bc96122f main_color avia-section-default avia-no-border-styling  avia-builder-el-1  el_after_av_section  el_before_av_section  section-leadtext onecol avia-bg-style-scroll container_wrap fullsize'  ><div class='container av-section-cont-open' ><div class='template-page content  av-content-full alpha units'><div class='post-entry post-entry-type-page post-entry-13822'><div class='entry-content-wrapper clearfix'>\n<section  class='av_textblock_section av-kbawhdx8-9a55faeefcbf4e8706dea9c49b9010c2 '   itemscope=\"itemscope\" itemtype=\"https:\/\/schema.org\/CreativeWork\" ><div class='avia_textblock'  itemprop=\"text\" ><p style=\"text-align: center;\"><strong>\u00c0 VOS MARQUES, PR\u00caTS, AMUSEZ-VOUS&#8230;.<\/strong><\/p>\n<h3 style=\"text-align: center;\">LUGE<\/h3>\n<\/div><\/section>\n<section  class='av_textblock_section av-kbawhdx8-10-a3c14959f4f0898ac2b7650ed94f7e94 '   itemscope=\"itemscope\" itemtype=\"https:\/\/schema.org\/CreativeWork\" ><div class='avia_textblock lead'  itemprop=\"text\" ><p style=\"text-align: center;\">La piste de luge de 5\u00a0km entre Brandalp et Unterb\u00e4ch est connue bien au-del\u00e0 des limites du village et tr\u00e8s appr\u00e9ci\u00e9e des jeunes comme des moins jeunes. Qu\u2019on aime la luge traditionnelle, le bobsleigh moderne ou l\u2019inhabituel Brandalp-Blitz, ici, chacun trouve son bonheur. Le d\u00e9part de la piste de luge est facilement accessible par t\u00e9l\u00e9si\u00e8ge depuis Unterb\u00e4ch.<\/p>\n<\/div><\/section>\n\n<\/div><\/div><\/div><!-- close content main div --><\/div><\/div><div id='av_section_3'  class='avia-section av-2ozu1-d0416f96d23280b881dcadfb59c1e2de main_color avia-section-default avia-no-border-styling  avia-builder-el-4  el_after_av_section  el_before_av_section  section-leadtext image avia-bg-style-scroll container_wrap fullsize'  ><div class='container av-section-cont-open' ><div class='template-page content  av-content-full alpha units'><div class='post-entry post-entry-type-page post-entry-13822'><div class='entry-content-wrapper clearfix'>\n<div class='flex_column_table av-3z81-f10b1524d109005ce059068763d09583 sc-av_one_half av-break-at-tablet-flextable av-equal-height-column-flextable'>\n<style type=\"text\/css\" data-created_by=\"avia_inline_auto\" id=\"style-css-av-3z81-f10b1524d109005ce059068763d09583\">\n.flex_column.av-3z81-f10b1524d109005ce059068763d09583{\nborder-radius:0px 0px 0px 0px;\npadding:0px 0px 0px 0px;\n}\n<\/style>\n<div  class='flex_column av-3z81-f10b1524d109005ce059068763d09583 av_one_half  avia-builder-el-5  el_before_av_one_half  avia-builder-el-first  first av-break-at-tablet flex_column_table_cell av-equal-height-column av-align-top av-zero-column-padding  '     ><p><section  class='av_textblock_section av-jwhniv6n-e1059a515c4ea93eb80544e318be7904 '   itemscope=\"itemscope\" itemtype=\"https:\/\/schema.org\/CreativeWork\" ><div class='avia_textblock'  itemprop=\"text\" ><p><strong>LOUER UNE LUGE<\/strong><\/p>\n<\/div><\/section><br \/>\n<section  class='av_textblock_section av-jwhniv6n-6-0a273ae574e50ee866febf73068ecfdd '   itemscope=\"itemscope\" itemtype=\"https:\/\/schema.org\/CreativeWork\" ><div class='avia_textblock lead'  itemprop=\"text\" ><p>Tra\u00eeneaux, bobsleighs et Brandalp-Blitz peuvent \u00eatre lou\u00e9s directement au village dans le magasin de sport Olympiasport:<\/p>\n<ul>\n<li>1 journ\u00e9e CHF\u00a08.\u2013 \u00e0 11.\u2013<\/li>\n<li>1\/2 journ\u00e9e CHF\u00a05.\u2013 \u00e0 7.\u2013<\/li>\n<\/ul>\n<\/div><\/section><br \/>\n<div  class='avia-button-wrap av-kbamxyjq-15a23a4fee60fb0bc7fb8703cecb7243-wrap avia-button-left  avia-builder-el-8  el_after_av_textblock  avia-builder-el-last '><a href='http:\/\/www.unterbaech-olympiasport.ch\/'  class='avia-button av-kbamxyjq-15a23a4fee60fb0bc7fb8703cecb7243 av-link-btn avia-icon_select-no avia-size-small avia-position-left avia-color-theme-color'  target=\"_blank\"  rel=\"noopener noreferrer\"  aria-label=\"Plus\"><span class='avia_iconbox_title' >Plus<\/span><\/a><\/div><\/p><\/div><div class='av-flex-placeholder'><\/div>\n<style type=\"text\/css\" data-created_by=\"avia_inline_auto\" id=\"style-css-av-3z81-7-0ea73f7453829e476856fd078377ec4b\">\n.flex_column.av-3z81-7-0ea73f7453829e476856fd078377ec4b{\nborder-radius:0px 0px 0px 0px;\npadding:0px 0px 0px 0px;\n}\n<\/style>\n<div  class='flex_column av-3z81-7-0ea73f7453829e476856fd078377ec4b av_one_half  avia-builder-el-9  el_after_av_one_half  avia-builder-el-last  av-break-at-tablet flex_column_table_cell av-equal-height-column av-align-top av-zero-column-padding avia-full-stretch  '     ><style type=\"text\/css\" data-created_by=\"avia_inline_auto\" id=\"style-css-av-kbccxasc-442366d383693bd3b83a943341aca4ba\">\n.avia-image-container.av-kbccxasc-442366d383693bd3b83a943341aca4ba img.avia_image{\nbox-shadow:none;\n}\n.avia-image-container.av-kbccxasc-442366d383693bd3b83a943341aca4ba .av-image-caption-overlay-center{\ncolor:#ffffff;\n}\n<\/style>\n<div  class='avia-image-container av-kbccxasc-442366d383693bd3b83a943341aca4ba av-styling- avia-align-center  avia-builder-el-10  avia-builder-el-no-sibling '   itemprop=\"image\" itemscope=\"itemscope\" itemtype=\"https:\/\/schema.org\/ImageObject\" ><div class=\"avia-image-container-inner\"><div class=\"avia-image-overlay-wrap\"><img decoding=\"async\" fetchpriority=\"high\" class='wp-image-23592 avia-img-lazy-loading-not-23592 avia_image ' src=\"https:\/\/unterbaech.ch\/wp-content\/uploads\/Unterbaech_DSC02391_\u00a9marcoschnyder-1024x683.jpg\" alt='' title='Unterba\u0308ch_DSC02391_\u00a9marcoschnyder'  height=\"683\" width=\"1024\"  itemprop=\"thumbnailUrl\" srcset=\"https:\/\/unterbaech.ch\/wp-content\/uploads\/Unterbaech_DSC02391_\u00a9marcoschnyder-1024x683.jpg 1024w, https:\/\/unterbaech.ch\/wp-content\/uploads\/Unterbaech_DSC02391_\u00a9marcoschnyder-768x512.jpg 768w, https:\/\/unterbaech.ch\/wp-content\/uploads\/Unterbaech_DSC02391_\u00a9marcoschnyder-705x470.jpg 705w, https:\/\/unterbaech.ch\/wp-content\/uploads\/Unterbaech_DSC02391_\u00a9marcoschnyder.jpg 1920w\" sizes=\"(max-width: 1024px) 100vw, 1024px\" \/><\/div><\/div><\/div><\/div><\/div><!--close column table wrapper. Autoclose: 1 --><\/div><\/div><\/div><!-- close content main div --><\/div><\/div><div id='av_section_4'  class='avia-section av-2ozu1-8-94401330b1c39259bfccbd665f79dfcf main_color avia-section-default avia-no-border-styling  avia-builder-el-11  el_after_av_section  el_before_av_section  section-leadtext image avia-bg-style-scroll container_wrap fullsize'  ><div class='container av-section-cont-open' ><div class='template-page content  av-content-full alpha units'><div class='post-entry post-entry-type-page post-entry-13822'><div class='entry-content-wrapper clearfix'>\n<div  class='flex_column av-6vnss-813d4da62bfbd67fa97ccc5c13146219 av_one_half  avia-builder-el-12  el_before_av_one_half  avia-builder-el-first  first flex_column_div  '     ><p><section  class='av_textblock_section av-jwhniv6n-5-facd729686192399e70c99ef1809239a '   itemscope=\"itemscope\" itemtype=\"https:\/\/schema.org\/CreativeWork\" ><div class='avia_textblock'  itemprop=\"text\" ><p><strong>BRANDALP-BLITZ<\/strong><\/p>\n<\/div><\/section><br \/>\n<section  class='av_textblock_section av-jwhniv6n-2-c2a7cd3ae4401ded00e58d5956723ae5 '   itemscope=\"itemscope\" itemtype=\"https:\/\/schema.org\/CreativeWork\" ><div class='avia_textblock lead'  itemprop=\"text\" ><p>Il existe de nombreuses alternatives au ski \u00e0 Unterb\u00e4ch, mais l\u2019exp\u00e9rience la plus extraordinaire consiste \u00e0 faire un tour de \u00abBrandalp-Blitz\u00bb \u2013 un appareil de sport d\u2019hiver profil\u00e9 qui rappelle vaguement le tabouret de traite. Une fois sur le Brandalp-Blitz, vous pouvez commencer la descente de Brandalp vers le village, \u00e0 la vitesse qui vous convient.<\/p>\n<p>Location: il est possible de louer un Brandalp-Blitz dans le magasin de sport ainsi qu\u2019au restaurant Alpenr\u00f6sli, \u00e0 la station sup\u00e9rieure du t\u00e9l\u00e9si\u00e8ge:<\/p>\n<ul>\n<li>Par voyage: CHF\u00a02.\u2013<\/li>\n<li>Les Brandalp-Blitz euvent \u00eatre lou\u00e9s au magasin de sport ainsi qu&rsquo;au restaurant Alpenr\u00f6sli \u00e0 la station sup\u00e9rieure du t\u00e9l\u00e9si\u00e8ge.<\/li>\n<\/ul>\n<\/div><\/section><\/p><\/div>\n<style type=\"text\/css\" data-created_by=\"avia_inline_auto\" id=\"style-css-av-3z81-4-22968f38ae8d847b848dccd4bda41983\">\n.flex_column.av-3z81-4-22968f38ae8d847b848dccd4bda41983{\nborder-radius:0px 0px 0px 0px;\npadding:0px 0px 0px 0px;\n}\n<\/style>\n<div  class='flex_column av-3z81-4-22968f38ae8d847b848dccd4bda41983 av_one_half  avia-builder-el-15  el_after_av_one_half  avia-builder-el-last  flex_column_div av-zero-column-padding avia-full-stretch  '     ><style type=\"text\/css\" data-created_by=\"avia_inline_auto\" id=\"style-css-av-kbccxasc-3-c55cd930a48a300c9a0c928fabf64953\">\n.avia-image-container.av-kbccxasc-3-c55cd930a48a300c9a0c928fabf64953 img.avia_image{\nbox-shadow:none;\n}\n.avia-image-container.av-kbccxasc-3-c55cd930a48a300c9a0c928fabf64953 .av-image-caption-overlay-center{\ncolor:#ffffff;\n}\n<\/style>\n<div  class='avia-image-container av-kbccxasc-3-c55cd930a48a300c9a0c928fabf64953 av-styling- avia-align-center  avia-builder-el-16  avia-builder-el-no-sibling '   itemprop=\"image\" itemscope=\"itemscope\" itemtype=\"https:\/\/schema.org\/ImageObject\" ><div class=\"avia-image-container-inner\"><div class=\"avia-image-overlay-wrap\"><img decoding=\"async\" fetchpriority=\"high\" class='wp-image-2496 avia-img-lazy-loading-not-2496 avia_image ' src=\"https:\/\/unterbaech.ch\/wp-content\/uploads\/2020\/07\/DSC09640-1024x683.jpg\" alt='Blitzen Brandalp-Unterb\u00e4ch' title='DSC09640'  height=\"683\" width=\"1024\"  itemprop=\"thumbnailUrl\" srcset=\"https:\/\/unterbaech.ch\/wp-content\/uploads\/2020\/07\/DSC09640-1024x683.jpg 1024w, https:\/\/unterbaech.ch\/wp-content\/uploads\/2020\/07\/DSC09640-1619x1080.jpg 1619w, https:\/\/unterbaech.ch\/wp-content\/uploads\/2020\/07\/DSC09640-768x512.jpg 768w, https:\/\/unterbaech.ch\/wp-content\/uploads\/2020\/07\/DSC09640-1536x1025.jpg 1536w, https:\/\/unterbaech.ch\/wp-content\/uploads\/2020\/07\/DSC09640-1500x1001.jpg 1500w, https:\/\/unterbaech.ch\/wp-content\/uploads\/2020\/07\/DSC09640-705x470.jpg 705w, https:\/\/unterbaech.ch\/wp-content\/uploads\/2020\/07\/DSC09640.jpg 1920w\" sizes=\"(max-width: 1024px) 100vw, 1024px\" \/><\/div><\/div><\/div><\/div><\/div><\/div><\/div><!-- close content main div --><\/div><\/div>\n<style type=\"text\/css\" data-created_by=\"avia_inline_auto\" id=\"style-css-av-kbax8y3e-11-80dc85bf484a7ee062ba4168c5741538\">\n.avia-section.av-kbax8y3e-11-80dc85bf484a7ee062ba4168c5741538 .av-parallax .av-parallax-inner{\nbackground-repeat:no-repeat;\nbackground-image:url(https:\/\/unterbaech.ch\/wp-content\/uploads\/2020\/06\/IMG_4586.jpg);\nbackground-position:50% 0%;\nbackground-attachment:scroll;\n}\n<\/style>\n<div id='av_section_5'  class='avia-section av-kbax8y3e-11-80dc85bf484a7ee062ba4168c5741538 main_color avia-section-default avia-no-border-styling  avia-builder-el-17  el_after_av_section  avia-builder-el-last  section-tip avia-full-stretch av-parallax-section avia-bg-style-parallax av-minimum-height av-minimum-height-100 av-height-100  container_wrap fullsize'  data-section-bg-repeat='stretch' data-av_minimum_height_pc='100' data-av_min_height_opt='100'><div class='av-parallax' data-avia-parallax-ratio='0.3' ><div class='av-parallax-inner main_color avia-full-stretch'><\/div><\/div><div class='container av-section-cont-open' ><div class='template-page content  av-content-full alpha units'><div class='post-entry post-entry-type-page post-entry-13822'><div class='entry-content-wrapper clearfix'>\n\n<style type=\"text\/css\" data-created_by=\"avia_inline_auto\" id=\"style-css-av-kbcj4u58-528702b2ac0e8486eaaf9cf9ec2ab7b8\">\n#top .hr.hr-invisible.av-kbcj4u58-528702b2ac0e8486eaaf9cf9ec2ab7b8{\nheight:400px;\n}\n<\/style>\n<div  class='hr av-kbcj4u58-528702b2ac0e8486eaaf9cf9ec2ab7b8 hr-invisible  avia-builder-el-18  el_before_av_one_half  avia-builder-el-first '><span class='hr-inner '><span class=\"hr-inner-style\"><\/span><\/span><\/div>\n<div class='flex_column_table av-kbcj1bss-2a3bc2edaf934878f272e15e690e2c59 sc-av_one_half av-equal-height-column-flextable'>\n<style type=\"text\/css\" data-created_by=\"avia_inline_auto\" id=\"style-css-av-kbcj1bss-2a3bc2edaf934878f272e15e690e2c59\">\n.flex_column.av-kbcj1bss-2a3bc2edaf934878f272e15e690e2c59{\nborder-radius:0px 0px 0px 0px;\npadding:0px 0px 0px 0px;\n}\n<\/style>\n<div  class='flex_column av-kbcj1bss-2a3bc2edaf934878f272e15e690e2c59 av_one_half  avia-builder-el-19  el_after_av_hr  el_before_av_one_half  first no_margin flex_column_table_cell av-equal-height-column av-align-top av-zero-column-padding  '     ><\/div>\n<style type=\"text\/css\" data-created_by=\"avia_inline_auto\" id=\"style-css-av-kbcj1bss-1-8eff7c2eacf75fd043e818bd8f93d34a\">\n.flex_column.av-kbcj1bss-1-8eff7c2eacf75fd043e818bd8f93d34a{\nborder-radius:0px 0px 0px 0px;\npadding:30px 30px 30px 30px;\nbackground-color:#ffffff;\n}\n<\/style>\n<div  class='flex_column av-kbcj1bss-1-8eff7c2eacf75fd043e818bd8f93d34a av_one_half  avia-builder-el-20  el_after_av_one_half  avia-builder-el-last  no_margin flex_column_table_cell av-equal-height-column av-align-top  '     ><section  class='av_textblock_section av-kbawhdx8-9-ee8944dbdec41bda4727f5ebfa28ce9f '   itemscope=\"itemscope\" itemtype=\"https:\/\/schema.org\/CreativeWork\" ><div class='avia_textblock'  itemprop=\"text\" ><p class=\"tabtitle\" style=\"text-align: right;\"><em>Tip<\/em><\/p>\n<p style=\"text-align: center;\"><strong>DESCENTE AU CLAIR DE LUNE<\/strong><\/p>\n<h3 style=\"text-align: center;\">Luge du soir<\/h3>\n<p style=\"text-align: center;\">Plusieurs vendredis de la saison d&rsquo;hiver sont consacr\u00e9s \u00e0 la luge en soir\u00e9e, de 17h00 \u00e0 19h00. Il est possible de faire de la luge en illimit\u00e9 pour seulement CHF 10.00. Le prix comprend \u00e9galement une boisson dans le restaurant Alpenr\u00f6sli \u00e0 Brandalp.<\/p>\n<\/div><\/section><br \/>\n<div  class='avia-button-wrap av-kbajg3mm-4b9815a9f148077239d98be7a1ff5644-wrap avia-button-center  avia-builder-el-22  el_after_av_textblock  avia-builder-el-last '><a href='https:\/\/unterbaech.ch\/fr\/en-direct-actualites\/evenements\/'  class='avia-button av-kbajg3mm-4b9815a9f148077239d98be7a1ff5644 av-link-btn avia-icon_select-no avia-size-small avia-position-center avia-color-theme-color'   aria-label=\"calendrier des \u00e9v\u00e9nements\"><span class='avia_iconbox_title' >calendrier des \u00e9v\u00e9nements<\/span><\/a><\/div><\/p><\/div><\/div><!--close column table wrapper. Autoclose: 1 -->\n<\/p>\n","protected":false},"excerpt":{"rendered":"","protected":false},"author":8,"featured_media":0,"parent":13870,"menu_order":0,"comment_status":"closed","ping_status":"closed","template":"","meta":{"inline_featured_image":false,"footnotes":""},"class_list":["post-13822","page","type-page","status-publish","hentry"],"yoast_head":"<!-- This site is optimized with the Yoast SEO plugin v27.4 - https:\/\/yoast.com\/product\/yoast-seo-wordpress\/ -->\n<title>Luge - Unterb\u00e4ch<\/title>\n<meta name=\"description\" content=\"D\u00e9valer la montagne en luge ou en foudre - une exp\u00e9rience pour petits et grands. Amusement et aventure sont garantis sur la piste de luge de 5 km de long \u00e0 Unterb\u00e4ch!\" \/>\n<meta name=\"robots\" content=\"index, follow, max-snippet:-1, max-image-preview:large, max-video-preview:-1\" \/>\n<link rel=\"canonical\" href=\"https:\/\/unterbaech.ch\/fr\/decouvertes-et-experiences\/winter\/luge\/\" \/>\n<meta property=\"og:locale\" content=\"fr_FR\" \/>\n<meta property=\"og:type\" content=\"article\" \/>\n<meta property=\"og:title\" content=\"Luge - Unterb\u00e4ch\" \/>\n<meta property=\"og:description\" content=\"D\u00e9valer la montagne en luge ou en foudre - une exp\u00e9rience pour petits et grands. Amusement et aventure sont garantis sur la piste de luge de 5 km de long \u00e0 Unterb\u00e4ch!\" \/>\n<meta property=\"og:url\" content=\"https:\/\/unterbaech.ch\/fr\/decouvertes-et-experiences\/winter\/luge\/\" \/>\n<meta property=\"og:site_name\" content=\"Unterb\u00e4ch\" \/>\n<meta property=\"article:publisher\" content=\"https:\/\/www.facebook.com\/unterbaech\" \/>\n<meta property=\"article:modified_time\" content=\"2024-12-21T16:52:18+00:00\" \/>\n<meta name=\"twitter:card\" content=\"summary_large_image\" \/>\n<meta name=\"twitter:label1\" content=\"Dur\u00e9e de lecture estim\u00e9e\" \/>\n\t<meta name=\"twitter:data1\" content=\"5 minutes\" \/>\n<script type=\"application\/ld+json\" class=\"yoast-schema-graph\">{\"@context\":\"https:\\\/\\\/schema.org\",\"@graph\":[{\"@type\":\"WebPage\",\"@id\":\"https:\\\/\\\/unterbaech.ch\\\/fr\\\/decouvertes-et-experiences\\\/winter\\\/luge\\\/\",\"url\":\"https:\\\/\\\/unterbaech.ch\\\/fr\\\/decouvertes-et-experiences\\\/winter\\\/luge\\\/\",\"name\":\"Luge - Unterb\u00e4ch\",\"isPartOf\":{\"@id\":\"https:\\\/\\\/unterbaech.ch\\\/fr\\\/#website\"},\"datePublished\":\"2021-09-28T08:23:55+00:00\",\"dateModified\":\"2024-12-21T16:52:18+00:00\",\"description\":\"D\u00e9valer la montagne en luge ou en foudre - une exp\u00e9rience pour petits et grands. Amusement et aventure sont garantis sur la piste de luge de 5 km de long \u00e0 Unterb\u00e4ch!\",\"breadcrumb\":{\"@id\":\"https:\\\/\\\/unterbaech.ch\\\/fr\\\/decouvertes-et-experiences\\\/winter\\\/luge\\\/#breadcrumb\"},\"inLanguage\":\"fr-FR\",\"potentialAction\":[{\"@type\":\"ReadAction\",\"target\":[\"https:\\\/\\\/unterbaech.ch\\\/fr\\\/decouvertes-et-experiences\\\/winter\\\/luge\\\/\"]}]},{\"@type\":\"BreadcrumbList\",\"@id\":\"https:\\\/\\\/unterbaech.ch\\\/fr\\\/decouvertes-et-experiences\\\/winter\\\/luge\\\/#breadcrumb\",\"itemListElement\":[{\"@type\":\"ListItem\",\"position\":1,\"name\":\"Startseite\",\"item\":\"https:\\\/\\\/unterbaech.ch\\\/fr\\\/accueil\\\/\"},{\"@type\":\"ListItem\",\"position\":2,\"name\":\"D\u00e9couvertes et exp\u00e9riences\",\"item\":\"https:\\\/\\\/unterbaech.ch\\\/fr\\\/decouvertes-et-experiences\\\/\"},{\"@type\":\"ListItem\",\"position\":3,\"name\":\"L&#8217;hiver\",\"item\":\"https:\\\/\\\/unterbaech.ch\\\/fr\\\/unterbaech\\\/winter\\\/\"},{\"@type\":\"ListItem\",\"position\":4,\"name\":\"Luge\"}]},{\"@type\":\"WebSite\",\"@id\":\"https:\\\/\\\/unterbaech.ch\\\/fr\\\/#website\",\"url\":\"https:\\\/\\\/unterbaech.ch\\\/fr\\\/\",\"name\":\"Unterb\u00e4ch\",\"description\":\"\",\"publisher\":{\"@id\":\"https:\\\/\\\/unterbaech.ch\\\/fr\\\/#organization\"},\"potentialAction\":[{\"@type\":\"SearchAction\",\"target\":{\"@type\":\"EntryPoint\",\"urlTemplate\":\"https:\\\/\\\/unterbaech.ch\\\/fr\\\/?s={search_term_string}\"},\"query-input\":{\"@type\":\"PropertyValueSpecification\",\"valueRequired\":true,\"valueName\":\"search_term_string\"}}],\"inLanguage\":\"fr-FR\"},{\"@type\":\"Organization\",\"@id\":\"https:\\\/\\\/unterbaech.ch\\\/fr\\\/#organization\",\"name\":\"Unterb\u00e4ch Tourismus\",\"url\":\"https:\\\/\\\/unterbaech.ch\\\/fr\\\/\",\"logo\":{\"@type\":\"ImageObject\",\"inLanguage\":\"fr-FR\",\"@id\":\"https:\\\/\\\/unterbaech.ch\\\/fr\\\/#\\\/schema\\\/logo\\\/image\\\/\",\"url\":\"https:\\\/\\\/unterbaech.ch\\\/wp-content\\\/uploads\\\/Logo-1.png\",\"contentUrl\":\"https:\\\/\\\/unterbaech.ch\\\/wp-content\\\/uploads\\\/Logo-1.png\",\"width\":1125,\"height\":1102,\"caption\":\"Unterb\u00e4ch Tourismus\"},\"image\":{\"@id\":\"https:\\\/\\\/unterbaech.ch\\\/fr\\\/#\\\/schema\\\/logo\\\/image\\\/\"},\"sameAs\":[\"https:\\\/\\\/www.facebook.com\\\/unterbaech\",\"https:\\\/\\\/www.instagram.com\\\/visit.unterbaech\\\/\",\"https:\\\/\\\/de.wikipedia.org\\\/wiki\\\/Unterb\u00e4ch\"]}]}<\/script>\n<!-- \/ Yoast SEO plugin. -->","yoast_head_json":{"title":"Luge - Unterb\u00e4ch","description":"D\u00e9valer la montagne en luge ou en foudre - une exp\u00e9rience pour petits et grands. Amusement et aventure sont garantis sur la piste de luge de 5 km de long \u00e0 Unterb\u00e4ch!","robots":{"index":"index","follow":"follow","max-snippet":"max-snippet:-1","max-image-preview":"max-image-preview:large","max-video-preview":"max-video-preview:-1"},"canonical":"https:\/\/unterbaech.ch\/fr\/decouvertes-et-experiences\/winter\/luge\/","og_locale":"fr_FR","og_type":"article","og_title":"Luge - Unterb\u00e4ch","og_description":"D\u00e9valer la montagne en luge ou en foudre - une exp\u00e9rience pour petits et grands. Amusement et aventure sont garantis sur la piste de luge de 5 km de long \u00e0 Unterb\u00e4ch!","og_url":"https:\/\/unterbaech.ch\/fr\/decouvertes-et-experiences\/winter\/luge\/","og_site_name":"Unterb\u00e4ch","article_publisher":"https:\/\/www.facebook.com\/unterbaech","article_modified_time":"2024-12-21T16:52:18+00:00","twitter_card":"summary_large_image","twitter_misc":{"Dur\u00e9e de lecture estim\u00e9e":"5 minutes"},"schema":{"@context":"https:\/\/schema.org","@graph":[{"@type":"WebPage","@id":"https:\/\/unterbaech.ch\/fr\/decouvertes-et-experiences\/winter\/luge\/","url":"https:\/\/unterbaech.ch\/fr\/decouvertes-et-experiences\/winter\/luge\/","name":"Luge - Unterb\u00e4ch","isPartOf":{"@id":"https:\/\/unterbaech.ch\/fr\/#website"},"datePublished":"2021-09-28T08:23:55+00:00","dateModified":"2024-12-21T16:52:18+00:00","description":"D\u00e9valer la montagne en luge ou en foudre - une exp\u00e9rience pour petits et grands. Amusement et aventure sont garantis sur la piste de luge de 5 km de long \u00e0 Unterb\u00e4ch!","breadcrumb":{"@id":"https:\/\/unterbaech.ch\/fr\/decouvertes-et-experiences\/winter\/luge\/#breadcrumb"},"inLanguage":"fr-FR","potentialAction":[{"@type":"ReadAction","target":["https:\/\/unterbaech.ch\/fr\/decouvertes-et-experiences\/winter\/luge\/"]}]},{"@type":"BreadcrumbList","@id":"https:\/\/unterbaech.ch\/fr\/decouvertes-et-experiences\/winter\/luge\/#breadcrumb","itemListElement":[{"@type":"ListItem","position":1,"name":"Startseite","item":"https:\/\/unterbaech.ch\/fr\/accueil\/"},{"@type":"ListItem","position":2,"name":"D\u00e9couvertes et exp\u00e9riences","item":"https:\/\/unterbaech.ch\/fr\/decouvertes-et-experiences\/"},{"@type":"ListItem","position":3,"name":"L&#8217;hiver","item":"https:\/\/unterbaech.ch\/fr\/unterbaech\/winter\/"},{"@type":"ListItem","position":4,"name":"Luge"}]},{"@type":"WebSite","@id":"https:\/\/unterbaech.ch\/fr\/#website","url":"https:\/\/unterbaech.ch\/fr\/","name":"Unterb\u00e4ch","description":"","publisher":{"@id":"https:\/\/unterbaech.ch\/fr\/#organization"},"potentialAction":[{"@type":"SearchAction","target":{"@type":"EntryPoint","urlTemplate":"https:\/\/unterbaech.ch\/fr\/?s={search_term_string}"},"query-input":{"@type":"PropertyValueSpecification","valueRequired":true,"valueName":"search_term_string"}}],"inLanguage":"fr-FR"},{"@type":"Organization","@id":"https:\/\/unterbaech.ch\/fr\/#organization","name":"Unterb\u00e4ch Tourismus","url":"https:\/\/unterbaech.ch\/fr\/","logo":{"@type":"ImageObject","inLanguage":"fr-FR","@id":"https:\/\/unterbaech.ch\/fr\/#\/schema\/logo\/image\/","url":"https:\/\/unterbaech.ch\/wp-content\/uploads\/Logo-1.png","contentUrl":"https:\/\/unterbaech.ch\/wp-content\/uploads\/Logo-1.png","width":1125,"height":1102,"caption":"Unterb\u00e4ch Tourismus"},"image":{"@id":"https:\/\/unterbaech.ch\/fr\/#\/schema\/logo\/image\/"},"sameAs":["https:\/\/www.facebook.com\/unterbaech","https:\/\/www.instagram.com\/visit.unterbaech\/","https:\/\/de.wikipedia.org\/wiki\/Unterb\u00e4ch"]}]}},"_links":{"self":[{"href":"https:\/\/unterbaech.ch\/fr\/wp-json\/wp\/v2\/pages\/13822","targetHints":{"allow":["GET"]}}],"collection":[{"href":"https:\/\/unterbaech.ch\/fr\/wp-json\/wp\/v2\/pages"}],"about":[{"href":"https:\/\/unterbaech.ch\/fr\/wp-json\/wp\/v2\/types\/page"}],"author":[{"embeddable":true,"href":"https:\/\/unterbaech.ch\/fr\/wp-json\/wp\/v2\/users\/8"}],"replies":[{"embeddable":true,"href":"https:\/\/unterbaech.ch\/fr\/wp-json\/wp\/v2\/comments?post=13822"}],"version-history":[{"count":3,"href":"https:\/\/unterbaech.ch\/fr\/wp-json\/wp\/v2\/pages\/13822\/revisions"}],"predecessor-version":[{"id":24175,"href":"https:\/\/unterbaech.ch\/fr\/wp-json\/wp\/v2\/pages\/13822\/revisions\/24175"}],"up":[{"embeddable":true,"href":"https:\/\/unterbaech.ch\/fr\/wp-json\/wp\/v2\/pages\/13870"}],"wp:attachment":[{"href":"https:\/\/unterbaech.ch\/fr\/wp-json\/wp\/v2\/media?parent=13822"}],"curies":[{"name":"wp","href":"https:\/\/api.w.org\/{rel}","templated":true}]}}