{"id":13921,"date":"2021-10-05T14:37:44","date_gmt":"2021-10-05T12:37:44","guid":{"rendered":"https:\/\/unterbaech.ch\/raquettes\/sentier-eggini\/"},"modified":"2026-03-24T13:07:58","modified_gmt":"2026-03-24T12:07:58","slug":"sentier-eggini","status":"publish","type":"page","link":"https:\/\/unterbaech.ch\/fr\/decouvertes-et-experiences\/winter\/raquettes\/sentier-eggini\/","title":{"rendered":"Sentier Eggini"},"content":{"rendered":"\n<style type=\"text\/css\" data-created_by=\"avia_inline_auto\" id=\"style-css-av-kbax8y3e-a13d4bef853b667238a9f289931f20fc\">\n.avia-section.av-kbax8y3e-a13d4bef853b667238a9f289931f20fc .av-parallax .av-parallax-inner{\nbackground-repeat:no-repeat;\nbackground-image:url(https:\/\/unterbaech.ch\/wp-content\/uploads\/2020\/07\/DSC09395.jpg);\nbackground-position:0% 50%;\nbackground-attachment:scroll;\n}\n<\/style>\n<div id='av_section_1'  class='avia-section av-kbax8y3e-a13d4bef853b667238a9f289931f20fc main_color avia-section-default avia-no-border-styling  avia-builder-el-0  el_before_av_section  avia-builder-el-first  section-fullwidthimage avia-full-stretch av-parallax-section avia-bg-style-parallax av-minimum-height av-minimum-height-50 av-height-50  container_wrap fullsize'  data-section-bg-repeat='stretch' data-av_minimum_height_pc='50' data-av_min_height_opt='50'><div class='av-parallax' data-avia-parallax-ratio='0.3' ><div class='av-parallax-inner main_color avia-full-stretch'><\/div><\/div><div class='container av-section-cont-open' ><main  role=\"main\" itemprop=\"mainContentOfPage\"  class='template-page content  av-content-full alpha units'><div class='post-entry post-entry-type-page post-entry-13921'><div class='entry-content-wrapper clearfix'>\n<\/div><\/div><\/main><!-- close content main element --><\/div><\/div><div id='av_section_2'  class='avia-section av-1n2h9-eef07d2470a934665895b572bc96122f main_color avia-section-default avia-no-border-styling  avia-builder-el-1  el_after_av_section  avia-builder-el-last  section-leadtext onecol avia-bg-style-scroll container_wrap fullsize'  ><div class='container av-section-cont-open' ><div class='template-page content  av-content-full alpha units'><div class='post-entry post-entry-type-page post-entry-13921'><div class='entry-content-wrapper clearfix'>\n<section  class='av_textblock_section av-kbawhdx8-9a55faeefcbf4e8706dea9c49b9010c2 '   itemscope=\"itemscope\" itemtype=\"https:\/\/schema.org\/CreativeWork\" ><div class='avia_textblock'  itemprop=\"text\" ><p style=\"text-align: center;\"><strong>SENTIERS POUR RAQUETTES No. 1<\/strong><\/p>\n<h3 style=\"text-align: center;\">SENTIER EGGINI<\/h3>\n<\/div><\/section>\n\n<style type=\"text\/css\" data-created_by=\"avia_inline_auto\" id=\"style-css-av-kbax4bbr-27f78f1f5574462b1f9eaf8ccb6701aa\">\n#top .hr.hr-invisible.av-kbax4bbr-27f78f1f5574462b1f9eaf8ccb6701aa{\nheight:25px;\n}\n<\/style>\n<div  class='hr av-kbax4bbr-27f78f1f5574462b1f9eaf8ccb6701aa hr-invisible  avia-builder-el-3  el_after_av_textblock  el_before_av_textblock '><span class='hr-inner '><span class=\"hr-inner-style\"><\/span><\/span><\/div>\n<section  class='av_textblock_section av-kb9j7yy8-cb52267f29ec33a0cbd1cb12b1aeb1b9 '   itemscope=\"itemscope\" itemtype=\"https:\/\/schema.org\/CreativeWork\" ><div class='avia_textblock lead'  itemprop=\"text\" ><p>Le sentier Eggini commence \u00e0 la station inf\u00e9rieure du t\u00e9l\u00e9si\u00e8ge d\u2019Unterb\u00e4ch et conduit le long de la piste jusqu\u2019\u00e0 la route de Brandalp. Suivez la route en direction de Brandalp, puis tournez \u00e0 gauche en direction du terrain de sport. Le chemin continue \u00e0 monter progressivement, traversant le hameau d\u2019Egga et montant jusqu\u2019\u00e0 Brandalp. On y trouve tout au long de merveilleux points de vue, comme celui du Hohegga, d\u2019o\u00f9 l\u2019on peut admirer le plus beau profil du Bietschhorn encastr\u00e9 dans les Alpes valaisannes et bernoises . Ce sentier peut bien s\u00fbr \u00eatre parcouru dans le sens inverse.<\/p>\n<\/div><\/section>\n\n<style type=\"text\/css\" data-created_by=\"avia_inline_auto\" id=\"style-css-av-kbax4bbr-27f78f1f5574462b1f9eaf8ccb6701aa\">\n#top .hr.hr-invisible.av-kbax4bbr-27f78f1f5574462b1f9eaf8ccb6701aa{\nheight:25px;\n}\n<\/style>\n<div  class='hr av-kbax4bbr-27f78f1f5574462b1f9eaf8ccb6701aa hr-invisible  avia-builder-el-5  el_after_av_textblock  el_before_av_textblock '><span class='hr-inner '><span class=\"hr-inner-style\"><\/span><\/span><\/div>\n<section  class='av_textblock_section av-kbawhdx8-4b6b00edbcd58df42bb800e9e9971c00 '   itemscope=\"itemscope\" itemtype=\"https:\/\/schema.org\/CreativeWork\" ><div class='avia_textblock lead'  itemprop=\"text\" ><h5>TOURENDETAILS:<\/h5>\n<ul>\n<li style=\"text-align: left;\"><span data-contrast=\"auto\"><strong>Zeitbedarf:<\/strong> 1h 35 <\/span><span data-contrast=\"auto\">\u00a0<\/span><\/li>\n<li style=\"text-align: left;\"><span data-ccp-props=\"{\"><strong>L\u00e4nge:<\/strong> 2.6 km \u2191393 m \u219319 m<\/span><\/li>\n<li style=\"text-align: left;\"><span data-contrast=\"auto\"><strong>Route:<\/strong> Unterb\u00e4ch \u2013 Egga <\/span><span data-contrast=\"auto\">\u2013 Brandalp<\/span><\/li>\n<\/ul>\n<\/div><\/section>\n\n\n","protected":false},"excerpt":{"rendered":"","protected":false},"author":8,"featured_media":0,"parent":13817,"menu_order":0,"comment_status":"closed","ping_status":"closed","template":"","meta":{"inline_featured_image":false,"footnotes":""},"class_list":["post-13921","page","type-page","status-publish","hentry"],"yoast_head":"<!-- This site is optimized with the Yoast SEO plugin v27.4 - https:\/\/yoast.com\/product\/yoast-seo-wordpress\/ -->\n<title>Sentier Eggini - Unterb\u00e4ch<\/title>\n<meta name=\"description\" content=\"Le sentier Eggini commence \u00e0 la station inf\u00e9rieure du t\u00e9l\u00e9si\u00e8ge d\u2019Unterb\u00e4ch et conduit le long de la piste jusqu\u2019\u00e0 la route de Brandalp. Suivez la route en direction de Brandalp, puis tournez \u00e0 gauche en direction du terrain de sport.\" \/>\n<meta name=\"robots\" content=\"index, follow, max-snippet:-1, max-image-preview:large, max-video-preview:-1\" \/>\n<link rel=\"canonical\" href=\"https:\/\/unterbaech.ch\/fr\/decouvertes-et-experiences\/winter\/raquettes\/sentier-eggini\/\" \/>\n<meta property=\"og:locale\" content=\"fr_FR\" \/>\n<meta property=\"og:type\" content=\"article\" \/>\n<meta property=\"og:title\" content=\"Sentier Eggini - Unterb\u00e4ch\" \/>\n<meta property=\"og:description\" content=\"Le sentier Eggini commence \u00e0 la station inf\u00e9rieure du t\u00e9l\u00e9si\u00e8ge d\u2019Unterb\u00e4ch et conduit le long de la piste jusqu\u2019\u00e0 la route de Brandalp. Suivez la route en direction de Brandalp, puis tournez \u00e0 gauche en direction du terrain de sport.\" \/>\n<meta property=\"og:url\" content=\"https:\/\/unterbaech.ch\/fr\/decouvertes-et-experiences\/winter\/raquettes\/sentier-eggini\/\" \/>\n<meta property=\"og:site_name\" content=\"Unterb\u00e4ch\" \/>\n<meta property=\"article:publisher\" content=\"https:\/\/www.facebook.com\/unterbaech\" \/>\n<meta property=\"article:modified_time\" content=\"2026-03-24T12:07:58+00:00\" \/>\n<meta name=\"twitter:card\" content=\"summary_large_image\" \/>\n<meta name=\"twitter:label1\" content=\"Dur\u00e9e de lecture estim\u00e9e\" \/>\n\t<meta name=\"twitter:data1\" content=\"1 minute\" \/>\n<script type=\"application\/ld+json\" class=\"yoast-schema-graph\">{\"@context\":\"https:\\\/\\\/schema.org\",\"@graph\":[{\"@type\":\"WebPage\",\"@id\":\"https:\\\/\\\/unterbaech.ch\\\/fr\\\/decouvertes-et-experiences\\\/winter\\\/raquettes\\\/sentier-eggini\\\/\",\"url\":\"https:\\\/\\\/unterbaech.ch\\\/fr\\\/decouvertes-et-experiences\\\/winter\\\/raquettes\\\/sentier-eggini\\\/\",\"name\":\"Sentier Eggini - Unterb\u00e4ch\",\"isPartOf\":{\"@id\":\"https:\\\/\\\/unterbaech.ch\\\/fr\\\/#website\"},\"datePublished\":\"2021-10-05T12:37:44+00:00\",\"dateModified\":\"2026-03-24T12:07:58+00:00\",\"description\":\"Le sentier Eggini commence \u00e0 la station inf\u00e9rieure du t\u00e9l\u00e9si\u00e8ge d\u2019Unterb\u00e4ch et conduit le long de la piste jusqu\u2019\u00e0 la route de Brandalp. Suivez la route en direction de Brandalp, puis tournez \u00e0 gauche en direction du terrain de sport.\",\"breadcrumb\":{\"@id\":\"https:\\\/\\\/unterbaech.ch\\\/fr\\\/decouvertes-et-experiences\\\/winter\\\/raquettes\\\/sentier-eggini\\\/#breadcrumb\"},\"inLanguage\":\"fr-FR\",\"potentialAction\":[{\"@type\":\"ReadAction\",\"target\":[\"https:\\\/\\\/unterbaech.ch\\\/fr\\\/decouvertes-et-experiences\\\/winter\\\/raquettes\\\/sentier-eggini\\\/\"]}]},{\"@type\":\"BreadcrumbList\",\"@id\":\"https:\\\/\\\/unterbaech.ch\\\/fr\\\/decouvertes-et-experiences\\\/winter\\\/raquettes\\\/sentier-eggini\\\/#breadcrumb\",\"itemListElement\":[{\"@type\":\"ListItem\",\"position\":1,\"name\":\"Startseite\",\"item\":\"https:\\\/\\\/unterbaech.ch\\\/fr\\\/accueil\\\/\"},{\"@type\":\"ListItem\",\"position\":2,\"name\":\"D\u00e9couvertes et exp\u00e9riences\",\"item\":\"https:\\\/\\\/unterbaech.ch\\\/fr\\\/decouvertes-et-experiences\\\/\"},{\"@type\":\"ListItem\",\"position\":3,\"name\":\"L&#8217;hiver\",\"item\":\"https:\\\/\\\/unterbaech.ch\\\/fr\\\/unterbaech\\\/winter\\\/\"},{\"@type\":\"ListItem\",\"position\":4,\"name\":\"Raquettes\",\"item\":\"https:\\\/\\\/unterbaech.ch\\\/fr\\\/unterbaech\\\/winter\\\/schneeschuhlaufen\\\/\"},{\"@type\":\"ListItem\",\"position\":5,\"name\":\"Sentier Eggini\"}]},{\"@type\":\"WebSite\",\"@id\":\"https:\\\/\\\/unterbaech.ch\\\/fr\\\/#website\",\"url\":\"https:\\\/\\\/unterbaech.ch\\\/fr\\\/\",\"name\":\"Unterb\u00e4ch\",\"description\":\"\",\"publisher\":{\"@id\":\"https:\\\/\\\/unterbaech.ch\\\/fr\\\/#organization\"},\"potentialAction\":[{\"@type\":\"SearchAction\",\"target\":{\"@type\":\"EntryPoint\",\"urlTemplate\":\"https:\\\/\\\/unterbaech.ch\\\/fr\\\/?s={search_term_string}\"},\"query-input\":{\"@type\":\"PropertyValueSpecification\",\"valueRequired\":true,\"valueName\":\"search_term_string\"}}],\"inLanguage\":\"fr-FR\"},{\"@type\":\"Organization\",\"@id\":\"https:\\\/\\\/unterbaech.ch\\\/fr\\\/#organization\",\"name\":\"Unterb\u00e4ch Tourismus\",\"url\":\"https:\\\/\\\/unterbaech.ch\\\/fr\\\/\",\"logo\":{\"@type\":\"ImageObject\",\"inLanguage\":\"fr-FR\",\"@id\":\"https:\\\/\\\/unterbaech.ch\\\/fr\\\/#\\\/schema\\\/logo\\\/image\\\/\",\"url\":\"https:\\\/\\\/unterbaech.ch\\\/wp-content\\\/uploads\\\/Logo-1.png\",\"contentUrl\":\"https:\\\/\\\/unterbaech.ch\\\/wp-content\\\/uploads\\\/Logo-1.png\",\"width\":1125,\"height\":1102,\"caption\":\"Unterb\u00e4ch Tourismus\"},\"image\":{\"@id\":\"https:\\\/\\\/unterbaech.ch\\\/fr\\\/#\\\/schema\\\/logo\\\/image\\\/\"},\"sameAs\":[\"https:\\\/\\\/www.facebook.com\\\/unterbaech\",\"https:\\\/\\\/www.instagram.com\\\/visit.unterbaech\\\/\",\"https:\\\/\\\/de.wikipedia.org\\\/wiki\\\/Unterb\u00e4ch\"]}]}<\/script>\n<!-- \/ Yoast SEO plugin. -->","yoast_head_json":{"title":"Sentier Eggini - Unterb\u00e4ch","description":"Le sentier Eggini commence \u00e0 la station inf\u00e9rieure du t\u00e9l\u00e9si\u00e8ge d\u2019Unterb\u00e4ch et conduit le long de la piste jusqu\u2019\u00e0 la route de Brandalp. Suivez la route en direction de Brandalp, puis tournez \u00e0 gauche en direction du terrain de sport.","robots":{"index":"index","follow":"follow","max-snippet":"max-snippet:-1","max-image-preview":"max-image-preview:large","max-video-preview":"max-video-preview:-1"},"canonical":"https:\/\/unterbaech.ch\/fr\/decouvertes-et-experiences\/winter\/raquettes\/sentier-eggini\/","og_locale":"fr_FR","og_type":"article","og_title":"Sentier Eggini - Unterb\u00e4ch","og_description":"Le sentier Eggini commence \u00e0 la station inf\u00e9rieure du t\u00e9l\u00e9si\u00e8ge d\u2019Unterb\u00e4ch et conduit le long de la piste jusqu\u2019\u00e0 la route de Brandalp. Suivez la route en direction de Brandalp, puis tournez \u00e0 gauche en direction du terrain de sport.","og_url":"https:\/\/unterbaech.ch\/fr\/decouvertes-et-experiences\/winter\/raquettes\/sentier-eggini\/","og_site_name":"Unterb\u00e4ch","article_publisher":"https:\/\/www.facebook.com\/unterbaech","article_modified_time":"2026-03-24T12:07:58+00:00","twitter_card":"summary_large_image","twitter_misc":{"Dur\u00e9e de lecture estim\u00e9e":"1 minute"},"schema":{"@context":"https:\/\/schema.org","@graph":[{"@type":"WebPage","@id":"https:\/\/unterbaech.ch\/fr\/decouvertes-et-experiences\/winter\/raquettes\/sentier-eggini\/","url":"https:\/\/unterbaech.ch\/fr\/decouvertes-et-experiences\/winter\/raquettes\/sentier-eggini\/","name":"Sentier Eggini - Unterb\u00e4ch","isPartOf":{"@id":"https:\/\/unterbaech.ch\/fr\/#website"},"datePublished":"2021-10-05T12:37:44+00:00","dateModified":"2026-03-24T12:07:58+00:00","description":"Le sentier Eggini commence \u00e0 la station inf\u00e9rieure du t\u00e9l\u00e9si\u00e8ge d\u2019Unterb\u00e4ch et conduit le long de la piste jusqu\u2019\u00e0 la route de Brandalp. Suivez la route en direction de Brandalp, puis tournez \u00e0 gauche en direction du terrain de sport.","breadcrumb":{"@id":"https:\/\/unterbaech.ch\/fr\/decouvertes-et-experiences\/winter\/raquettes\/sentier-eggini\/#breadcrumb"},"inLanguage":"fr-FR","potentialAction":[{"@type":"ReadAction","target":["https:\/\/unterbaech.ch\/fr\/decouvertes-et-experiences\/winter\/raquettes\/sentier-eggini\/"]}]},{"@type":"BreadcrumbList","@id":"https:\/\/unterbaech.ch\/fr\/decouvertes-et-experiences\/winter\/raquettes\/sentier-eggini\/#breadcrumb","itemListElement":[{"@type":"ListItem","position":1,"name":"Startseite","item":"https:\/\/unterbaech.ch\/fr\/accueil\/"},{"@type":"ListItem","position":2,"name":"D\u00e9couvertes et exp\u00e9riences","item":"https:\/\/unterbaech.ch\/fr\/decouvertes-et-experiences\/"},{"@type":"ListItem","position":3,"name":"L&#8217;hiver","item":"https:\/\/unterbaech.ch\/fr\/unterbaech\/winter\/"},{"@type":"ListItem","position":4,"name":"Raquettes","item":"https:\/\/unterbaech.ch\/fr\/unterbaech\/winter\/schneeschuhlaufen\/"},{"@type":"ListItem","position":5,"name":"Sentier Eggini"}]},{"@type":"WebSite","@id":"https:\/\/unterbaech.ch\/fr\/#website","url":"https:\/\/unterbaech.ch\/fr\/","name":"Unterb\u00e4ch","description":"","publisher":{"@id":"https:\/\/unterbaech.ch\/fr\/#organization"},"potentialAction":[{"@type":"SearchAction","target":{"@type":"EntryPoint","urlTemplate":"https:\/\/unterbaech.ch\/fr\/?s={search_term_string}"},"query-input":{"@type":"PropertyValueSpecification","valueRequired":true,"valueName":"search_term_string"}}],"inLanguage":"fr-FR"},{"@type":"Organization","@id":"https:\/\/unterbaech.ch\/fr\/#organization","name":"Unterb\u00e4ch Tourismus","url":"https:\/\/unterbaech.ch\/fr\/","logo":{"@type":"ImageObject","inLanguage":"fr-FR","@id":"https:\/\/unterbaech.ch\/fr\/#\/schema\/logo\/image\/","url":"https:\/\/unterbaech.ch\/wp-content\/uploads\/Logo-1.png","contentUrl":"https:\/\/unterbaech.ch\/wp-content\/uploads\/Logo-1.png","width":1125,"height":1102,"caption":"Unterb\u00e4ch Tourismus"},"image":{"@id":"https:\/\/unterbaech.ch\/fr\/#\/schema\/logo\/image\/"},"sameAs":["https:\/\/www.facebook.com\/unterbaech","https:\/\/www.instagram.com\/visit.unterbaech\/","https:\/\/de.wikipedia.org\/wiki\/Unterb\u00e4ch"]}]}},"_links":{"self":[{"href":"https:\/\/unterbaech.ch\/fr\/wp-json\/wp\/v2\/pages\/13921","targetHints":{"allow":["GET"]}}],"collection":[{"href":"https:\/\/unterbaech.ch\/fr\/wp-json\/wp\/v2\/pages"}],"about":[{"href":"https:\/\/unterbaech.ch\/fr\/wp-json\/wp\/v2\/types\/page"}],"author":[{"embeddable":true,"href":"https:\/\/unterbaech.ch\/fr\/wp-json\/wp\/v2\/users\/8"}],"replies":[{"embeddable":true,"href":"https:\/\/unterbaech.ch\/fr\/wp-json\/wp\/v2\/comments?post=13921"}],"version-history":[{"count":2,"href":"https:\/\/unterbaech.ch\/fr\/wp-json\/wp\/v2\/pages\/13921\/revisions"}],"predecessor-version":[{"id":29585,"href":"https:\/\/unterbaech.ch\/fr\/wp-json\/wp\/v2\/pages\/13921\/revisions\/29585"}],"up":[{"embeddable":true,"href":"https:\/\/unterbaech.ch\/fr\/wp-json\/wp\/v2\/pages\/13817"}],"wp:attachment":[{"href":"https:\/\/unterbaech.ch\/fr\/wp-json\/wp\/v2\/media?parent=13921"}],"curies":[{"name":"wp","href":"https:\/\/api.w.org\/{rel}","templated":true}]}}