{"id":13924,"date":"2021-10-05T14:43:03","date_gmt":"2021-10-05T12:43:03","guid":{"rendered":"https:\/\/unterbaech.ch\/raquettes\/sentier-des-bistros\/"},"modified":"2026-03-24T13:37:03","modified_gmt":"2026-03-24T12:37:03","slug":"sentier-des-bistros","status":"publish","type":"page","link":"https:\/\/unterbaech.ch\/fr\/decouvertes-et-experiences\/winter\/raquettes\/sentier-des-bistros\/","title":{"rendered":"Sentier des bistros"},"content":{"rendered":"\n<style type=\"text\/css\" data-created_by=\"avia_inline_auto\" id=\"style-css-av-kbax8y3e-81a3316c30b13f867e040448868d1056\">\n.avia-section.av-kbax8y3e-81a3316c30b13f867e040448868d1056 .av-parallax .av-parallax-inner{\nbackground-repeat:no-repeat;\nbackground-image:url(https:\/\/unterbaech.ch\/wp-content\/uploads\/2020\/07\/DSC07448.jpg);\nbackground-position:50% 100%;\nbackground-attachment:scroll;\n}\n<\/style>\n<div id='av_section_1'  class='avia-section av-kbax8y3e-81a3316c30b13f867e040448868d1056 main_color avia-section-default avia-no-border-styling  avia-builder-el-0  el_before_av_section  avia-builder-el-first  section-fullwidthimage avia-full-stretch av-parallax-section avia-bg-style-parallax av-minimum-height av-minimum-height-50 av-height-50  container_wrap fullsize'  data-section-bg-repeat='stretch' data-av_minimum_height_pc='50' data-av_min_height_opt='50'><div class='av-parallax' data-avia-parallax-ratio='0.3' ><div class='av-parallax-inner main_color avia-full-stretch'><\/div><\/div><div class='container av-section-cont-open' ><main  role=\"main\" itemprop=\"mainContentOfPage\"  class='template-page content  av-content-full alpha units'><div class='post-entry post-entry-type-page post-entry-13924'><div class='entry-content-wrapper clearfix'>\n<\/div><\/div><\/main><!-- close content main element --><\/div><\/div><div id='av_section_2'  class='avia-section av-1n2h9-eef07d2470a934665895b572bc96122f main_color avia-section-default avia-no-border-styling  avia-builder-el-1  el_after_av_section  el_before_av_section  section-leadtext onecol avia-bg-style-scroll container_wrap fullsize'  ><div class='container av-section-cont-open' ><div class='template-page content  av-content-full alpha units'><div class='post-entry post-entry-type-page post-entry-13924'><div class='entry-content-wrapper clearfix'>\n<section  class='av_textblock_section av-kbawhdx8-9a55faeefcbf4e8706dea9c49b9010c2 '   itemscope=\"itemscope\" itemtype=\"https:\/\/schema.org\/CreativeWork\" ><div class='avia_textblock'  itemprop=\"text\" ><p style=\"text-align: center;\"><strong>SENTIERS POUR RAQUETTES No. 5<\/strong><\/p>\n<h3 style=\"text-align: center;\">SENTIER DES BISTROS<\/h3>\n<\/div><\/section>\n\n<style type=\"text\/css\" data-created_by=\"avia_inline_auto\" id=\"style-css-av-kbax4bbr-27f78f1f5574462b1f9eaf8ccb6701aa\">\n#top .hr.hr-invisible.av-kbax4bbr-27f78f1f5574462b1f9eaf8ccb6701aa{\nheight:25px;\n}\n<\/style>\n<div  class='hr av-kbax4bbr-27f78f1f5574462b1f9eaf8ccb6701aa hr-invisible  avia-builder-el-3  el_after_av_textblock  el_before_av_textblock '><span class='hr-inner '><span class=\"hr-inner-style\"><\/span><\/span><\/div>\n<section  class='av_textblock_section av-kb9j7yy8-cb52267f29ec33a0cbd1cb12b1aeb1b9 '   itemscope=\"itemscope\" itemtype=\"https:\/\/schema.org\/CreativeWork\" ><div class='avia_textblock lead'  itemprop=\"text\" ><p>Comme son nom l\u2019indique, le sentier des bistros m\u00e8ne d\u2019un restaurant de montagne \u00e0 un autre. Le point de d\u00e9part de Brandalp est accessible par t\u00e9l\u00e9si\u00e8ge ou raquettes. Vous pourrez y d\u00e9guster de d\u00e9licieux plats et boissons de la r\u00e9gion dans l\u2019agr\u00e9able auberge de montagne \u00abAlpenr\u00f6sli\u00bb. Le sentier pour raquettes suit d\u2019abord le sentier des citations de femmes jusqu\u2019au pont de Pfammatte, qui traverse le Milibach gel\u00e9. On continue \u00e0 monter et descendre d\u2019agr\u00e9ables pentes qui passent devant de petites \u00e9curies et maisons dor\u00e9es par le soleil dans un paysage enneig\u00e9, avant d\u2019atteindre Breitmattu. La chapelle Maria Schnee se trouve parmi le groupe de maisons de droite. Le tableau de la Vierge de son autel a \u00e9t\u00e9 peint par Rapha\u00ebl Ritz en 1865.<br \/>\nLa piste enneig\u00e9e bifurque en haut \u00e0 gauche, passe devant les grandes \u00e9curies et, apr\u00e8s quelques m\u00e8tres, continue en direction de l\u2019ouest. Sur un demi-kilom\u00e8tre environ, on longe l\u2019Alten Eischlersuon jusqu\u2019\u00e0 Ze Stadle. La derni\u00e8re demi-heure de mont\u00e9e fait accel\u00e9rer le pouls. Dans le bistro de montagne \u00abEgga\u00bb, vous vous r\u00e9galerez de sp\u00e9cialit\u00e9s valaisannes sur la terrasse ensoleill\u00e9e. Seuls quelques m\u00e8tres vous s\u00e9parent de Striigge, o\u00f9 le t\u00e9l\u00e9si\u00e8ge conduit \u00e0 Eischoll.<\/p>\n<\/div><\/section>\n\n<style type=\"text\/css\" data-created_by=\"avia_inline_auto\" id=\"style-css-av-kbax4bbr-27f78f1f5574462b1f9eaf8ccb6701aa\">\n#top .hr.hr-invisible.av-kbax4bbr-27f78f1f5574462b1f9eaf8ccb6701aa{\nheight:25px;\n}\n<\/style>\n<div  class='hr av-kbax4bbr-27f78f1f5574462b1f9eaf8ccb6701aa hr-invisible  avia-builder-el-5  el_after_av_textblock  el_before_av_textblock '><span class='hr-inner '><span class=\"hr-inner-style\"><\/span><\/span><\/div>\n<section  class='av_textblock_section av-kbawhdx8-4b6b00edbcd58df42bb800e9e9971c00 '   itemscope=\"itemscope\" itemtype=\"https:\/\/schema.org\/CreativeWork\" ><div class='avia_textblock lead'  itemprop=\"text\" ><h5 style=\"text-align: left;\"><strong>TOURENDETAILS &#8211; TEIL 1:<br \/>\n<\/strong><\/h5>\n<ul>\n<li style=\"text-align: left;\"><span data-contrast=\"auto\"><strong>Zeitbedarf:<\/strong> 2h 00 <\/span><span data-contrast=\"auto\"> (\u2191219 m \u2193255 m)<\/span><\/li>\n<li style=\"text-align: left;\"><span data-contrast=\"auto\"><strong>Route:<\/strong> Brandalp \u2013 Pfammatte <\/span><span data-contrast=\"auto\">\u2013 Breitmattu \u2013 Striigge<\/span><\/li>\n<\/ul>\n<\/div><\/section>\n\n<\/div><\/div><\/div><!-- close content main div --><\/div><\/div><div id='av_section_3'  class='avia-section av-1n2h9-eef07d2470a934665895b572bc96122f main_color avia-section-default avia-no-border-styling  avia-builder-el-8  el_after_av_section  el_before_av_section  section-leadtext onecol avia-bg-style-scroll container_wrap fullsize'  ><div class='container av-section-cont-open' ><div class='template-page content  av-content-full alpha units'><div class='post-entry post-entry-type-page post-entry-13924'><div class='entry-content-wrapper clearfix'>\n<section  class='av_textblock_section av-kbawhdx8-4b6b00edbcd58df42bb800e9e9971c00 '   itemscope=\"itemscope\" itemtype=\"https:\/\/schema.org\/CreativeWork\" ><div class='avia_textblock lead'  itemprop=\"text\" ><h5 style=\"text-align: left;\"><strong>TOURENDETAILS &#8211; VARIANTE TEIL 1:<br \/>\n<\/strong><\/h5>\n<ul>\n<li style=\"text-align: left;\"><span data-contrast=\"auto\"><strong>Zeitbedarf:<\/strong> 2h 30 <\/span><span data-contrast=\"auto\"> (\u2191288 m \u2193324 m)<\/span><\/li>\n<li style=\"text-align: left;\"><span data-contrast=\"auto\"><strong>Route:<\/strong> Brandalp \u2013 Parieba \u2013 Bifig <\/span><span data-contrast=\"auto\">\u2013 Pfammatte \u2013 Striigge<\/span><\/li>\n<\/ul>\n<\/div><\/section>\n<section  class='av_textblock_section av-kb9j7yy8-cb52267f29ec33a0cbd1cb12b1aeb1b9 '   itemscope=\"itemscope\" itemtype=\"https:\/\/schema.org\/CreativeWork\" ><div class='avia_textblock lead'  itemprop=\"text\" ><p>Depuis le Brandalp, on longe le bord de la piste de retour en direction de Ginals. Environ 100\u00a0m apr\u00e8s le bassin de compensation, le sentier bifurque vers une route d\u2019acc\u00e8s en bas \u00e0 droite. A la hauteur de l\u2019alpage interm\u00e9diaire de Ta, le chemin rejoint finalement le Sentier des citations de femmes en direction du pont de Pfammatte.<\/p>\n<\/div><\/section>\n\n<\/div><\/div><\/div><!-- close content main div --><\/div><\/div><div id='av_section_4'  class='avia-section av-1n2h9-eef07d2470a934665895b572bc96122f main_color avia-section-default avia-no-border-styling  avia-builder-el-12  el_after_av_section  avia-builder-el-last  section-leadtext onecol avia-bg-style-scroll container_wrap fullsize'  ><div class='container av-section-cont-open' ><div class='template-page content  av-content-full alpha units'><div class='post-entry post-entry-type-page post-entry-13924'><div class='entry-content-wrapper clearfix'>\n<section  class='av_textblock_section av-kbawhdx8-4b6b00edbcd58df42bb800e9e9971c00 '   itemscope=\"itemscope\" itemtype=\"https:\/\/schema.org\/CreativeWork\" ><div class='avia_textblock lead'  itemprop=\"text\" ><h5 style=\"text-align: left;\"><strong>TOURENDETAILS &#8211; TEIL 2:<\/strong><\/h5>\n<ul>\n<li style=\"text-align: left;\"><span data-contrast=\"auto\"><strong>Zeitbedarf:<\/strong> 2h 00 (<\/span><span data-contrast=\"auto\"> \u219185 m \u2193408 m)<\/span><\/li>\n<li style=\"text-align: left;\"><span data-contrast=\"auto\"><strong>Route 2. Teil:<\/strong> Striigge \u2013 Breitmattu <\/span><span data-contrast=\"auto\">\u2013 Pfammatte \u2013 Obscha \u2013 Unterb\u00e4ch<\/span><\/li>\n<\/ul>\n<\/div><\/section>\n<section  class='av_textblock_section av-kb9j7yy8-cb52267f29ec33a0cbd1cb12b1aeb1b9 '   itemscope=\"itemscope\" itemtype=\"https:\/\/schema.org\/CreativeWork\" ><div class='avia_textblock lead'  itemprop=\"text\" ><p>Dans le Striigge, prenez le m\u00eame chemin pour retourner au pont de Pfammatte. Suivez la route foresti\u00e8re sur environ 50\u00a0m puis tournez \u00e0 droite dans la deuxi\u00e8me partie du sentier des citations de femmes \u00e0 travers la magnifique for\u00eat d\u2019\u00e9pic\u00e9as et de m\u00e9l\u00e8zes. En pleine r\u00e9flexion sur la signification des diff\u00e9rentes citations, on s\u2019\u00e9tonne de se retrouver soudainement au-dessus des toits d\u2019Unterb\u00e4ch. Laissez vagabonder une derni\u00e8re fois votre regard sur les villages et le paysage de montagne et d\u00e9lectez-vous de cette atmosph\u00e8re impressionnante. Dans les bistros du village, reprenez des forces en vous ravitaillant.<\/p>\n<\/div><\/section>\n\n<\/p>\n","protected":false},"excerpt":{"rendered":"","protected":false},"author":8,"featured_media":0,"parent":13817,"menu_order":0,"comment_status":"closed","ping_status":"closed","template":"","meta":{"inline_featured_image":false,"footnotes":""},"class_list":["post-13924","page","type-page","status-publish","hentry"],"yoast_head":"<!-- This site is optimized with the Yoast SEO plugin v27.4 - https:\/\/yoast.com\/product\/yoast-seo-wordpress\/ -->\n<title>Sentier des bistros - Unterb\u00e4ch<\/title>\n<meta name=\"description\" content=\"Comme son nom l\u2019indique, le sentier des bistros m\u00e8ne d\u2019un restaurant de montagne \u00e0 un autre. Le point de d\u00e9part de Brandalp est accessible par t\u00e9l\u00e9si\u00e8ge ou raquettes. Vous pourrez y d\u00e9guster de d\u00e9licieux plats et boissons de la r\u00e9gion dans l\u2019agr\u00e9able auberge de montagne \u00abAlpenr\u00f6sli\u00bb.\" \/>\n<meta name=\"robots\" content=\"index, follow, max-snippet:-1, max-image-preview:large, max-video-preview:-1\" \/>\n<link rel=\"canonical\" href=\"https:\/\/unterbaech.ch\/fr\/decouvertes-et-experiences\/winter\/raquettes\/sentier-des-bistros\/\" \/>\n<meta property=\"og:locale\" content=\"fr_FR\" \/>\n<meta property=\"og:type\" content=\"article\" \/>\n<meta property=\"og:title\" content=\"Sentier des bistros - Unterb\u00e4ch\" \/>\n<meta property=\"og:description\" content=\"Comme son nom l\u2019indique, le sentier des bistros m\u00e8ne d\u2019un restaurant de montagne \u00e0 un autre. Le point de d\u00e9part de Brandalp est accessible par t\u00e9l\u00e9si\u00e8ge ou raquettes. Vous pourrez y d\u00e9guster de d\u00e9licieux plats et boissons de la r\u00e9gion dans l\u2019agr\u00e9able auberge de montagne \u00abAlpenr\u00f6sli\u00bb.\" \/>\n<meta property=\"og:url\" content=\"https:\/\/unterbaech.ch\/fr\/decouvertes-et-experiences\/winter\/raquettes\/sentier-des-bistros\/\" \/>\n<meta property=\"og:site_name\" content=\"Unterb\u00e4ch\" \/>\n<meta property=\"article:publisher\" content=\"https:\/\/www.facebook.com\/unterbaech\" \/>\n<meta property=\"article:modified_time\" content=\"2026-03-24T12:37:03+00:00\" \/>\n<meta name=\"twitter:card\" content=\"summary_large_image\" \/>\n<meta name=\"twitter:label1\" content=\"Dur\u00e9e de lecture estim\u00e9e\" \/>\n\t<meta name=\"twitter:data1\" content=\"3 minutes\" \/>\n<script type=\"application\/ld+json\" class=\"yoast-schema-graph\">{\"@context\":\"https:\\\/\\\/schema.org\",\"@graph\":[{\"@type\":\"WebPage\",\"@id\":\"https:\\\/\\\/unterbaech.ch\\\/fr\\\/decouvertes-et-experiences\\\/winter\\\/raquettes\\\/sentier-des-bistros\\\/\",\"url\":\"https:\\\/\\\/unterbaech.ch\\\/fr\\\/decouvertes-et-experiences\\\/winter\\\/raquettes\\\/sentier-des-bistros\\\/\",\"name\":\"Sentier des bistros - Unterb\u00e4ch\",\"isPartOf\":{\"@id\":\"https:\\\/\\\/unterbaech.ch\\\/fr\\\/#website\"},\"datePublished\":\"2021-10-05T12:43:03+00:00\",\"dateModified\":\"2026-03-24T12:37:03+00:00\",\"description\":\"Comme son nom l\u2019indique, le sentier des bistros m\u00e8ne d\u2019un restaurant de montagne \u00e0 un autre. Le point de d\u00e9part de Brandalp est accessible par t\u00e9l\u00e9si\u00e8ge ou raquettes. Vous pourrez y d\u00e9guster de d\u00e9licieux plats et boissons de la r\u00e9gion dans l\u2019agr\u00e9able auberge de montagne \u00abAlpenr\u00f6sli\u00bb.\",\"breadcrumb\":{\"@id\":\"https:\\\/\\\/unterbaech.ch\\\/fr\\\/decouvertes-et-experiences\\\/winter\\\/raquettes\\\/sentier-des-bistros\\\/#breadcrumb\"},\"inLanguage\":\"fr-FR\",\"potentialAction\":[{\"@type\":\"ReadAction\",\"target\":[\"https:\\\/\\\/unterbaech.ch\\\/fr\\\/decouvertes-et-experiences\\\/winter\\\/raquettes\\\/sentier-des-bistros\\\/\"]}]},{\"@type\":\"BreadcrumbList\",\"@id\":\"https:\\\/\\\/unterbaech.ch\\\/fr\\\/decouvertes-et-experiences\\\/winter\\\/raquettes\\\/sentier-des-bistros\\\/#breadcrumb\",\"itemListElement\":[{\"@type\":\"ListItem\",\"position\":1,\"name\":\"Startseite\",\"item\":\"https:\\\/\\\/unterbaech.ch\\\/fr\\\/accueil\\\/\"},{\"@type\":\"ListItem\",\"position\":2,\"name\":\"D\u00e9couvertes et exp\u00e9riences\",\"item\":\"https:\\\/\\\/unterbaech.ch\\\/fr\\\/decouvertes-et-experiences\\\/\"},{\"@type\":\"ListItem\",\"position\":3,\"name\":\"L&#8217;hiver\",\"item\":\"https:\\\/\\\/unterbaech.ch\\\/fr\\\/unterbaech\\\/winter\\\/\"},{\"@type\":\"ListItem\",\"position\":4,\"name\":\"Raquettes\",\"item\":\"https:\\\/\\\/unterbaech.ch\\\/fr\\\/unterbaech\\\/winter\\\/schneeschuhlaufen\\\/\"},{\"@type\":\"ListItem\",\"position\":5,\"name\":\"Sentier des bistros\"}]},{\"@type\":\"WebSite\",\"@id\":\"https:\\\/\\\/unterbaech.ch\\\/fr\\\/#website\",\"url\":\"https:\\\/\\\/unterbaech.ch\\\/fr\\\/\",\"name\":\"Unterb\u00e4ch\",\"description\":\"\",\"publisher\":{\"@id\":\"https:\\\/\\\/unterbaech.ch\\\/fr\\\/#organization\"},\"potentialAction\":[{\"@type\":\"SearchAction\",\"target\":{\"@type\":\"EntryPoint\",\"urlTemplate\":\"https:\\\/\\\/unterbaech.ch\\\/fr\\\/?s={search_term_string}\"},\"query-input\":{\"@type\":\"PropertyValueSpecification\",\"valueRequired\":true,\"valueName\":\"search_term_string\"}}],\"inLanguage\":\"fr-FR\"},{\"@type\":\"Organization\",\"@id\":\"https:\\\/\\\/unterbaech.ch\\\/fr\\\/#organization\",\"name\":\"Unterb\u00e4ch Tourismus\",\"url\":\"https:\\\/\\\/unterbaech.ch\\\/fr\\\/\",\"logo\":{\"@type\":\"ImageObject\",\"inLanguage\":\"fr-FR\",\"@id\":\"https:\\\/\\\/unterbaech.ch\\\/fr\\\/#\\\/schema\\\/logo\\\/image\\\/\",\"url\":\"https:\\\/\\\/unterbaech.ch\\\/wp-content\\\/uploads\\\/Logo-1.png\",\"contentUrl\":\"https:\\\/\\\/unterbaech.ch\\\/wp-content\\\/uploads\\\/Logo-1.png\",\"width\":1125,\"height\":1102,\"caption\":\"Unterb\u00e4ch Tourismus\"},\"image\":{\"@id\":\"https:\\\/\\\/unterbaech.ch\\\/fr\\\/#\\\/schema\\\/logo\\\/image\\\/\"},\"sameAs\":[\"https:\\\/\\\/www.facebook.com\\\/unterbaech\",\"https:\\\/\\\/www.instagram.com\\\/visit.unterbaech\\\/\",\"https:\\\/\\\/de.wikipedia.org\\\/wiki\\\/Unterb\u00e4ch\"]}]}<\/script>\n<!-- \/ Yoast SEO plugin. -->","yoast_head_json":{"title":"Sentier des bistros - Unterb\u00e4ch","description":"Comme son nom l\u2019indique, le sentier des bistros m\u00e8ne d\u2019un restaurant de montagne \u00e0 un autre. Le point de d\u00e9part de Brandalp est accessible par t\u00e9l\u00e9si\u00e8ge ou raquettes. Vous pourrez y d\u00e9guster de d\u00e9licieux plats et boissons de la r\u00e9gion dans l\u2019agr\u00e9able auberge de montagne \u00abAlpenr\u00f6sli\u00bb.","robots":{"index":"index","follow":"follow","max-snippet":"max-snippet:-1","max-image-preview":"max-image-preview:large","max-video-preview":"max-video-preview:-1"},"canonical":"https:\/\/unterbaech.ch\/fr\/decouvertes-et-experiences\/winter\/raquettes\/sentier-des-bistros\/","og_locale":"fr_FR","og_type":"article","og_title":"Sentier des bistros - Unterb\u00e4ch","og_description":"Comme son nom l\u2019indique, le sentier des bistros m\u00e8ne d\u2019un restaurant de montagne \u00e0 un autre. Le point de d\u00e9part de Brandalp est accessible par t\u00e9l\u00e9si\u00e8ge ou raquettes. Vous pourrez y d\u00e9guster de d\u00e9licieux plats et boissons de la r\u00e9gion dans l\u2019agr\u00e9able auberge de montagne \u00abAlpenr\u00f6sli\u00bb.","og_url":"https:\/\/unterbaech.ch\/fr\/decouvertes-et-experiences\/winter\/raquettes\/sentier-des-bistros\/","og_site_name":"Unterb\u00e4ch","article_publisher":"https:\/\/www.facebook.com\/unterbaech","article_modified_time":"2026-03-24T12:37:03+00:00","twitter_card":"summary_large_image","twitter_misc":{"Dur\u00e9e de lecture estim\u00e9e":"3 minutes"},"schema":{"@context":"https:\/\/schema.org","@graph":[{"@type":"WebPage","@id":"https:\/\/unterbaech.ch\/fr\/decouvertes-et-experiences\/winter\/raquettes\/sentier-des-bistros\/","url":"https:\/\/unterbaech.ch\/fr\/decouvertes-et-experiences\/winter\/raquettes\/sentier-des-bistros\/","name":"Sentier des bistros - Unterb\u00e4ch","isPartOf":{"@id":"https:\/\/unterbaech.ch\/fr\/#website"},"datePublished":"2021-10-05T12:43:03+00:00","dateModified":"2026-03-24T12:37:03+00:00","description":"Comme son nom l\u2019indique, le sentier des bistros m\u00e8ne d\u2019un restaurant de montagne \u00e0 un autre. Le point de d\u00e9part de Brandalp est accessible par t\u00e9l\u00e9si\u00e8ge ou raquettes. Vous pourrez y d\u00e9guster de d\u00e9licieux plats et boissons de la r\u00e9gion dans l\u2019agr\u00e9able auberge de montagne \u00abAlpenr\u00f6sli\u00bb.","breadcrumb":{"@id":"https:\/\/unterbaech.ch\/fr\/decouvertes-et-experiences\/winter\/raquettes\/sentier-des-bistros\/#breadcrumb"},"inLanguage":"fr-FR","potentialAction":[{"@type":"ReadAction","target":["https:\/\/unterbaech.ch\/fr\/decouvertes-et-experiences\/winter\/raquettes\/sentier-des-bistros\/"]}]},{"@type":"BreadcrumbList","@id":"https:\/\/unterbaech.ch\/fr\/decouvertes-et-experiences\/winter\/raquettes\/sentier-des-bistros\/#breadcrumb","itemListElement":[{"@type":"ListItem","position":1,"name":"Startseite","item":"https:\/\/unterbaech.ch\/fr\/accueil\/"},{"@type":"ListItem","position":2,"name":"D\u00e9couvertes et exp\u00e9riences","item":"https:\/\/unterbaech.ch\/fr\/decouvertes-et-experiences\/"},{"@type":"ListItem","position":3,"name":"L&#8217;hiver","item":"https:\/\/unterbaech.ch\/fr\/unterbaech\/winter\/"},{"@type":"ListItem","position":4,"name":"Raquettes","item":"https:\/\/unterbaech.ch\/fr\/unterbaech\/winter\/schneeschuhlaufen\/"},{"@type":"ListItem","position":5,"name":"Sentier des bistros"}]},{"@type":"WebSite","@id":"https:\/\/unterbaech.ch\/fr\/#website","url":"https:\/\/unterbaech.ch\/fr\/","name":"Unterb\u00e4ch","description":"","publisher":{"@id":"https:\/\/unterbaech.ch\/fr\/#organization"},"potentialAction":[{"@type":"SearchAction","target":{"@type":"EntryPoint","urlTemplate":"https:\/\/unterbaech.ch\/fr\/?s={search_term_string}"},"query-input":{"@type":"PropertyValueSpecification","valueRequired":true,"valueName":"search_term_string"}}],"inLanguage":"fr-FR"},{"@type":"Organization","@id":"https:\/\/unterbaech.ch\/fr\/#organization","name":"Unterb\u00e4ch Tourismus","url":"https:\/\/unterbaech.ch\/fr\/","logo":{"@type":"ImageObject","inLanguage":"fr-FR","@id":"https:\/\/unterbaech.ch\/fr\/#\/schema\/logo\/image\/","url":"https:\/\/unterbaech.ch\/wp-content\/uploads\/Logo-1.png","contentUrl":"https:\/\/unterbaech.ch\/wp-content\/uploads\/Logo-1.png","width":1125,"height":1102,"caption":"Unterb\u00e4ch Tourismus"},"image":{"@id":"https:\/\/unterbaech.ch\/fr\/#\/schema\/logo\/image\/"},"sameAs":["https:\/\/www.facebook.com\/unterbaech","https:\/\/www.instagram.com\/visit.unterbaech\/","https:\/\/de.wikipedia.org\/wiki\/Unterb\u00e4ch"]}]}},"_links":{"self":[{"href":"https:\/\/unterbaech.ch\/fr\/wp-json\/wp\/v2\/pages\/13924","targetHints":{"allow":["GET"]}}],"collection":[{"href":"https:\/\/unterbaech.ch\/fr\/wp-json\/wp\/v2\/pages"}],"about":[{"href":"https:\/\/unterbaech.ch\/fr\/wp-json\/wp\/v2\/types\/page"}],"author":[{"embeddable":true,"href":"https:\/\/unterbaech.ch\/fr\/wp-json\/wp\/v2\/users\/8"}],"replies":[{"embeddable":true,"href":"https:\/\/unterbaech.ch\/fr\/wp-json\/wp\/v2\/comments?post=13924"}],"version-history":[{"count":2,"href":"https:\/\/unterbaech.ch\/fr\/wp-json\/wp\/v2\/pages\/13924\/revisions"}],"predecessor-version":[{"id":29610,"href":"https:\/\/unterbaech.ch\/fr\/wp-json\/wp\/v2\/pages\/13924\/revisions\/29610"}],"up":[{"embeddable":true,"href":"https:\/\/unterbaech.ch\/fr\/wp-json\/wp\/v2\/pages\/13817"}],"wp:attachment":[{"href":"https:\/\/unterbaech.ch\/fr\/wp-json\/wp\/v2\/media?parent=13924"}],"curies":[{"name":"wp","href":"https:\/\/api.w.org\/{rel}","templated":true}]}}