{"id":13927,"date":"2021-10-05T18:08:46","date_gmt":"2021-10-05T16:08:46","guid":{"rendered":"https:\/\/unterbaech.ch\/raquettes\/sentier-des-bisses\/"},"modified":"2026-03-24T13:15:02","modified_gmt":"2026-03-24T12:15:02","slug":"sentier-des-bisses","status":"publish","type":"page","link":"https:\/\/unterbaech.ch\/fr\/decouvertes-et-experiences\/winter\/raquettes\/sentier-des-bisses\/","title":{"rendered":"Sentier des bisses"},"content":{"rendered":"\n<style type=\"text\/css\" data-created_by=\"avia_inline_auto\" id=\"style-css-av-kbax8y3e-4717e3bb83da2a7123b8ffd52d743a2a\">\n.avia-section.av-kbax8y3e-4717e3bb83da2a7123b8ffd52d743a2a .av-parallax .av-parallax-inner{\nbackground-repeat:no-repeat;\nbackground-image:url(https:\/\/unterbaech.ch\/wp-content\/uploads\/UD82257-scaled.jpg);\nbackground-position:50% 50%;\nbackground-attachment:scroll;\n}\n<\/style>\n<div id='av_section_1'  class='avia-section av-kbax8y3e-4717e3bb83da2a7123b8ffd52d743a2a main_color avia-section-default avia-no-border-styling  avia-builder-el-0  el_before_av_section  avia-builder-el-first  section-fullwidthimage avia-full-stretch av-parallax-section avia-bg-style-parallax av-minimum-height av-minimum-height-50 av-height-50  container_wrap fullsize'  data-section-bg-repeat='stretch' data-av_minimum_height_pc='50' data-av_min_height_opt='50'><div class='av-parallax' data-avia-parallax-ratio='0.3' ><div class='av-parallax-inner main_color avia-full-stretch'><\/div><\/div><div class='container av-section-cont-open' ><main  role=\"main\" itemprop=\"mainContentOfPage\"  class='template-page content  av-content-full alpha units'><div class='post-entry post-entry-type-page post-entry-13927'><div class='entry-content-wrapper clearfix'>\n<\/div><\/div><\/main><!-- close content main element --><\/div><\/div><div id='av_section_2'  class='avia-section av-1n2h9-eef07d2470a934665895b572bc96122f main_color avia-section-default avia-no-border-styling  avia-builder-el-1  el_after_av_section  avia-builder-el-last  section-leadtext onecol avia-bg-style-scroll container_wrap fullsize'  ><div class='container av-section-cont-open' ><div class='template-page content  av-content-full alpha units'><div class='post-entry post-entry-type-page post-entry-13927'><div class='entry-content-wrapper clearfix'>\n<section  class='av_textblock_section av-kbawhdx8-9a55faeefcbf4e8706dea9c49b9010c2 '   itemscope=\"itemscope\" itemtype=\"https:\/\/schema.org\/CreativeWork\" ><div class='avia_textblock'  itemprop=\"text\" ><p style=\"text-align: center;\"><strong>SENTIERS POUR REQUETTES No. 3<br \/>\n<\/strong><\/p>\n<h3 style=\"text-align: center;\">SENTIER DES BISSES<\/h3>\n<\/div><\/section>\n\n<style type=\"text\/css\" data-created_by=\"avia_inline_auto\" id=\"style-css-av-kefx9857-4a4c31e9edfb3fab6eafaa0c0c6fe2f9\">\n#top .hr.hr-invisible.av-kefx9857-4a4c31e9edfb3fab6eafaa0c0c6fe2f9{\nheight:25px;\n}\n<\/style>\n<div  class='hr av-kefx9857-4a4c31e9edfb3fab6eafaa0c0c6fe2f9 hr-invisible  avia-builder-el-3  el_after_av_textblock  el_before_av_textblock '><span class='hr-inner '><span class=\"hr-inner-style\"><\/span><\/span><\/div>\n<section  class='av_textblock_section av-kb9j7yy8-a841f9424f5c95cb58456311f1f11ce0 '   itemscope=\"itemscope\" itemtype=\"https:\/\/schema.org\/CreativeWork\" ><div class='avia_textblock lead'  itemprop=\"text\" ><p>Le sentier des bisses est l\u2019une des pistes de raquettes les plus populaires de la r\u00e9gion d\u2019Augstbord. Le d\u00e9part se fait \u00e0 la station sup\u00e9rieure de t\u00e9l\u00e9si\u00e8ge de Brandalp. Le sentier longe d\u2019abord la route foresti\u00e8re sur sa gauche en direction de B\u00fcrchen puis, apr\u00e8s une courte marche, il tourne \u00e0 droite dans la for\u00eat de Bawald. Apr\u00e8s une mont\u00e9e raide, le sentier s\u2019aplatit et longe sur la droite l\u2019Alte Suon jusqu\u2019au hameau de Meiggerli. De l\u00e0, il longe le Meigger Suon avant de revenir \u00e0 Brandalp. Nous recommandons un arr\u00eat \u00e0 l\u2019h\u00f4tel-restaurant Alpenr\u00f6sli pour d\u00e9guster une boisson chaude ou un repas savoureux. Il existe \u00e9galement une version raccourcie de ce sentier de raquette (n<sup>o<\/sup>\u00a04).<\/p>\n<\/div><\/section>\n\n<style type=\"text\/css\" data-created_by=\"avia_inline_auto\" id=\"style-css-av-kefx9857-1-7876b84c291c00de86084451ecb4baec\">\n#top .hr.hr-invisible.av-kefx9857-1-7876b84c291c00de86084451ecb4baec{\nheight:25px;\n}\n<\/style>\n<div  class='hr av-kefx9857-1-7876b84c291c00de86084451ecb4baec hr-invisible  avia-builder-el-5  el_after_av_textblock  el_before_av_textblock '><span class='hr-inner '><span class=\"hr-inner-style\"><\/span><\/span><\/div>\n<section  class='av_textblock_section av-kbawhdx8-2-10cf2510a2901ad423aefa7241747bfd '   itemscope=\"itemscope\" itemtype=\"https:\/\/schema.org\/CreativeWork\" ><div class='avia_textblock lead'  itemprop=\"text\" ><p><span data-contrast=\"auto\"><strong>Dur\u00e9e de la randonn\u00e9e:<\/strong> 2h<\/span><\/p>\n<ul>\n<li style=\"text-align: left;\"><span data-ccp-props=\"{\"><strong>Distance:<\/strong> 4.5 km (\u2191259 m \u2193259 m)<\/span><\/li>\n<li style=\"text-align: left;\"><span data-contrast=\"auto\"><strong>Itin\u00e9raire:<\/strong> Brandalp \u2013 Alte Suon <\/span><span data-contrast=\"auto\">\u2013 Meigger Suon \u2013 Brandalp<\/span><\/li>\n<\/ul>\n<\/div><\/section>\n\n\n","protected":false},"excerpt":{"rendered":"","protected":false},"author":8,"featured_media":0,"parent":13817,"menu_order":0,"comment_status":"closed","ping_status":"closed","template":"","meta":{"inline_featured_image":false,"footnotes":""},"class_list":["post-13927","page","type-page","status-publish","hentry"],"yoast_head":"<!-- This site is optimized with the Yoast SEO plugin v27.4 - https:\/\/yoast.com\/product\/yoast-seo-wordpress\/ -->\n<title>Sentier des bisses - Unterb\u00e4ch<\/title>\n<meta name=\"description\" content=\"Le sentier des bisses est l\u2019une des pistes de raquettes les plus populaires de la r\u00e9gion d\u2019Augstbord. Le d\u00e9part se fait \u00e0 la station sup\u00e9rieure de t\u00e9l\u00e9si\u00e8ge de Brandalp. Le sentier longe d\u2019abord la route foresti\u00e8re sur sa gauche en direction de B\u00fcrchen puis, apr\u00e8s une courte marche, il tourne \u00e0 droite dans la for\u00eat de Bawald. Apr\u00e8s une mont\u00e9e raide, le sentier s\u2019aplatit et longe sur la droite l\u2019Alte Suon jusqu\u2019au hameau de Meiggerli.\" \/>\n<meta name=\"robots\" content=\"index, follow, max-snippet:-1, max-image-preview:large, max-video-preview:-1\" \/>\n<link rel=\"canonical\" href=\"https:\/\/unterbaech.ch\/fr\/decouvertes-et-experiences\/winter\/raquettes\/sentier-des-bisses\/\" \/>\n<meta property=\"og:locale\" content=\"fr_FR\" \/>\n<meta property=\"og:type\" content=\"article\" \/>\n<meta property=\"og:title\" content=\"Sentier des bisses - Unterb\u00e4ch\" \/>\n<meta property=\"og:description\" content=\"Le sentier des bisses est l\u2019une des pistes de raquettes les plus populaires de la r\u00e9gion d\u2019Augstbord. Le d\u00e9part se fait \u00e0 la station sup\u00e9rieure de t\u00e9l\u00e9si\u00e8ge de Brandalp. Le sentier longe d\u2019abord la route foresti\u00e8re sur sa gauche en direction de B\u00fcrchen puis, apr\u00e8s une courte marche, il tourne \u00e0 droite dans la for\u00eat de Bawald. Apr\u00e8s une mont\u00e9e raide, le sentier s\u2019aplatit et longe sur la droite l\u2019Alte Suon jusqu\u2019au hameau de Meiggerli.\" \/>\n<meta property=\"og:url\" content=\"https:\/\/unterbaech.ch\/fr\/decouvertes-et-experiences\/winter\/raquettes\/sentier-des-bisses\/\" \/>\n<meta property=\"og:site_name\" content=\"Unterb\u00e4ch\" \/>\n<meta property=\"article:publisher\" content=\"https:\/\/www.facebook.com\/unterbaech\" \/>\n<meta property=\"article:modified_time\" content=\"2026-03-24T12:15:02+00:00\" \/>\n<meta name=\"twitter:card\" content=\"summary_large_image\" \/>\n<meta name=\"twitter:label1\" content=\"Dur\u00e9e de lecture estim\u00e9e\" \/>\n\t<meta name=\"twitter:data1\" content=\"1 minute\" \/>\n<script type=\"application\/ld+json\" class=\"yoast-schema-graph\">{\"@context\":\"https:\\\/\\\/schema.org\",\"@graph\":[{\"@type\":\"WebPage\",\"@id\":\"https:\\\/\\\/unterbaech.ch\\\/fr\\\/decouvertes-et-experiences\\\/winter\\\/raquettes\\\/sentier-des-bisses\\\/\",\"url\":\"https:\\\/\\\/unterbaech.ch\\\/fr\\\/decouvertes-et-experiences\\\/winter\\\/raquettes\\\/sentier-des-bisses\\\/\",\"name\":\"Sentier des bisses - Unterb\u00e4ch\",\"isPartOf\":{\"@id\":\"https:\\\/\\\/unterbaech.ch\\\/fr\\\/#website\"},\"datePublished\":\"2021-10-05T16:08:46+00:00\",\"dateModified\":\"2026-03-24T12:15:02+00:00\",\"description\":\"Le sentier des bisses est l\u2019une des pistes de raquettes les plus populaires de la r\u00e9gion d\u2019Augstbord. Le d\u00e9part se fait \u00e0 la station sup\u00e9rieure de t\u00e9l\u00e9si\u00e8ge de Brandalp. Le sentier longe d\u2019abord la route foresti\u00e8re sur sa gauche en direction de B\u00fcrchen puis, apr\u00e8s une courte marche, il tourne \u00e0 droite dans la for\u00eat de Bawald. Apr\u00e8s une mont\u00e9e raide, le sentier s\u2019aplatit et longe sur la droite l\u2019Alte Suon jusqu\u2019au hameau de Meiggerli.\",\"breadcrumb\":{\"@id\":\"https:\\\/\\\/unterbaech.ch\\\/fr\\\/decouvertes-et-experiences\\\/winter\\\/raquettes\\\/sentier-des-bisses\\\/#breadcrumb\"},\"inLanguage\":\"fr-FR\",\"potentialAction\":[{\"@type\":\"ReadAction\",\"target\":[\"https:\\\/\\\/unterbaech.ch\\\/fr\\\/decouvertes-et-experiences\\\/winter\\\/raquettes\\\/sentier-des-bisses\\\/\"]}]},{\"@type\":\"BreadcrumbList\",\"@id\":\"https:\\\/\\\/unterbaech.ch\\\/fr\\\/decouvertes-et-experiences\\\/winter\\\/raquettes\\\/sentier-des-bisses\\\/#breadcrumb\",\"itemListElement\":[{\"@type\":\"ListItem\",\"position\":1,\"name\":\"Startseite\",\"item\":\"https:\\\/\\\/unterbaech.ch\\\/fr\\\/accueil\\\/\"},{\"@type\":\"ListItem\",\"position\":2,\"name\":\"D\u00e9couvertes et exp\u00e9riences\",\"item\":\"https:\\\/\\\/unterbaech.ch\\\/fr\\\/decouvertes-et-experiences\\\/\"},{\"@type\":\"ListItem\",\"position\":3,\"name\":\"L&#8217;hiver\",\"item\":\"https:\\\/\\\/unterbaech.ch\\\/fr\\\/unterbaech\\\/winter\\\/\"},{\"@type\":\"ListItem\",\"position\":4,\"name\":\"Raquettes\",\"item\":\"https:\\\/\\\/unterbaech.ch\\\/fr\\\/unterbaech\\\/winter\\\/schneeschuhlaufen\\\/\"},{\"@type\":\"ListItem\",\"position\":5,\"name\":\"Sentier des bisses\"}]},{\"@type\":\"WebSite\",\"@id\":\"https:\\\/\\\/unterbaech.ch\\\/fr\\\/#website\",\"url\":\"https:\\\/\\\/unterbaech.ch\\\/fr\\\/\",\"name\":\"Unterb\u00e4ch\",\"description\":\"\",\"publisher\":{\"@id\":\"https:\\\/\\\/unterbaech.ch\\\/fr\\\/#organization\"},\"potentialAction\":[{\"@type\":\"SearchAction\",\"target\":{\"@type\":\"EntryPoint\",\"urlTemplate\":\"https:\\\/\\\/unterbaech.ch\\\/fr\\\/?s={search_term_string}\"},\"query-input\":{\"@type\":\"PropertyValueSpecification\",\"valueRequired\":true,\"valueName\":\"search_term_string\"}}],\"inLanguage\":\"fr-FR\"},{\"@type\":\"Organization\",\"@id\":\"https:\\\/\\\/unterbaech.ch\\\/fr\\\/#organization\",\"name\":\"Unterb\u00e4ch Tourismus\",\"url\":\"https:\\\/\\\/unterbaech.ch\\\/fr\\\/\",\"logo\":{\"@type\":\"ImageObject\",\"inLanguage\":\"fr-FR\",\"@id\":\"https:\\\/\\\/unterbaech.ch\\\/fr\\\/#\\\/schema\\\/logo\\\/image\\\/\",\"url\":\"https:\\\/\\\/unterbaech.ch\\\/wp-content\\\/uploads\\\/Logo-1.png\",\"contentUrl\":\"https:\\\/\\\/unterbaech.ch\\\/wp-content\\\/uploads\\\/Logo-1.png\",\"width\":1125,\"height\":1102,\"caption\":\"Unterb\u00e4ch Tourismus\"},\"image\":{\"@id\":\"https:\\\/\\\/unterbaech.ch\\\/fr\\\/#\\\/schema\\\/logo\\\/image\\\/\"},\"sameAs\":[\"https:\\\/\\\/www.facebook.com\\\/unterbaech\",\"https:\\\/\\\/www.instagram.com\\\/visit.unterbaech\\\/\",\"https:\\\/\\\/de.wikipedia.org\\\/wiki\\\/Unterb\u00e4ch\"]}]}<\/script>\n<!-- \/ Yoast SEO plugin. -->","yoast_head_json":{"title":"Sentier des bisses - Unterb\u00e4ch","description":"Le sentier des bisses est l\u2019une des pistes de raquettes les plus populaires de la r\u00e9gion d\u2019Augstbord. Le d\u00e9part se fait \u00e0 la station sup\u00e9rieure de t\u00e9l\u00e9si\u00e8ge de Brandalp. Le sentier longe d\u2019abord la route foresti\u00e8re sur sa gauche en direction de B\u00fcrchen puis, apr\u00e8s une courte marche, il tourne \u00e0 droite dans la for\u00eat de Bawald. Apr\u00e8s une mont\u00e9e raide, le sentier s\u2019aplatit et longe sur la droite l\u2019Alte Suon jusqu\u2019au hameau de Meiggerli.","robots":{"index":"index","follow":"follow","max-snippet":"max-snippet:-1","max-image-preview":"max-image-preview:large","max-video-preview":"max-video-preview:-1"},"canonical":"https:\/\/unterbaech.ch\/fr\/decouvertes-et-experiences\/winter\/raquettes\/sentier-des-bisses\/","og_locale":"fr_FR","og_type":"article","og_title":"Sentier des bisses - Unterb\u00e4ch","og_description":"Le sentier des bisses est l\u2019une des pistes de raquettes les plus populaires de la r\u00e9gion d\u2019Augstbord. Le d\u00e9part se fait \u00e0 la station sup\u00e9rieure de t\u00e9l\u00e9si\u00e8ge de Brandalp. Le sentier longe d\u2019abord la route foresti\u00e8re sur sa gauche en direction de B\u00fcrchen puis, apr\u00e8s une courte marche, il tourne \u00e0 droite dans la for\u00eat de Bawald. Apr\u00e8s une mont\u00e9e raide, le sentier s\u2019aplatit et longe sur la droite l\u2019Alte Suon jusqu\u2019au hameau de Meiggerli.","og_url":"https:\/\/unterbaech.ch\/fr\/decouvertes-et-experiences\/winter\/raquettes\/sentier-des-bisses\/","og_site_name":"Unterb\u00e4ch","article_publisher":"https:\/\/www.facebook.com\/unterbaech","article_modified_time":"2026-03-24T12:15:02+00:00","twitter_card":"summary_large_image","twitter_misc":{"Dur\u00e9e de lecture estim\u00e9e":"1 minute"},"schema":{"@context":"https:\/\/schema.org","@graph":[{"@type":"WebPage","@id":"https:\/\/unterbaech.ch\/fr\/decouvertes-et-experiences\/winter\/raquettes\/sentier-des-bisses\/","url":"https:\/\/unterbaech.ch\/fr\/decouvertes-et-experiences\/winter\/raquettes\/sentier-des-bisses\/","name":"Sentier des bisses - Unterb\u00e4ch","isPartOf":{"@id":"https:\/\/unterbaech.ch\/fr\/#website"},"datePublished":"2021-10-05T16:08:46+00:00","dateModified":"2026-03-24T12:15:02+00:00","description":"Le sentier des bisses est l\u2019une des pistes de raquettes les plus populaires de la r\u00e9gion d\u2019Augstbord. Le d\u00e9part se fait \u00e0 la station sup\u00e9rieure de t\u00e9l\u00e9si\u00e8ge de Brandalp. Le sentier longe d\u2019abord la route foresti\u00e8re sur sa gauche en direction de B\u00fcrchen puis, apr\u00e8s une courte marche, il tourne \u00e0 droite dans la for\u00eat de Bawald. Apr\u00e8s une mont\u00e9e raide, le sentier s\u2019aplatit et longe sur la droite l\u2019Alte Suon jusqu\u2019au hameau de Meiggerli.","breadcrumb":{"@id":"https:\/\/unterbaech.ch\/fr\/decouvertes-et-experiences\/winter\/raquettes\/sentier-des-bisses\/#breadcrumb"},"inLanguage":"fr-FR","potentialAction":[{"@type":"ReadAction","target":["https:\/\/unterbaech.ch\/fr\/decouvertes-et-experiences\/winter\/raquettes\/sentier-des-bisses\/"]}]},{"@type":"BreadcrumbList","@id":"https:\/\/unterbaech.ch\/fr\/decouvertes-et-experiences\/winter\/raquettes\/sentier-des-bisses\/#breadcrumb","itemListElement":[{"@type":"ListItem","position":1,"name":"Startseite","item":"https:\/\/unterbaech.ch\/fr\/accueil\/"},{"@type":"ListItem","position":2,"name":"D\u00e9couvertes et exp\u00e9riences","item":"https:\/\/unterbaech.ch\/fr\/decouvertes-et-experiences\/"},{"@type":"ListItem","position":3,"name":"L&#8217;hiver","item":"https:\/\/unterbaech.ch\/fr\/unterbaech\/winter\/"},{"@type":"ListItem","position":4,"name":"Raquettes","item":"https:\/\/unterbaech.ch\/fr\/unterbaech\/winter\/schneeschuhlaufen\/"},{"@type":"ListItem","position":5,"name":"Sentier des bisses"}]},{"@type":"WebSite","@id":"https:\/\/unterbaech.ch\/fr\/#website","url":"https:\/\/unterbaech.ch\/fr\/","name":"Unterb\u00e4ch","description":"","publisher":{"@id":"https:\/\/unterbaech.ch\/fr\/#organization"},"potentialAction":[{"@type":"SearchAction","target":{"@type":"EntryPoint","urlTemplate":"https:\/\/unterbaech.ch\/fr\/?s={search_term_string}"},"query-input":{"@type":"PropertyValueSpecification","valueRequired":true,"valueName":"search_term_string"}}],"inLanguage":"fr-FR"},{"@type":"Organization","@id":"https:\/\/unterbaech.ch\/fr\/#organization","name":"Unterb\u00e4ch Tourismus","url":"https:\/\/unterbaech.ch\/fr\/","logo":{"@type":"ImageObject","inLanguage":"fr-FR","@id":"https:\/\/unterbaech.ch\/fr\/#\/schema\/logo\/image\/","url":"https:\/\/unterbaech.ch\/wp-content\/uploads\/Logo-1.png","contentUrl":"https:\/\/unterbaech.ch\/wp-content\/uploads\/Logo-1.png","width":1125,"height":1102,"caption":"Unterb\u00e4ch Tourismus"},"image":{"@id":"https:\/\/unterbaech.ch\/fr\/#\/schema\/logo\/image\/"},"sameAs":["https:\/\/www.facebook.com\/unterbaech","https:\/\/www.instagram.com\/visit.unterbaech\/","https:\/\/de.wikipedia.org\/wiki\/Unterb\u00e4ch"]}]}},"_links":{"self":[{"href":"https:\/\/unterbaech.ch\/fr\/wp-json\/wp\/v2\/pages\/13927","targetHints":{"allow":["GET"]}}],"collection":[{"href":"https:\/\/unterbaech.ch\/fr\/wp-json\/wp\/v2\/pages"}],"about":[{"href":"https:\/\/unterbaech.ch\/fr\/wp-json\/wp\/v2\/types\/page"}],"author":[{"embeddable":true,"href":"https:\/\/unterbaech.ch\/fr\/wp-json\/wp\/v2\/users\/8"}],"replies":[{"embeddable":true,"href":"https:\/\/unterbaech.ch\/fr\/wp-json\/wp\/v2\/comments?post=13927"}],"version-history":[{"count":5,"href":"https:\/\/unterbaech.ch\/fr\/wp-json\/wp\/v2\/pages\/13927\/revisions"}],"predecessor-version":[{"id":29592,"href":"https:\/\/unterbaech.ch\/fr\/wp-json\/wp\/v2\/pages\/13927\/revisions\/29592"}],"up":[{"embeddable":true,"href":"https:\/\/unterbaech.ch\/fr\/wp-json\/wp\/v2\/pages\/13817"}],"wp:attachment":[{"href":"https:\/\/unterbaech.ch\/fr\/wp-json\/wp\/v2\/media?parent=13927"}],"curies":[{"name":"wp","href":"https:\/\/api.w.org\/{rel}","templated":true}]}}