{"id":13930,"date":"2021-10-05T18:10:53","date_gmt":"2021-10-05T16:10:53","guid":{"rendered":"https:\/\/unterbaech.ch\/raquettes\/sentier-des-bisses-court\/"},"modified":"2026-03-24T13:24:10","modified_gmt":"2026-03-24T12:24:10","slug":"sentier-des-bisses-court","status":"publish","type":"page","link":"https:\/\/unterbaech.ch\/fr\/decouvertes-et-experiences\/winter\/raquettes\/sentier-des-bisses-court\/","title":{"rendered":"Sentier des bisses (court)"},"content":{"rendered":"\n<style type=\"text\/css\" data-created_by=\"avia_inline_auto\" id=\"style-css-av-kbax8y3e-56983d4cfc98a0c12f91d07156c33564\">\n.avia-section.av-kbax8y3e-56983d4cfc98a0c12f91d07156c33564 .av-parallax .av-parallax-inner{\nbackground-repeat:no-repeat;\nbackground-image:url(https:\/\/unterbaech.ch\/wp-content\/uploads\/Schneeschuhlaufen2011_22-scaled.jpg);\nbackground-position:100% 0%;\nbackground-attachment:scroll;\n}\n<\/style>\n<div id='av_section_1'  class='avia-section av-kbax8y3e-56983d4cfc98a0c12f91d07156c33564 main_color avia-section-default avia-no-border-styling  avia-builder-el-0  el_before_av_section  avia-builder-el-first  section-fullwidthimage avia-full-stretch av-parallax-section avia-bg-style-parallax av-minimum-height av-minimum-height-50 av-height-50  container_wrap fullsize'  data-section-bg-repeat='stretch' data-av_minimum_height_pc='50' data-av_min_height_opt='50'><div class='av-parallax' data-avia-parallax-ratio='0.3' ><div class='av-parallax-inner main_color avia-full-stretch'><\/div><\/div><div class='container av-section-cont-open' ><main  role=\"main\" itemprop=\"mainContentOfPage\"  class='template-page content  av-content-full alpha units'><div class='post-entry post-entry-type-page post-entry-13930'><div class='entry-content-wrapper clearfix'>\n<\/div><\/div><\/main><!-- close content main element --><\/div><\/div><div id='av_section_2'  class='avia-section av-1n2h9-eef07d2470a934665895b572bc96122f main_color avia-section-default avia-no-border-styling  avia-builder-el-1  el_after_av_section  avia-builder-el-last  section-leadtext onecol avia-bg-style-scroll container_wrap fullsize'  ><div class='container av-section-cont-open' ><div class='template-page content  av-content-full alpha units'><div class='post-entry post-entry-type-page post-entry-13930'><div class='entry-content-wrapper clearfix'>\n<section  class='av_textblock_section av-kbawhdx8-9a55faeefcbf4e8706dea9c49b9010c2 '   itemscope=\"itemscope\" itemtype=\"https:\/\/schema.org\/CreativeWork\" ><div class='avia_textblock'  itemprop=\"text\" ><p style=\"text-align: center;\"><strong>SENTIERS POUR RAQUETTES No. 4<\/strong><\/p>\n<h3 style=\"text-align: center;\">SENTIER DES BISSES (COURT)<\/h3>\n<\/div><\/section>\n\n<style type=\"text\/css\" data-created_by=\"avia_inline_auto\" id=\"style-css-av-kefxaro8-48f93ef9db544de4ebd3be6d1d4c2d59\">\n#top .hr.hr-invisible.av-kefxaro8-48f93ef9db544de4ebd3be6d1d4c2d59{\nheight:25px;\n}\n<\/style>\n<div  class='hr av-kefxaro8-48f93ef9db544de4ebd3be6d1d4c2d59 hr-invisible  avia-builder-el-3  el_after_av_textblock  el_before_av_textblock '><span class='hr-inner '><span class=\"hr-inner-style\"><\/span><\/span><\/div>\n<section  class='av_textblock_section av-kb9j7yy8-a841f9424f5c95cb58456311f1f11ce0 '   itemscope=\"itemscope\" itemtype=\"https:\/\/schema.org\/CreativeWork\" ><div class='avia_textblock lead'  itemprop=\"text\" ><p>Ce sentier divertissant m\u00e8ne tout d\u2019abord de Brandalp \u00e0 une pente raide traversant la for\u00eat de Bawald. Apr\u00e8s une courte marche le long de l\u2019Alte Suon, le sentier redescend vers Brandalp. Il existe \u00e9galement une version plus longue de ce sentier (n<sup>o<\/sup>\u00a03).<\/p>\n<\/div><\/section>\n\n<style type=\"text\/css\" data-created_by=\"avia_inline_auto\" id=\"style-css-av-kefxaro8-2-cffb394009c9b3263a545b96883f7e64\">\n#top .hr.hr-invisible.av-kefxaro8-2-cffb394009c9b3263a545b96883f7e64{\nheight:25px;\n}\n<\/style>\n<div  class='hr av-kefxaro8-2-cffb394009c9b3263a545b96883f7e64 hr-invisible  avia-builder-el-5  el_after_av_textblock  el_before_av_textblock '><span class='hr-inner '><span class=\"hr-inner-style\"><\/span><\/span><\/div>\n<section  class='av_textblock_section av-kbawhdx8-3-1ba1b56b962c1a77240a9e161d22c61e '   itemscope=\"itemscope\" itemtype=\"https:\/\/schema.org\/CreativeWork\" ><div class='avia_textblock lead'  itemprop=\"text\" ><ul>\n<li style=\"text-align: left;\"><span data-contrast=\"auto\"><strong>Temps de marche:<\/strong> 1h 30<\/span><\/li>\n<li style=\"text-align: left;\"><span data-ccp-props=\"{\"><strong>Distance:<\/strong> 2.3 km (\u2191222 m \u2193222 m)<\/span><\/li>\n<li style=\"text-align: left;\"><span data-contrast=\"auto\"><strong>Itin\u00e9raire:<\/strong> Brandalp \u2013 Alte Suon<\/span><span data-contrast=\"auto\"> \u2013 Brandalp<\/span><\/li>\n<\/ul>\n<\/div><\/section>\n\n<style type=\"text\/css\" data-created_by=\"avia_inline_auto\" id=\"style-css-av-kefxaro8-1-40c29cad9d4c107def426a923c2e4f55\">\n#top .hr.hr-invisible.av-kefxaro8-1-40c29cad9d4c107def426a923c2e4f55{\nheight:25px;\n}\n<\/style>\n<div  class='hr av-kefxaro8-1-40c29cad9d4c107def426a923c2e4f55 hr-invisible  avia-builder-el-7  el_after_av_textblock  el_before_av_codeblock '><span class='hr-inner '><span class=\"hr-inner-style\"><\/span><\/span><\/div>\n\n\n","protected":false},"excerpt":{"rendered":"","protected":false},"author":8,"featured_media":0,"parent":13817,"menu_order":0,"comment_status":"closed","ping_status":"closed","template":"","meta":{"inline_featured_image":false,"footnotes":""},"class_list":["post-13930","page","type-page","status-publish","hentry"],"yoast_head":"<!-- This site is optimized with the Yoast SEO plugin v27.4 - https:\/\/yoast.com\/product\/yoast-seo-wordpress\/ -->\n<title>Sentier des bisses (court) - Unterb\u00e4ch<\/title>\n<meta name=\"description\" content=\"Ce sentier divertissant m\u00e8ne tout d\u2019abord de Brandalp \u00e0 une pente raide traversant la for\u00eat de Bawald. Apr\u00e8s une courte marche le long de l\u2019Alte Suon, le sentier redescend vers Brandalp. Il existe \u00e9galement une version plus longue de ce sentier (no 3).\" \/>\n<meta name=\"robots\" content=\"index, follow, max-snippet:-1, max-image-preview:large, max-video-preview:-1\" \/>\n<link rel=\"canonical\" href=\"https:\/\/unterbaech.ch\/fr\/decouvertes-et-experiences\/winter\/raquettes\/sentier-des-bisses-court\/\" \/>\n<meta property=\"og:locale\" content=\"fr_FR\" \/>\n<meta property=\"og:type\" content=\"article\" \/>\n<meta property=\"og:title\" content=\"Sentier des bisses (court) - Unterb\u00e4ch\" \/>\n<meta property=\"og:description\" content=\"Ce sentier divertissant m\u00e8ne tout d\u2019abord de Brandalp \u00e0 une pente raide traversant la for\u00eat de Bawald. Apr\u00e8s une courte marche le long de l\u2019Alte Suon, le sentier redescend vers Brandalp. Il existe \u00e9galement une version plus longue de ce sentier (no 3).\" \/>\n<meta property=\"og:url\" content=\"https:\/\/unterbaech.ch\/fr\/decouvertes-et-experiences\/winter\/raquettes\/sentier-des-bisses-court\/\" \/>\n<meta property=\"og:site_name\" content=\"Unterb\u00e4ch\" \/>\n<meta property=\"article:publisher\" content=\"https:\/\/www.facebook.com\/unterbaech\" \/>\n<meta property=\"article:modified_time\" content=\"2026-03-24T12:24:10+00:00\" \/>\n<meta name=\"twitter:card\" content=\"summary_large_image\" \/>\n<meta name=\"twitter:label1\" content=\"Dur\u00e9e de lecture estim\u00e9e\" \/>\n\t<meta name=\"twitter:data1\" content=\"1 minute\" \/>\n<script type=\"application\/ld+json\" class=\"yoast-schema-graph\">{\"@context\":\"https:\\\/\\\/schema.org\",\"@graph\":[{\"@type\":\"WebPage\",\"@id\":\"https:\\\/\\\/unterbaech.ch\\\/fr\\\/decouvertes-et-experiences\\\/winter\\\/raquettes\\\/sentier-des-bisses-court\\\/\",\"url\":\"https:\\\/\\\/unterbaech.ch\\\/fr\\\/decouvertes-et-experiences\\\/winter\\\/raquettes\\\/sentier-des-bisses-court\\\/\",\"name\":\"Sentier des bisses (court) - Unterb\u00e4ch\",\"isPartOf\":{\"@id\":\"https:\\\/\\\/unterbaech.ch\\\/fr\\\/#website\"},\"datePublished\":\"2021-10-05T16:10:53+00:00\",\"dateModified\":\"2026-03-24T12:24:10+00:00\",\"description\":\"Ce sentier divertissant m\u00e8ne tout d\u2019abord de Brandalp \u00e0 une pente raide traversant la for\u00eat de Bawald. Apr\u00e8s une courte marche le long de l\u2019Alte Suon, le sentier redescend vers Brandalp. Il existe \u00e9galement une version plus longue de ce sentier (no 3).\",\"breadcrumb\":{\"@id\":\"https:\\\/\\\/unterbaech.ch\\\/fr\\\/decouvertes-et-experiences\\\/winter\\\/raquettes\\\/sentier-des-bisses-court\\\/#breadcrumb\"},\"inLanguage\":\"fr-FR\",\"potentialAction\":[{\"@type\":\"ReadAction\",\"target\":[\"https:\\\/\\\/unterbaech.ch\\\/fr\\\/decouvertes-et-experiences\\\/winter\\\/raquettes\\\/sentier-des-bisses-court\\\/\"]}]},{\"@type\":\"BreadcrumbList\",\"@id\":\"https:\\\/\\\/unterbaech.ch\\\/fr\\\/decouvertes-et-experiences\\\/winter\\\/raquettes\\\/sentier-des-bisses-court\\\/#breadcrumb\",\"itemListElement\":[{\"@type\":\"ListItem\",\"position\":1,\"name\":\"Startseite\",\"item\":\"https:\\\/\\\/unterbaech.ch\\\/fr\\\/accueil\\\/\"},{\"@type\":\"ListItem\",\"position\":2,\"name\":\"D\u00e9couvertes et exp\u00e9riences\",\"item\":\"https:\\\/\\\/unterbaech.ch\\\/fr\\\/decouvertes-et-experiences\\\/\"},{\"@type\":\"ListItem\",\"position\":3,\"name\":\"L&#8217;hiver\",\"item\":\"https:\\\/\\\/unterbaech.ch\\\/fr\\\/unterbaech\\\/winter\\\/\"},{\"@type\":\"ListItem\",\"position\":4,\"name\":\"Raquettes\",\"item\":\"https:\\\/\\\/unterbaech.ch\\\/fr\\\/unterbaech\\\/winter\\\/schneeschuhlaufen\\\/\"},{\"@type\":\"ListItem\",\"position\":5,\"name\":\"Sentier des bisses (court)\"}]},{\"@type\":\"WebSite\",\"@id\":\"https:\\\/\\\/unterbaech.ch\\\/fr\\\/#website\",\"url\":\"https:\\\/\\\/unterbaech.ch\\\/fr\\\/\",\"name\":\"Unterb\u00e4ch\",\"description\":\"\",\"publisher\":{\"@id\":\"https:\\\/\\\/unterbaech.ch\\\/fr\\\/#organization\"},\"potentialAction\":[{\"@type\":\"SearchAction\",\"target\":{\"@type\":\"EntryPoint\",\"urlTemplate\":\"https:\\\/\\\/unterbaech.ch\\\/fr\\\/?s={search_term_string}\"},\"query-input\":{\"@type\":\"PropertyValueSpecification\",\"valueRequired\":true,\"valueName\":\"search_term_string\"}}],\"inLanguage\":\"fr-FR\"},{\"@type\":\"Organization\",\"@id\":\"https:\\\/\\\/unterbaech.ch\\\/fr\\\/#organization\",\"name\":\"Unterb\u00e4ch Tourismus\",\"url\":\"https:\\\/\\\/unterbaech.ch\\\/fr\\\/\",\"logo\":{\"@type\":\"ImageObject\",\"inLanguage\":\"fr-FR\",\"@id\":\"https:\\\/\\\/unterbaech.ch\\\/fr\\\/#\\\/schema\\\/logo\\\/image\\\/\",\"url\":\"https:\\\/\\\/unterbaech.ch\\\/wp-content\\\/uploads\\\/Logo-1.png\",\"contentUrl\":\"https:\\\/\\\/unterbaech.ch\\\/wp-content\\\/uploads\\\/Logo-1.png\",\"width\":1125,\"height\":1102,\"caption\":\"Unterb\u00e4ch Tourismus\"},\"image\":{\"@id\":\"https:\\\/\\\/unterbaech.ch\\\/fr\\\/#\\\/schema\\\/logo\\\/image\\\/\"},\"sameAs\":[\"https:\\\/\\\/www.facebook.com\\\/unterbaech\",\"https:\\\/\\\/www.instagram.com\\\/visit.unterbaech\\\/\",\"https:\\\/\\\/de.wikipedia.org\\\/wiki\\\/Unterb\u00e4ch\"]}]}<\/script>\n<!-- \/ Yoast SEO plugin. -->","yoast_head_json":{"title":"Sentier des bisses (court) - Unterb\u00e4ch","description":"Ce sentier divertissant m\u00e8ne tout d\u2019abord de Brandalp \u00e0 une pente raide traversant la for\u00eat de Bawald. Apr\u00e8s une courte marche le long de l\u2019Alte Suon, le sentier redescend vers Brandalp. Il existe \u00e9galement une version plus longue de ce sentier (no 3).","robots":{"index":"index","follow":"follow","max-snippet":"max-snippet:-1","max-image-preview":"max-image-preview:large","max-video-preview":"max-video-preview:-1"},"canonical":"https:\/\/unterbaech.ch\/fr\/decouvertes-et-experiences\/winter\/raquettes\/sentier-des-bisses-court\/","og_locale":"fr_FR","og_type":"article","og_title":"Sentier des bisses (court) - Unterb\u00e4ch","og_description":"Ce sentier divertissant m\u00e8ne tout d\u2019abord de Brandalp \u00e0 une pente raide traversant la for\u00eat de Bawald. Apr\u00e8s une courte marche le long de l\u2019Alte Suon, le sentier redescend vers Brandalp. Il existe \u00e9galement une version plus longue de ce sentier (no 3).","og_url":"https:\/\/unterbaech.ch\/fr\/decouvertes-et-experiences\/winter\/raquettes\/sentier-des-bisses-court\/","og_site_name":"Unterb\u00e4ch","article_publisher":"https:\/\/www.facebook.com\/unterbaech","article_modified_time":"2026-03-24T12:24:10+00:00","twitter_card":"summary_large_image","twitter_misc":{"Dur\u00e9e de lecture estim\u00e9e":"1 minute"},"schema":{"@context":"https:\/\/schema.org","@graph":[{"@type":"WebPage","@id":"https:\/\/unterbaech.ch\/fr\/decouvertes-et-experiences\/winter\/raquettes\/sentier-des-bisses-court\/","url":"https:\/\/unterbaech.ch\/fr\/decouvertes-et-experiences\/winter\/raquettes\/sentier-des-bisses-court\/","name":"Sentier des bisses (court) - Unterb\u00e4ch","isPartOf":{"@id":"https:\/\/unterbaech.ch\/fr\/#website"},"datePublished":"2021-10-05T16:10:53+00:00","dateModified":"2026-03-24T12:24:10+00:00","description":"Ce sentier divertissant m\u00e8ne tout d\u2019abord de Brandalp \u00e0 une pente raide traversant la for\u00eat de Bawald. Apr\u00e8s une courte marche le long de l\u2019Alte Suon, le sentier redescend vers Brandalp. Il existe \u00e9galement une version plus longue de ce sentier (no 3).","breadcrumb":{"@id":"https:\/\/unterbaech.ch\/fr\/decouvertes-et-experiences\/winter\/raquettes\/sentier-des-bisses-court\/#breadcrumb"},"inLanguage":"fr-FR","potentialAction":[{"@type":"ReadAction","target":["https:\/\/unterbaech.ch\/fr\/decouvertes-et-experiences\/winter\/raquettes\/sentier-des-bisses-court\/"]}]},{"@type":"BreadcrumbList","@id":"https:\/\/unterbaech.ch\/fr\/decouvertes-et-experiences\/winter\/raquettes\/sentier-des-bisses-court\/#breadcrumb","itemListElement":[{"@type":"ListItem","position":1,"name":"Startseite","item":"https:\/\/unterbaech.ch\/fr\/accueil\/"},{"@type":"ListItem","position":2,"name":"D\u00e9couvertes et exp\u00e9riences","item":"https:\/\/unterbaech.ch\/fr\/decouvertes-et-experiences\/"},{"@type":"ListItem","position":3,"name":"L&#8217;hiver","item":"https:\/\/unterbaech.ch\/fr\/unterbaech\/winter\/"},{"@type":"ListItem","position":4,"name":"Raquettes","item":"https:\/\/unterbaech.ch\/fr\/unterbaech\/winter\/schneeschuhlaufen\/"},{"@type":"ListItem","position":5,"name":"Sentier des bisses (court)"}]},{"@type":"WebSite","@id":"https:\/\/unterbaech.ch\/fr\/#website","url":"https:\/\/unterbaech.ch\/fr\/","name":"Unterb\u00e4ch","description":"","publisher":{"@id":"https:\/\/unterbaech.ch\/fr\/#organization"},"potentialAction":[{"@type":"SearchAction","target":{"@type":"EntryPoint","urlTemplate":"https:\/\/unterbaech.ch\/fr\/?s={search_term_string}"},"query-input":{"@type":"PropertyValueSpecification","valueRequired":true,"valueName":"search_term_string"}}],"inLanguage":"fr-FR"},{"@type":"Organization","@id":"https:\/\/unterbaech.ch\/fr\/#organization","name":"Unterb\u00e4ch Tourismus","url":"https:\/\/unterbaech.ch\/fr\/","logo":{"@type":"ImageObject","inLanguage":"fr-FR","@id":"https:\/\/unterbaech.ch\/fr\/#\/schema\/logo\/image\/","url":"https:\/\/unterbaech.ch\/wp-content\/uploads\/Logo-1.png","contentUrl":"https:\/\/unterbaech.ch\/wp-content\/uploads\/Logo-1.png","width":1125,"height":1102,"caption":"Unterb\u00e4ch Tourismus"},"image":{"@id":"https:\/\/unterbaech.ch\/fr\/#\/schema\/logo\/image\/"},"sameAs":["https:\/\/www.facebook.com\/unterbaech","https:\/\/www.instagram.com\/visit.unterbaech\/","https:\/\/de.wikipedia.org\/wiki\/Unterb\u00e4ch"]}]}},"_links":{"self":[{"href":"https:\/\/unterbaech.ch\/fr\/wp-json\/wp\/v2\/pages\/13930","targetHints":{"allow":["GET"]}}],"collection":[{"href":"https:\/\/unterbaech.ch\/fr\/wp-json\/wp\/v2\/pages"}],"about":[{"href":"https:\/\/unterbaech.ch\/fr\/wp-json\/wp\/v2\/types\/page"}],"author":[{"embeddable":true,"href":"https:\/\/unterbaech.ch\/fr\/wp-json\/wp\/v2\/users\/8"}],"replies":[{"embeddable":true,"href":"https:\/\/unterbaech.ch\/fr\/wp-json\/wp\/v2\/comments?post=13930"}],"version-history":[{"count":5,"href":"https:\/\/unterbaech.ch\/fr\/wp-json\/wp\/v2\/pages\/13930\/revisions"}],"predecessor-version":[{"id":29599,"href":"https:\/\/unterbaech.ch\/fr\/wp-json\/wp\/v2\/pages\/13930\/revisions\/29599"}],"up":[{"embeddable":true,"href":"https:\/\/unterbaech.ch\/fr\/wp-json\/wp\/v2\/pages\/13817"}],"wp:attachment":[{"href":"https:\/\/unterbaech.ch\/fr\/wp-json\/wp\/v2\/media?parent=13930"}],"curies":[{"name":"wp","href":"https:\/\/api.w.org\/{rel}","templated":true}]}}