{"id":13936,"date":"2021-10-05T18:14:39","date_gmt":"2021-10-05T16:14:39","guid":{"rendered":"https:\/\/unterbaech.ch\/raquettes\/riti-trail\/"},"modified":"2026-03-24T13:58:37","modified_gmt":"2026-03-24T12:58:37","slug":"riti-trail","status":"publish","type":"page","link":"https:\/\/unterbaech.ch\/fr\/decouvertes-et-experiences\/winter\/raquettes\/riti-trail\/","title":{"rendered":"Riti-Trail"},"content":{"rendered":"\n<style type=\"text\/css\" data-created_by=\"avia_inline_auto\" id=\"style-css-av-kbax8y3e-2669de27f2e0a92968e89610b785a958\">\n.avia-section.av-kbax8y3e-2669de27f2e0a92968e89610b785a958 .av-parallax .av-parallax-inner{\nbackground-repeat:no-repeat;\nbackground-image:url(https:\/\/unterbaech.ch\/wp-content\/uploads\/Schneeschuhlaufen2011_22-scaled.jpg);\nbackground-position:50% 100%;\nbackground-attachment:scroll;\n}\n<\/style>\n<div id='av_section_1'  class='avia-section av-kbax8y3e-2669de27f2e0a92968e89610b785a958 main_color avia-section-default avia-no-border-styling  avia-builder-el-0  el_before_av_section  avia-builder-el-first  section-fullwidthimage avia-full-stretch av-parallax-section avia-bg-style-parallax av-minimum-height av-minimum-height-50 av-height-50  container_wrap fullsize'  data-section-bg-repeat='stretch' data-av_minimum_height_pc='50' data-av_min_height_opt='50'><div class='av-parallax' data-avia-parallax-ratio='0.3' ><div class='av-parallax-inner main_color avia-full-stretch'><\/div><\/div><div class='container av-section-cont-open' ><main  role=\"main\" itemprop=\"mainContentOfPage\"  class='template-page content  av-content-full alpha units'><div class='post-entry post-entry-type-page post-entry-13936'><div class='entry-content-wrapper clearfix'>\n<\/div><\/div><\/main><!-- close content main element --><\/div><\/div><div id='av_section_2'  class='avia-section av-1n2h9-eef07d2470a934665895b572bc96122f main_color avia-section-default avia-no-border-styling  avia-builder-el-1  el_after_av_section  avia-builder-el-last  section-leadtext onecol avia-bg-style-scroll container_wrap fullsize'  ><div class='container av-section-cont-open' ><div class='template-page content  av-content-full alpha units'><div class='post-entry post-entry-type-page post-entry-13936'><div class='entry-content-wrapper clearfix'>\n<section  class='av_textblock_section av-kbawhdx8-9a55faeefcbf4e8706dea9c49b9010c2 '   itemscope=\"itemscope\" itemtype=\"https:\/\/schema.org\/CreativeWork\" ><div class='avia_textblock'  itemprop=\"text\" ><p style=\"text-align: center;\"><strong>SENTIERS POUR RAQUETTES No. 7<br \/>\n<\/strong><\/p>\n<h3 style=\"text-align: center;\">RITI-TRAIL<\/h3>\n<\/div><\/section>\n\n<style type=\"text\/css\" data-created_by=\"avia_inline_auto\" id=\"style-css-av-kbax4bbr-27f78f1f5574462b1f9eaf8ccb6701aa\">\n#top .hr.hr-invisible.av-kbax4bbr-27f78f1f5574462b1f9eaf8ccb6701aa{\nheight:25px;\n}\n<\/style>\n<div  class='hr av-kbax4bbr-27f78f1f5574462b1f9eaf8ccb6701aa hr-invisible  avia-builder-el-3  el_after_av_textblock  el_before_av_textblock '><span class='hr-inner '><span class=\"hr-inner-style\"><\/span><\/span><\/div>\n<section  class='av_textblock_section av-kb9j7yy8-a841f9424f5c95cb58456311f1f11ce0 '   itemscope=\"itemscope\" itemtype=\"https:\/\/schema.org\/CreativeWork\" ><div class='avia_textblock lead'  itemprop=\"text\" ><p>Le t\u00e9l\u00e9si\u00e8ge Unterb\u00e4ch-Brandalp vous emm\u00e8ne rapidement et confortablement au d\u00e9part de la piste Riti. Apr\u00e8s un court passage dans la Chaletzone Brandalp, le sentier grimpe jusqu&rsquo;au Meiggersuon. De l\u00e0, la piste m\u00e8ne \u00e0 plat jusqu&rsquo;\u00e0 la zone de Riti. Une fois sur place, vous avez d\u00e9j\u00e0 atteint la moiti\u00e9 du chemin. Le sentier continue \u00e0 descendre sur le Panorama Trail pour revenir \u00e0 Brandalp.<\/p>\n<\/div><\/section>\n\n<style type=\"text\/css\" data-created_by=\"avia_inline_auto\" id=\"style-css-av-kbax4bbr-1-5a8ac6f69941ae208175a263e4cae52b\">\n#top .hr.hr-invisible.av-kbax4bbr-1-5a8ac6f69941ae208175a263e4cae52b{\nheight:25px;\n}\n<\/style>\n<div  class='hr av-kbax4bbr-1-5a8ac6f69941ae208175a263e4cae52b hr-invisible  avia-builder-el-5  el_after_av_textblock  el_before_av_textblock '><span class='hr-inner '><span class=\"hr-inner-style\"><\/span><\/span><\/div>\n<section  class='av_textblock_section av-kbawhdx8-2-10cf2510a2901ad423aefa7241747bfd '   itemscope=\"itemscope\" itemtype=\"https:\/\/schema.org\/CreativeWork\" ><div class='avia_textblock lead'  itemprop=\"text\" ><h5 style=\"text-align: left;\"><strong>DETAILS DU TOUR:<br \/>\n<\/strong><\/h5>\n<ul>\n<li style=\"text-align: left;\"><span data-contrast=\"auto\"><strong>Temps de marche:<\/strong> 0h 38 <\/span><span data-contrast=\"auto\">(\u2191106 m \u2193106 m)<\/span><\/li>\n<li style=\"text-align: left;\"><span data-contrast=\"auto\"><strong>Distance:<\/strong> Brandalp \u2013 Meigger Suon <\/span><span data-contrast=\"auto\">\u2013 Riti \u2013 Brandalp<\/span><\/li>\n<\/ul>\n<\/div><\/section>\n\n\n","protected":false},"excerpt":{"rendered":"","protected":false},"author":8,"featured_media":0,"parent":13817,"menu_order":0,"comment_status":"closed","ping_status":"closed","template":"","meta":{"inline_featured_image":false,"footnotes":""},"class_list":["post-13936","page","type-page","status-publish","hentry"],"yoast_head":"<!-- This site is optimized with the Yoast SEO plugin v27.3 - https:\/\/yoast.com\/product\/yoast-seo-wordpress\/ -->\n<title>Riti-Trail - Unterb\u00e4ch<\/title>\n<meta name=\"description\" content=\"Le t\u00e9l\u00e9si\u00e8ge Unterb\u00e4ch-Brandalp vous emm\u00e8ne rapidement et confortablement au d\u00e9part de la piste Riti. Apr\u00e8s un court passage dans la Chaletzone Brandalp, le sentier grimpe jusqu&#039;au Meiggersuon. De l\u00e0, la piste m\u00e8ne \u00e0 plat jusqu&#039;\u00e0 la zone de Riti. Une fois sur place, vous avez d\u00e9j\u00e0 atteint la moiti\u00e9 du chemin. Le sentier continue \u00e0 descendre sur le Panorama Trail pour revenir \u00e0 Brandalp.\" \/>\n<meta name=\"robots\" content=\"index, follow, max-snippet:-1, max-image-preview:large, max-video-preview:-1\" \/>\n<link rel=\"canonical\" href=\"https:\/\/unterbaech.ch\/fr\/decouvertes-et-experiences\/winter\/raquettes\/riti-trail\/\" \/>\n<meta property=\"og:locale\" content=\"fr_FR\" \/>\n<meta property=\"og:type\" content=\"article\" \/>\n<meta property=\"og:title\" content=\"Riti-Trail - Unterb\u00e4ch\" \/>\n<meta property=\"og:description\" content=\"Le t\u00e9l\u00e9si\u00e8ge Unterb\u00e4ch-Brandalp vous emm\u00e8ne rapidement et confortablement au d\u00e9part de la piste Riti. Apr\u00e8s un court passage dans la Chaletzone Brandalp, le sentier grimpe jusqu&#039;au Meiggersuon. De l\u00e0, la piste m\u00e8ne \u00e0 plat jusqu&#039;\u00e0 la zone de Riti. Une fois sur place, vous avez d\u00e9j\u00e0 atteint la moiti\u00e9 du chemin. Le sentier continue \u00e0 descendre sur le Panorama Trail pour revenir \u00e0 Brandalp.\" \/>\n<meta property=\"og:url\" content=\"https:\/\/unterbaech.ch\/fr\/decouvertes-et-experiences\/winter\/raquettes\/riti-trail\/\" \/>\n<meta property=\"og:site_name\" content=\"Unterb\u00e4ch\" \/>\n<meta property=\"article:publisher\" content=\"https:\/\/www.facebook.com\/unterbaech\" \/>\n<meta property=\"article:modified_time\" content=\"2026-03-24T12:58:37+00:00\" \/>\n<meta name=\"twitter:card\" content=\"summary_large_image\" \/>\n<meta name=\"twitter:label1\" content=\"Dur\u00e9e de lecture estim\u00e9e\" \/>\n\t<meta name=\"twitter:data1\" content=\"1 minute\" \/>\n<script type=\"application\/ld+json\" class=\"yoast-schema-graph\">{\"@context\":\"https:\\\/\\\/schema.org\",\"@graph\":[{\"@type\":\"WebPage\",\"@id\":\"https:\\\/\\\/unterbaech.ch\\\/fr\\\/decouvertes-et-experiences\\\/winter\\\/raquettes\\\/riti-trail\\\/\",\"url\":\"https:\\\/\\\/unterbaech.ch\\\/fr\\\/decouvertes-et-experiences\\\/winter\\\/raquettes\\\/riti-trail\\\/\",\"name\":\"Riti-Trail - Unterb\u00e4ch\",\"isPartOf\":{\"@id\":\"https:\\\/\\\/unterbaech.ch\\\/fr\\\/#website\"},\"datePublished\":\"2021-10-05T16:14:39+00:00\",\"dateModified\":\"2026-03-24T12:58:37+00:00\",\"description\":\"Le t\u00e9l\u00e9si\u00e8ge Unterb\u00e4ch-Brandalp vous emm\u00e8ne rapidement et confortablement au d\u00e9part de la piste Riti. Apr\u00e8s un court passage dans la Chaletzone Brandalp, le sentier grimpe jusqu'au Meiggersuon. De l\u00e0, la piste m\u00e8ne \u00e0 plat jusqu'\u00e0 la zone de Riti. Une fois sur place, vous avez d\u00e9j\u00e0 atteint la moiti\u00e9 du chemin. Le sentier continue \u00e0 descendre sur le Panorama Trail pour revenir \u00e0 Brandalp.\",\"breadcrumb\":{\"@id\":\"https:\\\/\\\/unterbaech.ch\\\/fr\\\/decouvertes-et-experiences\\\/winter\\\/raquettes\\\/riti-trail\\\/#breadcrumb\"},\"inLanguage\":\"fr-FR\",\"potentialAction\":[{\"@type\":\"ReadAction\",\"target\":[\"https:\\\/\\\/unterbaech.ch\\\/fr\\\/decouvertes-et-experiences\\\/winter\\\/raquettes\\\/riti-trail\\\/\"]}]},{\"@type\":\"BreadcrumbList\",\"@id\":\"https:\\\/\\\/unterbaech.ch\\\/fr\\\/decouvertes-et-experiences\\\/winter\\\/raquettes\\\/riti-trail\\\/#breadcrumb\",\"itemListElement\":[{\"@type\":\"ListItem\",\"position\":1,\"name\":\"Startseite\",\"item\":\"https:\\\/\\\/unterbaech.ch\\\/fr\\\/accueil\\\/\"},{\"@type\":\"ListItem\",\"position\":2,\"name\":\"D\u00e9couvertes et exp\u00e9riences\",\"item\":\"https:\\\/\\\/unterbaech.ch\\\/fr\\\/decouvertes-et-experiences\\\/\"},{\"@type\":\"ListItem\",\"position\":3,\"name\":\"L&#8217;hiver\",\"item\":\"https:\\\/\\\/unterbaech.ch\\\/fr\\\/unterbaech\\\/winter\\\/\"},{\"@type\":\"ListItem\",\"position\":4,\"name\":\"Raquettes\",\"item\":\"https:\\\/\\\/unterbaech.ch\\\/fr\\\/unterbaech\\\/winter\\\/schneeschuhlaufen\\\/\"},{\"@type\":\"ListItem\",\"position\":5,\"name\":\"Riti-Trail\"}]},{\"@type\":\"WebSite\",\"@id\":\"https:\\\/\\\/unterbaech.ch\\\/fr\\\/#website\",\"url\":\"https:\\\/\\\/unterbaech.ch\\\/fr\\\/\",\"name\":\"Unterb\u00e4ch\",\"description\":\"\",\"publisher\":{\"@id\":\"https:\\\/\\\/unterbaech.ch\\\/fr\\\/#organization\"},\"potentialAction\":[{\"@type\":\"SearchAction\",\"target\":{\"@type\":\"EntryPoint\",\"urlTemplate\":\"https:\\\/\\\/unterbaech.ch\\\/fr\\\/?s={search_term_string}\"},\"query-input\":{\"@type\":\"PropertyValueSpecification\",\"valueRequired\":true,\"valueName\":\"search_term_string\"}}],\"inLanguage\":\"fr-FR\"},{\"@type\":\"Organization\",\"@id\":\"https:\\\/\\\/unterbaech.ch\\\/fr\\\/#organization\",\"name\":\"Unterb\u00e4ch Tourismus\",\"url\":\"https:\\\/\\\/unterbaech.ch\\\/fr\\\/\",\"logo\":{\"@type\":\"ImageObject\",\"inLanguage\":\"fr-FR\",\"@id\":\"https:\\\/\\\/unterbaech.ch\\\/fr\\\/#\\\/schema\\\/logo\\\/image\\\/\",\"url\":\"https:\\\/\\\/unterbaech.ch\\\/wp-content\\\/uploads\\\/Logo-1.png\",\"contentUrl\":\"https:\\\/\\\/unterbaech.ch\\\/wp-content\\\/uploads\\\/Logo-1.png\",\"width\":1125,\"height\":1102,\"caption\":\"Unterb\u00e4ch Tourismus\"},\"image\":{\"@id\":\"https:\\\/\\\/unterbaech.ch\\\/fr\\\/#\\\/schema\\\/logo\\\/image\\\/\"},\"sameAs\":[\"https:\\\/\\\/www.facebook.com\\\/unterbaech\",\"https:\\\/\\\/www.instagram.com\\\/visit.unterbaech\\\/\",\"https:\\\/\\\/de.wikipedia.org\\\/wiki\\\/Unterb\u00e4ch\"]}]}<\/script>\n<!-- \/ Yoast SEO plugin. -->","yoast_head_json":{"title":"Riti-Trail - Unterb\u00e4ch","description":"Le t\u00e9l\u00e9si\u00e8ge Unterb\u00e4ch-Brandalp vous emm\u00e8ne rapidement et confortablement au d\u00e9part de la piste Riti. Apr\u00e8s un court passage dans la Chaletzone Brandalp, le sentier grimpe jusqu'au Meiggersuon. De l\u00e0, la piste m\u00e8ne \u00e0 plat jusqu'\u00e0 la zone de Riti. Une fois sur place, vous avez d\u00e9j\u00e0 atteint la moiti\u00e9 du chemin. Le sentier continue \u00e0 descendre sur le Panorama Trail pour revenir \u00e0 Brandalp.","robots":{"index":"index","follow":"follow","max-snippet":"max-snippet:-1","max-image-preview":"max-image-preview:large","max-video-preview":"max-video-preview:-1"},"canonical":"https:\/\/unterbaech.ch\/fr\/decouvertes-et-experiences\/winter\/raquettes\/riti-trail\/","og_locale":"fr_FR","og_type":"article","og_title":"Riti-Trail - Unterb\u00e4ch","og_description":"Le t\u00e9l\u00e9si\u00e8ge Unterb\u00e4ch-Brandalp vous emm\u00e8ne rapidement et confortablement au d\u00e9part de la piste Riti. Apr\u00e8s un court passage dans la Chaletzone Brandalp, le sentier grimpe jusqu'au Meiggersuon. De l\u00e0, la piste m\u00e8ne \u00e0 plat jusqu'\u00e0 la zone de Riti. Une fois sur place, vous avez d\u00e9j\u00e0 atteint la moiti\u00e9 du chemin. Le sentier continue \u00e0 descendre sur le Panorama Trail pour revenir \u00e0 Brandalp.","og_url":"https:\/\/unterbaech.ch\/fr\/decouvertes-et-experiences\/winter\/raquettes\/riti-trail\/","og_site_name":"Unterb\u00e4ch","article_publisher":"https:\/\/www.facebook.com\/unterbaech","article_modified_time":"2026-03-24T12:58:37+00:00","twitter_card":"summary_large_image","twitter_misc":{"Dur\u00e9e de lecture estim\u00e9e":"1 minute"},"schema":{"@context":"https:\/\/schema.org","@graph":[{"@type":"WebPage","@id":"https:\/\/unterbaech.ch\/fr\/decouvertes-et-experiences\/winter\/raquettes\/riti-trail\/","url":"https:\/\/unterbaech.ch\/fr\/decouvertes-et-experiences\/winter\/raquettes\/riti-trail\/","name":"Riti-Trail - Unterb\u00e4ch","isPartOf":{"@id":"https:\/\/unterbaech.ch\/fr\/#website"},"datePublished":"2021-10-05T16:14:39+00:00","dateModified":"2026-03-24T12:58:37+00:00","description":"Le t\u00e9l\u00e9si\u00e8ge Unterb\u00e4ch-Brandalp vous emm\u00e8ne rapidement et confortablement au d\u00e9part de la piste Riti. Apr\u00e8s un court passage dans la Chaletzone Brandalp, le sentier grimpe jusqu'au Meiggersuon. De l\u00e0, la piste m\u00e8ne \u00e0 plat jusqu'\u00e0 la zone de Riti. Une fois sur place, vous avez d\u00e9j\u00e0 atteint la moiti\u00e9 du chemin. Le sentier continue \u00e0 descendre sur le Panorama Trail pour revenir \u00e0 Brandalp.","breadcrumb":{"@id":"https:\/\/unterbaech.ch\/fr\/decouvertes-et-experiences\/winter\/raquettes\/riti-trail\/#breadcrumb"},"inLanguage":"fr-FR","potentialAction":[{"@type":"ReadAction","target":["https:\/\/unterbaech.ch\/fr\/decouvertes-et-experiences\/winter\/raquettes\/riti-trail\/"]}]},{"@type":"BreadcrumbList","@id":"https:\/\/unterbaech.ch\/fr\/decouvertes-et-experiences\/winter\/raquettes\/riti-trail\/#breadcrumb","itemListElement":[{"@type":"ListItem","position":1,"name":"Startseite","item":"https:\/\/unterbaech.ch\/fr\/accueil\/"},{"@type":"ListItem","position":2,"name":"D\u00e9couvertes et exp\u00e9riences","item":"https:\/\/unterbaech.ch\/fr\/decouvertes-et-experiences\/"},{"@type":"ListItem","position":3,"name":"L&#8217;hiver","item":"https:\/\/unterbaech.ch\/fr\/unterbaech\/winter\/"},{"@type":"ListItem","position":4,"name":"Raquettes","item":"https:\/\/unterbaech.ch\/fr\/unterbaech\/winter\/schneeschuhlaufen\/"},{"@type":"ListItem","position":5,"name":"Riti-Trail"}]},{"@type":"WebSite","@id":"https:\/\/unterbaech.ch\/fr\/#website","url":"https:\/\/unterbaech.ch\/fr\/","name":"Unterb\u00e4ch","description":"","publisher":{"@id":"https:\/\/unterbaech.ch\/fr\/#organization"},"potentialAction":[{"@type":"SearchAction","target":{"@type":"EntryPoint","urlTemplate":"https:\/\/unterbaech.ch\/fr\/?s={search_term_string}"},"query-input":{"@type":"PropertyValueSpecification","valueRequired":true,"valueName":"search_term_string"}}],"inLanguage":"fr-FR"},{"@type":"Organization","@id":"https:\/\/unterbaech.ch\/fr\/#organization","name":"Unterb\u00e4ch Tourismus","url":"https:\/\/unterbaech.ch\/fr\/","logo":{"@type":"ImageObject","inLanguage":"fr-FR","@id":"https:\/\/unterbaech.ch\/fr\/#\/schema\/logo\/image\/","url":"https:\/\/unterbaech.ch\/wp-content\/uploads\/Logo-1.png","contentUrl":"https:\/\/unterbaech.ch\/wp-content\/uploads\/Logo-1.png","width":1125,"height":1102,"caption":"Unterb\u00e4ch Tourismus"},"image":{"@id":"https:\/\/unterbaech.ch\/fr\/#\/schema\/logo\/image\/"},"sameAs":["https:\/\/www.facebook.com\/unterbaech","https:\/\/www.instagram.com\/visit.unterbaech\/","https:\/\/de.wikipedia.org\/wiki\/Unterb\u00e4ch"]}]}},"_links":{"self":[{"href":"https:\/\/unterbaech.ch\/fr\/wp-json\/wp\/v2\/pages\/13936","targetHints":{"allow":["GET"]}}],"collection":[{"href":"https:\/\/unterbaech.ch\/fr\/wp-json\/wp\/v2\/pages"}],"about":[{"href":"https:\/\/unterbaech.ch\/fr\/wp-json\/wp\/v2\/types\/page"}],"author":[{"embeddable":true,"href":"https:\/\/unterbaech.ch\/fr\/wp-json\/wp\/v2\/users\/8"}],"replies":[{"embeddable":true,"href":"https:\/\/unterbaech.ch\/fr\/wp-json\/wp\/v2\/comments?post=13936"}],"version-history":[{"count":5,"href":"https:\/\/unterbaech.ch\/fr\/wp-json\/wp\/v2\/pages\/13936\/revisions"}],"predecessor-version":[{"id":29630,"href":"https:\/\/unterbaech.ch\/fr\/wp-json\/wp\/v2\/pages\/13936\/revisions\/29630"}],"up":[{"embeddable":true,"href":"https:\/\/unterbaech.ch\/fr\/wp-json\/wp\/v2\/pages\/13817"}],"wp:attachment":[{"href":"https:\/\/unterbaech.ch\/fr\/wp-json\/wp\/v2\/media?parent=13936"}],"curies":[{"name":"wp","href":"https:\/\/api.w.org\/{rel}","templated":true}]}}