{"id":13939,"date":"2021-10-05T18:19:21","date_gmt":"2021-10-05T16:19:21","guid":{"rendered":"https:\/\/unterbaech.ch\/raquettes\/le-sentier-citation\/"},"modified":"2026-03-24T14:06:28","modified_gmt":"2026-03-24T13:06:28","slug":"le-sentier-citation","status":"publish","type":"page","link":"https:\/\/unterbaech.ch\/fr\/decouvertes-et-experiences\/winter\/raquettes\/le-sentier-citation\/","title":{"rendered":"Le sentier citation"},"content":{"rendered":"\n<style type=\"text\/css\" data-created_by=\"avia_inline_auto\" id=\"style-css-av-kbax8y3e-49aa006c200d4da5a2083c38b377cc43\">\n.avia-section.av-kbax8y3e-49aa006c200d4da5a2083c38b377cc43 .av-parallax .av-parallax-inner{\nbackground-repeat:no-repeat;\nbackground-image:url(https:\/\/unterbaech.ch\/wp-content\/uploads\/Frauen-Zitatenweg-Schild-scaled.jpg);\nbackground-position:50% 50%;\nbackground-attachment:scroll;\n}\n<\/style>\n<div id='av_section_1'  class='avia-section av-kbax8y3e-49aa006c200d4da5a2083c38b377cc43 main_color avia-section-default avia-no-border-styling  avia-builder-el-0  el_before_av_section  avia-builder-el-first  section-fullwidthimage avia-full-stretch av-parallax-section avia-bg-style-parallax av-minimum-height av-minimum-height-50 av-height-50  container_wrap fullsize'  data-section-bg-repeat='stretch' data-av_minimum_height_pc='50' data-av_min_height_opt='50'><div class='av-parallax' data-avia-parallax-ratio='0.3' ><div class='av-parallax-inner main_color avia-full-stretch'><\/div><\/div><div class='container av-section-cont-open' ><main  role=\"main\" itemprop=\"mainContentOfPage\"  class='template-page content  av-content-full alpha units'><div class='post-entry post-entry-type-page post-entry-13939'><div class='entry-content-wrapper clearfix'>\n<\/div><\/div><\/main><!-- close content main element --><\/div><\/div><div id='av_section_2'  class='avia-section av-1n2h9-eef07d2470a934665895b572bc96122f main_color avia-section-default avia-no-border-styling  avia-builder-el-1  el_after_av_section  avia-builder-el-last  section-leadtext onecol avia-bg-style-scroll container_wrap fullsize'  ><div class='container av-section-cont-open' ><div class='template-page content  av-content-full alpha units'><div class='post-entry post-entry-type-page post-entry-13939'><div class='entry-content-wrapper clearfix'>\n<section  class='av_textblock_section av-kbawhdx8-d06beca92eb518f06cbc493fe9f758bf '   itemscope=\"itemscope\" itemtype=\"https:\/\/schema.org\/CreativeWork\" ><div class='avia_textblock'  itemprop=\"text\" ><p style=\"text-align: center;\"><strong>SCHNEESCHUHTRAIL Nr. 2<br \/>\n<\/strong><\/p>\n<h3 style=\"text-align: center;\">FRAUEN-ZITATEN-TRAIL<\/h3>\n<\/div><\/section>\n\n<style type=\"text\/css\" data-created_by=\"avia_inline_auto\" id=\"style-css-av-3h3hps-b59ca4545b8b9762b1f8c8ebaf2823ef\">\n#top .hr.hr-invisible.av-3h3hps-b59ca4545b8b9762b1f8c8ebaf2823ef{\nheight:25px;\n}\n<\/style>\n<div  class='hr av-3h3hps-b59ca4545b8b9762b1f8c8ebaf2823ef hr-invisible  avia-builder-el-3  el_after_av_textblock  el_before_av_textblock '><span class='hr-inner '><span class=\"hr-inner-style\"><\/span><\/span><\/div>\n<section  class='av_textblock_section av-kb9j7yy8-cb52267f29ec33a0cbd1cb12b1aeb1b9 '   itemscope=\"itemscope\" itemtype=\"https:\/\/schema.org\/CreativeWork\" ><div class='avia_textblock lead'  itemprop=\"text\" ><p>Le sentier citation \u00e0 Unterb\u00e4ch est particuli\u00e8rement adapt\u00e9 pour une merveilleuse journ\u00e9e en raquettes. Vous commencez dans le village \u00e0 la station de vall\u00e9e des remont\u00e9es m\u00e9caniques sportives d&rsquo;Unterb\u00e4ch. Le sentier passe sous le t\u00e9l\u00e9si\u00e8ge, juste en dessous du bar apr\u00e8s-ski de Wolfsh\u00f6hle, puis monte sur la Brandalpstrasse. Le sentier continue sur la droite \u00e0 travers quelques chalets en direction de Fromatta. Une fois dans le hameau de Fromatta, tournez \u00e0 gauche vers Obscha. De l\u00e0, vous vous trouvez sur le c\u00e9l\u00e8bre sentier des citations de femmes, qui se termine \u00e0 Brandalp. Si l&rsquo;on inclut les citations situ\u00e9es devant le Burgerstube au centre du village, il y a au total 15 panneaux avec des citations de femmes c\u00e9l\u00e8bres telles que M\u00e8re Teresa, Indira Gandhi ou Simone de Beauvoir. Les mots sont destin\u00e9s \u00e0 inviter \u00e0 la r\u00e9flexion tout en marchant. En outre, le parcours vise \u00e0 rappeler que les femmes d&rsquo;Unterb\u00e4ch, le \u00ab\u00a0R\u00fctli des Suissesses\u00a0\u00bb, ont \u00e9t\u00e9 autoris\u00e9es \u00e0 voter 14 ans avant d&rsquo;avoir le droit de vote officiel. Lorsque vous arriverez \u00e0 Brandalp, nous vous recommandons de vous rendre \u00e0 l&rsquo;agr\u00e9able h\u00f4tel-restaurant Alpenr\u00f6sli. Fra\u00eechement rafra\u00eechi, vous entamez le voyage de retour de Brandalp \u00e0 Unterb\u00e4ch en passant par Egga. Peu avant d&rsquo;atteindre le village, il convient de faire une petite pause au point de vue de Hohegga, o\u00f9 un t\u00e9lescope d&rsquo;aventure permet de se rapprocher du fantastique panorama.<\/p>\n<\/div><\/section>\n\n<style type=\"text\/css\" data-created_by=\"avia_inline_auto\" id=\"style-css-av-3h3hps-2-f9e025672870af59c20c26ae822b8069\">\n#top .hr.hr-invisible.av-3h3hps-2-f9e025672870af59c20c26ae822b8069{\nheight:25px;\n}\n<\/style>\n<div  class='hr av-3h3hps-2-f9e025672870af59c20c26ae822b8069 hr-invisible  avia-builder-el-5  el_after_av_textblock  el_before_av_textblock '><span class='hr-inner '><span class=\"hr-inner-style\"><\/span><\/span><\/div>\n<section  class='av_textblock_section av-kbawhdx8-3-1ba1b56b962c1a77240a9e161d22c61e '   itemscope=\"itemscope\" itemtype=\"https:\/\/schema.org\/CreativeWork\" ><div class='avia_textblock lead'  itemprop=\"text\" ><h5>DETAILS DU TOUR:<\/h5>\n<ul>\n<li style=\"text-align: left;\"><span data-contrast=\"auto\"><strong>Temps de marche:<\/strong> 3h<\/span><\/li>\n<li style=\"text-align: left;\"><span data-ccp-props=\"{\"><strong>Distance:<\/strong> 7.0 km (\u2191408 m \u2193408 m)<\/span><\/li>\n<li style=\"text-align: left;\"><span data-contrast=\"auto\"><strong>Itin\u00e9raire:<\/strong> Unterb\u00e4ch \u2013 Sentiere citations des femmes<\/span><span data-contrast=\"auto\">\u2013 Brandalp \u2013 Eggini \u2013 Unterb\u00e4ch<\/span><\/li>\n<\/ul>\n<\/div><\/section>\n\n<section  class='av_textblock_section av-kb9j7yy8-1-d829ebaf41952b33ef3d70963280253f '   itemscope=\"itemscope\" itemtype=\"https:\/\/schema.org\/CreativeWork\" ><div class='avia_textblock lead'  itemprop=\"text\" ><p>Conseil : si vous pr\u00e9f\u00e9rez une version moins fatigante du sentier Zitaten, prenez le t\u00e9l\u00e9si\u00e8ge \u00e0 Brandalp et parcourez le sentier Zitaten en sens inverse.<\/p>\n<\/div><\/section>\n\n","protected":false},"excerpt":{"rendered":"","protected":false},"author":8,"featured_media":0,"parent":13817,"menu_order":0,"comment_status":"closed","ping_status":"closed","template":"","meta":{"inline_featured_image":false,"footnotes":""},"class_list":["post-13939","page","type-page","status-publish","hentry"],"yoast_head":"<!-- This site is optimized with the Yoast SEO plugin v27.4 - https:\/\/yoast.com\/product\/yoast-seo-wordpress\/ -->\n<title>Le sentier citation - Unterb\u00e4ch<\/title>\n<meta name=\"description\" content=\"Le sentier citation \u00e0 Unterb\u00e4ch est particuli\u00e8rement adapt\u00e9 pour une merveilleuse journ\u00e9e en raquettes. Vous commencez dans le village \u00e0 la station de vall\u00e9e des remont\u00e9es m\u00e9caniques sportives d&#039;Unterb\u00e4ch. Le sentier passe sous le t\u00e9l\u00e9si\u00e8ge, juste en dessous du bar apr\u00e8s-ski de Wolfsh\u00f6hle, puis monte sur la Brandalpstrasse. Le sentier continue sur la droite \u00e0 travers quelques chalets en direction de Fromatta.\" \/>\n<meta name=\"robots\" content=\"index, follow, max-snippet:-1, max-image-preview:large, max-video-preview:-1\" \/>\n<link rel=\"canonical\" href=\"https:\/\/unterbaech.ch\/fr\/decouvertes-et-experiences\/winter\/raquettes\/le-sentier-citation\/\" \/>\n<meta property=\"og:locale\" content=\"fr_FR\" \/>\n<meta property=\"og:type\" content=\"article\" \/>\n<meta property=\"og:title\" content=\"Le sentier citation - Unterb\u00e4ch\" \/>\n<meta property=\"og:description\" content=\"Le sentier citation \u00e0 Unterb\u00e4ch est particuli\u00e8rement adapt\u00e9 pour une merveilleuse journ\u00e9e en raquettes. Vous commencez dans le village \u00e0 la station de vall\u00e9e des remont\u00e9es m\u00e9caniques sportives d&#039;Unterb\u00e4ch. Le sentier passe sous le t\u00e9l\u00e9si\u00e8ge, juste en dessous du bar apr\u00e8s-ski de Wolfsh\u00f6hle, puis monte sur la Brandalpstrasse. Le sentier continue sur la droite \u00e0 travers quelques chalets en direction de Fromatta.\" \/>\n<meta property=\"og:url\" content=\"https:\/\/unterbaech.ch\/fr\/decouvertes-et-experiences\/winter\/raquettes\/le-sentier-citation\/\" \/>\n<meta property=\"og:site_name\" content=\"Unterb\u00e4ch\" \/>\n<meta property=\"article:publisher\" content=\"https:\/\/www.facebook.com\/unterbaech\" \/>\n<meta property=\"article:modified_time\" content=\"2026-03-24T13:06:28+00:00\" \/>\n<meta name=\"twitter:card\" content=\"summary_large_image\" \/>\n<meta name=\"twitter:label1\" content=\"Dur\u00e9e de lecture estim\u00e9e\" \/>\n\t<meta name=\"twitter:data1\" content=\"2 minutes\" \/>\n<script type=\"application\/ld+json\" class=\"yoast-schema-graph\">{\"@context\":\"https:\\\/\\\/schema.org\",\"@graph\":[{\"@type\":\"WebPage\",\"@id\":\"https:\\\/\\\/unterbaech.ch\\\/fr\\\/decouvertes-et-experiences\\\/winter\\\/raquettes\\\/le-sentier-citation\\\/\",\"url\":\"https:\\\/\\\/unterbaech.ch\\\/fr\\\/decouvertes-et-experiences\\\/winter\\\/raquettes\\\/le-sentier-citation\\\/\",\"name\":\"Le sentier citation - Unterb\u00e4ch\",\"isPartOf\":{\"@id\":\"https:\\\/\\\/unterbaech.ch\\\/fr\\\/#website\"},\"datePublished\":\"2021-10-05T16:19:21+00:00\",\"dateModified\":\"2026-03-24T13:06:28+00:00\",\"description\":\"Le sentier citation \u00e0 Unterb\u00e4ch est particuli\u00e8rement adapt\u00e9 pour une merveilleuse journ\u00e9e en raquettes. Vous commencez dans le village \u00e0 la station de vall\u00e9e des remont\u00e9es m\u00e9caniques sportives d'Unterb\u00e4ch. Le sentier passe sous le t\u00e9l\u00e9si\u00e8ge, juste en dessous du bar apr\u00e8s-ski de Wolfsh\u00f6hle, puis monte sur la Brandalpstrasse. Le sentier continue sur la droite \u00e0 travers quelques chalets en direction de Fromatta.\",\"breadcrumb\":{\"@id\":\"https:\\\/\\\/unterbaech.ch\\\/fr\\\/decouvertes-et-experiences\\\/winter\\\/raquettes\\\/le-sentier-citation\\\/#breadcrumb\"},\"inLanguage\":\"fr-FR\",\"potentialAction\":[{\"@type\":\"ReadAction\",\"target\":[\"https:\\\/\\\/unterbaech.ch\\\/fr\\\/decouvertes-et-experiences\\\/winter\\\/raquettes\\\/le-sentier-citation\\\/\"]}]},{\"@type\":\"BreadcrumbList\",\"@id\":\"https:\\\/\\\/unterbaech.ch\\\/fr\\\/decouvertes-et-experiences\\\/winter\\\/raquettes\\\/le-sentier-citation\\\/#breadcrumb\",\"itemListElement\":[{\"@type\":\"ListItem\",\"position\":1,\"name\":\"Startseite\",\"item\":\"https:\\\/\\\/unterbaech.ch\\\/fr\\\/accueil\\\/\"},{\"@type\":\"ListItem\",\"position\":2,\"name\":\"D\u00e9couvertes et exp\u00e9riences\",\"item\":\"https:\\\/\\\/unterbaech.ch\\\/fr\\\/decouvertes-et-experiences\\\/\"},{\"@type\":\"ListItem\",\"position\":3,\"name\":\"L&#8217;hiver\",\"item\":\"https:\\\/\\\/unterbaech.ch\\\/fr\\\/unterbaech\\\/winter\\\/\"},{\"@type\":\"ListItem\",\"position\":4,\"name\":\"Raquettes\",\"item\":\"https:\\\/\\\/unterbaech.ch\\\/fr\\\/unterbaech\\\/winter\\\/schneeschuhlaufen\\\/\"},{\"@type\":\"ListItem\",\"position\":5,\"name\":\"Le sentier citation\"}]},{\"@type\":\"WebSite\",\"@id\":\"https:\\\/\\\/unterbaech.ch\\\/fr\\\/#website\",\"url\":\"https:\\\/\\\/unterbaech.ch\\\/fr\\\/\",\"name\":\"Unterb\u00e4ch\",\"description\":\"\",\"publisher\":{\"@id\":\"https:\\\/\\\/unterbaech.ch\\\/fr\\\/#organization\"},\"potentialAction\":[{\"@type\":\"SearchAction\",\"target\":{\"@type\":\"EntryPoint\",\"urlTemplate\":\"https:\\\/\\\/unterbaech.ch\\\/fr\\\/?s={search_term_string}\"},\"query-input\":{\"@type\":\"PropertyValueSpecification\",\"valueRequired\":true,\"valueName\":\"search_term_string\"}}],\"inLanguage\":\"fr-FR\"},{\"@type\":\"Organization\",\"@id\":\"https:\\\/\\\/unterbaech.ch\\\/fr\\\/#organization\",\"name\":\"Unterb\u00e4ch Tourismus\",\"url\":\"https:\\\/\\\/unterbaech.ch\\\/fr\\\/\",\"logo\":{\"@type\":\"ImageObject\",\"inLanguage\":\"fr-FR\",\"@id\":\"https:\\\/\\\/unterbaech.ch\\\/fr\\\/#\\\/schema\\\/logo\\\/image\\\/\",\"url\":\"https:\\\/\\\/unterbaech.ch\\\/wp-content\\\/uploads\\\/Logo-1.png\",\"contentUrl\":\"https:\\\/\\\/unterbaech.ch\\\/wp-content\\\/uploads\\\/Logo-1.png\",\"width\":1125,\"height\":1102,\"caption\":\"Unterb\u00e4ch Tourismus\"},\"image\":{\"@id\":\"https:\\\/\\\/unterbaech.ch\\\/fr\\\/#\\\/schema\\\/logo\\\/image\\\/\"},\"sameAs\":[\"https:\\\/\\\/www.facebook.com\\\/unterbaech\",\"https:\\\/\\\/www.instagram.com\\\/visit.unterbaech\\\/\",\"https:\\\/\\\/de.wikipedia.org\\\/wiki\\\/Unterb\u00e4ch\"]}]}<\/script>\n<!-- \/ Yoast SEO plugin. -->","yoast_head_json":{"title":"Le sentier citation - Unterb\u00e4ch","description":"Le sentier citation \u00e0 Unterb\u00e4ch est particuli\u00e8rement adapt\u00e9 pour une merveilleuse journ\u00e9e en raquettes. Vous commencez dans le village \u00e0 la station de vall\u00e9e des remont\u00e9es m\u00e9caniques sportives d'Unterb\u00e4ch. Le sentier passe sous le t\u00e9l\u00e9si\u00e8ge, juste en dessous du bar apr\u00e8s-ski de Wolfsh\u00f6hle, puis monte sur la Brandalpstrasse. Le sentier continue sur la droite \u00e0 travers quelques chalets en direction de Fromatta.","robots":{"index":"index","follow":"follow","max-snippet":"max-snippet:-1","max-image-preview":"max-image-preview:large","max-video-preview":"max-video-preview:-1"},"canonical":"https:\/\/unterbaech.ch\/fr\/decouvertes-et-experiences\/winter\/raquettes\/le-sentier-citation\/","og_locale":"fr_FR","og_type":"article","og_title":"Le sentier citation - Unterb\u00e4ch","og_description":"Le sentier citation \u00e0 Unterb\u00e4ch est particuli\u00e8rement adapt\u00e9 pour une merveilleuse journ\u00e9e en raquettes. Vous commencez dans le village \u00e0 la station de vall\u00e9e des remont\u00e9es m\u00e9caniques sportives d'Unterb\u00e4ch. Le sentier passe sous le t\u00e9l\u00e9si\u00e8ge, juste en dessous du bar apr\u00e8s-ski de Wolfsh\u00f6hle, puis monte sur la Brandalpstrasse. Le sentier continue sur la droite \u00e0 travers quelques chalets en direction de Fromatta.","og_url":"https:\/\/unterbaech.ch\/fr\/decouvertes-et-experiences\/winter\/raquettes\/le-sentier-citation\/","og_site_name":"Unterb\u00e4ch","article_publisher":"https:\/\/www.facebook.com\/unterbaech","article_modified_time":"2026-03-24T13:06:28+00:00","twitter_card":"summary_large_image","twitter_misc":{"Dur\u00e9e de lecture estim\u00e9e":"2 minutes"},"schema":{"@context":"https:\/\/schema.org","@graph":[{"@type":"WebPage","@id":"https:\/\/unterbaech.ch\/fr\/decouvertes-et-experiences\/winter\/raquettes\/le-sentier-citation\/","url":"https:\/\/unterbaech.ch\/fr\/decouvertes-et-experiences\/winter\/raquettes\/le-sentier-citation\/","name":"Le sentier citation - Unterb\u00e4ch","isPartOf":{"@id":"https:\/\/unterbaech.ch\/fr\/#website"},"datePublished":"2021-10-05T16:19:21+00:00","dateModified":"2026-03-24T13:06:28+00:00","description":"Le sentier citation \u00e0 Unterb\u00e4ch est particuli\u00e8rement adapt\u00e9 pour une merveilleuse journ\u00e9e en raquettes. Vous commencez dans le village \u00e0 la station de vall\u00e9e des remont\u00e9es m\u00e9caniques sportives d'Unterb\u00e4ch. Le sentier passe sous le t\u00e9l\u00e9si\u00e8ge, juste en dessous du bar apr\u00e8s-ski de Wolfsh\u00f6hle, puis monte sur la Brandalpstrasse. Le sentier continue sur la droite \u00e0 travers quelques chalets en direction de Fromatta.","breadcrumb":{"@id":"https:\/\/unterbaech.ch\/fr\/decouvertes-et-experiences\/winter\/raquettes\/le-sentier-citation\/#breadcrumb"},"inLanguage":"fr-FR","potentialAction":[{"@type":"ReadAction","target":["https:\/\/unterbaech.ch\/fr\/decouvertes-et-experiences\/winter\/raquettes\/le-sentier-citation\/"]}]},{"@type":"BreadcrumbList","@id":"https:\/\/unterbaech.ch\/fr\/decouvertes-et-experiences\/winter\/raquettes\/le-sentier-citation\/#breadcrumb","itemListElement":[{"@type":"ListItem","position":1,"name":"Startseite","item":"https:\/\/unterbaech.ch\/fr\/accueil\/"},{"@type":"ListItem","position":2,"name":"D\u00e9couvertes et exp\u00e9riences","item":"https:\/\/unterbaech.ch\/fr\/decouvertes-et-experiences\/"},{"@type":"ListItem","position":3,"name":"L&#8217;hiver","item":"https:\/\/unterbaech.ch\/fr\/unterbaech\/winter\/"},{"@type":"ListItem","position":4,"name":"Raquettes","item":"https:\/\/unterbaech.ch\/fr\/unterbaech\/winter\/schneeschuhlaufen\/"},{"@type":"ListItem","position":5,"name":"Le sentier citation"}]},{"@type":"WebSite","@id":"https:\/\/unterbaech.ch\/fr\/#website","url":"https:\/\/unterbaech.ch\/fr\/","name":"Unterb\u00e4ch","description":"","publisher":{"@id":"https:\/\/unterbaech.ch\/fr\/#organization"},"potentialAction":[{"@type":"SearchAction","target":{"@type":"EntryPoint","urlTemplate":"https:\/\/unterbaech.ch\/fr\/?s={search_term_string}"},"query-input":{"@type":"PropertyValueSpecification","valueRequired":true,"valueName":"search_term_string"}}],"inLanguage":"fr-FR"},{"@type":"Organization","@id":"https:\/\/unterbaech.ch\/fr\/#organization","name":"Unterb\u00e4ch Tourismus","url":"https:\/\/unterbaech.ch\/fr\/","logo":{"@type":"ImageObject","inLanguage":"fr-FR","@id":"https:\/\/unterbaech.ch\/fr\/#\/schema\/logo\/image\/","url":"https:\/\/unterbaech.ch\/wp-content\/uploads\/Logo-1.png","contentUrl":"https:\/\/unterbaech.ch\/wp-content\/uploads\/Logo-1.png","width":1125,"height":1102,"caption":"Unterb\u00e4ch Tourismus"},"image":{"@id":"https:\/\/unterbaech.ch\/fr\/#\/schema\/logo\/image\/"},"sameAs":["https:\/\/www.facebook.com\/unterbaech","https:\/\/www.instagram.com\/visit.unterbaech\/","https:\/\/de.wikipedia.org\/wiki\/Unterb\u00e4ch"]}]}},"_links":{"self":[{"href":"https:\/\/unterbaech.ch\/fr\/wp-json\/wp\/v2\/pages\/13939","targetHints":{"allow":["GET"]}}],"collection":[{"href":"https:\/\/unterbaech.ch\/fr\/wp-json\/wp\/v2\/pages"}],"about":[{"href":"https:\/\/unterbaech.ch\/fr\/wp-json\/wp\/v2\/types\/page"}],"author":[{"embeddable":true,"href":"https:\/\/unterbaech.ch\/fr\/wp-json\/wp\/v2\/users\/8"}],"replies":[{"embeddable":true,"href":"https:\/\/unterbaech.ch\/fr\/wp-json\/wp\/v2\/comments?post=13939"}],"version-history":[{"count":2,"href":"https:\/\/unterbaech.ch\/fr\/wp-json\/wp\/v2\/pages\/13939\/revisions"}],"predecessor-version":[{"id":29635,"href":"https:\/\/unterbaech.ch\/fr\/wp-json\/wp\/v2\/pages\/13939\/revisions\/29635"}],"up":[{"embeddable":true,"href":"https:\/\/unterbaech.ch\/fr\/wp-json\/wp\/v2\/pages\/13817"}],"wp:attachment":[{"href":"https:\/\/unterbaech.ch\/fr\/wp-json\/wp\/v2\/media?parent=13939"}],"curies":[{"name":"wp","href":"https:\/\/api.w.org\/{rel}","templated":true}]}}