{"id":14070,"date":"2021-10-27T11:29:22","date_gmt":"2021-10-27T09:29:22","guid":{"rendered":"https:\/\/unterbaech.ch\/carte-daventure\/"},"modified":"2024-12-25T08:58:11","modified_gmt":"2024-12-25T07:58:11","slug":"carte-daventure","status":"publish","type":"page","link":"https:\/\/unterbaech.ch\/fr\/planifier-reserver\/mobilite\/carte-daventure\/","title":{"rendered":"Matterhorn Gotthard Pass"},"content":{"rendered":"\n<style type=\"text\/css\" data-created_by=\"avia_inline_auto\" id=\"style-css-av-kbax8y3e-0a709a3d11b25bc2051801f15b0c3d84\">\n.avia-section.av-kbax8y3e-0a709a3d11b25bc2051801f15b0c3d84 .av-parallax .av-parallax-inner{\nbackground-repeat:no-repeat;\nbackground-image:url(https:\/\/unterbaech.ch\/wp-content\/uploads\/2020\/07\/Aletschgletscher.jpg);\nbackground-position:50% 50%;\nbackground-attachment:scroll;\n}\n<\/style>\n<div id='av_section_1'  class='avia-section av-kbax8y3e-0a709a3d11b25bc2051801f15b0c3d84 main_color avia-section-default avia-no-border-styling  avia-builder-el-0  el_before_av_section  avia-builder-el-first  section-fullwidthimage avia-full-stretch av-parallax-section avia-bg-style-parallax av-minimum-height av-minimum-height-50 av-height-50  container_wrap fullsize'  data-section-bg-repeat='stretch' data-av_minimum_height_pc='50' data-av_min_height_opt='50'><div class='av-parallax' data-avia-parallax-ratio='0.3' ><div class='av-parallax-inner main_color avia-full-stretch'><\/div><\/div><div class='container av-section-cont-open' ><main  role=\"main\" itemprop=\"mainContentOfPage\"  class='template-page content  av-content-full alpha units'><div class='post-entry post-entry-type-page post-entry-14070'><div class='entry-content-wrapper clearfix'>\n<\/div><\/div><\/main><!-- close content main element --><\/div><\/div><div id='av_section_2'  class='avia-section av-1n2h9-eef07d2470a934665895b572bc96122f main_color avia-section-default avia-no-border-styling  avia-builder-el-1  el_after_av_section  avia-builder-el-last  section-leadtext onecol avia-bg-style-scroll container_wrap fullsize'  ><div class='container av-section-cont-open' ><div class='template-page content  av-content-full alpha units'><div class='post-entry post-entry-type-page post-entry-14070'><div class='entry-content-wrapper clearfix'>\n<section  class='av_textblock_section av-kbawhdx8-aafd6986f60364d4af7d68b05c94543c '   itemscope=\"itemscope\" itemtype=\"https:\/\/schema.org\/CreativeWork\" ><div class='avia_textblock'  itemprop=\"text\" ><p style=\"text-align: center;\"><strong>ERLEBNIS PUR ZWISCHEN GOTTHARD, ALLALIN UND MATTERHORN UNE EXPERIENCE PURE ENTRE DE GOTTHARD, L&rsquo;ALLALIN ET LE CERVIN<\/strong><\/p>\n<h3 style=\"text-align: center;\">MATTERHORN GOTTHARD PASS<\/h3>\n<\/div><\/section>\n<section  class='av_textblock_section av-kbawhdx8-2-c3aaa1f96d560bfd9e44117b9617de7b '   itemscope=\"itemscope\" itemtype=\"https:\/\/schema.org\/CreativeWork\" ><div class='avia_textblock lead'  itemprop=\"text\" ><p>Le Matterhorn Gotthard Pass propose des excursions passionnantes dans le Haut-Valais, \u00e0 Disentis-Sedrun, dans la r\u00e9gion touristique d\u2019Andermatt et dans l\u2019Oberland bernois. Les forfaits de 2, 3 et 5 jours sont valables entre Spiez, Interlaken, Crans-Montana, Lo\u00e8che-les-Bains, la r\u00e9gion de Moosalp, Zermatt, Saas-Fee, Brigue, Domodossola, Andermatt, Disentis et Coire. Les jours peuvent \u00eatre choisis librement dans un d\u00e9lai d\u2019un mois.<\/p>\n<\/div><\/section>\n\n<style type=\"text\/css\" data-created_by=\"avia_inline_auto\" id=\"style-css-av-kbujysp3-bb5986012cdba25cfd25bc18cd1575b4\">\n.flex_column.av-kbujysp3-bb5986012cdba25cfd25bc18cd1575b4{\nborder-radius:0px 0px 0px 0px;\npadding:0px 0px 0px 0px;\n}\n<\/style>\n<div  class='flex_column av-kbujysp3-bb5986012cdba25cfd25bc18cd1575b4 av_one_full  avia-builder-el-4  el_after_av_textblock  el_before_av_hr  gallery-masonry first flex_column_div av-zero-column-padding  column-top-margin'     ><div id='av-masonry-1' class='av-masonry av-kbrrgn31-23516527b2d660607beb9c2635f71841 noHover av-fixed-size av-large-gap av-hover-overlay-active av-masonry-animation-active av-masonry-col-3 av-caption-always av-caption-style- av-masonry-gallery ' data-post_id=\"14070\"><div class=\"av-masonry-container isotope av-js-disabled\"><div class='av-masonry-entry isotope-item av-masonry-item-no-image '><\/div><a href=\"https:\/\/unterbaech.ch\/wp-content\/uploads\/2020\/06\/h.-Luftseilbahn-1.jpg\" data-srcset=\"https:\/\/unterbaech.ch\/wp-content\/uploads\/2020\/06\/h.-Luftseilbahn-1.jpg 1200w, https:\/\/unterbaech.ch\/wp-content\/uploads\/2020\/06\/h.-Luftseilbahn-1-1024x683.jpg 1024w, https:\/\/unterbaech.ch\/wp-content\/uploads\/2020\/06\/h.-Luftseilbahn-1-768x512.jpg 768w, https:\/\/unterbaech.ch\/wp-content\/uploads\/2020\/06\/h.-Luftseilbahn-1-705x470.jpg 705w\" data-sizes=\"(max-width: 1200px) 100vw, 1200px\"  aria-label=\"image h. Luftseilbahn\"  id='av-masonry-1-item-1319' data-av-masonry-item='1319' class='av-masonry-entry isotope-item post-1319 attachment type-attachment status-inherit hentry  av-masonry-item-with-image av-grid-img' title=\"h. Luftseilbahn\" alt=\"Luftseilbahn Raron-Unterb\u00e4ch\"    itemprop=\"thumbnailUrl\" ><div class='av-inner-masonry-sizer'><\/div><figure class='av-inner-masonry main_color'><div class=\"av-masonry-outerimage-container\"><div class='av-masonry-image-container' style=\"background-image: url(https:\/\/unterbaech.ch\/wp-content\/uploads\/2020\/06\/h.-Luftseilbahn-1-705x470.jpg);\"  title=\"h. Luftseilbahn\" ><\/div><\/div><\/figure><\/a><!--end av-masonry entry--><a href=\"https:\/\/unterbaech.ch\/wp-content\/uploads\/2020\/07\/Gornergrat-Bahn.jpg\" data-srcset=\"https:\/\/unterbaech.ch\/wp-content\/uploads\/2020\/07\/Gornergrat-Bahn.jpg 1920w, https:\/\/unterbaech.ch\/wp-content\/uploads\/2020\/07\/Gornergrat-Bahn-1024x683.jpg 1024w, https:\/\/unterbaech.ch\/wp-content\/uploads\/2020\/07\/Gornergrat-Bahn-768x512.jpg 768w, https:\/\/unterbaech.ch\/wp-content\/uploads\/2020\/07\/Gornergrat-Bahn-705x470.jpg 705w\" data-sizes=\"(max-width: 1500px) 100vw, 1500px\"  aria-label=\"image Gornergrat Bahn\"  id='av-masonry-1-item-4338' data-av-masonry-item='4338' class='av-masonry-entry isotope-item post-4338 attachment type-attachment status-inherit hentry  av-masonry-item-with-image av-grid-img' title=\"Gornergrat Bahn\" alt=\"\"    itemprop=\"thumbnailUrl\" ><div class='av-inner-masonry-sizer'><\/div><figure class='av-inner-masonry main_color'><div class=\"av-masonry-outerimage-container\"><div class='av-masonry-image-container' style=\"background-image: url(https:\/\/unterbaech.ch\/wp-content\/uploads\/2020\/07\/Gornergrat-Bahn-705x470.jpg);\"  title=\"Gornergrat Bahn\" ><\/div><\/div><\/figure><\/a><!--end av-masonry entry--><a href=\"https:\/\/unterbaech.ch\/wp-content\/uploads\/2020\/07\/Aletschgletscher.jpg\" data-srcset=\"https:\/\/unterbaech.ch\/wp-content\/uploads\/2020\/07\/Aletschgletscher.jpg 1600w, https:\/\/unterbaech.ch\/wp-content\/uploads\/2020\/07\/Aletschgletscher-1024x629.jpg 1024w, https:\/\/unterbaech.ch\/wp-content\/uploads\/2020\/07\/Aletschgletscher-768x472.jpg 768w, https:\/\/unterbaech.ch\/wp-content\/uploads\/2020\/07\/Aletschgletscher-1536x944.jpg 1536w, https:\/\/unterbaech.ch\/wp-content\/uploads\/2020\/07\/Aletschgletscher-1500x922.jpg 1500w, https:\/\/unterbaech.ch\/wp-content\/uploads\/2020\/07\/Aletschgletscher-705x433.jpg 705w\" data-sizes=\"(max-width: 1500px) 100vw, 1500px\"  aria-label=\"image Aletschgletscher\"  id='av-masonry-1-item-4320' data-av-masonry-item='4320' class='av-masonry-entry isotope-item post-4320 attachment type-attachment status-inherit hentry  av-masonry-item-with-image av-grid-img' title=\"Aletschgletscher\" alt=\"\"    itemprop=\"thumbnailUrl\" ><div class='av-inner-masonry-sizer'><\/div><figure class='av-inner-masonry main_color'><div class=\"av-masonry-outerimage-container\"><div class='av-masonry-image-container' style=\"background-image: url(https:\/\/unterbaech.ch\/wp-content\/uploads\/2020\/07\/Aletschgletscher-705x433.jpg);\"  title=\"Aletschgletscher\" ><\/div><\/div><\/figure><\/a><!--end av-masonry entry--><a href=\"https:\/\/unterbaech.ch\/wp-content\/uploads\/2020\/07\/cr-Valentin-Flauraud-_-2017-3-1620x1080.jpg\" data-srcset=\"https:\/\/unterbaech.ch\/wp-content\/uploads\/2020\/07\/cr-Valentin-Flauraud-_-2017-3-1620x1080.jpg 1620w, https:\/\/unterbaech.ch\/wp-content\/uploads\/2020\/07\/cr-Valentin-Flauraud-_-2017-3-1024x683.jpg 1024w, https:\/\/unterbaech.ch\/wp-content\/uploads\/2020\/07\/cr-Valentin-Flauraud-_-2017-3-768x512.jpg 768w, https:\/\/unterbaech.ch\/wp-content\/uploads\/2020\/07\/cr-Valentin-Flauraud-_-2017-3-1536x1024.jpg 1536w, https:\/\/unterbaech.ch\/wp-content\/uploads\/2020\/07\/cr-Valentin-Flauraud-_-2017-3-2048x1365.jpg 2048w, https:\/\/unterbaech.ch\/wp-content\/uploads\/2020\/07\/cr-Valentin-Flauraud-_-2017-3-1500x1000.jpg 1500w, https:\/\/unterbaech.ch\/wp-content\/uploads\/2020\/07\/cr-Valentin-Flauraud-_-2017-3-705x470.jpg 705w, https:\/\/unterbaech.ch\/wp-content\/uploads\/2020\/07\/cr-Valentin-Flauraud-_-2017-3-scaled.jpg 1920w\" data-sizes=\"(max-width: 1500px) 100vw, 1500px\"  aria-label=\"image cr-Valentin Flauraud _ 2017 (3)\"  id='av-masonry-1-item-4329' data-av-masonry-item='4329' class='av-masonry-entry isotope-item post-4329 attachment type-attachment status-inherit hentry  av-masonry-item-with-image av-grid-img' title=\"cr-Valentin Flauraud _ 2017 (3)\" alt=\"\"    itemprop=\"thumbnailUrl\" ><div class='av-inner-masonry-sizer'><\/div><figure class='av-inner-masonry main_color'><div class=\"av-masonry-outerimage-container\"><div class='av-masonry-image-container' style=\"background-image: url(https:\/\/unterbaech.ch\/wp-content\/uploads\/2020\/07\/cr-Valentin-Flauraud-_-2017-3-705x470.jpg);\"  title=\"cr-Valentin Flauraud _ 2017 (3)\" ><\/div><\/div><\/figure><\/a><!--end av-masonry entry--><a href=\"https:\/\/unterbaech.ch\/wp-content\/uploads\/2020\/07\/Bildschirmfoto-2020-02-03-um-08.41.33-1443x1080.png\" data-srcset=\"https:\/\/unterbaech.ch\/wp-content\/uploads\/2020\/07\/Bildschirmfoto-2020-02-03-um-08.41.33-1443x1080.png 1443w, https:\/\/unterbaech.ch\/wp-content\/uploads\/2020\/07\/Bildschirmfoto-2020-02-03-um-08.41.33-768x575.png 768w, https:\/\/unterbaech.ch\/wp-content\/uploads\/2020\/07\/Bildschirmfoto-2020-02-03-um-08.41.33-1536x1150.png 1536w, https:\/\/unterbaech.ch\/wp-content\/uploads\/2020\/07\/Bildschirmfoto-2020-02-03-um-08.41.33-2048x1533.png 2048w, https:\/\/unterbaech.ch\/wp-content\/uploads\/2020\/07\/Bildschirmfoto-2020-02-03-um-08.41.33-1500x1123.png 1500w, https:\/\/unterbaech.ch\/wp-content\/uploads\/2020\/07\/Bildschirmfoto-2020-02-03-um-08.41.33-705x528.png 705w, https:\/\/unterbaech.ch\/wp-content\/uploads\/2020\/07\/Bildschirmfoto-2020-02-03-um-08.41.33.png 1920w\" data-sizes=\"(max-width: 1443px) 100vw, 1443px\"  aria-label=\"image Bildschirmfoto 2020-02-03 um 08.41.33\"  id='av-masonry-1-item-4323' data-av-masonry-item='4323' class='av-masonry-entry isotope-item post-4323 attachment type-attachment status-inherit hentry  av-masonry-item-with-image av-grid-img' title=\"Bildschirmfoto 2020-02-03 um 08.41.33\" alt=\"Stockalperschloss Brig\"    itemprop=\"thumbnailUrl\" ><div class='av-inner-masonry-sizer'><\/div><figure class='av-inner-masonry main_color'><div class=\"av-masonry-outerimage-container\"><div class='av-masonry-image-container' style=\"background-image: url(https:\/\/unterbaech.ch\/wp-content\/uploads\/2020\/07\/Bildschirmfoto-2020-02-03-um-08.41.33-705x528.png);\"  title=\"Bildschirmfoto 2020-02-03 um 08.41.33\" ><\/div><\/div><\/figure><\/a><!--end av-masonry entry--><a href=\"https:\/\/unterbaech.ch\/wp-content\/uploads\/2020\/07\/Burgerbad-17-1-1636x1080.jpg\" data-srcset=\"https:\/\/unterbaech.ch\/wp-content\/uploads\/2020\/07\/Burgerbad-17-1-1636x1080.jpg 1636w, https:\/\/unterbaech.ch\/wp-content\/uploads\/2020\/07\/Burgerbad-17-1-1024x676.jpg 1024w, https:\/\/unterbaech.ch\/wp-content\/uploads\/2020\/07\/Burgerbad-17-1-768x507.jpg 768w, https:\/\/unterbaech.ch\/wp-content\/uploads\/2020\/07\/Burgerbad-17-1-1536x1014.jpg 1536w, https:\/\/unterbaech.ch\/wp-content\/uploads\/2020\/07\/Burgerbad-17-1-2048x1352.jpg 2048w, https:\/\/unterbaech.ch\/wp-content\/uploads\/2020\/07\/Burgerbad-17-1-1500x990.jpg 1500w, https:\/\/unterbaech.ch\/wp-content\/uploads\/2020\/07\/Burgerbad-17-1-705x465.jpg 705w, https:\/\/unterbaech.ch\/wp-content\/uploads\/2020\/07\/Burgerbad-17-1-scaled.jpg 1920w\" data-sizes=\"(max-width: 1500px) 100vw, 1500px\"  aria-label=\"image Burgerbad-17 (1)\"  id='av-masonry-1-item-4326' data-av-masonry-item='4326' class='av-masonry-entry isotope-item post-4326 attachment type-attachment status-inherit hentry  av-masonry-item-with-image av-grid-img' title=\"Burgerbad-17 (1)\" alt=\"\"    itemprop=\"thumbnailUrl\" ><div class='av-inner-masonry-sizer'><\/div><figure class='av-inner-masonry main_color'><div class=\"av-masonry-outerimage-container\"><div class='av-masonry-image-container' style=\"background-image: url(https:\/\/unterbaech.ch\/wp-content\/uploads\/2020\/07\/Burgerbad-17-1-705x465.jpg);\"  title=\"Burgerbad-17 (1)\" ><\/div><\/div><\/figure><\/a><!--end av-masonry entry--><\/div><\/div><\/div>\n<style type=\"text\/css\" data-created_by=\"avia_inline_auto\" id=\"style-css-av-kbax4bbr-27f78f1f5574462b1f9eaf8ccb6701aa\">\n#top .hr.hr-invisible.av-kbax4bbr-27f78f1f5574462b1f9eaf8ccb6701aa{\nheight:25px;\n}\n<\/style>\n<div  class='hr av-kbax4bbr-27f78f1f5574462b1f9eaf8ccb6701aa hr-invisible  avia-builder-el-6  el_after_av_one_full  el_before_av_textblock '><span class='hr-inner '><span class=\"hr-inner-style\"><\/span><\/span><\/div>\n<section  class='av_textblock_section av-kb9j7yy8-ccc98d4ac47fd89af654b699ab526e2d '   itemscope=\"itemscope\" itemtype=\"https:\/\/schema.org\/CreativeWork\" ><div class='avia_textblock'  itemprop=\"text\" ><p>Vous pouvez voyager gratuitement sur la Matterhorn Gotthard Bahn, sur les lignes de CarPostal du Haut-Valais et sur BLS Brigue-Kandersteg. En outre, une r\u00e9duction de 50% est accord\u00e9e sur une gamme presque illimit\u00e9e de trains, de trains de montagne, de bateaux et d\u2019installations sportives, de loisirs et culturelles.<\/p>\n<p>\u00c0 Unterb\u00e4ch, vous profitez de la carte d\u2019aventure comme suit:<\/p>\n<ul>\n<li>50% sur le t\u00e9l\u00e9ph\u00e9rique Rarogne-Unterb\u00e4ch<\/li>\n<li>50% sur le trajet en trottinette Brandalp-Unterb\u00e4ch<\/li>\n<\/ul>\n<p>De plus amples informations sont disponibles sur le site www.erlebniscard.ch<\/p>\n<\/div><\/section>\n\n<style type=\"text\/css\" data-created_by=\"avia_inline_auto\" id=\"style-css-av-kbax4bbr-1-5a8ac6f69941ae208175a263e4cae52b\">\n#top .hr.hr-invisible.av-kbax4bbr-1-5a8ac6f69941ae208175a263e4cae52b{\nheight:25px;\n}\n<\/style>\n<div  class='hr av-kbax4bbr-1-5a8ac6f69941ae208175a263e4cae52b hr-invisible  avia-builder-el-8  el_after_av_textblock  avia-builder-el-last '><span class='hr-inner '><span class=\"hr-inner-style\"><\/span><\/span><\/div>\n\n","protected":false},"excerpt":{"rendered":"","protected":false},"author":8,"featured_media":0,"parent":14073,"menu_order":0,"comment_status":"closed","ping_status":"closed","template":"","meta":{"inline_featured_image":false,"footnotes":""},"class_list":["post-14070","page","type-page","status-publish","hentry"],"yoast_head":"<!-- This site is optimized with the Yoast SEO plugin v27.4 - https:\/\/yoast.com\/product\/yoast-seo-wordpress\/ -->\n<title>Matterhorn Gotthard Pass - Unterb\u00e4ch<\/title>\n<meta name=\"description\" content=\"Le Matterhorn Gotthard Pass propose des excursions passionnantes dans le Haut-Valais, \u00e0 Disentis-Sedrun, dans la r\u00e9gion touristique d\u2019Andermatt et dans l\u2019Oberland bernois.\" \/>\n<meta name=\"robots\" content=\"index, follow, max-snippet:-1, max-image-preview:large, max-video-preview:-1\" \/>\n<link rel=\"canonical\" href=\"https:\/\/unterbaech.ch\/fr\/planifier-reserver\/mobilite\/carte-daventure\/\" \/>\n<meta property=\"og:locale\" content=\"fr_FR\" \/>\n<meta property=\"og:type\" content=\"article\" \/>\n<meta property=\"og:title\" content=\"Matterhorn Gotthard Pass - Unterb\u00e4ch\" \/>\n<meta property=\"og:description\" content=\"Le Matterhorn Gotthard Pass propose des excursions passionnantes dans le Haut-Valais, \u00e0 Disentis-Sedrun, dans la r\u00e9gion touristique d\u2019Andermatt et dans l\u2019Oberland bernois.\" \/>\n<meta property=\"og:url\" content=\"https:\/\/unterbaech.ch\/fr\/planifier-reserver\/mobilite\/carte-daventure\/\" \/>\n<meta property=\"og:site_name\" content=\"Unterb\u00e4ch\" \/>\n<meta property=\"article:publisher\" content=\"https:\/\/www.facebook.com\/unterbaech\" \/>\n<meta property=\"article:modified_time\" content=\"2024-12-25T07:58:11+00:00\" \/>\n<meta name=\"twitter:card\" content=\"summary_large_image\" \/>\n<meta name=\"twitter:label1\" content=\"Dur\u00e9e de lecture estim\u00e9e\" \/>\n\t<meta name=\"twitter:data1\" content=\"3 minutes\" \/>\n<script type=\"application\/ld+json\" class=\"yoast-schema-graph\">{\"@context\":\"https:\\\/\\\/schema.org\",\"@graph\":[{\"@type\":\"WebPage\",\"@id\":\"https:\\\/\\\/unterbaech.ch\\\/fr\\\/planifier-reserver\\\/mobilite\\\/carte-daventure\\\/\",\"url\":\"https:\\\/\\\/unterbaech.ch\\\/fr\\\/planifier-reserver\\\/mobilite\\\/carte-daventure\\\/\",\"name\":\"Matterhorn Gotthard Pass - Unterb\u00e4ch\",\"isPartOf\":{\"@id\":\"https:\\\/\\\/unterbaech.ch\\\/fr\\\/#website\"},\"datePublished\":\"2021-10-27T09:29:22+00:00\",\"dateModified\":\"2024-12-25T07:58:11+00:00\",\"description\":\"Le Matterhorn Gotthard Pass propose des excursions passionnantes dans le Haut-Valais, \u00e0 Disentis-Sedrun, dans la r\u00e9gion touristique d\u2019Andermatt et dans l\u2019Oberland bernois.\",\"breadcrumb\":{\"@id\":\"https:\\\/\\\/unterbaech.ch\\\/fr\\\/planifier-reserver\\\/mobilite\\\/carte-daventure\\\/#breadcrumb\"},\"inLanguage\":\"fr-FR\",\"potentialAction\":[{\"@type\":\"ReadAction\",\"target\":[\"https:\\\/\\\/unterbaech.ch\\\/fr\\\/planifier-reserver\\\/mobilite\\\/carte-daventure\\\/\"]}]},{\"@type\":\"BreadcrumbList\",\"@id\":\"https:\\\/\\\/unterbaech.ch\\\/fr\\\/planifier-reserver\\\/mobilite\\\/carte-daventure\\\/#breadcrumb\",\"itemListElement\":[{\"@type\":\"ListItem\",\"position\":1,\"name\":\"Startseite\",\"item\":\"https:\\\/\\\/unterbaech.ch\\\/fr\\\/accueil\\\/\"},{\"@type\":\"ListItem\",\"position\":2,\"name\":\"Planifier &#038; r\u00e9server\",\"item\":\"https:\\\/\\\/unterbaech.ch\\\/fr\\\/planifier-reserver\\\/\"},{\"@type\":\"ListItem\",\"position\":3,\"name\":\"MOBILIT\u00c9\",\"item\":\"https:\\\/\\\/unterbaech.ch\\\/fr\\\/planifier-reserver\\\/mobilite\\\/\"},{\"@type\":\"ListItem\",\"position\":4,\"name\":\"Matterhorn Gotthard Pass\"}]},{\"@type\":\"WebSite\",\"@id\":\"https:\\\/\\\/unterbaech.ch\\\/fr\\\/#website\",\"url\":\"https:\\\/\\\/unterbaech.ch\\\/fr\\\/\",\"name\":\"Unterb\u00e4ch\",\"description\":\"\",\"publisher\":{\"@id\":\"https:\\\/\\\/unterbaech.ch\\\/fr\\\/#organization\"},\"potentialAction\":[{\"@type\":\"SearchAction\",\"target\":{\"@type\":\"EntryPoint\",\"urlTemplate\":\"https:\\\/\\\/unterbaech.ch\\\/fr\\\/?s={search_term_string}\"},\"query-input\":{\"@type\":\"PropertyValueSpecification\",\"valueRequired\":true,\"valueName\":\"search_term_string\"}}],\"inLanguage\":\"fr-FR\"},{\"@type\":\"Organization\",\"@id\":\"https:\\\/\\\/unterbaech.ch\\\/fr\\\/#organization\",\"name\":\"Unterb\u00e4ch Tourismus\",\"url\":\"https:\\\/\\\/unterbaech.ch\\\/fr\\\/\",\"logo\":{\"@type\":\"ImageObject\",\"inLanguage\":\"fr-FR\",\"@id\":\"https:\\\/\\\/unterbaech.ch\\\/fr\\\/#\\\/schema\\\/logo\\\/image\\\/\",\"url\":\"https:\\\/\\\/unterbaech.ch\\\/wp-content\\\/uploads\\\/Logo-1.png\",\"contentUrl\":\"https:\\\/\\\/unterbaech.ch\\\/wp-content\\\/uploads\\\/Logo-1.png\",\"width\":1125,\"height\":1102,\"caption\":\"Unterb\u00e4ch Tourismus\"},\"image\":{\"@id\":\"https:\\\/\\\/unterbaech.ch\\\/fr\\\/#\\\/schema\\\/logo\\\/image\\\/\"},\"sameAs\":[\"https:\\\/\\\/www.facebook.com\\\/unterbaech\",\"https:\\\/\\\/www.instagram.com\\\/visit.unterbaech\\\/\",\"https:\\\/\\\/de.wikipedia.org\\\/wiki\\\/Unterb\u00e4ch\"]}]}<\/script>\n<!-- \/ Yoast SEO plugin. -->","yoast_head_json":{"title":"Matterhorn Gotthard Pass - Unterb\u00e4ch","description":"Le Matterhorn Gotthard Pass propose des excursions passionnantes dans le Haut-Valais, \u00e0 Disentis-Sedrun, dans la r\u00e9gion touristique d\u2019Andermatt et dans l\u2019Oberland bernois.","robots":{"index":"index","follow":"follow","max-snippet":"max-snippet:-1","max-image-preview":"max-image-preview:large","max-video-preview":"max-video-preview:-1"},"canonical":"https:\/\/unterbaech.ch\/fr\/planifier-reserver\/mobilite\/carte-daventure\/","og_locale":"fr_FR","og_type":"article","og_title":"Matterhorn Gotthard Pass - Unterb\u00e4ch","og_description":"Le Matterhorn Gotthard Pass propose des excursions passionnantes dans le Haut-Valais, \u00e0 Disentis-Sedrun, dans la r\u00e9gion touristique d\u2019Andermatt et dans l\u2019Oberland bernois.","og_url":"https:\/\/unterbaech.ch\/fr\/planifier-reserver\/mobilite\/carte-daventure\/","og_site_name":"Unterb\u00e4ch","article_publisher":"https:\/\/www.facebook.com\/unterbaech","article_modified_time":"2024-12-25T07:58:11+00:00","twitter_card":"summary_large_image","twitter_misc":{"Dur\u00e9e de lecture estim\u00e9e":"3 minutes"},"schema":{"@context":"https:\/\/schema.org","@graph":[{"@type":"WebPage","@id":"https:\/\/unterbaech.ch\/fr\/planifier-reserver\/mobilite\/carte-daventure\/","url":"https:\/\/unterbaech.ch\/fr\/planifier-reserver\/mobilite\/carte-daventure\/","name":"Matterhorn Gotthard Pass - Unterb\u00e4ch","isPartOf":{"@id":"https:\/\/unterbaech.ch\/fr\/#website"},"datePublished":"2021-10-27T09:29:22+00:00","dateModified":"2024-12-25T07:58:11+00:00","description":"Le Matterhorn Gotthard Pass propose des excursions passionnantes dans le Haut-Valais, \u00e0 Disentis-Sedrun, dans la r\u00e9gion touristique d\u2019Andermatt et dans l\u2019Oberland bernois.","breadcrumb":{"@id":"https:\/\/unterbaech.ch\/fr\/planifier-reserver\/mobilite\/carte-daventure\/#breadcrumb"},"inLanguage":"fr-FR","potentialAction":[{"@type":"ReadAction","target":["https:\/\/unterbaech.ch\/fr\/planifier-reserver\/mobilite\/carte-daventure\/"]}]},{"@type":"BreadcrumbList","@id":"https:\/\/unterbaech.ch\/fr\/planifier-reserver\/mobilite\/carte-daventure\/#breadcrumb","itemListElement":[{"@type":"ListItem","position":1,"name":"Startseite","item":"https:\/\/unterbaech.ch\/fr\/accueil\/"},{"@type":"ListItem","position":2,"name":"Planifier &#038; r\u00e9server","item":"https:\/\/unterbaech.ch\/fr\/planifier-reserver\/"},{"@type":"ListItem","position":3,"name":"MOBILIT\u00c9","item":"https:\/\/unterbaech.ch\/fr\/planifier-reserver\/mobilite\/"},{"@type":"ListItem","position":4,"name":"Matterhorn Gotthard Pass"}]},{"@type":"WebSite","@id":"https:\/\/unterbaech.ch\/fr\/#website","url":"https:\/\/unterbaech.ch\/fr\/","name":"Unterb\u00e4ch","description":"","publisher":{"@id":"https:\/\/unterbaech.ch\/fr\/#organization"},"potentialAction":[{"@type":"SearchAction","target":{"@type":"EntryPoint","urlTemplate":"https:\/\/unterbaech.ch\/fr\/?s={search_term_string}"},"query-input":{"@type":"PropertyValueSpecification","valueRequired":true,"valueName":"search_term_string"}}],"inLanguage":"fr-FR"},{"@type":"Organization","@id":"https:\/\/unterbaech.ch\/fr\/#organization","name":"Unterb\u00e4ch Tourismus","url":"https:\/\/unterbaech.ch\/fr\/","logo":{"@type":"ImageObject","inLanguage":"fr-FR","@id":"https:\/\/unterbaech.ch\/fr\/#\/schema\/logo\/image\/","url":"https:\/\/unterbaech.ch\/wp-content\/uploads\/Logo-1.png","contentUrl":"https:\/\/unterbaech.ch\/wp-content\/uploads\/Logo-1.png","width":1125,"height":1102,"caption":"Unterb\u00e4ch Tourismus"},"image":{"@id":"https:\/\/unterbaech.ch\/fr\/#\/schema\/logo\/image\/"},"sameAs":["https:\/\/www.facebook.com\/unterbaech","https:\/\/www.instagram.com\/visit.unterbaech\/","https:\/\/de.wikipedia.org\/wiki\/Unterb\u00e4ch"]}]}},"_links":{"self":[{"href":"https:\/\/unterbaech.ch\/fr\/wp-json\/wp\/v2\/pages\/14070","targetHints":{"allow":["GET"]}}],"collection":[{"href":"https:\/\/unterbaech.ch\/fr\/wp-json\/wp\/v2\/pages"}],"about":[{"href":"https:\/\/unterbaech.ch\/fr\/wp-json\/wp\/v2\/types\/page"}],"author":[{"embeddable":true,"href":"https:\/\/unterbaech.ch\/fr\/wp-json\/wp\/v2\/users\/8"}],"replies":[{"embeddable":true,"href":"https:\/\/unterbaech.ch\/fr\/wp-json\/wp\/v2\/comments?post=14070"}],"version-history":[{"count":9,"href":"https:\/\/unterbaech.ch\/fr\/wp-json\/wp\/v2\/pages\/14070\/revisions"}],"predecessor-version":[{"id":24271,"href":"https:\/\/unterbaech.ch\/fr\/wp-json\/wp\/v2\/pages\/14070\/revisions\/24271"}],"up":[{"embeddable":true,"href":"https:\/\/unterbaech.ch\/fr\/wp-json\/wp\/v2\/pages\/14073"}],"wp:attachment":[{"href":"https:\/\/unterbaech.ch\/fr\/wp-json\/wp\/v2\/media?parent=14070"}],"curies":[{"name":"wp","href":"https:\/\/api.w.org\/{rel}","templated":true}]}}