{"id":14082,"date":"2021-10-27T11:44:39","date_gmt":"2021-10-27T09:44:39","guid":{"rendered":"https:\/\/unterbaech.ch\/mobilite\/bus-pour-le-ski-et-la-randonnee\/"},"modified":"2022-01-03T12:00:39","modified_gmt":"2022-01-03T11:00:39","slug":"bus-pour-le-ski-et-la-randonnee","status":"publish","type":"page","link":"https:\/\/unterbaech.ch\/fr\/planifier-reserver\/mobilite\/bus-pour-le-ski-et-la-randonnee\/","title":{"rendered":"Bus pour le ski et la randonn\u00e9e"},"content":{"rendered":"\n<style type=\"text\/css\" data-created_by=\"avia_inline_auto\" id=\"style-css-av-kbax8y3e-35719e4364c1cb2378bbd1ac53e9e866\">\n.avia-section.av-kbax8y3e-35719e4364c1cb2378bbd1ac53e9e866 .av-parallax .av-parallax-inner{\nbackground-repeat:no-repeat;\nbackground-image:url(https:\/\/unterbaech.ch\/wp-content\/uploads\/2020\/07\/DSC05797.jpg);\nbackground-position:50% 50%;\nbackground-attachment:scroll;\n}\n<\/style>\n<div id='av_section_1'  class='avia-section av-kbax8y3e-35719e4364c1cb2378bbd1ac53e9e866 main_color avia-section-default avia-no-border-styling  avia-builder-el-0  el_before_av_section  avia-builder-el-first  section-fullwidthimage winter avia-full-stretch av-parallax-section avia-bg-style-parallax av-minimum-height av-minimum-height-50 av-height-50  container_wrap fullsize'  data-section-bg-repeat='stretch' data-av_minimum_height_pc='50' data-av_min_height_opt='50'><div class='av-parallax' data-avia-parallax-ratio='0.3' ><div class='av-parallax-inner main_color avia-full-stretch'><\/div><\/div><div class='container av-section-cont-open' ><main  role=\"main\" itemprop=\"mainContentOfPage\"  class='template-page content  av-content-full alpha units'><div class='post-entry post-entry-type-page post-entry-14082'><div class='entry-content-wrapper clearfix'>\n<\/div><\/div><\/main><!-- close content main element --><\/div><\/div>\n<style type=\"text\/css\" data-created_by=\"avia_inline_auto\" id=\"style-css-av-kbax8y3e-aaeddf495aa999bed5d89b92eda4f241\">\n.avia-section.av-kbax8y3e-aaeddf495aa999bed5d89b92eda4f241 .av-parallax .av-parallax-inner{\nbackground-repeat:no-repeat;\nbackground-image:url(https:\/\/unterbaech.ch\/wp-content\/uploads\/DSC07619_\u00a9marcoschnyder.jpg);\nbackground-position:50% 50%;\nbackground-attachment:scroll;\n}\n<\/style>\n<div id='av_section_2'  class='avia-section av-kbax8y3e-aaeddf495aa999bed5d89b92eda4f241 main_color avia-section-default avia-no-border-styling  avia-builder-el-1  el_after_av_section  el_before_av_section  section-fullwidthimage summer avia-full-stretch av-parallax-section avia-bg-style-parallax av-minimum-height av-minimum-height-50 av-height-50  container_wrap fullsize'  data-section-bg-repeat='stretch' data-av_minimum_height_pc='50' data-av_min_height_opt='50'><div class='av-parallax' data-avia-parallax-ratio='0.3' ><div class='av-parallax-inner main_color avia-full-stretch'><\/div><\/div><div class='container av-section-cont-open' ><div class='template-page content  av-content-full alpha units'><div class='post-entry post-entry-type-page post-entry-14082'><div class='entry-content-wrapper clearfix'>\n<\/div><\/div><\/div><!-- close content main div --><\/div><\/div><div id='av_section_3'  class='avia-section av-1n2h9-eef07d2470a934665895b572bc96122f main_color avia-section-default avia-no-border-styling  avia-builder-el-2  el_after_av_section  el_before_av_layout_row  section-leadtext onecol avia-bg-style-scroll container_wrap fullsize'  ><div class='container av-section-cont-open' ><div class='template-page content  av-content-full alpha units'><div class='post-entry post-entry-type-page post-entry-14082'><div class='entry-content-wrapper clearfix'>\n<section  class='av_textblock_section av-kbawhdx8-9a55faeefcbf4e8706dea9c49b9010c2 '   itemscope=\"itemscope\" itemtype=\"https:\/\/schema.org\/CreativeWork\" ><div class='avia_textblock'  itemprop=\"text\" ><p style=\"text-align: center;\" data-mce-style=\"text-align: center;\"><strong>CONNECT\u00c9S LES UNS AUX AUTRES<br \/><\/strong><\/p>\n<h3 style=\"text-align: center;\" data-mce-style=\"text-align: center;\">BUS DE SKI ET DE RANDONN\u00c9E<\/h3>\n<\/div><\/section>\n<section  class='av_textblock_section av-kbawhdx8-5c9a91cb4cd9aec824ca2294ed47cb9c '   itemscope=\"itemscope\" itemtype=\"https:\/\/schema.org\/CreativeWork\" ><div class='avia_textblock lead'  itemprop=\"text\" ><p style=\"text-align: center;\">Le bus de ski et de randonn\u00e9e relie les villages d&rsquo;Unterb\u00e4ch, B\u00fcrchen, Eischoll et Ergisch.<\/p>\n<\/div><\/section>\n<\/div><\/div><\/div><!-- close content main div --><\/div><\/div><div id='av-layout-grid-1'  class='av-layout-grid-container av-kbanl75v-7d823044904a4925158e86ffc12a8895 entry-content-wrapper alternate_color av-flex-cells av-break-at-tablet  avia-builder-el-5  el_after_av_section  el_before_av_hr  tilemenu grid-notfull grid-row-not-first  container_wrap fullsize'  >\n\n<style type=\"text\/css\" data-created_by=\"avia_inline_auto\" id=\"style-css-av-1zpsx-94a9eccd61f58cb9199f4022d464ca1e\">\n.flex_cell.av-1zpsx-94a9eccd61f58cb9199f4022d464ca1e{\nvertical-align:top;\n}\n.responsive #top #wrap_all .flex_cell.av-1zpsx-94a9eccd61f58cb9199f4022d464ca1e{\npadding:0px 30px 0px 30px !important;\n}\n<\/style>\n<a class=\"av-screen-reader-only\" href=\"https:\/\/unterbaech.ch\/unterbaech\/winter\/skibus\/\" >Lier vers : Skibus<\/a><div class='flex_cell av-1zpsx-94a9eccd61f58cb9199f4022d464ca1e av-gridrow-cell av_one_half no_margin  avia-builder-el-6  el_before_av_cell_one_half  avia-builder-el-first  content-align-top avia-link-column av-cell-link avia-link-column-hover'  data-link-column-url=\"https:\/\/unterbaech.ch\/unterbaech\/winter\/skibus\/\"  ><div class='flex_cell_inner'>\n<style type=\"text\/css\" data-created_by=\"avia_inline_auto\" id=\"style-css-av-kbanicp9-51b3b612eec47fbf953f61ec508f733c\">\n.flex_column.av-kbanicp9-51b3b612eec47fbf953f61ec508f733c{\nborder-radius:0px 0px 0px 0px;\npadding:0px 0px 0px 0px;\n}\n<\/style>\n<div  class='flex_column av-kbanicp9-51b3b612eec47fbf953f61ec508f733c av_one_full  avia-builder-el-7  avia-builder-el-no-sibling  first flex_column_div av-zero-column-padding avia-full-stretch avia-link-column av-column-link  '    data-link-column-url=\"https:\/\/unterbaech.ch\/unterbaech\/winter\/skibus\/\"   ><a class=\"av-screen-reader-only\" href=https:\/\/unterbaech.ch\/unterbaech\/winter\/skibus\/ >Lier vers : Skibus<\/a><p>\n<style type=\"text\/css\" data-created_by=\"avia_inline_auto\" id=\"style-css-av-kbanwkh0-e3650a148aa9cc80ac6dac3d6e6fb86e\">\n.avia-image-container.av-kbanwkh0-e3650a148aa9cc80ac6dac3d6e6fb86e img.avia_image{\nbox-shadow:none;\n}\n.avia-image-container.av-kbanwkh0-e3650a148aa9cc80ac6dac3d6e6fb86e .av-image-caption-overlay-center{\ncolor:#ffffff;\n}\n<\/style>\n<div  class='avia-image-container av-kbanwkh0-e3650a148aa9cc80ac6dac3d6e6fb86e av-styling- avia-align-center  avia-builder-el-8  el_before_av_textblock  avia-builder-el-first '   itemprop=\"image\" itemscope=\"itemscope\" itemtype=\"https:\/\/schema.org\/ImageObject\" ><div class=\"avia-image-container-inner\"><div class=\"avia-image-overlay-wrap\"><img decoding=\"async\" fetchpriority=\"high\" class='wp-image-1853 avia-img-lazy-loading-not-1853 avia_image ' src=\"https:\/\/unterbaech.ch\/wp-content\/uploads\/2020\/07\/DSC06208-475x475.jpg\" alt='Skifahren in Unterb\u00e4ch' title='DSC06208'  height=\"475\" width=\"475\"  itemprop=\"thumbnailUrl\" srcset=\"https:\/\/unterbaech.ch\/wp-content\/uploads\/2020\/07\/DSC06208-475x475.jpg 475w, https:\/\/unterbaech.ch\/wp-content\/uploads\/2020\/07\/DSC06208-80x80.jpg 80w, https:\/\/unterbaech.ch\/wp-content\/uploads\/2020\/07\/DSC06208-36x36.jpg 36w\" sizes=\"(max-width: 475px) 100vw, 475px\" \/><\/div><\/div><\/div><br \/>\n<section  class='av_textblock_section av-kbanhgxd-cc767b94b964f244d478387d2aec597c '   itemscope=\"itemscope\" itemtype=\"https:\/\/schema.org\/CreativeWork\" ><div class='avia_textblock'  itemprop=\"text\" ><p><em>Hiver<\/em><\/p>\n<p><strong>Bus de ski<\/strong><\/p>\n<\/div><\/section><\/p><\/div>\n<\/div><\/div>\n<style type=\"text\/css\" data-created_by=\"avia_inline_auto\" id=\"style-css-av-1zpsx-21d338b725a827ea63a92397d380c7bb\">\n.flex_cell.av-1zpsx-21d338b725a827ea63a92397d380c7bb{\nvertical-align:top;\n}\n.responsive #top #wrap_all .flex_cell.av-1zpsx-21d338b725a827ea63a92397d380c7bb{\npadding:0px 30px 0px 30px !important;\n}\n<\/style>\n<a class=\"av-screen-reader-only\" href=\"https:\/\/unterbaech.ch\/unterbaech\/sommer\/wandern\/wanderbus\/\" >Lier vers : Wanderbus<\/a><div class='flex_cell av-1zpsx-21d338b725a827ea63a92397d380c7bb av-gridrow-cell av_one_half no_margin  avia-builder-el-10  el_after_av_cell_one_half  avia-builder-el-last  content-align-top avia-link-column av-cell-link avia-link-column-hover'  data-link-column-url=\"https:\/\/unterbaech.ch\/unterbaech\/sommer\/wandern\/wanderbus\/\"  ><div class='flex_cell_inner'>\n<style type=\"text\/css\" data-created_by=\"avia_inline_auto\" id=\"style-css-av-kbanicp9-6a97e802d74d9abbde0fdc039bd088be\">\n.flex_column.av-kbanicp9-6a97e802d74d9abbde0fdc039bd088be{\nborder-radius:0px 0px 0px 0px;\npadding:0px 0px 0px 0px;\n}\n<\/style>\n<div  class='flex_column av-kbanicp9-6a97e802d74d9abbde0fdc039bd088be av_one_full  avia-builder-el-11  avia-builder-el-no-sibling  first flex_column_div av-zero-column-padding avia-full-stretch  '     ><p>\n<style type=\"text\/css\" data-created_by=\"avia_inline_auto\" id=\"style-css-av-kbanwkh0-94bd5111c6da2a81069e9d3e63192dd2\">\n.avia-image-container.av-kbanwkh0-94bd5111c6da2a81069e9d3e63192dd2 img.avia_image{\nbox-shadow:none;\n}\n.avia-image-container.av-kbanwkh0-94bd5111c6da2a81069e9d3e63192dd2 .av-image-caption-overlay-center{\ncolor:#ffffff;\n}\n<\/style>\n<div  class='avia-image-container av-kbanwkh0-94bd5111c6da2a81069e9d3e63192dd2 av-styling- avia-align-center  avia-builder-el-12  el_before_av_textblock  avia-builder-el-first '   itemprop=\"image\" itemscope=\"itemscope\" itemtype=\"https:\/\/schema.org\/ImageObject\" ><div class=\"avia-image-container-inner\"><div class=\"avia-image-overlay-wrap\"><img decoding=\"async\" fetchpriority=\"high\" class='wp-image-6285 avia-img-lazy-loading-not-6285 avia_image ' src=\"https:\/\/unterbaech.ch\/wp-content\/uploads\/DSC08681_\u00a9marcoschnyder-475x475.jpg\" alt='Wanderweg beim Becki Unterb\u00e4ch' title='DSC08681_\u00a9marcoschnyder'  height=\"475\" width=\"475\"  itemprop=\"thumbnailUrl\" srcset=\"https:\/\/unterbaech.ch\/wp-content\/uploads\/DSC08681_\u00a9marcoschnyder-475x475.jpg 475w, https:\/\/unterbaech.ch\/wp-content\/uploads\/DSC08681_\u00a9marcoschnyder-80x80.jpg 80w, https:\/\/unterbaech.ch\/wp-content\/uploads\/DSC08681_\u00a9marcoschnyder-36x36.jpg 36w\" sizes=\"(max-width: 475px) 100vw, 475px\" \/><\/div><\/div><\/div><br \/>\n<section  class='av_textblock_section av-kbanhgxd-cc767b94b964f244d478387d2aec597c '   itemscope=\"itemscope\" itemtype=\"https:\/\/schema.org\/CreativeWork\" ><div class='avia_textblock'  itemprop=\"text\" ><p><em>\u00c9t\u00e9<\/em><\/p>\n<p><strong>Bus de randonn\u00e9e<\/strong><\/p>\n<\/div><\/section><\/p><\/div>\n<\/div><\/div>\n<\/div><div id='after_grid_row_1'  class='main_color av_default_container_wrap container_wrap fullsize'  ><div class='container av-section-cont-open' ><div class='template-page content  av-content-full alpha units'><div class='post-entry post-entry-type-page post-entry-14082'><div class='entry-content-wrapper clearfix'><\/p>\n\n<style type=\"text\/css\" data-created_by=\"avia_inline_auto\" id=\"style-css-av-8sso9m3-3b132f736b8b6ae91953dd84e556ada4\">\n#top .hr.hr-invisible.av-8sso9m3-3b132f736b8b6ae91953dd84e556ada4{\nheight:25px;\n}\n<\/style>\n<div  class='hr av-8sso9m3-3b132f736b8b6ae91953dd84e556ada4 hr-invisible  avia-builder-el-14  el_after_av_layout_row  avia-builder-el-no-sibling '><span class='hr-inner '><span class=\"hr-inner-style\"><\/span><\/span><\/div>\n","protected":false},"excerpt":{"rendered":"","protected":false},"author":8,"featured_media":0,"parent":14073,"menu_order":0,"comment_status":"closed","ping_status":"closed","template":"","meta":{"inline_featured_image":false,"footnotes":""},"class_list":["post-14082","page","type-page","status-publish","hentry"],"yoast_head":"<!-- This site is optimized with the Yoast SEO plugin v27.3 - https:\/\/yoast.com\/product\/yoast-seo-wordpress\/ -->\n<title>Bus pour le ski et la randonn\u00e9e - Unterb\u00e4ch %<\/title>\n<meta name=\"description\" content=\"Le bus de ski et de randonn\u00e9e relie les villages d&#039;Unterb\u00e4ch, B\u00fcrchen, Eischoll et Ergisch.\" \/>\n<meta name=\"robots\" content=\"index, follow, max-snippet:-1, max-image-preview:large, max-video-preview:-1\" \/>\n<link rel=\"canonical\" href=\"https:\/\/unterbaech.ch\/fr\/planifier-reserver\/mobilite\/bus-pour-le-ski-et-la-randonnee\/\" \/>\n<meta property=\"og:locale\" content=\"fr_FR\" \/>\n<meta property=\"og:type\" content=\"article\" \/>\n<meta property=\"og:title\" content=\"Bus pour le ski et la randonn\u00e9e - Unterb\u00e4ch %\" \/>\n<meta property=\"og:description\" content=\"Le bus de ski et de randonn\u00e9e relie les villages d&#039;Unterb\u00e4ch, B\u00fcrchen, Eischoll et Ergisch.\" \/>\n<meta property=\"og:url\" content=\"https:\/\/unterbaech.ch\/fr\/planifier-reserver\/mobilite\/bus-pour-le-ski-et-la-randonnee\/\" \/>\n<meta property=\"og:site_name\" content=\"Unterb\u00e4ch\" \/>\n<meta property=\"article:publisher\" content=\"https:\/\/www.facebook.com\/unterbaech\" \/>\n<meta property=\"article:modified_time\" content=\"2022-01-03T11:00:39+00:00\" \/>\n<meta name=\"twitter:card\" content=\"summary_large_image\" \/>\n<meta name=\"twitter:label1\" content=\"Dur\u00e9e de lecture estim\u00e9e\" \/>\n\t<meta name=\"twitter:data1\" content=\"6 minutes\" \/>\n<script type=\"application\/ld+json\" class=\"yoast-schema-graph\">{\"@context\":\"https:\\\/\\\/schema.org\",\"@graph\":[{\"@type\":\"WebPage\",\"@id\":\"https:\\\/\\\/unterbaech.ch\\\/fr\\\/planifier-reserver\\\/mobilite\\\/bus-pour-le-ski-et-la-randonnee\\\/\",\"url\":\"https:\\\/\\\/unterbaech.ch\\\/fr\\\/planifier-reserver\\\/mobilite\\\/bus-pour-le-ski-et-la-randonnee\\\/\",\"name\":\"Bus pour le ski et la randonn\u00e9e - Unterb\u00e4ch %\",\"isPartOf\":{\"@id\":\"https:\\\/\\\/unterbaech.ch\\\/fr\\\/#website\"},\"datePublished\":\"2021-10-27T09:44:39+00:00\",\"dateModified\":\"2022-01-03T11:00:39+00:00\",\"description\":\"Le bus de ski et de randonn\u00e9e relie les villages d'Unterb\u00e4ch, B\u00fcrchen, Eischoll et Ergisch.\",\"breadcrumb\":{\"@id\":\"https:\\\/\\\/unterbaech.ch\\\/fr\\\/planifier-reserver\\\/mobilite\\\/bus-pour-le-ski-et-la-randonnee\\\/#breadcrumb\"},\"inLanguage\":\"fr-FR\",\"potentialAction\":[{\"@type\":\"ReadAction\",\"target\":[\"https:\\\/\\\/unterbaech.ch\\\/fr\\\/planifier-reserver\\\/mobilite\\\/bus-pour-le-ski-et-la-randonnee\\\/\"]}]},{\"@type\":\"BreadcrumbList\",\"@id\":\"https:\\\/\\\/unterbaech.ch\\\/fr\\\/planifier-reserver\\\/mobilite\\\/bus-pour-le-ski-et-la-randonnee\\\/#breadcrumb\",\"itemListElement\":[{\"@type\":\"ListItem\",\"position\":1,\"name\":\"Startseite\",\"item\":\"https:\\\/\\\/unterbaech.ch\\\/fr\\\/accueil\\\/\"},{\"@type\":\"ListItem\",\"position\":2,\"name\":\"Planifier &#038; r\u00e9server\",\"item\":\"https:\\\/\\\/unterbaech.ch\\\/fr\\\/planifier-reserver\\\/\"},{\"@type\":\"ListItem\",\"position\":3,\"name\":\"MOBILIT\u00c9\",\"item\":\"https:\\\/\\\/unterbaech.ch\\\/fr\\\/planifier-reserver\\\/mobilite\\\/\"},{\"@type\":\"ListItem\",\"position\":4,\"name\":\"Bus pour le ski et la randonn\u00e9e\"}]},{\"@type\":\"WebSite\",\"@id\":\"https:\\\/\\\/unterbaech.ch\\\/fr\\\/#website\",\"url\":\"https:\\\/\\\/unterbaech.ch\\\/fr\\\/\",\"name\":\"Unterb\u00e4ch\",\"description\":\"\",\"publisher\":{\"@id\":\"https:\\\/\\\/unterbaech.ch\\\/fr\\\/#organization\"},\"potentialAction\":[{\"@type\":\"SearchAction\",\"target\":{\"@type\":\"EntryPoint\",\"urlTemplate\":\"https:\\\/\\\/unterbaech.ch\\\/fr\\\/?s={search_term_string}\"},\"query-input\":{\"@type\":\"PropertyValueSpecification\",\"valueRequired\":true,\"valueName\":\"search_term_string\"}}],\"inLanguage\":\"fr-FR\"},{\"@type\":\"Organization\",\"@id\":\"https:\\\/\\\/unterbaech.ch\\\/fr\\\/#organization\",\"name\":\"Unterb\u00e4ch Tourismus\",\"url\":\"https:\\\/\\\/unterbaech.ch\\\/fr\\\/\",\"logo\":{\"@type\":\"ImageObject\",\"inLanguage\":\"fr-FR\",\"@id\":\"https:\\\/\\\/unterbaech.ch\\\/fr\\\/#\\\/schema\\\/logo\\\/image\\\/\",\"url\":\"https:\\\/\\\/unterbaech.ch\\\/wp-content\\\/uploads\\\/Logo-1.png\",\"contentUrl\":\"https:\\\/\\\/unterbaech.ch\\\/wp-content\\\/uploads\\\/Logo-1.png\",\"width\":1125,\"height\":1102,\"caption\":\"Unterb\u00e4ch Tourismus\"},\"image\":{\"@id\":\"https:\\\/\\\/unterbaech.ch\\\/fr\\\/#\\\/schema\\\/logo\\\/image\\\/\"},\"sameAs\":[\"https:\\\/\\\/www.facebook.com\\\/unterbaech\",\"https:\\\/\\\/www.instagram.com\\\/visit.unterbaech\\\/\",\"https:\\\/\\\/de.wikipedia.org\\\/wiki\\\/Unterb\u00e4ch\"]}]}<\/script>\n<!-- \/ Yoast SEO plugin. -->","yoast_head_json":{"title":"Bus pour le ski et la randonn\u00e9e - Unterb\u00e4ch %","description":"Le bus de ski et de randonn\u00e9e relie les villages d'Unterb\u00e4ch, B\u00fcrchen, Eischoll et Ergisch.","robots":{"index":"index","follow":"follow","max-snippet":"max-snippet:-1","max-image-preview":"max-image-preview:large","max-video-preview":"max-video-preview:-1"},"canonical":"https:\/\/unterbaech.ch\/fr\/planifier-reserver\/mobilite\/bus-pour-le-ski-et-la-randonnee\/","og_locale":"fr_FR","og_type":"article","og_title":"Bus pour le ski et la randonn\u00e9e - Unterb\u00e4ch %","og_description":"Le bus de ski et de randonn\u00e9e relie les villages d'Unterb\u00e4ch, B\u00fcrchen, Eischoll et Ergisch.","og_url":"https:\/\/unterbaech.ch\/fr\/planifier-reserver\/mobilite\/bus-pour-le-ski-et-la-randonnee\/","og_site_name":"Unterb\u00e4ch","article_publisher":"https:\/\/www.facebook.com\/unterbaech","article_modified_time":"2022-01-03T11:00:39+00:00","twitter_card":"summary_large_image","twitter_misc":{"Dur\u00e9e de lecture estim\u00e9e":"6 minutes"},"schema":{"@context":"https:\/\/schema.org","@graph":[{"@type":"WebPage","@id":"https:\/\/unterbaech.ch\/fr\/planifier-reserver\/mobilite\/bus-pour-le-ski-et-la-randonnee\/","url":"https:\/\/unterbaech.ch\/fr\/planifier-reserver\/mobilite\/bus-pour-le-ski-et-la-randonnee\/","name":"Bus pour le ski et la randonn\u00e9e - Unterb\u00e4ch %","isPartOf":{"@id":"https:\/\/unterbaech.ch\/fr\/#website"},"datePublished":"2021-10-27T09:44:39+00:00","dateModified":"2022-01-03T11:00:39+00:00","description":"Le bus de ski et de randonn\u00e9e relie les villages d'Unterb\u00e4ch, B\u00fcrchen, Eischoll et Ergisch.","breadcrumb":{"@id":"https:\/\/unterbaech.ch\/fr\/planifier-reserver\/mobilite\/bus-pour-le-ski-et-la-randonnee\/#breadcrumb"},"inLanguage":"fr-FR","potentialAction":[{"@type":"ReadAction","target":["https:\/\/unterbaech.ch\/fr\/planifier-reserver\/mobilite\/bus-pour-le-ski-et-la-randonnee\/"]}]},{"@type":"BreadcrumbList","@id":"https:\/\/unterbaech.ch\/fr\/planifier-reserver\/mobilite\/bus-pour-le-ski-et-la-randonnee\/#breadcrumb","itemListElement":[{"@type":"ListItem","position":1,"name":"Startseite","item":"https:\/\/unterbaech.ch\/fr\/accueil\/"},{"@type":"ListItem","position":2,"name":"Planifier &#038; r\u00e9server","item":"https:\/\/unterbaech.ch\/fr\/planifier-reserver\/"},{"@type":"ListItem","position":3,"name":"MOBILIT\u00c9","item":"https:\/\/unterbaech.ch\/fr\/planifier-reserver\/mobilite\/"},{"@type":"ListItem","position":4,"name":"Bus pour le ski et la randonn\u00e9e"}]},{"@type":"WebSite","@id":"https:\/\/unterbaech.ch\/fr\/#website","url":"https:\/\/unterbaech.ch\/fr\/","name":"Unterb\u00e4ch","description":"","publisher":{"@id":"https:\/\/unterbaech.ch\/fr\/#organization"},"potentialAction":[{"@type":"SearchAction","target":{"@type":"EntryPoint","urlTemplate":"https:\/\/unterbaech.ch\/fr\/?s={search_term_string}"},"query-input":{"@type":"PropertyValueSpecification","valueRequired":true,"valueName":"search_term_string"}}],"inLanguage":"fr-FR"},{"@type":"Organization","@id":"https:\/\/unterbaech.ch\/fr\/#organization","name":"Unterb\u00e4ch Tourismus","url":"https:\/\/unterbaech.ch\/fr\/","logo":{"@type":"ImageObject","inLanguage":"fr-FR","@id":"https:\/\/unterbaech.ch\/fr\/#\/schema\/logo\/image\/","url":"https:\/\/unterbaech.ch\/wp-content\/uploads\/Logo-1.png","contentUrl":"https:\/\/unterbaech.ch\/wp-content\/uploads\/Logo-1.png","width":1125,"height":1102,"caption":"Unterb\u00e4ch Tourismus"},"image":{"@id":"https:\/\/unterbaech.ch\/fr\/#\/schema\/logo\/image\/"},"sameAs":["https:\/\/www.facebook.com\/unterbaech","https:\/\/www.instagram.com\/visit.unterbaech\/","https:\/\/de.wikipedia.org\/wiki\/Unterb\u00e4ch"]}]}},"_links":{"self":[{"href":"https:\/\/unterbaech.ch\/fr\/wp-json\/wp\/v2\/pages\/14082","targetHints":{"allow":["GET"]}}],"collection":[{"href":"https:\/\/unterbaech.ch\/fr\/wp-json\/wp\/v2\/pages"}],"about":[{"href":"https:\/\/unterbaech.ch\/fr\/wp-json\/wp\/v2\/types\/page"}],"author":[{"embeddable":true,"href":"https:\/\/unterbaech.ch\/fr\/wp-json\/wp\/v2\/users\/8"}],"replies":[{"embeddable":true,"href":"https:\/\/unterbaech.ch\/fr\/wp-json\/wp\/v2\/comments?post=14082"}],"version-history":[{"count":0,"href":"https:\/\/unterbaech.ch\/fr\/wp-json\/wp\/v2\/pages\/14082\/revisions"}],"up":[{"embeddable":true,"href":"https:\/\/unterbaech.ch\/fr\/wp-json\/wp\/v2\/pages\/14073"}],"wp:attachment":[{"href":"https:\/\/unterbaech.ch\/fr\/wp-json\/wp\/v2\/media?parent=14082"}],"curies":[{"name":"wp","href":"https:\/\/api.w.org\/{rel}","templated":true}]}}