{"id":14089,"date":"2021-10-27T11:55:48","date_gmt":"2021-10-27T09:55:48","guid":{"rendered":"https:\/\/unterbaech.ch\/bus-de-randonnee\/"},"modified":"2026-01-12T09:32:41","modified_gmt":"2026-01-12T08:32:41","slug":"bus-de-randonnee","status":"publish","type":"page","link":"https:\/\/unterbaech.ch\/fr\/decouvertes-et-experiences\/lete\/randonnees\/bus-de-randonnee\/","title":{"rendered":"Bus de randonn\u00e9e"},"content":{"rendered":"\n<style type=\"text\/css\" data-created_by=\"avia_inline_auto\" id=\"style-css-av-kbax8y3e-7cee204807cf0b73683f7027a1dae70d\">\n.avia-section.av-kbax8y3e-7cee204807cf0b73683f7027a1dae70d .av-parallax .av-parallax-inner{\nbackground-repeat:no-repeat;\nbackground-image:url(https:\/\/unterbaech.ch\/wp-content\/uploads\/DSC08966_\u00a9marcoschnyder-scaled.jpg);\nbackground-position:50% 50%;\nbackground-attachment:scroll;\n}\n<\/style>\n<div id='av_section_1'  class='avia-section av-kbax8y3e-7cee204807cf0b73683f7027a1dae70d main_color avia-section-default avia-no-border-styling  avia-builder-el-0  el_before_av_section  avia-builder-el-first  section-fullwidthimage avia-full-stretch av-parallax-section avia-bg-style-parallax av-minimum-height av-minimum-height-50 av-height-50  container_wrap fullsize'  data-section-bg-repeat='stretch' data-av_minimum_height_pc='50' data-av_min_height_opt='50'><div class='av-parallax' data-avia-parallax-ratio='0.3' ><div class='av-parallax-inner main_color avia-full-stretch'><\/div><\/div><div class='container av-section-cont-open' ><main  role=\"main\" itemprop=\"mainContentOfPage\"  class='template-page content  av-content-full alpha units'><div class='post-entry post-entry-type-page post-entry-14089'><div class='entry-content-wrapper clearfix'>\n<\/div><\/div><\/main><!-- close content main element --><\/div><\/div><div id='av_section_2'  class='avia-section av-1n2h9-eef07d2470a934665895b572bc96122f main_color avia-section-default avia-no-border-styling  avia-builder-el-1  el_after_av_section  avia-builder-el-last  section-leadtext onecol avia-bg-style-scroll container_wrap fullsize'  ><div class='container av-section-cont-open' ><div class='template-page content  av-content-full alpha units'><div class='post-entry post-entry-type-page post-entry-14089'><div class='entry-content-wrapper clearfix'>\n<section  class='av_textblock_section av-kbawhdx8-9a55faeefcbf4e8706dea9c49b9010c2 '   itemscope=\"itemscope\" itemtype=\"https:\/\/schema.org\/CreativeWork\" ><div class='avia_textblock'  itemprop=\"text\" ><p style=\"text-align: center;\"><strong>EN PLEINE NATURE AVEC LE BUS DE RANDONN\u00c9E<br \/>\n<\/strong><\/p>\n<h3 style=\"text-align: center;\">BUS DE RANDONN\u00c9E<\/h3>\n<\/div><\/section>\n<section  class='av_textblock_section av-kbawhdx8-6-2c808671e292dc1737cbefd67945003e '   itemscope=\"itemscope\" itemtype=\"https:\/\/schema.org\/CreativeWork\" ><div class='avia_textblock lead'  itemprop=\"text\" ><p style=\"text-align: center;\">Partez dans la nature en bus de randonn\u00e9e. Vous voulez explorer une randonn\u00e9e dans le village voisin? Pendant l\u2019\u00e9t\u00e9, le bus de randonn\u00e9e circule tous les mercredis sur rendez-vous et vous am\u00e8ne rapidement et confortablement au point de d\u00e9part de votre randonn\u00e9e.<\/p>\n<\/div><\/section>\n<section  class='av_textblock_section av-kbawhdx8-5-bfdc496dd00e5fba9482c3dc45a2cfe9 '   itemscope=\"itemscope\" itemtype=\"https:\/\/schema.org\/CreativeWork\" ><div class='avia_textblock lead'  itemprop=\"text\" ><p style=\"text-align: center;\"><strong>Horaires:<\/strong> tous les mercredis du 1er juillet 2026 au 7 octobre 2026<\/p>\n<\/div><\/section>\n<div class='avia-data-table-wrap av-ahtdt-519a29a99bd24effe53d39ffa2ba4f9a avia_scrollable_table avia-table-1'><table  class='avia-table avia-data-table avia_pricing_default  avia-builder-el-5  el_after_av_textblock  el_before_av_table '  itemscope=\"itemscope\" itemtype=\"https:\/\/schema.org\/Table\" ><tbody><tr class='avia-heading-row'><th class=''><\/th><th class=''>MATIN<\/th><th class=''>APR\u00c8S-MIDI<\/th><\/tr><tr class=''><td class=''>Unterb\u00e4ch, t\u00e9l\u00e9ph\u00e9rique<\/td><td class=''>08.00h<\/td><td class=''>15.55h<\/td><\/tr><tr class=''><td class=''>B\u00fcrchen, Ronalp<\/td><td class=''>08.15h<\/td><td class=''>16.10h<\/td><\/tr><tr class=''><td class=''>Unterb\u00e4ch, t\u00e9l\u00e9ph\u00e9rique<\/td><td class=''>08.30h<\/td><td class=''>16.25h<\/td><\/tr><tr class=''><td class=''>Eischoll, parking<\/td><td class=''>08.35h<\/td><td class=''>16.30h<\/td><\/tr><tr class=''><td class=''>Ergisch H\u00e4ngert, village<\/td><td class=''>08.50h<\/td><td class=''>16.45h<\/td><\/tr><\/tbody><\/table><\/div>\n<div class='avia-data-table-wrap av-ahtdt-3-3b89c332463c0cdeb7183fbf429a960a avia_scrollable_table avia-table-2'><table  class='avia-table avia-data-table avia_pricing_default  avia-builder-el-6  el_after_av_table  el_before_av_textblock '  itemscope=\"itemscope\" itemtype=\"https:\/\/schema.org\/Table\" ><tbody><tr class='avia-heading-row'><th class=''><\/th><th class=''>MATIN<\/th><th class=''>APR\u00c8S-MIDI<\/th><\/tr><tr class=''><td class=''>Ergisch H\u00e4ngert, village<\/td><td class=''>09.05h<\/td><td class=''>17.00h<\/td><\/tr><tr class=''><td class=''>Eischoll, parking<\/td><td class=''>09.20h<\/td><td class=''>17.15h<\/td><\/tr><tr class=''><td class=''>Unterb\u00e4ch, t\u00e9l\u00e9ph\u00e9rique<\/td><td class=''>09.25h<\/td><td class=''>17.30h<\/td><\/tr><tr class=''><td class=''>B\u00fcrchen, Ronalp<\/td><td class=''>09.40h<\/td><td class=''>17.45h<\/td><\/tr><tr class=''><td class=''>Unterb\u00e4ch, t\u00e9l\u00e9ph\u00e9rique<\/td><td class=''>09.50h<\/td><td class=''>18.00h<\/td><\/tr><\/tbody><\/table><\/div>\n<section  class='av_textblock_section av-kbawhdx8-4-dd641b3b9476498f67b92d6edb7733d2 '   itemscope=\"itemscope\" itemtype=\"https:\/\/schema.org\/CreativeWork\" ><div class='avia_textblock lead'  itemprop=\"text\" ><p style=\"text-align: center;\"><strong>Prix:<\/strong><\/p>\n<\/div><\/section>\n<div class='avia-data-table-wrap av-ahtdt-2-dc8b4d1e04015faea739e67324e1769d avia_scrollable_table avia-table-3'><table  class='avia-table avia-data-table avia_pricing_default  avia-builder-el-8  el_after_av_textblock  el_before_av_textblock '  itemscope=\"itemscope\" itemtype=\"https:\/\/schema.org\/Table\" ><tbody><tr class='avia-heading-row'><th class=''><\/th><th class=''>AVEC CARTE TOURISTIQUE \u00ab\u00a0REGION OBERWALLIS\u00a0\u00bb ET LOCALE<\/th><th class=''>SANS CARTE TOURISTIQUE<\/th><\/tr><tr class=''><td class=''>Aller simple B\u00fcrchen &#8211; Ergisch<\/td><td class=''>CHF 5.00<\/td><td class=''>CHF 8.00<\/td><\/tr><tr class=''><td class=''>Enfants de moins de 16 ans accompagn\u00e9s d\u2019un parent<\/td><td class=''>gratuit<\/td><td class=''><\/td><\/tr><\/tbody><\/table><\/div>\n<section  class='av_textblock_section av-kbawhdx8-1-7f120ecd892d91d6d833ed1e4a1c73d9 '   itemscope=\"itemscope\" itemtype=\"https:\/\/schema.org\/CreativeWork\" ><div class='avia_textblock lead'  itemprop=\"text\" ><p><strong>Important:<\/strong> Le bus de randonn\u00e9e circule aux dates mentionn\u00e9es ci-dessus sur r\u00e9servation pr\u00e9alable jusqu\u2019\u00e0 7h45 le matin au +41\u00a027\u00a0934\u00a011\u00a086.<\/p>\n<\/div><\/section>\n\n","protected":false},"excerpt":{"rendered":"","protected":false},"author":8,"featured_media":0,"parent":14231,"menu_order":0,"comment_status":"closed","ping_status":"closed","template":"","meta":{"inline_featured_image":false,"footnotes":""},"class_list":["post-14089","page","type-page","status-publish","hentry"],"yoast_head":"<!-- This site is optimized with the Yoast SEO plugin v27.3 - https:\/\/yoast.com\/product\/yoast-seo-wordpress\/ -->\n<title>Bus de randonn\u00e9e - Unterb\u00e4ch<\/title>\n<meta name=\"description\" content=\"Partez dans la nature en bus de randonn\u00e9e. Vous voulez explorer une randonn\u00e9e dans le village voisin? Pendant l\u2019\u00e9t\u00e9, le bus de randonn\u00e9e circule tous les mercredis sur rendez-vous et vous am\u00e8ne rapidement et confortablement au point de d\u00e9part de votre randonn\u00e9e.\" \/>\n<meta name=\"robots\" content=\"index, follow, max-snippet:-1, max-image-preview:large, max-video-preview:-1\" \/>\n<link rel=\"canonical\" href=\"https:\/\/unterbaech.ch\/fr\/decouvertes-et-experiences\/lete\/randonnees\/bus-de-randonnee\/\" \/>\n<meta property=\"og:locale\" content=\"fr_FR\" \/>\n<meta property=\"og:type\" content=\"article\" \/>\n<meta property=\"og:title\" content=\"Bus de randonn\u00e9e - Unterb\u00e4ch\" \/>\n<meta property=\"og:description\" content=\"Partez dans la nature en bus de randonn\u00e9e. Vous voulez explorer une randonn\u00e9e dans le village voisin? Pendant l\u2019\u00e9t\u00e9, le bus de randonn\u00e9e circule tous les mercredis sur rendez-vous et vous am\u00e8ne rapidement et confortablement au point de d\u00e9part de votre randonn\u00e9e.\" \/>\n<meta property=\"og:url\" content=\"https:\/\/unterbaech.ch\/fr\/decouvertes-et-experiences\/lete\/randonnees\/bus-de-randonnee\/\" \/>\n<meta property=\"og:site_name\" content=\"Unterb\u00e4ch\" \/>\n<meta property=\"article:publisher\" content=\"https:\/\/www.facebook.com\/unterbaech\" \/>\n<meta property=\"article:modified_time\" content=\"2026-01-12T08:32:41+00:00\" \/>\n<meta name=\"twitter:card\" content=\"summary_large_image\" \/>\n<meta name=\"twitter:label1\" content=\"Dur\u00e9e de lecture estim\u00e9e\" \/>\n\t<meta name=\"twitter:data1\" content=\"1 minute\" \/>\n<script type=\"application\/ld+json\" class=\"yoast-schema-graph\">{\"@context\":\"https:\\\/\\\/schema.org\",\"@graph\":[{\"@type\":\"WebPage\",\"@id\":\"https:\\\/\\\/unterbaech.ch\\\/fr\\\/decouvertes-et-experiences\\\/lete\\\/randonnees\\\/bus-de-randonnee\\\/\",\"url\":\"https:\\\/\\\/unterbaech.ch\\\/fr\\\/decouvertes-et-experiences\\\/lete\\\/randonnees\\\/bus-de-randonnee\\\/\",\"name\":\"Bus de randonn\u00e9e - Unterb\u00e4ch\",\"isPartOf\":{\"@id\":\"https:\\\/\\\/unterbaech.ch\\\/fr\\\/#website\"},\"datePublished\":\"2021-10-27T09:55:48+00:00\",\"dateModified\":\"2026-01-12T08:32:41+00:00\",\"description\":\"Partez dans la nature en bus de randonn\u00e9e. Vous voulez explorer une randonn\u00e9e dans le village voisin? Pendant l\u2019\u00e9t\u00e9, le bus de randonn\u00e9e circule tous les mercredis sur rendez-vous et vous am\u00e8ne rapidement et confortablement au point de d\u00e9part de votre randonn\u00e9e.\",\"breadcrumb\":{\"@id\":\"https:\\\/\\\/unterbaech.ch\\\/fr\\\/decouvertes-et-experiences\\\/lete\\\/randonnees\\\/bus-de-randonnee\\\/#breadcrumb\"},\"inLanguage\":\"fr-FR\",\"potentialAction\":[{\"@type\":\"ReadAction\",\"target\":[\"https:\\\/\\\/unterbaech.ch\\\/fr\\\/decouvertes-et-experiences\\\/lete\\\/randonnees\\\/bus-de-randonnee\\\/\"]}]},{\"@type\":\"BreadcrumbList\",\"@id\":\"https:\\\/\\\/unterbaech.ch\\\/fr\\\/decouvertes-et-experiences\\\/lete\\\/randonnees\\\/bus-de-randonnee\\\/#breadcrumb\",\"itemListElement\":[{\"@type\":\"ListItem\",\"position\":1,\"name\":\"Startseite\",\"item\":\"https:\\\/\\\/unterbaech.ch\\\/fr\\\/accueil\\\/\"},{\"@type\":\"ListItem\",\"position\":2,\"name\":\"D\u00e9couvertes et exp\u00e9riences\",\"item\":\"https:\\\/\\\/unterbaech.ch\\\/fr\\\/decouvertes-et-experiences\\\/\"},{\"@type\":\"ListItem\",\"position\":3,\"name\":\"L&#8217;\u00e9te\",\"item\":\"https:\\\/\\\/unterbaech.ch\\\/fr\\\/unterbaech\\\/sommer\\\/\"},{\"@type\":\"ListItem\",\"position\":4,\"name\":\"Randonn\u00e9es\",\"item\":\"https:\\\/\\\/unterbaech.ch\\\/fr\\\/unterbaech\\\/sommer\\\/wandern\\\/\"},{\"@type\":\"ListItem\",\"position\":5,\"name\":\"Bus de randonn\u00e9e\"}]},{\"@type\":\"WebSite\",\"@id\":\"https:\\\/\\\/unterbaech.ch\\\/fr\\\/#website\",\"url\":\"https:\\\/\\\/unterbaech.ch\\\/fr\\\/\",\"name\":\"Unterb\u00e4ch\",\"description\":\"\",\"publisher\":{\"@id\":\"https:\\\/\\\/unterbaech.ch\\\/fr\\\/#organization\"},\"potentialAction\":[{\"@type\":\"SearchAction\",\"target\":{\"@type\":\"EntryPoint\",\"urlTemplate\":\"https:\\\/\\\/unterbaech.ch\\\/fr\\\/?s={search_term_string}\"},\"query-input\":{\"@type\":\"PropertyValueSpecification\",\"valueRequired\":true,\"valueName\":\"search_term_string\"}}],\"inLanguage\":\"fr-FR\"},{\"@type\":\"Organization\",\"@id\":\"https:\\\/\\\/unterbaech.ch\\\/fr\\\/#organization\",\"name\":\"Unterb\u00e4ch Tourismus\",\"url\":\"https:\\\/\\\/unterbaech.ch\\\/fr\\\/\",\"logo\":{\"@type\":\"ImageObject\",\"inLanguage\":\"fr-FR\",\"@id\":\"https:\\\/\\\/unterbaech.ch\\\/fr\\\/#\\\/schema\\\/logo\\\/image\\\/\",\"url\":\"https:\\\/\\\/unterbaech.ch\\\/wp-content\\\/uploads\\\/Logo-1.png\",\"contentUrl\":\"https:\\\/\\\/unterbaech.ch\\\/wp-content\\\/uploads\\\/Logo-1.png\",\"width\":1125,\"height\":1102,\"caption\":\"Unterb\u00e4ch Tourismus\"},\"image\":{\"@id\":\"https:\\\/\\\/unterbaech.ch\\\/fr\\\/#\\\/schema\\\/logo\\\/image\\\/\"},\"sameAs\":[\"https:\\\/\\\/www.facebook.com\\\/unterbaech\",\"https:\\\/\\\/www.instagram.com\\\/visit.unterbaech\\\/\",\"https:\\\/\\\/de.wikipedia.org\\\/wiki\\\/Unterb\u00e4ch\"]}]}<\/script>\n<!-- \/ Yoast SEO plugin. -->","yoast_head_json":{"title":"Bus de randonn\u00e9e - Unterb\u00e4ch","description":"Partez dans la nature en bus de randonn\u00e9e. Vous voulez explorer une randonn\u00e9e dans le village voisin? Pendant l\u2019\u00e9t\u00e9, le bus de randonn\u00e9e circule tous les mercredis sur rendez-vous et vous am\u00e8ne rapidement et confortablement au point de d\u00e9part de votre randonn\u00e9e.","robots":{"index":"index","follow":"follow","max-snippet":"max-snippet:-1","max-image-preview":"max-image-preview:large","max-video-preview":"max-video-preview:-1"},"canonical":"https:\/\/unterbaech.ch\/fr\/decouvertes-et-experiences\/lete\/randonnees\/bus-de-randonnee\/","og_locale":"fr_FR","og_type":"article","og_title":"Bus de randonn\u00e9e - Unterb\u00e4ch","og_description":"Partez dans la nature en bus de randonn\u00e9e. Vous voulez explorer une randonn\u00e9e dans le village voisin? Pendant l\u2019\u00e9t\u00e9, le bus de randonn\u00e9e circule tous les mercredis sur rendez-vous et vous am\u00e8ne rapidement et confortablement au point de d\u00e9part de votre randonn\u00e9e.","og_url":"https:\/\/unterbaech.ch\/fr\/decouvertes-et-experiences\/lete\/randonnees\/bus-de-randonnee\/","og_site_name":"Unterb\u00e4ch","article_publisher":"https:\/\/www.facebook.com\/unterbaech","article_modified_time":"2026-01-12T08:32:41+00:00","twitter_card":"summary_large_image","twitter_misc":{"Dur\u00e9e de lecture estim\u00e9e":"1 minute"},"schema":{"@context":"https:\/\/schema.org","@graph":[{"@type":"WebPage","@id":"https:\/\/unterbaech.ch\/fr\/decouvertes-et-experiences\/lete\/randonnees\/bus-de-randonnee\/","url":"https:\/\/unterbaech.ch\/fr\/decouvertes-et-experiences\/lete\/randonnees\/bus-de-randonnee\/","name":"Bus de randonn\u00e9e - Unterb\u00e4ch","isPartOf":{"@id":"https:\/\/unterbaech.ch\/fr\/#website"},"datePublished":"2021-10-27T09:55:48+00:00","dateModified":"2026-01-12T08:32:41+00:00","description":"Partez dans la nature en bus de randonn\u00e9e. Vous voulez explorer une randonn\u00e9e dans le village voisin? Pendant l\u2019\u00e9t\u00e9, le bus de randonn\u00e9e circule tous les mercredis sur rendez-vous et vous am\u00e8ne rapidement et confortablement au point de d\u00e9part de votre randonn\u00e9e.","breadcrumb":{"@id":"https:\/\/unterbaech.ch\/fr\/decouvertes-et-experiences\/lete\/randonnees\/bus-de-randonnee\/#breadcrumb"},"inLanguage":"fr-FR","potentialAction":[{"@type":"ReadAction","target":["https:\/\/unterbaech.ch\/fr\/decouvertes-et-experiences\/lete\/randonnees\/bus-de-randonnee\/"]}]},{"@type":"BreadcrumbList","@id":"https:\/\/unterbaech.ch\/fr\/decouvertes-et-experiences\/lete\/randonnees\/bus-de-randonnee\/#breadcrumb","itemListElement":[{"@type":"ListItem","position":1,"name":"Startseite","item":"https:\/\/unterbaech.ch\/fr\/accueil\/"},{"@type":"ListItem","position":2,"name":"D\u00e9couvertes et exp\u00e9riences","item":"https:\/\/unterbaech.ch\/fr\/decouvertes-et-experiences\/"},{"@type":"ListItem","position":3,"name":"L&#8217;\u00e9te","item":"https:\/\/unterbaech.ch\/fr\/unterbaech\/sommer\/"},{"@type":"ListItem","position":4,"name":"Randonn\u00e9es","item":"https:\/\/unterbaech.ch\/fr\/unterbaech\/sommer\/wandern\/"},{"@type":"ListItem","position":5,"name":"Bus de randonn\u00e9e"}]},{"@type":"WebSite","@id":"https:\/\/unterbaech.ch\/fr\/#website","url":"https:\/\/unterbaech.ch\/fr\/","name":"Unterb\u00e4ch","description":"","publisher":{"@id":"https:\/\/unterbaech.ch\/fr\/#organization"},"potentialAction":[{"@type":"SearchAction","target":{"@type":"EntryPoint","urlTemplate":"https:\/\/unterbaech.ch\/fr\/?s={search_term_string}"},"query-input":{"@type":"PropertyValueSpecification","valueRequired":true,"valueName":"search_term_string"}}],"inLanguage":"fr-FR"},{"@type":"Organization","@id":"https:\/\/unterbaech.ch\/fr\/#organization","name":"Unterb\u00e4ch Tourismus","url":"https:\/\/unterbaech.ch\/fr\/","logo":{"@type":"ImageObject","inLanguage":"fr-FR","@id":"https:\/\/unterbaech.ch\/fr\/#\/schema\/logo\/image\/","url":"https:\/\/unterbaech.ch\/wp-content\/uploads\/Logo-1.png","contentUrl":"https:\/\/unterbaech.ch\/wp-content\/uploads\/Logo-1.png","width":1125,"height":1102,"caption":"Unterb\u00e4ch Tourismus"},"image":{"@id":"https:\/\/unterbaech.ch\/fr\/#\/schema\/logo\/image\/"},"sameAs":["https:\/\/www.facebook.com\/unterbaech","https:\/\/www.instagram.com\/visit.unterbaech\/","https:\/\/de.wikipedia.org\/wiki\/Unterb\u00e4ch"]}]}},"_links":{"self":[{"href":"https:\/\/unterbaech.ch\/fr\/wp-json\/wp\/v2\/pages\/14089","targetHints":{"allow":["GET"]}}],"collection":[{"href":"https:\/\/unterbaech.ch\/fr\/wp-json\/wp\/v2\/pages"}],"about":[{"href":"https:\/\/unterbaech.ch\/fr\/wp-json\/wp\/v2\/types\/page"}],"author":[{"embeddable":true,"href":"https:\/\/unterbaech.ch\/fr\/wp-json\/wp\/v2\/users\/8"}],"replies":[{"embeddable":true,"href":"https:\/\/unterbaech.ch\/fr\/wp-json\/wp\/v2\/comments?post=14089"}],"version-history":[{"count":15,"href":"https:\/\/unterbaech.ch\/fr\/wp-json\/wp\/v2\/pages\/14089\/revisions"}],"predecessor-version":[{"id":28928,"href":"https:\/\/unterbaech.ch\/fr\/wp-json\/wp\/v2\/pages\/14089\/revisions\/28928"}],"up":[{"embeddable":true,"href":"https:\/\/unterbaech.ch\/fr\/wp-json\/wp\/v2\/pages\/14231"}],"wp:attachment":[{"href":"https:\/\/unterbaech.ch\/fr\/wp-json\/wp\/v2\/media?parent=14089"}],"curies":[{"name":"wp","href":"https:\/\/api.w.org\/{rel}","templated":true}]}}