{"id":14116,"date":"2021-10-28T15:13:57","date_gmt":"2021-10-28T13:13:57","guid":{"rendered":"https:\/\/unterbaech.ch\/decouvertes-et-experiences\/"},"modified":"2021-10-28T15:14:07","modified_gmt":"2021-10-28T13:14:07","slug":"decouvertes-et-experiences","status":"publish","type":"page","link":"https:\/\/unterbaech.ch\/fr\/decouvertes-et-experiences\/","title":{"rendered":"D\u00e9couvertes et exp\u00e9riences"},"content":{"rendered":"\n<style type=\"text\/css\" data-created_by=\"avia_inline_auto\" id=\"style-css-av-kbax8y3e-eca271de6acbb3aec28d5a71be40d53f\">\n.avia-section.av-kbax8y3e-eca271de6acbb3aec28d5a71be40d53f .av-parallax .av-parallax-inner{\nbackground-repeat:no-repeat;\nbackground-image:url(https:\/\/unterbaech.ch\/wp-content\/uploads\/2020\/07\/DSC07093-1024x683.jpg);\nbackground-position:50% 50%;\nbackground-attachment:scroll;\n}\n<\/style>\n<div id='av_section_1'  class='avia-section av-kbax8y3e-eca271de6acbb3aec28d5a71be40d53f main_color avia-section-default avia-no-border-styling  avia-builder-el-0  el_before_av_section  avia-builder-el-first  avia-full-stretch av-parallax-section avia-bg-style-parallax av-minimum-height av-minimum-height-50 av-height-50  container_wrap fullsize'  data-section-bg-repeat='stretch' data-av_minimum_height_pc='50' data-av_min_height_opt='50'><div class='av-parallax' data-avia-parallax-ratio='0.3' ><div class='av-parallax-inner main_color avia-full-stretch'><\/div><\/div><div class='container av-section-cont-open' ><main  role=\"main\" itemprop=\"mainContentOfPage\"  class='template-page content  av-content-full alpha units'><div class='post-entry post-entry-type-page post-entry-14116'><div class='entry-content-wrapper clearfix'>\n<\/div><\/div><\/main><!-- close content main element --><\/div><\/div><div id='av_section_2'  class='avia-section av-1n2h9-3dfe6a635e474a42b65cfcd4f303e26e main_color avia-section-default avia-no-border-styling  avia-builder-el-1  el_after_av_section  el_before_av_layout_row  avia-bg-style-scroll container_wrap fullsize'  ><div class='container av-section-cont-open' ><div class='template-page content  av-content-full alpha units'><div class='post-entry post-entry-type-page post-entry-14116'><div class='entry-content-wrapper clearfix'>\n<section  class='av_textblock_section av-kbawhdx8-9a55faeefcbf4e8706dea9c49b9010c2 '   itemscope=\"itemscope\" itemtype=\"https:\/\/schema.org\/CreativeWork\" ><div class='avia_textblock'  itemprop=\"text\" ><h4 style=\"text-align: center;\">Kategorie<\/h4>\n<h2 style=\"text-align: center;\">ENTDECKEN &amp; ERLEBEN<\/h2>\n<\/div><\/section>\n\n<style type=\"text\/css\" data-created_by=\"avia_inline_auto\" id=\"style-css-av-kbax4bbr-27f78f1f5574462b1f9eaf8ccb6701aa\">\n#top .hr.hr-invisible.av-kbax4bbr-27f78f1f5574462b1f9eaf8ccb6701aa{\nheight:25px;\n}\n<\/style>\n<div  class='hr av-kbax4bbr-27f78f1f5574462b1f9eaf8ccb6701aa hr-invisible  avia-builder-el-3  el_after_av_textblock  avia-builder-el-last '><span class='hr-inner '><span class=\"hr-inner-style\"><\/span><\/span><\/div>\n\n<\/div><\/div><\/div><!-- close content main div --><\/div><\/div><div id='av-layout-grid-1'  class='av-layout-grid-container av-kbanl75v-7d823044904a4925158e86ffc12a8895 entry-content-wrapper alternate_color av-flex-cells av-break-at-tablet  avia-builder-el-4  el_after_av_section  avia-builder-el-last  tilemenu grid-notfull grid-row-not-first  container_wrap fullsize'  >\n\n<style type=\"text\/css\" data-created_by=\"avia_inline_auto\" id=\"style-css-av-1zpsx-6b08b30a93565263a48b7c5e00dd77f6\">\n.flex_cell.av-1zpsx-6b08b30a93565263a48b7c5e00dd77f6{\nvertical-align:top;\n}\n.responsive #top #wrap_all .flex_cell.av-1zpsx-6b08b30a93565263a48b7c5e00dd77f6{\npadding:0px 30px 0px 30px !important;\n}\n<\/style>\n<a class=\"av-screen-reader-only\" href=\"https:\/\/unterbaech.ch\/unterbaech\/ferienregion\/\" >Lier vers : Ferienregion<\/a><div class='flex_cell av-1zpsx-6b08b30a93565263a48b7c5e00dd77f6 av-gridrow-cell av_one_third no_margin  avia-builder-el-5  el_before_av_cell_one_third  avia-builder-el-first  content-align-top avia-link-column av-cell-link avia-link-column-hover'  data-link-column-url=\"https:\/\/unterbaech.ch\/unterbaech\/ferienregion\/\"  ><div class='flex_cell_inner'>\n<style type=\"text\/css\" data-created_by=\"avia_inline_auto\" id=\"style-css-av-kbanicp9-6a97e802d74d9abbde0fdc039bd088be\">\n.flex_column.av-kbanicp9-6a97e802d74d9abbde0fdc039bd088be{\nborder-radius:0px 0px 0px 0px;\npadding:0px 0px 0px 0px;\n}\n<\/style>\n<div  class='flex_column av-kbanicp9-6a97e802d74d9abbde0fdc039bd088be av_one_full  avia-builder-el-6  avia-builder-el-no-sibling  first flex_column_div av-zero-column-padding avia-full-stretch  '     ><p>\n<style type=\"text\/css\" data-created_by=\"avia_inline_auto\" id=\"style-css-av-kbanwkh0-6da72570f4df67baa178893cf88b77e9\">\n.avia-image-container.av-kbanwkh0-6da72570f4df67baa178893cf88b77e9 img.avia_image{\nbox-shadow:none;\n}\n.avia-image-container.av-kbanwkh0-6da72570f4df67baa178893cf88b77e9 .av-image-caption-overlay-center{\ncolor:#ffffff;\n}\n<\/style>\n<div  class='avia-image-container av-kbanwkh0-6da72570f4df67baa178893cf88b77e9 av-styling- av-img-linked avia-align-center  avia-builder-el-7  el_before_av_textblock  avia-builder-el-first '   itemprop=\"image\" itemscope=\"itemscope\" itemtype=\"https:\/\/schema.org\/ImageObject\" ><div class=\"avia-image-container-inner\"><div class=\"avia-image-overlay-wrap\"><a href=\"https:\/\/unterbaech.ch\/fr\/winter\/ski-et-snowboard\/\" class='avia_image '  aria-label='DSC05517'><img decoding=\"async\" fetchpriority=\"high\" class='wp-image-1634 avia-img-lazy-loading-not-1634 avia_image ' src=\"https:\/\/unterbaech.ch\/wp-content\/uploads\/2020\/07\/DSC05517-475x475.jpg\" alt='Dorf Unterb\u00e4ch' title='DSC05517'  height=\"475\" width=\"475\"  itemprop=\"thumbnailUrl\" srcset=\"https:\/\/unterbaech.ch\/wp-content\/uploads\/2020\/07\/DSC05517-475x475.jpg 475w, https:\/\/unterbaech.ch\/wp-content\/uploads\/2020\/07\/DSC05517-80x80.jpg 80w, https:\/\/unterbaech.ch\/wp-content\/uploads\/2020\/07\/DSC05517-36x36.jpg 36w\" sizes=\"(max-width: 475px) 100vw, 475px\" \/><\/a><\/div><\/div><\/div><br \/>\n<section  class='av_textblock_section av-kbanhgxd-cc767b94b964f244d478387d2aec597c '   itemscope=\"itemscope\" itemtype=\"https:\/\/schema.org\/CreativeWork\" ><div class='avia_textblock'  itemprop=\"text\" ><p><em>Cat\u00e9gorie<\/em>&#13;<br \/>\n&#13;<br \/>\n<strong>R\u00e9gion de vacances&#13;<br \/>\n<\/strong><\/p>\n<\/div><\/section><\/p><\/div>\n<\/div><\/div>\n<style type=\"text\/css\" data-created_by=\"avia_inline_auto\" id=\"style-css-av-1zpsx-e4a70763c39c28ab71585b6ed73f2f2a\">\n.flex_cell.av-1zpsx-e4a70763c39c28ab71585b6ed73f2f2a{\nvertical-align:top;\n}\n.responsive #top #wrap_all .flex_cell.av-1zpsx-e4a70763c39c28ab71585b6ed73f2f2a{\npadding:0px 30px 0px 30px !important;\n}\n<\/style>\n<div class='flex_cell av-1zpsx-e4a70763c39c28ab71585b6ed73f2f2a av-gridrow-cell av_one_third no_margin  avia-builder-el-9  el_after_av_cell_one_third  el_before_av_cell_one_third  content-align-top'  ><div class='flex_cell_inner'>\n<style type=\"text\/css\" data-created_by=\"avia_inline_auto\" id=\"style-css-av-kbanicp9-6a97e802d74d9abbde0fdc039bd088be\">\n.flex_column.av-kbanicp9-6a97e802d74d9abbde0fdc039bd088be{\nborder-radius:0px 0px 0px 0px;\npadding:0px 0px 0px 0px;\n}\n<\/style>\n<div  class='flex_column av-kbanicp9-6a97e802d74d9abbde0fdc039bd088be av_one_full  avia-builder-el-10  avia-builder-el-no-sibling  first flex_column_div av-zero-column-padding avia-full-stretch  '     ><p>\n<style type=\"text\/css\" data-created_by=\"avia_inline_auto\" id=\"style-css-av-kdhjp6uq-d3553dd9e9745eaf1c994ce8e5273424\">\n.avia-image-container.av-kdhjp6uq-d3553dd9e9745eaf1c994ce8e5273424 img.avia_image{\nbox-shadow:none;\n}\n.avia-image-container.av-kdhjp6uq-d3553dd9e9745eaf1c994ce8e5273424 .av-image-caption-overlay-center{\ncolor:#ffffff;\n}\n<\/style>\n<div  class='avia-image-container av-kdhjp6uq-d3553dd9e9745eaf1c994ce8e5273424 av-styling- av-img-linked avia-align-center  avia-builder-el-11  el_before_av_textblock  avia-builder-el-first '   itemprop=\"image\" itemscope=\"itemscope\" itemtype=\"https:\/\/schema.org\/ImageObject\" ><div class=\"avia-image-container-inner\"><div class=\"avia-image-overlay-wrap\"><a href=\"https:\/\/unterbaech.ch\/agb\/\" class='avia_image '  aria-label='DSC09450'><img decoding=\"async\" fetchpriority=\"high\" class='wp-image-2433 avia-img-lazy-loading-not-2433 avia_image ' src=\"https:\/\/unterbaech.ch\/wp-content\/uploads\/2020\/07\/DSC09450-475x475.jpg\" alt='Blitzen Brandalp-Unterb\u00e4ch' title='DSC09450'  height=\"475\" width=\"475\"  itemprop=\"thumbnailUrl\" srcset=\"https:\/\/unterbaech.ch\/wp-content\/uploads\/2020\/07\/DSC09450-475x475.jpg 475w, https:\/\/unterbaech.ch\/wp-content\/uploads\/2020\/07\/DSC09450-80x80.jpg 80w, https:\/\/unterbaech.ch\/wp-content\/uploads\/2020\/07\/DSC09450-36x36.jpg 36w\" sizes=\"(max-width: 475px) 100vw, 475px\" \/><\/a><\/div><\/div><\/div><br \/>\n<section  class='av_textblock_section av-kbanhgxd-cc767b94b964f244d478387d2aec597c '   itemscope=\"itemscope\" itemtype=\"https:\/\/schema.org\/CreativeWork\" ><div class='avia_textblock'  itemprop=\"text\" ><p><em>Cat\u00e9gorie<\/em>&#13;<br \/>\n&#13;<br \/>\n<strong>Activit\u00e9s&#13;<br \/>\n<\/strong><\/p>\n<\/div><\/section><\/p><\/div>\n<\/div><\/div>\n<style type=\"text\/css\" data-created_by=\"avia_inline_auto\" id=\"style-css-av-1zpsx-deaef56a7bca82202ee9211cc3b676c1\">\n.flex_cell.av-1zpsx-deaef56a7bca82202ee9211cc3b676c1{\nvertical-align:top;\n}\n.responsive #top #wrap_all .flex_cell.av-1zpsx-deaef56a7bca82202ee9211cc3b676c1{\npadding:0px 30px 0px 30px !important;\n}\n<\/style>\n<div class='flex_cell av-1zpsx-deaef56a7bca82202ee9211cc3b676c1 av-gridrow-cell av_one_third no_margin  avia-builder-el-13  el_after_av_cell_one_third  avia-builder-el-last  content-align-top'  ><div class='flex_cell_inner'>\n<style type=\"text\/css\" data-created_by=\"avia_inline_auto\" id=\"style-css-av-kbanicp9-6a97e802d74d9abbde0fdc039bd088be\">\n.flex_column.av-kbanicp9-6a97e802d74d9abbde0fdc039bd088be{\nborder-radius:0px 0px 0px 0px;\npadding:0px 0px 0px 0px;\n}\n<\/style>\n<div  class='flex_column av-kbanicp9-6a97e802d74d9abbde0fdc039bd088be av_one_full  avia-builder-el-14  avia-builder-el-no-sibling  first flex_column_div av-zero-column-padding avia-full-stretch  '     ><p>\n<style type=\"text\/css\" data-created_by=\"avia_inline_auto\" id=\"style-css-av-kbanwkh0-b9ba437059cd5fc338b24f1a6bad374e\">\n.avia-image-container.av-kbanwkh0-b9ba437059cd5fc338b24f1a6bad374e img.avia_image{\nbox-shadow:none;\n}\n.avia-image-container.av-kbanwkh0-b9ba437059cd5fc338b24f1a6bad374e .av-image-caption-overlay-center{\ncolor:#ffffff;\n}\n<\/style>\n<div  class='avia-image-container av-kbanwkh0-b9ba437059cd5fc338b24f1a6bad374e av-styling- av-img-linked avia-align-center  avia-builder-el-15  el_before_av_textblock  avia-builder-el-first '   itemprop=\"image\" itemscope=\"itemscope\" itemtype=\"https:\/\/schema.org\/ImageObject\" ><div class=\"avia-image-container-inner\"><div class=\"avia-image-overlay-wrap\"><a href=\"https:\/\/unterbaech.ch\/fr\/winter\/randonnee-hivernale\/\" class='avia_image '  aria-label='DSC05567'><img decoding=\"async\" fetchpriority=\"high\" class='wp-image-1655 avia-img-lazy-loading-not-1655 avia_image ' src=\"https:\/\/unterbaech.ch\/wp-content\/uploads\/2020\/07\/DSC05567-475x475.jpg\" alt='Denkmal Elisabeth Kopp Unterb\u00e4ch' title='DSC05567'  height=\"475\" width=\"475\"  itemprop=\"thumbnailUrl\" srcset=\"https:\/\/unterbaech.ch\/wp-content\/uploads\/2020\/07\/DSC05567-475x475.jpg 475w, https:\/\/unterbaech.ch\/wp-content\/uploads\/2020\/07\/DSC05567-80x80.jpg 80w, https:\/\/unterbaech.ch\/wp-content\/uploads\/2020\/07\/DSC05567-36x36.jpg 36w\" sizes=\"(max-width: 475px) 100vw, 475px\" \/><\/a><\/div><\/div><\/div><br \/>\n<section  class='av_textblock_section av-kbanhgxd-cc767b94b964f244d478387d2aec597c '   itemscope=\"itemscope\" itemtype=\"https:\/\/schema.org\/CreativeWork\" ><div class='avia_textblock'  itemprop=\"text\" ><p><em>Cat\u00e9gorie<\/em>&#13;<br \/>\n&#13;<br \/>\n<strong>Destinations des excursions&#13;<br \/>\n&#13;<br \/>\n<\/strong><\/p>\n<\/div><\/section><\/p><\/div>\n<\/div><\/div><\/div>\n","protected":false},"excerpt":{"rendered":"","protected":false},"author":8,"featured_media":0,"parent":0,"menu_order":0,"comment_status":"closed","ping_status":"closed","template":"","meta":{"inline_featured_image":false,"footnotes":""},"class_list":["post-14116","page","type-page","status-publish","hentry"],"yoast_head":"<!-- This site is optimized with the Yoast SEO plugin v27.3 - https:\/\/yoast.com\/product\/yoast-seo-wordpress\/ -->\n<title>D\u00e9couvertes et exp\u00e9riences - Unterb\u00e4ch<\/title>\n<meta name=\"robots\" content=\"index, follow, max-snippet:-1, max-image-preview:large, max-video-preview:-1\" \/>\n<link rel=\"canonical\" href=\"https:\/\/unterbaech.ch\/fr\/decouvertes-et-experiences\/\" \/>\n<meta property=\"og:locale\" content=\"fr_FR\" \/>\n<meta property=\"og:type\" content=\"article\" \/>\n<meta property=\"og:title\" content=\"D\u00e9couvertes et exp\u00e9riences - Unterb\u00e4ch\" \/>\n<meta property=\"og:url\" content=\"https:\/\/unterbaech.ch\/fr\/decouvertes-et-experiences\/\" \/>\n<meta property=\"og:site_name\" content=\"Unterb\u00e4ch\" \/>\n<meta property=\"article:publisher\" content=\"https:\/\/www.facebook.com\/unterbaech\" \/>\n<meta property=\"article:modified_time\" content=\"2021-10-28T13:14:07+00:00\" \/>\n<meta name=\"twitter:card\" content=\"summary_large_image\" \/>\n<meta name=\"twitter:label1\" content=\"Dur\u00e9e de lecture estim\u00e9e\" \/>\n\t<meta name=\"twitter:data1\" content=\"7 minutes\" \/>\n<script type=\"application\/ld+json\" class=\"yoast-schema-graph\">{\"@context\":\"https:\\\/\\\/schema.org\",\"@graph\":[{\"@type\":\"WebPage\",\"@id\":\"https:\\\/\\\/unterbaech.ch\\\/fr\\\/decouvertes-et-experiences\\\/\",\"url\":\"https:\\\/\\\/unterbaech.ch\\\/fr\\\/decouvertes-et-experiences\\\/\",\"name\":\"D\u00e9couvertes et exp\u00e9riences - Unterb\u00e4ch\",\"isPartOf\":{\"@id\":\"https:\\\/\\\/unterbaech.ch\\\/fr\\\/#website\"},\"datePublished\":\"2021-10-28T13:13:57+00:00\",\"dateModified\":\"2021-10-28T13:14:07+00:00\",\"breadcrumb\":{\"@id\":\"https:\\\/\\\/unterbaech.ch\\\/fr\\\/decouvertes-et-experiences\\\/#breadcrumb\"},\"inLanguage\":\"fr-FR\",\"potentialAction\":[{\"@type\":\"ReadAction\",\"target\":[\"https:\\\/\\\/unterbaech.ch\\\/fr\\\/decouvertes-et-experiences\\\/\"]}]},{\"@type\":\"BreadcrumbList\",\"@id\":\"https:\\\/\\\/unterbaech.ch\\\/fr\\\/decouvertes-et-experiences\\\/#breadcrumb\",\"itemListElement\":[{\"@type\":\"ListItem\",\"position\":1,\"name\":\"Startseite\",\"item\":\"https:\\\/\\\/unterbaech.ch\\\/fr\\\/accueil\\\/\"},{\"@type\":\"ListItem\",\"position\":2,\"name\":\"D\u00e9couvertes et exp\u00e9riences\"}]},{\"@type\":\"WebSite\",\"@id\":\"https:\\\/\\\/unterbaech.ch\\\/fr\\\/#website\",\"url\":\"https:\\\/\\\/unterbaech.ch\\\/fr\\\/\",\"name\":\"Unterb\u00e4ch\",\"description\":\"\",\"publisher\":{\"@id\":\"https:\\\/\\\/unterbaech.ch\\\/fr\\\/#organization\"},\"potentialAction\":[{\"@type\":\"SearchAction\",\"target\":{\"@type\":\"EntryPoint\",\"urlTemplate\":\"https:\\\/\\\/unterbaech.ch\\\/fr\\\/?s={search_term_string}\"},\"query-input\":{\"@type\":\"PropertyValueSpecification\",\"valueRequired\":true,\"valueName\":\"search_term_string\"}}],\"inLanguage\":\"fr-FR\"},{\"@type\":\"Organization\",\"@id\":\"https:\\\/\\\/unterbaech.ch\\\/fr\\\/#organization\",\"name\":\"Unterb\u00e4ch Tourismus\",\"url\":\"https:\\\/\\\/unterbaech.ch\\\/fr\\\/\",\"logo\":{\"@type\":\"ImageObject\",\"inLanguage\":\"fr-FR\",\"@id\":\"https:\\\/\\\/unterbaech.ch\\\/fr\\\/#\\\/schema\\\/logo\\\/image\\\/\",\"url\":\"https:\\\/\\\/unterbaech.ch\\\/wp-content\\\/uploads\\\/Logo-1.png\",\"contentUrl\":\"https:\\\/\\\/unterbaech.ch\\\/wp-content\\\/uploads\\\/Logo-1.png\",\"width\":1125,\"height\":1102,\"caption\":\"Unterb\u00e4ch Tourismus\"},\"image\":{\"@id\":\"https:\\\/\\\/unterbaech.ch\\\/fr\\\/#\\\/schema\\\/logo\\\/image\\\/\"},\"sameAs\":[\"https:\\\/\\\/www.facebook.com\\\/unterbaech\",\"https:\\\/\\\/www.instagram.com\\\/visit.unterbaech\\\/\",\"https:\\\/\\\/de.wikipedia.org\\\/wiki\\\/Unterb\u00e4ch\"]}]}<\/script>\n<!-- \/ Yoast SEO plugin. -->","yoast_head_json":{"title":"D\u00e9couvertes et exp\u00e9riences - Unterb\u00e4ch","robots":{"index":"index","follow":"follow","max-snippet":"max-snippet:-1","max-image-preview":"max-image-preview:large","max-video-preview":"max-video-preview:-1"},"canonical":"https:\/\/unterbaech.ch\/fr\/decouvertes-et-experiences\/","og_locale":"fr_FR","og_type":"article","og_title":"D\u00e9couvertes et exp\u00e9riences - Unterb\u00e4ch","og_url":"https:\/\/unterbaech.ch\/fr\/decouvertes-et-experiences\/","og_site_name":"Unterb\u00e4ch","article_publisher":"https:\/\/www.facebook.com\/unterbaech","article_modified_time":"2021-10-28T13:14:07+00:00","twitter_card":"summary_large_image","twitter_misc":{"Dur\u00e9e de lecture estim\u00e9e":"7 minutes"},"schema":{"@context":"https:\/\/schema.org","@graph":[{"@type":"WebPage","@id":"https:\/\/unterbaech.ch\/fr\/decouvertes-et-experiences\/","url":"https:\/\/unterbaech.ch\/fr\/decouvertes-et-experiences\/","name":"D\u00e9couvertes et exp\u00e9riences - Unterb\u00e4ch","isPartOf":{"@id":"https:\/\/unterbaech.ch\/fr\/#website"},"datePublished":"2021-10-28T13:13:57+00:00","dateModified":"2021-10-28T13:14:07+00:00","breadcrumb":{"@id":"https:\/\/unterbaech.ch\/fr\/decouvertes-et-experiences\/#breadcrumb"},"inLanguage":"fr-FR","potentialAction":[{"@type":"ReadAction","target":["https:\/\/unterbaech.ch\/fr\/decouvertes-et-experiences\/"]}]},{"@type":"BreadcrumbList","@id":"https:\/\/unterbaech.ch\/fr\/decouvertes-et-experiences\/#breadcrumb","itemListElement":[{"@type":"ListItem","position":1,"name":"Startseite","item":"https:\/\/unterbaech.ch\/fr\/accueil\/"},{"@type":"ListItem","position":2,"name":"D\u00e9couvertes et exp\u00e9riences"}]},{"@type":"WebSite","@id":"https:\/\/unterbaech.ch\/fr\/#website","url":"https:\/\/unterbaech.ch\/fr\/","name":"Unterb\u00e4ch","description":"","publisher":{"@id":"https:\/\/unterbaech.ch\/fr\/#organization"},"potentialAction":[{"@type":"SearchAction","target":{"@type":"EntryPoint","urlTemplate":"https:\/\/unterbaech.ch\/fr\/?s={search_term_string}"},"query-input":{"@type":"PropertyValueSpecification","valueRequired":true,"valueName":"search_term_string"}}],"inLanguage":"fr-FR"},{"@type":"Organization","@id":"https:\/\/unterbaech.ch\/fr\/#organization","name":"Unterb\u00e4ch Tourismus","url":"https:\/\/unterbaech.ch\/fr\/","logo":{"@type":"ImageObject","inLanguage":"fr-FR","@id":"https:\/\/unterbaech.ch\/fr\/#\/schema\/logo\/image\/","url":"https:\/\/unterbaech.ch\/wp-content\/uploads\/Logo-1.png","contentUrl":"https:\/\/unterbaech.ch\/wp-content\/uploads\/Logo-1.png","width":1125,"height":1102,"caption":"Unterb\u00e4ch Tourismus"},"image":{"@id":"https:\/\/unterbaech.ch\/fr\/#\/schema\/logo\/image\/"},"sameAs":["https:\/\/www.facebook.com\/unterbaech","https:\/\/www.instagram.com\/visit.unterbaech\/","https:\/\/de.wikipedia.org\/wiki\/Unterb\u00e4ch"]}]}},"_links":{"self":[{"href":"https:\/\/unterbaech.ch\/fr\/wp-json\/wp\/v2\/pages\/14116","targetHints":{"allow":["GET"]}}],"collection":[{"href":"https:\/\/unterbaech.ch\/fr\/wp-json\/wp\/v2\/pages"}],"about":[{"href":"https:\/\/unterbaech.ch\/fr\/wp-json\/wp\/v2\/types\/page"}],"author":[{"embeddable":true,"href":"https:\/\/unterbaech.ch\/fr\/wp-json\/wp\/v2\/users\/8"}],"replies":[{"embeddable":true,"href":"https:\/\/unterbaech.ch\/fr\/wp-json\/wp\/v2\/comments?post=14116"}],"version-history":[{"count":0,"href":"https:\/\/unterbaech.ch\/fr\/wp-json\/wp\/v2\/pages\/14116\/revisions"}],"wp:attachment":[{"href":"https:\/\/unterbaech.ch\/fr\/wp-json\/wp\/v2\/media?parent=14116"}],"curies":[{"name":"wp","href":"https:\/\/api.w.org\/{rel}","templated":true}]}}