{"id":14201,"date":"2021-11-04T14:25:58","date_gmt":"2021-11-04T13:25:58","guid":{"rendered":"https:\/\/unterbaech.ch\/decouvertes-et-experiences\/lete\/activites-de-loisirs\/fishing\/"},"modified":"2023-04-20T16:12:12","modified_gmt":"2023-04-20T14:12:12","slug":"fishing","status":"publish","type":"page","link":"https:\/\/unterbaech.ch\/fr\/decouvertes-et-experiences\/lete\/activites-de-loisirs\/fishing\/","title":{"rendered":"P\u00eache"},"content":{"rendered":"\n<style type=\"text\/css\" data-created_by=\"avia_inline_auto\" id=\"style-css-av-kbax8y3e-955e3f01d93ae88a0cca86d8f0cfe226\">\n.avia-section.av-kbax8y3e-955e3f01d93ae88a0cca86d8f0cfe226 .av-parallax .av-parallax-inner{\nbackground-repeat:no-repeat;\nbackground-image:url(https:\/\/unterbaech.ch\/wp-content\/uploads\/2020\/07\/IMG_0493-scaled.jpg);\nbackground-position:100% 50%;\nbackground-attachment:scroll;\n}\n<\/style>\n<div id='av_section_1'  class='avia-section av-kbax8y3e-955e3f01d93ae88a0cca86d8f0cfe226 main_color avia-section-default avia-no-border-styling  avia-builder-el-0  el_before_av_section  avia-builder-el-first  section-fullwidthimage avia-full-stretch av-parallax-section avia-bg-style-parallax av-minimum-height av-minimum-height-50 av-height-50  container_wrap fullsize'  data-section-bg-repeat='stretch' data-av_minimum_height_pc='50' data-av_min_height_opt='50'><div class='av-parallax' data-avia-parallax-ratio='0.3' ><div class='av-parallax-inner main_color avia-full-stretch'><\/div><\/div><div class='container av-section-cont-open' ><main  role=\"main\" itemprop=\"mainContentOfPage\"  class='template-page content  av-content-full alpha units'><div class='post-entry post-entry-type-page post-entry-14201'><div class='entry-content-wrapper clearfix'>\n<\/div><\/div><\/main><!-- close content main element --><\/div><\/div><div id='av_section_2'  class='avia-section av-1n2h9-eef07d2470a934665895b572bc96122f main_color avia-section-default avia-no-border-styling  avia-builder-el-1  el_after_av_section  el_before_av_textblock  section-leadtext onecol avia-bg-style-scroll container_wrap fullsize'  ><div class='container av-section-cont-open' ><div class='template-page content  av-content-full alpha units'><div class='post-entry post-entry-type-page post-entry-14201'><div class='entry-content-wrapper clearfix'>\n<section  class='av_textblock_section av-kbawhdx8-9a55faeefcbf4e8706dea9c49b9010c2 '   itemscope=\"itemscope\" itemtype=\"https:\/\/schema.org\/CreativeWork\" ><div class='avia_textblock'  itemprop=\"text\" ><p style=\"text-align: center;\"><strong>BONNE P\u00caCHE<\/strong><\/p>\n<h3 style=\"text-align: center;\">P\u00caCHE \u00c0 UNTERB\u00c4CH<\/h3>\n<\/div><\/section>\n<section  class='av_textblock_section av-kbawhdx8-7-6bcfa7e37afa2681d97e3c498d4c90b0 '   itemscope=\"itemscope\" itemtype=\"https:\/\/schema.org\/CreativeWork\" ><div class='avia_textblock lead'  itemprop=\"text\" ><p style=\"text-align: center;\">Le Valais poss\u00e8de de nombreuses eaux magnifiques et naturelles o\u00f9 des p\u00eacheurs passionn\u00e9s s\u2019adonnent \u00e0 leur loisir favori. \u00c0 Unterb\u00e4ch, vous pouvez sortir votre canne \u00e0 p\u00eache au Grosse See (lien) et dans le L\u00f6\u00fcbbach.<\/p>\n<\/div><\/section>\n<\/div><\/div><\/div><!-- close content main div --><\/div><\/div><div id='after_section_2'  class='main_color av_default_container_wrap container_wrap fullsize'  ><div class='container av-section-cont-open' ><div class='template-page content  av-content-full alpha units'><div class='post-entry post-entry-type-page post-entry-14201'><div class='entry-content-wrapper clearfix'>\n<section  class='av_textblock_section av-kbawhdx8-6-bf0db01ebb410bf06ffee1efa2b0e5d6 '   itemscope=\"itemscope\" itemtype=\"https:\/\/schema.org\/CreativeWork\" ><div class='avia_textblock'  itemprop=\"text\" ><p style=\"text-align: center;\"><strong>GROSSE SEE<\/strong><\/p>\n<\/div><\/section>\n<section  class='av_textblock_section av-kbawhdx8-5-f55e9dc725045b4c87162e800e7fcf0e '   itemscope=\"itemscope\" itemtype=\"https:\/\/schema.org\/CreativeWork\" ><div class='avia_textblock lead'  itemprop=\"text\" ><p style=\"text-align: center;\">Le Grosse See (grand lac) est l&rsquo;un des plus beaux buts d&rsquo;excursion de la r\u00e9gion d&rsquo;Augstbord et est consid\u00e9r\u00e9 comme un conseil d&rsquo;initi\u00e9s. Le lac de montagne est situ\u00e9 \u00e0 2 546 m\u00e8tres sur un haut plateau entour\u00e9 de montagnes telles que l&rsquo;Augstbordhorn, le Dreizehntenhorn, le Ginalshorn et le Signalhorn. Au bord du lac, il y a un petit refuge et un espace barbecue avec une chaise de relaxation. La p\u00eache est possible dans le Grosse See avec un brevet valide.<\/p>\n<\/div><\/section>\n<div  id=\"googlemap\"  class='av_gmaps_sc_main_wrap av_gmaps_main_wrap googlemap'><div id='av_gmap_0' class='avia-google-map-container avia-google-map-sc av_gmaps_show_unconditionally av-no-fallback-img ' data-mapid='av_gmap_0'  style='height: 500px;'><a class=\"av_gmaps_browser_disabled av_text_confirm_link av_text_confirm_link_visible\" href=\"https:\/\/www.google.com\/maps\/search\/?api=1&#038;query=Grosse%20See%203930%20Unterb\u00e4ch\" target=\"_blank\">Les cartes ont \u00e9t\u00e9 d\u00e9sactiv\u00e9es par le visiteur sur ce site. Cliquer pour ouvrir la carte dans une nouvelle fen\u00eatre.<\/a><\/div><\/div>\n<div id='av_section_3'  class='avia-section av-1n2h9-8-f9f2bd592933dd6f2d0b1062a40602a2 main_color avia-section-default avia-no-border-styling  avia-builder-el-7  el_after_av_google_map  el_before_av_google_map  section-leadtext onecol avia-bg-style-scroll container_wrap fullsize'  ><div class='container av-section-cont-open' ><div class='template-page content  av-content-full alpha units'><div class='post-entry post-entry-type-page post-entry-14201'><div class='entry-content-wrapper clearfix'>\n<section  class='av_textblock_section av-kbawhdx8-4-da241dbc6dd066af7626522c71ab615a '   itemscope=\"itemscope\" itemtype=\"https:\/\/schema.org\/CreativeWork\" ><div class='avia_textblock'  itemprop=\"text\" ><p style=\"text-align: center;\"><strong>L\u00d6\u00dcBBACH<\/strong><\/p>\n<\/div><\/section>\n<section  class='av_textblock_section av-kbawhdx8-2-10cf2510a2901ad423aefa7241747bfd '   itemscope=\"itemscope\" itemtype=\"https:\/\/schema.org\/CreativeWork\" ><div class='avia_textblock lead'  itemprop=\"text\" ><p style=\"text-align: center;\">Le rustique L\u00f6\u00fcbbach (ruisseau)\u00a0 forme la fronti\u00e8re entre Unterb\u00e4ch et B\u00fcrchen et fait environ 1,6 km de long. Avec un permis de p\u00eache valide, vous pouvez \u00e9galement p\u00eacher dans le L\u00f6\u00fcbbach.<\/p>\n<p style=\"text-align: center;\">\n<\/div><\/section>\n\n<div  id=\"googlemap\"  class='av_gmaps_sc_main_wrap av_gmaps_main_wrap googlemap'><div id='av_gmap_1' class='avia-google-map-container avia-google-map-sc av_gmaps_show_unconditionally av-no-fallback-img ' data-mapid='av_gmap_1'  style='height: 500px;'><a class=\"av_gmaps_browser_disabled av_text_confirm_link av_text_confirm_link_visible\" href=\"https:\/\/www.google.com\/maps\/search\/?api=1&#038;query=L\u00f6\u00fcbbach%203930%20Unterb\u00e4ch%20%20Suisse\" target=\"_blank\">Les cartes ont \u00e9t\u00e9 d\u00e9sactiv\u00e9es par le visiteur sur ce site. Cliquer pour ouvrir la carte dans une nouvelle fen\u00eatre.<\/a><\/div><\/div>\n<div  class='av_promobox av-kcelab5r-04fa645452ac16f70cac4b96f4ee6fdc avia-button-yes  avia-builder-el-11  el_after_av_google_map  el_before_av_promobox  avia-builder-el-first  promobox'><div class='avia-promocontent'><\/p>\n<h4>Permis de p\u00eache<\/h4>\n<p>Toute personne souhaitant p\u00eacher \u00e0 Unterb\u00e4ch doit poss\u00e9der un permis de p\u00eache valide. Les permis d&rsquo;une journ\u00e9e et de deux jours peuvent \u00eatre achet\u00e9s \u00e0 l&rsquo;office du tourisme d&rsquo;Unterb\u00e4ch pendant les heures d&rsquo;ouverture publi\u00e9es ou en ligne.<\/p>\n<\/div><div  class='avia-button-wrap av-kcelab5r-40b806a0b6df2ffc7b52c5b9dc3225ca-wrap avia-button-right  promobox'><a href='https:\/\/epeche.apps.vs.ch\/shop'  class='avia-button av-kcelab5r-40b806a0b6df2ffc7b52c5b9dc3225ca av-link-btn avia-icon_select-no avia-size-large avia-position-right avia-color-theme-color'  target=\"_blank\"  rel=\"noopener noreferrer\"  aria-label=\"Commandez maintenant\"><span class='avia_iconbox_title' >Commandez maintenant<\/span><\/a><\/div><\/div>\n<div  class='av_promobox av-kcelab5r-1-4810ff1b6cc1b65082a2a1df9c227891 avia-button-yes  avia-builder-el-12  el_after_av_promobox  el_before_av_section  avia-builder-el-last  promobox'><div class='avia-promocontent'><\/p>\n<h4>P\u00eache en Valais<\/h4>\n<p>Il existe de nombreuses autres possibilit\u00e9s de p\u00eache dans le canton du Valais.<\/p>\n<\/div><div  class='avia-button-wrap av-kcelab5r-1-1eb73f60d17ccc31637818216d3dfd00-wrap avia-button-right  promobox'><a href='https:\/\/sitonline.vs.ch\/tourisme_loisir\/peche\/de\/'  class='avia-button av-kcelab5r-1-1eb73f60d17ccc31637818216d3dfd00 av-link-btn avia-icon_select-no avia-size-large avia-position-right avia-color-theme-color'  target=\"_blank\"  rel=\"noopener noreferrer\"  aria-label=\"Vers la carte de p\u00eache du Valais\"><span class='avia_iconbox_title' >Vers la carte de p\u00eache du Valais<\/span><\/a><\/div><\/div>\n<\/div><\/div><\/div><!-- close content main div --><\/div><\/div>\n<style type=\"text\/css\" data-created_by=\"avia_inline_auto\" id=\"style-css-av-kbax8y3e-9-5a56c59b580f75449477de2beb235fad\">\n.avia-section.av-kbax8y3e-9-5a56c59b580f75449477de2beb235fad .av-parallax .av-parallax-inner{\nbackground-repeat:no-repeat;\nbackground-image:url(https:\/\/unterbaech.ch\/wp-content\/uploads\/IMG_6123-1620x1080.jpeg);\nbackground-position:50% 50%;\nbackground-attachment:scroll;\n}\n.avia-section.av-kbax8y3e-9-5a56c59b580f75449477de2beb235fad .av-section-color-overlay{\nopacity:0.5;\nbackground-color:#000000;\n}\n<\/style>\n<div id='av_section_4'  class='avia-section av-kbax8y3e-9-5a56c59b580f75449477de2beb235fad main_color avia-section-default avia-no-border-styling  avia-builder-el-13  el_after_av_promobox  avia-builder-el-last  section-fullwidthimage testimonial avia-full-stretch av-parallax-section avia-bg-style-parallax av-section-color-overlay-active av-minimum-height av-minimum-height-50 av-height-50  container_wrap fullsize'  data-section-bg-repeat='stretch' data-av_minimum_height_pc='50' data-av_min_height_opt='50'><div class='av-parallax' data-avia-parallax-ratio='0.3' ><div class='av-parallax-inner main_color avia-full-stretch'><\/div><\/div><div class=\"av-section-color-overlay-wrap\"><div class=\"av-section-color-overlay\"><\/div><div class='container av-section-cont-open' ><div class='template-page content  av-content-full alpha units'><div class='post-entry post-entry-type-page post-entry-14201'><div class='entry-content-wrapper clearfix'>\n\n<style type=\"text\/css\" data-created_by=\"avia_inline_auto\" id=\"style-css-av-323kp-097a1b8a944879578e51c1a1db4d8307\">\n.flex_column.av-323kp-097a1b8a944879578e51c1a1db4d8307{\nborder-radius:0px 0px 0px 0px;\npadding:0px 0px 0px 0px;\n}\n<\/style>\n<div  class='flex_column av-323kp-097a1b8a944879578e51c1a1db4d8307 av_one_full  avia-builder-el-14  avia-builder-el-no-sibling  first flex_column_div av-zero-column-padding  '     ><style type=\"text\/css\" data-created_by=\"avia_inline_auto\" id=\"style-css-av-kb9j7yy8-2a7d75a6d47f8e0a7fa885d8f33fbdc2\">\n#top .av_textblock_section.av-kb9j7yy8-2a7d75a6d47f8e0a7fa885d8f33fbdc2 .avia_textblock{\ncolor:#ffffff;\n}\n<\/style>\n<section  class='av_textblock_section av-kb9j7yy8-2a7d75a6d47f8e0a7fa885d8f33fbdc2 '   itemscope=\"itemscope\" itemtype=\"https:\/\/schema.org\/CreativeWork\" ><div class='avia_textblock av_inherit_color'  itemprop=\"text\" ><p style=\"text-align: center;\"><strong>VOUS VOULEZ DU POISSON FRAIS?<\/strong><\/p>\n<h2 style=\"text-align: center;\">Ferme piscicole d&rsquo;Unterb\u00e4ch<\/h2>\n<p style=\"text-align: center;\">Depuis 2016, il existe \u00e0 Unterb\u00e4ch une pisciculture dot\u00e9e de quatre bassins \u00e0 flux circulaire. La gamme de produits comprend des filets de truite, des filets de truite saumon\u00e9e, des truites \u00e9visc\u00e9r\u00e9es et des filets fum\u00e9s. Ces produits sont conditionn\u00e9s dans des bo\u00eetes en polystyr\u00e8ne ou dans des emballages herm\u00e9tiques dans un restaurant sp\u00e9cialement \u00e9quip\u00e9.<\/p>\n<\/div><\/section><br \/>\n<div  class='avia-button-wrap av-kbajg3mm-c58ee14e74f6154c8adaddc9dd7e660d-wrap avia-button-center  avia-builder-el-16  el_after_av_textblock  avia-builder-el-last '><a href='http:\/\/www.fischzucht-unterbaech.ch\/bestellung\/'  class='avia-button av-kbajg3mm-c58ee14e74f6154c8adaddc9dd7e660d av-link-btn avia-icon_select-no avia-size-small avia-position-center avia-color-theme-color'  target=\"_blank\"  rel=\"noopener noreferrer\"  aria-label=\"Commandez maintenant\"><span class='avia_iconbox_title' >Commandez maintenant<\/span><\/a><\/div><\/p><\/div>\n\n","protected":false},"excerpt":{"rendered":"","protected":false},"author":8,"featured_media":0,"parent":14192,"menu_order":0,"comment_status":"closed","ping_status":"closed","template":"","meta":{"inline_featured_image":false,"footnotes":""},"class_list":["post-14201","page","type-page","status-publish","hentry"],"yoast_head":"<!-- This site is optimized with the Yoast SEO plugin v27.4 - https:\/\/yoast.com\/product\/yoast-seo-wordpress\/ -->\n<title>P\u00eache - Unterb\u00e4ch<\/title>\n<meta name=\"description\" content=\"Le Valais poss\u00e8de de nombreuses eaux magnifiques et naturelles o\u00f9 des p\u00eacheurs passionn\u00e9s s\u2019adonnent \u00e0 leur loisir favori. \u00c0 Unterb\u00e4ch, vous pouvez sortir votre canne \u00e0 p\u00eache au Grosse See (lien) et dans le L\u00f6\u00fcbbach.\" \/>\n<meta name=\"robots\" content=\"index, follow, max-snippet:-1, max-image-preview:large, max-video-preview:-1\" \/>\n<link rel=\"canonical\" href=\"https:\/\/unterbaech.ch\/fr\/decouvertes-et-experiences\/lete\/activites-de-loisirs\/fishing\/\" \/>\n<meta property=\"og:locale\" content=\"fr_FR\" \/>\n<meta property=\"og:type\" content=\"article\" \/>\n<meta property=\"og:title\" content=\"P\u00eache - Unterb\u00e4ch\" \/>\n<meta property=\"og:description\" content=\"Le Valais poss\u00e8de de nombreuses eaux magnifiques et naturelles o\u00f9 des p\u00eacheurs passionn\u00e9s s\u2019adonnent \u00e0 leur loisir favori. \u00c0 Unterb\u00e4ch, vous pouvez sortir votre canne \u00e0 p\u00eache au Grosse See (lien) et dans le L\u00f6\u00fcbbach.\" \/>\n<meta property=\"og:url\" content=\"https:\/\/unterbaech.ch\/fr\/decouvertes-et-experiences\/lete\/activites-de-loisirs\/fishing\/\" \/>\n<meta property=\"og:site_name\" content=\"Unterb\u00e4ch\" \/>\n<meta property=\"article:publisher\" content=\"https:\/\/www.facebook.com\/unterbaech\" \/>\n<meta property=\"article:modified_time\" content=\"2023-04-20T14:12:12+00:00\" \/>\n<meta name=\"twitter:card\" content=\"summary_large_image\" \/>\n<meta name=\"twitter:label1\" content=\"Dur\u00e9e de lecture estim\u00e9e\" \/>\n\t<meta name=\"twitter:data1\" content=\"9 minutes\" \/>\n<script type=\"application\/ld+json\" class=\"yoast-schema-graph\">{\"@context\":\"https:\\\/\\\/schema.org\",\"@graph\":[{\"@type\":\"WebPage\",\"@id\":\"https:\\\/\\\/unterbaech.ch\\\/fr\\\/decouvertes-et-experiences\\\/lete\\\/activites-de-loisirs\\\/fishing\\\/\",\"url\":\"https:\\\/\\\/unterbaech.ch\\\/fr\\\/decouvertes-et-experiences\\\/lete\\\/activites-de-loisirs\\\/fishing\\\/\",\"name\":\"P\u00eache - Unterb\u00e4ch\",\"isPartOf\":{\"@id\":\"https:\\\/\\\/unterbaech.ch\\\/fr\\\/#website\"},\"datePublished\":\"2021-11-04T13:25:58+00:00\",\"dateModified\":\"2023-04-20T14:12:12+00:00\",\"description\":\"Le Valais poss\u00e8de de nombreuses eaux magnifiques et naturelles o\u00f9 des p\u00eacheurs passionn\u00e9s s\u2019adonnent \u00e0 leur loisir favori. \u00c0 Unterb\u00e4ch, vous pouvez sortir votre canne \u00e0 p\u00eache au Grosse See (lien) et dans le L\u00f6\u00fcbbach.\",\"breadcrumb\":{\"@id\":\"https:\\\/\\\/unterbaech.ch\\\/fr\\\/decouvertes-et-experiences\\\/lete\\\/activites-de-loisirs\\\/fishing\\\/#breadcrumb\"},\"inLanguage\":\"fr-FR\",\"potentialAction\":[{\"@type\":\"ReadAction\",\"target\":[\"https:\\\/\\\/unterbaech.ch\\\/fr\\\/decouvertes-et-experiences\\\/lete\\\/activites-de-loisirs\\\/fishing\\\/\"]}]},{\"@type\":\"BreadcrumbList\",\"@id\":\"https:\\\/\\\/unterbaech.ch\\\/fr\\\/decouvertes-et-experiences\\\/lete\\\/activites-de-loisirs\\\/fishing\\\/#breadcrumb\",\"itemListElement\":[{\"@type\":\"ListItem\",\"position\":1,\"name\":\"Startseite\",\"item\":\"https:\\\/\\\/unterbaech.ch\\\/fr\\\/accueil\\\/\"},{\"@type\":\"ListItem\",\"position\":2,\"name\":\"D\u00e9couvertes et exp\u00e9riences\",\"item\":\"https:\\\/\\\/unterbaech.ch\\\/fr\\\/decouvertes-et-experiences\\\/\"},{\"@type\":\"ListItem\",\"position\":3,\"name\":\"L&#8217;\u00e9te\",\"item\":\"https:\\\/\\\/unterbaech.ch\\\/fr\\\/unterbaech\\\/sommer\\\/\"},{\"@type\":\"ListItem\",\"position\":4,\"name\":\"Activit\u00e9s de loisirs\",\"item\":\"https:\\\/\\\/unterbaech.ch\\\/fr\\\/unterbaech\\\/sommer\\\/freizeitaktivitaeten\\\/\"},{\"@type\":\"ListItem\",\"position\":5,\"name\":\"P\u00eache\"}]},{\"@type\":\"WebSite\",\"@id\":\"https:\\\/\\\/unterbaech.ch\\\/fr\\\/#website\",\"url\":\"https:\\\/\\\/unterbaech.ch\\\/fr\\\/\",\"name\":\"Unterb\u00e4ch\",\"description\":\"\",\"publisher\":{\"@id\":\"https:\\\/\\\/unterbaech.ch\\\/fr\\\/#organization\"},\"potentialAction\":[{\"@type\":\"SearchAction\",\"target\":{\"@type\":\"EntryPoint\",\"urlTemplate\":\"https:\\\/\\\/unterbaech.ch\\\/fr\\\/?s={search_term_string}\"},\"query-input\":{\"@type\":\"PropertyValueSpecification\",\"valueRequired\":true,\"valueName\":\"search_term_string\"}}],\"inLanguage\":\"fr-FR\"},{\"@type\":\"Organization\",\"@id\":\"https:\\\/\\\/unterbaech.ch\\\/fr\\\/#organization\",\"name\":\"Unterb\u00e4ch Tourismus\",\"url\":\"https:\\\/\\\/unterbaech.ch\\\/fr\\\/\",\"logo\":{\"@type\":\"ImageObject\",\"inLanguage\":\"fr-FR\",\"@id\":\"https:\\\/\\\/unterbaech.ch\\\/fr\\\/#\\\/schema\\\/logo\\\/image\\\/\",\"url\":\"https:\\\/\\\/unterbaech.ch\\\/wp-content\\\/uploads\\\/Logo-1.png\",\"contentUrl\":\"https:\\\/\\\/unterbaech.ch\\\/wp-content\\\/uploads\\\/Logo-1.png\",\"width\":1125,\"height\":1102,\"caption\":\"Unterb\u00e4ch Tourismus\"},\"image\":{\"@id\":\"https:\\\/\\\/unterbaech.ch\\\/fr\\\/#\\\/schema\\\/logo\\\/image\\\/\"},\"sameAs\":[\"https:\\\/\\\/www.facebook.com\\\/unterbaech\",\"https:\\\/\\\/www.instagram.com\\\/visit.unterbaech\\\/\",\"https:\\\/\\\/de.wikipedia.org\\\/wiki\\\/Unterb\u00e4ch\"]}]}<\/script>\n<!-- \/ Yoast SEO plugin. -->","yoast_head_json":{"title":"P\u00eache - Unterb\u00e4ch","description":"Le Valais poss\u00e8de de nombreuses eaux magnifiques et naturelles o\u00f9 des p\u00eacheurs passionn\u00e9s s\u2019adonnent \u00e0 leur loisir favori. \u00c0 Unterb\u00e4ch, vous pouvez sortir votre canne \u00e0 p\u00eache au Grosse See (lien) et dans le L\u00f6\u00fcbbach.","robots":{"index":"index","follow":"follow","max-snippet":"max-snippet:-1","max-image-preview":"max-image-preview:large","max-video-preview":"max-video-preview:-1"},"canonical":"https:\/\/unterbaech.ch\/fr\/decouvertes-et-experiences\/lete\/activites-de-loisirs\/fishing\/","og_locale":"fr_FR","og_type":"article","og_title":"P\u00eache - Unterb\u00e4ch","og_description":"Le Valais poss\u00e8de de nombreuses eaux magnifiques et naturelles o\u00f9 des p\u00eacheurs passionn\u00e9s s\u2019adonnent \u00e0 leur loisir favori. \u00c0 Unterb\u00e4ch, vous pouvez sortir votre canne \u00e0 p\u00eache au Grosse See (lien) et dans le L\u00f6\u00fcbbach.","og_url":"https:\/\/unterbaech.ch\/fr\/decouvertes-et-experiences\/lete\/activites-de-loisirs\/fishing\/","og_site_name":"Unterb\u00e4ch","article_publisher":"https:\/\/www.facebook.com\/unterbaech","article_modified_time":"2023-04-20T14:12:12+00:00","twitter_card":"summary_large_image","twitter_misc":{"Dur\u00e9e de lecture estim\u00e9e":"9 minutes"},"schema":{"@context":"https:\/\/schema.org","@graph":[{"@type":"WebPage","@id":"https:\/\/unterbaech.ch\/fr\/decouvertes-et-experiences\/lete\/activites-de-loisirs\/fishing\/","url":"https:\/\/unterbaech.ch\/fr\/decouvertes-et-experiences\/lete\/activites-de-loisirs\/fishing\/","name":"P\u00eache - Unterb\u00e4ch","isPartOf":{"@id":"https:\/\/unterbaech.ch\/fr\/#website"},"datePublished":"2021-11-04T13:25:58+00:00","dateModified":"2023-04-20T14:12:12+00:00","description":"Le Valais poss\u00e8de de nombreuses eaux magnifiques et naturelles o\u00f9 des p\u00eacheurs passionn\u00e9s s\u2019adonnent \u00e0 leur loisir favori. \u00c0 Unterb\u00e4ch, vous pouvez sortir votre canne \u00e0 p\u00eache au Grosse See (lien) et dans le L\u00f6\u00fcbbach.","breadcrumb":{"@id":"https:\/\/unterbaech.ch\/fr\/decouvertes-et-experiences\/lete\/activites-de-loisirs\/fishing\/#breadcrumb"},"inLanguage":"fr-FR","potentialAction":[{"@type":"ReadAction","target":["https:\/\/unterbaech.ch\/fr\/decouvertes-et-experiences\/lete\/activites-de-loisirs\/fishing\/"]}]},{"@type":"BreadcrumbList","@id":"https:\/\/unterbaech.ch\/fr\/decouvertes-et-experiences\/lete\/activites-de-loisirs\/fishing\/#breadcrumb","itemListElement":[{"@type":"ListItem","position":1,"name":"Startseite","item":"https:\/\/unterbaech.ch\/fr\/accueil\/"},{"@type":"ListItem","position":2,"name":"D\u00e9couvertes et exp\u00e9riences","item":"https:\/\/unterbaech.ch\/fr\/decouvertes-et-experiences\/"},{"@type":"ListItem","position":3,"name":"L&#8217;\u00e9te","item":"https:\/\/unterbaech.ch\/fr\/unterbaech\/sommer\/"},{"@type":"ListItem","position":4,"name":"Activit\u00e9s de loisirs","item":"https:\/\/unterbaech.ch\/fr\/unterbaech\/sommer\/freizeitaktivitaeten\/"},{"@type":"ListItem","position":5,"name":"P\u00eache"}]},{"@type":"WebSite","@id":"https:\/\/unterbaech.ch\/fr\/#website","url":"https:\/\/unterbaech.ch\/fr\/","name":"Unterb\u00e4ch","description":"","publisher":{"@id":"https:\/\/unterbaech.ch\/fr\/#organization"},"potentialAction":[{"@type":"SearchAction","target":{"@type":"EntryPoint","urlTemplate":"https:\/\/unterbaech.ch\/fr\/?s={search_term_string}"},"query-input":{"@type":"PropertyValueSpecification","valueRequired":true,"valueName":"search_term_string"}}],"inLanguage":"fr-FR"},{"@type":"Organization","@id":"https:\/\/unterbaech.ch\/fr\/#organization","name":"Unterb\u00e4ch Tourismus","url":"https:\/\/unterbaech.ch\/fr\/","logo":{"@type":"ImageObject","inLanguage":"fr-FR","@id":"https:\/\/unterbaech.ch\/fr\/#\/schema\/logo\/image\/","url":"https:\/\/unterbaech.ch\/wp-content\/uploads\/Logo-1.png","contentUrl":"https:\/\/unterbaech.ch\/wp-content\/uploads\/Logo-1.png","width":1125,"height":1102,"caption":"Unterb\u00e4ch Tourismus"},"image":{"@id":"https:\/\/unterbaech.ch\/fr\/#\/schema\/logo\/image\/"},"sameAs":["https:\/\/www.facebook.com\/unterbaech","https:\/\/www.instagram.com\/visit.unterbaech\/","https:\/\/de.wikipedia.org\/wiki\/Unterb\u00e4ch"]}]}},"_links":{"self":[{"href":"https:\/\/unterbaech.ch\/fr\/wp-json\/wp\/v2\/pages\/14201","targetHints":{"allow":["GET"]}}],"collection":[{"href":"https:\/\/unterbaech.ch\/fr\/wp-json\/wp\/v2\/pages"}],"about":[{"href":"https:\/\/unterbaech.ch\/fr\/wp-json\/wp\/v2\/types\/page"}],"author":[{"embeddable":true,"href":"https:\/\/unterbaech.ch\/fr\/wp-json\/wp\/v2\/users\/8"}],"replies":[{"embeddable":true,"href":"https:\/\/unterbaech.ch\/fr\/wp-json\/wp\/v2\/comments?post=14201"}],"version-history":[{"count":3,"href":"https:\/\/unterbaech.ch\/fr\/wp-json\/wp\/v2\/pages\/14201\/revisions"}],"predecessor-version":[{"id":19187,"href":"https:\/\/unterbaech.ch\/fr\/wp-json\/wp\/v2\/pages\/14201\/revisions\/19187"}],"up":[{"embeddable":true,"href":"https:\/\/unterbaech.ch\/fr\/wp-json\/wp\/v2\/pages\/14192"}],"wp:attachment":[{"href":"https:\/\/unterbaech.ch\/fr\/wp-json\/wp\/v2\/media?parent=14201"}],"curies":[{"name":"wp","href":"https:\/\/api.w.org\/{rel}","templated":true}]}}