{"id":14252,"date":"2021-11-04T17:30:51","date_gmt":"2021-11-04T16:30:51","guid":{"rendered":"https:\/\/unterbaech.ch\/decouvertes-et-experiences\/winter\/patinage\/"},"modified":"2023-12-15T14:52:46","modified_gmt":"2023-12-15T13:52:46","slug":"patinage","status":"publish","type":"page","link":"https:\/\/unterbaech.ch\/fr\/decouvertes-et-experiences\/winter\/patinage\/","title":{"rendered":"Patinage"},"content":{"rendered":"\n<style type=\"text\/css\" data-created_by=\"avia_inline_auto\" id=\"style-css-av-kbax8y3e-0d5c34667d91b72ba884a8ec1e0c87cf\">\n.avia-section.av-kbax8y3e-0d5c34667d91b72ba884a8ec1e0c87cf .av-parallax .av-parallax-inner{\nbackground-repeat:no-repeat;\nbackground-image:url(https:\/\/unterbaech.ch\/wp-content\/uploads\/2020\/07\/IMG_4694-Pano-scaled.jpg);\nbackground-position:50% 50%;\nbackground-attachment:scroll;\n}\n<\/style>\n<div id='av_section_1'  class='avia-section av-kbax8y3e-0d5c34667d91b72ba884a8ec1e0c87cf main_color avia-section-default avia-no-border-styling  avia-builder-el-0  el_before_av_section  avia-builder-el-first  section-fullwidthimage avia-full-stretch av-parallax-section avia-bg-style-parallax av-minimum-height av-minimum-height-50 av-height-50  container_wrap fullsize'  data-section-bg-repeat='stretch' data-av_minimum_height_pc='50' data-av_min_height_opt='50'><div class='av-parallax' data-avia-parallax-ratio='0.3' ><div class='av-parallax-inner main_color avia-full-stretch'><\/div><\/div><div class='container av-section-cont-open' ><main  role=\"main\" itemprop=\"mainContentOfPage\"  class='template-page content  av-content-full alpha units'><div class='post-entry post-entry-type-page post-entry-14252'><div class='entry-content-wrapper clearfix'>\n<\/div><\/div><\/main><!-- close content main element --><\/div><\/div><div id='av_section_2'  class='avia-section av-1n2h9-eef07d2470a934665895b572bc96122f main_color avia-section-default avia-no-border-styling  avia-builder-el-1  el_after_av_section  el_before_av_section  section-leadtext onecol avia-bg-style-scroll container_wrap fullsize'  ><div class='container av-section-cont-open' ><div class='template-page content  av-content-full alpha units'><div class='post-entry post-entry-type-page post-entry-14252'><div class='entry-content-wrapper clearfix'>\n<section  class='av_textblock_section av-kbawhdx8-9a55faeefcbf4e8706dea9c49b9010c2 '   itemscope=\"itemscope\" itemtype=\"https:\/\/schema.org\/CreativeWork\" ><div class='avia_textblock'  itemprop=\"text\" ><p style=\"text-align: center;\"><strong>SUR LA GLACE<br \/>\n<\/strong><\/p>\n<h3 style=\"text-align: center;\">PATINAGE<\/h3>\n<\/div><\/section>\n<section  class='av_textblock_section av-kbawhdx8-9-b533f37104e0b8e758a7d7eda3ea691e '   itemscope=\"itemscope\" itemtype=\"https:\/\/schema.org\/CreativeWork\" ><div class='avia_textblock lead'  itemprop=\"text\" ><p style=\"text-align: center;\">Si vous voulez am\u00e9liorer votre double axel ou vos pirouettes Biellmann, pas besoin de renoncer \u00e0 vos s\u00e9ances d\u2019entra\u00eenement dans notre r\u00e9gion touristique.<\/p>\n<\/div><\/section>\n\n<\/div><\/div><\/div><!-- close content main div --><\/div><\/div><div id='av_section_3'  class='avia-section av-2ozu1-d0416f96d23280b881dcadfb59c1e2de main_color avia-section-default avia-no-border-styling  avia-builder-el-4  el_after_av_section  el_before_av_section  section-leadtext image avia-bg-style-scroll container_wrap fullsize'  ><div class='container av-section-cont-open' ><div class='template-page content  av-content-full alpha units'><div class='post-entry post-entry-type-page post-entry-14252'><div class='entry-content-wrapper clearfix'>\n<div class='flex_column_table av-3z81-f10b1524d109005ce059068763d09583 sc-av_one_half av-break-at-tablet-flextable av-equal-height-column-flextable'>\n<style type=\"text\/css\" data-created_by=\"avia_inline_auto\" id=\"style-css-av-3z81-f10b1524d109005ce059068763d09583\">\n.flex_column.av-3z81-f10b1524d109005ce059068763d09583{\nborder-radius:0px 0px 0px 0px;\npadding:0px 0px 0px 0px;\n}\n<\/style>\n<div  class='flex_column av-3z81-f10b1524d109005ce059068763d09583 av_one_half  avia-builder-el-5  el_before_av_one_half  avia-builder-el-first  first av-break-at-tablet flex_column_table_cell av-equal-height-column av-align-top av-zero-column-padding  '     ><p><section  class='av_textblock_section av-jwhniv6n-e1059a515c4ea93eb80544e318be7904 '   itemscope=\"itemscope\" itemtype=\"https:\/\/schema.org\/CreativeWork\" ><div class='avia_textblock'  itemprop=\"text\" ><p><strong>PATINOIRE DE RAROGNE<\/strong><\/p>\n<\/div><\/section><br \/>\n<section  class='av_textblock_section av-jwhniv6n-6-0a273ae574e50ee866febf73068ecfdd '   itemscope=\"itemscope\" itemtype=\"https:\/\/schema.org\/CreativeWork\" ><div class='avia_textblock lead'  itemprop=\"text\" ><p>La toute nouvelle patinoire de Rarogne, la Raiffeisen Arena, est situ\u00e9e dans la zone industrielle de Basper, \u00e0 environ 10\u00a0minutes \u00e0 pied de la station inf\u00e9rieure du t\u00e9l\u00e9ph\u00e9rique Rarogne-Unterb\u00e4ch. Il est possible de louer patins et casques sur place.<\/p>\n<p><strong>Conseil<\/strong>: Chaque mercredi, samedi et dimanche de 13h \u00e0 16h (sauf les jours de tournoi) se tient une \u00e9cole de patinage gratuite. L\u2019entr\u00e9e est gratuite avec la carte d\u2019h\u00f4te \u00abRegion Oberwallis\u00bb. La location des patins est de CHF\u00a05.\u2013.<\/p>\n<\/div><\/section><br \/>\n<div  class='avia-button-wrap av-kbajg3mm-2914ed75c8383efc81763a33047e85e0-wrap avia-button-left  avia-builder-el-8  el_after_av_textblock  avia-builder-el-last '><a href='https:\/\/www.ehc-raron.ch\/eisbelegung\/'  class='avia-button av-kbajg3mm-2914ed75c8383efc81763a33047e85e0 av-link-btn avia-icon_select-no avia-size-small avia-position-left avia-color-theme-color'  target=\"_blank\"  rel=\"noopener noreferrer\"  aria-label=\"Occupation de la glace Raiffeisen Arena\"><span class='avia_iconbox_title' >Occupation de la glace Raiffeisen Arena<\/span><\/a><\/div><\/p><\/div><div class='av-flex-placeholder'><\/div>\n<style type=\"text\/css\" data-created_by=\"avia_inline_auto\" id=\"style-css-av-3z81-7-0ea73f7453829e476856fd078377ec4b\">\n.flex_column.av-3z81-7-0ea73f7453829e476856fd078377ec4b{\nborder-radius:0px 0px 0px 0px;\npadding:0px 0px 0px 0px;\n}\n<\/style>\n<div  class='flex_column av-3z81-7-0ea73f7453829e476856fd078377ec4b av_one_half  avia-builder-el-9  el_after_av_one_half  avia-builder-el-last  av-break-at-tablet flex_column_table_cell av-equal-height-column av-align-top av-zero-column-padding avia-full-stretch  '     ><style type=\"text\/css\" data-created_by=\"avia_inline_auto\" id=\"style-css-av-kbccxasc-fbf5df38bf2bc8ff2b5b28c56c87ee9e\">\n.avia-image-container.av-kbccxasc-fbf5df38bf2bc8ff2b5b28c56c87ee9e img.avia_image{\nbox-shadow:none;\n}\n.avia-image-container.av-kbccxasc-fbf5df38bf2bc8ff2b5b28c56c87ee9e .av-image-caption-overlay-center{\ncolor:#ffffff;\n}\n<\/style>\n<div  class='avia-image-container av-kbccxasc-fbf5df38bf2bc8ff2b5b28c56c87ee9e av-styling- avia-align-center  avia-builder-el-10  avia-builder-el-no-sibling '   itemprop=\"image\" itemscope=\"itemscope\" itemtype=\"https:\/\/schema.org\/ImageObject\" ><div class=\"avia-image-container-inner\"><div class=\"avia-image-overlay-wrap\"><img decoding=\"async\" fetchpriority=\"high\" class='wp-image-4280 avia-img-lazy-loading-not-4280 avia_image ' src=\"https:\/\/unterbaech.ch\/wp-content\/uploads\/2020\/07\/IMG_4660-1024x623.jpg\" alt='Eislaufen Raron' title='IMG_4660'  height=\"623\" width=\"1024\"  itemprop=\"thumbnailUrl\" srcset=\"https:\/\/unterbaech.ch\/wp-content\/uploads\/2020\/07\/IMG_4660-1024x623.jpg 1024w, https:\/\/unterbaech.ch\/wp-content\/uploads\/2020\/07\/IMG_4660-1774x1080.jpg 1774w, https:\/\/unterbaech.ch\/wp-content\/uploads\/2020\/07\/IMG_4660-768x467.jpg 768w, https:\/\/unterbaech.ch\/wp-content\/uploads\/2020\/07\/IMG_4660-1536x935.jpg 1536w, https:\/\/unterbaech.ch\/wp-content\/uploads\/2020\/07\/IMG_4660-2048x1247.jpg 2048w, https:\/\/unterbaech.ch\/wp-content\/uploads\/2020\/07\/IMG_4660-1500x913.jpg 1500w, https:\/\/unterbaech.ch\/wp-content\/uploads\/2020\/07\/IMG_4660-705x429.jpg 705w, https:\/\/unterbaech.ch\/wp-content\/uploads\/2020\/07\/IMG_4660-scaled.jpg 1920w\" sizes=\"(max-width: 1024px) 100vw, 1024px\" \/><\/div><\/div><\/div><\/div><\/div><!--close column table wrapper. Autoclose: 1 --><\/div><\/div><\/div><!-- close content main div --><\/div><\/div><div id='av_section_4'  class='avia-section av-2ozu1-8-94401330b1c39259bfccbd665f79dfcf main_color avia-section-default avia-no-border-styling  avia-builder-el-11  el_after_av_section  avia-builder-el-last  section-leadtext image avia-bg-style-scroll container_wrap fullsize'  ><div class='container av-section-cont-open' ><div class='template-page content  av-content-full alpha units'><div class='post-entry post-entry-type-page post-entry-14252'><div class='entry-content-wrapper clearfix'>\n<div class='flex_column_table av-3z81-4-d1bf447ec712ae916316b93151a8fa2c sc-av_one_half av-break-at-tablet-flextable av-equal-height-column-flextable'>\n<style type=\"text\/css\" data-created_by=\"avia_inline_auto\" id=\"style-css-av-3z81-4-d1bf447ec712ae916316b93151a8fa2c\">\n.flex_column.av-3z81-4-d1bf447ec712ae916316b93151a8fa2c{\nborder-radius:0px 0px 0px 0px;\npadding:0px 0px 0px 0px;\n}\n<\/style>\n<div  class='flex_column av-3z81-4-d1bf447ec712ae916316b93151a8fa2c av_one_half  avia-builder-el-12  el_before_av_one_half  avia-builder-el-first  first av-break-at-tablet flex_column_table_cell av-equal-height-column av-align-top av-zero-column-padding  '     ><p><section  class='av_textblock_section av-jwhniv6n-5-facd729686192399e70c99ef1809239a '   itemscope=\"itemscope\" itemtype=\"https:\/\/schema.org\/CreativeWork\" ><div class='avia_textblock'  itemprop=\"text\" ><p><strong>PATINOIRE NATURELLE DE B\u00dcRCHEN<\/strong><\/p>\n<\/div><\/section><br \/>\n<section  class='av_textblock_section av-jwhniv6n-1-2bbae7d3cd77ebb61f49ff03e3924fd3 '   itemscope=\"itemscope\" itemtype=\"https:\/\/schema.org\/CreativeWork\" ><div class='avia_textblock lead'  itemprop=\"text\" ><p>Dans le hameau de Zumoberhaus, dans le village voisin de B\u00fcrchen, il existe une patinoire naturelle o\u00f9 la glace est fabriqu\u00e9e \u00e0 la main chaque ann\u00e9e par le club de hockey sur glace local. L\u2019entr\u00e9e est gratuite.<\/p>\n<\/div><\/section><\/p><\/div><div class='av-flex-placeholder'><\/div>\n<style type=\"text\/css\" data-created_by=\"avia_inline_auto\" id=\"style-css-av-3z81-2-ae116a69e8113a01e3b4b1f5d817904d\">\n.flex_column.av-3z81-2-ae116a69e8113a01e3b4b1f5d817904d{\nborder-radius:0px 0px 0px 0px;\npadding:0px 0px 0px 0px;\n}\n<\/style>\n<div  class='flex_column av-3z81-2-ae116a69e8113a01e3b4b1f5d817904d av_one_half  avia-builder-el-15  el_after_av_one_half  avia-builder-el-last  av-break-at-tablet flex_column_table_cell av-equal-height-column av-align-top av-zero-column-padding avia-full-stretch  '     ><style type=\"text\/css\" data-created_by=\"avia_inline_auto\" id=\"style-css-av-kbccxasc-3-b73e6e4ba10615a8895068e0a4f2f044\">\n.avia-image-container.av-kbccxasc-3-b73e6e4ba10615a8895068e0a4f2f044 img.avia_image{\nbox-shadow:none;\n}\n.avia-image-container.av-kbccxasc-3-b73e6e4ba10615a8895068e0a4f2f044 .av-image-caption-overlay-center{\ncolor:#ffffff;\n}\n<\/style>\n<div  class='avia-image-container av-kbccxasc-3-b73e6e4ba10615a8895068e0a4f2f044 av-styling- avia-align-center  avia-builder-el-16  avia-builder-el-no-sibling '   itemprop=\"image\" itemscope=\"itemscope\" itemtype=\"https:\/\/schema.org\/ImageObject\" ><div class=\"avia-image-container-inner\"><div class=\"avia-image-overlay-wrap\"><img decoding=\"async\" fetchpriority=\"high\" class='wp-image-5863 avia-img-lazy-loading-not-5863 avia_image ' src=\"https:\/\/unterbaech.ch\/wp-content\/uploads\/Natureisbahn-Buerchen.jpg\" alt='' title='Patinoire naturelle de B\u00fcrchen'  height=\"1080\" width=\"1920\"  itemprop=\"thumbnailUrl\" srcset=\"https:\/\/unterbaech.ch\/wp-content\/uploads\/Natureisbahn-Buerchen.jpg 1920w, https:\/\/unterbaech.ch\/wp-content\/uploads\/Natureisbahn-Buerchen-1024x576.jpg 1024w, https:\/\/unterbaech.ch\/wp-content\/uploads\/Natureisbahn-Buerchen-768x432.jpg 768w, https:\/\/unterbaech.ch\/wp-content\/uploads\/Natureisbahn-Buerchen-1536x864.jpg 1536w, https:\/\/unterbaech.ch\/wp-content\/uploads\/Natureisbahn-Buerchen-2048x1152.jpg 2048w, https:\/\/unterbaech.ch\/wp-content\/uploads\/Natureisbahn-Buerchen-1500x844.jpg 1500w, https:\/\/unterbaech.ch\/wp-content\/uploads\/Natureisbahn-Buerchen-705x396.jpg 705w\" sizes=\"(max-width: 1920px) 100vw, 1920px\" \/><\/div><\/div><\/div><\/div><\/div><!--close column table wrapper. Autoclose: 1 -->\n<\/p>\n","protected":false},"excerpt":{"rendered":"","protected":false},"author":8,"featured_media":0,"parent":13870,"menu_order":0,"comment_status":"closed","ping_status":"closed","template":"","meta":{"inline_featured_image":false,"footnotes":""},"class_list":["post-14252","page","type-page","status-publish","hentry"],"yoast_head":"<!-- This site is optimized with the Yoast SEO plugin v27.3 - https:\/\/yoast.com\/product\/yoast-seo-wordpress\/ -->\n<title>Patinage - Unterb\u00e4ch<\/title>\n<meta name=\"description\" content=\"Sur la glace en quelques minutes seulement ! Dans la r\u00e9gion d&#039;Augstbord, la patinoire de Raron et la patinoire naturelle de B\u00fcrchen vous invitent \u00e0 faire du patin \u00e0 glace.\" \/>\n<meta name=\"robots\" content=\"index, follow, max-snippet:-1, max-image-preview:large, max-video-preview:-1\" \/>\n<link rel=\"canonical\" href=\"https:\/\/unterbaech.ch\/fr\/decouvertes-et-experiences\/winter\/patinage\/\" \/>\n<meta property=\"og:locale\" content=\"fr_FR\" \/>\n<meta property=\"og:type\" content=\"article\" \/>\n<meta property=\"og:title\" content=\"Patinage - Unterb\u00e4ch\" \/>\n<meta property=\"og:description\" content=\"Sur la glace en quelques minutes seulement ! Dans la r\u00e9gion d&#039;Augstbord, la patinoire de Raron et la patinoire naturelle de B\u00fcrchen vous invitent \u00e0 faire du patin \u00e0 glace.\" \/>\n<meta property=\"og:url\" content=\"https:\/\/unterbaech.ch\/fr\/decouvertes-et-experiences\/winter\/patinage\/\" \/>\n<meta property=\"og:site_name\" content=\"Unterb\u00e4ch\" \/>\n<meta property=\"article:publisher\" content=\"https:\/\/www.facebook.com\/unterbaech\" \/>\n<meta property=\"article:modified_time\" content=\"2023-12-15T13:52:46+00:00\" \/>\n<meta name=\"twitter:card\" content=\"summary_large_image\" \/>\n<meta name=\"twitter:label1\" content=\"Dur\u00e9e de lecture estim\u00e9e\" \/>\n\t<meta name=\"twitter:data1\" content=\"9 minutes\" \/>\n<script type=\"application\/ld+json\" class=\"yoast-schema-graph\">{\"@context\":\"https:\\\/\\\/schema.org\",\"@graph\":[{\"@type\":\"WebPage\",\"@id\":\"https:\\\/\\\/unterbaech.ch\\\/fr\\\/decouvertes-et-experiences\\\/winter\\\/patinage\\\/\",\"url\":\"https:\\\/\\\/unterbaech.ch\\\/fr\\\/decouvertes-et-experiences\\\/winter\\\/patinage\\\/\",\"name\":\"Patinage - Unterb\u00e4ch\",\"isPartOf\":{\"@id\":\"https:\\\/\\\/unterbaech.ch\\\/fr\\\/#website\"},\"datePublished\":\"2021-11-04T16:30:51+00:00\",\"dateModified\":\"2023-12-15T13:52:46+00:00\",\"description\":\"Sur la glace en quelques minutes seulement ! Dans la r\u00e9gion d'Augstbord, la patinoire de Raron et la patinoire naturelle de B\u00fcrchen vous invitent \u00e0 faire du patin \u00e0 glace.\",\"breadcrumb\":{\"@id\":\"https:\\\/\\\/unterbaech.ch\\\/fr\\\/decouvertes-et-experiences\\\/winter\\\/patinage\\\/#breadcrumb\"},\"inLanguage\":\"fr-FR\",\"potentialAction\":[{\"@type\":\"ReadAction\",\"target\":[\"https:\\\/\\\/unterbaech.ch\\\/fr\\\/decouvertes-et-experiences\\\/winter\\\/patinage\\\/\"]}]},{\"@type\":\"BreadcrumbList\",\"@id\":\"https:\\\/\\\/unterbaech.ch\\\/fr\\\/decouvertes-et-experiences\\\/winter\\\/patinage\\\/#breadcrumb\",\"itemListElement\":[{\"@type\":\"ListItem\",\"position\":1,\"name\":\"Startseite\",\"item\":\"https:\\\/\\\/unterbaech.ch\\\/fr\\\/accueil\\\/\"},{\"@type\":\"ListItem\",\"position\":2,\"name\":\"D\u00e9couvertes et exp\u00e9riences\",\"item\":\"https:\\\/\\\/unterbaech.ch\\\/fr\\\/decouvertes-et-experiences\\\/\"},{\"@type\":\"ListItem\",\"position\":3,\"name\":\"L&#8217;hiver\",\"item\":\"https:\\\/\\\/unterbaech.ch\\\/fr\\\/unterbaech\\\/winter\\\/\"},{\"@type\":\"ListItem\",\"position\":4,\"name\":\"Patinage\"}]},{\"@type\":\"WebSite\",\"@id\":\"https:\\\/\\\/unterbaech.ch\\\/fr\\\/#website\",\"url\":\"https:\\\/\\\/unterbaech.ch\\\/fr\\\/\",\"name\":\"Unterb\u00e4ch\",\"description\":\"\",\"publisher\":{\"@id\":\"https:\\\/\\\/unterbaech.ch\\\/fr\\\/#organization\"},\"potentialAction\":[{\"@type\":\"SearchAction\",\"target\":{\"@type\":\"EntryPoint\",\"urlTemplate\":\"https:\\\/\\\/unterbaech.ch\\\/fr\\\/?s={search_term_string}\"},\"query-input\":{\"@type\":\"PropertyValueSpecification\",\"valueRequired\":true,\"valueName\":\"search_term_string\"}}],\"inLanguage\":\"fr-FR\"},{\"@type\":\"Organization\",\"@id\":\"https:\\\/\\\/unterbaech.ch\\\/fr\\\/#organization\",\"name\":\"Unterb\u00e4ch Tourismus\",\"url\":\"https:\\\/\\\/unterbaech.ch\\\/fr\\\/\",\"logo\":{\"@type\":\"ImageObject\",\"inLanguage\":\"fr-FR\",\"@id\":\"https:\\\/\\\/unterbaech.ch\\\/fr\\\/#\\\/schema\\\/logo\\\/image\\\/\",\"url\":\"https:\\\/\\\/unterbaech.ch\\\/wp-content\\\/uploads\\\/Logo-1.png\",\"contentUrl\":\"https:\\\/\\\/unterbaech.ch\\\/wp-content\\\/uploads\\\/Logo-1.png\",\"width\":1125,\"height\":1102,\"caption\":\"Unterb\u00e4ch Tourismus\"},\"image\":{\"@id\":\"https:\\\/\\\/unterbaech.ch\\\/fr\\\/#\\\/schema\\\/logo\\\/image\\\/\"},\"sameAs\":[\"https:\\\/\\\/www.facebook.com\\\/unterbaech\",\"https:\\\/\\\/www.instagram.com\\\/visit.unterbaech\\\/\",\"https:\\\/\\\/de.wikipedia.org\\\/wiki\\\/Unterb\u00e4ch\"]}]}<\/script>\n<!-- \/ Yoast SEO plugin. -->","yoast_head_json":{"title":"Patinage - Unterb\u00e4ch","description":"Sur la glace en quelques minutes seulement ! Dans la r\u00e9gion d'Augstbord, la patinoire de Raron et la patinoire naturelle de B\u00fcrchen vous invitent \u00e0 faire du patin \u00e0 glace.","robots":{"index":"index","follow":"follow","max-snippet":"max-snippet:-1","max-image-preview":"max-image-preview:large","max-video-preview":"max-video-preview:-1"},"canonical":"https:\/\/unterbaech.ch\/fr\/decouvertes-et-experiences\/winter\/patinage\/","og_locale":"fr_FR","og_type":"article","og_title":"Patinage - Unterb\u00e4ch","og_description":"Sur la glace en quelques minutes seulement ! Dans la r\u00e9gion d'Augstbord, la patinoire de Raron et la patinoire naturelle de B\u00fcrchen vous invitent \u00e0 faire du patin \u00e0 glace.","og_url":"https:\/\/unterbaech.ch\/fr\/decouvertes-et-experiences\/winter\/patinage\/","og_site_name":"Unterb\u00e4ch","article_publisher":"https:\/\/www.facebook.com\/unterbaech","article_modified_time":"2023-12-15T13:52:46+00:00","twitter_card":"summary_large_image","twitter_misc":{"Dur\u00e9e de lecture estim\u00e9e":"9 minutes"},"schema":{"@context":"https:\/\/schema.org","@graph":[{"@type":"WebPage","@id":"https:\/\/unterbaech.ch\/fr\/decouvertes-et-experiences\/winter\/patinage\/","url":"https:\/\/unterbaech.ch\/fr\/decouvertes-et-experiences\/winter\/patinage\/","name":"Patinage - Unterb\u00e4ch","isPartOf":{"@id":"https:\/\/unterbaech.ch\/fr\/#website"},"datePublished":"2021-11-04T16:30:51+00:00","dateModified":"2023-12-15T13:52:46+00:00","description":"Sur la glace en quelques minutes seulement ! Dans la r\u00e9gion d'Augstbord, la patinoire de Raron et la patinoire naturelle de B\u00fcrchen vous invitent \u00e0 faire du patin \u00e0 glace.","breadcrumb":{"@id":"https:\/\/unterbaech.ch\/fr\/decouvertes-et-experiences\/winter\/patinage\/#breadcrumb"},"inLanguage":"fr-FR","potentialAction":[{"@type":"ReadAction","target":["https:\/\/unterbaech.ch\/fr\/decouvertes-et-experiences\/winter\/patinage\/"]}]},{"@type":"BreadcrumbList","@id":"https:\/\/unterbaech.ch\/fr\/decouvertes-et-experiences\/winter\/patinage\/#breadcrumb","itemListElement":[{"@type":"ListItem","position":1,"name":"Startseite","item":"https:\/\/unterbaech.ch\/fr\/accueil\/"},{"@type":"ListItem","position":2,"name":"D\u00e9couvertes et exp\u00e9riences","item":"https:\/\/unterbaech.ch\/fr\/decouvertes-et-experiences\/"},{"@type":"ListItem","position":3,"name":"L&#8217;hiver","item":"https:\/\/unterbaech.ch\/fr\/unterbaech\/winter\/"},{"@type":"ListItem","position":4,"name":"Patinage"}]},{"@type":"WebSite","@id":"https:\/\/unterbaech.ch\/fr\/#website","url":"https:\/\/unterbaech.ch\/fr\/","name":"Unterb\u00e4ch","description":"","publisher":{"@id":"https:\/\/unterbaech.ch\/fr\/#organization"},"potentialAction":[{"@type":"SearchAction","target":{"@type":"EntryPoint","urlTemplate":"https:\/\/unterbaech.ch\/fr\/?s={search_term_string}"},"query-input":{"@type":"PropertyValueSpecification","valueRequired":true,"valueName":"search_term_string"}}],"inLanguage":"fr-FR"},{"@type":"Organization","@id":"https:\/\/unterbaech.ch\/fr\/#organization","name":"Unterb\u00e4ch Tourismus","url":"https:\/\/unterbaech.ch\/fr\/","logo":{"@type":"ImageObject","inLanguage":"fr-FR","@id":"https:\/\/unterbaech.ch\/fr\/#\/schema\/logo\/image\/","url":"https:\/\/unterbaech.ch\/wp-content\/uploads\/Logo-1.png","contentUrl":"https:\/\/unterbaech.ch\/wp-content\/uploads\/Logo-1.png","width":1125,"height":1102,"caption":"Unterb\u00e4ch Tourismus"},"image":{"@id":"https:\/\/unterbaech.ch\/fr\/#\/schema\/logo\/image\/"},"sameAs":["https:\/\/www.facebook.com\/unterbaech","https:\/\/www.instagram.com\/visit.unterbaech\/","https:\/\/de.wikipedia.org\/wiki\/Unterb\u00e4ch"]}]}},"_links":{"self":[{"href":"https:\/\/unterbaech.ch\/fr\/wp-json\/wp\/v2\/pages\/14252","targetHints":{"allow":["GET"]}}],"collection":[{"href":"https:\/\/unterbaech.ch\/fr\/wp-json\/wp\/v2\/pages"}],"about":[{"href":"https:\/\/unterbaech.ch\/fr\/wp-json\/wp\/v2\/types\/page"}],"author":[{"embeddable":true,"href":"https:\/\/unterbaech.ch\/fr\/wp-json\/wp\/v2\/users\/8"}],"replies":[{"embeddable":true,"href":"https:\/\/unterbaech.ch\/fr\/wp-json\/wp\/v2\/comments?post=14252"}],"version-history":[{"count":3,"href":"https:\/\/unterbaech.ch\/fr\/wp-json\/wp\/v2\/pages\/14252\/revisions"}],"predecessor-version":[{"id":20908,"href":"https:\/\/unterbaech.ch\/fr\/wp-json\/wp\/v2\/pages\/14252\/revisions\/20908"}],"up":[{"embeddable":true,"href":"https:\/\/unterbaech.ch\/fr\/wp-json\/wp\/v2\/pages\/13870"}],"wp:attachment":[{"href":"https:\/\/unterbaech.ch\/fr\/wp-json\/wp\/v2\/media?parent=14252"}],"curies":[{"name":"wp","href":"https:\/\/api.w.org\/{rel}","templated":true}]}}