{"id":14258,"date":"2021-11-04T17:48:10","date_gmt":"2021-11-04T16:48:10","guid":{"rendered":"https:\/\/unterbaech.ch\/decouvertes-et-experiences\/winter\/skibus\/"},"modified":"2025-10-15T17:02:19","modified_gmt":"2025-10-15T15:02:19","slug":"skibus","status":"publish","type":"page","link":"https:\/\/unterbaech.ch\/fr\/decouvertes-et-experiences\/winter\/skibus\/","title":{"rendered":"Skibus"},"content":{"rendered":"\n<style type=\"text\/css\" data-created_by=\"avia_inline_auto\" id=\"style-css-av-kbax8y3e-774f65c508321204fdc4e7c975389bb8\">\n.avia-section.av-kbax8y3e-774f65c508321204fdc4e7c975389bb8 .av-parallax .av-parallax-inner{\nbackground-repeat:no-repeat;\nbackground-image:url(https:\/\/unterbaech.ch\/wp-content\/uploads\/2020\/07\/Foto-2.jpg);\nbackground-position:50% 100%;\nbackground-attachment:scroll;\n}\n<\/style>\n<div id='av_section_1'  class='avia-section av-kbax8y3e-774f65c508321204fdc4e7c975389bb8 main_color avia-section-default avia-no-border-styling  avia-builder-el-0  el_before_av_section  avia-builder-el-first  section-fullwidthimage avia-full-stretch av-parallax-section avia-bg-style-parallax av-minimum-height av-minimum-height-50 av-height-50  container_wrap fullsize'  data-section-bg-repeat='stretch' data-av_minimum_height_pc='50' data-av_min_height_opt='50'><div class='av-parallax' data-avia-parallax-ratio='0.3' ><div class='av-parallax-inner main_color avia-full-stretch'><\/div><\/div><div class='container av-section-cont-open' ><main  role=\"main\" itemprop=\"mainContentOfPage\"  class='template-page content  av-content-full alpha units'><div class='post-entry post-entry-type-page post-entry-14258'><div class='entry-content-wrapper clearfix'>\n<\/div><\/div><\/main><!-- close content main element --><\/div><\/div><div id='av_section_2'  class='avia-section av-1n2h9-eef07d2470a934665895b572bc96122f main_color avia-section-default avia-no-border-styling  avia-builder-el-1  el_after_av_section  el_before_av_textblock  section-leadtext onecol avia-bg-style-scroll container_wrap fullsize'  ><div class='container av-section-cont-open' ><div class='template-page content  av-content-full alpha units'><div class='post-entry post-entry-type-page post-entry-14258'><div class='entry-content-wrapper clearfix'>\n<section  class='av_textblock_section av-kbawhdx8-9a55faeefcbf4e8706dea9c49b9010c2 '   itemscope=\"itemscope\" itemtype=\"https:\/\/schema.org\/CreativeWork\" ><div class='avia_textblock'  itemprop=\"text\" ><p style=\"text-align: center;\"><strong>UNTERB\u00c4CH &#8211; EISCHOLL &#8211; B\u00dcRCHEN<br \/>\n<\/strong><\/p>\n<h3 style=\"text-align: center;\">SKIBUS<\/h3>\n<\/div><\/section>\n<section  class='av_textblock_section av-kbawhdx8-4-dd641b3b9476498f67b92d6edb7733d2 '   itemscope=\"itemscope\" itemtype=\"https:\/\/schema.org\/CreativeWork\" ><div class='avia_textblock lead'  itemprop=\"text\" ><p style=\"text-align: center;\">Envie de changer d\u2019air? Les d\u00e9tenteurs d\u2019un forfait de ski des remont\u00e9es m\u00e9caniques d\u2019 Unterb\u00e4ch et\/ou d\u2019une carte d\u2019h\u00f4te \u00abRegion Oberwallis\u00bb peuvent utiliser gratuitement le skibus Unterb\u00e4ch \u2013 Eischoll \u2013 B\u00fcrchen. Le tarif normal du ticket de skibus est CHF\u00a05.\u2013.<\/p>\n<\/div><\/section>\n<\/div><\/div><\/div><!-- close content main div --><\/div><\/div><div id='after_section_2'  class='main_color av_default_container_wrap container_wrap fullsize'  ><div class='container av-section-cont-open' ><div class='template-page content  av-content-full alpha units'><div class='post-entry post-entry-type-page post-entry-14258'><div class='entry-content-wrapper clearfix'>\n<section  class='av_textblock_section av-jwhniv6n-dadc6a6f5756ddd65ae5178d1e127552 '   itemscope=\"itemscope\" itemtype=\"https:\/\/schema.org\/CreativeWork\" ><div class='avia_textblock lead'  itemprop=\"text\" ><p><strong>HORAIRE<\/strong><\/p>\n<p>Le Sportbus circule tous les <strong>mercredis<\/strong> du 31 d\u00e9cembre 2025 au 11 mars 2026 <strong>sur r\u00e9servation<\/strong>.<\/p>\n<\/div><\/section>\n<div class='avia-data-table-wrap av-ahtdt-532ba3b8c590742b1caf6b6a36c08bc8 avia_scrollable_table avia-table-1'><table  class='avia-table avia-data-table avia_pricing_default  avia-builder-el-5  el_after_av_textblock  el_before_av_textblock '  itemscope=\"itemscope\" itemtype=\"https:\/\/schema.org\/Table\" ><tbody><tr class='avia-heading-row'><th class=''><\/th><th class=''>MATIN<\/th><th class=''>APR\u00c8S-MIDI<\/th><\/tr><tr class=''><td class=''>Unterb\u00e4ch, t\u00e9l\u00e9ph\u00e9rique<\/td><td class=''>d\u00e9part 10.00h<\/td><td class=''>d\u00e9part 16.20h<br \/>\n<\/td><\/tr><tr class=''><td class=''>Eischoll, T\u00e9l\u00e9si\u00e8ge<\/td><td class=''>arriv\u00e9e\/d\u00e9part 10.10h<\/td><td class=''>arriv\u00e9e\/d\u00e9part 16.30h<\/td><\/tr><tr class=''><td class=''>Unterb\u00e4ch, t\u00e9l\u00e9ph\u00e9rique<\/td><td class=''>arriv\u00e9e\/d\u00e9part 10.20h<\/td><td class=''>arriv\u00e9e\/d\u00e9part 16.40h<\/td><\/tr><tr class=''><td class=''>B\u00fcrchen, Ronalp<\/td><td class=''>arriv\u00e9e\/d\u00e9part 10.35h<\/td><td class=''>arriv\u00e9e\/d\u00e9part 16.55h<\/td><\/tr><tr class=''><td class=''>B\u00fcrchen, Egga<\/td><td class=''>arriv\u00e9e\/d\u00e9part 10.40h<\/td><td class=''>arriv\u00e9e\/d\u00e9part 17.00h<\/td><\/tr><tr class=''><td class=''>Unterb\u00e4ch, t\u00e9l\u00e9ph\u00e9rique<\/td><td class=''>arriv\u00e9e\/d\u00e9part 11.00h<\/td><td class=''>arriv\u00e9e\/d\u00e9part 17.20h<\/td><\/tr><tr class=''><td class=''>Eischoll, T\u00e9l\u00e9si\u00e8ge<\/td><td class=''>arriv\u00e9e 11.10h<\/td><td class=''>arriv\u00e9e 17.30h<\/td><\/tr><\/tbody><\/table><\/div>\n<section  class='av_textblock_section av-jwhniv6n-2-c2a7cd3ae4401ded00e58d5956723ae5 '   itemscope=\"itemscope\" itemtype=\"https:\/\/schema.org\/CreativeWork\" ><div class='avia_textblock lead'  itemprop=\"text\" ><p>Le skibus circule aux dates susmentionn\u00e9es sur r\u00e9servation jusqu\u2019\u00e0 9h le matin au +41 27 934 11 86.<\/p>\n<\/div><\/section>\n<\/div><\/div><\/div><!-- close content main div --><\/div><\/div>\n<style type=\"text\/css\" data-created_by=\"avia_inline_auto\" id=\"style-css-av-kbax8y3e-5-53357806f734cc80076b2ed606895df2\">\n.avia-section.av-kbax8y3e-5-53357806f734cc80076b2ed606895df2 .av-parallax .av-parallax-inner{\nbackground-repeat:no-repeat;\nbackground-image:url(https:\/\/unterbaech.ch\/wp-content\/uploads\/2020\/07\/Foto-7-scaled.jpg);\nbackground-position:50% 50%;\nbackground-attachment:scroll;\n}\n<\/style>\n<div id='av_section_3'  class='avia-section av-kbax8y3e-5-53357806f734cc80076b2ed606895df2 main_color avia-section-default avia-no-border-styling  avia-builder-el-7  el_after_av_textblock  avia-builder-el-last  section-tip avia-full-stretch av-parallax-section avia-bg-style-parallax av-minimum-height av-minimum-height-100 av-height-100  container_wrap fullsize'  data-section-bg-repeat='stretch' data-av_minimum_height_pc='100' data-av_min_height_opt='100'><div class='av-parallax' data-avia-parallax-ratio='0.3' ><div class='av-parallax-inner main_color avia-full-stretch'><\/div><\/div><div class='container av-section-cont-open' ><div class='template-page content  av-content-full alpha units'><div class='post-entry post-entry-type-page post-entry-14258'><div class='entry-content-wrapper clearfix'>\n\n<style type=\"text\/css\" data-created_by=\"avia_inline_auto\" id=\"style-css-av-kbcj4u58-528702b2ac0e8486eaaf9cf9ec2ab7b8\">\n#top .hr.hr-invisible.av-kbcj4u58-528702b2ac0e8486eaaf9cf9ec2ab7b8{\nheight:400px;\n}\n<\/style>\n<div  class='hr av-kbcj4u58-528702b2ac0e8486eaaf9cf9ec2ab7b8 hr-invisible  avia-builder-el-8  el_before_av_one_half  avia-builder-el-first '><span class='hr-inner '><span class=\"hr-inner-style\"><\/span><\/span><\/div>\n<div class='flex_column_table av-kbcj1bss-2a3bc2edaf934878f272e15e690e2c59 sc-av_one_half av-equal-height-column-flextable'>\n<style type=\"text\/css\" data-created_by=\"avia_inline_auto\" id=\"style-css-av-kbcj1bss-2a3bc2edaf934878f272e15e690e2c59\">\n.flex_column.av-kbcj1bss-2a3bc2edaf934878f272e15e690e2c59{\nborder-radius:0px 0px 0px 0px;\npadding:0px 0px 0px 0px;\n}\n<\/style>\n<div  class='flex_column av-kbcj1bss-2a3bc2edaf934878f272e15e690e2c59 av_one_half  avia-builder-el-9  el_after_av_hr  el_before_av_one_half  first no_margin flex_column_table_cell av-equal-height-column av-align-top av-zero-column-padding  '     ><\/div>\n<style type=\"text\/css\" data-created_by=\"avia_inline_auto\" id=\"style-css-av-kbcj1bss-1-8eff7c2eacf75fd043e818bd8f93d34a\">\n.flex_column.av-kbcj1bss-1-8eff7c2eacf75fd043e818bd8f93d34a{\nborder-radius:0px 0px 0px 0px;\npadding:30px 30px 30px 30px;\nbackground-color:#ffffff;\n}\n<\/style>\n<div  class='flex_column av-kbcj1bss-1-8eff7c2eacf75fd043e818bd8f93d34a av_one_half  avia-builder-el-10  el_after_av_one_half  avia-builder-el-last  no_margin flex_column_table_cell av-equal-height-column av-align-top  '     ><section  class='av_textblock_section av-kbawhdx8-3-cb9b39b3fd70a0452ca512440eb1d09d '   itemscope=\"itemscope\" itemtype=\"https:\/\/schema.org\/CreativeWork\" ><div class='avia_textblock'  itemprop=\"text\" ><p class=\"tabtitle\" style=\"text-align: right;\"><em>Tip<\/em><\/p>\n<p style=\"text-align: center;\"><strong>EN ROUTE POUR MOOSALP\/B\u00dcRCHNERALP<\/strong><\/p>\n<h3 style=\"text-align: center;\">Alpuschnagger<\/h3>\n<p style=\"text-align: center;\">L\u2019Alpuschnagger, une dameuse \u00e9quip\u00e9e d\u2019une cabine pour 20\u00a0personnes, emm\u00e8ne les amateurs de sports d\u2019hiver de l\u2019arr\u00eat B\u00fcrchen Egga \u00e0 B\u00fcrchneralp et Moosalp.<\/p>\n<\/div><\/section><br \/>\n<div  class='avia-button-wrap av-kbajg3mm-80535cc8272d766c77489e059bc8818c-wrap avia-button-center  avia-builder-el-12  el_after_av_textblock  avia-builder-el-last '><a href='https:\/\/www.moosalpregion.ch\/unterwegs-mit-dem-alpuschnaager\/'  class='avia-button av-kbajg3mm-80535cc8272d766c77489e059bc8818c av-link-btn avia-icon_select-no avia-size-small avia-position-center avia-color-theme-color'  target=\"_blank\"  rel=\"noopener noreferrer\"  aria-label=\"Click me\"><span class='avia_iconbox_title' >Click me<\/span><\/a><\/div><\/p><\/div><\/div><!--close column table wrapper. Autoclose: 1 -->\n\n","protected":false},"excerpt":{"rendered":"","protected":false},"author":8,"featured_media":0,"parent":13870,"menu_order":0,"comment_status":"closed","ping_status":"closed","template":"","meta":{"inline_featured_image":false,"footnotes":""},"class_list":["post-14258","page","type-page","status-publish","hentry"],"yoast_head":"<!-- This site is optimized with the Yoast SEO plugin v27.3 - https:\/\/yoast.com\/product\/yoast-seo-wordpress\/ -->\n<title>Skibus - Unterb\u00e4ch<\/title>\n<meta name=\"description\" content=\"Envie de changer d\u2019air? Les d\u00e9tenteurs d\u2019un forfait de ski des remont\u00e9es m\u00e9caniques d\u2019 Unterb\u00e4ch et\/ou d\u2019une carte d\u2019h\u00f4te \u00abRegion Oberwallis\u00bb peuvent utiliser gratuitement le skibus Unterb\u00e4ch \u2013 Eischoll \u2013 B\u00fcrchen.\" \/>\n<meta name=\"robots\" content=\"index, follow, max-snippet:-1, max-image-preview:large, max-video-preview:-1\" \/>\n<link rel=\"canonical\" href=\"https:\/\/unterbaech.ch\/fr\/decouvertes-et-experiences\/winter\/skibus\/\" \/>\n<meta property=\"og:locale\" content=\"fr_FR\" \/>\n<meta property=\"og:type\" content=\"article\" \/>\n<meta property=\"og:title\" content=\"Skibus - Unterb\u00e4ch\" \/>\n<meta property=\"og:description\" content=\"Envie de changer d\u2019air? Les d\u00e9tenteurs d\u2019un forfait de ski des remont\u00e9es m\u00e9caniques d\u2019 Unterb\u00e4ch et\/ou d\u2019une carte d\u2019h\u00f4te \u00abRegion Oberwallis\u00bb peuvent utiliser gratuitement le skibus Unterb\u00e4ch \u2013 Eischoll \u2013 B\u00fcrchen.\" \/>\n<meta property=\"og:url\" content=\"https:\/\/unterbaech.ch\/fr\/decouvertes-et-experiences\/winter\/skibus\/\" \/>\n<meta property=\"og:site_name\" content=\"Unterb\u00e4ch\" \/>\n<meta property=\"article:publisher\" content=\"https:\/\/www.facebook.com\/unterbaech\" \/>\n<meta property=\"article:modified_time\" content=\"2025-10-15T15:02:19+00:00\" \/>\n<meta name=\"twitter:card\" content=\"summary_large_image\" \/>\n<meta name=\"twitter:label1\" content=\"Dur\u00e9e de lecture estim\u00e9e\" \/>\n\t<meta name=\"twitter:data1\" content=\"1 minute\" \/>\n<script type=\"application\/ld+json\" class=\"yoast-schema-graph\">{\"@context\":\"https:\\\/\\\/schema.org\",\"@graph\":[{\"@type\":\"WebPage\",\"@id\":\"https:\\\/\\\/unterbaech.ch\\\/fr\\\/decouvertes-et-experiences\\\/winter\\\/skibus\\\/\",\"url\":\"https:\\\/\\\/unterbaech.ch\\\/fr\\\/decouvertes-et-experiences\\\/winter\\\/skibus\\\/\",\"name\":\"Skibus - Unterb\u00e4ch\",\"isPartOf\":{\"@id\":\"https:\\\/\\\/unterbaech.ch\\\/fr\\\/#website\"},\"datePublished\":\"2021-11-04T16:48:10+00:00\",\"dateModified\":\"2025-10-15T15:02:19+00:00\",\"description\":\"Envie de changer d\u2019air? Les d\u00e9tenteurs d\u2019un forfait de ski des remont\u00e9es m\u00e9caniques d\u2019 Unterb\u00e4ch et\\\/ou d\u2019une carte d\u2019h\u00f4te \u00abRegion Oberwallis\u00bb peuvent utiliser gratuitement le skibus Unterb\u00e4ch \u2013 Eischoll \u2013 B\u00fcrchen.\",\"breadcrumb\":{\"@id\":\"https:\\\/\\\/unterbaech.ch\\\/fr\\\/decouvertes-et-experiences\\\/winter\\\/skibus\\\/#breadcrumb\"},\"inLanguage\":\"fr-FR\",\"potentialAction\":[{\"@type\":\"ReadAction\",\"target\":[\"https:\\\/\\\/unterbaech.ch\\\/fr\\\/decouvertes-et-experiences\\\/winter\\\/skibus\\\/\"]}]},{\"@type\":\"BreadcrumbList\",\"@id\":\"https:\\\/\\\/unterbaech.ch\\\/fr\\\/decouvertes-et-experiences\\\/winter\\\/skibus\\\/#breadcrumb\",\"itemListElement\":[{\"@type\":\"ListItem\",\"position\":1,\"name\":\"Startseite\",\"item\":\"https:\\\/\\\/unterbaech.ch\\\/fr\\\/accueil\\\/\"},{\"@type\":\"ListItem\",\"position\":2,\"name\":\"D\u00e9couvertes et exp\u00e9riences\",\"item\":\"https:\\\/\\\/unterbaech.ch\\\/fr\\\/decouvertes-et-experiences\\\/\"},{\"@type\":\"ListItem\",\"position\":3,\"name\":\"L&#8217;hiver\",\"item\":\"https:\\\/\\\/unterbaech.ch\\\/fr\\\/unterbaech\\\/winter\\\/\"},{\"@type\":\"ListItem\",\"position\":4,\"name\":\"Skibus\"}]},{\"@type\":\"WebSite\",\"@id\":\"https:\\\/\\\/unterbaech.ch\\\/fr\\\/#website\",\"url\":\"https:\\\/\\\/unterbaech.ch\\\/fr\\\/\",\"name\":\"Unterb\u00e4ch\",\"description\":\"\",\"publisher\":{\"@id\":\"https:\\\/\\\/unterbaech.ch\\\/fr\\\/#organization\"},\"potentialAction\":[{\"@type\":\"SearchAction\",\"target\":{\"@type\":\"EntryPoint\",\"urlTemplate\":\"https:\\\/\\\/unterbaech.ch\\\/fr\\\/?s={search_term_string}\"},\"query-input\":{\"@type\":\"PropertyValueSpecification\",\"valueRequired\":true,\"valueName\":\"search_term_string\"}}],\"inLanguage\":\"fr-FR\"},{\"@type\":\"Organization\",\"@id\":\"https:\\\/\\\/unterbaech.ch\\\/fr\\\/#organization\",\"name\":\"Unterb\u00e4ch Tourismus\",\"url\":\"https:\\\/\\\/unterbaech.ch\\\/fr\\\/\",\"logo\":{\"@type\":\"ImageObject\",\"inLanguage\":\"fr-FR\",\"@id\":\"https:\\\/\\\/unterbaech.ch\\\/fr\\\/#\\\/schema\\\/logo\\\/image\\\/\",\"url\":\"https:\\\/\\\/unterbaech.ch\\\/wp-content\\\/uploads\\\/Logo-1.png\",\"contentUrl\":\"https:\\\/\\\/unterbaech.ch\\\/wp-content\\\/uploads\\\/Logo-1.png\",\"width\":1125,\"height\":1102,\"caption\":\"Unterb\u00e4ch Tourismus\"},\"image\":{\"@id\":\"https:\\\/\\\/unterbaech.ch\\\/fr\\\/#\\\/schema\\\/logo\\\/image\\\/\"},\"sameAs\":[\"https:\\\/\\\/www.facebook.com\\\/unterbaech\",\"https:\\\/\\\/www.instagram.com\\\/visit.unterbaech\\\/\",\"https:\\\/\\\/de.wikipedia.org\\\/wiki\\\/Unterb\u00e4ch\"]}]}<\/script>\n<!-- \/ Yoast SEO plugin. -->","yoast_head_json":{"title":"Skibus - Unterb\u00e4ch","description":"Envie de changer d\u2019air? Les d\u00e9tenteurs d\u2019un forfait de ski des remont\u00e9es m\u00e9caniques d\u2019 Unterb\u00e4ch et\/ou d\u2019une carte d\u2019h\u00f4te \u00abRegion Oberwallis\u00bb peuvent utiliser gratuitement le skibus Unterb\u00e4ch \u2013 Eischoll \u2013 B\u00fcrchen.","robots":{"index":"index","follow":"follow","max-snippet":"max-snippet:-1","max-image-preview":"max-image-preview:large","max-video-preview":"max-video-preview:-1"},"canonical":"https:\/\/unterbaech.ch\/fr\/decouvertes-et-experiences\/winter\/skibus\/","og_locale":"fr_FR","og_type":"article","og_title":"Skibus - Unterb\u00e4ch","og_description":"Envie de changer d\u2019air? Les d\u00e9tenteurs d\u2019un forfait de ski des remont\u00e9es m\u00e9caniques d\u2019 Unterb\u00e4ch et\/ou d\u2019une carte d\u2019h\u00f4te \u00abRegion Oberwallis\u00bb peuvent utiliser gratuitement le skibus Unterb\u00e4ch \u2013 Eischoll \u2013 B\u00fcrchen.","og_url":"https:\/\/unterbaech.ch\/fr\/decouvertes-et-experiences\/winter\/skibus\/","og_site_name":"Unterb\u00e4ch","article_publisher":"https:\/\/www.facebook.com\/unterbaech","article_modified_time":"2025-10-15T15:02:19+00:00","twitter_card":"summary_large_image","twitter_misc":{"Dur\u00e9e de lecture estim\u00e9e":"1 minute"},"schema":{"@context":"https:\/\/schema.org","@graph":[{"@type":"WebPage","@id":"https:\/\/unterbaech.ch\/fr\/decouvertes-et-experiences\/winter\/skibus\/","url":"https:\/\/unterbaech.ch\/fr\/decouvertes-et-experiences\/winter\/skibus\/","name":"Skibus - Unterb\u00e4ch","isPartOf":{"@id":"https:\/\/unterbaech.ch\/fr\/#website"},"datePublished":"2021-11-04T16:48:10+00:00","dateModified":"2025-10-15T15:02:19+00:00","description":"Envie de changer d\u2019air? Les d\u00e9tenteurs d\u2019un forfait de ski des remont\u00e9es m\u00e9caniques d\u2019 Unterb\u00e4ch et\/ou d\u2019une carte d\u2019h\u00f4te \u00abRegion Oberwallis\u00bb peuvent utiliser gratuitement le skibus Unterb\u00e4ch \u2013 Eischoll \u2013 B\u00fcrchen.","breadcrumb":{"@id":"https:\/\/unterbaech.ch\/fr\/decouvertes-et-experiences\/winter\/skibus\/#breadcrumb"},"inLanguage":"fr-FR","potentialAction":[{"@type":"ReadAction","target":["https:\/\/unterbaech.ch\/fr\/decouvertes-et-experiences\/winter\/skibus\/"]}]},{"@type":"BreadcrumbList","@id":"https:\/\/unterbaech.ch\/fr\/decouvertes-et-experiences\/winter\/skibus\/#breadcrumb","itemListElement":[{"@type":"ListItem","position":1,"name":"Startseite","item":"https:\/\/unterbaech.ch\/fr\/accueil\/"},{"@type":"ListItem","position":2,"name":"D\u00e9couvertes et exp\u00e9riences","item":"https:\/\/unterbaech.ch\/fr\/decouvertes-et-experiences\/"},{"@type":"ListItem","position":3,"name":"L&#8217;hiver","item":"https:\/\/unterbaech.ch\/fr\/unterbaech\/winter\/"},{"@type":"ListItem","position":4,"name":"Skibus"}]},{"@type":"WebSite","@id":"https:\/\/unterbaech.ch\/fr\/#website","url":"https:\/\/unterbaech.ch\/fr\/","name":"Unterb\u00e4ch","description":"","publisher":{"@id":"https:\/\/unterbaech.ch\/fr\/#organization"},"potentialAction":[{"@type":"SearchAction","target":{"@type":"EntryPoint","urlTemplate":"https:\/\/unterbaech.ch\/fr\/?s={search_term_string}"},"query-input":{"@type":"PropertyValueSpecification","valueRequired":true,"valueName":"search_term_string"}}],"inLanguage":"fr-FR"},{"@type":"Organization","@id":"https:\/\/unterbaech.ch\/fr\/#organization","name":"Unterb\u00e4ch Tourismus","url":"https:\/\/unterbaech.ch\/fr\/","logo":{"@type":"ImageObject","inLanguage":"fr-FR","@id":"https:\/\/unterbaech.ch\/fr\/#\/schema\/logo\/image\/","url":"https:\/\/unterbaech.ch\/wp-content\/uploads\/Logo-1.png","contentUrl":"https:\/\/unterbaech.ch\/wp-content\/uploads\/Logo-1.png","width":1125,"height":1102,"caption":"Unterb\u00e4ch Tourismus"},"image":{"@id":"https:\/\/unterbaech.ch\/fr\/#\/schema\/logo\/image\/"},"sameAs":["https:\/\/www.facebook.com\/unterbaech","https:\/\/www.instagram.com\/visit.unterbaech\/","https:\/\/de.wikipedia.org\/wiki\/Unterb\u00e4ch"]}]}},"_links":{"self":[{"href":"https:\/\/unterbaech.ch\/fr\/wp-json\/wp\/v2\/pages\/14258","targetHints":{"allow":["GET"]}}],"collection":[{"href":"https:\/\/unterbaech.ch\/fr\/wp-json\/wp\/v2\/pages"}],"about":[{"href":"https:\/\/unterbaech.ch\/fr\/wp-json\/wp\/v2\/types\/page"}],"author":[{"embeddable":true,"href":"https:\/\/unterbaech.ch\/fr\/wp-json\/wp\/v2\/users\/8"}],"replies":[{"embeddable":true,"href":"https:\/\/unterbaech.ch\/fr\/wp-json\/wp\/v2\/comments?post=14258"}],"version-history":[{"count":13,"href":"https:\/\/unterbaech.ch\/fr\/wp-json\/wp\/v2\/pages\/14258\/revisions"}],"predecessor-version":[{"id":28265,"href":"https:\/\/unterbaech.ch\/fr\/wp-json\/wp\/v2\/pages\/14258\/revisions\/28265"}],"up":[{"embeddable":true,"href":"https:\/\/unterbaech.ch\/fr\/wp-json\/wp\/v2\/pages\/13870"}],"wp:attachment":[{"href":"https:\/\/unterbaech.ch\/fr\/wp-json\/wp\/v2\/media?parent=14258"}],"curies":[{"name":"wp","href":"https:\/\/api.w.org\/{rel}","templated":true}]}}