{"id":14437,"date":"2021-11-11T12:37:32","date_gmt":"2021-11-11T11:37:32","guid":{"rendered":"https:\/\/unterbaech.ch\/planifier-reserver\/dormir-profiter\/"},"modified":"2021-11-11T12:37:48","modified_gmt":"2021-11-11T11:37:48","slug":"dormir-profiter","status":"publish","type":"page","link":"https:\/\/unterbaech.ch\/fr\/planifier-reserver\/dormir-profiter\/","title":{"rendered":"Dormir &#038; profiter"},"content":{"rendered":"\n<style type=\"text\/css\" data-created_by=\"avia_inline_auto\" id=\"style-css-av-kbax8y3e-e48209a82e7fe3a4c67e32aba4c89611\">\n.avia-section.av-kbax8y3e-e48209a82e7fe3a4c67e32aba4c89611 .av-parallax .av-parallax-inner{\nbackground-repeat:no-repeat;\nbackground-image:url(https:\/\/unterbaech.ch\/wp-content\/uploads\/2020\/06\/DSC05511-1611x1080.jpg);\nbackground-position:50% 50%;\nbackground-attachment:scroll;\n}\n<\/style>\n<div id='av_section_1'  class='avia-section av-kbax8y3e-e48209a82e7fe3a4c67e32aba4c89611 main_color avia-section-default avia-no-border-styling  avia-builder-el-0  el_before_av_section  avia-builder-el-first  avia-full-stretch av-parallax-section avia-bg-style-parallax av-minimum-height av-minimum-height-50 av-height-50  container_wrap fullsize'  data-section-bg-repeat='stretch' data-av_minimum_height_pc='50' data-av_min_height_opt='50'><div class='av-parallax' data-avia-parallax-ratio='0.3' ><div class='av-parallax-inner main_color avia-full-stretch'><\/div><\/div><div class='container av-section-cont-open' ><main  role=\"main\" itemprop=\"mainContentOfPage\"  class='template-page content  av-content-full alpha units'><div class='post-entry post-entry-type-page post-entry-14437'><div class='entry-content-wrapper clearfix'>\n<\/div><\/div><\/main><!-- close content main element --><\/div><\/div><div id='av_section_2'  class='avia-section av-1n2h9-3dfe6a635e474a42b65cfcd4f303e26e main_color avia-section-default avia-no-border-styling  avia-builder-el-1  el_after_av_section  el_before_av_layout_row  avia-bg-style-scroll container_wrap fullsize'  ><div class='container av-section-cont-open' ><div class='template-page content  av-content-full alpha units'><div class='post-entry post-entry-type-page post-entry-14437'><div class='entry-content-wrapper clearfix'>\n<section  class='av_textblock_section av-kbawhdx8-9a55faeefcbf4e8706dea9c49b9010c2 '   itemscope=\"itemscope\" itemtype=\"https:\/\/schema.org\/CreativeWork\" ><div class='avia_textblock'  itemprop=\"text\" ><h4 style=\"text-align: center;\">Planen &amp; Buchen<\/h4>\n<h2 style=\"text-align: center;\">SCHLAFEN &amp; GENIESSEN<\/h2>\n<\/div><\/section>\n<section  class='av_textblock_section av-kbawhdx8-4b6b00edbcd58df42bb800e9e9971c00 '   itemscope=\"itemscope\" itemtype=\"https:\/\/schema.org\/CreativeWork\" ><div class='avia_textblock lead'  itemprop=\"text\" ><p style=\"text-align: center;\">La petite mais belle station touristique d&rsquo;Unterb\u00e4ch offre un large \u00e9ventail d&rsquo;h\u00e9bergements. Des appartements de vacances confortables aux h\u00f4tels familiaux et charmants, en passant par les cabanes en rondins d\u00e9c\u00e9l\u00e9rantes, chaque vacancier trouvera l&rsquo;h\u00e9bergement id\u00e9al \u00e0 Unterb\u00e4ch. Le village de montagne valaisan a \u00e9galement beaucoup \u00e0 offrir en mati\u00e8re de d\u00e9lices culinaires. Trois restaurants d&rsquo;h\u00f4tel dans le village et deux restaurants de montagne vous invitent \u00e0 festoyer et \u00e0 vous r\u00e9galer.<\/p>\n<\/div><\/section>\n\n<style type=\"text\/css\" data-created_by=\"avia_inline_auto\" id=\"style-css-av-kbax4bbr-27f78f1f5574462b1f9eaf8ccb6701aa\">\n#top .hr.hr-invisible.av-kbax4bbr-27f78f1f5574462b1f9eaf8ccb6701aa{\nheight:25px;\n}\n<\/style>\n<div  class='hr av-kbax4bbr-27f78f1f5574462b1f9eaf8ccb6701aa hr-invisible  avia-builder-el-4  el_after_av_textblock  avia-builder-el-last '><span class='hr-inner '><span class=\"hr-inner-style\"><\/span><\/span><\/div>\n\n<\/div><\/div><\/div><!-- close content main div --><\/div><\/div><div id='av-layout-grid-1'  class='av-layout-grid-container av-kbanl75v-7d823044904a4925158e86ffc12a8895 entry-content-wrapper alternate_color av-flex-cells av-break-at-tablet  avia-builder-el-5  el_after_av_section  el_before_av_section  tilemenu grid-notfull grid-row-not-first  container_wrap fullsize'  >\n\n<style type=\"text\/css\" data-created_by=\"avia_inline_auto\" id=\"style-css-av-1zpsx-1f38279cd1cf149b640df1901b52d812\">\n.flex_cell.av-1zpsx-1f38279cd1cf149b640df1901b52d812{\nvertical-align:top;\n}\n.responsive #top #wrap_all .flex_cell.av-1zpsx-1f38279cd1cf149b640df1901b52d812{\npadding:0px 30px 0px 30px !important;\n}\n<\/style>\n<a class=\"av-screen-reader-only\" href=\"https:\/\/unterbaech.ch\/planen-buchen\/schlafen-geniessen\/unterkuenfte\/\" >Lier vers : Unterk\u00fcnfte<\/a><div class='flex_cell av-1zpsx-1f38279cd1cf149b640df1901b52d812 av-gridrow-cell av_one_half no_margin  avia-builder-el-6  el_before_av_cell_one_half  avia-builder-el-first  content-align-top avia-link-column av-cell-link avia-link-column-hover'  data-link-column-url=\"https:\/\/unterbaech.ch\/planen-buchen\/schlafen-geniessen\/unterkuenfte\/\"  ><div class='flex_cell_inner'>\n<style type=\"text\/css\" data-created_by=\"avia_inline_auto\" id=\"style-css-av-kbanicp9-6a97e802d74d9abbde0fdc039bd088be\">\n.flex_column.av-kbanicp9-6a97e802d74d9abbde0fdc039bd088be{\nborder-radius:0px 0px 0px 0px;\npadding:0px 0px 0px 0px;\n}\n<\/style>\n<div  class='flex_column av-kbanicp9-6a97e802d74d9abbde0fdc039bd088be av_one_full  avia-builder-el-7  avia-builder-el-no-sibling  first flex_column_div av-zero-column-padding avia-full-stretch  '     ><p>\n<style type=\"text\/css\" data-created_by=\"avia_inline_auto\" id=\"style-css-av-kbanwkh0-a5d49f2711b9f40162c455bb0865a117\">\n.avia-image-container.av-kbanwkh0-a5d49f2711b9f40162c455bb0865a117 img.avia_image{\nbox-shadow:none;\n}\n.avia-image-container.av-kbanwkh0-a5d49f2711b9f40162c455bb0865a117 .av-image-caption-overlay-center{\ncolor:#ffffff;\n}\n<\/style>\n<div  class='avia-image-container av-kbanwkh0-a5d49f2711b9f40162c455bb0865a117 av-styling- av-img-linked avia-align-center  avia-builder-el-8  el_before_av_textblock  avia-builder-el-first '   itemprop=\"image\" itemscope=\"itemscope\" itemtype=\"https:\/\/schema.org\/ImageObject\" ><div class=\"avia-image-container-inner\"><div class=\"avia-image-overlay-wrap\"><a href=\"https:\/\/unterbaech.ch\/fr\/decouvertes-et-experiences\/winter\/ski-et-snowboard\/\" class='avia_image '  aria-label='hiking-4577630_1920'><img decoding=\"async\" fetchpriority=\"high\" class='wp-image-26445 avia-img-lazy-loading-not-26445 avia_image ' src=\"https:\/\/unterbaech.ch\/wp-content\/uploads\/2020\/06\/hiking-4577630_1920-1024x683.jpg\" alt='' title='hiking-4577630_1920'  height=\"683\" width=\"1024\"  itemprop=\"thumbnailUrl\" srcset=\"https:\/\/unterbaech.ch\/wp-content\/uploads\/2020\/06\/hiking-4577630_1920-1024x683.jpg 1024w, https:\/\/unterbaech.ch\/wp-content\/uploads\/2020\/06\/hiking-4577630_1920-1620x1080.jpg 1620w, https:\/\/unterbaech.ch\/wp-content\/uploads\/2020\/06\/hiking-4577630_1920-768x512.jpg 768w, https:\/\/unterbaech.ch\/wp-content\/uploads\/2020\/06\/hiking-4577630_1920-1536x1024.jpg 1536w, https:\/\/unterbaech.ch\/wp-content\/uploads\/2020\/06\/hiking-4577630_1920-1500x1000.jpg 1500w, https:\/\/unterbaech.ch\/wp-content\/uploads\/2020\/06\/hiking-4577630_1920-705x470.jpg 705w, https:\/\/unterbaech.ch\/wp-content\/uploads\/2020\/06\/hiking-4577630_1920.jpg 1920w\" sizes=\"(max-width: 1024px) 100vw, 1024px\" \/><\/a><\/div><\/div><\/div><br \/>\n<section  class='av_textblock_section av-kbanhgxd-cc767b94b964f244d478387d2aec597c '   itemscope=\"itemscope\" itemtype=\"https:\/\/schema.org\/CreativeWork\" ><div class='avia_textblock'  itemprop=\"text\" ><p><em>Schlafen &amp; Geniessen<br \/>\n<\/em><\/p>\n<p><strong>Unterk\u00fcnfte<br \/>\n<\/strong><\/p>\n<\/div><\/section><\/p><\/div>\n<\/div><\/div>\n<style type=\"text\/css\" data-created_by=\"avia_inline_auto\" id=\"style-css-av-1zpsx-c4e0d9dba7e474f20a9e6bdc43e04138\">\n.flex_cell.av-1zpsx-c4e0d9dba7e474f20a9e6bdc43e04138{\nvertical-align:top;\n}\n.responsive #top #wrap_all .flex_cell.av-1zpsx-c4e0d9dba7e474f20a9e6bdc43e04138{\npadding:0px 30px 0px 30px !important;\n}\n<\/style>\n<a class=\"av-screen-reader-only\" href=\"https:\/\/unterbaech.ch\/planen-buchen\/schlafen-geniessen\/gastronomie\/\" >Lier vers : Gastronomie<\/a><div class='flex_cell av-1zpsx-c4e0d9dba7e474f20a9e6bdc43e04138 av-gridrow-cell av_one_half no_margin  avia-builder-el-10  el_after_av_cell_one_half  avia-builder-el-last  content-align-top avia-link-column av-cell-link avia-link-column-hover'  data-link-column-url=\"https:\/\/unterbaech.ch\/planen-buchen\/schlafen-geniessen\/gastronomie\/\"  ><div class='flex_cell_inner'>\n<style type=\"text\/css\" data-created_by=\"avia_inline_auto\" id=\"style-css-av-kbanicp9-6a97e802d74d9abbde0fdc039bd088be\">\n.flex_column.av-kbanicp9-6a97e802d74d9abbde0fdc039bd088be{\nborder-radius:0px 0px 0px 0px;\npadding:0px 0px 0px 0px;\n}\n<\/style>\n<div  class='flex_column av-kbanicp9-6a97e802d74d9abbde0fdc039bd088be av_one_full  avia-builder-el-11  avia-builder-el-no-sibling  first flex_column_div av-zero-column-padding avia-full-stretch  '     ><p>\n<style type=\"text\/css\" data-created_by=\"avia_inline_auto\" id=\"style-css-av-kdhjp6uq-defaf3b7dae09c518ecb5808bd2a6899\">\n.avia-image-container.av-kdhjp6uq-defaf3b7dae09c518ecb5808bd2a6899 img.avia_image{\nbox-shadow:none;\n}\n.avia-image-container.av-kdhjp6uq-defaf3b7dae09c518ecb5808bd2a6899 .av-image-caption-overlay-center{\ncolor:#ffffff;\n}\n<\/style>\n<div  class='avia-image-container av-kdhjp6uq-defaf3b7dae09c518ecb5808bd2a6899 av-styling- av-img-linked avia-align-center  avia-builder-el-12  el_before_av_textblock  avia-builder-el-first '   itemprop=\"image\" itemscope=\"itemscope\" itemtype=\"https:\/\/schema.org\/ImageObject\" ><div class=\"avia-image-container-inner\"><div class=\"avia-image-overlay-wrap\"><img decoding=\"async\" fetchpriority=\"high\" class='wp-image-26433 avia-img-lazy-loading-not-26433 avia_image ' src=\"https:\/\/unterbaech.ch\/wp-content\/uploads\/2020\/06\/water-3161063_1920-1024x681.jpg\" alt='' title='water-3161063_1920'  height=\"681\" width=\"1024\"  itemprop=\"thumbnailUrl\" srcset=\"https:\/\/unterbaech.ch\/wp-content\/uploads\/2020\/06\/water-3161063_1920-1024x681.jpg 1024w, https:\/\/unterbaech.ch\/wp-content\/uploads\/2020\/06\/water-3161063_1920-1624x1080.jpg 1624w, https:\/\/unterbaech.ch\/wp-content\/uploads\/2020\/06\/water-3161063_1920-768x511.jpg 768w, https:\/\/unterbaech.ch\/wp-content\/uploads\/2020\/06\/water-3161063_1920-1536x1022.jpg 1536w, https:\/\/unterbaech.ch\/wp-content\/uploads\/2020\/06\/water-3161063_1920-1500x998.jpg 1500w, https:\/\/unterbaech.ch\/wp-content\/uploads\/2020\/06\/water-3161063_1920-705x469.jpg 705w, https:\/\/unterbaech.ch\/wp-content\/uploads\/2020\/06\/water-3161063_1920.jpg 1920w\" sizes=\"(max-width: 1024px) 100vw, 1024px\" \/><\/div><\/div><\/div><br \/>\n<section  class='av_textblock_section av-kbanhgxd-cc767b94b964f244d478387d2aec597c '   itemscope=\"itemscope\" itemtype=\"https:\/\/schema.org\/CreativeWork\" ><div class='avia_textblock'  itemprop=\"text\" ><p><em>Schlafen &amp; Geniessen<br \/>\n<\/em><\/p>\n<p><strong>Gastronomie<br \/>\n<\/strong><\/p>\n<\/div><\/section><\/p><\/div>\n<\/div><\/div><\/div><div id='av_section_3'  class='avia-section av-1n2h9-eef07d2470a934665895b572bc96122f main_color avia-section-default avia-no-border-styling  avia-builder-el-14  el_after_av_layout_row  avia-builder-el-last  section-leadtext onecol avia-bg-style-scroll container_wrap fullsize'  ><div class='container av-section-cont-open' ><div class='template-page content  av-content-full alpha units'><div class='post-entry post-entry-type-page post-entry-14437'><div class='entry-content-wrapper clearfix'>\n<section  class='av_textblock_section av-kbawhdx8-9a55faeefcbf4e8706dea9c49b9010c2 '   itemscope=\"itemscope\" itemtype=\"https:\/\/schema.org\/CreativeWork\" ><div class='avia_textblock'  itemprop=\"text\" ><p style=\"text-align: center;\"><strong>KATEGORIE<\/strong><\/p>\n<p>&#13;<br \/>\n&#13;<\/p>\n<h3 style=\"text-align: center;\">TITEL<\/h3>\n<\/div><\/section>\n\n<style type=\"text\/css\" data-created_by=\"avia_inline_auto\" id=\"style-css-av-kbax4bbr-27f78f1f5574462b1f9eaf8ccb6701aa\">\n#top .hr.hr-invisible.av-kbax4bbr-27f78f1f5574462b1f9eaf8ccb6701aa{\nheight:25px;\n}\n<\/style>\n<div  class='hr av-kbax4bbr-27f78f1f5574462b1f9eaf8ccb6701aa hr-invisible  avia-builder-el-16  el_after_av_textblock  el_before_av_button '><span class='hr-inner '><span class=\"hr-inner-style\"><\/span><\/span><\/div>\n<div  class='avia-button-wrap av-kbawx3il-c167a8e340a6721f1e9c29bfaa422895-wrap avia-button-center  avia-builder-el-17  el_after_av_hr  avia-builder-el-last '><a href='https:\/\/unterbaech.ch\/fr\/accueil\/'  class='avia-button av-kbawx3il-c167a8e340a6721f1e9c29bfaa422895 av-link-btn avia-icon_select-no avia-size-small avia-position-center avia-color-theme-color'   aria-label=\"Plus\"><span class='avia_iconbox_title' >Plus<\/span><\/a><\/div>\n<\/p>\n","protected":false},"excerpt":{"rendered":"","protected":false},"author":8,"featured_media":0,"parent":14434,"menu_order":0,"comment_status":"closed","ping_status":"closed","template":"","meta":{"inline_featured_image":false,"footnotes":""},"class_list":["post-14437","page","type-page","status-publish","hentry"],"yoast_head":"<!-- This site is optimized with the Yoast SEO plugin v27.3 - https:\/\/yoast.com\/product\/yoast-seo-wordpress\/ -->\n<title>Dormir &amp; profiter - Unterb\u00e4ch<\/title>\n<meta name=\"robots\" content=\"index, follow, max-snippet:-1, max-image-preview:large, max-video-preview:-1\" \/>\n<link rel=\"canonical\" href=\"https:\/\/unterbaech.ch\/fr\/planifier-reserver\/dormir-profiter\/\" \/>\n<meta property=\"og:locale\" content=\"fr_FR\" \/>\n<meta property=\"og:type\" content=\"article\" \/>\n<meta property=\"og:title\" content=\"Dormir &amp; profiter - Unterb\u00e4ch\" \/>\n<meta property=\"og:url\" content=\"https:\/\/unterbaech.ch\/fr\/planifier-reserver\/dormir-profiter\/\" \/>\n<meta property=\"og:site_name\" content=\"Unterb\u00e4ch\" \/>\n<meta property=\"article:publisher\" content=\"https:\/\/www.facebook.com\/unterbaech\" \/>\n<meta property=\"article:modified_time\" content=\"2021-11-11T11:37:48+00:00\" \/>\n<meta name=\"twitter:card\" content=\"summary_large_image\" \/>\n<meta name=\"twitter:label1\" content=\"Dur\u00e9e de lecture estim\u00e9e\" \/>\n\t<meta name=\"twitter:data1\" content=\"7 minutes\" \/>\n<script type=\"application\/ld+json\" class=\"yoast-schema-graph\">{\"@context\":\"https:\\\/\\\/schema.org\",\"@graph\":[{\"@type\":\"WebPage\",\"@id\":\"https:\\\/\\\/unterbaech.ch\\\/fr\\\/planifier-reserver\\\/dormir-profiter\\\/\",\"url\":\"https:\\\/\\\/unterbaech.ch\\\/fr\\\/planifier-reserver\\\/dormir-profiter\\\/\",\"name\":\"Dormir & profiter - Unterb\u00e4ch\",\"isPartOf\":{\"@id\":\"https:\\\/\\\/unterbaech.ch\\\/fr\\\/#website\"},\"datePublished\":\"2021-11-11T11:37:32+00:00\",\"dateModified\":\"2021-11-11T11:37:48+00:00\",\"breadcrumb\":{\"@id\":\"https:\\\/\\\/unterbaech.ch\\\/fr\\\/planifier-reserver\\\/dormir-profiter\\\/#breadcrumb\"},\"inLanguage\":\"fr-FR\",\"potentialAction\":[{\"@type\":\"ReadAction\",\"target\":[\"https:\\\/\\\/unterbaech.ch\\\/fr\\\/planifier-reserver\\\/dormir-profiter\\\/\"]}]},{\"@type\":\"BreadcrumbList\",\"@id\":\"https:\\\/\\\/unterbaech.ch\\\/fr\\\/planifier-reserver\\\/dormir-profiter\\\/#breadcrumb\",\"itemListElement\":[{\"@type\":\"ListItem\",\"position\":1,\"name\":\"Startseite\",\"item\":\"https:\\\/\\\/unterbaech.ch\\\/fr\\\/accueil\\\/\"},{\"@type\":\"ListItem\",\"position\":2,\"name\":\"Planifier &#038; r\u00e9server\",\"item\":\"https:\\\/\\\/unterbaech.ch\\\/fr\\\/planifier-reserver\\\/\"},{\"@type\":\"ListItem\",\"position\":3,\"name\":\"Dormir &#038; profiter\"}]},{\"@type\":\"WebSite\",\"@id\":\"https:\\\/\\\/unterbaech.ch\\\/fr\\\/#website\",\"url\":\"https:\\\/\\\/unterbaech.ch\\\/fr\\\/\",\"name\":\"Unterb\u00e4ch\",\"description\":\"\",\"publisher\":{\"@id\":\"https:\\\/\\\/unterbaech.ch\\\/fr\\\/#organization\"},\"potentialAction\":[{\"@type\":\"SearchAction\",\"target\":{\"@type\":\"EntryPoint\",\"urlTemplate\":\"https:\\\/\\\/unterbaech.ch\\\/fr\\\/?s={search_term_string}\"},\"query-input\":{\"@type\":\"PropertyValueSpecification\",\"valueRequired\":true,\"valueName\":\"search_term_string\"}}],\"inLanguage\":\"fr-FR\"},{\"@type\":\"Organization\",\"@id\":\"https:\\\/\\\/unterbaech.ch\\\/fr\\\/#organization\",\"name\":\"Unterb\u00e4ch Tourismus\",\"url\":\"https:\\\/\\\/unterbaech.ch\\\/fr\\\/\",\"logo\":{\"@type\":\"ImageObject\",\"inLanguage\":\"fr-FR\",\"@id\":\"https:\\\/\\\/unterbaech.ch\\\/fr\\\/#\\\/schema\\\/logo\\\/image\\\/\",\"url\":\"https:\\\/\\\/unterbaech.ch\\\/wp-content\\\/uploads\\\/Logo-1.png\",\"contentUrl\":\"https:\\\/\\\/unterbaech.ch\\\/wp-content\\\/uploads\\\/Logo-1.png\",\"width\":1125,\"height\":1102,\"caption\":\"Unterb\u00e4ch Tourismus\"},\"image\":{\"@id\":\"https:\\\/\\\/unterbaech.ch\\\/fr\\\/#\\\/schema\\\/logo\\\/image\\\/\"},\"sameAs\":[\"https:\\\/\\\/www.facebook.com\\\/unterbaech\",\"https:\\\/\\\/www.instagram.com\\\/visit.unterbaech\\\/\",\"https:\\\/\\\/de.wikipedia.org\\\/wiki\\\/Unterb\u00e4ch\"]}]}<\/script>\n<!-- \/ Yoast SEO plugin. -->","yoast_head_json":{"title":"Dormir & profiter - Unterb\u00e4ch","robots":{"index":"index","follow":"follow","max-snippet":"max-snippet:-1","max-image-preview":"max-image-preview:large","max-video-preview":"max-video-preview:-1"},"canonical":"https:\/\/unterbaech.ch\/fr\/planifier-reserver\/dormir-profiter\/","og_locale":"fr_FR","og_type":"article","og_title":"Dormir & profiter - Unterb\u00e4ch","og_url":"https:\/\/unterbaech.ch\/fr\/planifier-reserver\/dormir-profiter\/","og_site_name":"Unterb\u00e4ch","article_publisher":"https:\/\/www.facebook.com\/unterbaech","article_modified_time":"2021-11-11T11:37:48+00:00","twitter_card":"summary_large_image","twitter_misc":{"Dur\u00e9e de lecture estim\u00e9e":"7 minutes"},"schema":{"@context":"https:\/\/schema.org","@graph":[{"@type":"WebPage","@id":"https:\/\/unterbaech.ch\/fr\/planifier-reserver\/dormir-profiter\/","url":"https:\/\/unterbaech.ch\/fr\/planifier-reserver\/dormir-profiter\/","name":"Dormir & profiter - Unterb\u00e4ch","isPartOf":{"@id":"https:\/\/unterbaech.ch\/fr\/#website"},"datePublished":"2021-11-11T11:37:32+00:00","dateModified":"2021-11-11T11:37:48+00:00","breadcrumb":{"@id":"https:\/\/unterbaech.ch\/fr\/planifier-reserver\/dormir-profiter\/#breadcrumb"},"inLanguage":"fr-FR","potentialAction":[{"@type":"ReadAction","target":["https:\/\/unterbaech.ch\/fr\/planifier-reserver\/dormir-profiter\/"]}]},{"@type":"BreadcrumbList","@id":"https:\/\/unterbaech.ch\/fr\/planifier-reserver\/dormir-profiter\/#breadcrumb","itemListElement":[{"@type":"ListItem","position":1,"name":"Startseite","item":"https:\/\/unterbaech.ch\/fr\/accueil\/"},{"@type":"ListItem","position":2,"name":"Planifier &#038; r\u00e9server","item":"https:\/\/unterbaech.ch\/fr\/planifier-reserver\/"},{"@type":"ListItem","position":3,"name":"Dormir &#038; profiter"}]},{"@type":"WebSite","@id":"https:\/\/unterbaech.ch\/fr\/#website","url":"https:\/\/unterbaech.ch\/fr\/","name":"Unterb\u00e4ch","description":"","publisher":{"@id":"https:\/\/unterbaech.ch\/fr\/#organization"},"potentialAction":[{"@type":"SearchAction","target":{"@type":"EntryPoint","urlTemplate":"https:\/\/unterbaech.ch\/fr\/?s={search_term_string}"},"query-input":{"@type":"PropertyValueSpecification","valueRequired":true,"valueName":"search_term_string"}}],"inLanguage":"fr-FR"},{"@type":"Organization","@id":"https:\/\/unterbaech.ch\/fr\/#organization","name":"Unterb\u00e4ch Tourismus","url":"https:\/\/unterbaech.ch\/fr\/","logo":{"@type":"ImageObject","inLanguage":"fr-FR","@id":"https:\/\/unterbaech.ch\/fr\/#\/schema\/logo\/image\/","url":"https:\/\/unterbaech.ch\/wp-content\/uploads\/Logo-1.png","contentUrl":"https:\/\/unterbaech.ch\/wp-content\/uploads\/Logo-1.png","width":1125,"height":1102,"caption":"Unterb\u00e4ch Tourismus"},"image":{"@id":"https:\/\/unterbaech.ch\/fr\/#\/schema\/logo\/image\/"},"sameAs":["https:\/\/www.facebook.com\/unterbaech","https:\/\/www.instagram.com\/visit.unterbaech\/","https:\/\/de.wikipedia.org\/wiki\/Unterb\u00e4ch"]}]}},"_links":{"self":[{"href":"https:\/\/unterbaech.ch\/fr\/wp-json\/wp\/v2\/pages\/14437","targetHints":{"allow":["GET"]}}],"collection":[{"href":"https:\/\/unterbaech.ch\/fr\/wp-json\/wp\/v2\/pages"}],"about":[{"href":"https:\/\/unterbaech.ch\/fr\/wp-json\/wp\/v2\/types\/page"}],"author":[{"embeddable":true,"href":"https:\/\/unterbaech.ch\/fr\/wp-json\/wp\/v2\/users\/8"}],"replies":[{"embeddable":true,"href":"https:\/\/unterbaech.ch\/fr\/wp-json\/wp\/v2\/comments?post=14437"}],"version-history":[{"count":0,"href":"https:\/\/unterbaech.ch\/fr\/wp-json\/wp\/v2\/pages\/14437\/revisions"}],"up":[{"embeddable":true,"href":"https:\/\/unterbaech.ch\/fr\/wp-json\/wp\/v2\/pages\/14434"}],"wp:attachment":[{"href":"https:\/\/unterbaech.ch\/fr\/wp-json\/wp\/v2\/media?parent=14437"}],"curies":[{"name":"wp","href":"https:\/\/api.w.org\/{rel}","templated":true}]}}