{"id":14461,"date":"2021-11-11T13:40:13","date_gmt":"2021-11-11T12:40:13","guid":{"rendered":"https:\/\/unterbaech.ch\/planifier-reserver\/dormir-profiter\/hebergement\/carte-touristique-et-taxe-de-courtage\/"},"modified":"2023-12-15T15:08:14","modified_gmt":"2023-12-15T14:08:14","slug":"carte-touristique-et-taxe-de-courtage","status":"publish","type":"page","link":"https:\/\/unterbaech.ch\/fr\/planifier-reserver\/dormir-profiter\/hebergement\/carte-touristique-et-taxe-de-courtage\/","title":{"rendered":"CARTE TOURISTIQUE ET TAXE DE COURTAGE"},"content":{"rendered":"\n<style type=\"text\/css\" data-created_by=\"avia_inline_auto\" id=\"style-css-av-kbax8y3e-d570c5ab93871b63bc66151c88fa2669\">\n.avia-section.av-kbax8y3e-d570c5ab93871b63bc66151c88fa2669 .av-parallax .av-parallax-inner{\nbackground-repeat:no-repeat;\nbackground-image:url(https:\/\/unterbaech.ch\/wp-content\/uploads\/DSC07572_\u00a9marcoschnyder.jpg);\nbackground-position:50% 50%;\nbackground-attachment:scroll;\n}\n<\/style>\n<div id='av_section_1'  class='avia-section av-kbax8y3e-d570c5ab93871b63bc66151c88fa2669 main_color avia-section-default avia-no-border-styling  avia-builder-el-0  el_before_av_section  avia-builder-el-first  section-fullwidthimage avia-full-stretch av-parallax-section avia-bg-style-parallax av-minimum-height av-minimum-height-50 av-height-50  container_wrap fullsize'  data-section-bg-repeat='stretch' data-av_minimum_height_pc='50' data-av_min_height_opt='50'><div class='av-parallax' data-avia-parallax-ratio='0.3' ><div class='av-parallax-inner main_color avia-full-stretch'><\/div><\/div><div class='container av-section-cont-open' ><main  role=\"main\" itemprop=\"mainContentOfPage\"  class='template-page content  av-content-full alpha units'><div class='post-entry post-entry-type-page post-entry-14461'><div class='entry-content-wrapper clearfix'>\n<\/div><\/div><\/main><!-- close content main element --><\/div><\/div><div id='av_section_2'  class='avia-section av-1n2h9-eef07d2470a934665895b572bc96122f main_color avia-section-default avia-no-border-styling  avia-builder-el-1  el_after_av_section  el_before_av_section  section-leadtext onecol avia-bg-style-scroll container_wrap fullsize'  ><div class='container av-section-cont-open' ><div class='template-page content  av-content-full alpha units'><div class='post-entry post-entry-type-page post-entry-14461'><div class='entry-content-wrapper clearfix'>\n<section  class='av_textblock_section av-kbawhdx8-9a55faeefcbf4e8706dea9c49b9010c2 '   itemscope=\"itemscope\" itemtype=\"https:\/\/schema.org\/CreativeWork\" ><div class='avia_textblock'  itemprop=\"text\" ><p style=\"text-align: center;\"><strong>PASSER LA NUIT \u00c0 UNTERB\u00c4CH<\/strong><\/p>\n<h3 style=\"text-align: center;\">CARTE TOURISTIQUE ET TAXE DE COURTAGE<\/h3>\n<\/div><\/section>\n\n<\/div><\/div><\/div><!-- close content main div --><\/div><\/div><div id='av_section_3'  class='avia-section av-2ozu1-d0416f96d23280b881dcadfb59c1e2de main_color avia-section-default avia-no-border-styling  avia-builder-el-3  el_after_av_section  el_before_av_section  section-leadtext image avia-bg-style-scroll container_wrap fullsize'  ><div class='container av-section-cont-open' ><div class='template-page content  av-content-full alpha units'><div class='post-entry post-entry-type-page post-entry-14461'><div class='entry-content-wrapper clearfix'>\n<div class='flex_column_table av-3z81-f10b1524d109005ce059068763d09583 sc-av_one_half av-break-at-tablet-flextable av-equal-height-column-flextable'>\n<style type=\"text\/css\" data-created_by=\"avia_inline_auto\" id=\"style-css-av-3z81-f10b1524d109005ce059068763d09583\">\n.flex_column.av-3z81-f10b1524d109005ce059068763d09583{\nborder-radius:0px 0px 0px 0px;\npadding:0px 0px 0px 0px;\n}\n<\/style>\n<div  class='flex_column av-3z81-f10b1524d109005ce059068763d09583 av_one_half  avia-builder-el-4  el_before_av_one_half  avia-builder-el-first  first av-break-at-tablet flex_column_table_cell av-equal-height-column av-align-top av-zero-column-padding  '     ><p><section  class='av_textblock_section av-jwhniv6n-e1059a515c4ea93eb80544e318be7904 '   itemscope=\"itemscope\" itemtype=\"https:\/\/schema.org\/CreativeWork\" ><div class='avia_textblock'  itemprop=\"text\" ><p><strong>TAXE DE COURTAGE<\/strong><\/p>\n<\/div><\/section><br \/>\n<section  class='av_textblock_section av-jwhniv6n-6-0a273ae574e50ee866febf73068ecfdd '   itemscope=\"itemscope\" itemtype=\"https:\/\/schema.org\/CreativeWork\" ><div class='avia_textblock lead'  itemprop=\"text\" ><p>Unterb\u00e4ch per\u00e7oit une taxe de s\u00e9jour l\u00e9gale, qui doit \u00eatre pay\u00e9e par tous les clients s\u00e9journant dans des h\u00f4tels ou des appartements de vacances. Elle est utilis\u00e9e pour financer des installations et des \u00e9v\u00e9nements touristiques.<\/p>\n<p>A partir du 1er janvier 2019, la taxe de courtage par nuit\u00e9e est de :<\/p>\n<p>4 CHF par adulte<br \/>\nCHF 2.00 pour les enfants \u00e2g\u00e9s de 6 \u00e0 16 ans.<br \/>\nLes enfants de moins de 6 ans ne paient pas de taxe de courtage.<br \/>\nApr\u00e8s avoir pay\u00e9 la taxe de courtage, vous recevrez une carte touristique pour la dur\u00e9e de votre s\u00e9jour, avec laquelle vous pourrez b\u00e9n\u00e9ficier de nombreuses r\u00e9ductions et offres.<\/p>\n<\/div><\/section><\/p><\/div><div class='av-flex-placeholder'><\/div>\n<style type=\"text\/css\" data-created_by=\"avia_inline_auto\" id=\"style-css-av-3z81-7-0ea73f7453829e476856fd078377ec4b\">\n.flex_column.av-3z81-7-0ea73f7453829e476856fd078377ec4b{\nborder-radius:0px 0px 0px 0px;\npadding:0px 0px 0px 0px;\n}\n<\/style>\n<div  class='flex_column av-3z81-7-0ea73f7453829e476856fd078377ec4b av_one_half  avia-builder-el-7  el_after_av_one_half  avia-builder-el-last  av-break-at-tablet flex_column_table_cell av-equal-height-column av-align-top av-zero-column-padding avia-full-stretch  '     ><style type=\"text\/css\" data-created_by=\"avia_inline_auto\" id=\"style-css-av-kbccxasc-a9a046f4402caff9684ed69c873bd2ca\">\n.avia-image-container.av-kbccxasc-a9a046f4402caff9684ed69c873bd2ca img.avia_image{\nbox-shadow:none;\n}\n.avia-image-container.av-kbccxasc-a9a046f4402caff9684ed69c873bd2ca .av-image-caption-overlay-center{\ncolor:#ffffff;\n}\n<\/style>\n<div  class='avia-image-container av-kbccxasc-a9a046f4402caff9684ed69c873bd2ca av-styling- avia-align-center  avia-builder-el-8  avia-builder-el-no-sibling '   itemprop=\"image\" itemscope=\"itemscope\" itemtype=\"https:\/\/schema.org\/ImageObject\" ><div class=\"avia-image-container-inner\"><div class=\"avia-image-overlay-wrap\"><img decoding=\"async\" fetchpriority=\"high\" class='wp-image-7648 avia-img-lazy-loading-not-7648 avia_image ' src=\"https:\/\/unterbaech.ch\/wp-content\/uploads\/DSC09762_marcoschnyder-1024x683.jpg\" alt='Doppelzimmer Alpenr\u00f6sli' title='DSC09762_marcoschnyder'  height=\"683\" width=\"1024\"  itemprop=\"thumbnailUrl\" srcset=\"https:\/\/unterbaech.ch\/wp-content\/uploads\/DSC09762_marcoschnyder-1024x683.jpg 1024w, https:\/\/unterbaech.ch\/wp-content\/uploads\/DSC09762_marcoschnyder-1619x1080.jpg 1619w, https:\/\/unterbaech.ch\/wp-content\/uploads\/DSC09762_marcoschnyder-768x512.jpg 768w, https:\/\/unterbaech.ch\/wp-content\/uploads\/DSC09762_marcoschnyder-1536x1025.jpg 1536w, https:\/\/unterbaech.ch\/wp-content\/uploads\/DSC09762_marcoschnyder-1500x1001.jpg 1500w, https:\/\/unterbaech.ch\/wp-content\/uploads\/DSC09762_marcoschnyder-705x470.jpg 705w, https:\/\/unterbaech.ch\/wp-content\/uploads\/DSC09762_marcoschnyder.jpg 1920w\" sizes=\"(max-width: 1024px) 100vw, 1024px\" \/><\/div><\/div><\/div><\/div><\/div><!--close column table wrapper. Autoclose: 1 -->\n\n<\/div><\/div><\/div><!-- close content main div --><\/div><\/div><div id='av_section_4'  class='avia-section av-2ozu1-8-94401330b1c39259bfccbd665f79dfcf main_color avia-section-default avia-no-border-styling  avia-builder-el-9  el_after_av_section  avia-builder-el-last  section-leadtext image avia-bg-style-scroll container_wrap fullsize'  ><div class='container av-section-cont-open' ><div class='template-page content  av-content-full alpha units'><div class='post-entry post-entry-type-page post-entry-14461'><div class='entry-content-wrapper clearfix'>\n<div class='flex_column_table av-3z81-4-d1bf447ec712ae916316b93151a8fa2c sc-av_one_half av-break-at-tablet-flextable av-equal-height-column-flextable'>\n<style type=\"text\/css\" data-created_by=\"avia_inline_auto\" id=\"style-css-av-3z81-4-d1bf447ec712ae916316b93151a8fa2c\">\n.flex_column.av-3z81-4-d1bf447ec712ae916316b93151a8fa2c{\nborder-radius:0px 0px 0px 0px;\npadding:0px 0px 0px 0px;\n}\n<\/style>\n<div  class='flex_column av-3z81-4-d1bf447ec712ae916316b93151a8fa2c av_one_half  avia-builder-el-10  el_before_av_one_half  avia-builder-el-first  first av-break-at-tablet flex_column_table_cell av-equal-height-column av-align-top av-zero-column-padding  '     ><p><section  class='av_textblock_section av-jwhniv6n-5-facd729686192399e70c99ef1809239a '   itemscope=\"itemscope\" itemtype=\"https:\/\/schema.org\/CreativeWork\" ><div class='avia_textblock'  itemprop=\"text\" ><p><strong>CARTE TOURISTIQUE<\/strong><\/p>\n<h2><\/h2>\n<\/div><\/section><br \/>\n<section  class='av_textblock_section av-jwhniv6n-1-2bbae7d3cd77ebb61f49ff03e3924fd3 '   itemscope=\"itemscope\" itemtype=\"https:\/\/schema.org\/CreativeWork\" ><div class='avia_textblock lead'  itemprop=\"text\" ><p>Si vous passez au moins une nuit dans un h\u00f4tel ou un appartement de vacances \u00e0 Unterb\u00e4ch, vous recevrez la carte touristique \u00ab\u00a0Region Haut-Valais\u00a0\u00bb.<\/p>\n<\/div><\/section><br \/>\n<div  class='avia-button-wrap av-kbamxyjq-74857a049bd5a58926376ca00a9e2f96-wrap avia-button-left  avia-builder-el-13  el_after_av_textblock  avia-builder-el-last '><a href='https:\/\/unterbaech.ch\/fr\/brochures-et-informations\/telechargement-de-la-brochure\/'  class='avia-button av-kbamxyjq-74857a049bd5a58926376ca00a9e2f96 av-link-btn avia-icon_select-no avia-size-small avia-position-left avia-color-theme-color'  target=\"_blank\"  rel=\"noopener noreferrer\"  aria-label=\"D\u00e9couvrez tous les avantages\"><span class='avia_iconbox_title' >D\u00e9couvrez tous les avantages<\/span><\/a><\/div><\/p><\/div><div class='av-flex-placeholder'><\/div>\n<style type=\"text\/css\" data-created_by=\"avia_inline_auto\" id=\"style-css-av-3z81-2-ae116a69e8113a01e3b4b1f5d817904d\">\n.flex_column.av-3z81-2-ae116a69e8113a01e3b4b1f5d817904d{\nborder-radius:0px 0px 0px 0px;\npadding:0px 0px 0px 0px;\n}\n<\/style>\n<div  class='flex_column av-3z81-2-ae116a69e8113a01e3b4b1f5d817904d av_one_half  avia-builder-el-14  el_after_av_one_half  avia-builder-el-last  av-break-at-tablet flex_column_table_cell av-equal-height-column av-align-top av-zero-column-padding avia-full-stretch  '     ><style type=\"text\/css\" data-created_by=\"avia_inline_auto\" id=\"style-css-av-kbccxasc-3-bcb512b80ef0a823713245e9538131fc\">\n.avia-image-container.av-kbccxasc-3-bcb512b80ef0a823713245e9538131fc img.avia_image{\nbox-shadow:none;\n}\n.avia-image-container.av-kbccxasc-3-bcb512b80ef0a823713245e9538131fc .av-image-caption-overlay-center{\ncolor:#ffffff;\n}\n<\/style>\n<div  class='avia-image-container av-kbccxasc-3-bcb512b80ef0a823713245e9538131fc av-styling- avia-align-center  avia-builder-el-15  avia-builder-el-no-sibling '   itemprop=\"image\" itemscope=\"itemscope\" itemtype=\"https:\/\/schema.org\/ImageObject\" ><div class=\"avia-image-container-inner\"><div class=\"avia-image-overlay-wrap\"><img decoding=\"async\" fetchpriority=\"high\" class='wp-image-6744 avia-img-lazy-loading-not-6744 avia_image ' src=\"https:\/\/unterbaech.ch\/wp-content\/uploads\/DSC01515_\u00a9marcoschnyder-1024x683.jpg\" alt='Chrummsee' title='DSC01515_\u00a9marcoschnyder'  height=\"683\" width=\"1024\"  itemprop=\"thumbnailUrl\" srcset=\"https:\/\/unterbaech.ch\/wp-content\/uploads\/DSC01515_\u00a9marcoschnyder-1024x683.jpg 1024w, https:\/\/unterbaech.ch\/wp-content\/uploads\/DSC01515_\u00a9marcoschnyder-1619x1080.jpg 1619w, https:\/\/unterbaech.ch\/wp-content\/uploads\/DSC01515_\u00a9marcoschnyder-768x512.jpg 768w, https:\/\/unterbaech.ch\/wp-content\/uploads\/DSC01515_\u00a9marcoschnyder-1536x1025.jpg 1536w, https:\/\/unterbaech.ch\/wp-content\/uploads\/DSC01515_\u00a9marcoschnyder-1500x1001.jpg 1500w, https:\/\/unterbaech.ch\/wp-content\/uploads\/DSC01515_\u00a9marcoschnyder-705x470.jpg 705w, https:\/\/unterbaech.ch\/wp-content\/uploads\/DSC01515_\u00a9marcoschnyder.jpg 1920w\" sizes=\"(max-width: 1024px) 100vw, 1024px\" \/><\/div><\/div><\/div><\/div><\/div><!--close column table wrapper. Autoclose: 1 -->\n","protected":false},"excerpt":{"rendered":"","protected":false},"author":8,"featured_media":0,"parent":14458,"menu_order":0,"comment_status":"closed","ping_status":"closed","template":"","meta":{"inline_featured_image":false,"footnotes":""},"class_list":["post-14461","page","type-page","status-publish","hentry"],"yoast_head":"<!-- This site is optimized with the Yoast SEO plugin v27.3 - https:\/\/yoast.com\/product\/yoast-seo-wordpress\/ -->\n<title>CARTE TOURISTIQUE ET TAXE DE COURTAGE - Unterb\u00e4ch<\/title>\n<meta name=\"description\" content=\"Si vous s\u00e9journez \u00e0 Unterb\u00e4ch, vous recevrez la carte touristique &quot;Region Oberwallis&quot; avec laquelle vous pourrez b\u00e9n\u00e9ficier de nombreuses r\u00e9ductions et offres \u00e0 Unterb\u00e4ch et dans tout le Haut-Valais.\" \/>\n<meta name=\"robots\" content=\"index, follow, max-snippet:-1, max-image-preview:large, max-video-preview:-1\" \/>\n<link rel=\"canonical\" href=\"https:\/\/unterbaech.ch\/fr\/planifier-reserver\/dormir-profiter\/hebergement\/carte-touristique-et-taxe-de-courtage\/\" \/>\n<meta property=\"og:locale\" content=\"fr_FR\" \/>\n<meta property=\"og:type\" content=\"article\" \/>\n<meta property=\"og:title\" content=\"CARTE TOURISTIQUE ET TAXE DE COURTAGE - Unterb\u00e4ch\" \/>\n<meta property=\"og:description\" content=\"Si vous s\u00e9journez \u00e0 Unterb\u00e4ch, vous recevrez la carte touristique &quot;Region Oberwallis&quot; avec laquelle vous pourrez b\u00e9n\u00e9ficier de nombreuses r\u00e9ductions et offres \u00e0 Unterb\u00e4ch et dans tout le Haut-Valais.\" \/>\n<meta property=\"og:url\" content=\"https:\/\/unterbaech.ch\/fr\/planifier-reserver\/dormir-profiter\/hebergement\/carte-touristique-et-taxe-de-courtage\/\" \/>\n<meta property=\"og:site_name\" content=\"Unterb\u00e4ch\" \/>\n<meta property=\"article:publisher\" content=\"https:\/\/www.facebook.com\/unterbaech\" \/>\n<meta property=\"article:modified_time\" content=\"2023-12-15T14:08:14+00:00\" \/>\n<meta name=\"twitter:card\" content=\"summary_large_image\" \/>\n<meta name=\"twitter:label1\" content=\"Dur\u00e9e de lecture estim\u00e9e\" \/>\n\t<meta name=\"twitter:data1\" content=\"9 minutes\" \/>\n<script type=\"application\/ld+json\" class=\"yoast-schema-graph\">{\"@context\":\"https:\\\/\\\/schema.org\",\"@graph\":[{\"@type\":\"WebPage\",\"@id\":\"https:\\\/\\\/unterbaech.ch\\\/fr\\\/planifier-reserver\\\/dormir-profiter\\\/hebergement\\\/carte-touristique-et-taxe-de-courtage\\\/\",\"url\":\"https:\\\/\\\/unterbaech.ch\\\/fr\\\/planifier-reserver\\\/dormir-profiter\\\/hebergement\\\/carte-touristique-et-taxe-de-courtage\\\/\",\"name\":\"CARTE TOURISTIQUE ET TAXE DE COURTAGE - Unterb\u00e4ch\",\"isPartOf\":{\"@id\":\"https:\\\/\\\/unterbaech.ch\\\/fr\\\/#website\"},\"datePublished\":\"2021-11-11T12:40:13+00:00\",\"dateModified\":\"2023-12-15T14:08:14+00:00\",\"description\":\"Si vous s\u00e9journez \u00e0 Unterb\u00e4ch, vous recevrez la carte touristique \\\"Region Oberwallis\\\" avec laquelle vous pourrez b\u00e9n\u00e9ficier de nombreuses r\u00e9ductions et offres \u00e0 Unterb\u00e4ch et dans tout le Haut-Valais.\",\"breadcrumb\":{\"@id\":\"https:\\\/\\\/unterbaech.ch\\\/fr\\\/planifier-reserver\\\/dormir-profiter\\\/hebergement\\\/carte-touristique-et-taxe-de-courtage\\\/#breadcrumb\"},\"inLanguage\":\"fr-FR\",\"potentialAction\":[{\"@type\":\"ReadAction\",\"target\":[\"https:\\\/\\\/unterbaech.ch\\\/fr\\\/planifier-reserver\\\/dormir-profiter\\\/hebergement\\\/carte-touristique-et-taxe-de-courtage\\\/\"]}]},{\"@type\":\"BreadcrumbList\",\"@id\":\"https:\\\/\\\/unterbaech.ch\\\/fr\\\/planifier-reserver\\\/dormir-profiter\\\/hebergement\\\/carte-touristique-et-taxe-de-courtage\\\/#breadcrumb\",\"itemListElement\":[{\"@type\":\"ListItem\",\"position\":1,\"name\":\"Startseite\",\"item\":\"https:\\\/\\\/unterbaech.ch\\\/fr\\\/accueil\\\/\"},{\"@type\":\"ListItem\",\"position\":2,\"name\":\"Planifier &#038; r\u00e9server\",\"item\":\"https:\\\/\\\/unterbaech.ch\\\/fr\\\/planifier-reserver\\\/\"},{\"@type\":\"ListItem\",\"position\":3,\"name\":\"Dormir &#038; profiter\",\"item\":\"https:\\\/\\\/unterbaech.ch\\\/fr\\\/planifier-reserver\\\/dormir-profiter\\\/\"},{\"@type\":\"ListItem\",\"position\":4,\"name\":\"H\u00e9bergement\",\"item\":\"https:\\\/\\\/unterbaech.ch\\\/fr\\\/planifier-reserver\\\/dormir-profiter\\\/hebergement\\\/\"},{\"@type\":\"ListItem\",\"position\":5,\"name\":\"CARTE TOURISTIQUE ET TAXE DE COURTAGE\"}]},{\"@type\":\"WebSite\",\"@id\":\"https:\\\/\\\/unterbaech.ch\\\/fr\\\/#website\",\"url\":\"https:\\\/\\\/unterbaech.ch\\\/fr\\\/\",\"name\":\"Unterb\u00e4ch\",\"description\":\"\",\"publisher\":{\"@id\":\"https:\\\/\\\/unterbaech.ch\\\/fr\\\/#organization\"},\"potentialAction\":[{\"@type\":\"SearchAction\",\"target\":{\"@type\":\"EntryPoint\",\"urlTemplate\":\"https:\\\/\\\/unterbaech.ch\\\/fr\\\/?s={search_term_string}\"},\"query-input\":{\"@type\":\"PropertyValueSpecification\",\"valueRequired\":true,\"valueName\":\"search_term_string\"}}],\"inLanguage\":\"fr-FR\"},{\"@type\":\"Organization\",\"@id\":\"https:\\\/\\\/unterbaech.ch\\\/fr\\\/#organization\",\"name\":\"Unterb\u00e4ch Tourismus\",\"url\":\"https:\\\/\\\/unterbaech.ch\\\/fr\\\/\",\"logo\":{\"@type\":\"ImageObject\",\"inLanguage\":\"fr-FR\",\"@id\":\"https:\\\/\\\/unterbaech.ch\\\/fr\\\/#\\\/schema\\\/logo\\\/image\\\/\",\"url\":\"https:\\\/\\\/unterbaech.ch\\\/wp-content\\\/uploads\\\/Logo-1.png\",\"contentUrl\":\"https:\\\/\\\/unterbaech.ch\\\/wp-content\\\/uploads\\\/Logo-1.png\",\"width\":1125,\"height\":1102,\"caption\":\"Unterb\u00e4ch Tourismus\"},\"image\":{\"@id\":\"https:\\\/\\\/unterbaech.ch\\\/fr\\\/#\\\/schema\\\/logo\\\/image\\\/\"},\"sameAs\":[\"https:\\\/\\\/www.facebook.com\\\/unterbaech\",\"https:\\\/\\\/www.instagram.com\\\/visit.unterbaech\\\/\",\"https:\\\/\\\/de.wikipedia.org\\\/wiki\\\/Unterb\u00e4ch\"]}]}<\/script>\n<!-- \/ Yoast SEO plugin. -->","yoast_head_json":{"title":"CARTE TOURISTIQUE ET TAXE DE COURTAGE - Unterb\u00e4ch","description":"Si vous s\u00e9journez \u00e0 Unterb\u00e4ch, vous recevrez la carte touristique \"Region Oberwallis\" avec laquelle vous pourrez b\u00e9n\u00e9ficier de nombreuses r\u00e9ductions et offres \u00e0 Unterb\u00e4ch et dans tout le Haut-Valais.","robots":{"index":"index","follow":"follow","max-snippet":"max-snippet:-1","max-image-preview":"max-image-preview:large","max-video-preview":"max-video-preview:-1"},"canonical":"https:\/\/unterbaech.ch\/fr\/planifier-reserver\/dormir-profiter\/hebergement\/carte-touristique-et-taxe-de-courtage\/","og_locale":"fr_FR","og_type":"article","og_title":"CARTE TOURISTIQUE ET TAXE DE COURTAGE - Unterb\u00e4ch","og_description":"Si vous s\u00e9journez \u00e0 Unterb\u00e4ch, vous recevrez la carte touristique \"Region Oberwallis\" avec laquelle vous pourrez b\u00e9n\u00e9ficier de nombreuses r\u00e9ductions et offres \u00e0 Unterb\u00e4ch et dans tout le Haut-Valais.","og_url":"https:\/\/unterbaech.ch\/fr\/planifier-reserver\/dormir-profiter\/hebergement\/carte-touristique-et-taxe-de-courtage\/","og_site_name":"Unterb\u00e4ch","article_publisher":"https:\/\/www.facebook.com\/unterbaech","article_modified_time":"2023-12-15T14:08:14+00:00","twitter_card":"summary_large_image","twitter_misc":{"Dur\u00e9e de lecture estim\u00e9e":"9 minutes"},"schema":{"@context":"https:\/\/schema.org","@graph":[{"@type":"WebPage","@id":"https:\/\/unterbaech.ch\/fr\/planifier-reserver\/dormir-profiter\/hebergement\/carte-touristique-et-taxe-de-courtage\/","url":"https:\/\/unterbaech.ch\/fr\/planifier-reserver\/dormir-profiter\/hebergement\/carte-touristique-et-taxe-de-courtage\/","name":"CARTE TOURISTIQUE ET TAXE DE COURTAGE - Unterb\u00e4ch","isPartOf":{"@id":"https:\/\/unterbaech.ch\/fr\/#website"},"datePublished":"2021-11-11T12:40:13+00:00","dateModified":"2023-12-15T14:08:14+00:00","description":"Si vous s\u00e9journez \u00e0 Unterb\u00e4ch, vous recevrez la carte touristique \"Region Oberwallis\" avec laquelle vous pourrez b\u00e9n\u00e9ficier de nombreuses r\u00e9ductions et offres \u00e0 Unterb\u00e4ch et dans tout le Haut-Valais.","breadcrumb":{"@id":"https:\/\/unterbaech.ch\/fr\/planifier-reserver\/dormir-profiter\/hebergement\/carte-touristique-et-taxe-de-courtage\/#breadcrumb"},"inLanguage":"fr-FR","potentialAction":[{"@type":"ReadAction","target":["https:\/\/unterbaech.ch\/fr\/planifier-reserver\/dormir-profiter\/hebergement\/carte-touristique-et-taxe-de-courtage\/"]}]},{"@type":"BreadcrumbList","@id":"https:\/\/unterbaech.ch\/fr\/planifier-reserver\/dormir-profiter\/hebergement\/carte-touristique-et-taxe-de-courtage\/#breadcrumb","itemListElement":[{"@type":"ListItem","position":1,"name":"Startseite","item":"https:\/\/unterbaech.ch\/fr\/accueil\/"},{"@type":"ListItem","position":2,"name":"Planifier &#038; r\u00e9server","item":"https:\/\/unterbaech.ch\/fr\/planifier-reserver\/"},{"@type":"ListItem","position":3,"name":"Dormir &#038; profiter","item":"https:\/\/unterbaech.ch\/fr\/planifier-reserver\/dormir-profiter\/"},{"@type":"ListItem","position":4,"name":"H\u00e9bergement","item":"https:\/\/unterbaech.ch\/fr\/planifier-reserver\/dormir-profiter\/hebergement\/"},{"@type":"ListItem","position":5,"name":"CARTE TOURISTIQUE ET TAXE DE COURTAGE"}]},{"@type":"WebSite","@id":"https:\/\/unterbaech.ch\/fr\/#website","url":"https:\/\/unterbaech.ch\/fr\/","name":"Unterb\u00e4ch","description":"","publisher":{"@id":"https:\/\/unterbaech.ch\/fr\/#organization"},"potentialAction":[{"@type":"SearchAction","target":{"@type":"EntryPoint","urlTemplate":"https:\/\/unterbaech.ch\/fr\/?s={search_term_string}"},"query-input":{"@type":"PropertyValueSpecification","valueRequired":true,"valueName":"search_term_string"}}],"inLanguage":"fr-FR"},{"@type":"Organization","@id":"https:\/\/unterbaech.ch\/fr\/#organization","name":"Unterb\u00e4ch Tourismus","url":"https:\/\/unterbaech.ch\/fr\/","logo":{"@type":"ImageObject","inLanguage":"fr-FR","@id":"https:\/\/unterbaech.ch\/fr\/#\/schema\/logo\/image\/","url":"https:\/\/unterbaech.ch\/wp-content\/uploads\/Logo-1.png","contentUrl":"https:\/\/unterbaech.ch\/wp-content\/uploads\/Logo-1.png","width":1125,"height":1102,"caption":"Unterb\u00e4ch Tourismus"},"image":{"@id":"https:\/\/unterbaech.ch\/fr\/#\/schema\/logo\/image\/"},"sameAs":["https:\/\/www.facebook.com\/unterbaech","https:\/\/www.instagram.com\/visit.unterbaech\/","https:\/\/de.wikipedia.org\/wiki\/Unterb\u00e4ch"]}]}},"_links":{"self":[{"href":"https:\/\/unterbaech.ch\/fr\/wp-json\/wp\/v2\/pages\/14461","targetHints":{"allow":["GET"]}}],"collection":[{"href":"https:\/\/unterbaech.ch\/fr\/wp-json\/wp\/v2\/pages"}],"about":[{"href":"https:\/\/unterbaech.ch\/fr\/wp-json\/wp\/v2\/types\/page"}],"author":[{"embeddable":true,"href":"https:\/\/unterbaech.ch\/fr\/wp-json\/wp\/v2\/users\/8"}],"replies":[{"embeddable":true,"href":"https:\/\/unterbaech.ch\/fr\/wp-json\/wp\/v2\/comments?post=14461"}],"version-history":[{"count":3,"href":"https:\/\/unterbaech.ch\/fr\/wp-json\/wp\/v2\/pages\/14461\/revisions"}],"predecessor-version":[{"id":20950,"href":"https:\/\/unterbaech.ch\/fr\/wp-json\/wp\/v2\/pages\/14461\/revisions\/20950"}],"up":[{"embeddable":true,"href":"https:\/\/unterbaech.ch\/fr\/wp-json\/wp\/v2\/pages\/14458"}],"wp:attachment":[{"href":"https:\/\/unterbaech.ch\/fr\/wp-json\/wp\/v2\/media?parent=14461"}],"curies":[{"name":"wp","href":"https:\/\/api.w.org\/{rel}","templated":true}]}}