{"id":14470,"date":"2021-11-11T13:57:22","date_gmt":"2021-11-11T12:57:22","guid":{"rendered":"https:\/\/unterbaech.ch\/planifier-reserver\/webshop\/"},"modified":"2024-01-04T14:14:44","modified_gmt":"2024-01-04T13:14:44","slug":"webshop","status":"publish","type":"page","link":"https:\/\/unterbaech.ch\/fr\/planifier-reserver\/webshop\/","title":{"rendered":"Webshop"},"content":{"rendered":"\n<style type=\"text\/css\" data-created_by=\"avia_inline_auto\" id=\"style-css-av-kbax8y3e-8533d431148934ec3d03fe5d0d488b6d\">\n.avia-section.av-kbax8y3e-8533d431148934ec3d03fe5d0d488b6d .av-parallax .av-parallax-inner{\nbackground-repeat:no-repeat;\nbackground-image:url(https:\/\/unterbaech.ch\/wp-content\/uploads\/DSC09762_marcoschnyder.jpg);\nbackground-position:50% 50%;\nbackground-attachment:scroll;\n}\n<\/style>\n<div id='av_section_1'  class='avia-section av-kbax8y3e-8533d431148934ec3d03fe5d0d488b6d main_color avia-section-default avia-no-border-styling  avia-builder-el-0  el_before_av_section  avia-builder-el-first  section-fullwidthimage avia-full-stretch av-parallax-section avia-bg-style-parallax av-minimum-height av-minimum-height-50 av-height-50  container_wrap fullsize'  data-section-bg-repeat='stretch' data-av_minimum_height_pc='50' data-av_min_height_opt='50'><div class='av-parallax' data-avia-parallax-ratio='0.3' ><div class='av-parallax-inner main_color avia-full-stretch'><\/div><\/div><div class='container av-section-cont-open' ><main  role=\"main\" itemprop=\"mainContentOfPage\"  class='template-page content  av-content-full alpha units'><div class='post-entry post-entry-type-page post-entry-14470'><div class='entry-content-wrapper clearfix'>\n<\/div><\/div><\/main><!-- close content main element --><\/div><\/div><div id='av_section_2'  class='avia-section av-1n2h9-eef07d2470a934665895b572bc96122f main_color avia-section-default avia-no-border-styling  avia-builder-el-1  el_after_av_section  el_before_av_section  section-leadtext onecol avia-bg-style-scroll container_wrap fullsize'  ><div class='container av-section-cont-open' ><div class='template-page content  av-content-full alpha units'><div class='post-entry post-entry-type-page post-entry-14470'><div class='entry-content-wrapper clearfix'>\n<section  class='av_textblock_section av-kbawhdx8-aafd6986f60364d4af7d68b05c94543c '   itemscope=\"itemscope\" itemtype=\"https:\/\/schema.org\/CreativeWork\" ><div class='avia_textblock'  itemprop=\"text\" ><p style=\"text-align: center;\"><strong>R\u00c9SERVE TON S\u00c9JOUR \u00c0 UNTERB\u00c4CH<\/strong><\/p>\n<h3 style=\"text-align: center;\">WEBSHOP<\/h3>\n<\/div><\/section>\n<\/div><\/div><\/div><!-- close content main div --><\/div><\/div><div id='av_section_3'  class='avia-section av-kd0axm47-81029f8dc43f12218ea09a3411c714ff main_color avia-section-no-padding avia-no-border-styling  avia-builder-el-3  el_after_av_section  avia-builder-el-last  section-desklinewebshop deskline avia-bg-style-scroll container_wrap fullsize'  ><div class='container av-section-cont-open' ><div class='template-page content  av-content-full alpha units'><div class='post-entry post-entry-type-page post-entry-14470'><div class='entry-content-wrapper clearfix'>\n<div  class='avia-builder-widget-area clearfix  avia-builder-el-4  avia-builder-el-no-sibling '><div id=\"codewidget-21\" class=\"widget clearfix widget_codewidget\"><div class=\"code-widget\"><!-- Element in das der TOSC5 geladen werden soll -->\r\n<div id=\"tosc5target\"><\/div>\r\n\r\n<!-- TOSC5 Implementation Anfang -->\r\n<script>\r\n\twindow.dw = window.dw || function () { (dw.q = dw.q || []).push(arguments) };\r\n\tdw('settings', '86988086-3173-4cd1-bf6c-c70ffedd7333',{\r\n\t\t\t\"context\": {\r\n\t\t\t\t\"targetRoute\":[\r\n\t\t\t\t\t\"\/unterkuenfte\"\r\n\t\t\t\t]\r\n\t\t},\r\n\t\t\t\"lang\": 'fr',\r\n\t\t\t\"target\": \"tosc5target\",\r\n           \t\t\"loadingAnimationColor\": {\r\n                  \t      \"main\": '#af1d1f',\r\n                  \t      \"alt\": '#ededed'\r\n          \t\t },\r\n\t\t\t\"styleResources\":[\r\n\t\t\t'https:\/\/unterbaech.ch\/wp-content\/themes\/enfold-child\/style-deskline.css'\r\n\t\t\t]\r\n\t\t});\r\n\t\r\n\tdw('onPageLoad', '86988086-3173-4cd1-bf6c-c70ffedd7333', function (e) {\r\n\t\tconsole.log('onPageLoad', e)\r\n\t});\r\n\r\n\tdw('onUserAction', '86988086-3173-4cd1-bf6c-c70ffedd7333', function (e) {\r\n\t\tconsole.log('onUserAction:', e)\r\n\t});\r\n\t\t\r\n<\/script>\r\n<script async src=\"https:\/\/resc.deskline.net\/DW5\/start\/UNTER\/86988086-3173-4cd1-bf6c-c70ffedd7333\/index.js\"><\/script>\r\n<!-- TOSC5 Implementation Ende --><\/div><\/div><\/div>\n<\/p>\n","protected":false},"excerpt":{"rendered":"","protected":false},"author":4,"featured_media":0,"parent":14434,"menu_order":0,"comment_status":"closed","ping_status":"closed","template":"","meta":{"inline_featured_image":false,"footnotes":""},"class_list":["post-14470","page","type-page","status-publish","hentry"],"yoast_head":"<!-- This site is optimized with the Yoast SEO plugin v27.3 - https:\/\/yoast.com\/product\/yoast-seo-wordpress\/ -->\n<title>Webshop - Unterb\u00e4ch<\/title>\n<meta name=\"description\" content=\"R\u00e9servez vos vacances de mani\u00e8re simple et pratique! Dans le webshop de Unterb\u00e4ch Tourisme, vous trouverez tout ce dont vous avez besoin pour votre s\u00e9jour \u00e0 Unterb\u00e4ch, de l&#039;h\u00e9bergement aux billets de train de montagne, en passant par les cours de ski et les \u00e9v\u00e9nements. Et tout cela avec une garantie du meilleur prix!\" \/>\n<meta name=\"robots\" content=\"index, follow, max-snippet:-1, max-image-preview:large, max-video-preview:-1\" \/>\n<link rel=\"canonical\" href=\"https:\/\/unterbaech.ch\/fr\/planifier-reserver\/webshop\/\" \/>\n<meta property=\"og:locale\" content=\"fr_FR\" \/>\n<meta property=\"og:type\" content=\"article\" \/>\n<meta property=\"og:title\" content=\"Webshop - Unterb\u00e4ch\" \/>\n<meta property=\"og:description\" content=\"R\u00e9servez vos vacances de mani\u00e8re simple et pratique! Dans le webshop de Unterb\u00e4ch Tourisme, vous trouverez tout ce dont vous avez besoin pour votre s\u00e9jour \u00e0 Unterb\u00e4ch, de l&#039;h\u00e9bergement aux billets de train de montagne, en passant par les cours de ski et les \u00e9v\u00e9nements. Et tout cela avec une garantie du meilleur prix!\" \/>\n<meta property=\"og:url\" content=\"https:\/\/unterbaech.ch\/fr\/planifier-reserver\/webshop\/\" \/>\n<meta property=\"og:site_name\" content=\"Unterb\u00e4ch\" \/>\n<meta property=\"article:publisher\" content=\"https:\/\/www.facebook.com\/unterbaech\" \/>\n<meta property=\"article:modified_time\" content=\"2024-01-04T13:14:44+00:00\" \/>\n<meta name=\"twitter:card\" content=\"summary_large_image\" \/>\n<meta name=\"twitter:label1\" content=\"Dur\u00e9e de lecture estim\u00e9e\" \/>\n\t<meta name=\"twitter:data1\" content=\"1 minute\" \/>\n<script type=\"application\/ld+json\" class=\"yoast-schema-graph\">{\"@context\":\"https:\\\/\\\/schema.org\",\"@graph\":[{\"@type\":\"WebPage\",\"@id\":\"https:\\\/\\\/unterbaech.ch\\\/fr\\\/planifier-reserver\\\/webshop\\\/\",\"url\":\"https:\\\/\\\/unterbaech.ch\\\/fr\\\/planifier-reserver\\\/webshop\\\/\",\"name\":\"Webshop - Unterb\u00e4ch\",\"isPartOf\":{\"@id\":\"https:\\\/\\\/unterbaech.ch\\\/fr\\\/#website\"},\"datePublished\":\"2021-11-11T12:57:22+00:00\",\"dateModified\":\"2024-01-04T13:14:44+00:00\",\"description\":\"R\u00e9servez vos vacances de mani\u00e8re simple et pratique! Dans le webshop de Unterb\u00e4ch Tourisme, vous trouverez tout ce dont vous avez besoin pour votre s\u00e9jour \u00e0 Unterb\u00e4ch, de l'h\u00e9bergement aux billets de train de montagne, en passant par les cours de ski et les \u00e9v\u00e9nements. Et tout cela avec une garantie du meilleur prix!\",\"breadcrumb\":{\"@id\":\"https:\\\/\\\/unterbaech.ch\\\/fr\\\/planifier-reserver\\\/webshop\\\/#breadcrumb\"},\"inLanguage\":\"fr-FR\",\"potentialAction\":[{\"@type\":\"ReadAction\",\"target\":[\"https:\\\/\\\/unterbaech.ch\\\/fr\\\/planifier-reserver\\\/webshop\\\/\"]}]},{\"@type\":\"BreadcrumbList\",\"@id\":\"https:\\\/\\\/unterbaech.ch\\\/fr\\\/planifier-reserver\\\/webshop\\\/#breadcrumb\",\"itemListElement\":[{\"@type\":\"ListItem\",\"position\":1,\"name\":\"Startseite\",\"item\":\"https:\\\/\\\/unterbaech.ch\\\/fr\\\/accueil\\\/\"},{\"@type\":\"ListItem\",\"position\":2,\"name\":\"Planifier &#038; r\u00e9server\",\"item\":\"https:\\\/\\\/unterbaech.ch\\\/fr\\\/planifier-reserver\\\/\"},{\"@type\":\"ListItem\",\"position\":3,\"name\":\"Webshop\"}]},{\"@type\":\"WebSite\",\"@id\":\"https:\\\/\\\/unterbaech.ch\\\/fr\\\/#website\",\"url\":\"https:\\\/\\\/unterbaech.ch\\\/fr\\\/\",\"name\":\"Unterb\u00e4ch\",\"description\":\"\",\"publisher\":{\"@id\":\"https:\\\/\\\/unterbaech.ch\\\/fr\\\/#organization\"},\"potentialAction\":[{\"@type\":\"SearchAction\",\"target\":{\"@type\":\"EntryPoint\",\"urlTemplate\":\"https:\\\/\\\/unterbaech.ch\\\/fr\\\/?s={search_term_string}\"},\"query-input\":{\"@type\":\"PropertyValueSpecification\",\"valueRequired\":true,\"valueName\":\"search_term_string\"}}],\"inLanguage\":\"fr-FR\"},{\"@type\":\"Organization\",\"@id\":\"https:\\\/\\\/unterbaech.ch\\\/fr\\\/#organization\",\"name\":\"Unterb\u00e4ch Tourismus\",\"url\":\"https:\\\/\\\/unterbaech.ch\\\/fr\\\/\",\"logo\":{\"@type\":\"ImageObject\",\"inLanguage\":\"fr-FR\",\"@id\":\"https:\\\/\\\/unterbaech.ch\\\/fr\\\/#\\\/schema\\\/logo\\\/image\\\/\",\"url\":\"https:\\\/\\\/unterbaech.ch\\\/wp-content\\\/uploads\\\/Logo-1.png\",\"contentUrl\":\"https:\\\/\\\/unterbaech.ch\\\/wp-content\\\/uploads\\\/Logo-1.png\",\"width\":1125,\"height\":1102,\"caption\":\"Unterb\u00e4ch Tourismus\"},\"image\":{\"@id\":\"https:\\\/\\\/unterbaech.ch\\\/fr\\\/#\\\/schema\\\/logo\\\/image\\\/\"},\"sameAs\":[\"https:\\\/\\\/www.facebook.com\\\/unterbaech\",\"https:\\\/\\\/www.instagram.com\\\/visit.unterbaech\\\/\",\"https:\\\/\\\/de.wikipedia.org\\\/wiki\\\/Unterb\u00e4ch\"]}]}<\/script>\n<!-- \/ Yoast SEO plugin. -->","yoast_head_json":{"title":"Webshop - Unterb\u00e4ch","description":"R\u00e9servez vos vacances de mani\u00e8re simple et pratique! Dans le webshop de Unterb\u00e4ch Tourisme, vous trouverez tout ce dont vous avez besoin pour votre s\u00e9jour \u00e0 Unterb\u00e4ch, de l'h\u00e9bergement aux billets de train de montagne, en passant par les cours de ski et les \u00e9v\u00e9nements. Et tout cela avec une garantie du meilleur prix!","robots":{"index":"index","follow":"follow","max-snippet":"max-snippet:-1","max-image-preview":"max-image-preview:large","max-video-preview":"max-video-preview:-1"},"canonical":"https:\/\/unterbaech.ch\/fr\/planifier-reserver\/webshop\/","og_locale":"fr_FR","og_type":"article","og_title":"Webshop - Unterb\u00e4ch","og_description":"R\u00e9servez vos vacances de mani\u00e8re simple et pratique! Dans le webshop de Unterb\u00e4ch Tourisme, vous trouverez tout ce dont vous avez besoin pour votre s\u00e9jour \u00e0 Unterb\u00e4ch, de l'h\u00e9bergement aux billets de train de montagne, en passant par les cours de ski et les \u00e9v\u00e9nements. Et tout cela avec une garantie du meilleur prix!","og_url":"https:\/\/unterbaech.ch\/fr\/planifier-reserver\/webshop\/","og_site_name":"Unterb\u00e4ch","article_publisher":"https:\/\/www.facebook.com\/unterbaech","article_modified_time":"2024-01-04T13:14:44+00:00","twitter_card":"summary_large_image","twitter_misc":{"Dur\u00e9e de lecture estim\u00e9e":"1 minute"},"schema":{"@context":"https:\/\/schema.org","@graph":[{"@type":"WebPage","@id":"https:\/\/unterbaech.ch\/fr\/planifier-reserver\/webshop\/","url":"https:\/\/unterbaech.ch\/fr\/planifier-reserver\/webshop\/","name":"Webshop - Unterb\u00e4ch","isPartOf":{"@id":"https:\/\/unterbaech.ch\/fr\/#website"},"datePublished":"2021-11-11T12:57:22+00:00","dateModified":"2024-01-04T13:14:44+00:00","description":"R\u00e9servez vos vacances de mani\u00e8re simple et pratique! Dans le webshop de Unterb\u00e4ch Tourisme, vous trouverez tout ce dont vous avez besoin pour votre s\u00e9jour \u00e0 Unterb\u00e4ch, de l'h\u00e9bergement aux billets de train de montagne, en passant par les cours de ski et les \u00e9v\u00e9nements. Et tout cela avec une garantie du meilleur prix!","breadcrumb":{"@id":"https:\/\/unterbaech.ch\/fr\/planifier-reserver\/webshop\/#breadcrumb"},"inLanguage":"fr-FR","potentialAction":[{"@type":"ReadAction","target":["https:\/\/unterbaech.ch\/fr\/planifier-reserver\/webshop\/"]}]},{"@type":"BreadcrumbList","@id":"https:\/\/unterbaech.ch\/fr\/planifier-reserver\/webshop\/#breadcrumb","itemListElement":[{"@type":"ListItem","position":1,"name":"Startseite","item":"https:\/\/unterbaech.ch\/fr\/accueil\/"},{"@type":"ListItem","position":2,"name":"Planifier &#038; r\u00e9server","item":"https:\/\/unterbaech.ch\/fr\/planifier-reserver\/"},{"@type":"ListItem","position":3,"name":"Webshop"}]},{"@type":"WebSite","@id":"https:\/\/unterbaech.ch\/fr\/#website","url":"https:\/\/unterbaech.ch\/fr\/","name":"Unterb\u00e4ch","description":"","publisher":{"@id":"https:\/\/unterbaech.ch\/fr\/#organization"},"potentialAction":[{"@type":"SearchAction","target":{"@type":"EntryPoint","urlTemplate":"https:\/\/unterbaech.ch\/fr\/?s={search_term_string}"},"query-input":{"@type":"PropertyValueSpecification","valueRequired":true,"valueName":"search_term_string"}}],"inLanguage":"fr-FR"},{"@type":"Organization","@id":"https:\/\/unterbaech.ch\/fr\/#organization","name":"Unterb\u00e4ch Tourismus","url":"https:\/\/unterbaech.ch\/fr\/","logo":{"@type":"ImageObject","inLanguage":"fr-FR","@id":"https:\/\/unterbaech.ch\/fr\/#\/schema\/logo\/image\/","url":"https:\/\/unterbaech.ch\/wp-content\/uploads\/Logo-1.png","contentUrl":"https:\/\/unterbaech.ch\/wp-content\/uploads\/Logo-1.png","width":1125,"height":1102,"caption":"Unterb\u00e4ch Tourismus"},"image":{"@id":"https:\/\/unterbaech.ch\/fr\/#\/schema\/logo\/image\/"},"sameAs":["https:\/\/www.facebook.com\/unterbaech","https:\/\/www.instagram.com\/visit.unterbaech\/","https:\/\/de.wikipedia.org\/wiki\/Unterb\u00e4ch"]}]}},"_links":{"self":[{"href":"https:\/\/unterbaech.ch\/fr\/wp-json\/wp\/v2\/pages\/14470","targetHints":{"allow":["GET"]}}],"collection":[{"href":"https:\/\/unterbaech.ch\/fr\/wp-json\/wp\/v2\/pages"}],"about":[{"href":"https:\/\/unterbaech.ch\/fr\/wp-json\/wp\/v2\/types\/page"}],"author":[{"embeddable":true,"href":"https:\/\/unterbaech.ch\/fr\/wp-json\/wp\/v2\/users\/4"}],"replies":[{"embeddable":true,"href":"https:\/\/unterbaech.ch\/fr\/wp-json\/wp\/v2\/comments?post=14470"}],"version-history":[{"count":9,"href":"https:\/\/unterbaech.ch\/fr\/wp-json\/wp\/v2\/pages\/14470\/revisions"}],"predecessor-version":[{"id":21242,"href":"https:\/\/unterbaech.ch\/fr\/wp-json\/wp\/v2\/pages\/14470\/revisions\/21242"}],"up":[{"embeddable":true,"href":"https:\/\/unterbaech.ch\/fr\/wp-json\/wp\/v2\/pages\/14434"}],"wp:attachment":[{"href":"https:\/\/unterbaech.ch\/fr\/wp-json\/wp\/v2\/media?parent=14470"}],"curies":[{"name":"wp","href":"https:\/\/api.w.org\/{rel}","templated":true}]}}