{"id":14814,"date":"2021-11-25T17:43:08","date_gmt":"2021-11-25T16:43:08","guid":{"rendered":"https:\/\/unterbaech.ch\/planifier-reserver\/mobilite\/arrivee\/"},"modified":"2025-04-10T09:10:43","modified_gmt":"2025-04-10T07:10:43","slug":"arrivee","status":"publish","type":"page","link":"https:\/\/unterbaech.ch\/fr\/planifier-reserver\/mobilite\/arrivee\/","title":{"rendered":"Arriv\u00e9e"},"content":{"rendered":"\n<style type=\"text\/css\" data-created_by=\"avia_inline_auto\" id=\"style-css-av-kbax8y3e-69daac61c511164dbcf87c561037581b\">\n.avia-section.av-kbax8y3e-69daac61c511164dbcf87c561037581b .av-parallax .av-parallax-inner{\nbackground-repeat:no-repeat;\nbackground-image:url(https:\/\/unterbaech.ch\/wp-content\/uploads\/2020\/06\/DSC05511.jpg);\nbackground-position:50% 50%;\nbackground-attachment:scroll;\n}\n<\/style>\n<div id='av_section_1'  class='avia-section av-kbax8y3e-69daac61c511164dbcf87c561037581b main_color avia-section-default avia-no-border-styling  avia-builder-el-0  el_before_av_section  avia-builder-el-first  section-fullwidthimage winter avia-full-stretch av-parallax-section avia-bg-style-parallax av-minimum-height av-minimum-height-50 av-height-50  container_wrap fullsize'  data-section-bg-repeat='stretch' data-av_minimum_height_pc='50' data-av_min_height_opt='50'><div class='av-parallax' data-avia-parallax-ratio='0.3' ><div class='av-parallax-inner main_color avia-full-stretch'><\/div><\/div><div class='container av-section-cont-open' ><main  role=\"main\" itemprop=\"mainContentOfPage\"  class='template-page content  av-content-full alpha units'><div class='post-entry post-entry-type-page post-entry-14814'><div class='entry-content-wrapper clearfix'>\n<\/div><\/div><\/main><!-- close content main element --><\/div><\/div>\n<style type=\"text\/css\" data-created_by=\"avia_inline_auto\" id=\"style-css-av-kbax8y3e-15-79476b842f4f2236d87f3638cc04ff66\">\n.avia-section.av-kbax8y3e-15-79476b842f4f2236d87f3638cc04ff66 .av-parallax .av-parallax-inner{\nbackground-repeat:no-repeat;\nbackground-image:url(https:\/\/unterbaech.ch\/wp-content\/uploads\/DSC07541_\u00a9marcoschnyder.jpg);\nbackground-position:50% 50%;\nbackground-attachment:scroll;\n}\n<\/style>\n<div id='av_section_2'  class='avia-section av-kbax8y3e-15-79476b842f4f2236d87f3638cc04ff66 main_color avia-section-default avia-no-border-styling  avia-builder-el-1  el_after_av_section  el_before_av_section  section-fullwidthimage summer avia-full-stretch av-parallax-section avia-bg-style-parallax av-minimum-height av-minimum-height-50 av-height-50  container_wrap fullsize'  data-section-bg-repeat='stretch' data-av_minimum_height_pc='50' data-av_min_height_opt='50'><div class='av-parallax' data-avia-parallax-ratio='0.3' ><div class='av-parallax-inner main_color avia-full-stretch'><\/div><\/div><div class='container av-section-cont-open' ><div class='template-page content  av-content-full alpha units'><div class='post-entry post-entry-type-page post-entry-14814'><div class='entry-content-wrapper clearfix'>\n<\/div><\/div><\/div><!-- close content main div --><\/div><\/div><div id='av_section_3'  class='avia-section av-1n2h9-eef07d2470a934665895b572bc96122f main_color avia-section-default avia-no-border-styling  avia-builder-el-2  el_after_av_section  el_before_av_section  section-leadtext onecol avia-bg-style-scroll container_wrap fullsize'  ><div class='container av-section-cont-open' ><div class='template-page content  av-content-full alpha units'><div class='post-entry post-entry-type-page post-entry-14814'><div class='entry-content-wrapper clearfix'>\n<section  class='av_textblock_section av-kbawhdx8-9a55faeefcbf4e8706dea9c49b9010c2 '   itemscope=\"itemscope\" itemtype=\"https:\/\/schema.org\/CreativeWork\" ><div class='avia_textblock'  itemprop=\"text\" ><p style=\"text-align: center;\"><strong>COMMENT NOUS REJOINDRE<\/strong><\/p>\n<h3 style=\"text-align: center;\">ARRIV\u00c9E<\/h3>\n<\/div><\/section>\n<section  class='av_textblock_section av-kbawhdx8-13-7ab74d11b5312dccd26fecfbc8347dda '   itemscope=\"itemscope\" itemtype=\"https:\/\/schema.org\/CreativeWork\" ><div class='avia_textblock lead'  itemprop=\"text\" ><p style=\"text-align: center;\">Unterb\u00e4ch est une destination de vacances petite mais raffin\u00e9e, situ\u00e9e au c\u0153ur du Haut-Valais et tr\u00e8s facile d&rsquo;acc\u00e8s depuis les quatre points cardinaux. Ceux qui arrivent en transports publics gagnent une heure gr\u00e2ce au tunnel de base de la NLFA et rejoignent directement le centre du village avec le t\u00e9l\u00e9ph\u00e9rique Raron-Unterb\u00e4ch.<\/p>\n<\/div><\/section>\n\n<style type=\"text\/css\" data-created_by=\"avia_inline_auto\" id=\"style-css-av-kbax4bbr-27f78f1f5574462b1f9eaf8ccb6701aa\">\n#top .hr.hr-invisible.av-kbax4bbr-27f78f1f5574462b1f9eaf8ccb6701aa{\nheight:25px;\n}\n<\/style>\n<div  class='hr av-kbax4bbr-27f78f1f5574462b1f9eaf8ccb6701aa hr-invisible  avia-builder-el-5  el_after_av_textblock  el_before_av_google_map  avia-builder-el-last '><span class='hr-inner '><span class=\"hr-inner-style\"><\/span><\/span><\/div>\n<div  id=\"googlemap\"  class='av_gmaps_sc_main_wrap av_gmaps_main_wrap googlemap'><div id='av_gmap_0' class='avia-google-map-container avia-google-map-sc av_gmaps_show_unconditionally av-no-fallback-img ' data-mapid='av_gmap_0'  style='height: 500px;'><a class=\"av_gmaps_browser_disabled av_text_confirm_link av_text_confirm_link_visible\" href=\"https:\/\/www.google.com\/maps\/search\/?api=1&#038;query=46.2610512,7.783406500000001\" target=\"_blank\">Les cartes ont \u00e9t\u00e9 d\u00e9sactiv\u00e9es par le visiteur sur ce site. Cliquer pour ouvrir la carte dans une nouvelle fen\u00eatre.<\/a><\/div><\/div>\n\n<\/div><\/div><\/div><!-- close content main div --><\/div><\/div><div id='av_section_4'  class='avia-section av-2ozu1-d0416f96d23280b881dcadfb59c1e2de main_color avia-section-default avia-no-border-styling  avia-builder-el-7  el_after_av_section  el_before_av_section  section-leadtext image avia-bg-style-scroll container_wrap fullsize'  ><div class='container av-section-cont-open' ><div class='template-page content  av-content-full alpha units'><div class='post-entry post-entry-type-page post-entry-14814'><div class='entry-content-wrapper clearfix'>\n<div class='flex_column_table av-3z81-f10b1524d109005ce059068763d09583 sc-av_one_half av-break-at-tablet-flextable av-equal-height-column-flextable'>\n<style type=\"text\/css\" data-created_by=\"avia_inline_auto\" id=\"style-css-av-3z81-f10b1524d109005ce059068763d09583\">\n.flex_column.av-3z81-f10b1524d109005ce059068763d09583{\nborder-radius:0px 0px 0px 0px;\npadding:0px 0px 0px 0px;\n}\n<\/style>\n<div  class='flex_column av-3z81-f10b1524d109005ce059068763d09583 av_one_half  avia-builder-el-8  el_before_av_one_half  avia-builder-el-first  first av-break-at-tablet flex_column_table_cell av-equal-height-column av-align-top av-zero-column-padding  '     ><p><section  class='av_textblock_section av-jwhniv6n-e1059a515c4ea93eb80544e318be7904 '   itemscope=\"itemscope\" itemtype=\"https:\/\/schema.org\/CreativeWork\" ><div class='avia_textblock'  itemprop=\"text\" ><p><strong>ARRIV\u00c9E PAR LES TRANSPORTS PUBLICS<\/strong><\/p>\n<\/div><\/section><br \/>\n<section  class='av_textblock_section av-jwhniv6n-9-0781d7cf249d4dcd26d2fc596153561f '   itemscope=\"itemscope\" itemtype=\"https:\/\/schema.org\/CreativeWork\" ><div class='avia_textblock lead'  itemprop=\"text\" ><p>Les personnes voyageant en train se rendent \u00e0 Rarogne en train et arrivent apr\u00e8s environ 5 minutes de marche \u00e0 la station inf\u00e9rieure du t\u00e9l\u00e9ph\u00e9rique (LRU), qui circule toutes les demi-heures. En 8 minutes, la cabine de 25 places du t\u00e9l\u00e9ph\u00e9rique vous emm\u00e8ne dans le village de montagne valaisan d&rsquo;Unterb\u00e4ch avec une vue sur les spectaculaires gorges du L\u00f6ibbach.<\/p>\n<\/div><\/section><br \/>\n<div  class='avia-button-wrap av-kbamxyjq-8e812fca7675d14acbd89427f4f463bd-wrap avia-button-left  avia-builder-el-11  el_after_av_textblock  avia-builder-el-last '><a href='https:\/\/www.sbb.ch\/de\/fahrplan.html'  class='avia-button av-kbamxyjq-8e812fca7675d14acbd89427f4f463bd av-link-btn avia-icon_select-no avia-size-small avia-position-left avia-color-theme-color'  target=\"_blank\"  rel=\"noopener noreferrer\"  aria-label=\"Vers l&#039;horaire en ligne des CFF\"><span class='avia_iconbox_title' >Vers l&#039;horaire en ligne des CFF<\/span><\/a><\/div><\/p><\/div><div class='av-flex-placeholder'><\/div>\n<style type=\"text\/css\" data-created_by=\"avia_inline_auto\" id=\"style-css-av-3z81-10-6ba79e096e1a82a58ff1068d4627a957\">\n.flex_column.av-3z81-10-6ba79e096e1a82a58ff1068d4627a957{\nborder-radius:0px 0px 0px 0px;\npadding:0px 0px 0px 0px;\n}\n<\/style>\n<div  class='flex_column av-3z81-10-6ba79e096e1a82a58ff1068d4627a957 av_one_half  avia-builder-el-12  el_after_av_one_half  avia-builder-el-last  av-break-at-tablet flex_column_table_cell av-equal-height-column av-align-top av-zero-column-padding avia-full-stretch  '     ><style type=\"text\/css\" data-created_by=\"avia_inline_auto\" id=\"style-css-av-kbccxasc-53e46670ae6883021c3693fc9379b5e5\">\n.avia-image-container.av-kbccxasc-53e46670ae6883021c3693fc9379b5e5 img.avia_image{\nbox-shadow:none;\n}\n.avia-image-container.av-kbccxasc-53e46670ae6883021c3693fc9379b5e5 .av-image-caption-overlay-center{\ncolor:#ffffff;\n}\n<\/style>\n<div  class='avia-image-container av-kbccxasc-53e46670ae6883021c3693fc9379b5e5 av-styling- avia-align-center  avia-builder-el-13  avia-builder-el-no-sibling '   itemprop=\"image\" itemscope=\"itemscope\" itemtype=\"https:\/\/schema.org\/ImageObject\" ><div class=\"avia-image-container-inner\"><div class=\"avia-image-overlay-wrap\"><img decoding=\"async\" fetchpriority=\"high\" class='wp-image-1319 avia-img-lazy-loading-not-1319 avia_image ' src=\"https:\/\/unterbaech.ch\/wp-content\/uploads\/2020\/06\/h.-Luftseilbahn-1-1024x683.jpg\" alt='Luftseilbahn Raron-Unterb\u00e4ch' title='h. Luftseilbahn'  height=\"683\" width=\"1024\"  itemprop=\"thumbnailUrl\" srcset=\"https:\/\/unterbaech.ch\/wp-content\/uploads\/2020\/06\/h.-Luftseilbahn-1-1024x683.jpg 1024w, https:\/\/unterbaech.ch\/wp-content\/uploads\/2020\/06\/h.-Luftseilbahn-1-768x512.jpg 768w, https:\/\/unterbaech.ch\/wp-content\/uploads\/2020\/06\/h.-Luftseilbahn-1-705x470.jpg 705w, https:\/\/unterbaech.ch\/wp-content\/uploads\/2020\/06\/h.-Luftseilbahn-1.jpg 1200w\" sizes=\"(max-width: 1024px) 100vw, 1024px\" \/><\/div><\/div><\/div><\/div><\/div><!--close column table wrapper. Autoclose: 1 -->\n\n<\/div><\/div><\/div><!-- close content main div --><\/div><\/div><div id='av_section_5'  class='avia-section av-2ozu1-11-ed0f13a91035e0da8f93227b558e3de5 main_color avia-section-default avia-no-border-styling  avia-builder-el-14  el_after_av_section  el_before_av_section  section-leadtext image avia-bg-style-scroll container_wrap fullsize'  ><div class='container av-section-cont-open' ><div class='template-page content  av-content-full alpha units'><div class='post-entry post-entry-type-page post-entry-14814'><div class='entry-content-wrapper clearfix'>\n<div class='flex_column_table av-3z81-6-2fb6f4ef19406a5c55326ea1d4d24806 sc-av_one_half av-break-at-tablet-flextable av-equal-height-column-flextable'>\n<style type=\"text\/css\" data-created_by=\"avia_inline_auto\" id=\"style-css-av-3z81-6-2fb6f4ef19406a5c55326ea1d4d24806\">\n.flex_column.av-3z81-6-2fb6f4ef19406a5c55326ea1d4d24806{\nborder-radius:0px 0px 0px 0px;\npadding:0px 0px 0px 0px;\n}\n<\/style>\n<div  class='flex_column av-3z81-6-2fb6f4ef19406a5c55326ea1d4d24806 av_one_half  avia-builder-el-15  el_before_av_one_half  avia-builder-el-first  first av-break-at-tablet flex_column_table_cell av-equal-height-column av-align-top av-zero-column-padding  '     ><p><section  class='av_textblock_section av-jwhniv6n-8-aafb83ac5b1f0f40d18dccf9c42bbbb2 '   itemscope=\"itemscope\" itemtype=\"https:\/\/schema.org\/CreativeWork\" ><div class='avia_textblock'  itemprop=\"text\" ><p><strong>ARRIV\u00c9E EN TRANSPORT PRIV\u00c9<\/strong><\/p>\n<\/div><\/section><br \/>\n<section  class='av_textblock_section av-jwhniv6n-3-9ad0f4fd0729c2067c988e373b491203 '   itemscope=\"itemscope\" itemtype=\"https:\/\/schema.org\/CreativeWork\" ><div class='avia_textblock lead'  itemprop=\"text\" ><p>Unterb\u00e4ch est accessible toute l&rsquo;ann\u00e9e en voiture via Tourtemagne ou Vi\u00e8ge en 20 minutes environ. Les automobilistes venant du nord passent par Berne et le tunnel du L\u00f6tschberg (transport des voitures par la BLS), de l&rsquo;est et du sud par la Furka (transport des voitures par la FCM) ou par le Simplon (transport des voitures par la BLS). Depuis l&rsquo;ouest, on acc\u00e8de \u00e0 Unterb\u00e4ch en passant par Lausanne, en longeant la vall\u00e9e du Rh\u00f4ne jusqu&rsquo;\u00e0 Tourtemagne ou Vi\u00e8ge et de l\u00e0 \u00e0 Unterb\u00e4ch. Il est possible de se garer dans le parking public. Les cartes permanentes peuvent \u00eatre retir\u00e9es directement \u00e0 la caisse apr\u00e8s l&rsquo;entr\u00e9e.<\/p>\n<\/div><\/section><br \/>\n<div  class='avia-button-wrap av-kbamxyjq-7-a81d917b0310a495e6b04a47f7b871f7-wrap avia-button-left  avia-builder-el-18  el_after_av_textblock  el_before_av_button '><a href='https:\/\/www.rro.ch\/cms\/?page=verkehr'  class='avia-button av-kbamxyjq-7-a81d917b0310a495e6b04a47f7b871f7 av-link-btn avia-icon_select-no avia-size-small avia-position-left avia-color-theme-color'  target=\"_blank\"  rel=\"noopener noreferrer\"  aria-label=\"Situation actuelle du trafic dans le Haut-Valais\"><span class='avia_iconbox_title' >Situation actuelle du trafic dans le Haut-Valais<\/span><\/a><\/div><br \/>\n<div  class='avia-button-wrap av-kbamxyjq-2-ee0eec6477fb3dd55ac086de31a7eeff-wrap avia-button-left  avia-builder-el-19  el_after_av_button  avia-builder-el-last '><a href='https:\/\/www.tcs.ch\/de\/tools\/verkehrsinfo-verkehrslage\/aktuelle-lage.php'  class='avia-button av-kbamxyjq-2-ee0eec6477fb3dd55ac086de31a7eeff av-link-btn avia-icon_select-no avia-size-small avia-position-left avia-color-theme-color'  target=\"_blank\"  rel=\"noopener noreferrer\"  aria-label=\"Situation actuelle du trafic en Suisse\"><span class='avia_iconbox_title' >Situation actuelle du trafic en Suisse<\/span><\/a><\/div><\/p><\/div><div class='av-flex-placeholder'><\/div>\n<style type=\"text\/css\" data-created_by=\"avia_inline_auto\" id=\"style-css-av-3z81-4-22968f38ae8d847b848dccd4bda41983\">\n.flex_column.av-3z81-4-22968f38ae8d847b848dccd4bda41983{\nborder-radius:0px 0px 0px 0px;\npadding:0px 0px 0px 0px;\n}\n<\/style>\n<div  class='flex_column av-3z81-4-22968f38ae8d847b848dccd4bda41983 av_one_half  avia-builder-el-20  el_after_av_one_half  avia-builder-el-last  av-break-at-tablet flex_column_table_cell av-equal-height-column av-align-top av-zero-column-padding avia-full-stretch  '     ><style type=\"text\/css\" data-created_by=\"avia_inline_auto\" id=\"style-css-av-kbccxasc-5-bad6ff631211d31660f5a9880c839e60\">\n.avia-image-container.av-kbccxasc-5-bad6ff631211d31660f5a9880c839e60 img.avia_image{\nbox-shadow:none;\n}\n.avia-image-container.av-kbccxasc-5-bad6ff631211d31660f5a9880c839e60 .av-image-caption-overlay-center{\ncolor:#ffffff;\n}\n<\/style>\n<div  class='avia-image-container av-kbccxasc-5-bad6ff631211d31660f5a9880c839e60 av-styling- avia-align-center  avia-builder-el-21  avia-builder-el-no-sibling '   itemprop=\"image\" itemscope=\"itemscope\" itemtype=\"https:\/\/schema.org\/ImageObject\" ><div class=\"avia-image-container-inner\"><div class=\"avia-image-overlay-wrap\"><img decoding=\"async\" fetchpriority=\"high\" class='wp-image-3640 avia-img-lazy-loading-not-3640 avia_image ' src=\"https:\/\/unterbaech.ch\/wp-content\/uploads\/2020\/07\/Visp-Nacht-1024x683.jpg\" alt='' title='Visp, Nacht'  height=\"683\" width=\"1024\"  itemprop=\"thumbnailUrl\" srcset=\"https:\/\/unterbaech.ch\/wp-content\/uploads\/2020\/07\/Visp-Nacht-1024x683.jpg 1024w, https:\/\/unterbaech.ch\/wp-content\/uploads\/2020\/07\/Visp-Nacht-1620x1080.jpg 1620w, https:\/\/unterbaech.ch\/wp-content\/uploads\/2020\/07\/Visp-Nacht-768x512.jpg 768w, https:\/\/unterbaech.ch\/wp-content\/uploads\/2020\/07\/Visp-Nacht-1536x1024.jpg 1536w, https:\/\/unterbaech.ch\/wp-content\/uploads\/2020\/07\/Visp-Nacht-2048x1365.jpg 2048w, https:\/\/unterbaech.ch\/wp-content\/uploads\/2020\/07\/Visp-Nacht-1500x1000.jpg 1500w, https:\/\/unterbaech.ch\/wp-content\/uploads\/2020\/07\/Visp-Nacht-705x470.jpg 705w, https:\/\/unterbaech.ch\/wp-content\/uploads\/2020\/07\/Visp-Nacht-scaled.jpg 1920w\" sizes=\"(max-width: 1024px) 100vw, 1024px\" \/><\/div><\/div><\/div><\/div><\/div><!--close column table wrapper. Autoclose: 1 -->\n\n<\/div><\/div><\/div><!-- close content main div --><\/div><\/div>\n<style type=\"text\/css\" data-created_by=\"avia_inline_auto\" id=\"style-css-av-kbax8y3e-14-03e1aac559bc00662c494aa2dc3de010\">\n.avia-section.av-kbax8y3e-14-03e1aac559bc00662c494aa2dc3de010 .av-parallax .av-parallax-inner{\nbackground-repeat:no-repeat;\nbackground-image:url(https:\/\/unterbaech.ch\/wp-content\/uploads\/DSC07655_\u00a9marcoschnyder.jpg);\nbackground-position:50% 50%;\nbackground-attachment:scroll;\n}\n<\/style>\n<div id='av_section_6'  class='avia-section av-kbax8y3e-14-03e1aac559bc00662c494aa2dc3de010 main_color avia-section-default avia-no-border-styling  avia-builder-el-22  el_after_av_section  avia-builder-el-last  section-tip avia-full-stretch av-parallax-section avia-bg-style-parallax av-minimum-height av-minimum-height-100 av-height-100  container_wrap fullsize'  data-section-bg-repeat='stretch' data-av_minimum_height_pc='100' data-av_min_height_opt='100'><div class='av-parallax' data-avia-parallax-ratio='0.3' ><div class='av-parallax-inner main_color avia-full-stretch'><\/div><\/div><div class='container av-section-cont-open' ><div class='template-page content  av-content-full alpha units'><div class='post-entry post-entry-type-page post-entry-14814'><div class='entry-content-wrapper clearfix'>\n\n<style type=\"text\/css\" data-created_by=\"avia_inline_auto\" id=\"style-css-av-kbcj4u58-528702b2ac0e8486eaaf9cf9ec2ab7b8\">\n#top .hr.hr-invisible.av-kbcj4u58-528702b2ac0e8486eaaf9cf9ec2ab7b8{\nheight:400px;\n}\n<\/style>\n<div  class='hr av-kbcj4u58-528702b2ac0e8486eaaf9cf9ec2ab7b8 hr-invisible  avia-builder-el-23  avia-builder-el-no-sibling '><span class='hr-inner '><span class=\"hr-inner-style\"><\/span><\/span><\/div>\n\n","protected":false},"excerpt":{"rendered":"","protected":false},"author":8,"featured_media":0,"parent":14073,"menu_order":0,"comment_status":"closed","ping_status":"closed","template":"","meta":{"inline_featured_image":false,"footnotes":""},"class_list":["post-14814","page","type-page","status-publish","hentry"],"yoast_head":"<!-- This site is optimized with the Yoast SEO plugin v27.3 - https:\/\/yoast.com\/product\/yoast-seo-wordpress\/ -->\n<title>Arriv\u00e9e - Unterb\u00e4ch<\/title>\n<meta name=\"description\" content=\"Unterb\u00e4ch se trouve au c\u0153ur du Haut-Valais et est facilement accessible par les transports publics ou en v\u00e9hicule priv\u00e9.\" \/>\n<meta name=\"robots\" content=\"index, follow, max-snippet:-1, max-image-preview:large, max-video-preview:-1\" \/>\n<link rel=\"canonical\" href=\"https:\/\/unterbaech.ch\/fr\/planifier-reserver\/mobilite\/arrivee\/\" \/>\n<meta property=\"og:locale\" content=\"fr_FR\" \/>\n<meta property=\"og:type\" content=\"article\" \/>\n<meta property=\"og:title\" content=\"Arriv\u00e9e - Unterb\u00e4ch\" \/>\n<meta property=\"og:description\" content=\"Unterb\u00e4ch se trouve au c\u0153ur du Haut-Valais et est facilement accessible par les transports publics ou en v\u00e9hicule priv\u00e9.\" \/>\n<meta property=\"og:url\" content=\"https:\/\/unterbaech.ch\/fr\/planifier-reserver\/mobilite\/arrivee\/\" \/>\n<meta property=\"og:site_name\" content=\"Unterb\u00e4ch\" \/>\n<meta property=\"article:publisher\" content=\"https:\/\/www.facebook.com\/unterbaech\" \/>\n<meta property=\"article:modified_time\" content=\"2025-04-10T07:10:43+00:00\" \/>\n<meta name=\"twitter:card\" content=\"summary_large_image\" \/>\n<meta name=\"twitter:label1\" content=\"Dur\u00e9e de lecture estim\u00e9e\" \/>\n\t<meta name=\"twitter:data1\" content=\"2 minutes\" \/>\n<script type=\"application\/ld+json\" class=\"yoast-schema-graph\">{\"@context\":\"https:\\\/\\\/schema.org\",\"@graph\":[{\"@type\":\"WebPage\",\"@id\":\"https:\\\/\\\/unterbaech.ch\\\/fr\\\/planifier-reserver\\\/mobilite\\\/arrivee\\\/\",\"url\":\"https:\\\/\\\/unterbaech.ch\\\/fr\\\/planifier-reserver\\\/mobilite\\\/arrivee\\\/\",\"name\":\"Arriv\u00e9e - Unterb\u00e4ch\",\"isPartOf\":{\"@id\":\"https:\\\/\\\/unterbaech.ch\\\/fr\\\/#website\"},\"datePublished\":\"2021-11-25T16:43:08+00:00\",\"dateModified\":\"2025-04-10T07:10:43+00:00\",\"description\":\"Unterb\u00e4ch se trouve au c\u0153ur du Haut-Valais et est facilement accessible par les transports publics ou en v\u00e9hicule priv\u00e9.\",\"breadcrumb\":{\"@id\":\"https:\\\/\\\/unterbaech.ch\\\/fr\\\/planifier-reserver\\\/mobilite\\\/arrivee\\\/#breadcrumb\"},\"inLanguage\":\"fr-FR\",\"potentialAction\":[{\"@type\":\"ReadAction\",\"target\":[\"https:\\\/\\\/unterbaech.ch\\\/fr\\\/planifier-reserver\\\/mobilite\\\/arrivee\\\/\"]}]},{\"@type\":\"BreadcrumbList\",\"@id\":\"https:\\\/\\\/unterbaech.ch\\\/fr\\\/planifier-reserver\\\/mobilite\\\/arrivee\\\/#breadcrumb\",\"itemListElement\":[{\"@type\":\"ListItem\",\"position\":1,\"name\":\"Startseite\",\"item\":\"https:\\\/\\\/unterbaech.ch\\\/fr\\\/accueil\\\/\"},{\"@type\":\"ListItem\",\"position\":2,\"name\":\"Planifier &#038; r\u00e9server\",\"item\":\"https:\\\/\\\/unterbaech.ch\\\/fr\\\/planifier-reserver\\\/\"},{\"@type\":\"ListItem\",\"position\":3,\"name\":\"MOBILIT\u00c9\",\"item\":\"https:\\\/\\\/unterbaech.ch\\\/fr\\\/planifier-reserver\\\/mobilite\\\/\"},{\"@type\":\"ListItem\",\"position\":4,\"name\":\"Arriv\u00e9e\"}]},{\"@type\":\"WebSite\",\"@id\":\"https:\\\/\\\/unterbaech.ch\\\/fr\\\/#website\",\"url\":\"https:\\\/\\\/unterbaech.ch\\\/fr\\\/\",\"name\":\"Unterb\u00e4ch\",\"description\":\"\",\"publisher\":{\"@id\":\"https:\\\/\\\/unterbaech.ch\\\/fr\\\/#organization\"},\"potentialAction\":[{\"@type\":\"SearchAction\",\"target\":{\"@type\":\"EntryPoint\",\"urlTemplate\":\"https:\\\/\\\/unterbaech.ch\\\/fr\\\/?s={search_term_string}\"},\"query-input\":{\"@type\":\"PropertyValueSpecification\",\"valueRequired\":true,\"valueName\":\"search_term_string\"}}],\"inLanguage\":\"fr-FR\"},{\"@type\":\"Organization\",\"@id\":\"https:\\\/\\\/unterbaech.ch\\\/fr\\\/#organization\",\"name\":\"Unterb\u00e4ch Tourismus\",\"url\":\"https:\\\/\\\/unterbaech.ch\\\/fr\\\/\",\"logo\":{\"@type\":\"ImageObject\",\"inLanguage\":\"fr-FR\",\"@id\":\"https:\\\/\\\/unterbaech.ch\\\/fr\\\/#\\\/schema\\\/logo\\\/image\\\/\",\"url\":\"https:\\\/\\\/unterbaech.ch\\\/wp-content\\\/uploads\\\/Logo-1.png\",\"contentUrl\":\"https:\\\/\\\/unterbaech.ch\\\/wp-content\\\/uploads\\\/Logo-1.png\",\"width\":1125,\"height\":1102,\"caption\":\"Unterb\u00e4ch Tourismus\"},\"image\":{\"@id\":\"https:\\\/\\\/unterbaech.ch\\\/fr\\\/#\\\/schema\\\/logo\\\/image\\\/\"},\"sameAs\":[\"https:\\\/\\\/www.facebook.com\\\/unterbaech\",\"https:\\\/\\\/www.instagram.com\\\/visit.unterbaech\\\/\",\"https:\\\/\\\/de.wikipedia.org\\\/wiki\\\/Unterb\u00e4ch\"]}]}<\/script>\n<!-- \/ Yoast SEO plugin. -->","yoast_head_json":{"title":"Arriv\u00e9e - Unterb\u00e4ch","description":"Unterb\u00e4ch se trouve au c\u0153ur du Haut-Valais et est facilement accessible par les transports publics ou en v\u00e9hicule priv\u00e9.","robots":{"index":"index","follow":"follow","max-snippet":"max-snippet:-1","max-image-preview":"max-image-preview:large","max-video-preview":"max-video-preview:-1"},"canonical":"https:\/\/unterbaech.ch\/fr\/planifier-reserver\/mobilite\/arrivee\/","og_locale":"fr_FR","og_type":"article","og_title":"Arriv\u00e9e - Unterb\u00e4ch","og_description":"Unterb\u00e4ch se trouve au c\u0153ur du Haut-Valais et est facilement accessible par les transports publics ou en v\u00e9hicule priv\u00e9.","og_url":"https:\/\/unterbaech.ch\/fr\/planifier-reserver\/mobilite\/arrivee\/","og_site_name":"Unterb\u00e4ch","article_publisher":"https:\/\/www.facebook.com\/unterbaech","article_modified_time":"2025-04-10T07:10:43+00:00","twitter_card":"summary_large_image","twitter_misc":{"Dur\u00e9e de lecture estim\u00e9e":"2 minutes"},"schema":{"@context":"https:\/\/schema.org","@graph":[{"@type":"WebPage","@id":"https:\/\/unterbaech.ch\/fr\/planifier-reserver\/mobilite\/arrivee\/","url":"https:\/\/unterbaech.ch\/fr\/planifier-reserver\/mobilite\/arrivee\/","name":"Arriv\u00e9e - Unterb\u00e4ch","isPartOf":{"@id":"https:\/\/unterbaech.ch\/fr\/#website"},"datePublished":"2021-11-25T16:43:08+00:00","dateModified":"2025-04-10T07:10:43+00:00","description":"Unterb\u00e4ch se trouve au c\u0153ur du Haut-Valais et est facilement accessible par les transports publics ou en v\u00e9hicule priv\u00e9.","breadcrumb":{"@id":"https:\/\/unterbaech.ch\/fr\/planifier-reserver\/mobilite\/arrivee\/#breadcrumb"},"inLanguage":"fr-FR","potentialAction":[{"@type":"ReadAction","target":["https:\/\/unterbaech.ch\/fr\/planifier-reserver\/mobilite\/arrivee\/"]}]},{"@type":"BreadcrumbList","@id":"https:\/\/unterbaech.ch\/fr\/planifier-reserver\/mobilite\/arrivee\/#breadcrumb","itemListElement":[{"@type":"ListItem","position":1,"name":"Startseite","item":"https:\/\/unterbaech.ch\/fr\/accueil\/"},{"@type":"ListItem","position":2,"name":"Planifier &#038; r\u00e9server","item":"https:\/\/unterbaech.ch\/fr\/planifier-reserver\/"},{"@type":"ListItem","position":3,"name":"MOBILIT\u00c9","item":"https:\/\/unterbaech.ch\/fr\/planifier-reserver\/mobilite\/"},{"@type":"ListItem","position":4,"name":"Arriv\u00e9e"}]},{"@type":"WebSite","@id":"https:\/\/unterbaech.ch\/fr\/#website","url":"https:\/\/unterbaech.ch\/fr\/","name":"Unterb\u00e4ch","description":"","publisher":{"@id":"https:\/\/unterbaech.ch\/fr\/#organization"},"potentialAction":[{"@type":"SearchAction","target":{"@type":"EntryPoint","urlTemplate":"https:\/\/unterbaech.ch\/fr\/?s={search_term_string}"},"query-input":{"@type":"PropertyValueSpecification","valueRequired":true,"valueName":"search_term_string"}}],"inLanguage":"fr-FR"},{"@type":"Organization","@id":"https:\/\/unterbaech.ch\/fr\/#organization","name":"Unterb\u00e4ch Tourismus","url":"https:\/\/unterbaech.ch\/fr\/","logo":{"@type":"ImageObject","inLanguage":"fr-FR","@id":"https:\/\/unterbaech.ch\/fr\/#\/schema\/logo\/image\/","url":"https:\/\/unterbaech.ch\/wp-content\/uploads\/Logo-1.png","contentUrl":"https:\/\/unterbaech.ch\/wp-content\/uploads\/Logo-1.png","width":1125,"height":1102,"caption":"Unterb\u00e4ch Tourismus"},"image":{"@id":"https:\/\/unterbaech.ch\/fr\/#\/schema\/logo\/image\/"},"sameAs":["https:\/\/www.facebook.com\/unterbaech","https:\/\/www.instagram.com\/visit.unterbaech\/","https:\/\/de.wikipedia.org\/wiki\/Unterb\u00e4ch"]}]}},"_links":{"self":[{"href":"https:\/\/unterbaech.ch\/fr\/wp-json\/wp\/v2\/pages\/14814","targetHints":{"allow":["GET"]}}],"collection":[{"href":"https:\/\/unterbaech.ch\/fr\/wp-json\/wp\/v2\/pages"}],"about":[{"href":"https:\/\/unterbaech.ch\/fr\/wp-json\/wp\/v2\/types\/page"}],"author":[{"embeddable":true,"href":"https:\/\/unterbaech.ch\/fr\/wp-json\/wp\/v2\/users\/8"}],"replies":[{"embeddable":true,"href":"https:\/\/unterbaech.ch\/fr\/wp-json\/wp\/v2\/comments?post=14814"}],"version-history":[{"count":6,"href":"https:\/\/unterbaech.ch\/fr\/wp-json\/wp\/v2\/pages\/14814\/revisions"}],"predecessor-version":[{"id":25306,"href":"https:\/\/unterbaech.ch\/fr\/wp-json\/wp\/v2\/pages\/14814\/revisions\/25306"}],"up":[{"embeddable":true,"href":"https:\/\/unterbaech.ch\/fr\/wp-json\/wp\/v2\/pages\/14073"}],"wp:attachment":[{"href":"https:\/\/unterbaech.ch\/fr\/wp-json\/wp\/v2\/media?parent=14814"}],"curies":[{"name":"wp","href":"https:\/\/api.w.org\/{rel}","templated":true}]}}