{"id":15724,"date":"2022-04-25T16:08:59","date_gmt":"2022-04-25T14:08:59","guid":{"rendered":"https:\/\/unterbaech.ch\/horaires-douverture\/"},"modified":"2026-04-09T11:20:43","modified_gmt":"2026-04-09T09:20:43","slug":"horaires-douverture","status":"publish","type":"page","link":"https:\/\/unterbaech.ch\/fr\/horaires-douverture\/","title":{"rendered":"Horaires d&rsquo;ouverture"},"content":{"rendered":"\n<style type=\"text\/css\" data-created_by=\"avia_inline_auto\" id=\"style-css-av-kbax8y3e-d570c5ab93871b63bc66151c88fa2669\">\n.avia-section.av-kbax8y3e-d570c5ab93871b63bc66151c88fa2669 .av-parallax .av-parallax-inner{\nbackground-repeat:no-repeat;\nbackground-image:url(https:\/\/unterbaech.ch\/wp-content\/uploads\/DSC07572_\u00a9marcoschnyder.jpg);\nbackground-position:50% 50%;\nbackground-attachment:scroll;\n}\n<\/style>\n<div id='av_section_1'  class='avia-section av-kbax8y3e-d570c5ab93871b63bc66151c88fa2669 main_color avia-section-default avia-no-border-styling  avia-builder-el-0  el_before_av_section  avia-builder-el-first  section-fullwidthimage avia-full-stretch av-parallax-section avia-bg-style-parallax av-minimum-height av-minimum-height-50 av-height-50  container_wrap fullsize'  data-section-bg-repeat='stretch' data-av_minimum_height_pc='50' data-av_min_height_opt='50'><div class='av-parallax' data-avia-parallax-ratio='0.3' ><div class='av-parallax-inner main_color avia-full-stretch'><\/div><\/div><div class='container av-section-cont-open' ><main  role=\"main\" itemprop=\"mainContentOfPage\"  class='template-page content  av-content-full alpha units'><div class='post-entry post-entry-type-page post-entry-15724'><div class='entry-content-wrapper clearfix'>\n<\/div><\/div><\/main><!-- close content main element --><\/div><\/div><div id='av_section_2'  class='avia-section av-2fnz7v-acc41c8a64c04fadeee3ae89ea63839c main_color avia-section-default avia-no-border-styling  avia-builder-el-1  el_after_av_section  el_before_av_button  avia-bg-style-scroll container_wrap fullsize'  ><div class='container av-section-cont-open' ><div class='template-page content  av-content-full alpha units'><div class='post-entry post-entry-type-page post-entry-15724'><div class='entry-content-wrapper clearfix'>\n<section  class='av_textblock_section av-kbawhdx8-f3bbc0d353c5f48f7c2b15ae978f4eb7 '   itemscope=\"itemscope\" itemtype=\"https:\/\/schema.org\/CreativeWork\" ><div class='avia_textblock'  itemprop=\"text\" ><p style=\"text-align: center;\"><strong>NOUS SOMMES L\u00c0 POUR TOI<\/strong><\/p>\n<h3 style=\"text-align: center;\">HEURES D&rsquo;OUVERTURE TOURISME<\/h3>\n<\/div><\/section>\n<section  class='av_textblock_section av-kbawhdx8-6-252d9233c29511b8608e55b2c3bb216c '   itemscope=\"itemscope\" itemtype=\"https:\/\/schema.org\/CreativeWork\" ><div class='avia_textblock lead'  itemprop=\"text\" ><p style=\"text-align: center;\">L\u2019\u00e9quipe de Tourisme Unterb\u00e4ch est l\u00e0 pour toi. Nous te conseillons et t\u2019aidons volontiers \u00e0 trouver un h\u00e9bergement adapt\u00e9, \u00e0 organiser des \u00e9v\u00e9nements ou \u00e0 planifier des excursions. Avec beaucoup de passion, nous nous engageons pour notre r\u00e9gion et faisons tout notre possible pour t\u2019offrir une r\u00e9elle valeur ajout\u00e9e gr\u00e2ce \u00e0 nos conseils personnalis\u00e9s.<\/p>\n<p style=\"text-align: center;\">L&rsquo;office du tourisme d&rsquo;Unterb\u00e4ch sera ferm\u00e9 aux dates suivantes ou pendant la p\u00e9riode suivante :<\/p>\n<p style=\"text-align: center;\">Vendredi 10 avril<\/p>\n<p style=\"text-align: center;\">Du vendredi 17 avril 2026 au lundi 11 mai 2026 (en raison de cong\u00e9s annuels et de travaux de d\u00e9m\u00e9nagement)<\/p>\n<p style=\"text-align: center;\">\u00c0 partir du 11 mai 2026, nous vous accueillerons chaleureusement dans nos nouveaux locaux situ\u00e9s \u00e0 la Dorfstrasse 32.<\/p>\n<\/div><\/section>\n\n<style type=\"text\/css\" data-created_by=\"avia_inline_auto\" id=\"style-css-av-kbax4bbr-27f78f1f5574462b1f9eaf8ccb6701aa\">\n#top .hr.hr-invisible.av-kbax4bbr-27f78f1f5574462b1f9eaf8ccb6701aa{\nheight:25px;\n}\n<\/style>\n<div  class='hr av-kbax4bbr-27f78f1f5574462b1f9eaf8ccb6701aa hr-invisible  avia-builder-el-4  el_after_av_textblock  el_before_av_table '><span class='hr-inner '><span class=\"hr-inner-style\"><\/span><\/span><\/div>\n<div class='avia-data-table-wrap av-ahtdt-519a29a99bd24effe53d39ffa2ba4f9a avia_scrollable_table avia-table-1'><table  class='avia-table avia-data-table avia_pricing_default  avia-builder-el-5  el_after_av_hr  avia-builder-el-last '  itemscope=\"itemscope\" itemtype=\"https:\/\/schema.org\/Table\" ><tbody><tr class='avia-heading-row'><th class=''><\/th><th class=''>la matin\u00e9e<\/th><th class=''>l\u2019apr\u00e8s-midi<\/th><th class=''><\/th><\/tr><tr class=''><td class=''>Lundi<\/td><td class=''>09.00 &#8211; 12.00 Uhr<\/td><td class=''>14.00 &#8211; 16.30 Uhr<\/td><td class=''><\/td><\/tr><tr class=''><td class=''>Mardi<\/td><td class=''>ferm\u00e9<\/td><td class=''>ferm\u00e9<\/td><td class=''><\/td><\/tr><tr class=''><td class=''>Mercredi<\/td><td class=''>09.00 &#8211; 12.00 Uhr<\/td><td class=''>ferm\u00e9<\/td><td class=''><\/td><\/tr><tr class=''><td class=''>Jeudi<\/td><td class=''>ferm\u00e9<\/td><td class=''>ferm\u00e9<\/td><td class=''><\/td><\/tr><tr class=''><td class=''>Vendredi<\/td><td class=''>09.00 &#8211; 12.00 Uhr<\/td><td class=''>14.00 &#8211; 16.30 Uhr<\/td><td class=''><\/td><\/tr><tr class=''><td class=''>Samedi <\/td><td class=''>ferm\u00e9<\/td><td class=''>ferm\u00e9<\/td><td class=''><\/td><\/tr><tr class=''><td class=''>Dimanche <\/td><td class=''>ferm\u00e9<\/td><td class=''>ferm\u00e9<\/td><td class=''><\/td><\/tr><\/tbody><\/table><\/div>\n<\/div><\/div><\/div><!-- close content main div --><\/div><\/div><div id='after_section_2'  class='main_color av_default_container_wrap container_wrap fullsize'  ><div class='container av-section-cont-open' ><div class='template-page content  av-content-full alpha units'><div class='post-entry post-entry-type-page post-entry-15724'><div class='entry-content-wrapper clearfix'><div  class='avia-button-wrap av-kbajg3mm-4c536acf87c372ec4cef8ef264d51fcb-wrap avia-button-center  avia-builder-el-6  el_after_av_section  el_before_av_textblock  avia-builder-el-first '><a href='https:\/\/gemeinde.unterbaech.ch\/kanzlei\/'  class='avia-button av-kbajg3mm-4c536acf87c372ec4cef8ef264d51fcb av-link-btn avia-icon_select-no avia-size-small avia-position-center avia-color-theme-color'  target=\"_blank\"  rel=\"noopener noreferrer\"  aria-label=\"heures d\u2019ouvertures Municipale \"><span class='avia_iconbox_title' >heures d\u2019ouvertures Municipale <\/span><\/a><\/div><\/p>\n<section  class='av_textblock_section av-kbawhdx8-5-9e02119cc866ea7f2eb69fcb0bed435a '   itemscope=\"itemscope\" itemtype=\"https:\/\/schema.org\/CreativeWork\" ><div class='avia_textblock'  itemprop=\"text\" ><p style=\"text-align: center;\"><strong> <\/strong><\/p>\n<h3 style=\"text-align: center;\">\u00c9QUIPE DE L\u2019OFFICE DU TOURISME<\/h3>\n<\/div><\/section>\n<\/div><\/div><\/div><!-- close content main div --><\/div><\/div><div id='av-layout-grid-1'  class='av-layout-grid-container av-kbanl75v-04d54f17166f82fc1e4630add67ff5f0 entry-content-wrapper main_color av-flex-cells av-break-at-tablet  avia-builder-el-8  el_after_av_textblock  el_before_av_promobox  tilemenu grid-notfull grid-row-not-first  container_wrap fullsize'  >\n\n<style type=\"text\/css\" data-created_by=\"avia_inline_auto\" id=\"style-css-av-1zpsx-40a62db9ca66af282d587af27aebb0eb\">\n.flex_cell.av-1zpsx-40a62db9ca66af282d587af27aebb0eb{\nvertical-align:top;\n}\n.responsive #top #wrap_all .flex_cell.av-1zpsx-40a62db9ca66af282d587af27aebb0eb{\npadding:0px 30px 0px 30px !important;\n}\n<\/style>\n<div class='flex_cell av-1zpsx-40a62db9ca66af282d587af27aebb0eb av-gridrow-cell av_one_third no_margin  avia-builder-el-9  el_before_av_cell_one_third  avia-builder-el-first  content-align-top'  ><div class='flex_cell_inner'><\/div><\/div>\n<style type=\"text\/css\" data-created_by=\"avia_inline_auto\" id=\"style-css-av-1zpsx-4-e15ae4e4a7d0a3f723f13076bd632b9f\">\n.flex_cell.av-1zpsx-4-e15ae4e4a7d0a3f723f13076bd632b9f{\nvertical-align:top;\n}\n.responsive #top #wrap_all .flex_cell.av-1zpsx-4-e15ae4e4a7d0a3f723f13076bd632b9f{\npadding:0px 30px 0px 30px !important;\n}\n<\/style>\n<div class='flex_cell av-1zpsx-4-e15ae4e4a7d0a3f723f13076bd632b9f av-gridrow-cell av_one_third no_margin  avia-builder-el-10  el_after_av_cell_one_third  el_before_av_cell_one_third  content-align-top'  ><div class='flex_cell_inner'><p>\n<style type=\"text\/css\" data-created_by=\"avia_inline_auto\" id=\"style-css-av-3z81-d746174d13c7c45316226dbcd4603fa8\">\n.flex_column.av-3z81-d746174d13c7c45316226dbcd4603fa8{\nborder-radius:0px 0px 0px 0px;\npadding:0px 0px 0px 0px;\n}\n<\/style>\n<div  class='flex_column av-3z81-d746174d13c7c45316226dbcd4603fa8 av_one_full  avia-builder-el-11  el_before_av_textblock  avia-builder-el-first  image first flex_column_div av-zero-column-padding avia-full-stretch  '     ><style type=\"text\/css\" data-created_by=\"avia_inline_auto\" id=\"style-css-av-kbccxasc-2ac4bc07ce9e8b2972d26c7772e78c00\">\n.avia-image-container.av-kbccxasc-2ac4bc07ce9e8b2972d26c7772e78c00 img.avia_image{\nbox-shadow:none;\n}\n.avia-image-container.av-kbccxasc-2ac4bc07ce9e8b2972d26c7772e78c00 .av-image-caption-overlay-center{\ncolor:#ffffff;\n}\n<\/style>\n<div  class='avia-image-container av-kbccxasc-2ac4bc07ce9e8b2972d26c7772e78c00 av-styling- avia-align-center  avia-builder-el-12  avia-builder-el-no-sibling '   itemprop=\"image\" itemscope=\"itemscope\" itemtype=\"https:\/\/schema.org\/ImageObject\" ><div class=\"avia-image-container-inner\"><div class=\"avia-image-overlay-wrap\"><img decoding=\"async\" loading=\"lazy\" class='wp-image-26223 avia-img-lazy-loading-26223 avia_image ' src=\"https:\/\/unterbaech.ch\/wp-content\/uploads\/jan-1.jpg\" alt='' title='jan'  height=\"320\" width=\"240\"  itemprop=\"thumbnailUrl\"  \/><\/div><\/div><\/div><\/div><section  class='av_textblock_section av-kbanhgxd-c72c2420364470bdd47ae7b798baed6e '   itemscope=\"itemscope\" itemtype=\"https:\/\/schema.org\/CreativeWork\" ><div class='avia_textblock'  itemprop=\"text\" ><p><strong>Jan Steiner <\/strong><\/p>\n<p>Collaborateur administrative<\/p>\n<\/div><\/section><\/p>\n<\/div><\/div>\n<style type=\"text\/css\" data-created_by=\"avia_inline_auto\" id=\"style-css-av-1zpsx-3-b6f8d129377419891c7b7c4112c1c8cb\">\n.flex_cell.av-1zpsx-3-b6f8d129377419891c7b7c4112c1c8cb{\nvertical-align:top;\n}\n.responsive #top #wrap_all .flex_cell.av-1zpsx-3-b6f8d129377419891c7b7c4112c1c8cb{\npadding:0px 30px 0px 30px !important;\n}\n<\/style>\n<div class='flex_cell av-1zpsx-3-b6f8d129377419891c7b7c4112c1c8cb av-gridrow-cell av_one_third no_margin  avia-builder-el-14  el_after_av_cell_one_third  avia-builder-el-last  content-align-top'  ><div class='flex_cell_inner'><\/div><\/div>\n<\/div><div id='after_grid_row_1'  class='main_color av_default_container_wrap container_wrap fullsize'  ><div class='container av-section-cont-open' ><div class='template-page content  av-content-full alpha units'><div class='post-entry post-entry-type-page post-entry-15724'><div class='entry-content-wrapper clearfix'>\n<div  class='av_promobox av-kcelab5r-de3627136769de33e579cfcf6e0eb223 avia-button-yes  avia-builder-el-15  el_after_av_layout_row  el_before_av_section  avia-builder-el-no-sibling  promobox'><div class='avia-promocontent'><\/p>\n<h4>COMMENT NOUS TROUVER<\/h4>\n<p>L\u2019office du tourisme est situ\u00e9 au centre du village, \u00e0 la Dorfstrasse 35 \u00e0 Unterb\u00e4ch.<\/p>\n<\/div><div  class='avia-button-wrap av-kcelab5r-5156e15936f14d8080da43b64e9f3d15-wrap avia-button-right  promobox'><a href='https:\/\/unterbaech.ch\/fr\/emplacement\/'  class='avia-button av-kcelab5r-5156e15936f14d8080da43b64e9f3d15 av-link-btn avia-icon_select-no avia-size-large avia-position-right avia-color-theme-color'   aria-label=\"plus des informations\"><span class='avia_iconbox_title' >plus des informations<\/span><\/a><\/div><\/div>\n<\/div><\/div><\/div><!-- close content main div --><\/div><\/div><div id='av_section_3'  class='avia-section av-2ozu1-d0416f96d23280b881dcadfb59c1e2de main_color avia-section-default avia-no-border-styling  avia-builder-el-16  el_after_av_promobox  avia-builder-el-last  section-leadtext image avia-bg-style-scroll container_wrap fullsize'  ><div class='container av-section-cont-open' ><div class='template-page content  av-content-full alpha units'><div class='post-entry post-entry-type-page post-entry-15724'><div class='entry-content-wrapper clearfix'>\n<div class='flex_column_table av-3z81-2-3147d13ec7b2641657a1dfb14c1093be sc-av_one_half av-break-at-tablet-flextable av-equal-height-column-flextable'>\n<style type=\"text\/css\" data-created_by=\"avia_inline_auto\" id=\"style-css-av-3z81-2-3147d13ec7b2641657a1dfb14c1093be\">\n.flex_column.av-3z81-2-3147d13ec7b2641657a1dfb14c1093be{\nborder-radius:0px 0px 0px 0px;\npadding:0px 0px 0px 0px;\n}\n<\/style>\n<div  class='flex_column av-3z81-2-3147d13ec7b2641657a1dfb14c1093be av_one_half  avia-builder-el-17  avia-builder-el-no-sibling  first av-break-at-tablet flex_column_table_cell av-equal-height-column av-align-top av-zero-column-padding  '     ><p><section  class='av_textblock_section av-jwhniv6n-e1059a515c4ea93eb80544e318be7904 '   itemscope=\"itemscope\" itemtype=\"https:\/\/schema.org\/CreativeWork\" ><div class='avia_textblock'  itemprop=\"text\" ><p><strong>UNTERB\u00c4CH<\/strong><\/p>\n<h2>Bienvenue.<\/h2>\n<\/div><\/section><br \/>\n<section  class='av_textblock_section av-jwhniv6n-1-2bbae7d3cd77ebb61f49ff03e3924fd3 '   itemscope=\"itemscope\" itemtype=\"https:\/\/schema.org\/CreativeWork\" ><div class='avia_textblock lead'  itemprop=\"text\" ><p>\u00c0 l\u2019\u00e9cart des grands flux touristiques, le village de montagne idyllique d\u2019Unterb\u00e4ch se niche sur un plateau ensoleill\u00e9, entour\u00e9 d\u2019un d\u00e9cor al<\/p>\n<\/div><\/section><br \/>\n<div  class='avia-button-wrap av-kbamxyjq-bce3f02f1a0e665636aa278cbf9ed348-wrap avia-button-left  avia-builder-el-20  el_after_av_textblock  avia-builder-el-last '><a href=''  class='avia-button av-kbamxyjq-bce3f02f1a0e665636aa278cbf9ed348 av-link-btn avia-icon_select-no avia-size-small avia-position-left avia-color-theme-color'   aria-label=\"Plus\"><span class='avia_iconbox_title' >Plus<\/span><\/a><\/div><\/p><\/div><\/div><!--close column table wrapper. Autoclose: 1 -->\n\n","protected":false},"excerpt":{"rendered":"","protected":false},"author":4,"featured_media":0,"parent":0,"menu_order":0,"comment_status":"closed","ping_status":"closed","template":"","meta":{"inline_featured_image":false,"footnotes":""},"class_list":["post-15724","page","type-page","status-publish","hentry"],"yoast_head":"<!-- This site is optimized with the Yoast SEO plugin v27.4 - https:\/\/yoast.com\/product\/yoast-seo-wordpress\/ -->\n<title>Horaires d&#039;ouverture - Unterb\u00e4ch<\/title>\n<meta name=\"description\" content=\"L&#039;\u00e9quipe de l&#039;office du tourisme d&#039;Unterb\u00e4ch se tient \u00e0 tout moment \u00e0 ta disposition pour r\u00e9pondre \u00e0 tes questions, te fournir des renseignements et te conseiller. Veuillez tenir compte de nos heures d&#039;ouverture.\" \/>\n<meta name=\"robots\" content=\"index, follow, max-snippet:-1, max-image-preview:large, max-video-preview:-1\" \/>\n<link rel=\"canonical\" href=\"https:\/\/unterbaech.ch\/fr\/horaires-douverture\/\" \/>\n<meta property=\"og:locale\" content=\"fr_FR\" \/>\n<meta property=\"og:type\" content=\"article\" \/>\n<meta property=\"og:title\" content=\"Horaires d&#039;ouverture - Unterb\u00e4ch\" \/>\n<meta property=\"og:description\" content=\"L&#039;\u00e9quipe de l&#039;office du tourisme d&#039;Unterb\u00e4ch se tient \u00e0 tout moment \u00e0 ta disposition pour r\u00e9pondre \u00e0 tes questions, te fournir des renseignements et te conseiller. Veuillez tenir compte de nos heures d&#039;ouverture.\" \/>\n<meta property=\"og:url\" content=\"https:\/\/unterbaech.ch\/fr\/horaires-douverture\/\" \/>\n<meta property=\"og:site_name\" content=\"Unterb\u00e4ch\" \/>\n<meta property=\"article:publisher\" content=\"https:\/\/www.facebook.com\/unterbaech\" \/>\n<meta property=\"article:modified_time\" content=\"2026-04-09T09:20:43+00:00\" \/>\n<meta name=\"twitter:card\" content=\"summary_large_image\" \/>\n<meta name=\"twitter:label1\" content=\"Dur\u00e9e de lecture estim\u00e9e\" \/>\n\t<meta name=\"twitter:data1\" content=\"2 minutes\" \/>\n<script type=\"application\/ld+json\" class=\"yoast-schema-graph\">{\"@context\":\"https:\\\/\\\/schema.org\",\"@graph\":[{\"@type\":\"WebPage\",\"@id\":\"https:\\\/\\\/unterbaech.ch\\\/fr\\\/horaires-douverture\\\/\",\"url\":\"https:\\\/\\\/unterbaech.ch\\\/fr\\\/horaires-douverture\\\/\",\"name\":\"Horaires d'ouverture - Unterb\u00e4ch\",\"isPartOf\":{\"@id\":\"https:\\\/\\\/unterbaech.ch\\\/fr\\\/#website\"},\"datePublished\":\"2022-04-25T14:08:59+00:00\",\"dateModified\":\"2026-04-09T09:20:43+00:00\",\"description\":\"L'\u00e9quipe de l'office du tourisme d'Unterb\u00e4ch se tient \u00e0 tout moment \u00e0 ta disposition pour r\u00e9pondre \u00e0 tes questions, te fournir des renseignements et te conseiller. Veuillez tenir compte de nos heures d'ouverture.\",\"breadcrumb\":{\"@id\":\"https:\\\/\\\/unterbaech.ch\\\/fr\\\/horaires-douverture\\\/#breadcrumb\"},\"inLanguage\":\"fr-FR\",\"potentialAction\":[{\"@type\":\"ReadAction\",\"target\":[\"https:\\\/\\\/unterbaech.ch\\\/fr\\\/horaires-douverture\\\/\"]}]},{\"@type\":\"BreadcrumbList\",\"@id\":\"https:\\\/\\\/unterbaech.ch\\\/fr\\\/horaires-douverture\\\/#breadcrumb\",\"itemListElement\":[{\"@type\":\"ListItem\",\"position\":1,\"name\":\"Startseite\",\"item\":\"https:\\\/\\\/unterbaech.ch\\\/fr\\\/accueil\\\/\"},{\"@type\":\"ListItem\",\"position\":2,\"name\":\"Horaires d&#8217;ouverture\"}]},{\"@type\":\"WebSite\",\"@id\":\"https:\\\/\\\/unterbaech.ch\\\/fr\\\/#website\",\"url\":\"https:\\\/\\\/unterbaech.ch\\\/fr\\\/\",\"name\":\"Unterb\u00e4ch\",\"description\":\"\",\"publisher\":{\"@id\":\"https:\\\/\\\/unterbaech.ch\\\/fr\\\/#organization\"},\"potentialAction\":[{\"@type\":\"SearchAction\",\"target\":{\"@type\":\"EntryPoint\",\"urlTemplate\":\"https:\\\/\\\/unterbaech.ch\\\/fr\\\/?s={search_term_string}\"},\"query-input\":{\"@type\":\"PropertyValueSpecification\",\"valueRequired\":true,\"valueName\":\"search_term_string\"}}],\"inLanguage\":\"fr-FR\"},{\"@type\":\"Organization\",\"@id\":\"https:\\\/\\\/unterbaech.ch\\\/fr\\\/#organization\",\"name\":\"Unterb\u00e4ch Tourismus\",\"url\":\"https:\\\/\\\/unterbaech.ch\\\/fr\\\/\",\"logo\":{\"@type\":\"ImageObject\",\"inLanguage\":\"fr-FR\",\"@id\":\"https:\\\/\\\/unterbaech.ch\\\/fr\\\/#\\\/schema\\\/logo\\\/image\\\/\",\"url\":\"https:\\\/\\\/unterbaech.ch\\\/wp-content\\\/uploads\\\/Logo-1.png\",\"contentUrl\":\"https:\\\/\\\/unterbaech.ch\\\/wp-content\\\/uploads\\\/Logo-1.png\",\"width\":1125,\"height\":1102,\"caption\":\"Unterb\u00e4ch Tourismus\"},\"image\":{\"@id\":\"https:\\\/\\\/unterbaech.ch\\\/fr\\\/#\\\/schema\\\/logo\\\/image\\\/\"},\"sameAs\":[\"https:\\\/\\\/www.facebook.com\\\/unterbaech\",\"https:\\\/\\\/www.instagram.com\\\/visit.unterbaech\\\/\",\"https:\\\/\\\/de.wikipedia.org\\\/wiki\\\/Unterb\u00e4ch\"]}]}<\/script>\n<!-- \/ Yoast SEO plugin. -->","yoast_head_json":{"title":"Horaires d'ouverture - Unterb\u00e4ch","description":"L'\u00e9quipe de l'office du tourisme d'Unterb\u00e4ch se tient \u00e0 tout moment \u00e0 ta disposition pour r\u00e9pondre \u00e0 tes questions, te fournir des renseignements et te conseiller. Veuillez tenir compte de nos heures d'ouverture.","robots":{"index":"index","follow":"follow","max-snippet":"max-snippet:-1","max-image-preview":"max-image-preview:large","max-video-preview":"max-video-preview:-1"},"canonical":"https:\/\/unterbaech.ch\/fr\/horaires-douverture\/","og_locale":"fr_FR","og_type":"article","og_title":"Horaires d'ouverture - Unterb\u00e4ch","og_description":"L'\u00e9quipe de l'office du tourisme d'Unterb\u00e4ch se tient \u00e0 tout moment \u00e0 ta disposition pour r\u00e9pondre \u00e0 tes questions, te fournir des renseignements et te conseiller. Veuillez tenir compte de nos heures d'ouverture.","og_url":"https:\/\/unterbaech.ch\/fr\/horaires-douverture\/","og_site_name":"Unterb\u00e4ch","article_publisher":"https:\/\/www.facebook.com\/unterbaech","article_modified_time":"2026-04-09T09:20:43+00:00","twitter_card":"summary_large_image","twitter_misc":{"Dur\u00e9e de lecture estim\u00e9e":"2 minutes"},"schema":{"@context":"https:\/\/schema.org","@graph":[{"@type":"WebPage","@id":"https:\/\/unterbaech.ch\/fr\/horaires-douverture\/","url":"https:\/\/unterbaech.ch\/fr\/horaires-douverture\/","name":"Horaires d'ouverture - Unterb\u00e4ch","isPartOf":{"@id":"https:\/\/unterbaech.ch\/fr\/#website"},"datePublished":"2022-04-25T14:08:59+00:00","dateModified":"2026-04-09T09:20:43+00:00","description":"L'\u00e9quipe de l'office du tourisme d'Unterb\u00e4ch se tient \u00e0 tout moment \u00e0 ta disposition pour r\u00e9pondre \u00e0 tes questions, te fournir des renseignements et te conseiller. Veuillez tenir compte de nos heures d'ouverture.","breadcrumb":{"@id":"https:\/\/unterbaech.ch\/fr\/horaires-douverture\/#breadcrumb"},"inLanguage":"fr-FR","potentialAction":[{"@type":"ReadAction","target":["https:\/\/unterbaech.ch\/fr\/horaires-douverture\/"]}]},{"@type":"BreadcrumbList","@id":"https:\/\/unterbaech.ch\/fr\/horaires-douverture\/#breadcrumb","itemListElement":[{"@type":"ListItem","position":1,"name":"Startseite","item":"https:\/\/unterbaech.ch\/fr\/accueil\/"},{"@type":"ListItem","position":2,"name":"Horaires d&#8217;ouverture"}]},{"@type":"WebSite","@id":"https:\/\/unterbaech.ch\/fr\/#website","url":"https:\/\/unterbaech.ch\/fr\/","name":"Unterb\u00e4ch","description":"","publisher":{"@id":"https:\/\/unterbaech.ch\/fr\/#organization"},"potentialAction":[{"@type":"SearchAction","target":{"@type":"EntryPoint","urlTemplate":"https:\/\/unterbaech.ch\/fr\/?s={search_term_string}"},"query-input":{"@type":"PropertyValueSpecification","valueRequired":true,"valueName":"search_term_string"}}],"inLanguage":"fr-FR"},{"@type":"Organization","@id":"https:\/\/unterbaech.ch\/fr\/#organization","name":"Unterb\u00e4ch Tourismus","url":"https:\/\/unterbaech.ch\/fr\/","logo":{"@type":"ImageObject","inLanguage":"fr-FR","@id":"https:\/\/unterbaech.ch\/fr\/#\/schema\/logo\/image\/","url":"https:\/\/unterbaech.ch\/wp-content\/uploads\/Logo-1.png","contentUrl":"https:\/\/unterbaech.ch\/wp-content\/uploads\/Logo-1.png","width":1125,"height":1102,"caption":"Unterb\u00e4ch Tourismus"},"image":{"@id":"https:\/\/unterbaech.ch\/fr\/#\/schema\/logo\/image\/"},"sameAs":["https:\/\/www.facebook.com\/unterbaech","https:\/\/www.instagram.com\/visit.unterbaech\/","https:\/\/de.wikipedia.org\/wiki\/Unterb\u00e4ch"]}]}},"_links":{"self":[{"href":"https:\/\/unterbaech.ch\/fr\/wp-json\/wp\/v2\/pages\/15724","targetHints":{"allow":["GET"]}}],"collection":[{"href":"https:\/\/unterbaech.ch\/fr\/wp-json\/wp\/v2\/pages"}],"about":[{"href":"https:\/\/unterbaech.ch\/fr\/wp-json\/wp\/v2\/types\/page"}],"author":[{"embeddable":true,"href":"https:\/\/unterbaech.ch\/fr\/wp-json\/wp\/v2\/users\/4"}],"replies":[{"embeddable":true,"href":"https:\/\/unterbaech.ch\/fr\/wp-json\/wp\/v2\/comments?post=15724"}],"version-history":[{"count":70,"href":"https:\/\/unterbaech.ch\/fr\/wp-json\/wp\/v2\/pages\/15724\/revisions"}],"predecessor-version":[{"id":29799,"href":"https:\/\/unterbaech.ch\/fr\/wp-json\/wp\/v2\/pages\/15724\/revisions\/29799"}],"wp:attachment":[{"href":"https:\/\/unterbaech.ch\/fr\/wp-json\/wp\/v2\/media?parent=15724"}],"curies":[{"name":"wp","href":"https:\/\/api.w.org\/{rel}","templated":true}]}}