{"id":15727,"date":"2022-04-25T16:12:19","date_gmt":"2022-04-25T14:12:19","guid":{"rendered":"https:\/\/unterbaech.ch\/souvenirshop\/"},"modified":"2022-07-24T13:28:51","modified_gmt":"2022-07-24T11:28:51","slug":"souvenirshop","status":"publish","type":"page","link":"https:\/\/unterbaech.ch\/fr\/souvenirshop\/","title":{"rendered":"Souvenirshop"},"content":{"rendered":"<\/p>\n\n<style type=\"text\/css\" data-created_by=\"avia_inline_auto\" id=\"style-css-av-kbax8y3e-53af413d29ec0ce465bb11cbaa305e69\">\n.avia-section.av-kbax8y3e-53af413d29ec0ce465bb11cbaa305e69 .av-parallax .av-parallax-inner{\nbackground-repeat:no-repeat;\nbackground-image:url(https:\/\/unterbaech.ch\/wp-content\/uploads\/IMG_5847-scaled.jpg);\nbackground-position:50% 50%;\nbackground-attachment:scroll;\n}\n<\/style>\n<div id='av_section_1'  class='avia-section av-kbax8y3e-53af413d29ec0ce465bb11cbaa305e69 main_color avia-section-default avia-no-border-styling  avia-builder-el-0  el_before_av_section  avia-builder-el-first  section-fullwidthimage avia-full-stretch av-parallax-section avia-bg-style-parallax av-minimum-height av-minimum-height-50 av-height-50  container_wrap fullsize'  data-section-bg-repeat='stretch' data-av_minimum_height_pc='50' data-av_min_height_opt='50'><div class='av-parallax' data-avia-parallax-ratio='0.3' ><div class='av-parallax-inner main_color avia-full-stretch'><\/div><\/div><div class='container av-section-cont-open' ><main  role=\"main\" itemprop=\"mainContentOfPage\"  class='template-page content  av-content-full alpha units'><div class='post-entry post-entry-type-page post-entry-15727'><div class='entry-content-wrapper clearfix'>\n<\/div><\/div><\/main><!-- close content main element --><\/div><\/div><div id='av_section_2'  class='avia-section av-1n2h9-eef07d2470a934665895b572bc96122f main_color avia-section-default avia-no-border-styling  avia-builder-el-1  el_after_av_section  el_before_av_section  section-leadtext onecol avia-bg-style-scroll container_wrap fullsize'  ><div class='container av-section-cont-open' ><div class='template-page content  av-content-full alpha units'><div class='post-entry post-entry-type-page post-entry-15727'><div class='entry-content-wrapper clearfix'>\n<section  class='av_textblock_section av-kbawhdx8-9a55faeefcbf4e8706dea9c49b9010c2 '   itemscope=\"itemscope\" itemtype=\"https:\/\/schema.org\/CreativeWork\" ><div class='avia_textblock'  itemprop=\"text\" ><p style=\"text-align: center;\"><strong>UNE PIECE D&rsquo;UNTERB\u00c4CH POUR TA MAISON<\/strong><\/p>\n<h3 style=\"text-align: center;\">SOUVENIRSHOP<\/h3>\n<\/div><\/section>\n<section  class='av_textblock_section av-kbawhdx8-2-10cf2510a2901ad423aefa7241747bfd '   itemscope=\"itemscope\" itemtype=\"https:\/\/schema.org\/CreativeWork\" ><div class='avia_textblock lead'  itemprop=\"text\" ><p style=\"text-align: center;\">Dans le souvenirshop d&rsquo;Unterb\u00e4ch Tourisme, tu trouveras certainement le souvenir parfait de ton s\u00e9jour \u00e0 Unterb\u00e4ch. Apr\u00e8s ta commande en ligne, nous t&rsquo;enverrons ta s\u00e9lection confortablement par la poste \u00e0 l&rsquo;adresse de ton choix. Bien entendu, tous les articles peuvent \u00e9galement \u00eatre achet\u00e9s sur place \u00e0 l&rsquo;office du tourisme.<\/p>\n<\/div><\/section>\n\n<\/div><\/div><\/div><!-- close content main div --><\/div><\/div><div id='av_section_3'  class='avia-section av-kd0axm47-81029f8dc43f12218ea09a3411c714ff main_color avia-section-no-padding avia-no-border-styling  avia-builder-el-4  el_after_av_section  avia-builder-el-last  section-desklinewebshop deskline avia-bg-style-scroll container_wrap fullsize'  ><div class='container av-section-cont-open' ><div class='template-page content  av-content-full alpha units'><div class='post-entry post-entry-type-page post-entry-15727'><div class='entry-content-wrapper clearfix'>\n<div  class='avia-builder-widget-area clearfix  avia-builder-el-5  avia-builder-el-no-sibling '><div id=\"codewidget-29\" class=\"widget clearfix widget_codewidget\"><div class=\"code-widget\"><!-- Element in das der TOSC5 geladen werden soll -->\r\n<div id=\"tosc5target\"><\/div>\r\n\r\n<!-- TOSC5 Implementation Anfang -->\r\n<script>\r\n\twindow.dw = window.dw || function () { (dw.q = dw.q || []).push(arguments) };\r\n\tdw('settings', '86988086-3173-4cd1-bf6c-c70ffedd7333',\r\n\t\t{\r\n\t\t\t\"context\": {\r\n\t\t\t\t\t \"urlOptionalParams\": \"348b41f3-af68-489b-aef3-74e75cf020ec\",\r\n\t\t\t\t\t \r\n\t\t\t\t\t \"targetRoute\":[ \r\n\t\t\t\t\t \"\/Souvenir shop\"\r\n\t\t\t\t\t ]\r\n\t\t},\r\n\t\t\t\"lang\": 'fr',\r\n\t\t\t\"target\": \"tosc5target\",\r\n\t            \"profileOverrides\":[\r\n\t                        \"general.header.visible=false\",\r\n\t                        \"general.navigation.visible=false\"\r\n\t            ],\r\n           \t\t\"loadingAnimationColor\": {\r\n                  \t      \"main\": '#af1d1f',\r\n                  \t      \"alt\": '#ededed'\r\n          \t\t },\r\n\t\t\t\"styleResources\":[\r\n\t\t\t'https:\/\/unterbaech.ch\/wp-content\/themes\/enfold-child\/style-deskline.css'\r\n\t\t\t]\r\n\t\t});\r\n\t\r\n\tdw('onPageLoad', '86988086-3173-4cd1-bf6c-c70ffedd7333', function (e) {\r\n\t\tconsole.log('onPageLoad', e)\r\n\t});\r\n\r\n\tdw('onUserAction', '86988086-3173-4cd1-bf6c-c70ffedd7333', function (e) {\r\n\t\tconsole.log('onUserAction:', e)\r\n\t});\r\n\t\t\r\n<\/script>\r\n<script async src=\"https:\/\/resc.deskline.net\/DW5\/start\/UNTER\/86988086-3173-4cd1-bf6c-c70ffedd7333\/index.js\"><\/script>\r\n<!-- TOSC5 Implementation Ende --><\/div><\/div><\/div>\n\n","protected":false},"excerpt":{"rendered":"","protected":false},"author":4,"featured_media":0,"parent":0,"menu_order":0,"comment_status":"closed","ping_status":"closed","template":"","meta":{"inline_featured_image":false,"footnotes":""},"class_list":["post-15727","page","type-page","status-publish","hentry"],"yoast_head":"<!-- This site is optimized with the Yoast SEO plugin v27.4 - https:\/\/yoast.com\/product\/yoast-seo-wordpress\/ -->\n<title>Souvenirshop - Unterb\u00e4ch<\/title>\n<meta name=\"description\" content=\"Dans le souvenirshop de l&#039;Office du tourisme d&#039;Unterb\u00e4ch, tu trouveras certainement le souvenir parfait de ton s\u00e9jour \u00e0 Unterb\u00e4ch.\" \/>\n<meta name=\"robots\" content=\"index, follow, max-snippet:-1, max-image-preview:large, max-video-preview:-1\" \/>\n<link rel=\"canonical\" href=\"https:\/\/unterbaech.ch\/fr\/souvenirshop\/\" \/>\n<meta property=\"og:locale\" content=\"fr_FR\" \/>\n<meta property=\"og:type\" content=\"article\" \/>\n<meta property=\"og:title\" content=\"Souvenirshop - Unterb\u00e4ch\" \/>\n<meta property=\"og:description\" content=\"Dans le souvenirshop de l&#039;Office du tourisme d&#039;Unterb\u00e4ch, tu trouveras certainement le souvenir parfait de ton s\u00e9jour \u00e0 Unterb\u00e4ch.\" \/>\n<meta property=\"og:url\" content=\"https:\/\/unterbaech.ch\/fr\/souvenirshop\/\" \/>\n<meta property=\"og:site_name\" content=\"Unterb\u00e4ch\" \/>\n<meta property=\"article:publisher\" content=\"https:\/\/www.facebook.com\/unterbaech\" \/>\n<meta property=\"article:modified_time\" content=\"2022-07-24T11:28:51+00:00\" \/>\n<meta name=\"twitter:card\" content=\"summary_large_image\" \/>\n<meta name=\"twitter:label1\" content=\"Dur\u00e9e de lecture estim\u00e9e\" \/>\n\t<meta name=\"twitter:data1\" content=\"2 minutes\" \/>\n<script type=\"application\/ld+json\" class=\"yoast-schema-graph\">{\"@context\":\"https:\\\/\\\/schema.org\",\"@graph\":[{\"@type\":\"WebPage\",\"@id\":\"https:\\\/\\\/unterbaech.ch\\\/fr\\\/souvenirshop\\\/\",\"url\":\"https:\\\/\\\/unterbaech.ch\\\/fr\\\/souvenirshop\\\/\",\"name\":\"Souvenirshop - Unterb\u00e4ch\",\"isPartOf\":{\"@id\":\"https:\\\/\\\/unterbaech.ch\\\/fr\\\/#website\"},\"datePublished\":\"2022-04-25T14:12:19+00:00\",\"dateModified\":\"2022-07-24T11:28:51+00:00\",\"description\":\"Dans le souvenirshop de l'Office du tourisme d'Unterb\u00e4ch, tu trouveras certainement le souvenir parfait de ton s\u00e9jour \u00e0 Unterb\u00e4ch.\",\"breadcrumb\":{\"@id\":\"https:\\\/\\\/unterbaech.ch\\\/fr\\\/souvenirshop\\\/#breadcrumb\"},\"inLanguage\":\"fr-FR\",\"potentialAction\":[{\"@type\":\"ReadAction\",\"target\":[\"https:\\\/\\\/unterbaech.ch\\\/fr\\\/souvenirshop\\\/\"]}]},{\"@type\":\"BreadcrumbList\",\"@id\":\"https:\\\/\\\/unterbaech.ch\\\/fr\\\/souvenirshop\\\/#breadcrumb\",\"itemListElement\":[{\"@type\":\"ListItem\",\"position\":1,\"name\":\"Startseite\",\"item\":\"https:\\\/\\\/unterbaech.ch\\\/fr\\\/accueil\\\/\"},{\"@type\":\"ListItem\",\"position\":2,\"name\":\"Souvenirshop\"}]},{\"@type\":\"WebSite\",\"@id\":\"https:\\\/\\\/unterbaech.ch\\\/fr\\\/#website\",\"url\":\"https:\\\/\\\/unterbaech.ch\\\/fr\\\/\",\"name\":\"Unterb\u00e4ch\",\"description\":\"\",\"publisher\":{\"@id\":\"https:\\\/\\\/unterbaech.ch\\\/fr\\\/#organization\"},\"potentialAction\":[{\"@type\":\"SearchAction\",\"target\":{\"@type\":\"EntryPoint\",\"urlTemplate\":\"https:\\\/\\\/unterbaech.ch\\\/fr\\\/?s={search_term_string}\"},\"query-input\":{\"@type\":\"PropertyValueSpecification\",\"valueRequired\":true,\"valueName\":\"search_term_string\"}}],\"inLanguage\":\"fr-FR\"},{\"@type\":\"Organization\",\"@id\":\"https:\\\/\\\/unterbaech.ch\\\/fr\\\/#organization\",\"name\":\"Unterb\u00e4ch Tourismus\",\"url\":\"https:\\\/\\\/unterbaech.ch\\\/fr\\\/\",\"logo\":{\"@type\":\"ImageObject\",\"inLanguage\":\"fr-FR\",\"@id\":\"https:\\\/\\\/unterbaech.ch\\\/fr\\\/#\\\/schema\\\/logo\\\/image\\\/\",\"url\":\"https:\\\/\\\/unterbaech.ch\\\/wp-content\\\/uploads\\\/Logo-1.png\",\"contentUrl\":\"https:\\\/\\\/unterbaech.ch\\\/wp-content\\\/uploads\\\/Logo-1.png\",\"width\":1125,\"height\":1102,\"caption\":\"Unterb\u00e4ch Tourismus\"},\"image\":{\"@id\":\"https:\\\/\\\/unterbaech.ch\\\/fr\\\/#\\\/schema\\\/logo\\\/image\\\/\"},\"sameAs\":[\"https:\\\/\\\/www.facebook.com\\\/unterbaech\",\"https:\\\/\\\/www.instagram.com\\\/visit.unterbaech\\\/\",\"https:\\\/\\\/de.wikipedia.org\\\/wiki\\\/Unterb\u00e4ch\"]}]}<\/script>\n<!-- \/ Yoast SEO plugin. -->","yoast_head_json":{"title":"Souvenirshop - Unterb\u00e4ch","description":"Dans le souvenirshop de l'Office du tourisme d'Unterb\u00e4ch, tu trouveras certainement le souvenir parfait de ton s\u00e9jour \u00e0 Unterb\u00e4ch.","robots":{"index":"index","follow":"follow","max-snippet":"max-snippet:-1","max-image-preview":"max-image-preview:large","max-video-preview":"max-video-preview:-1"},"canonical":"https:\/\/unterbaech.ch\/fr\/souvenirshop\/","og_locale":"fr_FR","og_type":"article","og_title":"Souvenirshop - Unterb\u00e4ch","og_description":"Dans le souvenirshop de l'Office du tourisme d'Unterb\u00e4ch, tu trouveras certainement le souvenir parfait de ton s\u00e9jour \u00e0 Unterb\u00e4ch.","og_url":"https:\/\/unterbaech.ch\/fr\/souvenirshop\/","og_site_name":"Unterb\u00e4ch","article_publisher":"https:\/\/www.facebook.com\/unterbaech","article_modified_time":"2022-07-24T11:28:51+00:00","twitter_card":"summary_large_image","twitter_misc":{"Dur\u00e9e de lecture estim\u00e9e":"2 minutes"},"schema":{"@context":"https:\/\/schema.org","@graph":[{"@type":"WebPage","@id":"https:\/\/unterbaech.ch\/fr\/souvenirshop\/","url":"https:\/\/unterbaech.ch\/fr\/souvenirshop\/","name":"Souvenirshop - Unterb\u00e4ch","isPartOf":{"@id":"https:\/\/unterbaech.ch\/fr\/#website"},"datePublished":"2022-04-25T14:12:19+00:00","dateModified":"2022-07-24T11:28:51+00:00","description":"Dans le souvenirshop de l'Office du tourisme d'Unterb\u00e4ch, tu trouveras certainement le souvenir parfait de ton s\u00e9jour \u00e0 Unterb\u00e4ch.","breadcrumb":{"@id":"https:\/\/unterbaech.ch\/fr\/souvenirshop\/#breadcrumb"},"inLanguage":"fr-FR","potentialAction":[{"@type":"ReadAction","target":["https:\/\/unterbaech.ch\/fr\/souvenirshop\/"]}]},{"@type":"BreadcrumbList","@id":"https:\/\/unterbaech.ch\/fr\/souvenirshop\/#breadcrumb","itemListElement":[{"@type":"ListItem","position":1,"name":"Startseite","item":"https:\/\/unterbaech.ch\/fr\/accueil\/"},{"@type":"ListItem","position":2,"name":"Souvenirshop"}]},{"@type":"WebSite","@id":"https:\/\/unterbaech.ch\/fr\/#website","url":"https:\/\/unterbaech.ch\/fr\/","name":"Unterb\u00e4ch","description":"","publisher":{"@id":"https:\/\/unterbaech.ch\/fr\/#organization"},"potentialAction":[{"@type":"SearchAction","target":{"@type":"EntryPoint","urlTemplate":"https:\/\/unterbaech.ch\/fr\/?s={search_term_string}"},"query-input":{"@type":"PropertyValueSpecification","valueRequired":true,"valueName":"search_term_string"}}],"inLanguage":"fr-FR"},{"@type":"Organization","@id":"https:\/\/unterbaech.ch\/fr\/#organization","name":"Unterb\u00e4ch Tourismus","url":"https:\/\/unterbaech.ch\/fr\/","logo":{"@type":"ImageObject","inLanguage":"fr-FR","@id":"https:\/\/unterbaech.ch\/fr\/#\/schema\/logo\/image\/","url":"https:\/\/unterbaech.ch\/wp-content\/uploads\/Logo-1.png","contentUrl":"https:\/\/unterbaech.ch\/wp-content\/uploads\/Logo-1.png","width":1125,"height":1102,"caption":"Unterb\u00e4ch Tourismus"},"image":{"@id":"https:\/\/unterbaech.ch\/fr\/#\/schema\/logo\/image\/"},"sameAs":["https:\/\/www.facebook.com\/unterbaech","https:\/\/www.instagram.com\/visit.unterbaech\/","https:\/\/de.wikipedia.org\/wiki\/Unterb\u00e4ch"]}]}},"_links":{"self":[{"href":"https:\/\/unterbaech.ch\/fr\/wp-json\/wp\/v2\/pages\/15727","targetHints":{"allow":["GET"]}}],"collection":[{"href":"https:\/\/unterbaech.ch\/fr\/wp-json\/wp\/v2\/pages"}],"about":[{"href":"https:\/\/unterbaech.ch\/fr\/wp-json\/wp\/v2\/types\/page"}],"author":[{"embeddable":true,"href":"https:\/\/unterbaech.ch\/fr\/wp-json\/wp\/v2\/users\/4"}],"replies":[{"embeddable":true,"href":"https:\/\/unterbaech.ch\/fr\/wp-json\/wp\/v2\/comments?post=15727"}],"version-history":[{"count":0,"href":"https:\/\/unterbaech.ch\/fr\/wp-json\/wp\/v2\/pages\/15727\/revisions"}],"wp:attachment":[{"href":"https:\/\/unterbaech.ch\/fr\/wp-json\/wp\/v2\/media?parent=15727"}],"curies":[{"name":"wp","href":"https:\/\/api.w.org\/{rel}","templated":true}]}}