{"id":15736,"date":"2022-04-25T16:39:59","date_gmt":"2022-04-25T14:39:59","guid":{"rendered":"https:\/\/unterbaech.ch\/lassociation-touristique-dunterbaech\/devenir-membre\/"},"modified":"2022-05-13T14:07:14","modified_gmt":"2022-05-13T12:07:14","slug":"devenir-membre","status":"publish","type":"page","link":"https:\/\/unterbaech.ch\/fr\/lassociation-touristique-dunterbaech\/devenir-membre\/","title":{"rendered":"Devenir membre"},"content":{"rendered":"<\/p>\n\n<style type=\"text\/css\" data-created_by=\"avia_inline_auto\" id=\"style-css-av-kbax8y3e-ab2740ba8bf2cd29c6448d470aee8ea6\">\n.avia-section.av-kbax8y3e-ab2740ba8bf2cd29c6448d470aee8ea6 .av-parallax .av-parallax-inner{\nbackground-repeat:no-repeat;\nbackground-image:url(https:\/\/unterbaech.ch\/wp-content\/uploads\/DSC00205_marcoschnyder.jpg);\nbackground-position:50% 50%;\nbackground-attachment:scroll;\n}\n<\/style>\n<div id='av_section_1'  class='avia-section av-kbax8y3e-ab2740ba8bf2cd29c6448d470aee8ea6 main_color avia-section-default avia-no-border-styling  avia-builder-el-0  el_before_av_section  avia-builder-el-first  section-fullwidthimage avia-full-stretch av-parallax-section avia-bg-style-parallax av-minimum-height av-minimum-height-50 av-height-50  container_wrap fullsize'  data-section-bg-repeat='stretch' data-av_minimum_height_pc='50' data-av_min_height_opt='50'><div class='av-parallax' data-avia-parallax-ratio='0.3' ><div class='av-parallax-inner main_color avia-full-stretch'><\/div><\/div><div class='container av-section-cont-open' ><main  role=\"main\" itemprop=\"mainContentOfPage\"  class='template-page content  av-content-full alpha units'><div class='post-entry post-entry-type-page post-entry-15736'><div class='entry-content-wrapper clearfix'>\n<\/div><\/div><\/main><!-- close content main element --><\/div><\/div><div id='av_section_2'  class='avia-section av-1n2h9-eef07d2470a934665895b572bc96122f main_color avia-section-default avia-no-border-styling  avia-builder-el-1  el_after_av_section  el_before_av_textblock  section-leadtext onecol avia-bg-style-scroll container_wrap fullsize'  ><div class='container av-section-cont-open' ><div class='template-page content  av-content-full alpha units'><div class='post-entry post-entry-type-page post-entry-15736'><div class='entry-content-wrapper clearfix'>\n<section  class='av_textblock_section av-kbawhdx8-9a55faeefcbf4e8706dea9c49b9010c2 '   itemscope=\"itemscope\" itemtype=\"https:\/\/schema.org\/CreativeWork\" ><div class='avia_textblock'  itemprop=\"text\" ><p style=\"text-align: center;\"><strong>CONTACT &#038; SERVICE<\/strong><\/p>\n<h3 style=\"text-align: center;\">DEVENIR MEMBRE<\/h3>\n<\/div><\/section>\n\n<style type=\"text\/css\" data-created_by=\"avia_inline_auto\" id=\"style-css-av-kemq2vey-765e1d62890d50f773c77c4abcbe3e85\">\n#top .hr.hr-invisible.av-kemq2vey-765e1d62890d50f773c77c4abcbe3e85{\nheight:25px;\n}\n<\/style>\n<div  class='hr av-kemq2vey-765e1d62890d50f773c77c4abcbe3e85 hr-invisible  avia-builder-el-3  el_after_av_textblock  el_before_av_textblock '><span class='hr-inner '><span class=\"hr-inner-style\"><\/span><\/span><\/div>\n<section  class='av_textblock_section av-kbawhdx8-4b6b00edbcd58df42bb800e9e9971c00 '   itemscope=\"itemscope\" itemtype=\"https:\/\/schema.org\/CreativeWork\" ><div class='avia_textblock lead'  itemprop=\"text\" ><p style=\"text-align: center;\">Deviens membre de l&rsquo;association touristique d&rsquo;Unterb\u00e4ch! Notre objectif est de maintenir et de promouvoir le tourisme dans la commune ainsi que de d\u00e9velopper et de renforcer l&rsquo;attractivit\u00e9 touristique de notre village. La cotisation de membre s&rsquo;\u00e9l\u00e8ve \u00e0 CHF 50.00 pour un membre individuel.<\/p>\n<\/div><\/section>\n<\/div><\/div><\/div><!-- close content main div --><\/div><\/div><div id='after_section_2'  class='main_color av_default_container_wrap container_wrap fullsize'  ><div class='container av-section-cont-open' ><div class='template-page content  av-content-full alpha units'><div class='post-entry post-entry-type-page post-entry-15736'><div class='entry-content-wrapper clearfix'>\n<section  class='av_textblock_section av-keb3sfj4-127b196b085a73924aeb52d05432f498 '   itemscope=\"itemscope\" itemtype=\"https:\/\/schema.org\/CreativeWork\" ><div class='avia_textblock'  itemprop=\"text\" ><p style=\"text-align: left;\"><strong>Soutiens nos services pour les h\u00f4tes et les locaux:<\/strong><\/p>\n<\/div><\/section>\n<section  class='av_textblock_section av-keb3sfj4-127b196b085a73924aeb52d05432f498 '   itemscope=\"itemscope\" itemtype=\"https:\/\/schema.org\/CreativeWork\" ><div class='avia_textblock'  itemprop=\"text\" ><ul>\n<li style=\"text-align: left;\">Un office de tourisme comp\u00e9tent au c\u0153ur du village<\/li>\n<li style=\"text-align: left;\">Pr\u00e9sence professionnelle sur le web avec des informations, des \u00e9v\u00e9nements, des offres, etc.<\/li>\n<li style=\"text-align: left;\">Domaine eCommerce fort pour la vente de prestations touristiques<\/li>\n<li style=\"text-align: left;\">M\u00e9diation, renseignements et r\u00e9servations pour nos vacanciers et visiteurs<\/li>\n<li style=\"text-align: left;\">\u00c9laboration de nouveaux supports publicitaires et d&rsquo;offres en tenant compte de l&rsquo;\u00e9volution potentielle du march\u00e9<\/li>\n<li style=\"text-align: left;\">Vente de divers souvenirs<\/li>\n<li style=\"text-align: left;\">Promotion de la croissance \u00e9conomique pour de nombreuses entreprises locales, h\u00f4tels, appartements de vacances et remont\u00e9es m\u00e9caniques \u00e0 Unterb\u00e4ch<\/li>\n<li style=\"text-align: left;\">Collaboration avec des entreprises touristiques voisines et d\u00e9veloppement de diff\u00e9rentes offres et associationsEn devenant membre de l&rsquo;association, tu obtiens:\n<ul>\n<li>un droit de regard sur les d\u00e9cisions importantes<\/li>\n<li>droit de participation \u00e0 l&rsquo;assembl\u00e9e g\u00e9n\u00e9rale<\/li>\n<li>\u00c9change avec des personnes partageant les m\u00eames id\u00e9es<\/li>\n<\/ul>\n<\/li>\n<li>En plus des avantages cit\u00e9s, l&rsquo;adh\u00e9sion active \u00e0 l&rsquo;association apporte de nombreux nouveaux contacts et une reconnaissance sociale<\/li>\n<\/ul>\n<\/div><\/section>\n\n<style type=\"text\/css\" data-created_by=\"avia_inline_auto\" id=\"style-css-av-kbax4bbr-59158c331fb31bafea258ce56288dcd0\">\n#top .hr.hr-invisible.av-kbax4bbr-59158c331fb31bafea258ce56288dcd0{\nheight:50px;\n}\n<\/style>\n<div  class='hr av-kbax4bbr-59158c331fb31bafea258ce56288dcd0 hr-invisible  avia-builder-el-7  el_after_av_textblock  el_before_av_textblock '><span class='hr-inner '><span class=\"hr-inner-style\"><\/span><\/span><\/div>\n<section  class='av_textblock_section av-keb3sfj4-127b196b085a73924aeb52d05432f498 '   itemscope=\"itemscope\" itemtype=\"https:\/\/schema.org\/CreativeWork\" ><div class='avia_textblock'  itemprop=\"text\" ><p style=\"text-align: left;\"><strong>Remplir la demande d&rsquo;adh\u00e9sion:<\/strong><\/p>\n<\/div><\/section>\n<section  class='av_textblock_section av-kb9j7yy8-c1e2f43c8f7326967ea18064960f61a5 '   itemscope=\"itemscope\" itemtype=\"https:\/\/schema.org\/CreativeWork\" ><div class='avia_textblock'  itemprop=\"text\" ><div class=\"wpforms-container wpforms-container-full\" id=\"wpforms-9629\"><form id=\"wpforms-form-9629\" class=\"wpforms-validate wpforms-form wpforms-ajax-form\" data-formid=\"9629\" method=\"post\" enctype=\"multipart\/form-data\" action=\"\/fr\/wp-json\/wp\/v2\/pages\/15736\" data-token=\"e39751ce71a26449789650e544079bc7\" data-token-time=\"1776014344\"><noscript class=\"wpforms-error-noscript\">Veuillez activer JavaScript dans votre navigateur pour remplir ce formulaire.<\/noscript><div class=\"wpforms-field-container\"><div id=\"wpforms-9629-field_12-container\" class=\"wpforms-field wpforms-field-select wpforms-field-select-style-modern\" data-field-id=\"12\"><label class=\"wpforms-field-label wpforms-label-hide\" for=\"wpforms-9629-field_12\">Titre de civilit\u00e9 <span class=\"wpforms-required-label\">*<\/span><\/label><select id=\"wpforms-9629-field_12\" class=\"wpforms-field-large wpforms-field-required choicesjs-select\" data-size-class=\"wpforms-field-row wpforms-field-large\" data-search-enabled=\"\" name=\"wpforms[fields][12]\" required=\"required\"><option value=\"\" class=\"placeholder\" disabled  selected='selected'>Titre de civilit\u00e9*<\/option><option value=\"Madame\"  class=\"choice-1 depth-1\"  >Madame<\/option><option value=\"Monsieur\"  class=\"choice-2 depth-1\"  >Monsieur<\/option><\/select><\/div><div id=\"wpforms-9629-field_3-container\" class=\"wpforms-field wpforms-field-text wpforms-one-half wpforms-first\" data-field-id=\"3\"><label class=\"wpforms-field-label wpforms-label-hide\" for=\"wpforms-9629-field_3\">Pr\u00e9nom <span class=\"wpforms-required-label\">*<\/span><\/label><input type=\"text\" id=\"wpforms-9629-field_3\" class=\"wpforms-field-large wpforms-field-required\" name=\"wpforms[fields][3]\" placeholder=\"Pr\u00e9nom*\" required><\/div><div id=\"wpforms-9629-field_2-container\" class=\"wpforms-field wpforms-field-text wpforms-one-half\" data-field-id=\"2\"><label class=\"wpforms-field-label wpforms-label-hide\" for=\"wpforms-9629-field_2\">Nom <span class=\"wpforms-required-label\">*<\/span><\/label><input type=\"text\" id=\"wpforms-9629-field_2\" class=\"wpforms-field-large wpforms-field-required\" name=\"wpforms[fields][2]\" placeholder=\"Nom*\" required><\/div><div id=\"wpforms-9629-field_4-container\" class=\"wpforms-field wpforms-field-text\" data-field-id=\"4\"><label class=\"wpforms-field-label wpforms-label-hide\" for=\"wpforms-9629-field_4\">Adresse <span class=\"wpforms-required-label\">*<\/span><\/label><input type=\"text\" id=\"wpforms-9629-field_4\" class=\"wpforms-field-large wpforms-field-required\" name=\"wpforms[fields][4]\" placeholder=\"Adresse*\" required><\/div><div id=\"wpforms-9629-field_5-container\" class=\"wpforms-field wpforms-field-text\" data-field-id=\"5\"><label class=\"wpforms-field-label wpforms-label-hide\" for=\"wpforms-9629-field_5\">NPA \/ Lieu <span class=\"wpforms-required-label\">*<\/span><\/label><input type=\"text\" id=\"wpforms-9629-field_5\" class=\"wpforms-field-large wpforms-field-required\" name=\"wpforms[fields][5]\" placeholder=\"NPA \/ Lieu*\" required><\/div><div id=\"wpforms-9629-field_24-container\" class=\"wpforms-field wpforms-field-text\" data-field-id=\"24\"><label class=\"wpforms-field-label wpforms-label-hide\" for=\"wpforms-9629-field_24\">Pays <span class=\"wpforms-required-label\">*<\/span><\/label><input type=\"text\" id=\"wpforms-9629-field_24\" class=\"wpforms-field-large wpforms-field-required\" name=\"wpforms[fields][24]\" placeholder=\"Pays*\" required><\/div><div id=\"wpforms-9629-field_7-container\" class=\"wpforms-field wpforms-field-email\" data-field-id=\"7\"><label class=\"wpforms-field-label wpforms-label-hide\" for=\"wpforms-9629-field_7\">E-mail <span class=\"wpforms-required-label\">*<\/span><\/label><input type=\"email\" id=\"wpforms-9629-field_7\" class=\"wpforms-field-large wpforms-field-required\" name=\"wpforms[fields][7]\" placeholder=\"E-mail*\" spellcheck=\"false\" required><\/div><div id=\"wpforms-9629-field_6-container\" class=\"wpforms-field wpforms-field-phone\" data-field-id=\"6\"><label class=\"wpforms-field-label wpforms-label-hide\" for=\"wpforms-9629-field_6\">Num\u00e9ro de t\u00e9l\u00e9phone<\/label><input type=\"tel\" id=\"wpforms-9629-field_6\" class=\"wpforms-field-large\" data-rule-int-phone-field=\"true\" name=\"wpforms[fields][6]\" placeholder=\"Num\u00e9ro de t\u00e9l\u00e9phone\" aria-label=\"Num\u00e9ro de t\u00e9l\u00e9phone\" ><\/div><div id=\"wpforms-9629-field_8-container\" class=\"wpforms-field wpforms-field-textarea\" data-field-id=\"8\"><label class=\"wpforms-field-label wpforms-label-hide\" for=\"wpforms-9629-field_8\">Message <span class=\"wpforms-required-label\">*<\/span><\/label><textarea id=\"wpforms-9629-field_8\" class=\"wpforms-field-large wpforms-field-required\" name=\"wpforms[fields][8]\" placeholder=\"Ton message pour nous*\" required><\/textarea><\/div><div id=\"wpforms-9629-field_9-container\" class=\"wpforms-field wpforms-field-checkbox\" data-field-id=\"9\"><label class=\"wpforms-field-label wpforms-label-hide\">CGV lues et accept\u00e9es <span class=\"wpforms-required-label\">*<\/span><\/label><ul id=\"wpforms-9629-field_9\" class=\"wpforms-field-required\"><li class=\"choice-1 depth-1 wpforms-selected\"><input type=\"checkbox\" id=\"wpforms-9629-field_9_1\" name=\"wpforms[fields][9][]\" value=\"J&#039;accepte que ce site web enregistre les informations que je lui ai transmises afin qu&#039;il puisse r\u00e9pondre \u00e0 ma demande. \" required  checked='checked'><label class=\"wpforms-field-label-inline\" for=\"wpforms-9629-field_9_1\">J'accepte que ce site web enregistre les informations que je lui ai transmises afin qu'il puisse r\u00e9pondre \u00e0 ma demande.<\/label><\/li><\/ul><\/div><div id=\"wpforms-9629-field_13-container\" class=\"wpforms-field wpforms-field-checkbox\" data-field-id=\"13\"><label class=\"wpforms-field-label wpforms-label-hide\">Newsletter<\/label><ul id=\"wpforms-9629-field_13\"><li class=\"choice-1 depth-1 wpforms-selected\"><input type=\"checkbox\" id=\"wpforms-9629-field_13_1\" name=\"wpforms[fields][13][]\" value=\"Je souhaite m&#039;inscrire \u00e0 la newsletter d&#039;Unterb\u00e4ch.\"   checked='checked'><label class=\"wpforms-field-label-inline\" for=\"wpforms-9629-field_13_1\">Je souhaite m'inscrire \u00e0 la newsletter d'Unterb\u00e4ch.<\/label><\/li><\/ul><\/div><\/div><!-- .wpforms-field-container --><input type=\"hidden\" name=\"nlang\" value=\"fr\"><div class=\"wpforms-field wpforms-field-hp\"><label for=\"wpforms-9629-field-hp\" class=\"wpforms-field-label\">Comment<\/label><input type=\"text\" name=\"wpforms[hp]\" id=\"wpforms-9629-field-hp\" class=\"wpforms-field-medium\"><\/div><div class=\"wpforms-recaptcha-container wpforms-is-recaptcha wpforms-is-recaptcha-type-v3\" ><input type=\"hidden\" name=\"wpforms[recaptcha]\" value=\"\"><\/div><div class=\"wpforms-submit-container\" ><input type=\"hidden\" name=\"wpforms[id]\" value=\"9629\"><input type=\"hidden\" name=\"page_title\" value=\"\"><input type=\"hidden\" name=\"page_url\" value=\"https:\/\/unterbaech.ch\/fr\/wp-json\/wp\/v2\/pages\/15736\"><input type=\"hidden\" name=\"url_referer\" value=\"\"><button type=\"submit\" name=\"wpforms[submit]\" id=\"wpforms-submit-9629\" class=\"wpforms-submit\" data-alt-text=\"Envoyer...\" data-submit-text=\"Envoyer\" aria-live=\"assertive\" value=\"wpforms-submit\">Envoyer<\/button><img decoding=\"async\" src=\"https:\/\/unterbaech.ch\/wp-content\/plugins\/wpforms\/assets\/images\/submit-spin.svg\" class=\"wpforms-submit-spinner\" style=\"display: none;\" width=\"26\" height=\"26\" alt=\"Chargement en cours\"><\/div><\/form><\/div>  <!-- .wpforms-container -->\n<\/div><\/section>\n","protected":false},"excerpt":{"rendered":"","protected":false},"author":8,"featured_media":0,"parent":14485,"menu_order":0,"comment_status":"closed","ping_status":"closed","template":"","meta":{"inline_featured_image":false,"footnotes":""},"class_list":["post-15736","page","type-page","status-publish","hentry"],"yoast_head":"<!-- This site is optimized with the Yoast SEO plugin v27.3 - https:\/\/yoast.com\/product\/yoast-seo-wordpress\/ -->\n<title>Devenir membre - Unterb\u00e4ch<\/title>\n<meta name=\"description\" content=\"Deviens membre de l&#039;association touristique d&#039;Unterb\u00e4ch! Notre objectif est de maintenir et de promouvoir le tourisme dans la commune ainsi que de d\u00e9velopper et de renforcer l&#039;attractivit\u00e9 touristique de notre village.\" \/>\n<meta name=\"robots\" content=\"index, follow, max-snippet:-1, max-image-preview:large, max-video-preview:-1\" \/>\n<link rel=\"canonical\" href=\"https:\/\/unterbaech.ch\/fr\/lassociation-touristique-dunterbaech\/devenir-membre\/\" \/>\n<meta property=\"og:locale\" content=\"fr_FR\" \/>\n<meta property=\"og:type\" content=\"article\" \/>\n<meta property=\"og:title\" content=\"Devenir membre - Unterb\u00e4ch\" \/>\n<meta property=\"og:description\" content=\"Deviens membre de l&#039;association touristique d&#039;Unterb\u00e4ch! Notre objectif est de maintenir et de promouvoir le tourisme dans la commune ainsi que de d\u00e9velopper et de renforcer l&#039;attractivit\u00e9 touristique de notre village.\" \/>\n<meta property=\"og:url\" content=\"https:\/\/unterbaech.ch\/fr\/lassociation-touristique-dunterbaech\/devenir-membre\/\" \/>\n<meta property=\"og:site_name\" content=\"Unterb\u00e4ch\" \/>\n<meta property=\"article:publisher\" content=\"https:\/\/www.facebook.com\/unterbaech\" \/>\n<meta property=\"article:modified_time\" content=\"2022-05-13T12:07:14+00:00\" \/>\n<meta name=\"twitter:card\" content=\"summary_large_image\" \/>\n<meta name=\"twitter:label1\" content=\"Dur\u00e9e de lecture estim\u00e9e\" \/>\n\t<meta name=\"twitter:data1\" content=\"3 minutes\" \/>\n<script type=\"application\/ld+json\" class=\"yoast-schema-graph\">{\"@context\":\"https:\\\/\\\/schema.org\",\"@graph\":[{\"@type\":\"WebPage\",\"@id\":\"https:\\\/\\\/unterbaech.ch\\\/fr\\\/lassociation-touristique-dunterbaech\\\/devenir-membre\\\/\",\"url\":\"https:\\\/\\\/unterbaech.ch\\\/fr\\\/lassociation-touristique-dunterbaech\\\/devenir-membre\\\/\",\"name\":\"Devenir membre - Unterb\u00e4ch\",\"isPartOf\":{\"@id\":\"https:\\\/\\\/unterbaech.ch\\\/fr\\\/#website\"},\"datePublished\":\"2022-04-25T14:39:59+00:00\",\"dateModified\":\"2022-05-13T12:07:14+00:00\",\"description\":\"Deviens membre de l'association touristique d'Unterb\u00e4ch! Notre objectif est de maintenir et de promouvoir le tourisme dans la commune ainsi que de d\u00e9velopper et de renforcer l'attractivit\u00e9 touristique de notre village.\",\"breadcrumb\":{\"@id\":\"https:\\\/\\\/unterbaech.ch\\\/fr\\\/lassociation-touristique-dunterbaech\\\/devenir-membre\\\/#breadcrumb\"},\"inLanguage\":\"fr-FR\",\"potentialAction\":[{\"@type\":\"ReadAction\",\"target\":[\"https:\\\/\\\/unterbaech.ch\\\/fr\\\/lassociation-touristique-dunterbaech\\\/devenir-membre\\\/\"]}]},{\"@type\":\"BreadcrumbList\",\"@id\":\"https:\\\/\\\/unterbaech.ch\\\/fr\\\/lassociation-touristique-dunterbaech\\\/devenir-membre\\\/#breadcrumb\",\"itemListElement\":[{\"@type\":\"ListItem\",\"position\":1,\"name\":\"Startseite\",\"item\":\"https:\\\/\\\/unterbaech.ch\\\/fr\\\/accueil\\\/\"},{\"@type\":\"ListItem\",\"position\":2,\"name\":\"L&#8217;association touristique d&#8217;Unterb\u00e4ch\",\"item\":\"https:\\\/\\\/unterbaech.ch\\\/fr\\\/lassociation-touristique-dunterbaech\\\/\"},{\"@type\":\"ListItem\",\"position\":3,\"name\":\"Devenir membre\"}]},{\"@type\":\"WebSite\",\"@id\":\"https:\\\/\\\/unterbaech.ch\\\/fr\\\/#website\",\"url\":\"https:\\\/\\\/unterbaech.ch\\\/fr\\\/\",\"name\":\"Unterb\u00e4ch\",\"description\":\"\",\"publisher\":{\"@id\":\"https:\\\/\\\/unterbaech.ch\\\/fr\\\/#organization\"},\"potentialAction\":[{\"@type\":\"SearchAction\",\"target\":{\"@type\":\"EntryPoint\",\"urlTemplate\":\"https:\\\/\\\/unterbaech.ch\\\/fr\\\/?s={search_term_string}\"},\"query-input\":{\"@type\":\"PropertyValueSpecification\",\"valueRequired\":true,\"valueName\":\"search_term_string\"}}],\"inLanguage\":\"fr-FR\"},{\"@type\":\"Organization\",\"@id\":\"https:\\\/\\\/unterbaech.ch\\\/fr\\\/#organization\",\"name\":\"Unterb\u00e4ch Tourismus\",\"url\":\"https:\\\/\\\/unterbaech.ch\\\/fr\\\/\",\"logo\":{\"@type\":\"ImageObject\",\"inLanguage\":\"fr-FR\",\"@id\":\"https:\\\/\\\/unterbaech.ch\\\/fr\\\/#\\\/schema\\\/logo\\\/image\\\/\",\"url\":\"https:\\\/\\\/unterbaech.ch\\\/wp-content\\\/uploads\\\/Logo-1.png\",\"contentUrl\":\"https:\\\/\\\/unterbaech.ch\\\/wp-content\\\/uploads\\\/Logo-1.png\",\"width\":1125,\"height\":1102,\"caption\":\"Unterb\u00e4ch Tourismus\"},\"image\":{\"@id\":\"https:\\\/\\\/unterbaech.ch\\\/fr\\\/#\\\/schema\\\/logo\\\/image\\\/\"},\"sameAs\":[\"https:\\\/\\\/www.facebook.com\\\/unterbaech\",\"https:\\\/\\\/www.instagram.com\\\/visit.unterbaech\\\/\",\"https:\\\/\\\/de.wikipedia.org\\\/wiki\\\/Unterb\u00e4ch\"]}]}<\/script>\n<!-- \/ Yoast SEO plugin. -->","yoast_head_json":{"title":"Devenir membre - Unterb\u00e4ch","description":"Deviens membre de l'association touristique d'Unterb\u00e4ch! Notre objectif est de maintenir et de promouvoir le tourisme dans la commune ainsi que de d\u00e9velopper et de renforcer l'attractivit\u00e9 touristique de notre village.","robots":{"index":"index","follow":"follow","max-snippet":"max-snippet:-1","max-image-preview":"max-image-preview:large","max-video-preview":"max-video-preview:-1"},"canonical":"https:\/\/unterbaech.ch\/fr\/lassociation-touristique-dunterbaech\/devenir-membre\/","og_locale":"fr_FR","og_type":"article","og_title":"Devenir membre - Unterb\u00e4ch","og_description":"Deviens membre de l'association touristique d'Unterb\u00e4ch! Notre objectif est de maintenir et de promouvoir le tourisme dans la commune ainsi que de d\u00e9velopper et de renforcer l'attractivit\u00e9 touristique de notre village.","og_url":"https:\/\/unterbaech.ch\/fr\/lassociation-touristique-dunterbaech\/devenir-membre\/","og_site_name":"Unterb\u00e4ch","article_publisher":"https:\/\/www.facebook.com\/unterbaech","article_modified_time":"2022-05-13T12:07:14+00:00","twitter_card":"summary_large_image","twitter_misc":{"Dur\u00e9e de lecture estim\u00e9e":"3 minutes"},"schema":{"@context":"https:\/\/schema.org","@graph":[{"@type":"WebPage","@id":"https:\/\/unterbaech.ch\/fr\/lassociation-touristique-dunterbaech\/devenir-membre\/","url":"https:\/\/unterbaech.ch\/fr\/lassociation-touristique-dunterbaech\/devenir-membre\/","name":"Devenir membre - Unterb\u00e4ch","isPartOf":{"@id":"https:\/\/unterbaech.ch\/fr\/#website"},"datePublished":"2022-04-25T14:39:59+00:00","dateModified":"2022-05-13T12:07:14+00:00","description":"Deviens membre de l'association touristique d'Unterb\u00e4ch! Notre objectif est de maintenir et de promouvoir le tourisme dans la commune ainsi que de d\u00e9velopper et de renforcer l'attractivit\u00e9 touristique de notre village.","breadcrumb":{"@id":"https:\/\/unterbaech.ch\/fr\/lassociation-touristique-dunterbaech\/devenir-membre\/#breadcrumb"},"inLanguage":"fr-FR","potentialAction":[{"@type":"ReadAction","target":["https:\/\/unterbaech.ch\/fr\/lassociation-touristique-dunterbaech\/devenir-membre\/"]}]},{"@type":"BreadcrumbList","@id":"https:\/\/unterbaech.ch\/fr\/lassociation-touristique-dunterbaech\/devenir-membre\/#breadcrumb","itemListElement":[{"@type":"ListItem","position":1,"name":"Startseite","item":"https:\/\/unterbaech.ch\/fr\/accueil\/"},{"@type":"ListItem","position":2,"name":"L&#8217;association touristique d&#8217;Unterb\u00e4ch","item":"https:\/\/unterbaech.ch\/fr\/lassociation-touristique-dunterbaech\/"},{"@type":"ListItem","position":3,"name":"Devenir membre"}]},{"@type":"WebSite","@id":"https:\/\/unterbaech.ch\/fr\/#website","url":"https:\/\/unterbaech.ch\/fr\/","name":"Unterb\u00e4ch","description":"","publisher":{"@id":"https:\/\/unterbaech.ch\/fr\/#organization"},"potentialAction":[{"@type":"SearchAction","target":{"@type":"EntryPoint","urlTemplate":"https:\/\/unterbaech.ch\/fr\/?s={search_term_string}"},"query-input":{"@type":"PropertyValueSpecification","valueRequired":true,"valueName":"search_term_string"}}],"inLanguage":"fr-FR"},{"@type":"Organization","@id":"https:\/\/unterbaech.ch\/fr\/#organization","name":"Unterb\u00e4ch Tourismus","url":"https:\/\/unterbaech.ch\/fr\/","logo":{"@type":"ImageObject","inLanguage":"fr-FR","@id":"https:\/\/unterbaech.ch\/fr\/#\/schema\/logo\/image\/","url":"https:\/\/unterbaech.ch\/wp-content\/uploads\/Logo-1.png","contentUrl":"https:\/\/unterbaech.ch\/wp-content\/uploads\/Logo-1.png","width":1125,"height":1102,"caption":"Unterb\u00e4ch Tourismus"},"image":{"@id":"https:\/\/unterbaech.ch\/fr\/#\/schema\/logo\/image\/"},"sameAs":["https:\/\/www.facebook.com\/unterbaech","https:\/\/www.instagram.com\/visit.unterbaech\/","https:\/\/de.wikipedia.org\/wiki\/Unterb\u00e4ch"]}]}},"_links":{"self":[{"href":"https:\/\/unterbaech.ch\/fr\/wp-json\/wp\/v2\/pages\/15736","targetHints":{"allow":["GET"]}}],"collection":[{"href":"https:\/\/unterbaech.ch\/fr\/wp-json\/wp\/v2\/pages"}],"about":[{"href":"https:\/\/unterbaech.ch\/fr\/wp-json\/wp\/v2\/types\/page"}],"author":[{"embeddable":true,"href":"https:\/\/unterbaech.ch\/fr\/wp-json\/wp\/v2\/users\/8"}],"replies":[{"embeddable":true,"href":"https:\/\/unterbaech.ch\/fr\/wp-json\/wp\/v2\/comments?post=15736"}],"version-history":[{"count":0,"href":"https:\/\/unterbaech.ch\/fr\/wp-json\/wp\/v2\/pages\/15736\/revisions"}],"up":[{"embeddable":true,"href":"https:\/\/unterbaech.ch\/fr\/wp-json\/wp\/v2\/pages\/14485"}],"wp:attachment":[{"href":"https:\/\/unterbaech.ch\/fr\/wp-json\/wp\/v2\/media?parent=15736"}],"curies":[{"name":"wp","href":"https:\/\/api.w.org\/{rel}","templated":true}]}}