{"id":15881,"date":"2022-05-12T12:32:55","date_gmt":"2022-05-12T10:32:55","guid":{"rendered":"https:\/\/unterbaech.ch\/courses-speciales\/"},"modified":"2024-12-25T10:28:09","modified_gmt":"2024-12-25T09:28:09","slug":"courses-speciales","status":"publish","type":"page","link":"https:\/\/unterbaech.ch\/fr\/remontees-mecaniques-de-sport\/courses-speciales\/","title":{"rendered":"Courses sp\u00e9ciales"},"content":{"rendered":"\n<style type=\"text\/css\" data-created_by=\"avia_inline_auto\" id=\"style-css-av-kbax8y3e-e68291147bf4fd1d9df5b77bdbfe6f99\">\n.avia-section.av-kbax8y3e-e68291147bf4fd1d9df5b77bdbfe6f99 .av-parallax .av-parallax-inner{\nbackground-repeat:no-repeat;\nbackground-image:url(https:\/\/unterbaech.ch\/wp-content\/uploads\/2020\/07\/DSC06746.jpg);\nbackground-position:50% 0%;\nbackground-attachment:scroll;\n}\n<\/style>\n<div id='av_section_1'  class='avia-section av-kbax8y3e-e68291147bf4fd1d9df5b77bdbfe6f99 main_color avia-section-default avia-no-border-styling  avia-builder-el-0  el_before_av_section  avia-builder-el-first  section-fullwidthimage winter avia-full-stretch av-parallax-section avia-bg-style-parallax av-minimum-height av-minimum-height-50 av-height-50  container_wrap fullsize'  data-section-bg-repeat='stretch' data-av_minimum_height_pc='50' data-av_min_height_opt='50'><div class='av-parallax' data-avia-parallax-ratio='0.3' ><div class='av-parallax-inner main_color avia-full-stretch'><\/div><\/div><div class='container av-section-cont-open' ><main  role=\"main\" itemprop=\"mainContentOfPage\"  class='template-page content  av-content-full alpha units'><div class='post-entry post-entry-type-page post-entry-15881'><div class='entry-content-wrapper clearfix'>\n<\/div><\/div><\/main><!-- close content main element --><\/div><\/div>\n<style type=\"text\/css\" data-created_by=\"avia_inline_auto\" id=\"style-css-av-kbax8y3e-21-34cb03034832203982a96f4817043507\">\n.avia-section.av-kbax8y3e-21-34cb03034832203982a96f4817043507 .av-parallax .av-parallax-inner{\nbackground-repeat:no-repeat;\nbackground-image:url(https:\/\/unterbaech.ch\/wp-content\/uploads\/DSC00625_marcoschnyder.jpg);\nbackground-position:50% 0%;\nbackground-attachment:scroll;\n}\n<\/style>\n<div id='av_section_2'  class='avia-section av-kbax8y3e-21-34cb03034832203982a96f4817043507 main_color avia-section-default avia-no-border-styling  avia-builder-el-1  el_after_av_section  el_before_av_section  section-fullwidthimage summer avia-full-stretch av-parallax-section avia-bg-style-parallax av-minimum-height av-minimum-height-50 av-height-50  container_wrap fullsize'  data-section-bg-repeat='stretch' data-av_minimum_height_pc='50' data-av_min_height_opt='50'><div class='av-parallax' data-avia-parallax-ratio='0.3' ><div class='av-parallax-inner main_color avia-full-stretch'><\/div><\/div><div class='container av-section-cont-open' ><div class='template-page content  av-content-full alpha units'><div class='post-entry post-entry-type-page post-entry-15881'><div class='entry-content-wrapper clearfix'>\n<\/div><\/div><\/div><!-- close content main div --><\/div><\/div><div id='av_section_3'  class='avia-section av-1n2h9-eef07d2470a934665895b572bc96122f main_color avia-section-default avia-no-border-styling  avia-builder-el-2  el_after_av_section  el_before_av_button  section-leadtext onecol avia-bg-style-scroll container_wrap fullsize'  ><div class='container av-section-cont-open' ><div class='template-page content  av-content-full alpha units'><div class='post-entry post-entry-type-page post-entry-15881'><div class='entry-content-wrapper clearfix'>\n<section  class='av_textblock_section av-kbawhdx8-9a55faeefcbf4e8706dea9c49b9010c2 '   itemscope=\"itemscope\" itemtype=\"https:\/\/schema.org\/CreativeWork\" ><div class='avia_textblock'  itemprop=\"text\" ><p style=\"text-align: center;\"><strong>INDIVIDUEL POUR TOI ET TON GROUPE<\/strong><\/p>\n<h3 style=\"text-align: center;\">EXTRAITS<\/h3>\n<\/div><\/section>\n<section  class='av_textblock_section av-kbawhdx8-20-b6f400b7da4ba4bbfb87fe16ccd2e18c '   itemscope=\"itemscope\" itemtype=\"https:\/\/schema.org\/CreativeWork\" ><div class='avia_textblock lead'  itemprop=\"text\" ><p style=\"text-align: center;\">C&rsquo;est avec plaisir que nous t&rsquo;amenons, toi et ton groupe (\u00e0 partir de 10 personnes), sur la Brandalp en dehors de nos heures d&rsquo;ouverture. Merci de t&rsquo;annoncer \u00e0 temps aupr\u00e8s des Sportbahnen Unterb\u00e4ch AG pour une r\u00e9servation correspondante.<\/p>\n<\/div><\/section>\n<section  class='av_textblock_section av-kbawhdx8-19-b2d56410e8f7d7d8cfe43850b0c92051 '   itemscope=\"itemscope\" itemtype=\"https:\/\/schema.org\/CreativeWork\" ><div class='avia_textblock'  itemprop=\"text\" ><h6 style=\"text-align: left;\">Tarifs<\/h6>\n<\/div><\/section>\n<div class='avia-data-table-wrap av-ahtdt-519a29a99bd24effe53d39ffa2ba4f9a avia_scrollable_table avia-table-1'><table  class='avia-table avia-data-table avia_pricing_default  avia-builder-el-6  el_after_av_textblock  el_before_av_hr '  itemscope=\"itemscope\" itemtype=\"https:\/\/schema.org\/Table\" ><tbody><tr class='avia-heading-row'><th class='avia-desc-col'><\/th><th class=''>Forfait<\/th><th class=''>Adultes<\/th><th class=''>Enfants (6 -16 ans)<\/th><th class=''>Enfants de moins de 6 ans<\/th><\/tr><tr class=''><th class='avia-desc-col'>Simple Unterb\u00e4ch &#8211; Brandalp<\/th><td class=''>100.00<\/td><td class=''>selon liste des tarifs<\/td><td class=''>selon liste des tarifs<\/td><td class=''>selon liste des tarifs<\/td><\/tr><tr class=''><th class='avia-desc-col'>Retour Unterb\u00e4ch &#8211; Brandalp<\/th><td class=''>160.00<\/td><td class=''>selon liste des tarifs<\/td><td class=''>selon liste des tarifs<\/td><td class=''>selon liste des tarifs<\/td><\/tr><\/tbody><\/table><\/div>\n\n<style type=\"text\/css\" data-created_by=\"avia_inline_auto\" id=\"style-css-av-kfnnl62b-cafe8829d5c03d19662a74fe136a2290\">\n#top .hr.hr-invisible.av-kfnnl62b-cafe8829d5c03d19662a74fe136a2290{\nheight:25px;\n}\n<\/style>\n<div  class='hr av-kfnnl62b-cafe8829d5c03d19662a74fe136a2290 hr-invisible  avia-builder-el-7  el_after_av_table  el_before_av_textblock '><span class='hr-inner '><span class=\"hr-inner-style\"><\/span><\/span><\/div>\n<section  class='av_textblock_section av-kb9j7yy8-ccc98d4ac47fd89af654b699ab526e2d '   itemscope=\"itemscope\" itemtype=\"https:\/\/schema.org\/CreativeWork\" ><div class='avia_textblock'  itemprop=\"text\" ><p><strong>Conditions\u00a0<\/strong><\/p>\n<ul>\n<li data-leveltext=\"\uf0b7\" data-font=\"Symbol\" data-listid=\"7\" aria-setsize=\"-1\" data-aria-posinset=\"1\" data-aria-level=\"1\">La demande de course sp\u00e9ciale doit \u00eatre faite au plus tard 24 heures avant la course souhait\u00e9e.<\/li>\n<li data-leveltext=\"\uf0b7\" data-font=\"Symbol\" data-listid=\"7\" aria-setsize=\"-1\" data-aria-posinset=\"1\" data-aria-level=\"1\">Tous les prix sont en CHF.<\/li>\n<li data-leveltext=\"\uf0b7\" data-font=\"Symbol\" data-listid=\"7\" aria-setsize=\"-1\" data-aria-posinset=\"1\" data-aria-level=\"1\">Le prix d&rsquo;une course sp\u00e9ciale se compose d&rsquo;un montant forfaitaire et du nombre de personnes correspondant.<\/li>\n<li data-leveltext=\"\uf0b7\" data-font=\"Symbol\" data-listid=\"7\" aria-setsize=\"-1\" data-aria-posinset=\"1\" data-aria-level=\"1\">Le montant pour le forfait, ainsi que les billets individuels sont encaiss\u00e9 en montant total aupr\u00e8s du donneur d&rsquo;ordre.<\/li>\n<li data-leveltext=\"\uf0b7\" data-font=\"Symbol\" data-listid=\"7\" aria-setsize=\"-1\" data-aria-posinset=\"1\" data-aria-level=\"1\">Les cartes journali\u00e8res, saisonni\u00e8res, d&rsquo;h\u00f4te et annuelles ainsi que tous les autres billets ne sont valables que pour les heures d&rsquo;exploitation officielles et ne sont donc pas valables pour les courses sp\u00e9ciales.<\/li>\n<li data-leveltext=\"\uf0b7\" data-font=\"Symbol\" data-listid=\"7\" aria-setsize=\"-1\" data-aria-posinset=\"1\" data-aria-level=\"1\">Nombre minimum de 10 personnes.<\/li>\n<li data-leveltext=\"\uf0b7\" data-font=\"Symbol\" data-listid=\"7\" aria-setsize=\"-1\" data-aria-posinset=\"1\" data-aria-level=\"1\">Aucune course sp\u00e9ciale n&rsquo;est effectu\u00e9e apr\u00e8s 24h00.<\/li>\n<li data-leveltext=\"\uf0b7\" data-font=\"Symbol\" data-listid=\"7\" aria-setsize=\"-1\" data-aria-posinset=\"1\" data-aria-level=\"1\">Les personnes alcoolis\u00e9es ne sont pas transport\u00e9es. Les conditions g\u00e9n\u00e9rales de l&rsquo;USB s&rsquo;appliquent.<\/li>\n<\/ul>\n<\/div><\/section>\n<\/div><\/div><\/div><!-- close content main div --><\/div><\/div><div id='after_section_3'  class='main_color av_default_container_wrap container_wrap fullsize'  ><div class='container av-section-cont-open' ><div class='template-page content  av-content-full alpha units'><div class='post-entry post-entry-type-page post-entry-15881'><div class='entry-content-wrapper clearfix'><div  class='avia-button-wrap av-kbajg3mm-5d37250373f6312885bd5b262ec27009-wrap avia-button-center  avia-builder-el-9  el_after_av_section  avia-builder-el-no-sibling '><a href='https:\/\/unterbaech.ch\/fr\/remontees-mecaniques-de-sport\/contact\/'  class='avia-button av-kbajg3mm-5d37250373f6312885bd5b262ec27009 av-link-btn avia-icon_select-no avia-size-small avia-position-center avia-color-theme-color'   aria-label=\"Vers le formulaire de contact\"><span class='avia_iconbox_title' >Vers le formulaire de contact<\/span><\/a><\/div><\/p>\n","protected":false},"excerpt":{"rendered":"","protected":false},"author":9,"featured_media":0,"parent":15925,"menu_order":0,"comment_status":"closed","ping_status":"closed","template":"","meta":{"inline_featured_image":false,"footnotes":""},"class_list":["post-15881","page","type-page","status-publish","hentry"],"yoast_head":"<!-- This site is optimized with the Yoast SEO plugin v27.4 - https:\/\/yoast.com\/product\/yoast-seo-wordpress\/ -->\n<title>Courses sp\u00e9ciales - Unterb\u00e4ch<\/title>\n<meta name=\"description\" content=\"Les Sportbahnen Unterb\u00e4ch t&#039;emm\u00e8nent volontiers, toi et ton groupe, sur la Brandalp avec une course sp\u00e9ciale en dehors des heures d&#039;ouverture.\" \/>\n<meta name=\"robots\" content=\"index, follow, max-snippet:-1, max-image-preview:large, max-video-preview:-1\" \/>\n<link rel=\"canonical\" href=\"https:\/\/unterbaech.ch\/fr\/remontees-mecaniques-de-sport\/courses-speciales\/\" \/>\n<meta property=\"og:locale\" content=\"fr_FR\" \/>\n<meta property=\"og:type\" content=\"article\" \/>\n<meta property=\"og:title\" content=\"Courses sp\u00e9ciales - Unterb\u00e4ch\" \/>\n<meta property=\"og:description\" content=\"Les Sportbahnen Unterb\u00e4ch t&#039;emm\u00e8nent volontiers, toi et ton groupe, sur la Brandalp avec une course sp\u00e9ciale en dehors des heures d&#039;ouverture.\" \/>\n<meta property=\"og:url\" content=\"https:\/\/unterbaech.ch\/fr\/remontees-mecaniques-de-sport\/courses-speciales\/\" \/>\n<meta property=\"og:site_name\" content=\"Unterb\u00e4ch\" \/>\n<meta property=\"article:publisher\" content=\"https:\/\/www.facebook.com\/unterbaech\" \/>\n<meta property=\"article:modified_time\" content=\"2024-12-25T09:28:09+00:00\" \/>\n<meta name=\"twitter:card\" content=\"summary_large_image\" \/>\n<meta name=\"twitter:label1\" content=\"Dur\u00e9e de lecture estim\u00e9e\" \/>\n\t<meta name=\"twitter:data1\" content=\"6 minutes\" \/>\n<script type=\"application\/ld+json\" class=\"yoast-schema-graph\">{\"@context\":\"https:\\\/\\\/schema.org\",\"@graph\":[{\"@type\":\"WebPage\",\"@id\":\"https:\\\/\\\/unterbaech.ch\\\/fr\\\/remontees-mecaniques-de-sport\\\/courses-speciales\\\/\",\"url\":\"https:\\\/\\\/unterbaech.ch\\\/fr\\\/remontees-mecaniques-de-sport\\\/courses-speciales\\\/\",\"name\":\"Courses sp\u00e9ciales - Unterb\u00e4ch\",\"isPartOf\":{\"@id\":\"https:\\\/\\\/unterbaech.ch\\\/fr\\\/#website\"},\"datePublished\":\"2022-05-12T10:32:55+00:00\",\"dateModified\":\"2024-12-25T09:28:09+00:00\",\"description\":\"Les Sportbahnen Unterb\u00e4ch t'emm\u00e8nent volontiers, toi et ton groupe, sur la Brandalp avec une course sp\u00e9ciale en dehors des heures d'ouverture.\",\"breadcrumb\":{\"@id\":\"https:\\\/\\\/unterbaech.ch\\\/fr\\\/remontees-mecaniques-de-sport\\\/courses-speciales\\\/#breadcrumb\"},\"inLanguage\":\"fr-FR\",\"potentialAction\":[{\"@type\":\"ReadAction\",\"target\":[\"https:\\\/\\\/unterbaech.ch\\\/fr\\\/remontees-mecaniques-de-sport\\\/courses-speciales\\\/\"]}]},{\"@type\":\"BreadcrumbList\",\"@id\":\"https:\\\/\\\/unterbaech.ch\\\/fr\\\/remontees-mecaniques-de-sport\\\/courses-speciales\\\/#breadcrumb\",\"itemListElement\":[{\"@type\":\"ListItem\",\"position\":1,\"name\":\"Startseite\",\"item\":\"https:\\\/\\\/unterbaech.ch\\\/fr\\\/accueil\\\/\"},{\"@type\":\"ListItem\",\"position\":2,\"name\":\"Remont\u00e9es m\u00e9caniques de sport\",\"item\":\"https:\\\/\\\/unterbaech.ch\\\/fr\\\/remontees-mecaniques-de-sport\\\/\"},{\"@type\":\"ListItem\",\"position\":3,\"name\":\"Courses sp\u00e9ciales\"}]},{\"@type\":\"WebSite\",\"@id\":\"https:\\\/\\\/unterbaech.ch\\\/fr\\\/#website\",\"url\":\"https:\\\/\\\/unterbaech.ch\\\/fr\\\/\",\"name\":\"Unterb\u00e4ch\",\"description\":\"\",\"publisher\":{\"@id\":\"https:\\\/\\\/unterbaech.ch\\\/fr\\\/#organization\"},\"potentialAction\":[{\"@type\":\"SearchAction\",\"target\":{\"@type\":\"EntryPoint\",\"urlTemplate\":\"https:\\\/\\\/unterbaech.ch\\\/fr\\\/?s={search_term_string}\"},\"query-input\":{\"@type\":\"PropertyValueSpecification\",\"valueRequired\":true,\"valueName\":\"search_term_string\"}}],\"inLanguage\":\"fr-FR\"},{\"@type\":\"Organization\",\"@id\":\"https:\\\/\\\/unterbaech.ch\\\/fr\\\/#organization\",\"name\":\"Unterb\u00e4ch Tourismus\",\"url\":\"https:\\\/\\\/unterbaech.ch\\\/fr\\\/\",\"logo\":{\"@type\":\"ImageObject\",\"inLanguage\":\"fr-FR\",\"@id\":\"https:\\\/\\\/unterbaech.ch\\\/fr\\\/#\\\/schema\\\/logo\\\/image\\\/\",\"url\":\"https:\\\/\\\/unterbaech.ch\\\/wp-content\\\/uploads\\\/Logo-1.png\",\"contentUrl\":\"https:\\\/\\\/unterbaech.ch\\\/wp-content\\\/uploads\\\/Logo-1.png\",\"width\":1125,\"height\":1102,\"caption\":\"Unterb\u00e4ch Tourismus\"},\"image\":{\"@id\":\"https:\\\/\\\/unterbaech.ch\\\/fr\\\/#\\\/schema\\\/logo\\\/image\\\/\"},\"sameAs\":[\"https:\\\/\\\/www.facebook.com\\\/unterbaech\",\"https:\\\/\\\/www.instagram.com\\\/visit.unterbaech\\\/\",\"https:\\\/\\\/de.wikipedia.org\\\/wiki\\\/Unterb\u00e4ch\"]}]}<\/script>\n<!-- \/ Yoast SEO plugin. -->","yoast_head_json":{"title":"Courses sp\u00e9ciales - Unterb\u00e4ch","description":"Les Sportbahnen Unterb\u00e4ch t'emm\u00e8nent volontiers, toi et ton groupe, sur la Brandalp avec une course sp\u00e9ciale en dehors des heures d'ouverture.","robots":{"index":"index","follow":"follow","max-snippet":"max-snippet:-1","max-image-preview":"max-image-preview:large","max-video-preview":"max-video-preview:-1"},"canonical":"https:\/\/unterbaech.ch\/fr\/remontees-mecaniques-de-sport\/courses-speciales\/","og_locale":"fr_FR","og_type":"article","og_title":"Courses sp\u00e9ciales - Unterb\u00e4ch","og_description":"Les Sportbahnen Unterb\u00e4ch t'emm\u00e8nent volontiers, toi et ton groupe, sur la Brandalp avec une course sp\u00e9ciale en dehors des heures d'ouverture.","og_url":"https:\/\/unterbaech.ch\/fr\/remontees-mecaniques-de-sport\/courses-speciales\/","og_site_name":"Unterb\u00e4ch","article_publisher":"https:\/\/www.facebook.com\/unterbaech","article_modified_time":"2024-12-25T09:28:09+00:00","twitter_card":"summary_large_image","twitter_misc":{"Dur\u00e9e de lecture estim\u00e9e":"6 minutes"},"schema":{"@context":"https:\/\/schema.org","@graph":[{"@type":"WebPage","@id":"https:\/\/unterbaech.ch\/fr\/remontees-mecaniques-de-sport\/courses-speciales\/","url":"https:\/\/unterbaech.ch\/fr\/remontees-mecaniques-de-sport\/courses-speciales\/","name":"Courses sp\u00e9ciales - Unterb\u00e4ch","isPartOf":{"@id":"https:\/\/unterbaech.ch\/fr\/#website"},"datePublished":"2022-05-12T10:32:55+00:00","dateModified":"2024-12-25T09:28:09+00:00","description":"Les Sportbahnen Unterb\u00e4ch t'emm\u00e8nent volontiers, toi et ton groupe, sur la Brandalp avec une course sp\u00e9ciale en dehors des heures d'ouverture.","breadcrumb":{"@id":"https:\/\/unterbaech.ch\/fr\/remontees-mecaniques-de-sport\/courses-speciales\/#breadcrumb"},"inLanguage":"fr-FR","potentialAction":[{"@type":"ReadAction","target":["https:\/\/unterbaech.ch\/fr\/remontees-mecaniques-de-sport\/courses-speciales\/"]}]},{"@type":"BreadcrumbList","@id":"https:\/\/unterbaech.ch\/fr\/remontees-mecaniques-de-sport\/courses-speciales\/#breadcrumb","itemListElement":[{"@type":"ListItem","position":1,"name":"Startseite","item":"https:\/\/unterbaech.ch\/fr\/accueil\/"},{"@type":"ListItem","position":2,"name":"Remont\u00e9es m\u00e9caniques de sport","item":"https:\/\/unterbaech.ch\/fr\/remontees-mecaniques-de-sport\/"},{"@type":"ListItem","position":3,"name":"Courses sp\u00e9ciales"}]},{"@type":"WebSite","@id":"https:\/\/unterbaech.ch\/fr\/#website","url":"https:\/\/unterbaech.ch\/fr\/","name":"Unterb\u00e4ch","description":"","publisher":{"@id":"https:\/\/unterbaech.ch\/fr\/#organization"},"potentialAction":[{"@type":"SearchAction","target":{"@type":"EntryPoint","urlTemplate":"https:\/\/unterbaech.ch\/fr\/?s={search_term_string}"},"query-input":{"@type":"PropertyValueSpecification","valueRequired":true,"valueName":"search_term_string"}}],"inLanguage":"fr-FR"},{"@type":"Organization","@id":"https:\/\/unterbaech.ch\/fr\/#organization","name":"Unterb\u00e4ch Tourismus","url":"https:\/\/unterbaech.ch\/fr\/","logo":{"@type":"ImageObject","inLanguage":"fr-FR","@id":"https:\/\/unterbaech.ch\/fr\/#\/schema\/logo\/image\/","url":"https:\/\/unterbaech.ch\/wp-content\/uploads\/Logo-1.png","contentUrl":"https:\/\/unterbaech.ch\/wp-content\/uploads\/Logo-1.png","width":1125,"height":1102,"caption":"Unterb\u00e4ch Tourismus"},"image":{"@id":"https:\/\/unterbaech.ch\/fr\/#\/schema\/logo\/image\/"},"sameAs":["https:\/\/www.facebook.com\/unterbaech","https:\/\/www.instagram.com\/visit.unterbaech\/","https:\/\/de.wikipedia.org\/wiki\/Unterb\u00e4ch"]}]}},"_links":{"self":[{"href":"https:\/\/unterbaech.ch\/fr\/wp-json\/wp\/v2\/pages\/15881","targetHints":{"allow":["GET"]}}],"collection":[{"href":"https:\/\/unterbaech.ch\/fr\/wp-json\/wp\/v2\/pages"}],"about":[{"href":"https:\/\/unterbaech.ch\/fr\/wp-json\/wp\/v2\/types\/page"}],"author":[{"embeddable":true,"href":"https:\/\/unterbaech.ch\/fr\/wp-json\/wp\/v2\/users\/9"}],"replies":[{"embeddable":true,"href":"https:\/\/unterbaech.ch\/fr\/wp-json\/wp\/v2\/comments?post=15881"}],"version-history":[{"count":9,"href":"https:\/\/unterbaech.ch\/fr\/wp-json\/wp\/v2\/pages\/15881\/revisions"}],"predecessor-version":[{"id":24319,"href":"https:\/\/unterbaech.ch\/fr\/wp-json\/wp\/v2\/pages\/15881\/revisions\/24319"}],"up":[{"embeddable":true,"href":"https:\/\/unterbaech.ch\/fr\/wp-json\/wp\/v2\/pages\/15925"}],"wp:attachment":[{"href":"https:\/\/unterbaech.ch\/fr\/wp-json\/wp\/v2\/media?parent=15881"}],"curies":[{"name":"wp","href":"https:\/\/api.w.org\/{rel}","templated":true}]}}