{"id":15899,"date":"2022-05-12T13:22:51","date_gmt":"2022-05-12T11:22:51","guid":{"rendered":"https:\/\/unterbaech.ch\/faqs\/"},"modified":"2022-05-12T13:22:51","modified_gmt":"2022-05-12T11:22:51","slug":"faqs","status":"publish","type":"page","link":"https:\/\/unterbaech.ch\/fr\/remontees-mecaniques-de-sport\/faqs\/","title":{"rendered":"FAQs"},"content":{"rendered":"\n<style type=\"text\/css\" data-created_by=\"avia_inline_auto\" id=\"style-css-av-kbax8y3e-496162ddd7eec59c9a39ac49cd87a223\">\n.avia-section.av-kbax8y3e-496162ddd7eec59c9a39ac49cd87a223 .av-parallax .av-parallax-inner{\nbackground-repeat:no-repeat;\nbackground-image:url(https:\/\/unterbaech.ch\/wp-content\/uploads\/2020\/07\/DSC05698.jpg);\nbackground-position:50% 50%;\nbackground-attachment:scroll;\n}\n<\/style>\n<div id='av_section_1'  class='avia-section av-kbax8y3e-496162ddd7eec59c9a39ac49cd87a223 main_color avia-section-default avia-no-border-styling  avia-builder-el-0  el_before_av_section  avia-builder-el-first  section-fullwidthimage avia-full-stretch av-parallax-section avia-bg-style-parallax av-minimum-height av-minimum-height-50 av-height-50  container_wrap fullsize'  data-section-bg-repeat='stretch' data-av_minimum_height_pc='50' data-av_min_height_opt='50'><div class='av-parallax' data-avia-parallax-ratio='0.3' ><div class='av-parallax-inner main_color avia-full-stretch'><\/div><\/div><div class='container av-section-cont-open' ><main  role=\"main\" itemprop=\"mainContentOfPage\"  class='template-page content  av-content-full alpha units'><div class='post-entry post-entry-type-page post-entry-15899'><div class='entry-content-wrapper clearfix'>\n<\/div><\/div><\/main><!-- close content main element --><\/div><\/div><div id='av_section_2'  class='avia-section av-1n2h9-eef07d2470a934665895b572bc96122f main_color avia-section-default avia-no-border-styling  avia-builder-el-1  el_after_av_section  el_before_av_textblock  section-leadtext onecol avia-bg-style-scroll container_wrap fullsize'  ><div class='container av-section-cont-open' ><div class='template-page content  av-content-full alpha units'><div class='post-entry post-entry-type-page post-entry-15899'><div class='entry-content-wrapper clearfix'>\n<section  class='av_textblock_section av-kbawhdx8-9a55faeefcbf4e8706dea9c49b9010c2 '   itemscope=\"itemscope\" itemtype=\"https:\/\/schema.org\/CreativeWork\" ><div class='avia_textblock'  itemprop=\"text\" ><p style=\"text-align: center;\"><strong>ONLINE-TICKETSHOP<br \/>\n<\/strong><strong> SPORTBAHNEN UNTERB\u00c4CH (SBU)<br \/>\n<\/strong><\/p>\n<h3 style=\"text-align: center;\">FAQs<\/h3>\n<\/div><\/section>\n<\/div><\/div><\/div><!-- close content main div --><\/div><\/div><div id='after_section_2'  class='main_color av_default_container_wrap container_wrap fullsize'  ><div class='container av-section-cont-open' ><div class='template-page content  av-content-full alpha units'><div class='post-entry post-entry-type-page post-entry-15899'><div class='entry-content-wrapper clearfix'>\n<section  class='av_textblock_section av-kbawhdx8-5c9a91cb4cd9aec824ca2294ed47cb9c '   itemscope=\"itemscope\" itemtype=\"https:\/\/schema.org\/CreativeWork\" ><div class='avia_textblock lead'  itemprop=\"text\" ><p><strong>1. pourquoi dois-je r\u00e9server via la billetterie en ligne de l&rsquo;USB?<\/strong><br \/>\nEn ligne, vous obtenez chez nous le meilleur prix possible, c&rsquo;est-\u00e0-dire que le prix du billet en ligne n&rsquo;est jamais sup\u00e9rieur au prix du billet qui peut \u00eatre retir\u00e9 \u00e0 la caisse avec la carte d&rsquo;h\u00f4te. Les personnes qui r\u00e9servent plus t\u00f4t b\u00e9n\u00e9ficient de conditions plus avantageuses qu&rsquo;au point de vente.<\/p>\n<p><strong>2. de quoi ai-je besoin pour pouvoir acheter des billets en ligne?<\/strong><br \/>\nLa condition pr\u00e9alable \u00e0 tous les achats en ligne est un ordinateur connect\u00e9 \u00e0 Internet ou un smartphone\/tablette ainsi qu&rsquo;une carte de cr\u00e9dit valide.<\/p>\n<p><strong>3. dois-je m&rsquo;enregistrer pour cela?<\/strong><br \/>\nOui, vous devez enregistrer votre nom, pr\u00e9nom, adresse, num\u00e9ro de t\u00e9l\u00e9phone et une adresse e-mail valide pour pouvoir acheter.<\/p>\n<p><strong>4. jusqu&rsquo;\u00e0 quand puis-je acheter des billets en ligne?<\/strong><br \/>\nLes billets en ligne peuvent \u00eatre r\u00e9serv\u00e9s \u00e0 tout moment. Il est toutefois recommand\u00e9 de r\u00e9server \u00e0 l&rsquo;avance.<\/p>\n<p><strong>5. les billets achet\u00e9s en ligne sont-ils transmissibles?<\/strong><br \/>\nNon. Ces prestations sont li\u00e9es \u00e0 une personne et ne sont pas transmissibles. En cas de contr\u00f4le \u00e9ventuel, une pi\u00e8ce d&rsquo;identit\u00e9 personnelle doit \u00eatre pr\u00e9sent\u00e9e. En cas d&rsquo;abus, les conditions g\u00e9n\u00e9rales des Sportbahnen Unterb\u00e4ch s&rsquo;appliquent.<\/p>\n<p><strong>6. est-ce que je suis rembours\u00e9 si je n&rsquo;utilise pas les billets achet\u00e9s en ligne?<\/strong><br \/>\nD\u00e8s que vous avez termin\u00e9 avec succ\u00e8s le processus d&rsquo;achat, celui-ci est contraignant. Les CGV de l&rsquo;USB s&rsquo;appliquent.<\/p>\n<p><strong>7. puis-je acheter des billets pour d&rsquo;autres personnes?<\/strong><br \/>\nOui, il vous suffit de fournir les donn\u00e9es personnelles de ces personnes.<\/p>\n<p><strong>8. comment vais-je recevoir mes billets apr\u00e8s l&rsquo;achat?<\/strong><br \/>\nUne fois la r\u00e9servation termin\u00e9e, vous recevrez une confirmation officielle de r\u00e9servation par e-mail. Lors du chargement sur le SwissPass ou la Keycard, votre carte est automatiquement activ\u00e9e lors du passage au tourniquet. Si vous n&rsquo;\u00eates pas en possession d&rsquo;un SwissPass ou d&rsquo;une Keycard, vous recevrez un bon d&rsquo;\u00e9change. Le voucher peut \u00eatre \u00e9chang\u00e9 au point de vente de l&rsquo;USB sous forme imprim\u00e9e ou num\u00e9rique sur votre smartphone contre le billet correspondant. Veuillez noter que si vous ne poss\u00e9dez pas de support de donn\u00e9es, un d\u00e9p\u00f4t de CHF 10.00 par ticket vous sera automatiquement factur\u00e9. Ce d\u00e9p\u00f4t vous sera restitu\u00e9 lors de la restitution de la Keycard \u00e0 notre point de vente.<\/p>\n<p><strong>9. proposez-vous des offres sp\u00e9ciales dans le Ticket Shop en ligne? Comment puis-je en profiter?<\/strong><br \/>\nOui. Abonnez-vous \u00e0 la newsletter d&rsquo;Unterb\u00e4ch Tourismus et suivez Unterb\u00e4ch Tourismus sur Facebook pour \u00eatre inform\u00e9 des actions de r\u00e9servation anticip\u00e9e et de derni\u00e8re minute.<\/p>\n<p><strong>10. comment puis-je savoir si ma r\u00e9servation a \u00e9t\u00e9 effectu\u00e9e avec succ\u00e8s?<\/strong><br \/>\nUne fois le processus de r\u00e9servation termin\u00e9, vous recevrez imm\u00e9diatement une confirmation de r\u00e9servation ferme \u00e0 votre adresse e-mail.<\/p>\n<p><strong>11. \u00e0 qui puis-je m&rsquo;adresser en cas de questions?<\/strong><br \/>\nNous nous tenons volontiers \u00e0 votre disposition \u00e0 l&rsquo;adresse sportbahnen&#64;unterbaech&#46;c&#104; ou par t\u00e9l\u00e9phone au 027 934 56 56 pour tout renseignement ou question concernant le Ticket Shop en ligne.<\/p>\n<p>Unterb\u00e4ch, en novembre 2021<\/p>\n<\/div><\/section>\n","protected":false},"excerpt":{"rendered":"","protected":false},"author":9,"featured_media":0,"parent":15925,"menu_order":0,"comment_status":"closed","ping_status":"closed","template":"","meta":{"inline_featured_image":false,"footnotes":""},"class_list":["post-15899","page","type-page","status-publish","hentry"],"yoast_head":"<!-- This site is optimized with the Yoast SEO plugin v27.5 - https:\/\/yoast.com\/product\/yoast-seo-wordpress\/ -->\n<title>FAQs - Unterb\u00e4ch<\/title>\n<meta name=\"robots\" content=\"index, follow, max-snippet:-1, max-image-preview:large, max-video-preview:-1\" \/>\n<link rel=\"canonical\" href=\"https:\/\/unterbaech.ch\/fr\/remontees-mecaniques-de-sport\/faqs\/\" \/>\n<meta property=\"og:locale\" content=\"fr_FR\" \/>\n<meta property=\"og:type\" content=\"article\" \/>\n<meta property=\"og:title\" content=\"FAQs - Unterb\u00e4ch\" \/>\n<meta property=\"og:url\" content=\"https:\/\/unterbaech.ch\/fr\/remontees-mecaniques-de-sport\/faqs\/\" \/>\n<meta property=\"og:site_name\" content=\"Unterb\u00e4ch\" \/>\n<meta property=\"article:publisher\" content=\"https:\/\/www.facebook.com\/unterbaech\" \/>\n<meta name=\"twitter:card\" content=\"summary_large_image\" \/>\n<meta name=\"twitter:label1\" content=\"Dur\u00e9e de lecture estim\u00e9e\" \/>\n\t<meta name=\"twitter:data1\" content=\"4 minutes\" \/>\n<script type=\"application\/ld+json\" class=\"yoast-schema-graph\">{\"@context\":\"https:\\\/\\\/schema.org\",\"@graph\":[{\"@type\":\"WebPage\",\"@id\":\"https:\\\/\\\/unterbaech.ch\\\/fr\\\/remontees-mecaniques-de-sport\\\/faqs\\\/\",\"url\":\"https:\\\/\\\/unterbaech.ch\\\/fr\\\/remontees-mecaniques-de-sport\\\/faqs\\\/\",\"name\":\"FAQs - Unterb\u00e4ch\",\"isPartOf\":{\"@id\":\"https:\\\/\\\/unterbaech.ch\\\/fr\\\/#website\"},\"datePublished\":\"2022-05-12T11:22:51+00:00\",\"breadcrumb\":{\"@id\":\"https:\\\/\\\/unterbaech.ch\\\/fr\\\/remontees-mecaniques-de-sport\\\/faqs\\\/#breadcrumb\"},\"inLanguage\":\"fr-FR\",\"potentialAction\":[{\"@type\":\"ReadAction\",\"target\":[\"https:\\\/\\\/unterbaech.ch\\\/fr\\\/remontees-mecaniques-de-sport\\\/faqs\\\/\"]}]},{\"@type\":\"BreadcrumbList\",\"@id\":\"https:\\\/\\\/unterbaech.ch\\\/fr\\\/remontees-mecaniques-de-sport\\\/faqs\\\/#breadcrumb\",\"itemListElement\":[{\"@type\":\"ListItem\",\"position\":1,\"name\":\"Startseite\",\"item\":\"https:\\\/\\\/unterbaech.ch\\\/fr\\\/accueil\\\/\"},{\"@type\":\"ListItem\",\"position\":2,\"name\":\"FAQs\"}]},{\"@type\":\"WebSite\",\"@id\":\"https:\\\/\\\/unterbaech.ch\\\/fr\\\/#website\",\"url\":\"https:\\\/\\\/unterbaech.ch\\\/fr\\\/\",\"name\":\"Unterb\u00e4ch\",\"description\":\"\",\"publisher\":{\"@id\":\"https:\\\/\\\/unterbaech.ch\\\/fr\\\/#organization\"},\"potentialAction\":[{\"@type\":\"SearchAction\",\"target\":{\"@type\":\"EntryPoint\",\"urlTemplate\":\"https:\\\/\\\/unterbaech.ch\\\/fr\\\/?s={search_term_string}\"},\"query-input\":{\"@type\":\"PropertyValueSpecification\",\"valueRequired\":true,\"valueName\":\"search_term_string\"}}],\"inLanguage\":\"fr-FR\"},{\"@type\":\"Organization\",\"@id\":\"https:\\\/\\\/unterbaech.ch\\\/fr\\\/#organization\",\"name\":\"Unterb\u00e4ch Tourismus\",\"url\":\"https:\\\/\\\/unterbaech.ch\\\/fr\\\/\",\"logo\":{\"@type\":\"ImageObject\",\"inLanguage\":\"fr-FR\",\"@id\":\"https:\\\/\\\/unterbaech.ch\\\/fr\\\/#\\\/schema\\\/logo\\\/image\\\/\",\"url\":\"https:\\\/\\\/unterbaech.ch\\\/wp-content\\\/uploads\\\/Logo-1.png\",\"contentUrl\":\"https:\\\/\\\/unterbaech.ch\\\/wp-content\\\/uploads\\\/Logo-1.png\",\"width\":1125,\"height\":1102,\"caption\":\"Unterb\u00e4ch Tourismus\"},\"image\":{\"@id\":\"https:\\\/\\\/unterbaech.ch\\\/fr\\\/#\\\/schema\\\/logo\\\/image\\\/\"},\"sameAs\":[\"https:\\\/\\\/www.facebook.com\\\/unterbaech\",\"https:\\\/\\\/www.instagram.com\\\/visit.unterbaech\\\/\",\"https:\\\/\\\/de.wikipedia.org\\\/wiki\\\/Unterb\u00e4ch\"]}]}<\/script>\n<!-- \/ Yoast SEO plugin. -->","yoast_head_json":{"title":"FAQs - Unterb\u00e4ch","robots":{"index":"index","follow":"follow","max-snippet":"max-snippet:-1","max-image-preview":"max-image-preview:large","max-video-preview":"max-video-preview:-1"},"canonical":"https:\/\/unterbaech.ch\/fr\/remontees-mecaniques-de-sport\/faqs\/","og_locale":"fr_FR","og_type":"article","og_title":"FAQs - Unterb\u00e4ch","og_url":"https:\/\/unterbaech.ch\/fr\/remontees-mecaniques-de-sport\/faqs\/","og_site_name":"Unterb\u00e4ch","article_publisher":"https:\/\/www.facebook.com\/unterbaech","twitter_card":"summary_large_image","twitter_misc":{"Dur\u00e9e de lecture estim\u00e9e":"4 minutes"},"schema":{"@context":"https:\/\/schema.org","@graph":[{"@type":"WebPage","@id":"https:\/\/unterbaech.ch\/fr\/remontees-mecaniques-de-sport\/faqs\/","url":"https:\/\/unterbaech.ch\/fr\/remontees-mecaniques-de-sport\/faqs\/","name":"FAQs - Unterb\u00e4ch","isPartOf":{"@id":"https:\/\/unterbaech.ch\/fr\/#website"},"datePublished":"2022-05-12T11:22:51+00:00","breadcrumb":{"@id":"https:\/\/unterbaech.ch\/fr\/remontees-mecaniques-de-sport\/faqs\/#breadcrumb"},"inLanguage":"fr-FR","potentialAction":[{"@type":"ReadAction","target":["https:\/\/unterbaech.ch\/fr\/remontees-mecaniques-de-sport\/faqs\/"]}]},{"@type":"BreadcrumbList","@id":"https:\/\/unterbaech.ch\/fr\/remontees-mecaniques-de-sport\/faqs\/#breadcrumb","itemListElement":[{"@type":"ListItem","position":1,"name":"Startseite","item":"https:\/\/unterbaech.ch\/fr\/accueil\/"},{"@type":"ListItem","position":2,"name":"FAQs"}]},{"@type":"WebSite","@id":"https:\/\/unterbaech.ch\/fr\/#website","url":"https:\/\/unterbaech.ch\/fr\/","name":"Unterb\u00e4ch","description":"","publisher":{"@id":"https:\/\/unterbaech.ch\/fr\/#organization"},"potentialAction":[{"@type":"SearchAction","target":{"@type":"EntryPoint","urlTemplate":"https:\/\/unterbaech.ch\/fr\/?s={search_term_string}"},"query-input":{"@type":"PropertyValueSpecification","valueRequired":true,"valueName":"search_term_string"}}],"inLanguage":"fr-FR"},{"@type":"Organization","@id":"https:\/\/unterbaech.ch\/fr\/#organization","name":"Unterb\u00e4ch Tourismus","url":"https:\/\/unterbaech.ch\/fr\/","logo":{"@type":"ImageObject","inLanguage":"fr-FR","@id":"https:\/\/unterbaech.ch\/fr\/#\/schema\/logo\/image\/","url":"https:\/\/unterbaech.ch\/wp-content\/uploads\/Logo-1.png","contentUrl":"https:\/\/unterbaech.ch\/wp-content\/uploads\/Logo-1.png","width":1125,"height":1102,"caption":"Unterb\u00e4ch Tourismus"},"image":{"@id":"https:\/\/unterbaech.ch\/fr\/#\/schema\/logo\/image\/"},"sameAs":["https:\/\/www.facebook.com\/unterbaech","https:\/\/www.instagram.com\/visit.unterbaech\/","https:\/\/de.wikipedia.org\/wiki\/Unterb\u00e4ch"]}]}},"_links":{"self":[{"href":"https:\/\/unterbaech.ch\/fr\/wp-json\/wp\/v2\/pages\/15899","targetHints":{"allow":["GET"]}}],"collection":[{"href":"https:\/\/unterbaech.ch\/fr\/wp-json\/wp\/v2\/pages"}],"about":[{"href":"https:\/\/unterbaech.ch\/fr\/wp-json\/wp\/v2\/types\/page"}],"author":[{"embeddable":true,"href":"https:\/\/unterbaech.ch\/fr\/wp-json\/wp\/v2\/users\/9"}],"replies":[{"embeddable":true,"href":"https:\/\/unterbaech.ch\/fr\/wp-json\/wp\/v2\/comments?post=15899"}],"version-history":[{"count":0,"href":"https:\/\/unterbaech.ch\/fr\/wp-json\/wp\/v2\/pages\/15899\/revisions"}],"up":[{"embeddable":true,"href":"https:\/\/unterbaech.ch\/fr\/wp-json\/wp\/v2\/pages\/15925"}],"wp:attachment":[{"href":"https:\/\/unterbaech.ch\/fr\/wp-json\/wp\/v2\/media?parent=15899"}],"curies":[{"name":"wp","href":"https:\/\/api.w.org\/{rel}","templated":true}]}}