{"id":15997,"date":"2022-05-13T14:39:52","date_gmt":"2022-05-13T12:39:52","guid":{"rendered":"https:\/\/unterbaech.ch\/lassociation-touristique-dunterbaech\/concept-de-protection-corona\/"},"modified":"2022-05-13T14:39:53","modified_gmt":"2022-05-13T12:39:53","slug":"concept-de-protection-corona","status":"publish","type":"page","link":"https:\/\/unterbaech.ch\/fr\/lassociation-touristique-dunterbaech\/concept-de-protection-corona\/","title":{"rendered":"Concept de protection Corona"},"content":{"rendered":"\n<style type=\"text\/css\" data-created_by=\"avia_inline_auto\" id=\"style-css-av-kbax8y3e-d2a773b4aa893b423081a89fb1d5d6f7\">\n.avia-section.av-kbax8y3e-d2a773b4aa893b423081a89fb1d5d6f7 .av-parallax .av-parallax-inner{\nbackground-repeat:no-repeat;\nbackground-image:url(https:\/\/unterbaech.ch\/wp-content\/uploads\/2020\/07\/DSC05511-1500x430.jpg);\nbackground-position:50% 50%;\nbackground-attachment:scroll;\n}\n<\/style>\n<div id='av_section_1'  class='avia-section av-kbax8y3e-d2a773b4aa893b423081a89fb1d5d6f7 main_color avia-section-default avia-no-border-styling  avia-builder-el-0  el_before_av_section  avia-builder-el-first  section-fullwidthimage avia-full-stretch av-parallax-section avia-bg-style-parallax av-minimum-height av-minimum-height-50 av-height-50  container_wrap fullsize'  data-section-bg-repeat='stretch' data-av_minimum_height_pc='50' data-av_min_height_opt='50'><div class='av-parallax' data-avia-parallax-ratio='0.3' ><div class='av-parallax-inner main_color avia-full-stretch'><\/div><\/div><div class='container av-section-cont-open' ><main  role=\"main\" itemprop=\"mainContentOfPage\"  class='template-page content  av-content-full alpha units'><div class='post-entry post-entry-type-page post-entry-15997'><div class='entry-content-wrapper clearfix'>\n<\/div><\/div><\/main><!-- close content main element --><\/div><\/div><div id='av_section_2'  class='avia-section av-1n2h9-eef07d2470a934665895b572bc96122f main_color avia-section-default avia-no-border-styling  avia-builder-el-1  el_after_av_section  el_before_av_section  section-leadtext onecol avia-bg-style-scroll container_wrap fullsize'  ><div class='container av-section-cont-open' ><div class='template-page content  av-content-full alpha units'><div class='post-entry post-entry-type-page post-entry-15997'><div class='entry-content-wrapper clearfix'>\n<section  class='av_textblock_section av-kbawhdx8-d06beca92eb518f06cbc493fe9f758bf '   itemscope=\"itemscope\" itemtype=\"https:\/\/schema.org\/CreativeWork\" ><div class='avia_textblock'  itemprop=\"text\" ><p style=\"text-align: center;\"><strong>RAPIDEMENT ET FACILEMENT INFORM\u00c9<br \/>\n<\/strong><\/p>\n<h3 style=\"text-align: center;\">TOUTES LES MESURES<\/h3>\n<p style=\"text-align: center;\">Depuis le 17 f\u00e9vrier 2022, toutes les mesures sanitaires \u00e0 l&rsquo;entr\u00e9e en Suisse ont \u00e9t\u00e9 lev\u00e9es.<br \/>\nLors de la conf\u00e9rence de presse du 30 mars 2022, le conseil f\u00e9d\u00e9ral a annonc\u00e9 la lev\u00e9e des mesures restantes depuis le vendredi 1er avril 2022.<\/p>\n<\/div><\/section>\n<\/div><\/div><\/div><!-- close content main div --><\/div><\/div>\n<style type=\"text\/css\" data-created_by=\"avia_inline_auto\" id=\"style-css-av-kbax8y3e-6-7a333ec12260e766a2000092ee36997c\">\n.avia-section.av-kbax8y3e-6-7a333ec12260e766a2000092ee36997c .av-parallax .av-parallax-inner{\nbackground-repeat:no-repeat;\nbackground-image:url(https:\/\/unterbaech.ch\/wp-content\/uploads\/2020\/07\/DSC05728-1619x1080.jpg);\nbackground-position:50% 50%;\nbackground-attachment:scroll;\n}\n<\/style>\n<div id='av_section_3'  class='avia-section av-kbax8y3e-6-7a333ec12260e766a2000092ee36997c main_color avia-section-default avia-no-border-styling  avia-builder-el-3  el_after_av_section  el_before_av_section  section-tip avia-full-stretch av-parallax-section avia-bg-style-parallax av-minimum-height av-minimum-height-100 av-height-100  container_wrap fullsize'  data-section-bg-repeat='stretch' data-av_minimum_height_pc='100' data-av_min_height_opt='100'><div class='av-parallax' data-avia-parallax-ratio='0.3' ><div class='av-parallax-inner main_color avia-full-stretch'><\/div><\/div><div class='container av-section-cont-open' ><div class='template-page content  av-content-full alpha units'><div class='post-entry post-entry-type-page post-entry-15997'><div class='entry-content-wrapper clearfix'>\n\n<style type=\"text\/css\" data-created_by=\"avia_inline_auto\" id=\"style-css-av-kbcj4u58-528702b2ac0e8486eaaf9cf9ec2ab7b8\">\n#top .hr.hr-invisible.av-kbcj4u58-528702b2ac0e8486eaaf9cf9ec2ab7b8{\nheight:400px;\n}\n<\/style>\n<div  class='hr av-kbcj4u58-528702b2ac0e8486eaaf9cf9ec2ab7b8 hr-invisible  avia-builder-el-4  el_before_av_one_half  avia-builder-el-first '><span class='hr-inner '><span class=\"hr-inner-style\"><\/span><\/span><\/div>\n<div class='flex_column_table av-kbcj1bss-2a3bc2edaf934878f272e15e690e2c59 sc-av_one_half av-equal-height-column-flextable'>\n<style type=\"text\/css\" data-created_by=\"avia_inline_auto\" id=\"style-css-av-kbcj1bss-2a3bc2edaf934878f272e15e690e2c59\">\n.flex_column.av-kbcj1bss-2a3bc2edaf934878f272e15e690e2c59{\nborder-radius:0px 0px 0px 0px;\npadding:0px 0px 0px 0px;\n}\n<\/style>\n<div  class='flex_column av-kbcj1bss-2a3bc2edaf934878f272e15e690e2c59 av_one_half  avia-builder-el-5  el_after_av_hr  el_before_av_one_half  first no_margin flex_column_table_cell av-equal-height-column av-align-top av-zero-column-padding  '     ><\/div>\n<style type=\"text\/css\" data-created_by=\"avia_inline_auto\" id=\"style-css-av-kbcj1bss-4-c65da7b9c61e9e8d97b0f396297c40a4\">\n.flex_column.av-kbcj1bss-4-c65da7b9c61e9e8d97b0f396297c40a4{\nborder-radius:0px 0px 0px 0px;\npadding:30px 30px 30px 30px;\nbackground-color:#ffffff;\n}\n<\/style>\n<div  class='flex_column av-kbcj1bss-4-c65da7b9c61e9e8d97b0f396297c40a4 av_one_half  avia-builder-el-6  el_after_av_one_half  avia-builder-el-last  no_margin flex_column_table_cell av-equal-height-column av-align-top  '     ><section  class='av_textblock_section av-kbawhdx8-5-653c5d9b3eb56c8015af6015648227bb '   itemscope=\"itemscope\" itemtype=\"https:\/\/schema.org\/CreativeWork\" ><div class='avia_textblock'  itemprop=\"text\" ><p class=\"tabtitle\" style=\"text-align: right;\"><em>Tip<\/em><\/p>\n<h3 style=\"text-align: center;\">CE QUE DISENT L&rsquo;ETAT ET LE CANTON<\/h3>\n<p style=\"text-align: center;\">D\u00e9couvrez ici toutes les informations sur le Covid-19 de l&rsquo;Office f\u00e9d\u00e9ral de la sant\u00e9 publique (OFSP) et du canton du Valais.<\/p>\n<\/div><\/section><br \/>\n<div  class='avia-button-wrap av-kbawx3il-42d9c017235ad7a9af1246d0d2b4f51e-wrap avia-button-center  avia-builder-el-8  el_after_av_textblock  el_before_av_button '><a href='https:\/\/www.bag.admin.ch\/bag\/de\/home\/krankheiten\/ausbrueche-epidemien-pandemien\/aktuelle-ausbrueche-epidemien\/novel-cov\/massnahmen-des-bundes.html'  class='avia-button av-kbawx3il-42d9c017235ad7a9af1246d0d2b4f51e av-link-btn avia-icon_select-no avia-size-small avia-position-center avia-color-theme-color'  target=\"_blank\"  rel=\"noopener noreferrer\"  aria-label=\"l\u2019Office f\u00e9d\u00e9ral\"><span class='avia_iconbox_title' >l\u2019Office f\u00e9d\u00e9ral<\/span><\/a><\/div><br \/>\n<div  class='avia-button-wrap av-kbawx3il-3-46e77ac0c137aa01f6a45ecf9bbe18bc-wrap avia-button-center  avia-builder-el-9  el_after_av_button  el_before_av_button '><a href='https:\/\/www.vs.ch\/de\/web\/coronavirus'  class='avia-button av-kbawx3il-3-46e77ac0c137aa01f6a45ecf9bbe18bc av-link-btn avia-icon_select-no avia-size-small avia-position-center avia-color-theme-color'  target=\"_blank\"  rel=\"noopener noreferrer\"  aria-label=\"Canton du Valais\"><span class='avia_iconbox_title' >Canton du Valais<\/span><\/a><\/div><br \/>\n<div  class='avia-button-wrap av-kwqevzlf-3c3a2c5bf903bd449ecada66bffc1620-wrap avia-button-center  avia-builder-el-10  el_after_av_button  avia-builder-el-last '><a href='https:\/\/gemeinde.unterbaech.ch\/corona'  class='avia-button av-kwqevzlf-3c3a2c5bf903bd449ecada66bffc1620 av-link-btn avia-icon_select-no avia-size-small avia-position-center avia-color-theme-color'  target=\"_blank\"  rel=\"noopener noreferrer\"  aria-label=\"Communiqu\u00e9s de presse\"><span class='avia_iconbox_title' >Communiqu\u00e9s de presse<\/span><\/a><\/div><\/p><\/div><\/div><!--close column table wrapper. Autoclose: 1 -->\n<\/p>\n<\/div><\/div><\/div><!-- close content main div --><\/div><\/div><div id='av_section_4'  class='avia-section av-2ozu1-d0416f96d23280b881dcadfb59c1e2de main_color avia-section-default avia-no-border-styling  avia-builder-el-11  el_after_av_section  avia-builder-el-last  section-leadtext image avia-bg-style-scroll container_wrap fullsize'  ><div class='container av-section-cont-open' ><div class='template-page content  av-content-full alpha units'><div class='post-entry post-entry-type-page post-entry-15997'><div class='entry-content-wrapper clearfix'>\n<div class='flex_column_table av-3z81-f10b1524d109005ce059068763d09583 sc-av_one_half av-break-at-tablet-flextable av-equal-height-column-flextable'>\n<style type=\"text\/css\" data-created_by=\"avia_inline_auto\" id=\"style-css-av-3z81-f10b1524d109005ce059068763d09583\">\n.flex_column.av-3z81-f10b1524d109005ce059068763d09583{\nborder-radius:0px 0px 0px 0px;\npadding:0px 0px 0px 0px;\n}\n<\/style>\n<div  class='flex_column av-3z81-f10b1524d109005ce059068763d09583 av_one_half  avia-builder-el-12  el_before_av_one_half  avia-builder-el-first  first av-break-at-tablet flex_column_table_cell av-equal-height-column av-align-top av-zero-column-padding  '     ><p><section  class='av_textblock_section av-jwhniv6n-d25d6251359a2c3d30db561540a2da0b '   itemscope=\"itemscope\" itemtype=\"https:\/\/schema.org\/CreativeWork\" ><div class='avia_textblock'  itemprop=\"text\" ><p><strong>SYMPT\u00d4MES PENDANT LES VACANCES<\/strong><\/p>\n<h2>CENTRES DE TEST DANS LE HAUT-VALAIS<\/h2>\n<\/div><\/section><br \/>\n<section  class='av_textblock_section av-jwhniv6n-1-6329d12566457230a6e17183746cc513 '   itemscope=\"itemscope\" itemtype=\"https:\/\/schema.org\/CreativeWork\" ><div class='avia_textblock lead'  itemprop=\"text\" ><p>Le centre de test Covid-19 le plus proche se trouve au h\u00f4spital du valais \u00e0 Vi\u00e8ge (\u00e0 environ 30 minutes en voiture d&rsquo;Unterb\u00e4ch).<br \/>\nConvenez d&rsquo;un rendez-vous en ligne au pr\u00e9alable.<\/p>\n<\/div><\/section><br \/>\n<div  class='avia-button-wrap av-kbamxyjq-31356c2b0634479ede651174769f6e5c-wrap avia-button-left  avia-builder-el-15  el_after_av_textblock  el_before_av_button '><a href='https:\/\/www.hopitalduvalais.ch\/de\/coronavirus-covid-19-neuigkeiten-und-informationen\/covid-19-tests.html'  class='avia-button av-kbamxyjq-31356c2b0634479ede651174769f6e5c av-link-btn avia-icon_select-no avia-size-small avia-position-left avia-color-theme-color'  target=\"_blank\"  rel=\"noopener noreferrer\"  aria-label=\"H\u00f4spital du valais\"><span class='avia_iconbox_title' >H\u00f4spital du valais<\/span><\/a><\/div><br \/>\n<div  class='avia-button-wrap av-kwqey6wc-73b13f2f445c62415b8c3a54529729fd-wrap avia-button-left  avia-builder-el-16  el_after_av_button  avia-builder-el-last '><a href='https:\/\/www.vs.ch\/de\/web\/coronavirus\/#ancre_test'  class='avia-button av-kwqey6wc-73b13f2f445c62415b8c3a54529729fd av-link-btn avia-icon_select-no avia-size-small avia-position-left avia-color-theme-color'  target=\"_blank\"  rel=\"noopener noreferrer\"  aria-label=\"Plus de centres\"><span class='avia_iconbox_title' >Plus de centres<\/span><\/a><\/div><\/p><\/div><div class='av-flex-placeholder'><\/div>\n<style type=\"text\/css\" data-created_by=\"avia_inline_auto\" id=\"style-css-av-3z81-2-a294acc65335c06ac874f4d49e1e1b55\">\n.flex_column.av-3z81-2-a294acc65335c06ac874f4d49e1e1b55{\nborder-radius:0px 0px 0px 0px;\npadding:0px 0px 0px 0px;\n}\n<\/style>\n<div  class='flex_column av-3z81-2-a294acc65335c06ac874f4d49e1e1b55 av_one_half  avia-builder-el-17  el_after_av_one_half  avia-builder-el-last  image av-break-at-tablet flex_column_table_cell av-equal-height-column av-align-top av-zero-column-padding avia-full-stretch  '     ><style type=\"text\/css\" data-created_by=\"avia_inline_auto\" id=\"style-css-av-kbccxasc-f094079a5ded67f26c5d295f5d404c58\">\n.avia-image-container.av-kbccxasc-f094079a5ded67f26c5d295f5d404c58 img.avia_image{\nbox-shadow:none;\n}\n.avia-image-container.av-kbccxasc-f094079a5ded67f26c5d295f5d404c58 .av-image-caption-overlay-center{\ncolor:#ffffff;\n}\n<\/style>\n<div  class='avia-image-container av-kbccxasc-f094079a5ded67f26c5d295f5d404c58 av-styling- avia-align-center  avia-builder-el-18  avia-builder-el-no-sibling '   itemprop=\"image\" itemscope=\"itemscope\" itemtype=\"https:\/\/schema.org\/ImageObject\" ><div class=\"avia-image-container-inner\"><div class=\"avia-image-overlay-wrap\"><img decoding=\"async\" loading=\"lazy\" class='wp-image-11718 avia-img-lazy-loading-11718 avia_image ' src=\"https:\/\/unterbaech.ch\/wp-content\/uploads\/SymptomeCovid-475x475.jpg\" alt='' title='SymptomeCovid'  height=\"475\" width=\"475\"  itemprop=\"thumbnailUrl\" srcset=\"https:\/\/unterbaech.ch\/wp-content\/uploads\/SymptomeCovid-475x475.jpg 475w, https:\/\/unterbaech.ch\/wp-content\/uploads\/SymptomeCovid-80x80.jpg 80w, https:\/\/unterbaech.ch\/wp-content\/uploads\/SymptomeCovid-36x36.jpg 36w\" sizes=\"auto, (max-width: 475px) 100vw, 475px\" \/><\/div><\/div><\/div><\/div><\/div><!--close column table wrapper. Autoclose: 1 -->\n\n","protected":false},"excerpt":{"rendered":"","protected":false},"author":8,"featured_media":0,"parent":14485,"menu_order":0,"comment_status":"closed","ping_status":"closed","template":"","meta":{"inline_featured_image":false,"footnotes":""},"class_list":["post-15997","page","type-page","status-publish","hentry"],"yoast_head":"<!-- This site is optimized with the Yoast SEO plugin v27.4 - https:\/\/yoast.com\/product\/yoast-seo-wordpress\/ -->\n<title>Concept de protection Corona - Unterb\u00e4ch<\/title>\n<meta name=\"description\" content=\"Die Sportbahnen Unterb\u00e4ch AG betreibt f\u00fcnf Anlagen im Gebiet Unterb\u00e4ch-Ginals. Sommer wie Winter bringen wir unsere G\u00e4ste sicher und bequem in die Walliser Bergwelt.\" \/>\n<meta name=\"robots\" content=\"index, follow, max-snippet:-1, max-image-preview:large, max-video-preview:-1\" \/>\n<link rel=\"canonical\" href=\"https:\/\/unterbaech.ch\/fr\/lassociation-touristique-dunterbaech\/concept-de-protection-corona\/\" \/>\n<meta property=\"og:locale\" content=\"fr_FR\" \/>\n<meta property=\"og:type\" content=\"article\" \/>\n<meta property=\"og:title\" content=\"Concept de protection Corona - Unterb\u00e4ch\" \/>\n<meta property=\"og:description\" content=\"Die Sportbahnen Unterb\u00e4ch AG betreibt f\u00fcnf Anlagen im Gebiet Unterb\u00e4ch-Ginals. Sommer wie Winter bringen wir unsere G\u00e4ste sicher und bequem in die Walliser Bergwelt.\" \/>\n<meta property=\"og:url\" content=\"https:\/\/unterbaech.ch\/fr\/lassociation-touristique-dunterbaech\/concept-de-protection-corona\/\" \/>\n<meta property=\"og:site_name\" content=\"Unterb\u00e4ch\" \/>\n<meta property=\"article:publisher\" content=\"https:\/\/www.facebook.com\/unterbaech\" \/>\n<meta property=\"article:modified_time\" content=\"2022-05-13T12:39:53+00:00\" \/>\n<meta name=\"twitter:card\" content=\"summary_large_image\" \/>\n<meta name=\"twitter:label1\" content=\"Dur\u00e9e de lecture estim\u00e9e\" \/>\n\t<meta name=\"twitter:data1\" content=\"12 minutes\" \/>\n<script type=\"application\/ld+json\" class=\"yoast-schema-graph\">{\"@context\":\"https:\\\/\\\/schema.org\",\"@graph\":[{\"@type\":\"WebPage\",\"@id\":\"https:\\\/\\\/unterbaech.ch\\\/fr\\\/lassociation-touristique-dunterbaech\\\/concept-de-protection-corona\\\/\",\"url\":\"https:\\\/\\\/unterbaech.ch\\\/fr\\\/lassociation-touristique-dunterbaech\\\/concept-de-protection-corona\\\/\",\"name\":\"Concept de protection Corona - Unterb\u00e4ch\",\"isPartOf\":{\"@id\":\"https:\\\/\\\/unterbaech.ch\\\/fr\\\/#website\"},\"datePublished\":\"2022-05-13T12:39:52+00:00\",\"dateModified\":\"2022-05-13T12:39:53+00:00\",\"description\":\"Die Sportbahnen Unterb\u00e4ch AG betreibt f\u00fcnf Anlagen im Gebiet Unterb\u00e4ch-Ginals. Sommer wie Winter bringen wir unsere G\u00e4ste sicher und bequem in die Walliser Bergwelt.\",\"breadcrumb\":{\"@id\":\"https:\\\/\\\/unterbaech.ch\\\/fr\\\/lassociation-touristique-dunterbaech\\\/concept-de-protection-corona\\\/#breadcrumb\"},\"inLanguage\":\"fr-FR\",\"potentialAction\":[{\"@type\":\"ReadAction\",\"target\":[\"https:\\\/\\\/unterbaech.ch\\\/fr\\\/lassociation-touristique-dunterbaech\\\/concept-de-protection-corona\\\/\"]}]},{\"@type\":\"BreadcrumbList\",\"@id\":\"https:\\\/\\\/unterbaech.ch\\\/fr\\\/lassociation-touristique-dunterbaech\\\/concept-de-protection-corona\\\/#breadcrumb\",\"itemListElement\":[{\"@type\":\"ListItem\",\"position\":1,\"name\":\"Startseite\",\"item\":\"https:\\\/\\\/unterbaech.ch\\\/fr\\\/accueil\\\/\"},{\"@type\":\"ListItem\",\"position\":2,\"name\":\"L&#8217;association touristique d&#8217;Unterb\u00e4ch\",\"item\":\"https:\\\/\\\/unterbaech.ch\\\/fr\\\/lassociation-touristique-dunterbaech\\\/\"},{\"@type\":\"ListItem\",\"position\":3,\"name\":\"Concept de protection Corona\"}]},{\"@type\":\"WebSite\",\"@id\":\"https:\\\/\\\/unterbaech.ch\\\/fr\\\/#website\",\"url\":\"https:\\\/\\\/unterbaech.ch\\\/fr\\\/\",\"name\":\"Unterb\u00e4ch\",\"description\":\"\",\"publisher\":{\"@id\":\"https:\\\/\\\/unterbaech.ch\\\/fr\\\/#organization\"},\"potentialAction\":[{\"@type\":\"SearchAction\",\"target\":{\"@type\":\"EntryPoint\",\"urlTemplate\":\"https:\\\/\\\/unterbaech.ch\\\/fr\\\/?s={search_term_string}\"},\"query-input\":{\"@type\":\"PropertyValueSpecification\",\"valueRequired\":true,\"valueName\":\"search_term_string\"}}],\"inLanguage\":\"fr-FR\"},{\"@type\":\"Organization\",\"@id\":\"https:\\\/\\\/unterbaech.ch\\\/fr\\\/#organization\",\"name\":\"Unterb\u00e4ch Tourismus\",\"url\":\"https:\\\/\\\/unterbaech.ch\\\/fr\\\/\",\"logo\":{\"@type\":\"ImageObject\",\"inLanguage\":\"fr-FR\",\"@id\":\"https:\\\/\\\/unterbaech.ch\\\/fr\\\/#\\\/schema\\\/logo\\\/image\\\/\",\"url\":\"https:\\\/\\\/unterbaech.ch\\\/wp-content\\\/uploads\\\/Logo-1.png\",\"contentUrl\":\"https:\\\/\\\/unterbaech.ch\\\/wp-content\\\/uploads\\\/Logo-1.png\",\"width\":1125,\"height\":1102,\"caption\":\"Unterb\u00e4ch Tourismus\"},\"image\":{\"@id\":\"https:\\\/\\\/unterbaech.ch\\\/fr\\\/#\\\/schema\\\/logo\\\/image\\\/\"},\"sameAs\":[\"https:\\\/\\\/www.facebook.com\\\/unterbaech\",\"https:\\\/\\\/www.instagram.com\\\/visit.unterbaech\\\/\",\"https:\\\/\\\/de.wikipedia.org\\\/wiki\\\/Unterb\u00e4ch\"]}]}<\/script>\n<!-- \/ Yoast SEO plugin. -->","yoast_head_json":{"title":"Concept de protection Corona - Unterb\u00e4ch","description":"Die Sportbahnen Unterb\u00e4ch AG betreibt f\u00fcnf Anlagen im Gebiet Unterb\u00e4ch-Ginals. Sommer wie Winter bringen wir unsere G\u00e4ste sicher und bequem in die Walliser Bergwelt.","robots":{"index":"index","follow":"follow","max-snippet":"max-snippet:-1","max-image-preview":"max-image-preview:large","max-video-preview":"max-video-preview:-1"},"canonical":"https:\/\/unterbaech.ch\/fr\/lassociation-touristique-dunterbaech\/concept-de-protection-corona\/","og_locale":"fr_FR","og_type":"article","og_title":"Concept de protection Corona - Unterb\u00e4ch","og_description":"Die Sportbahnen Unterb\u00e4ch AG betreibt f\u00fcnf Anlagen im Gebiet Unterb\u00e4ch-Ginals. Sommer wie Winter bringen wir unsere G\u00e4ste sicher und bequem in die Walliser Bergwelt.","og_url":"https:\/\/unterbaech.ch\/fr\/lassociation-touristique-dunterbaech\/concept-de-protection-corona\/","og_site_name":"Unterb\u00e4ch","article_publisher":"https:\/\/www.facebook.com\/unterbaech","article_modified_time":"2022-05-13T12:39:53+00:00","twitter_card":"summary_large_image","twitter_misc":{"Dur\u00e9e de lecture estim\u00e9e":"12 minutes"},"schema":{"@context":"https:\/\/schema.org","@graph":[{"@type":"WebPage","@id":"https:\/\/unterbaech.ch\/fr\/lassociation-touristique-dunterbaech\/concept-de-protection-corona\/","url":"https:\/\/unterbaech.ch\/fr\/lassociation-touristique-dunterbaech\/concept-de-protection-corona\/","name":"Concept de protection Corona - Unterb\u00e4ch","isPartOf":{"@id":"https:\/\/unterbaech.ch\/fr\/#website"},"datePublished":"2022-05-13T12:39:52+00:00","dateModified":"2022-05-13T12:39:53+00:00","description":"Die Sportbahnen Unterb\u00e4ch AG betreibt f\u00fcnf Anlagen im Gebiet Unterb\u00e4ch-Ginals. Sommer wie Winter bringen wir unsere G\u00e4ste sicher und bequem in die Walliser Bergwelt.","breadcrumb":{"@id":"https:\/\/unterbaech.ch\/fr\/lassociation-touristique-dunterbaech\/concept-de-protection-corona\/#breadcrumb"},"inLanguage":"fr-FR","potentialAction":[{"@type":"ReadAction","target":["https:\/\/unterbaech.ch\/fr\/lassociation-touristique-dunterbaech\/concept-de-protection-corona\/"]}]},{"@type":"BreadcrumbList","@id":"https:\/\/unterbaech.ch\/fr\/lassociation-touristique-dunterbaech\/concept-de-protection-corona\/#breadcrumb","itemListElement":[{"@type":"ListItem","position":1,"name":"Startseite","item":"https:\/\/unterbaech.ch\/fr\/accueil\/"},{"@type":"ListItem","position":2,"name":"L&#8217;association touristique d&#8217;Unterb\u00e4ch","item":"https:\/\/unterbaech.ch\/fr\/lassociation-touristique-dunterbaech\/"},{"@type":"ListItem","position":3,"name":"Concept de protection Corona"}]},{"@type":"WebSite","@id":"https:\/\/unterbaech.ch\/fr\/#website","url":"https:\/\/unterbaech.ch\/fr\/","name":"Unterb\u00e4ch","description":"","publisher":{"@id":"https:\/\/unterbaech.ch\/fr\/#organization"},"potentialAction":[{"@type":"SearchAction","target":{"@type":"EntryPoint","urlTemplate":"https:\/\/unterbaech.ch\/fr\/?s={search_term_string}"},"query-input":{"@type":"PropertyValueSpecification","valueRequired":true,"valueName":"search_term_string"}}],"inLanguage":"fr-FR"},{"@type":"Organization","@id":"https:\/\/unterbaech.ch\/fr\/#organization","name":"Unterb\u00e4ch Tourismus","url":"https:\/\/unterbaech.ch\/fr\/","logo":{"@type":"ImageObject","inLanguage":"fr-FR","@id":"https:\/\/unterbaech.ch\/fr\/#\/schema\/logo\/image\/","url":"https:\/\/unterbaech.ch\/wp-content\/uploads\/Logo-1.png","contentUrl":"https:\/\/unterbaech.ch\/wp-content\/uploads\/Logo-1.png","width":1125,"height":1102,"caption":"Unterb\u00e4ch Tourismus"},"image":{"@id":"https:\/\/unterbaech.ch\/fr\/#\/schema\/logo\/image\/"},"sameAs":["https:\/\/www.facebook.com\/unterbaech","https:\/\/www.instagram.com\/visit.unterbaech\/","https:\/\/de.wikipedia.org\/wiki\/Unterb\u00e4ch"]}]}},"_links":{"self":[{"href":"https:\/\/unterbaech.ch\/fr\/wp-json\/wp\/v2\/pages\/15997","targetHints":{"allow":["GET"]}}],"collection":[{"href":"https:\/\/unterbaech.ch\/fr\/wp-json\/wp\/v2\/pages"}],"about":[{"href":"https:\/\/unterbaech.ch\/fr\/wp-json\/wp\/v2\/types\/page"}],"author":[{"embeddable":true,"href":"https:\/\/unterbaech.ch\/fr\/wp-json\/wp\/v2\/users\/8"}],"replies":[{"embeddable":true,"href":"https:\/\/unterbaech.ch\/fr\/wp-json\/wp\/v2\/comments?post=15997"}],"version-history":[{"count":0,"href":"https:\/\/unterbaech.ch\/fr\/wp-json\/wp\/v2\/pages\/15997\/revisions"}],"up":[{"embeddable":true,"href":"https:\/\/unterbaech.ch\/fr\/wp-json\/wp\/v2\/pages\/14485"}],"wp:attachment":[{"href":"https:\/\/unterbaech.ch\/fr\/wp-json\/wp\/v2\/media?parent=15997"}],"curies":[{"name":"wp","href":"https:\/\/api.w.org\/{rel}","templated":true}]}}